{"id":27015,"date":"2026-03-06T13:53:47","date_gmt":"2026-03-06T12:53:47","guid":{"rendered":"https:\/\/calerodiving.com\/advanced-open-water-diver\/"},"modified":"2026-04-15T14:12:46","modified_gmt":"2026-04-15T13:12:46","slug":"buceador-avanzado-aguas-abiertas","status":"publish","type":"page","link":"https:\/\/calerodiving.com\/es\/buceador-avanzado-aguas-abiertas\/","title":{"rendered":"Advanced Open Water Diver"},"content":{"rendered":"\t\t<div data-elementor-type=\"wp-page\" data-elementor-id=\"27015\" class=\"elementor elementor-27015 elementor-26962\" data-elementor-post-type=\"page\">\n\t\t\t\t<div class=\"elementor-element elementor-element-1476940 e-flex e-con-boxed e-con e-parent\" data-id=\"1476940\" data-element_type=\"container\" data-e-type=\"container\">\n\t\t\t\t\t<div class=\"e-con-inner\">\n\t\t<div class=\"elementor-element elementor-element-7831da6 e-con-full e-flex e-con e-child\" data-id=\"7831da6\" data-element_type=\"container\" data-e-type=\"container\">\n\t\t\t\t<div class=\"elementor-element elementor-element-6002560 elementor-widget elementor-widget-image\" data-id=\"6002560\" data-element_type=\"widget\" data-e-type=\"widget\" data-widget_type=\"image.default\">\n\t\t\t\t<div class=\"elementor-widget-container\">\n\t\t\t\t\t\t\t\t\t\t\t\t\t\t\t<img fetchpriority=\"high\" decoding=\"async\" width=\"700\" height=\"445\" src=\"https:\/\/calerodiving.com\/wp-content\/uploads\/2026\/03\/Calero_Diving_Advanced_Open_Water_Diver_course_5871b12716.jpg\" class=\"attachment-large size-large wp-image-26911\" alt=\"\" srcset=\"https:\/\/calerodiving.com\/wp-content\/uploads\/2026\/03\/Calero_Diving_Advanced_Open_Water_Diver_course_5871b12716.jpg 700w, https:\/\/calerodiving.com\/wp-content\/uploads\/2026\/03\/Calero_Diving_Advanced_Open_Water_Diver_course_5871b12716-300x191.jpg 300w\" sizes=\"(max-width: 700px) 100vw, 700px\" \/>\t\t\t\t\t\t\t\t\t\t\t\t\t\t\t<\/div>\n\t\t\t\t<\/div>\n\t\t\t\t<\/div>\n\t\t<div class=\"elementor-element elementor-element-d438362 e-con-full e-flex e-con e-child\" data-id=\"d438362\" data-element_type=\"container\" data-e-type=\"container\">\n\t\t<div class=\"elementor-element elementor-element-87fa662 e-con-full e-flex e-con e-child\" data-id=\"87fa662\" data-element_type=\"container\" data-e-type=\"container\">\n\t\t\t\t<div class=\"elementor-element elementor-element-2d29312 elementor-widget elementor-widget-html\" data-id=\"2d29312\" data-element_type=\"widget\" data-e-type=\"widget\" data-widget_type=\"html.default\">\n\t\t\t\t<div class=\"elementor-widget-container\">\n\t\t\t\t\t<a href=\"https:\/\/calerodiving.com\/es\/cursos-de-buceo-recreativo\/#recreational\" class=\"tag-button\">recreativo<\/a>\n\t\t\t\t<\/div>\n\t\t\t\t<\/div>\n\t\t\t\t<div class=\"elementor-element elementor-element-2dbc1b0 elementor-widget elementor-widget-heading\" data-id=\"2dbc1b0\" data-element_type=\"widget\" data-e-type=\"widget\" data-widget_type=\"heading.default\">\n\t\t\t\t<div class=\"elementor-widget-container\">\n\t\t\t\t\t<h2 class=\"elementor-heading-title elementor-size-default\">SSI Advanced Open Water Diver\n<\/h2>\t\t\t\t<\/div>\n\t\t\t\t<\/div>\n\t\t\t\t<\/div>\n\t\t\t\t<\/div>\n\t\t\t\t\t<\/div>\n\t\t\t\t<\/div>\n\t\t<div class=\"elementor-element elementor-element-2c4c379 e-flex e-con-boxed e-con e-parent\" data-id=\"2c4c379\" data-element_type=\"container\" data-e-type=\"container\">\n\t\t\t\t\t<div class=\"e-con-inner\">\n\t\t<div class=\"elementor-element elementor-element-13544bf e-con-full e-flex e-con e-child\" data-id=\"13544bf\" data-element_type=\"container\" data-e-type=\"container\">\n\t\t<div class=\"elementor-element elementor-element-c6a9ffb e-con-full e-flex e-con e-child\" data-id=\"c6a9ffb\" data-element_type=\"container\" data-e-type=\"container\">\n\t\t\t\t<div class=\"elementor-element elementor-element-5a38ee5 elementor-widget elementor-widget-text-editor\" data-id=\"5a38ee5\" data-element_type=\"widget\" data-e-type=\"widget\" data-widget_type=\"text-editor.default\">\n\t\t\t\t<div class=\"elementor-widget-container\">\n\t\t\t\t\t\t\t\t\t<div class=\"section-list\">\n  <h3>Resumen del programa.<\/h3>\n\n  <p>Si ya tienes tu certificaci\u00f3n Open Water Diver, el curso SSI Advanced Open Water Diver es el siguiente paso perfecto para continuar tu formaci\u00f3n y ganar m\u00e1s experiencia real bajo el agua.<\/p>\n\n  <p>En lugar de elegir directamente una especialidad completa, este curso te permite probar 5 Adventure Dives diferentes para descubrir qu\u00e9 tipo de buceo disfrutas m\u00e1s.<\/p>\n\n  <p>Durante el curso realizar\u00e1s 5 inmersiones bajo la supervisi\u00f3n directa de uno de nuestros instructores.<\/p>\n\n  <p>Dos de estas inmersiones \u2014 Deep Diving y Navigation \u2014 son obligatorias.<\/p>\n\n  <p>Las tres inmersiones restantes se pueden elegir entre una selecci\u00f3n de Adventure Dives disponibles en el centro, incluyendo las siguientes opciones:<\/p>\n\n  <ul>\n    <li>Buceo en pecios<\/li>\n    <li>Buceo desde barco<\/li>\n    <li>Enriched Air Nitrox<\/li>\n    <li>Photo &amp; Video<\/li>\n    <li>Search &amp; Recovery<\/li>\n    <li>Olas, mareas y corrientes<\/li>\n    <li>Identificaci\u00f3n de peces<\/li>\n    <li>Flotabilidad perfecta<\/li>\n  <\/ul>\n\n  <p>Al completar el curso, tus l\u00edmites de profundidad recomendados aumentar\u00e1n de la siguiente manera:<\/p>\n\n  <p>Buceadores mayores de 15 a\u00f1os: 30 m<\/p>\n\n  <p>Ni\u00f1os de 12 a 14 a\u00f1os: 21 m<\/p>\n\n  <p>Este curso te ayudar\u00e1 a ganar confianza, ampliar tu experiencia como buceador y descubrir qu\u00e9 especialidades te gustar\u00eda seguir en el futuro.<\/p>\n\n  <p>El curso Advanced Open Water Diver es una de las mejores formas de ganar experiencia r\u00e1pidamente mientras sigues desarrollando tus habilidades de buceo con gu\u00eda profesional.<\/p>\n\n  <p>Cada Adventure Dive realizado durante este curso puede acreditarse posteriormente para completar la especialidad SSI correspondiente.<\/p>\n\n  <p>Por ejemplo, si realizas la inmersi\u00f3n de Deep Diving durante este curso, m\u00e1s adelante solo necesitar\u00e1s dos inmersiones m\u00e1s para completar la especialidad completa de Deep Diving.<\/p>\n\n  <h3>Duraci\u00f3n<\/h3>\n  <ul>\n    <li>2 d\u00edas<\/li>\n  <\/ul>\n\n  <h3>Incluye<\/h3>\n  <ul>\n    <li>5 inmersiones de formaci\u00f3n<\/li>\n  <\/ul>\n\n  <h3>Requisitos<\/h3>\n  <ul>\n    <li>Certificaci\u00f3n Open Water Diver<\/li>\n  <\/ul>\n\n  <h3>No incluido<\/h3>\n  <ul>\n    <li>Alquiler de c\u00e1mara (si eliges Photo &amp; Video)<\/li>\n    <li>Seguro de buceo<\/li>\n    <li>Alquiler del equipo<\/li>\n  <\/ul>\n\n<h3>Otros cursos que podr\u00edan interesarte<\/h3>\n<ul>\n  <li><a href=\"#\">SSI Advanced Specialty Diver<\/a><\/li>\n  <li><a href=\"#\">Deep Diving<\/a><\/li>\n  <li><a href=\"#\">Enriched Air Nitrox<\/a><\/li>\n  <li><a href=\"#\">Diver Stress and Rescue<\/a><\/li>\n<\/ul>\n\n<\/div>\t\t\t\t\t\t\t\t<\/div>\n\t\t\t\t<\/div>\n\t\t\t\t<\/div>\n\t\t\t\t<\/div>\n\t\t<div class=\"elementor-element elementor-element-c5cb778 e-con-full e-flex e-con e-child\" data-id=\"c5cb778\" data-element_type=\"container\" data-e-type=\"container\">\n\t\t<div class=\"elementor-element elementor-element-e114494 e-con-full course-sidebar-box e-flex e-con e-child\" data-id=\"e114494\" data-element_type=\"container\" data-e-type=\"container\" data-settings=\"{&quot;sticky&quot;:&quot;top&quot;,&quot;sticky_offset&quot;:110,&quot;sticky_effects_offset&quot;:130,&quot;sticky_parent&quot;:&quot;yes&quot;,&quot;sticky_on&quot;:[&quot;desktop&quot;,&quot;tablet&quot;,&quot;mobile&quot;],&quot;sticky_anchor_link_offset&quot;:0}\">\n\t\t\t\t<div class=\"elementor-element elementor-element-6afcb6d elementor-widget elementor-widget-text-editor\" data-id=\"6afcb6d\" data-element_type=\"widget\" data-e-type=\"widget\" data-widget_type=\"text-editor.default\">\n\t\t\t\t<div class=\"elementor-widget-container\">\n\t\t\t\t\t\t\t\t\t<div class=\"courses-info\"><h6 class=\"no-margin\">Duraci\u00f3n:<\/h6><p>2 d\u00edas<\/p><\/div><div class=\"courses-info\"><h6 class=\"no-margin\">Precio:<\/h6><p class=\"no-margin\">Desde 475 \u20ac<\/p><\/div>\t\t\t\t\t\t\t\t<\/div>\n\t\t\t\t<\/div>\n\t\t\t\t<div class=\"elementor-element elementor-element-59f5ac9 elementor-mobile-align-center elementor-widget elementor-widget-button\" data-id=\"59f5ac9\" data-element_type=\"widget\" data-e-type=\"widget\" data-widget_type=\"button.default\">\n\t\t\t\t<div class=\"elementor-widget-container\">\n\t\t\t\t\t\t\t\t\t<div class=\"elementor-button-wrapper\">\n\t\t\t\t\t<a class=\"elementor-button elementor-button-link elementor-size-sm\" href=\"https:\/\/booking.calerodiving.com\/front\/6213b2319a1bbf005fa0b870\/product\/621f9b594db01a005f511146?lang=es\" target=\"_blank\">\n\t\t\t\t\t\t<span class=\"elementor-button-content-wrapper\">\n\t\t\t\t\t\t\t\t\t<span class=\"elementor-button-text\">comprar curso<\/span>\n\t\t\t\t\t<\/span>\n\t\t\t\t\t<\/a>\n\t\t\t\t<\/div>\n\t\t\t\t\t\t\t\t<\/div>\n\t\t\t\t<\/div>\n\t\t\t\t<\/div>\n\t\t\t\t<\/div>\n\t\t\t\t\t<\/div>\n\t\t\t\t<\/div>\n\t\t\t\t<\/div>\n\t\t","protected":false},"excerpt":{"rendered":"<p>recreativo SSI Advanced Open Water Diver Resumen del programa. Si ya tienes tu certificaci\u00f3n Open Water Diver, el curso SSI Advanced Open Water Diver es el siguiente paso perfecto para continuar tu formaci\u00f3n y ganar m\u00e1s experiencia real bajo el agua. En lugar de elegir directamente una especialidad completa, este curso te permite probar 5 [&hellip;]<\/p>\n","protected":false},"author":10,"featured_media":0,"parent":0,"menu_order":0,"comment_status":"closed","ping_status":"closed","template":"","meta":{"_acf_changed":false,"footnotes":""},"class_list":["post-27015","page","type-page","status-publish","hentry"],"acf":[],"yoast_head":"<!-- This site is optimized with the Yoast SEO plugin v27.5 - https:\/\/yoast.com\/product\/yoast-seo-wordpress\/ -->\n<title>Advanced Open Water Diver | Calero Diving Lanzarote<\/title>\n<meta name=\"robots\" content=\"index, follow, max-snippet:-1, max-image-preview:large, max-video-preview:-1\" \/>\n<link rel=\"canonical\" href=\"https:\/\/calerodiving.com\/advanced-open-water-diver\/\" \/>\n<meta property=\"og:locale\" content=\"es_ES\" \/>\n<meta property=\"og:type\" content=\"article\" \/>\n<meta property=\"og:title\" content=\"Advanced Open Water Diver | Calero Diving Lanzarote\" \/>\n<meta property=\"og:description\" content=\"recreativo SSI Advanced Open Water Diver Resumen del programa. Si ya tienes tu certificaci\u00f3n Open Water Diver, el curso SSI Advanced Open Water Diver es el siguiente paso perfecto para continuar tu formaci\u00f3n y ganar m\u00e1s experiencia real bajo el agua. En lugar de elegir directamente una especialidad completa, este curso te permite probar 5 [&hellip;]\" \/>\n<meta property=\"og:url\" content=\"https:\/\/calerodiving.com\/advanced-open-water-diver\/\" \/>\n<meta property=\"og:site_name\" content=\"Calero Diving Lanzarote\" \/>\n<meta property=\"article:publisher\" content=\"https:\/\/www.facebook.com\/calerodiving\/\" \/>\n<meta property=\"article:modified_time\" content=\"2026-04-15T13:12:46+00:00\" \/>\n<meta property=\"og:image\" content=\"https:\/\/calerodiving.com\/wp-content\/uploads\/2026\/03\/Calero_Diving_Advanced_Open_Water_Diver_course_5871b12716.jpg\" \/>\n\t<meta property=\"og:image:width\" content=\"700\" \/>\n\t<meta property=\"og:image:height\" content=\"445\" \/>\n\t<meta property=\"og:image:type\" content=\"image\/jpeg\" \/>\n<meta name=\"twitter:card\" content=\"summary_large_image\" \/>\n<meta name=\"twitter:label1\" content=\"Tiempo de lectura\" \/>\n\t<meta name=\"twitter:data1\" content=\"2 minutos\" \/>\n<script type=\"application\/ld+json\" class=\"yoast-schema-graph\">{\"@context\":\"https:\\\/\\\/schema.org\",\"@graph\":[{\"@type\":\"WebPage\",\"@id\":\"https:\\\/\\\/calerodiving.com\\\/advanced-open-water-diver\\\/\",\"url\":\"https:\\\/\\\/calerodiving.com\\\/advanced-open-water-diver\\\/\",\"name\":\"Advanced Open Water Diver | Calero Diving Lanzarote\",\"isPartOf\":{\"@id\":\"https:\\\/\\\/calerodiving.com\\\/#website\"},\"primaryImageOfPage\":{\"@id\":\"https:\\\/\\\/calerodiving.com\\\/advanced-open-water-diver\\\/#primaryimage\"},\"image\":{\"@id\":\"https:\\\/\\\/calerodiving.com\\\/advanced-open-water-diver\\\/#primaryimage\"},\"thumbnailUrl\":\"https:\\\/\\\/calerodiving.com\\\/wp-content\\\/uploads\\\/2026\\\/03\\\/Calero_Diving_Advanced_Open_Water_Diver_course_5871b12716.jpg\",\"datePublished\":\"2026-03-06T12:53:47+00:00\",\"dateModified\":\"2026-04-15T13:12:46+00:00\",\"breadcrumb\":{\"@id\":\"https:\\\/\\\/calerodiving.com\\\/advanced-open-water-diver\\\/#breadcrumb\"},\"inLanguage\":\"es\",\"potentialAction\":[{\"@type\":\"ReadAction\",\"target\":[\"https:\\\/\\\/calerodiving.com\\\/advanced-open-water-diver\\\/\"]}]},{\"@type\":\"ImageObject\",\"inLanguage\":\"es\",\"@id\":\"https:\\\/\\\/calerodiving.com\\\/advanced-open-water-diver\\\/#primaryimage\",\"url\":\"https:\\\/\\\/calerodiving.com\\\/wp-content\\\/uploads\\\/2026\\\/03\\\/Calero_Diving_Advanced_Open_Water_Diver_course_5871b12716.jpg\",\"contentUrl\":\"https:\\\/\\\/calerodiving.com\\\/wp-content\\\/uploads\\\/2026\\\/03\\\/Calero_Diving_Advanced_Open_Water_Diver_course_5871b12716.jpg\"},{\"@type\":\"BreadcrumbList\",\"@id\":\"https:\\\/\\\/calerodiving.com\\\/advanced-open-water-diver\\\/#breadcrumb\",\"itemListElement\":[{\"@type\":\"ListItem\",\"position\":1,\"name\":\"Home\",\"item\":\"https:\\\/\\\/calerodiving.com\\\/es\\\/\"},{\"@type\":\"ListItem\",\"position\":2,\"name\":\"Advanced Open Water Diver\"}]},{\"@type\":\"WebSite\",\"@id\":\"https:\\\/\\\/calerodiving.com\\\/#website\",\"url\":\"https:\\\/\\\/calerodiving.com\\\/\",\"name\":\"Calero Diving Lanzarote\",\"description\":\"Diving Center Lanzarote\",\"publisher\":{\"@id\":\"https:\\\/\\\/calerodiving.com\\\/#organization\"},\"alternateName\":\"Calero Diving\",\"potentialAction\":[{\"@type\":\"SearchAction\",\"target\":{\"@type\":\"EntryPoint\",\"urlTemplate\":\"https:\\\/\\\/calerodiving.com\\\/?s={search_term_string}\"},\"query-input\":{\"@type\":\"PropertyValueSpecification\",\"valueRequired\":true,\"valueName\":\"search_term_string\"}}],\"inLanguage\":\"es\"},{\"@type\":\"Organization\",\"@id\":\"https:\\\/\\\/calerodiving.com\\\/#organization\",\"name\":\"Calero Diving Lanzarote\",\"alternateName\":\"Calero Diving\",\"url\":\"https:\\\/\\\/calerodiving.com\\\/\",\"logo\":{\"@type\":\"ImageObject\",\"inLanguage\":\"es\",\"@id\":\"https:\\\/\\\/calerodiving.com\\\/#\\\/schema\\\/logo\\\/image\\\/\",\"url\":\"https:\\\/\\\/calerodiving.com\\\/wp-content\\\/uploads\\\/2025\\\/05\\\/Grupo.png\",\"contentUrl\":\"https:\\\/\\\/calerodiving.com\\\/wp-content\\\/uploads\\\/2025\\\/05\\\/Grupo.png\",\"width\":499,\"height\":590,\"caption\":\"Calero Diving Lanzarote\"},\"image\":{\"@id\":\"https:\\\/\\\/calerodiving.com\\\/#\\\/schema\\\/logo\\\/image\\\/\"},\"sameAs\":[\"https:\\\/\\\/www.facebook.com\\\/calerodiving\\\/\",\"https:\\\/\\\/www.instagram.com\\\/calerodiving\\\/\"]}]}<\/script>\n<!-- \/ Yoast SEO plugin. -->","yoast_head_json":{"title":"Advanced Open Water Diver | Calero Diving Lanzarote","robots":{"index":"index","follow":"follow","max-snippet":"max-snippet:-1","max-image-preview":"max-image-preview:large","max-video-preview":"max-video-preview:-1"},"canonical":"https:\/\/calerodiving.com\/advanced-open-water-diver\/","og_locale":"es_ES","og_type":"article","og_title":"Advanced Open Water Diver | Calero Diving Lanzarote","og_description":"recreativo SSI Advanced Open Water Diver Resumen del programa. Si ya tienes tu certificaci\u00f3n Open Water Diver, el curso SSI Advanced Open Water Diver es el siguiente paso perfecto para continuar tu formaci\u00f3n y ganar m\u00e1s experiencia real bajo el agua. En lugar de elegir directamente una especialidad completa, este curso te permite probar 5 [&hellip;]","og_url":"https:\/\/calerodiving.com\/advanced-open-water-diver\/","og_site_name":"Calero Diving Lanzarote","article_publisher":"https:\/\/www.facebook.com\/calerodiving\/","article_modified_time":"2026-04-15T13:12:46+00:00","og_image":[{"width":700,"height":445,"url":"https:\/\/calerodiving.com\/wp-content\/uploads\/2026\/03\/Calero_Diving_Advanced_Open_Water_Diver_course_5871b12716.jpg","type":"image\/jpeg"}],"twitter_card":"summary_large_image","twitter_misc":{"Tiempo de lectura":"2 minutos"},"schema":{"@context":"https:\/\/schema.org","@graph":[{"@type":"WebPage","@id":"https:\/\/calerodiving.com\/advanced-open-water-diver\/","url":"https:\/\/calerodiving.com\/advanced-open-water-diver\/","name":"Advanced Open Water Diver | Calero Diving Lanzarote","isPartOf":{"@id":"https:\/\/calerodiving.com\/#website"},"primaryImageOfPage":{"@id":"https:\/\/calerodiving.com\/advanced-open-water-diver\/#primaryimage"},"image":{"@id":"https:\/\/calerodiving.com\/advanced-open-water-diver\/#primaryimage"},"thumbnailUrl":"https:\/\/calerodiving.com\/wp-content\/uploads\/2026\/03\/Calero_Diving_Advanced_Open_Water_Diver_course_5871b12716.jpg","datePublished":"2026-03-06T12:53:47+00:00","dateModified":"2026-04-15T13:12:46+00:00","breadcrumb":{"@id":"https:\/\/calerodiving.com\/advanced-open-water-diver\/#breadcrumb"},"inLanguage":"es","potentialAction":[{"@type":"ReadAction","target":["https:\/\/calerodiving.com\/advanced-open-water-diver\/"]}]},{"@type":"ImageObject","inLanguage":"es","@id":"https:\/\/calerodiving.com\/advanced-open-water-diver\/#primaryimage","url":"https:\/\/calerodiving.com\/wp-content\/uploads\/2026\/03\/Calero_Diving_Advanced_Open_Water_Diver_course_5871b12716.jpg","contentUrl":"https:\/\/calerodiving.com\/wp-content\/uploads\/2026\/03\/Calero_Diving_Advanced_Open_Water_Diver_course_5871b12716.jpg"},{"@type":"BreadcrumbList","@id":"https:\/\/calerodiving.com\/advanced-open-water-diver\/#breadcrumb","itemListElement":[{"@type":"ListItem","position":1,"name":"Home","item":"https:\/\/calerodiving.com\/es\/"},{"@type":"ListItem","position":2,"name":"Advanced Open Water Diver"}]},{"@type":"WebSite","@id":"https:\/\/calerodiving.com\/#website","url":"https:\/\/calerodiving.com\/","name":"Calero Diving Lanzarote","description":"Diving Center Lanzarote","publisher":{"@id":"https:\/\/calerodiving.com\/#organization"},"alternateName":"Calero Diving","potentialAction":[{"@type":"SearchAction","target":{"@type":"EntryPoint","urlTemplate":"https:\/\/calerodiving.com\/?s={search_term_string}"},"query-input":{"@type":"PropertyValueSpecification","valueRequired":true,"valueName":"search_term_string"}}],"inLanguage":"es"},{"@type":"Organization","@id":"https:\/\/calerodiving.com\/#organization","name":"Calero Diving Lanzarote","alternateName":"Calero Diving","url":"https:\/\/calerodiving.com\/","logo":{"@type":"ImageObject","inLanguage":"es","@id":"https:\/\/calerodiving.com\/#\/schema\/logo\/image\/","url":"https:\/\/calerodiving.com\/wp-content\/uploads\/2025\/05\/Grupo.png","contentUrl":"https:\/\/calerodiving.com\/wp-content\/uploads\/2025\/05\/Grupo.png","width":499,"height":590,"caption":"Calero Diving Lanzarote"},"image":{"@id":"https:\/\/calerodiving.com\/#\/schema\/logo\/image\/"},"sameAs":["https:\/\/www.facebook.com\/calerodiving\/","https:\/\/www.instagram.com\/calerodiving\/"]}]}},"_links":{"self":[{"href":"https:\/\/calerodiving.com\/es\/wp-json\/wp\/v2\/pages\/27015","targetHints":{"allow":["GET"]}}],"collection":[{"href":"https:\/\/calerodiving.com\/es\/wp-json\/wp\/v2\/pages"}],"about":[{"href":"https:\/\/calerodiving.com\/es\/wp-json\/wp\/v2\/types\/page"}],"author":[{"embeddable":true,"href":"https:\/\/calerodiving.com\/es\/wp-json\/wp\/v2\/users\/10"}],"replies":[{"embeddable":true,"href":"https:\/\/calerodiving.com\/es\/wp-json\/wp\/v2\/comments?post=27015"}],"version-history":[{"count":23,"href":"https:\/\/calerodiving.com\/es\/wp-json\/wp\/v2\/pages\/27015\/revisions"}],"predecessor-version":[{"id":27337,"href":"https:\/\/calerodiving.com\/es\/wp-json\/wp\/v2\/pages\/27015\/revisions\/27337"}],"wp:attachment":[{"href":"https:\/\/calerodiving.com\/es\/wp-json\/wp\/v2\/media?parent=27015"}],"curies":[{"name":"wp","href":"https:\/\/api.w.org\/{rel}","templated":true}]}}