{"id":26952,"date":"2026-03-06T10:48:55","date_gmt":"2026-03-06T09:48:55","guid":{"rendered":"https:\/\/calerodiving.com\/advanced-specialty-diver\/"},"modified":"2026-04-20T12:56:37","modified_gmt":"2026-04-20T11:56:37","slug":"buceador-especialidad-avanzada","status":"publish","type":"page","link":"https:\/\/calerodiving.com\/es\/buceador-especialidad-avanzada\/","title":{"rendered":"Advanced Specialty Diver"},"content":{"rendered":"\t\t<div data-elementor-type=\"wp-page\" data-elementor-id=\"26952\" class=\"elementor elementor-26952 elementor-26940\" data-elementor-post-type=\"page\">\n\t\t\t\t<div class=\"elementor-element elementor-element-41443a6 e-flex e-con-boxed e-con e-parent\" data-id=\"41443a6\" data-element_type=\"container\" data-e-type=\"container\">\n\t\t\t\t\t<div class=\"e-con-inner\">\n\t\t<div class=\"elementor-element elementor-element-22e1e6d e-con-full e-flex e-con e-child\" data-id=\"22e1e6d\" data-element_type=\"container\" data-e-type=\"container\">\n\t\t\t\t<div class=\"elementor-element elementor-element-b9dc8d4 elementor-widget elementor-widget-image\" data-id=\"b9dc8d4\" data-element_type=\"widget\" data-e-type=\"widget\" data-widget_type=\"image.default\">\n\t\t\t\t<div class=\"elementor-widget-container\">\n\t\t\t\t\t\t\t\t\t\t\t\t\t\t\t<img fetchpriority=\"high\" decoding=\"async\" width=\"800\" height=\"534\" src=\"https:\/\/calerodiving.com\/wp-content\/uploads\/2026\/03\/advanced_specialty_diver-1030x687.png\" class=\"attachment-large size-large wp-image-26910\" alt=\"\" srcset=\"https:\/\/calerodiving.com\/wp-content\/uploads\/2026\/03\/advanced_specialty_diver-1030x687.png 1030w, https:\/\/calerodiving.com\/wp-content\/uploads\/2026\/03\/advanced_specialty_diver-300x200.png 300w, https:\/\/calerodiving.com\/wp-content\/uploads\/2026\/03\/advanced_specialty_diver-768x512.png 768w, https:\/\/calerodiving.com\/wp-content\/uploads\/2026\/03\/advanced_specialty_diver.png 1536w\" sizes=\"(max-width: 800px) 100vw, 800px\" \/>\t\t\t\t\t\t\t\t\t\t\t\t\t\t\t<\/div>\n\t\t\t\t<\/div>\n\t\t\t\t<\/div>\n\t\t<div class=\"elementor-element elementor-element-1f923b1 e-con-full e-flex e-con e-child\" data-id=\"1f923b1\" data-element_type=\"container\" data-e-type=\"container\">\n\t\t<div class=\"elementor-element elementor-element-21653f0 e-con-full e-flex e-con e-child\" data-id=\"21653f0\" data-element_type=\"container\" data-e-type=\"container\">\n\t\t\t\t<div class=\"elementor-element elementor-element-25c5903 elementor-widget elementor-widget-html\" data-id=\"25c5903\" data-element_type=\"widget\" data-e-type=\"widget\" data-widget_type=\"html.default\">\n\t\t\t\t<div class=\"elementor-widget-container\">\n\t\t\t\t\t<a href=\"https:\/\/calerodiving.com\/es\/cursos-de-buceo-recreativo\/#recreational\" class=\"tag-button\">recreativo<\/a>\n\t\t\t\t<\/div>\n\t\t\t\t<\/div>\n\t\t\t\t<div class=\"elementor-element elementor-element-822fd8f elementor-widget elementor-widget-heading\" data-id=\"822fd8f\" data-element_type=\"widget\" data-e-type=\"widget\" data-widget_type=\"heading.default\">\n\t\t\t\t<div class=\"elementor-widget-container\">\n\t\t\t\t\t<h2 class=\"elementor-heading-title elementor-size-default\">SSI Advanced Specialty Diver<\/h2>\t\t\t\t<\/div>\n\t\t\t\t<\/div>\n\t\t\t\t<\/div>\n\t\t\t\t<\/div>\n\t\t\t\t\t<\/div>\n\t\t\t\t<\/div>\n\t\t<div class=\"elementor-element elementor-element-90a1711 e-flex e-con-boxed e-con e-parent\" data-id=\"90a1711\" data-element_type=\"container\" data-e-type=\"container\">\n\t\t\t\t\t<div class=\"e-con-inner\">\n\t\t<div class=\"elementor-element elementor-element-6d53f70 e-con-full e-flex e-con e-child\" data-id=\"6d53f70\" data-element_type=\"container\" data-e-type=\"container\">\n\t\t<div class=\"elementor-element elementor-element-b4d51a5 e-con-full e-flex e-con e-child\" data-id=\"b4d51a5\" data-element_type=\"container\" data-e-type=\"container\">\n\t\t\t\t<div class=\"elementor-element elementor-element-1c30e5c elementor-widget elementor-widget-text-editor\" data-id=\"1c30e5c\" data-element_type=\"widget\" data-e-type=\"widget\" data-widget_type=\"text-editor.default\">\n\t\t\t\t<div class=\"elementor-widget-container\">\n\t\t\t\t\t\t\t\t\t<div class=\"section-list\"><h3>Descripci\u00f3n del programa:<\/h3><p>Para obtener esta certificaci\u00f3n SSI, debes completar 4 especialidades y haber registrado 24 inmersiones en aguas abiertas. La elecci\u00f3n de las especialidades puede variar en funci\u00f3n de tus preferencias o futuros destinos de buceo, pero algunas son especialmente beneficiosas para cualquier buceador.<\/p><p>En Calero Diving ofrecemos un paquete de 4 especialidades, a elegir entre estas 5 opciones sugeridas, por 650 \u20ac, que se completan en 3 d\u00edas consecutivos:<\/p><ul><li>Nitro<\/li><li>Buceo profundo<\/li><li>Flotabilidad perfecta<\/li><li>Navegaci\u00f3n<\/li><li>Buceo en naufragios<\/li><\/ul><p>Si prefieres elegir otras especialidades, tienes opciones como Estr\u00e9s y Rescate, V\u00eddeo y Fotograf\u00eda o Buceo con Scooter, entre muchas otras. Puedes ver la lista completa aqu\u00ed. Si tienes alguna pregunta sobre qu\u00e9 especialidades SSI son las m\u00e1s adecuadas para ti, no dudes en ponerte en contacto con nosotros.<\/p><p>Una vez que hayas completado las 4 especialidades y registrado 24 inmersiones en tu libro de registro, recibir\u00e1s tu certificaci\u00f3n SSI Advanced Open Water, junto con las certificaciones de las especialidades que hayas completado.<\/p><h3>Duraci\u00f3n<\/h3><ul><li>Variable<\/li><\/ul><h3>Incluye<\/h3><ul><li>Inmersiones en barco<\/li><li>Materiales de aprendizaje digitales<\/li><li>Inmersiones de entrenamiento con instructor especializado<\/li><\/ul><h3>Requisitos<\/h3><ul><li>Buceador de aguas abiertas<\/li><\/ul><h3>No incluye<\/h3><ul><li>Alquiler de c\u00e1mara (si se completa la especialidad de Fotograf\u00eda y V\u00eddeo)<\/li><li>Seguro de buceo<\/li><li>Alquiler de equipos<\/li><\/ul><h3>Otros cursos que te pueden interesar<\/h3><ul><li><a href=\"https:\/\/calerodiving.com\/es\/open-water-diver-ssi\/\">Buceador de aguas abiertas<\/a><\/li><\/ul><\/div>\t\t\t\t\t\t\t\t<\/div>\n\t\t\t\t<\/div>\n\t\t\t\t<\/div>\n\t\t\t\t<\/div>\n\t\t<div class=\"elementor-element elementor-element-c5c4b8b e-con-full e-flex e-con e-child\" data-id=\"c5c4b8b\" data-element_type=\"container\" data-e-type=\"container\">\n\t\t<div class=\"elementor-element elementor-element-e44af9b e-con-full course-sidebar-box e-flex e-con e-child\" data-id=\"e44af9b\" data-element_type=\"container\" data-e-type=\"container\" data-settings=\"{&quot;sticky&quot;:&quot;top&quot;,&quot;sticky_offset&quot;:110,&quot;sticky_effects_offset&quot;:130,&quot;sticky_parent&quot;:&quot;yes&quot;,&quot;sticky_on&quot;:[&quot;desktop&quot;,&quot;tablet&quot;,&quot;mobile&quot;],&quot;sticky_anchor_link_offset&quot;:0}\">\n\t\t\t\t<div class=\"elementor-element elementor-element-25882c1 elementor-widget elementor-widget-text-editor\" data-id=\"25882c1\" data-element_type=\"widget\" data-e-type=\"widget\" data-widget_type=\"text-editor.default\">\n\t\t\t\t<div class=\"elementor-widget-container\">\n\t\t\t\t\t\t\t\t\t<div class=\"courses-info\"><h6 class=\"no-margin\">Duraci\u00f3n:<\/h6><p class=\"no-margin\">Variable<\/p><\/div><div class=\"courses-info\"><h6 class=\"no-margin\">Precio:<\/h6><p class=\"no-margin\">Desde 650 \u20ac<\/p><\/div>\t\t\t\t\t\t\t\t<\/div>\n\t\t\t\t<\/div>\n\t\t\t\t<div class=\"elementor-element elementor-element-2f34d81 elementor-mobile-align-center elementor-widget elementor-widget-button\" data-id=\"2f34d81\" data-element_type=\"widget\" data-e-type=\"widget\" data-widget_type=\"button.default\">\n\t\t\t\t<div class=\"elementor-widget-container\">\n\t\t\t\t\t\t\t\t\t<div class=\"elementor-button-wrapper\">\n\t\t\t\t\t<a class=\"elementor-button elementor-button-link elementor-size-sm\" href=\"https:\/\/booking.calerodiving.com\/front\/6213b2319a1bbf005fa0b870\/product\/69e613a647e7e7c75aef16df\" target=\"_blank\">\n\t\t\t\t\t\t<span class=\"elementor-button-content-wrapper\">\n\t\t\t\t\t\t\t\t\t<span class=\"elementor-button-text\">comprar curso<\/span>\n\t\t\t\t\t<\/span>\n\t\t\t\t\t<\/a>\n\t\t\t\t<\/div>\n\t\t\t\t\t\t\t\t<\/div>\n\t\t\t\t<\/div>\n\t\t\t\t<\/div>\n\t\t\t\t<\/div>\n\t\t\t\t\t<\/div>\n\t\t\t\t<\/div>\n\t\t\t\t<\/div>\n\t\t","protected":false},"excerpt":{"rendered":"<p>recreativo SSI Advanced Specialty Diver Descripci\u00f3n del programa: Para obtener esta certificaci\u00f3n SSI, debes completar 4 especialidades y haber registrado 24 inmersiones en aguas abiertas. La elecci\u00f3n de las especialidades puede variar en funci\u00f3n de tus preferencias o futuros destinos de buceo, pero algunas son especialmente beneficiosas para cualquier buceador. En Calero Diving ofrecemos un [&hellip;]<\/p>\n","protected":false},"author":10,"featured_media":0,"parent":0,"menu_order":0,"comment_status":"closed","ping_status":"closed","template":"","meta":{"_acf_changed":false,"footnotes":""},"class_list":["post-26952","page","type-page","status-publish","hentry"],"acf":[],"yoast_head":"<!-- This site is optimized with the Yoast SEO plugin v27.5 - https:\/\/yoast.com\/product\/yoast-seo-wordpress\/ -->\n<title>Advanced Specialty Diver | Calero Diving Lanzarote<\/title>\n<meta name=\"robots\" content=\"index, follow, max-snippet:-1, max-image-preview:large, max-video-preview:-1\" \/>\n<link rel=\"canonical\" href=\"https:\/\/calerodiving.com\/advanced-specialty-diver\/\" \/>\n<meta property=\"og:locale\" content=\"es_ES\" \/>\n<meta property=\"og:type\" content=\"article\" \/>\n<meta property=\"og:title\" content=\"Advanced Specialty Diver | Calero Diving Lanzarote\" \/>\n<meta property=\"og:description\" content=\"recreativo SSI Advanced Specialty Diver Descripci\u00f3n del programa: Para obtener esta certificaci\u00f3n SSI, debes completar 4 especialidades y haber registrado 24 inmersiones en aguas abiertas. La elecci\u00f3n de las especialidades puede variar en funci\u00f3n de tus preferencias o futuros destinos de buceo, pero algunas son especialmente beneficiosas para cualquier buceador. En Calero Diving ofrecemos un [&hellip;]\" \/>\n<meta property=\"og:url\" content=\"https:\/\/calerodiving.com\/advanced-specialty-diver\/\" \/>\n<meta property=\"og:site_name\" content=\"Calero Diving Lanzarote\" \/>\n<meta property=\"article:publisher\" content=\"https:\/\/www.facebook.com\/calerodiving\/\" \/>\n<meta property=\"article:modified_time\" content=\"2026-04-20T11:56:37+00:00\" \/>\n<meta property=\"og:image\" content=\"https:\/\/calerodiving.com\/wp-content\/uploads\/2026\/03\/advanced_specialty_diver-1030x687.png\" \/>\n\t<meta property=\"og:image:width\" content=\"1030\" \/>\n\t<meta property=\"og:image:height\" content=\"687\" \/>\n\t<meta property=\"og:image:type\" content=\"image\/png\" \/>\n<meta name=\"twitter:card\" content=\"summary_large_image\" \/>\n<meta name=\"twitter:label1\" content=\"Tiempo de lectura\" \/>\n\t<meta name=\"twitter:data1\" content=\"2 minutos\" \/>\n<script type=\"application\/ld+json\" class=\"yoast-schema-graph\">{\"@context\":\"https:\\\/\\\/schema.org\",\"@graph\":[{\"@type\":\"WebPage\",\"@id\":\"https:\\\/\\\/calerodiving.com\\\/advanced-specialty-diver\\\/\",\"url\":\"https:\\\/\\\/calerodiving.com\\\/advanced-specialty-diver\\\/\",\"name\":\"Advanced Specialty Diver | Calero Diving Lanzarote\",\"isPartOf\":{\"@id\":\"https:\\\/\\\/calerodiving.com\\\/#website\"},\"primaryImageOfPage\":{\"@id\":\"https:\\\/\\\/calerodiving.com\\\/advanced-specialty-diver\\\/#primaryimage\"},\"image\":{\"@id\":\"https:\\\/\\\/calerodiving.com\\\/advanced-specialty-diver\\\/#primaryimage\"},\"thumbnailUrl\":\"https:\\\/\\\/calerodiving.com\\\/wp-content\\\/uploads\\\/2026\\\/03\\\/advanced_specialty_diver-1030x687.png\",\"datePublished\":\"2026-03-06T09:48:55+00:00\",\"dateModified\":\"2026-04-20T11:56:37+00:00\",\"breadcrumb\":{\"@id\":\"https:\\\/\\\/calerodiving.com\\\/advanced-specialty-diver\\\/#breadcrumb\"},\"inLanguage\":\"es\",\"potentialAction\":[{\"@type\":\"ReadAction\",\"target\":[\"https:\\\/\\\/calerodiving.com\\\/advanced-specialty-diver\\\/\"]}]},{\"@type\":\"ImageObject\",\"inLanguage\":\"es\",\"@id\":\"https:\\\/\\\/calerodiving.com\\\/advanced-specialty-diver\\\/#primaryimage\",\"url\":\"https:\\\/\\\/calerodiving.com\\\/wp-content\\\/uploads\\\/2026\\\/03\\\/advanced_specialty_diver-1030x687.png\",\"contentUrl\":\"https:\\\/\\\/calerodiving.com\\\/wp-content\\\/uploads\\\/2026\\\/03\\\/advanced_specialty_diver-1030x687.png\"},{\"@type\":\"BreadcrumbList\",\"@id\":\"https:\\\/\\\/calerodiving.com\\\/advanced-specialty-diver\\\/#breadcrumb\",\"itemListElement\":[{\"@type\":\"ListItem\",\"position\":1,\"name\":\"Home\",\"item\":\"https:\\\/\\\/calerodiving.com\\\/es\\\/\"},{\"@type\":\"ListItem\",\"position\":2,\"name\":\"Advanced Specialty Diver\"}]},{\"@type\":\"WebSite\",\"@id\":\"https:\\\/\\\/calerodiving.com\\\/#website\",\"url\":\"https:\\\/\\\/calerodiving.com\\\/\",\"name\":\"Calero Diving Lanzarote\",\"description\":\"Diving Center Lanzarote\",\"publisher\":{\"@id\":\"https:\\\/\\\/calerodiving.com\\\/#organization\"},\"alternateName\":\"Calero Diving\",\"potentialAction\":[{\"@type\":\"SearchAction\",\"target\":{\"@type\":\"EntryPoint\",\"urlTemplate\":\"https:\\\/\\\/calerodiving.com\\\/?s={search_term_string}\"},\"query-input\":{\"@type\":\"PropertyValueSpecification\",\"valueRequired\":true,\"valueName\":\"search_term_string\"}}],\"inLanguage\":\"es\"},{\"@type\":\"Organization\",\"@id\":\"https:\\\/\\\/calerodiving.com\\\/#organization\",\"name\":\"Calero Diving Lanzarote\",\"alternateName\":\"Calero Diving\",\"url\":\"https:\\\/\\\/calerodiving.com\\\/\",\"logo\":{\"@type\":\"ImageObject\",\"inLanguage\":\"es\",\"@id\":\"https:\\\/\\\/calerodiving.com\\\/#\\\/schema\\\/logo\\\/image\\\/\",\"url\":\"https:\\\/\\\/calerodiving.com\\\/wp-content\\\/uploads\\\/2025\\\/05\\\/Grupo.png\",\"contentUrl\":\"https:\\\/\\\/calerodiving.com\\\/wp-content\\\/uploads\\\/2025\\\/05\\\/Grupo.png\",\"width\":499,\"height\":590,\"caption\":\"Calero Diving Lanzarote\"},\"image\":{\"@id\":\"https:\\\/\\\/calerodiving.com\\\/#\\\/schema\\\/logo\\\/image\\\/\"},\"sameAs\":[\"https:\\\/\\\/www.facebook.com\\\/calerodiving\\\/\",\"https:\\\/\\\/www.instagram.com\\\/calerodiving\\\/\"]}]}<\/script>\n<!-- \/ Yoast SEO plugin. -->","yoast_head_json":{"title":"Advanced Specialty Diver | Calero Diving Lanzarote","robots":{"index":"index","follow":"follow","max-snippet":"max-snippet:-1","max-image-preview":"max-image-preview:large","max-video-preview":"max-video-preview:-1"},"canonical":"https:\/\/calerodiving.com\/advanced-specialty-diver\/","og_locale":"es_ES","og_type":"article","og_title":"Advanced Specialty Diver | Calero Diving Lanzarote","og_description":"recreativo SSI Advanced Specialty Diver Descripci\u00f3n del programa: Para obtener esta certificaci\u00f3n SSI, debes completar 4 especialidades y haber registrado 24 inmersiones en aguas abiertas. La elecci\u00f3n de las especialidades puede variar en funci\u00f3n de tus preferencias o futuros destinos de buceo, pero algunas son especialmente beneficiosas para cualquier buceador. En Calero Diving ofrecemos un [&hellip;]","og_url":"https:\/\/calerodiving.com\/advanced-specialty-diver\/","og_site_name":"Calero Diving Lanzarote","article_publisher":"https:\/\/www.facebook.com\/calerodiving\/","article_modified_time":"2026-04-20T11:56:37+00:00","og_image":[{"width":1030,"height":687,"url":"https:\/\/calerodiving.com\/wp-content\/uploads\/2026\/03\/advanced_specialty_diver-1030x687.png","type":"image\/png"}],"twitter_card":"summary_large_image","twitter_misc":{"Tiempo de lectura":"2 minutos"},"schema":{"@context":"https:\/\/schema.org","@graph":[{"@type":"WebPage","@id":"https:\/\/calerodiving.com\/advanced-specialty-diver\/","url":"https:\/\/calerodiving.com\/advanced-specialty-diver\/","name":"Advanced Specialty Diver | Calero Diving Lanzarote","isPartOf":{"@id":"https:\/\/calerodiving.com\/#website"},"primaryImageOfPage":{"@id":"https:\/\/calerodiving.com\/advanced-specialty-diver\/#primaryimage"},"image":{"@id":"https:\/\/calerodiving.com\/advanced-specialty-diver\/#primaryimage"},"thumbnailUrl":"https:\/\/calerodiving.com\/wp-content\/uploads\/2026\/03\/advanced_specialty_diver-1030x687.png","datePublished":"2026-03-06T09:48:55+00:00","dateModified":"2026-04-20T11:56:37+00:00","breadcrumb":{"@id":"https:\/\/calerodiving.com\/advanced-specialty-diver\/#breadcrumb"},"inLanguage":"es","potentialAction":[{"@type":"ReadAction","target":["https:\/\/calerodiving.com\/advanced-specialty-diver\/"]}]},{"@type":"ImageObject","inLanguage":"es","@id":"https:\/\/calerodiving.com\/advanced-specialty-diver\/#primaryimage","url":"https:\/\/calerodiving.com\/wp-content\/uploads\/2026\/03\/advanced_specialty_diver-1030x687.png","contentUrl":"https:\/\/calerodiving.com\/wp-content\/uploads\/2026\/03\/advanced_specialty_diver-1030x687.png"},{"@type":"BreadcrumbList","@id":"https:\/\/calerodiving.com\/advanced-specialty-diver\/#breadcrumb","itemListElement":[{"@type":"ListItem","position":1,"name":"Home","item":"https:\/\/calerodiving.com\/es\/"},{"@type":"ListItem","position":2,"name":"Advanced Specialty Diver"}]},{"@type":"WebSite","@id":"https:\/\/calerodiving.com\/#website","url":"https:\/\/calerodiving.com\/","name":"Calero Diving Lanzarote","description":"Diving Center Lanzarote","publisher":{"@id":"https:\/\/calerodiving.com\/#organization"},"alternateName":"Calero Diving","potentialAction":[{"@type":"SearchAction","target":{"@type":"EntryPoint","urlTemplate":"https:\/\/calerodiving.com\/?s={search_term_string}"},"query-input":{"@type":"PropertyValueSpecification","valueRequired":true,"valueName":"search_term_string"}}],"inLanguage":"es"},{"@type":"Organization","@id":"https:\/\/calerodiving.com\/#organization","name":"Calero Diving Lanzarote","alternateName":"Calero Diving","url":"https:\/\/calerodiving.com\/","logo":{"@type":"ImageObject","inLanguage":"es","@id":"https:\/\/calerodiving.com\/#\/schema\/logo\/image\/","url":"https:\/\/calerodiving.com\/wp-content\/uploads\/2025\/05\/Grupo.png","contentUrl":"https:\/\/calerodiving.com\/wp-content\/uploads\/2025\/05\/Grupo.png","width":499,"height":590,"caption":"Calero Diving Lanzarote"},"image":{"@id":"https:\/\/calerodiving.com\/#\/schema\/logo\/image\/"},"sameAs":["https:\/\/www.facebook.com\/calerodiving\/","https:\/\/www.instagram.com\/calerodiving\/"]}]}},"_links":{"self":[{"href":"https:\/\/calerodiving.com\/es\/wp-json\/wp\/v2\/pages\/26952","targetHints":{"allow":["GET"]}}],"collection":[{"href":"https:\/\/calerodiving.com\/es\/wp-json\/wp\/v2\/pages"}],"about":[{"href":"https:\/\/calerodiving.com\/es\/wp-json\/wp\/v2\/types\/page"}],"author":[{"embeddable":true,"href":"https:\/\/calerodiving.com\/es\/wp-json\/wp\/v2\/users\/10"}],"replies":[{"embeddable":true,"href":"https:\/\/calerodiving.com\/es\/wp-json\/wp\/v2\/comments?post=26952"}],"version-history":[{"count":24,"href":"https:\/\/calerodiving.com\/es\/wp-json\/wp\/v2\/pages\/26952\/revisions"}],"predecessor-version":[{"id":28284,"href":"https:\/\/calerodiving.com\/es\/wp-json\/wp\/v2\/pages\/26952\/revisions\/28284"}],"wp:attachment":[{"href":"https:\/\/calerodiving.com\/es\/wp-json\/wp\/v2\/media?parent=26952"}],"curies":[{"name":"wp","href":"https:\/\/api.w.org\/{rel}","templated":true}]}}