{"id":25014,"date":"2025-09-01T13:29:50","date_gmt":"2025-09-01T12:29:50","guid":{"rendered":"https:\/\/calerodiving.com\/buceador-aventurero-avanzado-ssi\/"},"modified":"2025-09-08T11:40:35","modified_gmt":"2025-09-08T10:40:35","slug":"buceador-aventurero-avanzado-ssi","status":"publish","type":"page","link":"https:\/\/calerodiving.com\/es\/buceador-aventurero-avanzado-ssi\/","title":{"rendered":"Buceador Aventurero Avanzado SSI"},"content":{"rendered":"\t\t<div data-elementor-type=\"wp-page\" data-elementor-id=\"25014\" class=\"elementor elementor-25014 elementor-20474\" data-elementor-post-type=\"page\">\n\t\t\t\t<div class=\"elementor-element elementor-element-b67b102 e-flex e-con-boxed e-con e-parent\" data-id=\"b67b102\" data-element_type=\"container\" data-e-type=\"container\">\n\t\t\t\t\t<div class=\"e-con-inner\">\n\t\t<div class=\"elementor-element elementor-element-3ada715 e-con-full e-flex e-con e-child\" data-id=\"3ada715\" data-element_type=\"container\" data-e-type=\"container\">\n\t\t\t\t<div class=\"elementor-element elementor-element-81beea1 elementor-widget elementor-widget-image\" data-id=\"81beea1\" data-element_type=\"widget\" data-e-type=\"widget\" data-widget_type=\"image.default\">\n\t\t\t\t<div class=\"elementor-widget-container\">\n\t\t\t\t\t\t\t\t\t\t\t\t\t\t\t<img fetchpriority=\"high\" decoding=\"async\" width=\"700\" height=\"445\" src=\"https:\/\/calerodiving.com\/wp-content\/uploads\/2025\/07\/Scuba_Diving_Advanced_adeventurer_calero.jpg\" class=\"attachment-large size-large wp-image-20064\" alt=\"\" srcset=\"https:\/\/calerodiving.com\/wp-content\/uploads\/2025\/07\/Scuba_Diving_Advanced_adeventurer_calero.jpg 700w, https:\/\/calerodiving.com\/wp-content\/uploads\/2025\/07\/Scuba_Diving_Advanced_adeventurer_calero-300x191.jpg 300w\" sizes=\"(max-width: 700px) 100vw, 700px\" \/>\t\t\t\t\t\t\t\t\t\t\t\t\t\t\t<\/div>\n\t\t\t\t<\/div>\n\t\t\t\t<\/div>\n\t\t<div class=\"elementor-element elementor-element-a481be3 e-con-full e-flex e-con e-child\" data-id=\"a481be3\" data-element_type=\"container\" data-e-type=\"container\">\n\t\t<div class=\"elementor-element elementor-element-0edde05 e-con-full e-flex e-con e-child\" data-id=\"0edde05\" data-element_type=\"container\" data-e-type=\"container\">\n\t\t\t\t<div class=\"elementor-element elementor-element-033f226 elementor-widget elementor-widget-html\" data-id=\"033f226\" data-element_type=\"widget\" data-e-type=\"widget\" data-widget_type=\"html.default\">\n\t\t\t\t<div class=\"elementor-widget-container\">\n\t\t\t\t\t<a href=\"https:\/\/calerodiving.com\/es\/cursos-de-buceo-recreativo\/#recreational\" class=\"tag-button\">recreativo<\/a>\n\t\t\t\t<\/div>\n\t\t\t\t<\/div>\n\t\t\t\t<div class=\"elementor-element elementor-element-d57784e elementor-widget elementor-widget-heading\" data-id=\"d57784e\" data-element_type=\"widget\" data-e-type=\"widget\" data-widget_type=\"heading.default\">\n\t\t\t\t<div class=\"elementor-widget-container\">\n\t\t\t\t\t<h2 class=\"elementor-heading-title elementor-size-default\">Aventurero avanzado de SSI<\/h2>\t\t\t\t<\/div>\n\t\t\t\t<\/div>\n\t\t\t\t<\/div>\n\t\t\t\t<\/div>\n\t\t\t\t\t<\/div>\n\t\t\t\t<\/div>\n\t\t<div class=\"elementor-element elementor-element-d2b8d54 e-flex e-con-boxed e-con e-parent\" data-id=\"d2b8d54\" data-element_type=\"container\" data-e-type=\"container\">\n\t\t\t\t\t<div class=\"e-con-inner\">\n\t\t<div class=\"elementor-element elementor-element-a8587db e-con-full e-flex e-con e-child\" data-id=\"a8587db\" data-element_type=\"container\" data-e-type=\"container\">\n\t\t<div class=\"elementor-element elementor-element-259388b e-con-full e-flex e-con e-child\" data-id=\"259388b\" data-element_type=\"container\" data-e-type=\"container\">\n\t\t\t\t<div class=\"elementor-element elementor-element-9e2a5a2 elementor-widget elementor-widget-heading\" data-id=\"9e2a5a2\" data-element_type=\"widget\" data-e-type=\"widget\" data-widget_type=\"heading.default\">\n\t\t\t\t<div class=\"elementor-widget-container\">\n\t\t\t\t\t<h2 class=\"elementor-heading-title elementor-size-default\">Convi\u00e9rtete en un buceador de aventura avanzado<\/h2>\t\t\t\t<\/div>\n\t\t\t\t<\/div>\n\t\t\t\t<div class=\"elementor-element elementor-element-89f3a86 elementor-widget elementor-widget-text-editor\" data-id=\"89f3a86\" data-element_type=\"widget\" data-e-type=\"widget\" data-widget_type=\"text-editor.default\">\n\t\t\t\t<div class=\"elementor-widget-container\">\n\t\t\t\t\t\t\t\t\t<div class=\"section-list\"><h3>Descripci\u00f3n del programa:<\/h3><p>Si ya tienes tu certificaci\u00f3n Open Water Diver, puedes continuar tu formaci\u00f3n con cursos de especialidad. Los cursos de especialidad se centran en un \u00e1rea espec\u00edfica del buceo que te interese, por ejemplo, buceo profundo, pero no todos los buceadores saben exactamente qu\u00e9 es lo que m\u00e1s disfrutan. Por eso, SSI dise\u00f1\u00f3 el curso Advanced Adventurer, que te permitir\u00e1 probar cinco especialidades diferentes.  <\/p><p>Durante este curso, realizar\u00e1s 5 inmersiones bajo la supervisi\u00f3n directa de uno de nuestros instructores. Cada una de estas inmersiones ser\u00e1 de un programa de especialidad diferente a tu elecci\u00f3n. Aumentar\u00e1s tu experiencia como buceador y podr\u00e1s orientarte para decidir qu\u00e9 paso dar a continuaci\u00f3n.<br> Todas las inmersiones de aventura completadas se pueden utilizar para completar posteriormente una especialidad entera.<br> De esta manera, si ya realizaste una inmersi\u00f3n profunda en tu curso Advanced Adventurer, solo necesitas realizar dos inmersiones m\u00e1s para completar el programa de especialidad de Buceo Profundo y convertirte en un Deep Diver.  <\/p><h3>Duraci\u00f3n<\/h3><ul><li>2 d\u00edas<\/li><\/ul><h3>Incluye<\/h3><ul><li>5 inmersiones<\/li><li>Materiales digitales<\/li><li>Certificaci\u00f3n SSI Advanced Adventurer<\/li><\/ul><h3>No incluye<\/h3><ul><li>Alquiler de equipos<\/li><li>Seguro de buceo<\/li><li>Alquiler de c\u00e1mara (si se completa la inmersi\u00f3n de fotograf\u00eda y v\u00eddeo)<\/li><\/ul><h3>Requisitos<\/h3><ul><li>SSI Open Water Diver o equivalente<\/li><\/ul><h3>Otros cursos que te pueden interesar<\/h3><ul><li><a href=\"https:\/\/calerodiving.com\/es\/reacciona-correctamente\/\">Reacciona correctamente<\/a><\/li><li><a href=\"https:\/\/calerodiving.com\/es\/aire-enriquecido-nitrox\/\">Aire enriquecido Nitrox<\/a><\/li><li><a href=\"https:\/\/calerodiving.com\/es\/buceo-profundo\/\">Buceo profundo<\/a><\/li><\/ul><\/div>\t\t\t\t\t\t\t\t<\/div>\n\t\t\t\t<\/div>\n\t\t\t\t<\/div>\n\t\t\t\t<\/div>\n\t\t<div class=\"elementor-element elementor-element-8d9a213 e-con-full e-flex e-con e-child\" data-id=\"8d9a213\" data-element_type=\"container\" data-e-type=\"container\">\n\t\t<div class=\"elementor-element elementor-element-9d35613 e-con-full course-sidebar-box e-flex e-con e-child\" data-id=\"9d35613\" data-element_type=\"container\" data-e-type=\"container\" data-settings=\"{&quot;sticky&quot;:&quot;top&quot;,&quot;sticky_offset&quot;:110,&quot;sticky_effects_offset&quot;:130,&quot;sticky_parent&quot;:&quot;yes&quot;,&quot;sticky_on&quot;:[&quot;desktop&quot;,&quot;tablet&quot;,&quot;mobile&quot;],&quot;sticky_anchor_link_offset&quot;:0}\">\n\t\t\t\t<div class=\"elementor-element elementor-element-9fa2d79 elementor-widget elementor-widget-text-editor\" data-id=\"9fa2d79\" data-element_type=\"widget\" data-e-type=\"widget\" data-widget_type=\"text-editor.default\">\n\t\t\t\t<div class=\"elementor-widget-container\">\n\t\t\t\t\t\t\t\t\t<div class=\"courses-info\"><h6 class=\"no-margin\">Duraci\u00f3n:<\/h6><p class=\"no-margin\">Curso de 2 d\u00edas<\/p><\/div><div class=\"courses-info\"><h6 class=\"no-margin\">Precio:<\/h6><p class=\"no-margin\">Desde 450 \u20ac<\/p><\/div>\t\t\t\t\t\t\t\t<\/div>\n\t\t\t\t<\/div>\n\t\t\t\t<div class=\"elementor-element elementor-element-5570c29 elementor-mobile-align-center elementor-widget elementor-widget-button\" data-id=\"5570c29\" data-element_type=\"widget\" data-e-type=\"widget\" data-widget_type=\"button.default\">\n\t\t\t\t<div class=\"elementor-widget-container\">\n\t\t\t\t\t\t\t\t\t<div class=\"elementor-button-wrapper\">\n\t\t\t\t\t<a class=\"elementor-button elementor-button-link elementor-size-sm\" href=\"https:\/\/app.bukyapp.com\/front\/6213b2319a1bbf005fa0b870\/product\/621d66bf4db01a005f510d3c?lang=en\" target=\"_blank\">\n\t\t\t\t\t\t<span class=\"elementor-button-content-wrapper\">\n\t\t\t\t\t\t\t\t\t<span class=\"elementor-button-text\">comprar curso<\/span>\n\t\t\t\t\t<\/span>\n\t\t\t\t\t<\/a>\n\t\t\t\t<\/div>\n\t\t\t\t\t\t\t\t<\/div>\n\t\t\t\t<\/div>\n\t\t\t\t<\/div>\n\t\t\t\t<\/div>\n\t\t\t\t\t<\/div>\n\t\t\t\t<\/div>\n\t\t\t\t<\/div>\n\t\t","protected":false},"excerpt":{"rendered":"<p>recreativo Aventurero avanzado de SSI Convi\u00e9rtete en un buceador de aventura avanzado Descripci\u00f3n del programa: Si ya tienes tu certificaci\u00f3n Open Water Diver, puedes continuar tu formaci\u00f3n con cursos de especialidad. Los cursos de especialidad se centran en un \u00e1rea espec\u00edfica del buceo que te interese, por ejemplo, buceo profundo, pero no todos los buceadores [&hellip;]<\/p>\n","protected":false},"author":10,"featured_media":0,"parent":0,"menu_order":0,"comment_status":"closed","ping_status":"closed","template":"","meta":{"_acf_changed":false,"footnotes":""},"class_list":["post-25014","page","type-page","status-publish","hentry"],"acf":[],"yoast_head":"<!-- This site is optimized with the Yoast SEO plugin v27.5 - https:\/\/yoast.com\/product\/yoast-seo-wordpress\/ -->\n<title>Buceador Aventurero Avanzado SSI | Calero Diving Lanzarote<\/title>\n<meta name=\"robots\" content=\"index, follow, max-snippet:-1, max-image-preview:large, max-video-preview:-1\" \/>\n<link rel=\"canonical\" href=\"https:\/\/calerodiving.com\/es\/buceador-aventurero-avanzado-ssi\/\" \/>\n<meta property=\"og:locale\" content=\"es_ES\" \/>\n<meta property=\"og:type\" content=\"article\" \/>\n<meta property=\"og:title\" content=\"Buceador Aventurero Avanzado SSI | Calero Diving Lanzarote\" \/>\n<meta property=\"og:description\" content=\"recreativo Aventurero avanzado de SSI Convi\u00e9rtete en un buceador de aventura avanzado Descripci\u00f3n del programa: Si ya tienes tu certificaci\u00f3n Open Water Diver, puedes continuar tu formaci\u00f3n con cursos de especialidad. Los cursos de especialidad se centran en un \u00e1rea espec\u00edfica del buceo que te interese, por ejemplo, buceo profundo, pero no todos los buceadores [&hellip;]\" \/>\n<meta property=\"og:url\" content=\"https:\/\/calerodiving.com\/es\/buceador-aventurero-avanzado-ssi\/\" \/>\n<meta property=\"og:site_name\" content=\"Calero Diving Lanzarote\" \/>\n<meta property=\"article:publisher\" content=\"https:\/\/www.facebook.com\/calerodiving\/\" \/>\n<meta property=\"article:modified_time\" content=\"2025-09-08T10:40:35+00:00\" \/>\n<meta property=\"og:image\" content=\"https:\/\/calerodiving.com\/wp-content\/uploads\/2025\/07\/Scuba_Diving_Advanced_adeventurer_calero.jpg\" \/>\n\t<meta property=\"og:image:width\" content=\"700\" \/>\n\t<meta property=\"og:image:height\" content=\"445\" \/>\n\t<meta property=\"og:image:type\" content=\"image\/jpeg\" \/>\n<meta name=\"twitter:card\" content=\"summary_large_image\" \/>\n<meta name=\"twitter:label1\" content=\"Tiempo de lectura\" \/>\n\t<meta name=\"twitter:data1\" content=\"2 minutos\" \/>\n<script type=\"application\/ld+json\" class=\"yoast-schema-graph\">{\"@context\":\"https:\\\/\\\/schema.org\",\"@graph\":[{\"@type\":\"WebPage\",\"@id\":\"https:\\\/\\\/calerodiving.com\\\/es\\\/buceador-aventurero-avanzado-ssi\\\/\",\"url\":\"https:\\\/\\\/calerodiving.com\\\/es\\\/buceador-aventurero-avanzado-ssi\\\/\",\"name\":\"Buceador Aventurero Avanzado SSI | Calero Diving Lanzarote\",\"isPartOf\":{\"@id\":\"https:\\\/\\\/calerodiving.com\\\/#website\"},\"primaryImageOfPage\":{\"@id\":\"https:\\\/\\\/calerodiving.com\\\/es\\\/buceador-aventurero-avanzado-ssi\\\/#primaryimage\"},\"image\":{\"@id\":\"https:\\\/\\\/calerodiving.com\\\/es\\\/buceador-aventurero-avanzado-ssi\\\/#primaryimage\"},\"thumbnailUrl\":\"https:\\\/\\\/calerodiving.com\\\/wp-content\\\/uploads\\\/2025\\\/07\\\/Scuba_Diving_Advanced_adeventurer_calero.jpg\",\"datePublished\":\"2025-09-01T12:29:50+00:00\",\"dateModified\":\"2025-09-08T10:40:35+00:00\",\"breadcrumb\":{\"@id\":\"https:\\\/\\\/calerodiving.com\\\/es\\\/buceador-aventurero-avanzado-ssi\\\/#breadcrumb\"},\"inLanguage\":\"es\",\"potentialAction\":[{\"@type\":\"ReadAction\",\"target\":[\"https:\\\/\\\/calerodiving.com\\\/es\\\/buceador-aventurero-avanzado-ssi\\\/\"]}]},{\"@type\":\"ImageObject\",\"inLanguage\":\"es\",\"@id\":\"https:\\\/\\\/calerodiving.com\\\/es\\\/buceador-aventurero-avanzado-ssi\\\/#primaryimage\",\"url\":\"https:\\\/\\\/calerodiving.com\\\/wp-content\\\/uploads\\\/2025\\\/07\\\/Scuba_Diving_Advanced_adeventurer_calero.jpg\",\"contentUrl\":\"https:\\\/\\\/calerodiving.com\\\/wp-content\\\/uploads\\\/2025\\\/07\\\/Scuba_Diving_Advanced_adeventurer_calero.jpg\"},{\"@type\":\"BreadcrumbList\",\"@id\":\"https:\\\/\\\/calerodiving.com\\\/es\\\/buceador-aventurero-avanzado-ssi\\\/#breadcrumb\",\"itemListElement\":[{\"@type\":\"ListItem\",\"position\":1,\"name\":\"Home\",\"item\":\"https:\\\/\\\/calerodiving.com\\\/es\\\/\"},{\"@type\":\"ListItem\",\"position\":2,\"name\":\"Buceador Aventurero Avanzado SSI\"}]},{\"@type\":\"WebSite\",\"@id\":\"https:\\\/\\\/calerodiving.com\\\/#website\",\"url\":\"https:\\\/\\\/calerodiving.com\\\/\",\"name\":\"Calero Diving Lanzarote\",\"description\":\"Diving Center Lanzarote\",\"publisher\":{\"@id\":\"https:\\\/\\\/calerodiving.com\\\/#organization\"},\"alternateName\":\"Calero Diving\",\"potentialAction\":[{\"@type\":\"SearchAction\",\"target\":{\"@type\":\"EntryPoint\",\"urlTemplate\":\"https:\\\/\\\/calerodiving.com\\\/?s={search_term_string}\"},\"query-input\":{\"@type\":\"PropertyValueSpecification\",\"valueRequired\":true,\"valueName\":\"search_term_string\"}}],\"inLanguage\":\"es\"},{\"@type\":\"Organization\",\"@id\":\"https:\\\/\\\/calerodiving.com\\\/#organization\",\"name\":\"Calero Diving Lanzarote\",\"alternateName\":\"Calero Diving\",\"url\":\"https:\\\/\\\/calerodiving.com\\\/\",\"logo\":{\"@type\":\"ImageObject\",\"inLanguage\":\"es\",\"@id\":\"https:\\\/\\\/calerodiving.com\\\/#\\\/schema\\\/logo\\\/image\\\/\",\"url\":\"https:\\\/\\\/calerodiving.com\\\/wp-content\\\/uploads\\\/2025\\\/05\\\/Grupo.png\",\"contentUrl\":\"https:\\\/\\\/calerodiving.com\\\/wp-content\\\/uploads\\\/2025\\\/05\\\/Grupo.png\",\"width\":499,\"height\":590,\"caption\":\"Calero Diving Lanzarote\"},\"image\":{\"@id\":\"https:\\\/\\\/calerodiving.com\\\/#\\\/schema\\\/logo\\\/image\\\/\"},\"sameAs\":[\"https:\\\/\\\/www.facebook.com\\\/calerodiving\\\/\",\"https:\\\/\\\/www.instagram.com\\\/calerodiving\\\/\"]}]}<\/script>\n<!-- \/ Yoast SEO plugin. -->","yoast_head_json":{"title":"Buceador Aventurero Avanzado SSI | Calero Diving Lanzarote","robots":{"index":"index","follow":"follow","max-snippet":"max-snippet:-1","max-image-preview":"max-image-preview:large","max-video-preview":"max-video-preview:-1"},"canonical":"https:\/\/calerodiving.com\/es\/buceador-aventurero-avanzado-ssi\/","og_locale":"es_ES","og_type":"article","og_title":"Buceador Aventurero Avanzado SSI | Calero Diving Lanzarote","og_description":"recreativo Aventurero avanzado de SSI Convi\u00e9rtete en un buceador de aventura avanzado Descripci\u00f3n del programa: Si ya tienes tu certificaci\u00f3n Open Water Diver, puedes continuar tu formaci\u00f3n con cursos de especialidad. Los cursos de especialidad se centran en un \u00e1rea espec\u00edfica del buceo que te interese, por ejemplo, buceo profundo, pero no todos los buceadores [&hellip;]","og_url":"https:\/\/calerodiving.com\/es\/buceador-aventurero-avanzado-ssi\/","og_site_name":"Calero Diving Lanzarote","article_publisher":"https:\/\/www.facebook.com\/calerodiving\/","article_modified_time":"2025-09-08T10:40:35+00:00","og_image":[{"width":700,"height":445,"url":"https:\/\/calerodiving.com\/wp-content\/uploads\/2025\/07\/Scuba_Diving_Advanced_adeventurer_calero.jpg","type":"image\/jpeg"}],"twitter_card":"summary_large_image","twitter_misc":{"Tiempo de lectura":"2 minutos"},"schema":{"@context":"https:\/\/schema.org","@graph":[{"@type":"WebPage","@id":"https:\/\/calerodiving.com\/es\/buceador-aventurero-avanzado-ssi\/","url":"https:\/\/calerodiving.com\/es\/buceador-aventurero-avanzado-ssi\/","name":"Buceador Aventurero Avanzado SSI | Calero Diving Lanzarote","isPartOf":{"@id":"https:\/\/calerodiving.com\/#website"},"primaryImageOfPage":{"@id":"https:\/\/calerodiving.com\/es\/buceador-aventurero-avanzado-ssi\/#primaryimage"},"image":{"@id":"https:\/\/calerodiving.com\/es\/buceador-aventurero-avanzado-ssi\/#primaryimage"},"thumbnailUrl":"https:\/\/calerodiving.com\/wp-content\/uploads\/2025\/07\/Scuba_Diving_Advanced_adeventurer_calero.jpg","datePublished":"2025-09-01T12:29:50+00:00","dateModified":"2025-09-08T10:40:35+00:00","breadcrumb":{"@id":"https:\/\/calerodiving.com\/es\/buceador-aventurero-avanzado-ssi\/#breadcrumb"},"inLanguage":"es","potentialAction":[{"@type":"ReadAction","target":["https:\/\/calerodiving.com\/es\/buceador-aventurero-avanzado-ssi\/"]}]},{"@type":"ImageObject","inLanguage":"es","@id":"https:\/\/calerodiving.com\/es\/buceador-aventurero-avanzado-ssi\/#primaryimage","url":"https:\/\/calerodiving.com\/wp-content\/uploads\/2025\/07\/Scuba_Diving_Advanced_adeventurer_calero.jpg","contentUrl":"https:\/\/calerodiving.com\/wp-content\/uploads\/2025\/07\/Scuba_Diving_Advanced_adeventurer_calero.jpg"},{"@type":"BreadcrumbList","@id":"https:\/\/calerodiving.com\/es\/buceador-aventurero-avanzado-ssi\/#breadcrumb","itemListElement":[{"@type":"ListItem","position":1,"name":"Home","item":"https:\/\/calerodiving.com\/es\/"},{"@type":"ListItem","position":2,"name":"Buceador Aventurero Avanzado SSI"}]},{"@type":"WebSite","@id":"https:\/\/calerodiving.com\/#website","url":"https:\/\/calerodiving.com\/","name":"Calero Diving Lanzarote","description":"Diving Center Lanzarote","publisher":{"@id":"https:\/\/calerodiving.com\/#organization"},"alternateName":"Calero Diving","potentialAction":[{"@type":"SearchAction","target":{"@type":"EntryPoint","urlTemplate":"https:\/\/calerodiving.com\/?s={search_term_string}"},"query-input":{"@type":"PropertyValueSpecification","valueRequired":true,"valueName":"search_term_string"}}],"inLanguage":"es"},{"@type":"Organization","@id":"https:\/\/calerodiving.com\/#organization","name":"Calero Diving Lanzarote","alternateName":"Calero Diving","url":"https:\/\/calerodiving.com\/","logo":{"@type":"ImageObject","inLanguage":"es","@id":"https:\/\/calerodiving.com\/#\/schema\/logo\/image\/","url":"https:\/\/calerodiving.com\/wp-content\/uploads\/2025\/05\/Grupo.png","contentUrl":"https:\/\/calerodiving.com\/wp-content\/uploads\/2025\/05\/Grupo.png","width":499,"height":590,"caption":"Calero Diving Lanzarote"},"image":{"@id":"https:\/\/calerodiving.com\/#\/schema\/logo\/image\/"},"sameAs":["https:\/\/www.facebook.com\/calerodiving\/","https:\/\/www.instagram.com\/calerodiving\/"]}]}},"_links":{"self":[{"href":"https:\/\/calerodiving.com\/es\/wp-json\/wp\/v2\/pages\/25014","targetHints":{"allow":["GET"]}}],"collection":[{"href":"https:\/\/calerodiving.com\/es\/wp-json\/wp\/v2\/pages"}],"about":[{"href":"https:\/\/calerodiving.com\/es\/wp-json\/wp\/v2\/types\/page"}],"author":[{"embeddable":true,"href":"https:\/\/calerodiving.com\/es\/wp-json\/wp\/v2\/users\/10"}],"replies":[{"embeddable":true,"href":"https:\/\/calerodiving.com\/es\/wp-json\/wp\/v2\/comments?post=25014"}],"version-history":[{"count":4,"href":"https:\/\/calerodiving.com\/es\/wp-json\/wp\/v2\/pages\/25014\/revisions"}],"predecessor-version":[{"id":25505,"href":"https:\/\/calerodiving.com\/es\/wp-json\/wp\/v2\/pages\/25014\/revisions\/25505"}],"wp:attachment":[{"href":"https:\/\/calerodiving.com\/es\/wp-json\/wp\/v2\/media?parent=25014"}],"curies":[{"name":"wp","href":"https:\/\/api.w.org\/{rel}","templated":true}]}}