{"id":25005,"date":"2025-09-01T13:29:43","date_gmt":"2025-09-01T12:29:43","guid":{"rendered":"https:\/\/calerodiving.com\/paquete-de-especialidades\/"},"modified":"2026-04-20T12:39:19","modified_gmt":"2026-04-20T11:39:19","slug":"paquete-de-especialidades","status":"publish","type":"page","link":"https:\/\/calerodiving.com\/es\/paquete-de-especialidades\/","title":{"rendered":"Paquete de especialidades"},"content":{"rendered":"\t\t<div data-elementor-type=\"wp-page\" data-elementor-id=\"25005\" class=\"elementor elementor-25005 elementor-20505\" data-elementor-post-type=\"page\">\n\t\t\t\t<div class=\"elementor-element elementor-element-90cd139 e-flex e-con-boxed e-con e-parent\" data-id=\"90cd139\" data-element_type=\"container\" data-e-type=\"container\">\n\t\t\t\t\t<div class=\"e-con-inner\">\n\t\t<div class=\"elementor-element elementor-element-54a4fc0 e-con-full e-flex e-con e-child\" data-id=\"54a4fc0\" data-element_type=\"container\" data-e-type=\"container\">\n\t\t\t\t<div class=\"elementor-element elementor-element-258d91c elementor-widget elementor-widget-image\" data-id=\"258d91c\" data-element_type=\"widget\" data-e-type=\"widget\" data-widget_type=\"image.default\">\n\t\t\t\t<div class=\"elementor-widget-container\">\n\t\t\t\t\t\t\t\t\t\t\t\t\t\t\t<img fetchpriority=\"high\" decoding=\"async\" width=\"800\" height=\"534\" src=\"https:\/\/calerodiving.com\/wp-content\/uploads\/2025\/07\/image-1030x687.webp\" class=\"attachment-large size-large wp-image-20254\" alt=\"\" srcset=\"https:\/\/calerodiving.com\/wp-content\/uploads\/2025\/07\/image-1030x687.webp 1030w, https:\/\/calerodiving.com\/wp-content\/uploads\/2025\/07\/image-300x200.webp 300w, https:\/\/calerodiving.com\/wp-content\/uploads\/2025\/07\/image-768x512.webp 768w, https:\/\/calerodiving.com\/wp-content\/uploads\/2025\/07\/image.webp 1299w\" sizes=\"(max-width: 800px) 100vw, 800px\" \/>\t\t\t\t\t\t\t\t\t\t\t\t\t\t\t<\/div>\n\t\t\t\t<\/div>\n\t\t\t\t<\/div>\n\t\t<div class=\"elementor-element elementor-element-10042ac e-con-full e-flex e-con e-child\" data-id=\"10042ac\" data-element_type=\"container\" data-e-type=\"container\">\n\t\t<div class=\"elementor-element elementor-element-a0f5b72 e-con-full e-flex e-con e-child\" data-id=\"a0f5b72\" data-element_type=\"container\" data-e-type=\"container\">\n\t\t\t\t<div class=\"elementor-element elementor-element-ae75b43 elementor-widget elementor-widget-html\" data-id=\"ae75b43\" data-element_type=\"widget\" data-e-type=\"widget\" data-widget_type=\"html.default\">\n\t\t\t\t<div class=\"elementor-widget-container\">\n\t\t\t\t\t<a href=\"https:\/\/calerodiving.com\/es\/cursos-de-buceo-recreativo\/#specialties\" class=\"tag-button\">especialidades<\/a>\n\t\t\t\t<\/div>\n\t\t\t\t<\/div>\n\t\t\t\t<div class=\"elementor-element elementor-element-49f38a8 elementor-widget elementor-widget-heading\" data-id=\"49f38a8\" data-element_type=\"widget\" data-e-type=\"widget\" data-widget_type=\"heading.default\">\n\t\t\t\t<div class=\"elementor-widget-container\">\n\t\t\t\t\t<h2 class=\"elementor-heading-title elementor-size-default\">Pack de 2 especialidades\n<\/h2>\t\t\t\t<\/div>\n\t\t\t\t<\/div>\n\t\t\t\t<\/div>\n\t\t\t\t<\/div>\n\t\t\t\t\t<\/div>\n\t\t\t\t<\/div>\n\t\t<div class=\"elementor-element elementor-element-1482169 e-flex e-con-boxed e-con e-parent\" data-id=\"1482169\" data-element_type=\"container\" data-e-type=\"container\">\n\t\t\t\t\t<div class=\"e-con-inner\">\n\t\t<div class=\"elementor-element elementor-element-9578932 e-con-full e-flex e-con e-child\" data-id=\"9578932\" data-element_type=\"container\" data-e-type=\"container\">\n\t\t<div class=\"elementor-element elementor-element-af03b85 e-con-full e-flex e-con e-child\" data-id=\"af03b85\" data-element_type=\"container\" data-e-type=\"container\">\n\t\t\t\t<div class=\"elementor-element elementor-element-177bba5 elementor-widget elementor-widget-heading\" data-id=\"177bba5\" data-element_type=\"widget\" data-e-type=\"widget\" data-widget_type=\"heading.default\">\n\t\t\t\t<div class=\"elementor-widget-container\">\n\t\t\t\t\t<h2 class=\"elementor-heading-title elementor-size-default\">Descripci\u00f3n general:<\/h2>\t\t\t\t<\/div>\n\t\t\t\t<\/div>\n\t\t\t\t<div class=\"elementor-element elementor-element-46a057f elementor-widget elementor-widget-text-editor\" data-id=\"46a057f\" data-element_type=\"widget\" data-e-type=\"widget\" data-widget_type=\"text-editor.default\">\n\t\t\t\t<div class=\"elementor-widget-container\">\n\t\t\t\t\t\t\t\t\t<div class=\"section-list\"><h3>Resumen del programa:<\/h3><p>Este paquete est\u00e1 pensado para buceadores certificados que quieren seguir form\u00e1ndose de una forma inteligente y flexible. En lugar de reservar una sola especialidad por separado, puedes combinar 2 especialidades SSI en un mismo paquete a un mejor precio.<\/p><p><span style=\"font-family: -apple-system, BlinkMacSystemFont, 'SF Pro Display', 'Helvetica Neue', sans-serif;\">Es la opci\u00f3n ideal si quieres mejorar tus habilidades, ganar m\u00e1s confianza bajo el agua y aprovechar al m\u00e1ximo tu tiempo de buceo en Lanzarote.<\/span><\/p><h3>Elige las especialidades que mejor se adapten a ti<\/h3><p>Puedes elegir entre una amplia variedad de especialidades SSI, seg\u00fan tus intereses, tu nivel de certificaci\u00f3n y el tipo de buceo que quieras hacer a continuaci\u00f3n.<\/p><p>Algunas combinaciones populares son:<\/p><ul><li>Deep Diving + Enriched Air Nitrox<\/li><li>Flotabilidad perfecta + Navigation<\/li><li>Buceo en pecios + Enriched Air Nitrox<\/li><li>Photo &amp; Video + Flotabilidad perfecta<\/li><\/ul><p>\u2026y muchas m\u00e1s combinaciones son posibles.<\/p><h3>\u00bfPor qu\u00e9 elegir este pack?<\/h3><ul><li>Mejor precio que reservar 2 especialidades por separado<\/li><li>Combinaci\u00f3n flexible seg\u00fan tus objetivos y experiencia<\/li><li>Progresi\u00f3n m\u00e1s r\u00e1pida en tu formaci\u00f3n de buceo<\/li><li>Un paso ideal hacia niveles superiores de reconocimiento SSI<\/li><\/ul><h3>Sigue creciendo como buceador<\/h3><p>Completar especialidades es una de las mejores formas de crecer como buceador. Te ayuda a ganar confianza, mejorar tus habilidades y prepararte mejor para distintos entornos y situaciones bajo el agua.<\/p><p><span style=\"font-family: -apple-system, BlinkMacSystemFont, 'SF Pro Display', 'Helvetica Neue', sans-serif;\">Si no est\u00e1s seguro de qu\u00e9 2 especialidades son las mejores para ti, estaremos encantados de ayudarte a elegir la combinaci\u00f3n que mejor se adapte a tu nivel de buceo y a tus objetivos futuros.<\/span><\/p><h3>Duraci\u00f3n<\/h3><ul><li>Depende de las especialidades elegidas<\/li><\/ul><h3>Incluye<\/h3><ul><li>2 programas de especialidad SSI<\/li><li>Materiales digitales<\/li><li>Certificaciones SSI<\/li><\/ul><h3>No incluido<\/h3><ul><li>Seguro de buceo<\/li><li>Alquiler de equipo (si es necesario)<\/li><li>Extras espec\u00edficos de la especialidad no incluidos en los cursos seleccionados<\/li><\/ul><h3>Requisitos<\/h3><ul><li>El nivel m\u00ednimo de certificaci\u00f3n depende de las especialidades elegidas<\/li><\/ul><h3>Otros cursos que podr\u00edan interesarte<\/h3><ul><li>Deep Diving<\/li><li>Enriched Air Nitrox<\/li><li>Diver Stress &amp; Rescue<\/li><\/ul><\/div>\t\t\t\t\t\t\t\t<\/div>\n\t\t\t\t<\/div>\n\t\t\t\t<\/div>\n\t\t\t\t<\/div>\n\t\t<div class=\"elementor-element elementor-element-a4a2793 e-con-full e-flex e-con e-child\" data-id=\"a4a2793\" data-element_type=\"container\" data-e-type=\"container\">\n\t\t<div class=\"elementor-element elementor-element-521cdd9 e-con-full course-sidebar-box e-flex e-con e-child\" data-id=\"521cdd9\" data-element_type=\"container\" data-e-type=\"container\" data-settings=\"{&quot;sticky&quot;:&quot;top&quot;,&quot;sticky_offset&quot;:110,&quot;sticky_effects_offset&quot;:130,&quot;sticky_parent&quot;:&quot;yes&quot;,&quot;sticky_on&quot;:[&quot;desktop&quot;,&quot;tablet&quot;,&quot;mobile&quot;],&quot;sticky_anchor_link_offset&quot;:0}\">\n\t\t\t\t<div class=\"elementor-element elementor-element-81ddace elementor-widget elementor-widget-text-editor\" data-id=\"81ddace\" data-element_type=\"widget\" data-e-type=\"widget\" data-widget_type=\"text-editor.default\">\n\t\t\t\t<div class=\"elementor-widget-container\">\n\t\t\t\t\t\t\t\t\t<div class=\"courses-info\"><h6 class=\"no-margin\">Duraci\u00f3n:<\/h6><p class=\"no-margin\">Depende de las especialidades<\/p><\/div><div class=\"courses-info\"><h6 class=\"no-margin\">Precio:<\/h6><p class=\"no-margin\">Desde: 650 \u20ac<\/p><\/div>\t\t\t\t\t\t\t\t<\/div>\n\t\t\t\t<\/div>\n\t\t\t\t<div class=\"elementor-element elementor-element-bba660d elementor-mobile-align-center elementor-widget elementor-widget-button\" data-id=\"bba660d\" data-element_type=\"widget\" data-e-type=\"widget\" data-widget_type=\"button.default\">\n\t\t\t\t<div class=\"elementor-widget-container\">\n\t\t\t\t\t\t\t\t\t<div class=\"elementor-button-wrapper\">\n\t\t\t\t\t<a class=\"elementor-button elementor-button-link elementor-size-sm\" href=\"https:\/\/app.bukyapp.com\/front\/6213b2319a1bbf005fa0b870\/product\/679909b56a7ebab23e5768cf?lang=en&#038;_gl=1*1tyln27*_ga*ODU1MDM5OTIuMTc0MTE5MTcyMQ..*_ga_4WWMT2EY3C*czE3NTI0ODk3MzckbzY0JGcxJHQxNzUyNDg5ODMyJGoyNiRsMCRoMA..\">\n\t\t\t\t\t\t<span class=\"elementor-button-content-wrapper\">\n\t\t\t\t\t\t\t\t\t<span class=\"elementor-button-text\">Comprar curso<\/span>\n\t\t\t\t\t<\/span>\n\t\t\t\t\t<\/a>\n\t\t\t\t<\/div>\n\t\t\t\t\t\t\t\t<\/div>\n\t\t\t\t<\/div>\n\t\t\t\t<\/div>\n\t\t\t\t<\/div>\n\t\t\t\t\t<\/div>\n\t\t\t\t<\/div>\n\t\t\t\t<\/div>\n\t\t","protected":false},"excerpt":{"rendered":"<p>especialidades Pack de 2 especialidades Descripci\u00f3n general: Resumen del programa: Este paquete est\u00e1 pensado para buceadores certificados que quieren seguir form\u00e1ndose de una forma inteligente y flexible. En lugar de reservar una sola especialidad por separado, puedes combinar 2 especialidades SSI en un mismo paquete a un mejor precio. Es la opci\u00f3n ideal si quieres [&hellip;]<\/p>\n","protected":false},"author":10,"featured_media":0,"parent":0,"menu_order":0,"comment_status":"closed","ping_status":"closed","template":"","meta":{"_acf_changed":false,"footnotes":""},"class_list":["post-25005","page","type-page","status-publish","hentry"],"acf":[],"yoast_head":"<!-- This site is optimized with the Yoast SEO plugin v27.5 - https:\/\/yoast.com\/product\/yoast-seo-wordpress\/ -->\n<title>Paquete de especialidades | Calero Diving Lanzarote<\/title>\n<meta name=\"robots\" content=\"index, follow, max-snippet:-1, max-image-preview:large, max-video-preview:-1\" \/>\n<link rel=\"canonical\" href=\"https:\/\/calerodiving.com\/specialties-package\/\" \/>\n<meta property=\"og:locale\" content=\"es_ES\" \/>\n<meta property=\"og:type\" content=\"article\" \/>\n<meta property=\"og:title\" content=\"Paquete de especialidades | Calero Diving Lanzarote\" \/>\n<meta property=\"og:description\" content=\"especialidades Pack de 2 especialidades Descripci\u00f3n general: Resumen del programa: Este paquete est\u00e1 pensado para buceadores certificados que quieren seguir form\u00e1ndose de una forma inteligente y flexible. En lugar de reservar una sola especialidad por separado, puedes combinar 2 especialidades SSI en un mismo paquete a un mejor precio. Es la opci\u00f3n ideal si quieres [&hellip;]\" \/>\n<meta property=\"og:url\" content=\"https:\/\/calerodiving.com\/specialties-package\/\" \/>\n<meta property=\"og:site_name\" content=\"Calero Diving Lanzarote\" \/>\n<meta property=\"article:publisher\" content=\"https:\/\/www.facebook.com\/calerodiving\/\" \/>\n<meta property=\"article:modified_time\" content=\"2026-04-20T11:39:19+00:00\" \/>\n<meta property=\"og:image\" content=\"https:\/\/calerodiving.com\/wp-content\/uploads\/2025\/07\/image.webp\" \/>\n\t<meta property=\"og:image:width\" content=\"1299\" \/>\n\t<meta property=\"og:image:height\" content=\"866\" \/>\n\t<meta property=\"og:image:type\" content=\"image\/webp\" \/>\n<meta name=\"twitter:card\" content=\"summary_large_image\" \/>\n<meta name=\"twitter:label1\" content=\"Tiempo de lectura\" \/>\n\t<meta name=\"twitter:data1\" content=\"2 minutos\" \/>\n<script type=\"application\/ld+json\" class=\"yoast-schema-graph\">{\"@context\":\"https:\\\/\\\/schema.org\",\"@graph\":[{\"@type\":\"WebPage\",\"@id\":\"https:\\\/\\\/calerodiving.com\\\/specialties-package\\\/\",\"url\":\"https:\\\/\\\/calerodiving.com\\\/specialties-package\\\/\",\"name\":\"Paquete de especialidades | Calero Diving Lanzarote\",\"isPartOf\":{\"@id\":\"https:\\\/\\\/calerodiving.com\\\/#website\"},\"primaryImageOfPage\":{\"@id\":\"https:\\\/\\\/calerodiving.com\\\/specialties-package\\\/#primaryimage\"},\"image\":{\"@id\":\"https:\\\/\\\/calerodiving.com\\\/specialties-package\\\/#primaryimage\"},\"thumbnailUrl\":\"https:\\\/\\\/calerodiving.com\\\/wp-content\\\/uploads\\\/2025\\\/07\\\/image-1030x687.webp\",\"datePublished\":\"2025-09-01T12:29:43+00:00\",\"dateModified\":\"2026-04-20T11:39:19+00:00\",\"breadcrumb\":{\"@id\":\"https:\\\/\\\/calerodiving.com\\\/specialties-package\\\/#breadcrumb\"},\"inLanguage\":\"es\",\"potentialAction\":[{\"@type\":\"ReadAction\",\"target\":[\"https:\\\/\\\/calerodiving.com\\\/specialties-package\\\/\"]}]},{\"@type\":\"ImageObject\",\"inLanguage\":\"es\",\"@id\":\"https:\\\/\\\/calerodiving.com\\\/specialties-package\\\/#primaryimage\",\"url\":\"https:\\\/\\\/calerodiving.com\\\/wp-content\\\/uploads\\\/2025\\\/07\\\/image-1030x687.webp\",\"contentUrl\":\"https:\\\/\\\/calerodiving.com\\\/wp-content\\\/uploads\\\/2025\\\/07\\\/image-1030x687.webp\"},{\"@type\":\"BreadcrumbList\",\"@id\":\"https:\\\/\\\/calerodiving.com\\\/specialties-package\\\/#breadcrumb\",\"itemListElement\":[{\"@type\":\"ListItem\",\"position\":1,\"name\":\"Home\",\"item\":\"https:\\\/\\\/calerodiving.com\\\/es\\\/\"},{\"@type\":\"ListItem\",\"position\":2,\"name\":\"Paquete de especialidades\"}]},{\"@type\":\"WebSite\",\"@id\":\"https:\\\/\\\/calerodiving.com\\\/#website\",\"url\":\"https:\\\/\\\/calerodiving.com\\\/\",\"name\":\"Calero Diving Lanzarote\",\"description\":\"Diving Center Lanzarote\",\"publisher\":{\"@id\":\"https:\\\/\\\/calerodiving.com\\\/#organization\"},\"alternateName\":\"Calero Diving\",\"potentialAction\":[{\"@type\":\"SearchAction\",\"target\":{\"@type\":\"EntryPoint\",\"urlTemplate\":\"https:\\\/\\\/calerodiving.com\\\/?s={search_term_string}\"},\"query-input\":{\"@type\":\"PropertyValueSpecification\",\"valueRequired\":true,\"valueName\":\"search_term_string\"}}],\"inLanguage\":\"es\"},{\"@type\":\"Organization\",\"@id\":\"https:\\\/\\\/calerodiving.com\\\/#organization\",\"name\":\"Calero Diving Lanzarote\",\"alternateName\":\"Calero Diving\",\"url\":\"https:\\\/\\\/calerodiving.com\\\/\",\"logo\":{\"@type\":\"ImageObject\",\"inLanguage\":\"es\",\"@id\":\"https:\\\/\\\/calerodiving.com\\\/#\\\/schema\\\/logo\\\/image\\\/\",\"url\":\"https:\\\/\\\/calerodiving.com\\\/wp-content\\\/uploads\\\/2025\\\/05\\\/Grupo.png\",\"contentUrl\":\"https:\\\/\\\/calerodiving.com\\\/wp-content\\\/uploads\\\/2025\\\/05\\\/Grupo.png\",\"width\":499,\"height\":590,\"caption\":\"Calero Diving Lanzarote\"},\"image\":{\"@id\":\"https:\\\/\\\/calerodiving.com\\\/#\\\/schema\\\/logo\\\/image\\\/\"},\"sameAs\":[\"https:\\\/\\\/www.facebook.com\\\/calerodiving\\\/\",\"https:\\\/\\\/www.instagram.com\\\/calerodiving\\\/\"]}]}<\/script>\n<!-- \/ Yoast SEO plugin. -->","yoast_head_json":{"title":"Paquete de especialidades | Calero Diving Lanzarote","robots":{"index":"index","follow":"follow","max-snippet":"max-snippet:-1","max-image-preview":"max-image-preview:large","max-video-preview":"max-video-preview:-1"},"canonical":"https:\/\/calerodiving.com\/specialties-package\/","og_locale":"es_ES","og_type":"article","og_title":"Paquete de especialidades | Calero Diving Lanzarote","og_description":"especialidades Pack de 2 especialidades Descripci\u00f3n general: Resumen del programa: Este paquete est\u00e1 pensado para buceadores certificados que quieren seguir form\u00e1ndose de una forma inteligente y flexible. En lugar de reservar una sola especialidad por separado, puedes combinar 2 especialidades SSI en un mismo paquete a un mejor precio. Es la opci\u00f3n ideal si quieres [&hellip;]","og_url":"https:\/\/calerodiving.com\/specialties-package\/","og_site_name":"Calero Diving Lanzarote","article_publisher":"https:\/\/www.facebook.com\/calerodiving\/","article_modified_time":"2026-04-20T11:39:19+00:00","og_image":[{"width":1299,"height":866,"url":"https:\/\/calerodiving.com\/wp-content\/uploads\/2025\/07\/image.webp","type":"image\/webp"}],"twitter_card":"summary_large_image","twitter_misc":{"Tiempo de lectura":"2 minutos"},"schema":{"@context":"https:\/\/schema.org","@graph":[{"@type":"WebPage","@id":"https:\/\/calerodiving.com\/specialties-package\/","url":"https:\/\/calerodiving.com\/specialties-package\/","name":"Paquete de especialidades | Calero Diving Lanzarote","isPartOf":{"@id":"https:\/\/calerodiving.com\/#website"},"primaryImageOfPage":{"@id":"https:\/\/calerodiving.com\/specialties-package\/#primaryimage"},"image":{"@id":"https:\/\/calerodiving.com\/specialties-package\/#primaryimage"},"thumbnailUrl":"https:\/\/calerodiving.com\/wp-content\/uploads\/2025\/07\/image-1030x687.webp","datePublished":"2025-09-01T12:29:43+00:00","dateModified":"2026-04-20T11:39:19+00:00","breadcrumb":{"@id":"https:\/\/calerodiving.com\/specialties-package\/#breadcrumb"},"inLanguage":"es","potentialAction":[{"@type":"ReadAction","target":["https:\/\/calerodiving.com\/specialties-package\/"]}]},{"@type":"ImageObject","inLanguage":"es","@id":"https:\/\/calerodiving.com\/specialties-package\/#primaryimage","url":"https:\/\/calerodiving.com\/wp-content\/uploads\/2025\/07\/image-1030x687.webp","contentUrl":"https:\/\/calerodiving.com\/wp-content\/uploads\/2025\/07\/image-1030x687.webp"},{"@type":"BreadcrumbList","@id":"https:\/\/calerodiving.com\/specialties-package\/#breadcrumb","itemListElement":[{"@type":"ListItem","position":1,"name":"Home","item":"https:\/\/calerodiving.com\/es\/"},{"@type":"ListItem","position":2,"name":"Paquete de especialidades"}]},{"@type":"WebSite","@id":"https:\/\/calerodiving.com\/#website","url":"https:\/\/calerodiving.com\/","name":"Calero Diving Lanzarote","description":"Diving Center Lanzarote","publisher":{"@id":"https:\/\/calerodiving.com\/#organization"},"alternateName":"Calero Diving","potentialAction":[{"@type":"SearchAction","target":{"@type":"EntryPoint","urlTemplate":"https:\/\/calerodiving.com\/?s={search_term_string}"},"query-input":{"@type":"PropertyValueSpecification","valueRequired":true,"valueName":"search_term_string"}}],"inLanguage":"es"},{"@type":"Organization","@id":"https:\/\/calerodiving.com\/#organization","name":"Calero Diving Lanzarote","alternateName":"Calero Diving","url":"https:\/\/calerodiving.com\/","logo":{"@type":"ImageObject","inLanguage":"es","@id":"https:\/\/calerodiving.com\/#\/schema\/logo\/image\/","url":"https:\/\/calerodiving.com\/wp-content\/uploads\/2025\/05\/Grupo.png","contentUrl":"https:\/\/calerodiving.com\/wp-content\/uploads\/2025\/05\/Grupo.png","width":499,"height":590,"caption":"Calero Diving Lanzarote"},"image":{"@id":"https:\/\/calerodiving.com\/#\/schema\/logo\/image\/"},"sameAs":["https:\/\/www.facebook.com\/calerodiving\/","https:\/\/www.instagram.com\/calerodiving\/"]}]}},"_links":{"self":[{"href":"https:\/\/calerodiving.com\/es\/wp-json\/wp\/v2\/pages\/25005","targetHints":{"allow":["GET"]}}],"collection":[{"href":"https:\/\/calerodiving.com\/es\/wp-json\/wp\/v2\/pages"}],"about":[{"href":"https:\/\/calerodiving.com\/es\/wp-json\/wp\/v2\/types\/page"}],"author":[{"embeddable":true,"href":"https:\/\/calerodiving.com\/es\/wp-json\/wp\/v2\/users\/10"}],"replies":[{"embeddable":true,"href":"https:\/\/calerodiving.com\/es\/wp-json\/wp\/v2\/comments?post=25005"}],"version-history":[{"count":13,"href":"https:\/\/calerodiving.com\/es\/wp-json\/wp\/v2\/pages\/25005\/revisions"}],"predecessor-version":[{"id":28257,"href":"https:\/\/calerodiving.com\/es\/wp-json\/wp\/v2\/pages\/25005\/revisions\/28257"}],"wp:attachment":[{"href":"https:\/\/calerodiving.com\/es\/wp-json\/wp\/v2\/media?parent=25005"}],"curies":[{"name":"wp","href":"https:\/\/api.w.org\/{rel}","templated":true}]}}