{"id":24975,"date":"2025-09-01T13:29:29","date_gmt":"2025-09-01T12:29:29","guid":{"rendered":"https:\/\/calerodiving.com\/las-coloradas\/"},"modified":"2026-04-20T14:25:48","modified_gmt":"2026-04-20T13:25:48","slug":"las-coloradas","status":"publish","type":"page","link":"https:\/\/calerodiving.com\/es\/las-coloradas\/","title":{"rendered":"Las Coloradas"},"content":{"rendered":"\t\t<div data-elementor-type=\"wp-page\" data-elementor-id=\"24975\" class=\"elementor elementor-24975 elementor-19828\" data-elementor-post-type=\"page\">\n\t\t\t\t<div class=\"elementor-element elementor-element-3ce0881 e-flex e-con-boxed e-con e-parent\" data-id=\"3ce0881\" data-element_type=\"container\" data-e-type=\"container\">\n\t\t\t\t\t<div class=\"e-con-inner\">\n\t\t<div class=\"elementor-element elementor-element-69e8a0a e-con-full e-flex e-con e-child\" data-id=\"69e8a0a\" data-element_type=\"container\" data-e-type=\"container\">\n\t\t<div class=\"elementor-element elementor-element-ea97177 e-con-full e-flex e-con e-child\" data-id=\"ea97177\" data-element_type=\"container\" data-e-type=\"container\">\n\t\t\t\t<div class=\"elementor-element elementor-element-a1ad1e4 elementor-widget elementor-widget-heading\" data-id=\"a1ad1e4\" data-element_type=\"widget\" data-e-type=\"widget\" data-widget_type=\"heading.default\">\n\t\t\t\t<div class=\"elementor-widget-container\">\n\t\t\t\t\t<h2 class=\"elementor-heading-title elementor-size-default\">Las Coloradas<\/h2>\t\t\t\t<\/div>\n\t\t\t\t<\/div>\n\t\t\t\t<\/div>\n\t\t\t\t<\/div>\n\t\t\t\t\t<\/div>\n\t\t\t\t<\/div>\n\t\t<div class=\"elementor-element elementor-element-d6fb9b8 e-flex e-con-boxed e-con e-parent\" data-id=\"d6fb9b8\" data-element_type=\"container\" data-e-type=\"container\">\n\t\t\t\t\t<div class=\"e-con-inner\">\n\t\t<div class=\"elementor-element elementor-element-4e3b7e5 e-con-full e-flex e-con e-child\" data-id=\"4e3b7e5\" data-element_type=\"container\" data-e-type=\"container\">\n\t\t<div class=\"elementor-element elementor-element-e2daf6f e-con-full e-flex e-con e-child\" data-id=\"e2daf6f\" data-element_type=\"container\" data-e-type=\"container\">\n\t\t\t\t<div class=\"elementor-element elementor-element-1b095b2 elementor-widget elementor-widget-image\" data-id=\"1b095b2\" data-element_type=\"widget\" data-e-type=\"widget\" data-widget_type=\"image.default\">\n\t\t\t\t<div class=\"elementor-widget-container\">\n\t\t\t\t\t\t\t\t\t\t\t\t\t\t\t<img fetchpriority=\"high\" decoding=\"async\" width=\"1060\" height=\"595\" src=\"https:\/\/calerodiving.com\/wp-content\/uploads\/2017\/09\/coloradas.jpg\" class=\"attachment-full size-full wp-image-449\" alt=\"\" srcset=\"https:\/\/calerodiving.com\/wp-content\/uploads\/2017\/09\/coloradas.jpg 1060w, https:\/\/calerodiving.com\/wp-content\/uploads\/2017\/09\/coloradas-300x168.jpg 300w, https:\/\/calerodiving.com\/wp-content\/uploads\/2017\/09\/coloradas-768x431.jpg 768w, https:\/\/calerodiving.com\/wp-content\/uploads\/2017\/09\/coloradas-1030x578.jpg 1030w, https:\/\/calerodiving.com\/wp-content\/uploads\/2017\/09\/coloradas-705x396.jpg 705w, https:\/\/calerodiving.com\/wp-content\/uploads\/2017\/09\/coloradas-450x253.jpg 450w\" sizes=\"(max-width: 1060px) 100vw, 1060px\" \/>\t\t\t\t\t\t\t\t\t\t\t\t\t\t\t<\/div>\n\t\t\t\t<\/div>\n\t\t\t\t<div class=\"elementor-element elementor-element-10279dc elementor-widget elementor-widget-text-editor\" data-id=\"10279dc\" data-element_type=\"widget\" data-e-type=\"widget\" data-widget_type=\"text-editor.default\">\n\t\t\t\t<div class=\"elementor-widget-container\">\n\t\t\t\t\t\t\t\t\t<p data-start=\"869\" data-end=\"1010\">Las Coloradas es el arrecife continuo m\u00e1s largo de Playa Blanca y cuenta con dos zonas de inmersi\u00f3n diferenciadas: Coloradas 1 y Coloradas 2.<\/p><p data-start=\"1012\" data-end=\"1139\">Con profundidades entre 12 y 18 metros, el punto de inmersi\u00f3n es ideal tanto para buceadores principiantes como experimentados.<\/p><p data-start=\"1141\" data-end=\"1266\">Puedes atravesar el emblem\u00e1tico arco de Coloradas o explorar una peque\u00f1a cueva que atraviesa el arrecife hacia la superficie.<\/p><p data-start=\"1268\" data-end=\"1451\">Una de las caracter\u00edsticas m\u00e1s destacadas de este arrecife es su forma relativamente estrecha, que permite explorar f\u00e1cilmente ambos lados y cruzar de uno a otro durante la inmersi\u00f3n.<\/p><p data-start=\"1453\" data-end=\"1607\">Al discurrir paralelo a la costa, el arrecife est\u00e1 bien protegido de las corrientes y alberga bancos de barracudas y doradas, adem\u00e1s de rayas y angelotes.<\/p>\t\t\t\t\t\t\t\t<\/div>\n\t\t\t\t<\/div>\n\t\t\t\t<\/div>\n\t\t\t\t<\/div>\n\t\t<div class=\"elementor-element elementor-element-de3dedb e-con-full e-flex e-con e-child\" data-id=\"de3dedb\" data-element_type=\"container\" data-e-type=\"container\">\n\t\t<div class=\"elementor-element elementor-element-c248981 e-con-full course-sidebar-box e-flex e-con e-child\" data-id=\"c248981\" data-element_type=\"container\" data-e-type=\"container\" data-settings=\"{&quot;sticky&quot;:&quot;top&quot;,&quot;sticky_offset&quot;:110,&quot;sticky_effects_offset&quot;:130,&quot;sticky_parent&quot;:&quot;yes&quot;,&quot;sticky_on&quot;:[&quot;desktop&quot;,&quot;tablet&quot;,&quot;mobile&quot;],&quot;sticky_anchor_link_offset&quot;:0}\">\n\t\t\t\t<div class=\"elementor-element elementor-element-e9bb465 elementor-widget elementor-widget-image\" data-id=\"e9bb465\" data-element_type=\"widget\" data-e-type=\"widget\" data-widget_type=\"image.default\">\n\t\t\t\t<div class=\"elementor-widget-container\">\n\t\t\t\t\t\t\t\t\t\t\t\t\t\t\t<img decoding=\"async\" width=\"414\" height=\"416\" src=\"https:\/\/calerodiving.com\/wp-content\/uploads\/2025\/07\/Las_coloradas_QR.png\" class=\"attachment-large size-large wp-image-21826\" alt=\"\" srcset=\"https:\/\/calerodiving.com\/wp-content\/uploads\/2025\/07\/Las_coloradas_QR.png 414w, https:\/\/calerodiving.com\/wp-content\/uploads\/2025\/07\/Las_coloradas_QR-300x300.png 300w, https:\/\/calerodiving.com\/wp-content\/uploads\/2025\/07\/Las_coloradas_QR-80x80.png 80w\" sizes=\"(max-width: 414px) 100vw, 414px\" \/>\t\t\t\t\t\t\t\t\t\t\t\t\t\t\t<\/div>\n\t\t\t\t<\/div>\n\t\t\t\t<div class=\"elementor-element elementor-element-1f8c12c elementor-widget elementor-widget-text-editor\" data-id=\"1f8c12c\" data-element_type=\"widget\" data-e-type=\"widget\" data-widget_type=\"text-editor.default\">\n\t\t\t\t<div class=\"elementor-widget-container\">\n\t\t\t\t\t\t\t\t\t<div class=\"courses-info\">\n<p style=\"margin: 0 0 10px;\"><span style=\"color: #ffffff;\"><strong>Tipo de inmersi\u00f3n:<\/strong> arrecife volc\u00e1nico<\/span><\/p>\n<p style=\"margin: 0 0 10px;\"><span style=\"color: #ffffff;\"><strong>Profundidad m\u00e1xima:<\/strong> aprox. 18 metros<\/span><\/p>\n<p style=\"margin: 0 0 10px;\"><span style=\"color: #ffffff;\"><strong>Adecuado para:<\/strong> todos los niveles de buceo<\/span><\/p>\n<p style=\"margin: 0;\"><span style=\"color: #ffffff;\"><strong>Qu\u00e9 ver:<\/strong> formaciones de lava, arcos, pasos, barracudas, rayas, doradas y vida de arrecife<\/span><\/p>\n<\/div>\t\t\t\t\t\t\t\t<\/div>\n\t\t\t\t<\/div>\n\t\t\t\t<div class=\"elementor-element elementor-element-bcb3833 elementor-widget elementor-widget-ucaddon_underline_link_hover_effect\" data-id=\"bcb3833\" data-element_type=\"widget\" data-e-type=\"widget\" data-widget_type=\"ucaddon_underline_link_hover_effect.default\">\n\t\t\t\t<div class=\"elementor-widget-container\">\n\t\t\t\t\t\n<!-- start Underline Link Hover Effect -->\n\t\t<link id='font-awesome-css' href='https:\/\/calerodiving.com\/wp-content\/plugins\/unlimited-elements-for-elementor-premium\/assets_libraries\/font-awesome6\/fontawesome-all.min.css' type='text\/css' rel='stylesheet' >\n\t\t<link id='font-awesome-4-shim-css' href='https:\/\/calerodiving.com\/wp-content\/plugins\/unlimited-elements-for-elementor-premium\/assets_libraries\/font-awesome6\/fontawesome-v4-shims.min.css' type='text\/css' rel='stylesheet' >\n\n<style>\/* widget: Underline Link Hover Effect *\/\n\n#uc_underline_link_hover_effect_elementor_bcb3833{\n  display:flex;\n} \n\n#uc_underline_link_hover_effect_elementor_bcb3833 a.ue-link{\n  display:flex;\n  position:relative;\n  align-items:center;\n  justify-content:center;\n  text-decoration:none;\n}\n\n#uc_underline_link_hover_effect_elementor_bcb3833 a.ue-link:after{\n  content: \"\";\n    width:100%;\n    position:absolute;\n  bottom:0px;\n    left:0px;\n    display: block;\n  transition:1s;\n}\n\n#uc_underline_link_hover_effect_elementor_bcb3833 a:hover:after{\n    width:0%;\n  }\n\n#uc_underline_link_hover_effect_elementor_bcb3833 .ue-link-hover-effect-spacing{\n  transition:1s;\n}\n\n#uc_underline_link_hover_effect_elementor_bcb3833 .ue-link-hover-effect-text{\n  padding:10px 0px;\n}\n\n#uc_underline_link_hover_effect_elementor_bcb3833 .ue-link-hover-effect-icon{\n  line-height:1em;\n  transition:1s;\n}\n\n#uc_underline_link_hover_effect_elementor_bcb3833 .ue-link-hover-effect-icon svg{\n  height:1em;\n  width:1em;\n}\n\n<\/style>\n\n<div id=\"uc_underline_link_hover_effect_elementor_bcb3833\" class=\"ue-link-wrap\">\n  <a class=\"ue-link\" href=\"\" >\n    <div class=\"ue-link-hover-effect-text\">Cont\u00e1ctenos<\/div>\n    <div class=\"ue-link-hover-effect-spacing\"><\/div>\n    <div class=\"ue-link-hover-effect-icon\"><i class='fas fa-arrow-right'><\/i><\/div>\n  <\/a>\n<\/div>\n<!-- end Underline Link Hover Effect -->\t\t\t\t<\/div>\n\t\t\t\t<\/div>\n\t\t\t\t<\/div>\n\t\t\t\t<\/div>\n\t\t\t\t\t<\/div>\n\t\t\t\t<\/div>\n\t\t\t\t<\/div>\n\t\t","protected":false},"excerpt":{"rendered":"<p>Las Coloradas Las Coloradas es el arrecife continuo m\u00e1s largo de Playa Blanca y cuenta con dos zonas de inmersi\u00f3n diferenciadas: Coloradas 1 y Coloradas 2. Con profundidades entre 12 y 18 metros, el punto de inmersi\u00f3n es ideal tanto para buceadores principiantes como experimentados. Puedes atravesar el emblem\u00e1tico arco de Coloradas o explorar una [&hellip;]<\/p>\n","protected":false},"author":10,"featured_media":0,"parent":0,"menu_order":0,"comment_status":"closed","ping_status":"closed","template":"","meta":{"_acf_changed":false,"footnotes":""},"class_list":["post-24975","page","type-page","status-publish","hentry"],"acf":[],"yoast_head":"<!-- This site is optimized with the Yoast SEO plugin v27.5 - https:\/\/yoast.com\/product\/yoast-seo-wordpress\/ -->\n<title>Las Coloradas | Calero Diving Lanzarote<\/title>\n<meta name=\"robots\" content=\"index, follow, max-snippet:-1, max-image-preview:large, max-video-preview:-1\" \/>\n<link rel=\"canonical\" href=\"https:\/\/calerodiving.com\/las-coloradas\/\" \/>\n<meta property=\"og:locale\" content=\"es_ES\" \/>\n<meta property=\"og:type\" content=\"article\" \/>\n<meta property=\"og:title\" content=\"Las Coloradas | Calero Diving Lanzarote\" \/>\n<meta property=\"og:description\" content=\"Las Coloradas Las Coloradas es el arrecife continuo m\u00e1s largo de Playa Blanca y cuenta con dos zonas de inmersi\u00f3n diferenciadas: Coloradas 1 y Coloradas 2. Con profundidades entre 12 y 18 metros, el punto de inmersi\u00f3n es ideal tanto para buceadores principiantes como experimentados. Puedes atravesar el emblem\u00e1tico arco de Coloradas o explorar una [&hellip;]\" \/>\n<meta property=\"og:url\" content=\"https:\/\/calerodiving.com\/las-coloradas\/\" \/>\n<meta property=\"og:site_name\" content=\"Calero Diving Lanzarote\" \/>\n<meta property=\"article:publisher\" content=\"https:\/\/www.facebook.com\/calerodiving\/\" \/>\n<meta property=\"article:modified_time\" content=\"2026-04-20T13:25:48+00:00\" \/>\n<meta property=\"og:image\" content=\"https:\/\/calerodiving.com\/wp-content\/uploads\/2017\/09\/coloradas.jpg\" \/>\n\t<meta property=\"og:image:width\" content=\"1060\" \/>\n\t<meta property=\"og:image:height\" content=\"595\" \/>\n\t<meta property=\"og:image:type\" content=\"image\/jpeg\" \/>\n<meta name=\"twitter:card\" content=\"summary_large_image\" \/>\n<meta name=\"twitter:label1\" content=\"Tiempo de lectura\" \/>\n\t<meta name=\"twitter:data1\" content=\"2 minutos\" \/>\n<script type=\"application\/ld+json\" class=\"yoast-schema-graph\">{\"@context\":\"https:\\\/\\\/schema.org\",\"@graph\":[{\"@type\":\"WebPage\",\"@id\":\"https:\\\/\\\/calerodiving.com\\\/las-coloradas\\\/\",\"url\":\"https:\\\/\\\/calerodiving.com\\\/las-coloradas\\\/\",\"name\":\"Las Coloradas | Calero Diving Lanzarote\",\"isPartOf\":{\"@id\":\"https:\\\/\\\/calerodiving.com\\\/#website\"},\"primaryImageOfPage\":{\"@id\":\"https:\\\/\\\/calerodiving.com\\\/las-coloradas\\\/#primaryimage\"},\"image\":{\"@id\":\"https:\\\/\\\/calerodiving.com\\\/las-coloradas\\\/#primaryimage\"},\"thumbnailUrl\":\"https:\\\/\\\/calerodiving.com\\\/wp-content\\\/uploads\\\/2017\\\/09\\\/coloradas.jpg\",\"datePublished\":\"2025-09-01T12:29:29+00:00\",\"dateModified\":\"2026-04-20T13:25:48+00:00\",\"breadcrumb\":{\"@id\":\"https:\\\/\\\/calerodiving.com\\\/las-coloradas\\\/#breadcrumb\"},\"inLanguage\":\"es\",\"potentialAction\":[{\"@type\":\"ReadAction\",\"target\":[\"https:\\\/\\\/calerodiving.com\\\/las-coloradas\\\/\"]}]},{\"@type\":\"ImageObject\",\"inLanguage\":\"es\",\"@id\":\"https:\\\/\\\/calerodiving.com\\\/las-coloradas\\\/#primaryimage\",\"url\":\"https:\\\/\\\/calerodiving.com\\\/wp-content\\\/uploads\\\/2017\\\/09\\\/coloradas.jpg\",\"contentUrl\":\"https:\\\/\\\/calerodiving.com\\\/wp-content\\\/uploads\\\/2017\\\/09\\\/coloradas.jpg\"},{\"@type\":\"BreadcrumbList\",\"@id\":\"https:\\\/\\\/calerodiving.com\\\/las-coloradas\\\/#breadcrumb\",\"itemListElement\":[{\"@type\":\"ListItem\",\"position\":1,\"name\":\"Home\",\"item\":\"https:\\\/\\\/calerodiving.com\\\/es\\\/\"},{\"@type\":\"ListItem\",\"position\":2,\"name\":\"Las Coloradas\"}]},{\"@type\":\"WebSite\",\"@id\":\"https:\\\/\\\/calerodiving.com\\\/#website\",\"url\":\"https:\\\/\\\/calerodiving.com\\\/\",\"name\":\"Calero Diving Lanzarote\",\"description\":\"Diving Center Lanzarote\",\"publisher\":{\"@id\":\"https:\\\/\\\/calerodiving.com\\\/#organization\"},\"alternateName\":\"Calero Diving\",\"potentialAction\":[{\"@type\":\"SearchAction\",\"target\":{\"@type\":\"EntryPoint\",\"urlTemplate\":\"https:\\\/\\\/calerodiving.com\\\/?s={search_term_string}\"},\"query-input\":{\"@type\":\"PropertyValueSpecification\",\"valueRequired\":true,\"valueName\":\"search_term_string\"}}],\"inLanguage\":\"es\"},{\"@type\":\"Organization\",\"@id\":\"https:\\\/\\\/calerodiving.com\\\/#organization\",\"name\":\"Calero Diving Lanzarote\",\"alternateName\":\"Calero Diving\",\"url\":\"https:\\\/\\\/calerodiving.com\\\/\",\"logo\":{\"@type\":\"ImageObject\",\"inLanguage\":\"es\",\"@id\":\"https:\\\/\\\/calerodiving.com\\\/#\\\/schema\\\/logo\\\/image\\\/\",\"url\":\"https:\\\/\\\/calerodiving.com\\\/wp-content\\\/uploads\\\/2025\\\/05\\\/Grupo.png\",\"contentUrl\":\"https:\\\/\\\/calerodiving.com\\\/wp-content\\\/uploads\\\/2025\\\/05\\\/Grupo.png\",\"width\":499,\"height\":590,\"caption\":\"Calero Diving Lanzarote\"},\"image\":{\"@id\":\"https:\\\/\\\/calerodiving.com\\\/#\\\/schema\\\/logo\\\/image\\\/\"},\"sameAs\":[\"https:\\\/\\\/www.facebook.com\\\/calerodiving\\\/\",\"https:\\\/\\\/www.instagram.com\\\/calerodiving\\\/\"]}]}<\/script>\n<!-- \/ Yoast SEO plugin. -->","yoast_head_json":{"title":"Las Coloradas | Calero Diving Lanzarote","robots":{"index":"index","follow":"follow","max-snippet":"max-snippet:-1","max-image-preview":"max-image-preview:large","max-video-preview":"max-video-preview:-1"},"canonical":"https:\/\/calerodiving.com\/las-coloradas\/","og_locale":"es_ES","og_type":"article","og_title":"Las Coloradas | Calero Diving Lanzarote","og_description":"Las Coloradas Las Coloradas es el arrecife continuo m\u00e1s largo de Playa Blanca y cuenta con dos zonas de inmersi\u00f3n diferenciadas: Coloradas 1 y Coloradas 2. Con profundidades entre 12 y 18 metros, el punto de inmersi\u00f3n es ideal tanto para buceadores principiantes como experimentados. Puedes atravesar el emblem\u00e1tico arco de Coloradas o explorar una [&hellip;]","og_url":"https:\/\/calerodiving.com\/las-coloradas\/","og_site_name":"Calero Diving Lanzarote","article_publisher":"https:\/\/www.facebook.com\/calerodiving\/","article_modified_time":"2026-04-20T13:25:48+00:00","og_image":[{"width":1060,"height":595,"url":"https:\/\/calerodiving.com\/wp-content\/uploads\/2017\/09\/coloradas.jpg","type":"image\/jpeg"}],"twitter_card":"summary_large_image","twitter_misc":{"Tiempo de lectura":"2 minutos"},"schema":{"@context":"https:\/\/schema.org","@graph":[{"@type":"WebPage","@id":"https:\/\/calerodiving.com\/las-coloradas\/","url":"https:\/\/calerodiving.com\/las-coloradas\/","name":"Las Coloradas | Calero Diving Lanzarote","isPartOf":{"@id":"https:\/\/calerodiving.com\/#website"},"primaryImageOfPage":{"@id":"https:\/\/calerodiving.com\/las-coloradas\/#primaryimage"},"image":{"@id":"https:\/\/calerodiving.com\/las-coloradas\/#primaryimage"},"thumbnailUrl":"https:\/\/calerodiving.com\/wp-content\/uploads\/2017\/09\/coloradas.jpg","datePublished":"2025-09-01T12:29:29+00:00","dateModified":"2026-04-20T13:25:48+00:00","breadcrumb":{"@id":"https:\/\/calerodiving.com\/las-coloradas\/#breadcrumb"},"inLanguage":"es","potentialAction":[{"@type":"ReadAction","target":["https:\/\/calerodiving.com\/las-coloradas\/"]}]},{"@type":"ImageObject","inLanguage":"es","@id":"https:\/\/calerodiving.com\/las-coloradas\/#primaryimage","url":"https:\/\/calerodiving.com\/wp-content\/uploads\/2017\/09\/coloradas.jpg","contentUrl":"https:\/\/calerodiving.com\/wp-content\/uploads\/2017\/09\/coloradas.jpg"},{"@type":"BreadcrumbList","@id":"https:\/\/calerodiving.com\/las-coloradas\/#breadcrumb","itemListElement":[{"@type":"ListItem","position":1,"name":"Home","item":"https:\/\/calerodiving.com\/es\/"},{"@type":"ListItem","position":2,"name":"Las Coloradas"}]},{"@type":"WebSite","@id":"https:\/\/calerodiving.com\/#website","url":"https:\/\/calerodiving.com\/","name":"Calero Diving Lanzarote","description":"Diving Center Lanzarote","publisher":{"@id":"https:\/\/calerodiving.com\/#organization"},"alternateName":"Calero Diving","potentialAction":[{"@type":"SearchAction","target":{"@type":"EntryPoint","urlTemplate":"https:\/\/calerodiving.com\/?s={search_term_string}"},"query-input":{"@type":"PropertyValueSpecification","valueRequired":true,"valueName":"search_term_string"}}],"inLanguage":"es"},{"@type":"Organization","@id":"https:\/\/calerodiving.com\/#organization","name":"Calero Diving Lanzarote","alternateName":"Calero Diving","url":"https:\/\/calerodiving.com\/","logo":{"@type":"ImageObject","inLanguage":"es","@id":"https:\/\/calerodiving.com\/#\/schema\/logo\/image\/","url":"https:\/\/calerodiving.com\/wp-content\/uploads\/2025\/05\/Grupo.png","contentUrl":"https:\/\/calerodiving.com\/wp-content\/uploads\/2025\/05\/Grupo.png","width":499,"height":590,"caption":"Calero Diving Lanzarote"},"image":{"@id":"https:\/\/calerodiving.com\/#\/schema\/logo\/image\/"},"sameAs":["https:\/\/www.facebook.com\/calerodiving\/","https:\/\/www.instagram.com\/calerodiving\/"]}]}},"_links":{"self":[{"href":"https:\/\/calerodiving.com\/es\/wp-json\/wp\/v2\/pages\/24975","targetHints":{"allow":["GET"]}}],"collection":[{"href":"https:\/\/calerodiving.com\/es\/wp-json\/wp\/v2\/pages"}],"about":[{"href":"https:\/\/calerodiving.com\/es\/wp-json\/wp\/v2\/types\/page"}],"author":[{"embeddable":true,"href":"https:\/\/calerodiving.com\/es\/wp-json\/wp\/v2\/users\/10"}],"replies":[{"embeddable":true,"href":"https:\/\/calerodiving.com\/es\/wp-json\/wp\/v2\/comments?post=24975"}],"version-history":[{"count":5,"href":"https:\/\/calerodiving.com\/es\/wp-json\/wp\/v2\/pages\/24975\/revisions"}],"predecessor-version":[{"id":28501,"href":"https:\/\/calerodiving.com\/es\/wp-json\/wp\/v2\/pages\/24975\/revisions\/28501"}],"wp:attachment":[{"href":"https:\/\/calerodiving.com\/es\/wp-json\/wp\/v2\/media?parent=24975"}],"curies":[{"name":"wp","href":"https:\/\/api.w.org\/{rel}","templated":true}]}}