{"id":24945,"date":"2025-09-01T13:29:21","date_gmt":"2025-09-01T12:29:21","guid":{"rendered":"https:\/\/calerodiving.com\/buceador-ssi\/"},"modified":"2026-04-20T13:40:13","modified_gmt":"2026-04-20T12:40:13","slug":"scuba-diver-ssi","status":"publish","type":"page","link":"https:\/\/calerodiving.com\/es\/scuba-diver-ssi\/","title":{"rendered":"Scuba Diver &#8211; SSI"},"content":{"rendered":"\t\t<div data-elementor-type=\"wp-page\" data-elementor-id=\"24945\" class=\"elementor elementor-24945 elementor-20454\" data-elementor-post-type=\"page\">\n\t\t\t\t<div class=\"elementor-element elementor-element-4afa612 e-flex e-con-boxed e-con e-parent\" data-id=\"4afa612\" data-element_type=\"container\" data-e-type=\"container\">\n\t\t\t\t\t<div class=\"e-con-inner\">\n\t\t<div class=\"elementor-element elementor-element-d3e9dc6 e-con-full e-flex e-con e-child\" data-id=\"d3e9dc6\" data-element_type=\"container\" data-e-type=\"container\">\n\t\t\t\t<div class=\"elementor-element elementor-element-6310f1f elementor-widget elementor-widget-image\" data-id=\"6310f1f\" data-element_type=\"widget\" data-e-type=\"widget\" data-widget_type=\"image.default\">\n\t\t\t\t<div class=\"elementor-widget-container\">\n\t\t\t\t\t\t\t\t\t\t\t\t\t\t\t<img fetchpriority=\"high\" decoding=\"async\" width=\"350\" height=\"223\" src=\"https:\/\/calerodiving.com\/wp-content\/uploads\/2017\/09\/scuba-diver-ok.jpg\" class=\"attachment-large size-large wp-image-167\" alt=\"\" srcset=\"https:\/\/calerodiving.com\/wp-content\/uploads\/2017\/09\/scuba-diver-ok.jpg 350w, https:\/\/calerodiving.com\/wp-content\/uploads\/2017\/09\/scuba-diver-ok-300x191.jpg 300w\" sizes=\"(max-width: 350px) 100vw, 350px\" \/>\t\t\t\t\t\t\t\t\t\t\t\t\t\t\t<\/div>\n\t\t\t\t<\/div>\n\t\t\t\t<\/div>\n\t\t<div class=\"elementor-element elementor-element-90be004 e-con-full e-flex e-con e-child\" data-id=\"90be004\" data-element_type=\"container\" data-e-type=\"container\">\n\t\t<div class=\"elementor-element elementor-element-f48f6c0 e-con-full e-flex e-con e-child\" data-id=\"f48f6c0\" data-element_type=\"container\" data-e-type=\"container\">\n\t\t\t\t<div class=\"elementor-element elementor-element-b565107 elementor-widget elementor-widget-html\" data-id=\"b565107\" data-element_type=\"widget\" data-e-type=\"widget\" data-widget_type=\"html.default\">\n\t\t\t\t<div class=\"elementor-widget-container\">\n\t\t\t\t\t<a href=\"https:\/\/calerodiving.com\/es\/cursos-de-buceo-recreativo\/#recreational\" class=\"tag-button\">recreativo<\/a>\n\t\t\t\t<\/div>\n\t\t\t\t<\/div>\n\t\t\t\t<div class=\"elementor-element elementor-element-adbf26b elementor-widget elementor-widget-heading\" data-id=\"adbf26b\" data-element_type=\"widget\" data-e-type=\"widget\" data-widget_type=\"heading.default\">\n\t\t\t\t<div class=\"elementor-widget-container\">\n\t\t\t\t\t<h2 class=\"elementor-heading-title elementor-size-default\">Buceador SSI<\/h2>\t\t\t\t<\/div>\n\t\t\t\t<\/div>\n\t\t\t\t<\/div>\n\t\t\t\t<\/div>\n\t\t\t\t\t<\/div>\n\t\t\t\t<\/div>\n\t\t<div class=\"elementor-element elementor-element-55b5b20 e-flex e-con-boxed e-con e-parent\" data-id=\"55b5b20\" data-element_type=\"container\" data-e-type=\"container\">\n\t\t\t\t\t<div class=\"e-con-inner\">\n\t\t<div class=\"elementor-element elementor-element-46a17bd e-con-full e-flex e-con e-child\" data-id=\"46a17bd\" data-element_type=\"container\" data-e-type=\"container\">\n\t\t<div class=\"elementor-element elementor-element-901d5d0 e-con-full e-flex e-con e-child\" data-id=\"901d5d0\" data-element_type=\"container\" data-e-type=\"container\">\n\t\t\t\t<div class=\"elementor-element elementor-element-eb935a7 elementor-widget elementor-widget-heading\" data-id=\"eb935a7\" data-element_type=\"widget\" data-e-type=\"widget\" data-widget_type=\"heading.default\">\n\t\t\t\t<div class=\"elementor-widget-container\">\n\t\t\t\t\t<h2 class=\"elementor-heading-title elementor-size-default\">Convi\u00e9rtete en un buceador certificado<\/h2>\t\t\t\t<\/div>\n\t\t\t\t<\/div>\n\t\t\t\t<div class=\"elementor-element elementor-element-e3203b3 elementor-widget elementor-widget-text-editor\" data-id=\"e3203b3\" data-element_type=\"widget\" data-e-type=\"widget\" data-widget_type=\"text-editor.default\">\n\t\t\t\t<div class=\"elementor-widget-container\">\n\t\t\t\t\t\t\t\t\t<div class=\"section-list\"><h3>Resumen del programa:<\/h3><p>\u00bfTe gustar\u00eda convertirte en buceador certificado, pero no tienes suficiente tiempo durante tus vacaciones para completar el curso completo de Open Water Diver?<\/p><p><span style=\"font-family: -apple-system, BlinkMacSystemFont, 'SF Pro Display', 'Helvetica Neue', sans-serif;\">Entonces SSI Scuba Diver es el curso ideal para ti.<\/span><\/p><p><span style=\"font-family: -apple-system, BlinkMacSystemFont, 'SF Pro Display', 'Helvetica Neue', sans-serif;\">En solo 2 d\u00edas completar\u00e1s aproximadamente la mitad del programa Open Water Diver y obtendr\u00e1s tu primera certificaci\u00f3n oficial de buceo.<\/span><\/p><p><span style=\"font-family: -apple-system, BlinkMacSystemFont, 'SF Pro Display', 'Helvetica Neue', sans-serif;\">Completar\u00e1s la primera parte de la teor\u00eda, practicar\u00e1s las habilidades esenciales en aguas confinadas y terminar\u00e1s con 2 inmersiones en aguas abiertas.<\/span><\/p><p><span style=\"font-family: -apple-system, BlinkMacSystemFont, 'SF Pro Display', 'Helvetica Neue', sans-serif;\">Al finalizar el curso, recibir\u00e1s tu certificaci\u00f3n SSI Scuba Diver, que te permitir\u00e1 bucear en cualquier parte del mundo hasta un m\u00e1ximo de 12 metros, siempre bajo la supervisi\u00f3n directa de un profesional.<\/span><\/p><p><span style=\"font-family: -apple-system, BlinkMacSystemFont, 'SF Pro Display', 'Helvetica Neue', sans-serif;\">Y si m\u00e1s adelante decides continuar, solo necesitar\u00e1s un d\u00eda y medio m\u00e1s para convertirlo en Open Water Diver, completando la teor\u00eda restante, las habilidades y 2 inmersiones de formaci\u00f3n adicionales.<\/span><\/p><h3>Duraci\u00f3n<\/h3><ul><li>2 d\u00edas<\/li><\/ul><h3>Incluye<\/h3><ul><li>Alquiler del equipo<\/li><li>Materiales digitales<\/li><li>Seguro de buceo<\/li><li>Certificaci\u00f3n SSI Scuba Diver<\/li><\/ul><h3>Requisitos<\/h3><ul><li>Edad m\u00ednima de 10 a\u00f1os<\/li><li>Saber nadar 200 metros sin parar<\/li><li>Mantenerse a flote durante 10 minutos<\/li><\/ul><h3>Otros cursos que podr\u00edan interesarte:<\/h3><ul><li>Open Water Diver<\/li><\/ul><\/div>\t\t\t\t\t\t\t\t<\/div>\n\t\t\t\t<\/div>\n\t\t\t\t<\/div>\n\t\t\t\t<\/div>\n\t\t<div class=\"elementor-element elementor-element-554a3eb e-con-full e-flex e-con e-child\" data-id=\"554a3eb\" data-element_type=\"container\" data-e-type=\"container\">\n\t\t<div class=\"elementor-element elementor-element-426069e e-con-full course-sidebar-box e-flex e-con e-child\" data-id=\"426069e\" data-element_type=\"container\" data-e-type=\"container\" data-settings=\"{&quot;sticky&quot;:&quot;top&quot;,&quot;sticky_offset&quot;:110,&quot;sticky_effects_offset&quot;:130,&quot;sticky_parent&quot;:&quot;yes&quot;,&quot;sticky_on&quot;:[&quot;desktop&quot;,&quot;tablet&quot;,&quot;mobile&quot;],&quot;sticky_anchor_link_offset&quot;:0}\">\n\t\t\t\t<div class=\"elementor-element elementor-element-c5d8d05 elementor-widget elementor-widget-text-editor\" data-id=\"c5d8d05\" data-element_type=\"widget\" data-e-type=\"widget\" data-widget_type=\"text-editor.default\">\n\t\t\t\t<div class=\"elementor-widget-container\">\n\t\t\t\t\t\t\t\t\t<div class=\"courses-info\"><h6 class=\"no-margin\">Duraci\u00f3n:<\/h6><p class=\"no-margin\">2 d\u00edas<\/p><\/div><div class=\"courses-info\"><h6 class=\"no-margin\">Precio:<\/h6><p class=\"no-margin\">Desde 400 \u20ac<\/p><\/div>\t\t\t\t\t\t\t\t<\/div>\n\t\t\t\t<\/div>\n\t\t\t\t<div class=\"elementor-element elementor-element-ec7d65d elementor-mobile-align-center elementor-widget elementor-widget-button\" data-id=\"ec7d65d\" data-element_type=\"widget\" data-e-type=\"widget\" data-widget_type=\"button.default\">\n\t\t\t\t<div class=\"elementor-widget-container\">\n\t\t\t\t\t\t\t\t\t<div class=\"elementor-button-wrapper\">\n\t\t\t\t\t<a class=\"elementor-button elementor-button-link elementor-size-sm\" href=\"https:\/\/bukyapp.com\/booking?mode=pack&#038;product=621d3a524db01a005f510d0e&#038;lang=en&#038;_gl=1*1fpl0cs*_ga*ODU1MDM5OTIuMTc0MTE5MTcyMQ..*_ga_4WWMT2EY3C*czE3NTI0ODMwNDIkbzYzJGcxJHQxNzUyNDgzNTA5JGo1MyRsMCRoMA..\" target=\"_blank\">\n\t\t\t\t\t\t<span class=\"elementor-button-content-wrapper\">\n\t\t\t\t\t\t\t\t\t<span class=\"elementor-button-text\">Reservar curso<\/span>\n\t\t\t\t\t<\/span>\n\t\t\t\t\t<\/a>\n\t\t\t\t<\/div>\n\t\t\t\t\t\t\t\t<\/div>\n\t\t\t\t<\/div>\n\t\t\t\t<\/div>\n\t\t\t\t<\/div>\n\t\t\t\t\t<\/div>\n\t\t\t\t<\/div>\n\t\t\t\t<\/div>\n\t\t","protected":false},"excerpt":{"rendered":"<p>recreativo Buceador SSI Convi\u00e9rtete en un buceador certificado Resumen del programa: \u00bfTe gustar\u00eda convertirte en buceador certificado, pero no tienes suficiente tiempo durante tus vacaciones para completar el curso completo de Open Water Diver? Entonces SSI Scuba Diver es el curso ideal para ti. En solo 2 d\u00edas completar\u00e1s aproximadamente la mitad del programa Open [&hellip;]<\/p>\n","protected":false},"author":10,"featured_media":0,"parent":0,"menu_order":0,"comment_status":"closed","ping_status":"closed","template":"","meta":{"_acf_changed":false,"footnotes":""},"class_list":["post-24945","page","type-page","status-publish","hentry"],"acf":[],"yoast_head":"<!-- This site is optimized with the Yoast SEO plugin v27.5 - https:\/\/yoast.com\/product\/yoast-seo-wordpress\/ -->\n<title>Scuba Diver - SSI | Calero Diving Lanzarote<\/title>\n<meta name=\"robots\" content=\"index, follow, max-snippet:-1, max-image-preview:large, max-video-preview:-1\" \/>\n<link rel=\"canonical\" href=\"https:\/\/calerodiving.com\/ssi-scuba-diver\/\" \/>\n<meta property=\"og:locale\" content=\"es_ES\" \/>\n<meta property=\"og:type\" content=\"article\" \/>\n<meta property=\"og:title\" content=\"Scuba Diver - SSI | Calero Diving Lanzarote\" \/>\n<meta property=\"og:description\" content=\"recreativo Buceador SSI Convi\u00e9rtete en un buceador certificado Resumen del programa: \u00bfTe gustar\u00eda convertirte en buceador certificado, pero no tienes suficiente tiempo durante tus vacaciones para completar el curso completo de Open Water Diver? Entonces SSI Scuba Diver es el curso ideal para ti. En solo 2 d\u00edas completar\u00e1s aproximadamente la mitad del programa Open [&hellip;]\" \/>\n<meta property=\"og:url\" content=\"https:\/\/calerodiving.com\/ssi-scuba-diver\/\" \/>\n<meta property=\"og:site_name\" content=\"Calero Diving Lanzarote\" \/>\n<meta property=\"article:publisher\" content=\"https:\/\/www.facebook.com\/calerodiving\/\" \/>\n<meta property=\"article:modified_time\" content=\"2026-04-20T12:40:13+00:00\" \/>\n<meta property=\"og:image\" content=\"https:\/\/calerodiving.com\/wp-content\/uploads\/2017\/09\/scuba-diver-ok.jpg\" \/>\n\t<meta property=\"og:image:width\" content=\"350\" \/>\n\t<meta property=\"og:image:height\" content=\"223\" \/>\n\t<meta property=\"og:image:type\" content=\"image\/jpeg\" \/>\n<meta name=\"twitter:card\" content=\"summary_large_image\" \/>\n<meta name=\"twitter:label1\" content=\"Tiempo de lectura\" \/>\n\t<meta name=\"twitter:data1\" content=\"2 minutos\" \/>\n<script type=\"application\/ld+json\" class=\"yoast-schema-graph\">{\"@context\":\"https:\\\/\\\/schema.org\",\"@graph\":[{\"@type\":\"WebPage\",\"@id\":\"https:\\\/\\\/calerodiving.com\\\/ssi-scuba-diver\\\/\",\"url\":\"https:\\\/\\\/calerodiving.com\\\/ssi-scuba-diver\\\/\",\"name\":\"Scuba Diver - SSI | Calero Diving Lanzarote\",\"isPartOf\":{\"@id\":\"https:\\\/\\\/calerodiving.com\\\/#website\"},\"primaryImageOfPage\":{\"@id\":\"https:\\\/\\\/calerodiving.com\\\/ssi-scuba-diver\\\/#primaryimage\"},\"image\":{\"@id\":\"https:\\\/\\\/calerodiving.com\\\/ssi-scuba-diver\\\/#primaryimage\"},\"thumbnailUrl\":\"https:\\\/\\\/calerodiving.com\\\/wp-content\\\/uploads\\\/2017\\\/09\\\/scuba-diver-ok.jpg\",\"datePublished\":\"2025-09-01T12:29:21+00:00\",\"dateModified\":\"2026-04-20T12:40:13+00:00\",\"breadcrumb\":{\"@id\":\"https:\\\/\\\/calerodiving.com\\\/ssi-scuba-diver\\\/#breadcrumb\"},\"inLanguage\":\"es\",\"potentialAction\":[{\"@type\":\"ReadAction\",\"target\":[\"https:\\\/\\\/calerodiving.com\\\/ssi-scuba-diver\\\/\"]}]},{\"@type\":\"ImageObject\",\"inLanguage\":\"es\",\"@id\":\"https:\\\/\\\/calerodiving.com\\\/ssi-scuba-diver\\\/#primaryimage\",\"url\":\"https:\\\/\\\/calerodiving.com\\\/wp-content\\\/uploads\\\/2017\\\/09\\\/scuba-diver-ok.jpg\",\"contentUrl\":\"https:\\\/\\\/calerodiving.com\\\/wp-content\\\/uploads\\\/2017\\\/09\\\/scuba-diver-ok.jpg\"},{\"@type\":\"BreadcrumbList\",\"@id\":\"https:\\\/\\\/calerodiving.com\\\/ssi-scuba-diver\\\/#breadcrumb\",\"itemListElement\":[{\"@type\":\"ListItem\",\"position\":1,\"name\":\"Home\",\"item\":\"https:\\\/\\\/calerodiving.com\\\/es\\\/\"},{\"@type\":\"ListItem\",\"position\":2,\"name\":\"Scuba Diver &#8211; SSI\"}]},{\"@type\":\"WebSite\",\"@id\":\"https:\\\/\\\/calerodiving.com\\\/#website\",\"url\":\"https:\\\/\\\/calerodiving.com\\\/\",\"name\":\"Calero Diving Lanzarote\",\"description\":\"Diving Center Lanzarote\",\"publisher\":{\"@id\":\"https:\\\/\\\/calerodiving.com\\\/#organization\"},\"alternateName\":\"Calero Diving\",\"potentialAction\":[{\"@type\":\"SearchAction\",\"target\":{\"@type\":\"EntryPoint\",\"urlTemplate\":\"https:\\\/\\\/calerodiving.com\\\/?s={search_term_string}\"},\"query-input\":{\"@type\":\"PropertyValueSpecification\",\"valueRequired\":true,\"valueName\":\"search_term_string\"}}],\"inLanguage\":\"es\"},{\"@type\":\"Organization\",\"@id\":\"https:\\\/\\\/calerodiving.com\\\/#organization\",\"name\":\"Calero Diving Lanzarote\",\"alternateName\":\"Calero Diving\",\"url\":\"https:\\\/\\\/calerodiving.com\\\/\",\"logo\":{\"@type\":\"ImageObject\",\"inLanguage\":\"es\",\"@id\":\"https:\\\/\\\/calerodiving.com\\\/#\\\/schema\\\/logo\\\/image\\\/\",\"url\":\"https:\\\/\\\/calerodiving.com\\\/wp-content\\\/uploads\\\/2025\\\/05\\\/Grupo.png\",\"contentUrl\":\"https:\\\/\\\/calerodiving.com\\\/wp-content\\\/uploads\\\/2025\\\/05\\\/Grupo.png\",\"width\":499,\"height\":590,\"caption\":\"Calero Diving Lanzarote\"},\"image\":{\"@id\":\"https:\\\/\\\/calerodiving.com\\\/#\\\/schema\\\/logo\\\/image\\\/\"},\"sameAs\":[\"https:\\\/\\\/www.facebook.com\\\/calerodiving\\\/\",\"https:\\\/\\\/www.instagram.com\\\/calerodiving\\\/\"]}]}<\/script>\n<!-- \/ Yoast SEO plugin. -->","yoast_head_json":{"title":"Scuba Diver - SSI | Calero Diving Lanzarote","robots":{"index":"index","follow":"follow","max-snippet":"max-snippet:-1","max-image-preview":"max-image-preview:large","max-video-preview":"max-video-preview:-1"},"canonical":"https:\/\/calerodiving.com\/ssi-scuba-diver\/","og_locale":"es_ES","og_type":"article","og_title":"Scuba Diver - SSI | Calero Diving Lanzarote","og_description":"recreativo Buceador SSI Convi\u00e9rtete en un buceador certificado Resumen del programa: \u00bfTe gustar\u00eda convertirte en buceador certificado, pero no tienes suficiente tiempo durante tus vacaciones para completar el curso completo de Open Water Diver? Entonces SSI Scuba Diver es el curso ideal para ti. En solo 2 d\u00edas completar\u00e1s aproximadamente la mitad del programa Open [&hellip;]","og_url":"https:\/\/calerodiving.com\/ssi-scuba-diver\/","og_site_name":"Calero Diving Lanzarote","article_publisher":"https:\/\/www.facebook.com\/calerodiving\/","article_modified_time":"2026-04-20T12:40:13+00:00","og_image":[{"width":350,"height":223,"url":"https:\/\/calerodiving.com\/wp-content\/uploads\/2017\/09\/scuba-diver-ok.jpg","type":"image\/jpeg"}],"twitter_card":"summary_large_image","twitter_misc":{"Tiempo de lectura":"2 minutos"},"schema":{"@context":"https:\/\/schema.org","@graph":[{"@type":"WebPage","@id":"https:\/\/calerodiving.com\/ssi-scuba-diver\/","url":"https:\/\/calerodiving.com\/ssi-scuba-diver\/","name":"Scuba Diver - SSI | Calero Diving Lanzarote","isPartOf":{"@id":"https:\/\/calerodiving.com\/#website"},"primaryImageOfPage":{"@id":"https:\/\/calerodiving.com\/ssi-scuba-diver\/#primaryimage"},"image":{"@id":"https:\/\/calerodiving.com\/ssi-scuba-diver\/#primaryimage"},"thumbnailUrl":"https:\/\/calerodiving.com\/wp-content\/uploads\/2017\/09\/scuba-diver-ok.jpg","datePublished":"2025-09-01T12:29:21+00:00","dateModified":"2026-04-20T12:40:13+00:00","breadcrumb":{"@id":"https:\/\/calerodiving.com\/ssi-scuba-diver\/#breadcrumb"},"inLanguage":"es","potentialAction":[{"@type":"ReadAction","target":["https:\/\/calerodiving.com\/ssi-scuba-diver\/"]}]},{"@type":"ImageObject","inLanguage":"es","@id":"https:\/\/calerodiving.com\/ssi-scuba-diver\/#primaryimage","url":"https:\/\/calerodiving.com\/wp-content\/uploads\/2017\/09\/scuba-diver-ok.jpg","contentUrl":"https:\/\/calerodiving.com\/wp-content\/uploads\/2017\/09\/scuba-diver-ok.jpg"},{"@type":"BreadcrumbList","@id":"https:\/\/calerodiving.com\/ssi-scuba-diver\/#breadcrumb","itemListElement":[{"@type":"ListItem","position":1,"name":"Home","item":"https:\/\/calerodiving.com\/es\/"},{"@type":"ListItem","position":2,"name":"Scuba Diver &#8211; SSI"}]},{"@type":"WebSite","@id":"https:\/\/calerodiving.com\/#website","url":"https:\/\/calerodiving.com\/","name":"Calero Diving Lanzarote","description":"Diving Center Lanzarote","publisher":{"@id":"https:\/\/calerodiving.com\/#organization"},"alternateName":"Calero Diving","potentialAction":[{"@type":"SearchAction","target":{"@type":"EntryPoint","urlTemplate":"https:\/\/calerodiving.com\/?s={search_term_string}"},"query-input":{"@type":"PropertyValueSpecification","valueRequired":true,"valueName":"search_term_string"}}],"inLanguage":"es"},{"@type":"Organization","@id":"https:\/\/calerodiving.com\/#organization","name":"Calero Diving Lanzarote","alternateName":"Calero Diving","url":"https:\/\/calerodiving.com\/","logo":{"@type":"ImageObject","inLanguage":"es","@id":"https:\/\/calerodiving.com\/#\/schema\/logo\/image\/","url":"https:\/\/calerodiving.com\/wp-content\/uploads\/2025\/05\/Grupo.png","contentUrl":"https:\/\/calerodiving.com\/wp-content\/uploads\/2025\/05\/Grupo.png","width":499,"height":590,"caption":"Calero Diving Lanzarote"},"image":{"@id":"https:\/\/calerodiving.com\/#\/schema\/logo\/image\/"},"sameAs":["https:\/\/www.facebook.com\/calerodiving\/","https:\/\/www.instagram.com\/calerodiving\/"]}]}},"_links":{"self":[{"href":"https:\/\/calerodiving.com\/es\/wp-json\/wp\/v2\/pages\/24945","targetHints":{"allow":["GET"]}}],"collection":[{"href":"https:\/\/calerodiving.com\/es\/wp-json\/wp\/v2\/pages"}],"about":[{"href":"https:\/\/calerodiving.com\/es\/wp-json\/wp\/v2\/types\/page"}],"author":[{"embeddable":true,"href":"https:\/\/calerodiving.com\/es\/wp-json\/wp\/v2\/users\/10"}],"replies":[{"embeddable":true,"href":"https:\/\/calerodiving.com\/es\/wp-json\/wp\/v2\/comments?post=24945"}],"version-history":[{"count":8,"href":"https:\/\/calerodiving.com\/es\/wp-json\/wp\/v2\/pages\/24945\/revisions"}],"predecessor-version":[{"id":28378,"href":"https:\/\/calerodiving.com\/es\/wp-json\/wp\/v2\/pages\/24945\/revisions\/28378"}],"wp:attachment":[{"href":"https:\/\/calerodiving.com\/es\/wp-json\/wp\/v2\/media?parent=24945"}],"curies":[{"name":"wp","href":"https:\/\/api.w.org\/{rel}","templated":true}]}}