{"id":24941,"date":"2025-09-01T13:29:20","date_gmt":"2025-09-01T12:29:20","guid":{"rendered":"https:\/\/calerodiving.com\/las-lenguas\/"},"modified":"2026-04-20T14:16:47","modified_gmt":"2026-04-20T13:16:47","slug":"las-lenguas","status":"publish","type":"page","link":"https:\/\/calerodiving.com\/es\/las-lenguas\/","title":{"rendered":"Las Lenguas"},"content":{"rendered":"\t\t<div data-elementor-type=\"wp-page\" data-elementor-id=\"24941\" class=\"elementor elementor-24941 elementor-19860\" data-elementor-post-type=\"page\">\n\t\t\t\t<div class=\"elementor-element elementor-element-b350548 e-flex e-con-boxed e-con e-parent\" data-id=\"b350548\" data-element_type=\"container\" data-e-type=\"container\">\n\t\t\t\t\t<div class=\"e-con-inner\">\n\t\t<div class=\"elementor-element elementor-element-4fab5fd e-con-full e-flex e-con e-child\" data-id=\"4fab5fd\" data-element_type=\"container\" data-e-type=\"container\">\n\t\t<div class=\"elementor-element elementor-element-a1a458b e-con-full e-flex e-con e-child\" data-id=\"a1a458b\" data-element_type=\"container\" data-e-type=\"container\">\n\t\t\t\t<div class=\"elementor-element elementor-element-0571d5d elementor-widget elementor-widget-heading\" data-id=\"0571d5d\" data-element_type=\"widget\" data-e-type=\"widget\" data-widget_type=\"heading.default\">\n\t\t\t\t<div class=\"elementor-widget-container\">\n\t\t\t\t\t<h2 class=\"elementor-heading-title elementor-size-default\">Las lenguas<\/h2>\t\t\t\t<\/div>\n\t\t\t\t<\/div>\n\t\t\t\t<\/div>\n\t\t\t\t<\/div>\n\t\t\t\t\t<\/div>\n\t\t\t\t<\/div>\n\t\t<div class=\"elementor-element elementor-element-feb9f2e e-flex e-con-boxed e-con e-parent\" data-id=\"feb9f2e\" data-element_type=\"container\" data-e-type=\"container\">\n\t\t\t\t\t<div class=\"e-con-inner\">\n\t\t<div class=\"elementor-element elementor-element-bcb1299 e-con-full e-flex e-con e-child\" data-id=\"bcb1299\" data-element_type=\"container\" data-e-type=\"container\">\n\t\t<div class=\"elementor-element elementor-element-334588e e-con-full e-flex e-con e-child\" data-id=\"334588e\" data-element_type=\"container\" data-e-type=\"container\">\n\t\t\t\t<div class=\"elementor-element elementor-element-3d7c096 elementor-widget elementor-widget-image\" data-id=\"3d7c096\" data-element_type=\"widget\" data-e-type=\"widget\" data-widget_type=\"image.default\">\n\t\t\t\t<div class=\"elementor-widget-container\">\n\t\t\t\t\t\t\t\t\t\t\t\t\t\t\t<img fetchpriority=\"high\" decoding=\"async\" width=\"1200\" height=\"800\" src=\"https:\/\/calerodiving.com\/wp-content\/uploads\/2017\/10\/las-lenquas.jpg\" class=\"attachment-full size-full wp-image-4579\" alt=\"\" srcset=\"https:\/\/calerodiving.com\/wp-content\/uploads\/2017\/10\/las-lenquas.jpg 1200w, https:\/\/calerodiving.com\/wp-content\/uploads\/2017\/10\/las-lenquas-300x200.jpg 300w, https:\/\/calerodiving.com\/wp-content\/uploads\/2017\/10\/las-lenquas-768x512.jpg 768w, https:\/\/calerodiving.com\/wp-content\/uploads\/2017\/10\/las-lenquas-1030x687.jpg 1030w, https:\/\/calerodiving.com\/wp-content\/uploads\/2017\/10\/las-lenquas-705x470.jpg 705w, https:\/\/calerodiving.com\/wp-content\/uploads\/2017\/10\/las-lenquas-450x300.jpg 450w\" sizes=\"(max-width: 1200px) 100vw, 1200px\" \/>\t\t\t\t\t\t\t\t\t\t\t\t\t\t\t<\/div>\n\t\t\t\t<\/div>\n\t\t\t\t<div class=\"elementor-element elementor-element-fceb7fe elementor-widget elementor-widget-text-editor\" data-id=\"fceb7fe\" data-element_type=\"widget\" data-e-type=\"widget\" data-widget_type=\"text-editor.default\">\n\t\t\t\t<div class=\"elementor-widget-container\">\n\t\t\t\t\t\t\t\t\t<p data-start=\"989\" data-end=\"1132\">Al este de Twin Pipes se encuentra el punto de inmersi\u00f3n conocido como Las Lenguas, llamado as\u00ed por la forma tan caracter\u00edstica de su arrecife.<\/p><p data-start=\"1134\" data-end=\"1235\">Al explicar este punto de inmersi\u00f3n, suele ser m\u00e1s f\u00e1cil compararlo con la forma de una mano abierta.<\/p><p data-start=\"1237\" data-end=\"1343\">Si separas los dedos de la mano, tendr\u00e1s una idea bastante precisa de c\u00f3mo se ve Las Lenguas bajo el agua.<\/p><p data-start=\"1345\" data-end=\"1502\">Desde el arrecife principal salen varias peque\u00f1as paredes, separadas por canales de arena, creando la caracter\u00edstica forma de \u201cdedos\u201d que da nombre al lugar.<\/p><p data-start=\"1504\" data-end=\"1633\">En el extremo oeste de Las Lenguas se encuentran dos puntos especialmente fotog\u00e9nicos que hacen esta inmersi\u00f3n a\u00fan m\u00e1s memorable.<\/p><p data-start=\"1635\" data-end=\"1759\">El primero es una ventana natural en la parte exterior del arrecife, perfecta para una de las fotos submarinas m\u00e1s cl\u00e1sicas.<\/p><p data-start=\"1761\" data-end=\"1908\">Un poco m\u00e1s al norte hay un peque\u00f1o arco natural por el que puedes pasar y ascender a trav\u00e9s de la abertura, otro momento ideal para una gran foto.<\/p>\t\t\t\t\t\t\t\t<\/div>\n\t\t\t\t<\/div>\n\t\t\t\t<\/div>\n\t\t\t\t<\/div>\n\t\t<div class=\"elementor-element elementor-element-ccecb21 e-con-full e-flex e-con e-child\" data-id=\"ccecb21\" data-element_type=\"container\" data-e-type=\"container\">\n\t\t<div class=\"elementor-element elementor-element-89a72d7 e-con-full course-sidebar-box e-flex e-con e-child\" data-id=\"89a72d7\" data-element_type=\"container\" data-e-type=\"container\" data-settings=\"{&quot;sticky&quot;:&quot;top&quot;,&quot;sticky_offset&quot;:110,&quot;sticky_effects_offset&quot;:130,&quot;sticky_parent&quot;:&quot;yes&quot;,&quot;sticky_on&quot;:[&quot;desktop&quot;,&quot;tablet&quot;,&quot;mobile&quot;],&quot;sticky_anchor_link_offset&quot;:0}\">\n\t\t\t\t<div class=\"elementor-element elementor-element-1fc19d1 elementor-widget elementor-widget-image\" data-id=\"1fc19d1\" data-element_type=\"widget\" data-e-type=\"widget\" data-widget_type=\"image.default\">\n\t\t\t\t<div class=\"elementor-widget-container\">\n\t\t\t\t\t\t\t\t\t\t\t\t\t\t\t<img decoding=\"async\" width=\"410\" height=\"412\" src=\"https:\/\/calerodiving.com\/wp-content\/uploads\/2025\/07\/las_lenguas_QR.png\" class=\"attachment-large size-large wp-image-21834\" alt=\"\" srcset=\"https:\/\/calerodiving.com\/wp-content\/uploads\/2025\/07\/las_lenguas_QR.png 410w, https:\/\/calerodiving.com\/wp-content\/uploads\/2025\/07\/las_lenguas_QR-300x300.png 300w, https:\/\/calerodiving.com\/wp-content\/uploads\/2025\/07\/las_lenguas_QR-80x80.png 80w\" sizes=\"(max-width: 410px) 100vw, 410px\" \/>\t\t\t\t\t\t\t\t\t\t\t\t\t\t\t<\/div>\n\t\t\t\t<\/div>\n\t\t\t\t<div class=\"elementor-element elementor-element-833f1f8 elementor-widget elementor-widget-text-editor\" data-id=\"833f1f8\" data-element_type=\"widget\" data-e-type=\"widget\" data-widget_type=\"text-editor.default\">\n\t\t\t\t<div class=\"elementor-widget-container\">\n\t\t\t\t\t\t\t\t\t<div class=\"courses-info\">\n<p style=\"margin: 0 0 10px;\"><span style=\"color: #ffffff;\"><strong>Tipo de inmersi\u00f3n:<\/strong> arrecife volc\u00e1nico<\/span><\/p>\n<p style=\"margin: 0 0 10px;\"><span style=\"color: #ffffff;\"><strong>Profundidad m\u00e1xima:<\/strong> aprox. 20 metros<\/span><\/p>\n<p style=\"margin: 0 0 10px;\"><span style=\"color: #ffffff;\"><strong>Adecuado para:<\/strong> todos los niveles de buceo<\/span><\/p>\n<p style=\"margin: 0;\"><span style=\"color: #ffffff;\"><strong>Qu\u00e9 ver:<\/strong> formaciones de lava, canales de arena, ventana natural, arco y excelentes oportunidades para fotos<\/span><\/p>\n<\/div>\t\t\t\t\t\t\t\t<\/div>\n\t\t\t\t<\/div>\n\t\t\t\t<div class=\"elementor-element elementor-element-5c6152b elementor-widget elementor-widget-ucaddon_underline_link_hover_effect\" data-id=\"5c6152b\" data-element_type=\"widget\" data-e-type=\"widget\" data-widget_type=\"ucaddon_underline_link_hover_effect.default\">\n\t\t\t\t<div class=\"elementor-widget-container\">\n\t\t\t\t\t\n<!-- start Underline Link Hover Effect -->\n\t\t<link id='font-awesome-css' href='https:\/\/calerodiving.com\/wp-content\/plugins\/unlimited-elements-for-elementor-premium\/assets_libraries\/font-awesome6\/fontawesome-all.min.css' type='text\/css' rel='stylesheet' >\n\t\t<link id='font-awesome-4-shim-css' href='https:\/\/calerodiving.com\/wp-content\/plugins\/unlimited-elements-for-elementor-premium\/assets_libraries\/font-awesome6\/fontawesome-v4-shims.min.css' type='text\/css' rel='stylesheet' >\n\n<style>\/* widget: Underline Link Hover Effect *\/\n\n#uc_underline_link_hover_effect_elementor_5c6152b{\n  display:flex;\n} \n\n#uc_underline_link_hover_effect_elementor_5c6152b a.ue-link{\n  display:flex;\n  position:relative;\n  align-items:center;\n  justify-content:center;\n  text-decoration:none;\n}\n\n#uc_underline_link_hover_effect_elementor_5c6152b a.ue-link:after{\n  content: \"\";\n    width:100%;\n    position:absolute;\n  bottom:0px;\n    left:0px;\n    display: block;\n  transition:1s;\n}\n\n#uc_underline_link_hover_effect_elementor_5c6152b a:hover:after{\n    width:0%;\n  }\n\n#uc_underline_link_hover_effect_elementor_5c6152b .ue-link-hover-effect-spacing{\n  transition:1s;\n}\n\n#uc_underline_link_hover_effect_elementor_5c6152b .ue-link-hover-effect-text{\n  padding:10px 0px;\n}\n\n#uc_underline_link_hover_effect_elementor_5c6152b .ue-link-hover-effect-icon{\n  line-height:1em;\n  transition:1s;\n}\n\n#uc_underline_link_hover_effect_elementor_5c6152b .ue-link-hover-effect-icon svg{\n  height:1em;\n  width:1em;\n}\n\n<\/style>\n\n<div id=\"uc_underline_link_hover_effect_elementor_5c6152b\" class=\"ue-link-wrap\">\n  <a class=\"ue-link\" href=\"\" >\n    <div class=\"ue-link-hover-effect-text\">Cont\u00e1ctenos<\/div>\n    <div class=\"ue-link-hover-effect-spacing\"><\/div>\n    <div class=\"ue-link-hover-effect-icon\"><i class='fas fa-arrow-right'><\/i><\/div>\n  <\/a>\n<\/div>\n<!-- end Underline Link Hover Effect -->\t\t\t\t<\/div>\n\t\t\t\t<\/div>\n\t\t\t\t<\/div>\n\t\t\t\t<\/div>\n\t\t\t\t\t<\/div>\n\t\t\t\t<\/div>\n\t\t\t\t<\/div>\n\t\t","protected":false},"excerpt":{"rendered":"<p>Las lenguas Al este de Twin Pipes se encuentra el punto de inmersi\u00f3n conocido como Las Lenguas, llamado as\u00ed por la forma tan caracter\u00edstica de su arrecife. Al explicar este punto de inmersi\u00f3n, suele ser m\u00e1s f\u00e1cil compararlo con la forma de una mano abierta. Si separas los dedos de la mano, tendr\u00e1s una idea [&hellip;]<\/p>\n","protected":false},"author":10,"featured_media":0,"parent":0,"menu_order":0,"comment_status":"closed","ping_status":"closed","template":"","meta":{"_acf_changed":false,"footnotes":""},"class_list":["post-24941","page","type-page","status-publish","hentry"],"acf":[],"yoast_head":"<!-- This site is optimized with the Yoast SEO plugin v27.5 - https:\/\/yoast.com\/product\/yoast-seo-wordpress\/ -->\n<title>Las Lenguas | Calero Diving Lanzarote<\/title>\n<meta name=\"robots\" content=\"index, follow, max-snippet:-1, max-image-preview:large, max-video-preview:-1\" \/>\n<link rel=\"canonical\" href=\"https:\/\/calerodiving.com\/las-lenguas\/\" \/>\n<meta property=\"og:locale\" content=\"es_ES\" \/>\n<meta property=\"og:type\" content=\"article\" \/>\n<meta property=\"og:title\" content=\"Las Lenguas | Calero Diving Lanzarote\" \/>\n<meta property=\"og:description\" content=\"Las lenguas Al este de Twin Pipes se encuentra el punto de inmersi\u00f3n conocido como Las Lenguas, llamado as\u00ed por la forma tan caracter\u00edstica de su arrecife. Al explicar este punto de inmersi\u00f3n, suele ser m\u00e1s f\u00e1cil compararlo con la forma de una mano abierta. Si separas los dedos de la mano, tendr\u00e1s una idea [&hellip;]\" \/>\n<meta property=\"og:url\" content=\"https:\/\/calerodiving.com\/las-lenguas\/\" \/>\n<meta property=\"og:site_name\" content=\"Calero Diving Lanzarote\" \/>\n<meta property=\"article:publisher\" content=\"https:\/\/www.facebook.com\/calerodiving\/\" \/>\n<meta property=\"article:modified_time\" content=\"2026-04-20T13:16:47+00:00\" \/>\n<meta property=\"og:image\" content=\"https:\/\/calerodiving.com\/wp-content\/uploads\/2017\/10\/las-lenquas.jpg\" \/>\n\t<meta property=\"og:image:width\" content=\"1200\" \/>\n\t<meta property=\"og:image:height\" content=\"800\" \/>\n\t<meta property=\"og:image:type\" content=\"image\/jpeg\" \/>\n<meta name=\"twitter:card\" content=\"summary_large_image\" \/>\n<meta name=\"twitter:label1\" content=\"Tiempo de lectura\" \/>\n\t<meta name=\"twitter:data1\" content=\"2 minutos\" \/>\n<script type=\"application\/ld+json\" class=\"yoast-schema-graph\">{\"@context\":\"https:\\\/\\\/schema.org\",\"@graph\":[{\"@type\":\"WebPage\",\"@id\":\"https:\\\/\\\/calerodiving.com\\\/las-lenguas\\\/\",\"url\":\"https:\\\/\\\/calerodiving.com\\\/las-lenguas\\\/\",\"name\":\"Las Lenguas | Calero Diving Lanzarote\",\"isPartOf\":{\"@id\":\"https:\\\/\\\/calerodiving.com\\\/#website\"},\"primaryImageOfPage\":{\"@id\":\"https:\\\/\\\/calerodiving.com\\\/las-lenguas\\\/#primaryimage\"},\"image\":{\"@id\":\"https:\\\/\\\/calerodiving.com\\\/las-lenguas\\\/#primaryimage\"},\"thumbnailUrl\":\"https:\\\/\\\/calerodiving.com\\\/wp-content\\\/uploads\\\/2017\\\/10\\\/las-lenquas.jpg\",\"datePublished\":\"2025-09-01T12:29:20+00:00\",\"dateModified\":\"2026-04-20T13:16:47+00:00\",\"breadcrumb\":{\"@id\":\"https:\\\/\\\/calerodiving.com\\\/las-lenguas\\\/#breadcrumb\"},\"inLanguage\":\"es\",\"potentialAction\":[{\"@type\":\"ReadAction\",\"target\":[\"https:\\\/\\\/calerodiving.com\\\/las-lenguas\\\/\"]}]},{\"@type\":\"ImageObject\",\"inLanguage\":\"es\",\"@id\":\"https:\\\/\\\/calerodiving.com\\\/las-lenguas\\\/#primaryimage\",\"url\":\"https:\\\/\\\/calerodiving.com\\\/wp-content\\\/uploads\\\/2017\\\/10\\\/las-lenquas.jpg\",\"contentUrl\":\"https:\\\/\\\/calerodiving.com\\\/wp-content\\\/uploads\\\/2017\\\/10\\\/las-lenquas.jpg\"},{\"@type\":\"BreadcrumbList\",\"@id\":\"https:\\\/\\\/calerodiving.com\\\/las-lenguas\\\/#breadcrumb\",\"itemListElement\":[{\"@type\":\"ListItem\",\"position\":1,\"name\":\"Home\",\"item\":\"https:\\\/\\\/calerodiving.com\\\/es\\\/\"},{\"@type\":\"ListItem\",\"position\":2,\"name\":\"Las Lenguas\"}]},{\"@type\":\"WebSite\",\"@id\":\"https:\\\/\\\/calerodiving.com\\\/#website\",\"url\":\"https:\\\/\\\/calerodiving.com\\\/\",\"name\":\"Calero Diving Lanzarote\",\"description\":\"Diving Center Lanzarote\",\"publisher\":{\"@id\":\"https:\\\/\\\/calerodiving.com\\\/#organization\"},\"alternateName\":\"Calero Diving\",\"potentialAction\":[{\"@type\":\"SearchAction\",\"target\":{\"@type\":\"EntryPoint\",\"urlTemplate\":\"https:\\\/\\\/calerodiving.com\\\/?s={search_term_string}\"},\"query-input\":{\"@type\":\"PropertyValueSpecification\",\"valueRequired\":true,\"valueName\":\"search_term_string\"}}],\"inLanguage\":\"es\"},{\"@type\":\"Organization\",\"@id\":\"https:\\\/\\\/calerodiving.com\\\/#organization\",\"name\":\"Calero Diving Lanzarote\",\"alternateName\":\"Calero Diving\",\"url\":\"https:\\\/\\\/calerodiving.com\\\/\",\"logo\":{\"@type\":\"ImageObject\",\"inLanguage\":\"es\",\"@id\":\"https:\\\/\\\/calerodiving.com\\\/#\\\/schema\\\/logo\\\/image\\\/\",\"url\":\"https:\\\/\\\/calerodiving.com\\\/wp-content\\\/uploads\\\/2025\\\/05\\\/Grupo.png\",\"contentUrl\":\"https:\\\/\\\/calerodiving.com\\\/wp-content\\\/uploads\\\/2025\\\/05\\\/Grupo.png\",\"width\":499,\"height\":590,\"caption\":\"Calero Diving Lanzarote\"},\"image\":{\"@id\":\"https:\\\/\\\/calerodiving.com\\\/#\\\/schema\\\/logo\\\/image\\\/\"},\"sameAs\":[\"https:\\\/\\\/www.facebook.com\\\/calerodiving\\\/\",\"https:\\\/\\\/www.instagram.com\\\/calerodiving\\\/\"]}]}<\/script>\n<!-- \/ Yoast SEO plugin. -->","yoast_head_json":{"title":"Las Lenguas | Calero Diving Lanzarote","robots":{"index":"index","follow":"follow","max-snippet":"max-snippet:-1","max-image-preview":"max-image-preview:large","max-video-preview":"max-video-preview:-1"},"canonical":"https:\/\/calerodiving.com\/las-lenguas\/","og_locale":"es_ES","og_type":"article","og_title":"Las Lenguas | Calero Diving Lanzarote","og_description":"Las lenguas Al este de Twin Pipes se encuentra el punto de inmersi\u00f3n conocido como Las Lenguas, llamado as\u00ed por la forma tan caracter\u00edstica de su arrecife. Al explicar este punto de inmersi\u00f3n, suele ser m\u00e1s f\u00e1cil compararlo con la forma de una mano abierta. Si separas los dedos de la mano, tendr\u00e1s una idea [&hellip;]","og_url":"https:\/\/calerodiving.com\/las-lenguas\/","og_site_name":"Calero Diving Lanzarote","article_publisher":"https:\/\/www.facebook.com\/calerodiving\/","article_modified_time":"2026-04-20T13:16:47+00:00","og_image":[{"width":1200,"height":800,"url":"https:\/\/calerodiving.com\/wp-content\/uploads\/2017\/10\/las-lenquas.jpg","type":"image\/jpeg"}],"twitter_card":"summary_large_image","twitter_misc":{"Tiempo de lectura":"2 minutos"},"schema":{"@context":"https:\/\/schema.org","@graph":[{"@type":"WebPage","@id":"https:\/\/calerodiving.com\/las-lenguas\/","url":"https:\/\/calerodiving.com\/las-lenguas\/","name":"Las Lenguas | Calero Diving Lanzarote","isPartOf":{"@id":"https:\/\/calerodiving.com\/#website"},"primaryImageOfPage":{"@id":"https:\/\/calerodiving.com\/las-lenguas\/#primaryimage"},"image":{"@id":"https:\/\/calerodiving.com\/las-lenguas\/#primaryimage"},"thumbnailUrl":"https:\/\/calerodiving.com\/wp-content\/uploads\/2017\/10\/las-lenquas.jpg","datePublished":"2025-09-01T12:29:20+00:00","dateModified":"2026-04-20T13:16:47+00:00","breadcrumb":{"@id":"https:\/\/calerodiving.com\/las-lenguas\/#breadcrumb"},"inLanguage":"es","potentialAction":[{"@type":"ReadAction","target":["https:\/\/calerodiving.com\/las-lenguas\/"]}]},{"@type":"ImageObject","inLanguage":"es","@id":"https:\/\/calerodiving.com\/las-lenguas\/#primaryimage","url":"https:\/\/calerodiving.com\/wp-content\/uploads\/2017\/10\/las-lenquas.jpg","contentUrl":"https:\/\/calerodiving.com\/wp-content\/uploads\/2017\/10\/las-lenquas.jpg"},{"@type":"BreadcrumbList","@id":"https:\/\/calerodiving.com\/las-lenguas\/#breadcrumb","itemListElement":[{"@type":"ListItem","position":1,"name":"Home","item":"https:\/\/calerodiving.com\/es\/"},{"@type":"ListItem","position":2,"name":"Las Lenguas"}]},{"@type":"WebSite","@id":"https:\/\/calerodiving.com\/#website","url":"https:\/\/calerodiving.com\/","name":"Calero Diving Lanzarote","description":"Diving Center Lanzarote","publisher":{"@id":"https:\/\/calerodiving.com\/#organization"},"alternateName":"Calero Diving","potentialAction":[{"@type":"SearchAction","target":{"@type":"EntryPoint","urlTemplate":"https:\/\/calerodiving.com\/?s={search_term_string}"},"query-input":{"@type":"PropertyValueSpecification","valueRequired":true,"valueName":"search_term_string"}}],"inLanguage":"es"},{"@type":"Organization","@id":"https:\/\/calerodiving.com\/#organization","name":"Calero Diving Lanzarote","alternateName":"Calero Diving","url":"https:\/\/calerodiving.com\/","logo":{"@type":"ImageObject","inLanguage":"es","@id":"https:\/\/calerodiving.com\/#\/schema\/logo\/image\/","url":"https:\/\/calerodiving.com\/wp-content\/uploads\/2025\/05\/Grupo.png","contentUrl":"https:\/\/calerodiving.com\/wp-content\/uploads\/2025\/05\/Grupo.png","width":499,"height":590,"caption":"Calero Diving Lanzarote"},"image":{"@id":"https:\/\/calerodiving.com\/#\/schema\/logo\/image\/"},"sameAs":["https:\/\/www.facebook.com\/calerodiving\/","https:\/\/www.instagram.com\/calerodiving\/"]}]}},"_links":{"self":[{"href":"https:\/\/calerodiving.com\/es\/wp-json\/wp\/v2\/pages\/24941","targetHints":{"allow":["GET"]}}],"collection":[{"href":"https:\/\/calerodiving.com\/es\/wp-json\/wp\/v2\/pages"}],"about":[{"href":"https:\/\/calerodiving.com\/es\/wp-json\/wp\/v2\/types\/page"}],"author":[{"embeddable":true,"href":"https:\/\/calerodiving.com\/es\/wp-json\/wp\/v2\/users\/10"}],"replies":[{"embeddable":true,"href":"https:\/\/calerodiving.com\/es\/wp-json\/wp\/v2\/comments?post=24941"}],"version-history":[{"count":4,"href":"https:\/\/calerodiving.com\/es\/wp-json\/wp\/v2\/pages\/24941\/revisions"}],"predecessor-version":[{"id":28465,"href":"https:\/\/calerodiving.com\/es\/wp-json\/wp\/v2\/pages\/24941\/revisions\/28465"}],"wp:attachment":[{"href":"https:\/\/calerodiving.com\/es\/wp-json\/wp\/v2\/media?parent=24941"}],"curies":[{"name":"wp","href":"https:\/\/api.w.org\/{rel}","templated":true}]}}