{"id":24903,"date":"2025-09-01T13:29:12","date_gmt":"2025-09-01T12:29:12","guid":{"rendered":"https:\/\/calerodiving.com\/dia-en-punta-tinosa\/"},"modified":"2026-04-20T13:16:20","modified_gmt":"2026-04-20T12:16:20","slug":"dia-en-punta-tinosa","status":"publish","type":"page","link":"https:\/\/calerodiving.com\/es\/dia-en-punta-tinosa\/","title":{"rendered":"D\u00eda en Punta Ti\u00f1osa"},"content":{"rendered":"\t\t<div data-elementor-type=\"wp-page\" data-elementor-id=\"24903\" class=\"elementor elementor-24903 elementor-20445\" data-elementor-post-type=\"page\">\n\t\t\t\t<div class=\"elementor-element elementor-element-d7fde69 e-flex e-con-boxed e-con e-parent\" data-id=\"d7fde69\" data-element_type=\"container\" data-e-type=\"container\">\n\t\t\t\t\t<div class=\"e-con-inner\">\n\t\t<div class=\"elementor-element elementor-element-0189395 e-con-full e-flex e-con e-child\" data-id=\"0189395\" data-element_type=\"container\" data-e-type=\"container\">\n\t\t\t\t<div class=\"elementor-element elementor-element-60a89f6 elementor-widget elementor-widget-image\" data-id=\"60a89f6\" data-element_type=\"widget\" data-e-type=\"widget\" data-widget_type=\"image.default\">\n\t\t\t\t<div class=\"elementor-widget-container\">\n\t\t\t\t\t\t\t\t\t\t\t\t\t\t\t<img fetchpriority=\"high\" decoding=\"async\" width=\"800\" height=\"534\" src=\"https:\/\/calerodiving.com\/wp-content\/uploads\/2025\/01\/Try-Scuba-Diving-en-Punta-Tinosa-Lanzarote-Calero-Diving-1030x687.webp\" class=\"attachment-large size-large wp-image-17509\" alt=\"\" srcset=\"https:\/\/calerodiving.com\/wp-content\/uploads\/2025\/01\/Try-Scuba-Diving-en-Punta-Tinosa-Lanzarote-Calero-Diving-1030x687.webp 1030w, https:\/\/calerodiving.com\/wp-content\/uploads\/2025\/01\/Try-Scuba-Diving-en-Punta-Tinosa-Lanzarote-Calero-Diving-300x200.webp 300w, https:\/\/calerodiving.com\/wp-content\/uploads\/2025\/01\/Try-Scuba-Diving-en-Punta-Tinosa-Lanzarote-Calero-Diving-768x512.webp 768w, https:\/\/calerodiving.com\/wp-content\/uploads\/2025\/01\/Try-Scuba-Diving-en-Punta-Tinosa-Lanzarote-Calero-Diving-705x470.webp 705w, https:\/\/calerodiving.com\/wp-content\/uploads\/2025\/01\/Try-Scuba-Diving-en-Punta-Tinosa-Lanzarote-Calero-Diving.webp 1080w\" sizes=\"(max-width: 800px) 100vw, 800px\" \/>\t\t\t\t\t\t\t\t\t\t\t\t\t\t\t<\/div>\n\t\t\t\t<\/div>\n\t\t\t\t<\/div>\n\t\t<div class=\"elementor-element elementor-element-11757ee e-con-full e-flex e-con e-child\" data-id=\"11757ee\" data-element_type=\"container\" data-e-type=\"container\">\n\t\t<div class=\"elementor-element elementor-element-3d40ac9 e-con-full e-flex e-con e-child\" data-id=\"3d40ac9\" data-element_type=\"container\" data-e-type=\"container\">\n\t\t\t\t<div class=\"elementor-element elementor-element-5aef856 elementor-widget elementor-widget-html\" data-id=\"5aef856\" data-element_type=\"widget\" data-e-type=\"widget\" data-widget_type=\"html.default\">\n\t\t\t\t<div class=\"elementor-widget-container\">\n\t\t\t\t\t<a href=\"https:\/\/calerodiving.com\/es\/cursos-de-buceo-recreativo\/#baptisms\" class=\"tag-button\">Bautismo de buceo<\/a>\n\t\t\t\t<\/div>\n\t\t\t\t<\/div>\n\t\t\t\t<div class=\"elementor-element elementor-element-c9e1a0e elementor-widget elementor-widget-heading\" data-id=\"c9e1a0e\" data-element_type=\"widget\" data-e-type=\"widget\" data-widget_type=\"heading.default\">\n\t\t\t\t<div class=\"elementor-widget-container\">\n\t\t\t\t\t<h2 class=\"elementor-heading-title elementor-size-default\">D\u00eda en Punta Ti\u00f1osa (Buceador Principiante).\n<\/h2>\t\t\t\t<\/div>\n\t\t\t\t<\/div>\n\t\t\t\t<\/div>\n\t\t\t\t<\/div>\n\t\t\t\t\t<\/div>\n\t\t\t\t<\/div>\n\t\t<div class=\"elementor-element elementor-element-7f36f10 e-flex e-con-boxed e-con e-parent\" data-id=\"7f36f10\" data-element_type=\"container\" data-e-type=\"container\">\n\t\t\t\t\t<div class=\"e-con-inner\">\n\t\t<div class=\"elementor-element elementor-element-5546e83 e-con-full e-flex e-con e-child\" data-id=\"5546e83\" data-element_type=\"container\" data-e-type=\"container\">\n\t\t<div class=\"elementor-element elementor-element-f79fc7b e-con-full e-flex e-con e-child\" data-id=\"f79fc7b\" data-element_type=\"container\" data-e-type=\"container\">\n\t\t\t\t<div class=\"elementor-element elementor-element-8880f05 elementor-widget elementor-widget-heading\" data-id=\"8880f05\" data-element_type=\"widget\" data-e-type=\"widget\" data-widget_type=\"heading.default\">\n\t\t\t\t<div class=\"elementor-widget-container\">\n\t\t\t\t\t<h2 class=\"elementor-heading-title elementor-size-default\">Experiencia de d\u00eda completo para principiantes.<\/h2>\t\t\t\t<\/div>\n\t\t\t\t<\/div>\n\t\t\t\t<div class=\"elementor-element elementor-element-970e03d elementor-widget elementor-widget-text-editor\" data-id=\"970e03d\" data-element_type=\"widget\" data-e-type=\"widget\" data-widget_type=\"text-editor.default\">\n\t\t\t\t<div class=\"elementor-widget-container\">\n\t\t\t\t\t\t\t\t\t<div class=\"section-list\">\n<h3>Resumen del programa:<\/h3>\n<p>Este programa SSI Basic Diver ofrece una experiencia completa que va mucho m\u00e1s all\u00e1 de un simple bautismo de buceo.<\/p><p><span style=\"font-family: -apple-system, BlinkMacSystemFont, &quot;SF Pro Display&quot;, &quot;Helvetica Neue&quot;, sans-serif;\">Comenzar\u00e1s con una introducci\u00f3n guiada al buceo, aprendiendo los conceptos b\u00e1sicos y practicando en una inmersi\u00f3n desde costa para ganar confianza.<\/span><\/p><p><span style=\"font-family: -apple-system, BlinkMacSystemFont, &quot;SF Pro Display&quot;, &quot;Helvetica Neue&quot;, sans-serif;\">Despu\u00e9s de una breve pausa, te preparar\u00e1s para la segunda inmersi\u00f3n y subir\u00e1s al barco para un trayecto de unos 10 minutos hasta Punta Ti\u00f1osa.<\/span><\/p><p><span style=\"font-family: -apple-system, BlinkMacSystemFont, &quot;SF Pro Display&quot;, &quot;Helvetica Neue&quot;, sans-serif;\">En tu segunda inmersi\u00f3n, saldr\u00e1s en barco y bucear\u00e1s hasta un m\u00e1ximo de 12 metros, explorando el paisaje volc\u00e1nico submarino de Punta Ti\u00f1osa.<\/span><\/p><p><span style=\"font-family: -apple-system, BlinkMacSystemFont, &quot;SF Pro Display&quot;, &quot;Helvetica Neue&quot;, sans-serif;\">Al final del d\u00eda recibir\u00e1s tu certificaci\u00f3n SSI Basic Diver en formato digital.<\/span><\/p><p><span style=\"font-family: -apple-system, BlinkMacSystemFont, &quot;SF Pro Display&quot;, &quot;Helvetica Neue&quot;, sans-serif;\">Esta certificaci\u00f3n temporal es v\u00e1lida durante 6 meses y te permite bucear hasta 12 metros bajo la supervisi\u00f3n directa de un profesional.<\/span><\/p><p><span style=\"font-family: -apple-system, BlinkMacSystemFont, &quot;SF Pro Display&quot;, &quot;Helvetica Neue&quot;, sans-serif;\">Tambi\u00e9n se puede acreditar para el curso Open Water Diver y te permite obtener un descuento si decides continuar tu formaci\u00f3n.<\/span><\/p>\n<h3>Duraci\u00f3n<\/h3>\n<ul>\n<li>Aprox. 5 horas (experiencia de 1 d\u00eda)<\/li>\n<\/ul>\n<h3>Incluye<\/h3>\n<ul>\n<li>Alquiler del equipo<\/li>\n<li>Materiales digitales<\/li>\n<li>Seguro de buceo<\/li>\n<li>Certificaci\u00f3n SSI Basic Diver<\/li>\n<\/ul>\n<h3>No incluido<\/h3>\n<ul>\n<li>Fotos submarinas (alquiler de c\u00e1mara disponible bajo petici\u00f3n)<\/li>\n<\/ul>\n<h3>Requisitos<\/h3>\n<ul>\n<li>Capacidad b\u00e1sica de nataci\u00f3n<\/li>\n<li>Edad m\u00ednima de 10 a\u00f1os<\/li>\n<\/ul>\n<\/div>\t\t\t\t\t\t\t\t<\/div>\n\t\t\t\t<\/div>\n\t\t\t\t<\/div>\n\t\t\t\t<\/div>\n\t\t<div class=\"elementor-element elementor-element-b62132f e-con-full e-flex e-con e-child\" data-id=\"b62132f\" data-element_type=\"container\" data-e-type=\"container\">\n\t\t<div class=\"elementor-element elementor-element-523702e e-con-full course-sidebar-box e-flex e-con e-child\" data-id=\"523702e\" data-element_type=\"container\" data-e-type=\"container\" data-settings=\"{&quot;sticky&quot;:&quot;top&quot;,&quot;sticky_offset&quot;:110,&quot;sticky_effects_offset&quot;:130,&quot;sticky_parent&quot;:&quot;yes&quot;,&quot;sticky_on&quot;:[&quot;desktop&quot;,&quot;tablet&quot;,&quot;mobile&quot;],&quot;sticky_anchor_link_offset&quot;:0}\">\n\t\t\t\t<div class=\"elementor-element elementor-element-08a975d elementor-widget elementor-widget-text-editor\" data-id=\"08a975d\" data-element_type=\"widget\" data-e-type=\"widget\" data-widget_type=\"text-editor.default\">\n\t\t\t\t<div class=\"elementor-widget-container\">\n\t\t\t\t\t\t\t\t\t<div class=\"courses-info\"><h6 class=\"no-margin\">Duraci\u00f3n:<\/h6><p class=\"no-margin\">Curso de 1 d\u00eda<\/p><\/div><div class=\"courses-info\"><h6 class=\"no-margin\">Precio:<\/h6><p class=\"no-margin\">Desde 175 \u20ac<\/p><\/div>\t\t\t\t\t\t\t\t<\/div>\n\t\t\t\t<\/div>\n\t\t\t\t<div class=\"elementor-element elementor-element-96d6459 elementor-mobile-align-center elementor-widget elementor-widget-button\" data-id=\"96d6459\" data-element_type=\"widget\" data-e-type=\"widget\" data-widget_type=\"button.default\">\n\t\t\t\t<div class=\"elementor-widget-container\">\n\t\t\t\t\t\t\t\t\t<div class=\"elementor-button-wrapper\">\n\t\t\t\t\t<a class=\"elementor-button elementor-button-link elementor-size-sm\" href=\"https:\/\/bukyapp.com\/booking?mode=pack&#038;product=621d00f36bd37f005fb86e71&#038;lang=en&#038;_gl=1*l1qu9y*_ga*ODU1MDM5OTIuMTc0MTE5MTcyMQ..*_ga_4WWMT2EY3C*czE3NTI0ODMwNDIkbzYzJGcxJHQxNzUyNDgzMDk3JGo1JGwwJGgw\" target=\"_blank\">\n\t\t\t\t\t\t<span class=\"elementor-button-content-wrapper\">\n\t\t\t\t\t\t\t\t\t<span class=\"elementor-button-text\">Reservar curso<\/span>\n\t\t\t\t\t<\/span>\n\t\t\t\t\t<\/a>\n\t\t\t\t<\/div>\n\t\t\t\t\t\t\t\t<\/div>\n\t\t\t\t<\/div>\n\t\t\t\t<\/div>\n\t\t\t\t<\/div>\n\t\t\t\t\t<\/div>\n\t\t\t\t<\/div>\n\t\t\t\t<\/div>\n\t\t","protected":false},"excerpt":{"rendered":"<p>Bautismo de buceo D\u00eda en Punta Ti\u00f1osa (Buceador Principiante). Experiencia de d\u00eda completo para principiantes. Resumen del programa: Este programa SSI Basic Diver ofrece una experiencia completa que va mucho m\u00e1s all\u00e1 de un simple bautismo de buceo. Comenzar\u00e1s con una introducci\u00f3n guiada al buceo, aprendiendo los conceptos b\u00e1sicos y practicando en una inmersi\u00f3n desde [&hellip;]<\/p>\n","protected":false},"author":10,"featured_media":0,"parent":0,"menu_order":0,"comment_status":"closed","ping_status":"closed","template":"","meta":{"_acf_changed":false,"footnotes":""},"class_list":["post-24903","page","type-page","status-publish","hentry"],"acf":[],"yoast_head":"<!-- This site is optimized with the Yoast SEO plugin v27.5 - https:\/\/yoast.com\/product\/yoast-seo-wordpress\/ -->\n<title>D\u00eda en Punta Ti\u00f1osa | Calero Diving Lanzarote<\/title>\n<meta name=\"robots\" content=\"index, follow, max-snippet:-1, max-image-preview:large, max-video-preview:-1\" \/>\n<link rel=\"canonical\" href=\"https:\/\/calerodiving.com\/day-at-punta-tinosa\/\" \/>\n<meta property=\"og:locale\" content=\"es_ES\" \/>\n<meta property=\"og:type\" content=\"article\" \/>\n<meta property=\"og:title\" content=\"D\u00eda en Punta Ti\u00f1osa | Calero Diving Lanzarote\" \/>\n<meta property=\"og:description\" content=\"Bautismo de buceo D\u00eda en Punta Ti\u00f1osa (Buceador Principiante). Experiencia de d\u00eda completo para principiantes. Resumen del programa: Este programa SSI Basic Diver ofrece una experiencia completa que va mucho m\u00e1s all\u00e1 de un simple bautismo de buceo. Comenzar\u00e1s con una introducci\u00f3n guiada al buceo, aprendiendo los conceptos b\u00e1sicos y practicando en una inmersi\u00f3n desde [&hellip;]\" \/>\n<meta property=\"og:url\" content=\"https:\/\/calerodiving.com\/day-at-punta-tinosa\/\" \/>\n<meta property=\"og:site_name\" content=\"Calero Diving Lanzarote\" \/>\n<meta property=\"article:publisher\" content=\"https:\/\/www.facebook.com\/calerodiving\/\" \/>\n<meta property=\"article:modified_time\" content=\"2026-04-20T12:16:20+00:00\" \/>\n<meta property=\"og:image\" content=\"https:\/\/calerodiving.com\/wp-content\/uploads\/2025\/01\/Try-Scuba-Diving-en-Punta-Tinosa-Lanzarote-Calero-Diving.webp\" \/>\n\t<meta property=\"og:image:width\" content=\"1080\" \/>\n\t<meta property=\"og:image:height\" content=\"720\" \/>\n\t<meta property=\"og:image:type\" content=\"image\/webp\" \/>\n<meta name=\"twitter:card\" content=\"summary_large_image\" \/>\n<meta name=\"twitter:label1\" content=\"Tiempo de lectura\" \/>\n\t<meta name=\"twitter:data1\" content=\"2 minutos\" \/>\n<script type=\"application\/ld+json\" class=\"yoast-schema-graph\">{\"@context\":\"https:\\\/\\\/schema.org\",\"@graph\":[{\"@type\":\"WebPage\",\"@id\":\"https:\\\/\\\/calerodiving.com\\\/day-at-punta-tinosa\\\/\",\"url\":\"https:\\\/\\\/calerodiving.com\\\/day-at-punta-tinosa\\\/\",\"name\":\"D\u00eda en Punta Ti\u00f1osa | Calero Diving Lanzarote\",\"isPartOf\":{\"@id\":\"https:\\\/\\\/calerodiving.com\\\/#website\"},\"primaryImageOfPage\":{\"@id\":\"https:\\\/\\\/calerodiving.com\\\/day-at-punta-tinosa\\\/#primaryimage\"},\"image\":{\"@id\":\"https:\\\/\\\/calerodiving.com\\\/day-at-punta-tinosa\\\/#primaryimage\"},\"thumbnailUrl\":\"https:\\\/\\\/calerodiving.com\\\/wp-content\\\/uploads\\\/2025\\\/01\\\/Try-Scuba-Diving-en-Punta-Tinosa-Lanzarote-Calero-Diving-1030x687.webp\",\"datePublished\":\"2025-09-01T12:29:12+00:00\",\"dateModified\":\"2026-04-20T12:16:20+00:00\",\"breadcrumb\":{\"@id\":\"https:\\\/\\\/calerodiving.com\\\/day-at-punta-tinosa\\\/#breadcrumb\"},\"inLanguage\":\"es\",\"potentialAction\":[{\"@type\":\"ReadAction\",\"target\":[\"https:\\\/\\\/calerodiving.com\\\/day-at-punta-tinosa\\\/\"]}]},{\"@type\":\"ImageObject\",\"inLanguage\":\"es\",\"@id\":\"https:\\\/\\\/calerodiving.com\\\/day-at-punta-tinosa\\\/#primaryimage\",\"url\":\"https:\\\/\\\/calerodiving.com\\\/wp-content\\\/uploads\\\/2025\\\/01\\\/Try-Scuba-Diving-en-Punta-Tinosa-Lanzarote-Calero-Diving-1030x687.webp\",\"contentUrl\":\"https:\\\/\\\/calerodiving.com\\\/wp-content\\\/uploads\\\/2025\\\/01\\\/Try-Scuba-Diving-en-Punta-Tinosa-Lanzarote-Calero-Diving-1030x687.webp\"},{\"@type\":\"BreadcrumbList\",\"@id\":\"https:\\\/\\\/calerodiving.com\\\/day-at-punta-tinosa\\\/#breadcrumb\",\"itemListElement\":[{\"@type\":\"ListItem\",\"position\":1,\"name\":\"Home\",\"item\":\"https:\\\/\\\/calerodiving.com\\\/es\\\/\"},{\"@type\":\"ListItem\",\"position\":2,\"name\":\"D\u00eda en Punta Ti\u00f1osa\"}]},{\"@type\":\"WebSite\",\"@id\":\"https:\\\/\\\/calerodiving.com\\\/#website\",\"url\":\"https:\\\/\\\/calerodiving.com\\\/\",\"name\":\"Calero Diving Lanzarote\",\"description\":\"Diving Center Lanzarote\",\"publisher\":{\"@id\":\"https:\\\/\\\/calerodiving.com\\\/#organization\"},\"alternateName\":\"Calero Diving\",\"potentialAction\":[{\"@type\":\"SearchAction\",\"target\":{\"@type\":\"EntryPoint\",\"urlTemplate\":\"https:\\\/\\\/calerodiving.com\\\/?s={search_term_string}\"},\"query-input\":{\"@type\":\"PropertyValueSpecification\",\"valueRequired\":true,\"valueName\":\"search_term_string\"}}],\"inLanguage\":\"es\"},{\"@type\":\"Organization\",\"@id\":\"https:\\\/\\\/calerodiving.com\\\/#organization\",\"name\":\"Calero Diving Lanzarote\",\"alternateName\":\"Calero Diving\",\"url\":\"https:\\\/\\\/calerodiving.com\\\/\",\"logo\":{\"@type\":\"ImageObject\",\"inLanguage\":\"es\",\"@id\":\"https:\\\/\\\/calerodiving.com\\\/#\\\/schema\\\/logo\\\/image\\\/\",\"url\":\"https:\\\/\\\/calerodiving.com\\\/wp-content\\\/uploads\\\/2025\\\/05\\\/Grupo.png\",\"contentUrl\":\"https:\\\/\\\/calerodiving.com\\\/wp-content\\\/uploads\\\/2025\\\/05\\\/Grupo.png\",\"width\":499,\"height\":590,\"caption\":\"Calero Diving Lanzarote\"},\"image\":{\"@id\":\"https:\\\/\\\/calerodiving.com\\\/#\\\/schema\\\/logo\\\/image\\\/\"},\"sameAs\":[\"https:\\\/\\\/www.facebook.com\\\/calerodiving\\\/\",\"https:\\\/\\\/www.instagram.com\\\/calerodiving\\\/\"]}]}<\/script>\n<!-- \/ Yoast SEO plugin. -->","yoast_head_json":{"title":"D\u00eda en Punta Ti\u00f1osa | Calero Diving Lanzarote","robots":{"index":"index","follow":"follow","max-snippet":"max-snippet:-1","max-image-preview":"max-image-preview:large","max-video-preview":"max-video-preview:-1"},"canonical":"https:\/\/calerodiving.com\/day-at-punta-tinosa\/","og_locale":"es_ES","og_type":"article","og_title":"D\u00eda en Punta Ti\u00f1osa | Calero Diving Lanzarote","og_description":"Bautismo de buceo D\u00eda en Punta Ti\u00f1osa (Buceador Principiante). Experiencia de d\u00eda completo para principiantes. Resumen del programa: Este programa SSI Basic Diver ofrece una experiencia completa que va mucho m\u00e1s all\u00e1 de un simple bautismo de buceo. Comenzar\u00e1s con una introducci\u00f3n guiada al buceo, aprendiendo los conceptos b\u00e1sicos y practicando en una inmersi\u00f3n desde [&hellip;]","og_url":"https:\/\/calerodiving.com\/day-at-punta-tinosa\/","og_site_name":"Calero Diving Lanzarote","article_publisher":"https:\/\/www.facebook.com\/calerodiving\/","article_modified_time":"2026-04-20T12:16:20+00:00","og_image":[{"width":1080,"height":720,"url":"https:\/\/calerodiving.com\/wp-content\/uploads\/2025\/01\/Try-Scuba-Diving-en-Punta-Tinosa-Lanzarote-Calero-Diving.webp","type":"image\/webp"}],"twitter_card":"summary_large_image","twitter_misc":{"Tiempo de lectura":"2 minutos"},"schema":{"@context":"https:\/\/schema.org","@graph":[{"@type":"WebPage","@id":"https:\/\/calerodiving.com\/day-at-punta-tinosa\/","url":"https:\/\/calerodiving.com\/day-at-punta-tinosa\/","name":"D\u00eda en Punta Ti\u00f1osa | Calero Diving Lanzarote","isPartOf":{"@id":"https:\/\/calerodiving.com\/#website"},"primaryImageOfPage":{"@id":"https:\/\/calerodiving.com\/day-at-punta-tinosa\/#primaryimage"},"image":{"@id":"https:\/\/calerodiving.com\/day-at-punta-tinosa\/#primaryimage"},"thumbnailUrl":"https:\/\/calerodiving.com\/wp-content\/uploads\/2025\/01\/Try-Scuba-Diving-en-Punta-Tinosa-Lanzarote-Calero-Diving-1030x687.webp","datePublished":"2025-09-01T12:29:12+00:00","dateModified":"2026-04-20T12:16:20+00:00","breadcrumb":{"@id":"https:\/\/calerodiving.com\/day-at-punta-tinosa\/#breadcrumb"},"inLanguage":"es","potentialAction":[{"@type":"ReadAction","target":["https:\/\/calerodiving.com\/day-at-punta-tinosa\/"]}]},{"@type":"ImageObject","inLanguage":"es","@id":"https:\/\/calerodiving.com\/day-at-punta-tinosa\/#primaryimage","url":"https:\/\/calerodiving.com\/wp-content\/uploads\/2025\/01\/Try-Scuba-Diving-en-Punta-Tinosa-Lanzarote-Calero-Diving-1030x687.webp","contentUrl":"https:\/\/calerodiving.com\/wp-content\/uploads\/2025\/01\/Try-Scuba-Diving-en-Punta-Tinosa-Lanzarote-Calero-Diving-1030x687.webp"},{"@type":"BreadcrumbList","@id":"https:\/\/calerodiving.com\/day-at-punta-tinosa\/#breadcrumb","itemListElement":[{"@type":"ListItem","position":1,"name":"Home","item":"https:\/\/calerodiving.com\/es\/"},{"@type":"ListItem","position":2,"name":"D\u00eda en Punta Ti\u00f1osa"}]},{"@type":"WebSite","@id":"https:\/\/calerodiving.com\/#website","url":"https:\/\/calerodiving.com\/","name":"Calero Diving Lanzarote","description":"Diving Center Lanzarote","publisher":{"@id":"https:\/\/calerodiving.com\/#organization"},"alternateName":"Calero Diving","potentialAction":[{"@type":"SearchAction","target":{"@type":"EntryPoint","urlTemplate":"https:\/\/calerodiving.com\/?s={search_term_string}"},"query-input":{"@type":"PropertyValueSpecification","valueRequired":true,"valueName":"search_term_string"}}],"inLanguage":"es"},{"@type":"Organization","@id":"https:\/\/calerodiving.com\/#organization","name":"Calero Diving Lanzarote","alternateName":"Calero Diving","url":"https:\/\/calerodiving.com\/","logo":{"@type":"ImageObject","inLanguage":"es","@id":"https:\/\/calerodiving.com\/#\/schema\/logo\/image\/","url":"https:\/\/calerodiving.com\/wp-content\/uploads\/2025\/05\/Grupo.png","contentUrl":"https:\/\/calerodiving.com\/wp-content\/uploads\/2025\/05\/Grupo.png","width":499,"height":590,"caption":"Calero Diving Lanzarote"},"image":{"@id":"https:\/\/calerodiving.com\/#\/schema\/logo\/image\/"},"sameAs":["https:\/\/www.facebook.com\/calerodiving\/","https:\/\/www.instagram.com\/calerodiving\/"]}]}},"_links":{"self":[{"href":"https:\/\/calerodiving.com\/es\/wp-json\/wp\/v2\/pages\/24903","targetHints":{"allow":["GET"]}}],"collection":[{"href":"https:\/\/calerodiving.com\/es\/wp-json\/wp\/v2\/pages"}],"about":[{"href":"https:\/\/calerodiving.com\/es\/wp-json\/wp\/v2\/types\/page"}],"author":[{"embeddable":true,"href":"https:\/\/calerodiving.com\/es\/wp-json\/wp\/v2\/users\/10"}],"replies":[{"embeddable":true,"href":"https:\/\/calerodiving.com\/es\/wp-json\/wp\/v2\/comments?post=24903"}],"version-history":[{"count":22,"href":"https:\/\/calerodiving.com\/es\/wp-json\/wp\/v2\/pages\/24903\/revisions"}],"predecessor-version":[{"id":28335,"href":"https:\/\/calerodiving.com\/es\/wp-json\/wp\/v2\/pages\/24903\/revisions\/28335"}],"wp:attachment":[{"href":"https:\/\/calerodiving.com\/es\/wp-json\/wp\/v2\/media?parent=24903"}],"curies":[{"name":"wp","href":"https:\/\/api.w.org\/{rel}","templated":true}]}}