{"id":24857,"date":"2025-09-01T13:28:59","date_gmt":"2025-09-01T12:28:59","guid":{"rendered":"https:\/\/calerodiving.com\/richies-place\/"},"modified":"2026-04-20T14:54:53","modified_gmt":"2026-04-20T13:54:53","slug":"richies-place","status":"publish","type":"page","link":"https:\/\/calerodiving.com\/es\/richies-place\/","title":{"rendered":"Richies Place"},"content":{"rendered":"\t\t<div data-elementor-type=\"wp-page\" data-elementor-id=\"24857\" class=\"elementor elementor-24857 elementor-19963\" data-elementor-post-type=\"page\">\n\t\t\t\t<div class=\"elementor-element elementor-element-64873cf e-flex e-con-boxed e-con e-parent\" data-id=\"64873cf\" data-element_type=\"container\" data-e-type=\"container\">\n\t\t\t\t\t<div class=\"e-con-inner\">\n\t\t<div class=\"elementor-element elementor-element-a5553da e-con-full e-flex e-con e-child\" data-id=\"a5553da\" data-element_type=\"container\" data-e-type=\"container\">\n\t\t<div class=\"elementor-element elementor-element-a03c2cc e-con-full e-flex e-con e-child\" data-id=\"a03c2cc\" data-element_type=\"container\" data-e-type=\"container\">\n\t\t\t\t<div class=\"elementor-element elementor-element-8d81071 elementor-widget elementor-widget-heading\" data-id=\"8d81071\" data-element_type=\"widget\" data-e-type=\"widget\" data-widget_type=\"heading.default\">\n\t\t\t\t<div class=\"elementor-widget-container\">\n\t\t\t\t\t<h2 class=\"elementor-heading-title elementor-size-default\">Richies Place<\/h2>\t\t\t\t<\/div>\n\t\t\t\t<\/div>\n\t\t\t\t<\/div>\n\t\t\t\t<\/div>\n\t\t\t\t\t<\/div>\n\t\t\t\t<\/div>\n\t\t<div class=\"elementor-element elementor-element-7fd4ee3 e-flex e-con-boxed e-con e-parent\" data-id=\"7fd4ee3\" data-element_type=\"container\" data-e-type=\"container\">\n\t\t\t\t\t<div class=\"e-con-inner\">\n\t\t<div class=\"elementor-element elementor-element-9396000 e-con-full e-flex e-con e-child\" data-id=\"9396000\" data-element_type=\"container\" data-e-type=\"container\">\n\t\t<div class=\"elementor-element elementor-element-cbce284 e-con-full e-flex e-con e-child\" data-id=\"cbce284\" data-element_type=\"container\" data-e-type=\"container\">\n\t\t\t\t<div class=\"elementor-element elementor-element-c7984d3 elementor-widget elementor-widget-image\" data-id=\"c7984d3\" data-element_type=\"widget\" data-e-type=\"widget\" data-widget_type=\"image.default\">\n\t\t\t\t<div class=\"elementor-widget-container\">\n\t\t\t\t\t\t\t\t\t\t\t\t\t\t\t<img fetchpriority=\"high\" decoding=\"async\" width=\"800\" height=\"449\" src=\"https:\/\/calerodiving.com\/wp-content\/uploads\/2017\/10\/waikiki-1030x578.jpg\" class=\"attachment-large size-large wp-image-3902\" alt=\"\" srcset=\"https:\/\/calerodiving.com\/wp-content\/uploads\/2017\/10\/waikiki-1030x578.jpg 1030w, https:\/\/calerodiving.com\/wp-content\/uploads\/2017\/10\/waikiki-300x168.jpg 300w, https:\/\/calerodiving.com\/wp-content\/uploads\/2017\/10\/waikiki-768x431.jpg 768w, https:\/\/calerodiving.com\/wp-content\/uploads\/2017\/10\/waikiki-705x396.jpg 705w, https:\/\/calerodiving.com\/wp-content\/uploads\/2017\/10\/waikiki-450x253.jpg 450w, https:\/\/calerodiving.com\/wp-content\/uploads\/2017\/10\/waikiki.jpg 1060w\" sizes=\"(max-width: 800px) 100vw, 800px\" \/>\t\t\t\t\t\t\t\t\t\t\t\t\t\t\t<\/div>\n\t\t\t\t<\/div>\n\t\t\t\t<div class=\"elementor-element elementor-element-ab65094 elementor-widget elementor-widget-text-editor\" data-id=\"ab65094\" data-element_type=\"widget\" data-e-type=\"widget\" data-widget_type=\"text-editor.default\">\n\t\t\t\t<div class=\"elementor-widget-container\">\n\t\t\t\t\t\t\t\t\t<p data-start=\"1067\" data-end=\"1194\">Richies Place es un punto de inmersi\u00f3n muy apreciado en Puerto del Carmen, especialmente entre buceadores avanzados y t\u00e9cnicos.<\/p><p data-start=\"1196\" data-end=\"1308\">El punto de inmersi\u00f3n se encuentra algo m\u00e1s alejado de la playa principal de Playa Grande, en Puerto del Carmen.<\/p><p data-start=\"1310\" data-end=\"1417\">Al ser accesible \u00fanicamente en barco, sigue siendo un punto de inmersi\u00f3n m\u00e1s tranquilo y menos frecuentado.<\/p><p data-start=\"1419\" data-end=\"1543\">Para buceadores t\u00e9cnicos cualificados, ofrecemos inmersiones guiadas para explorar las zonas m\u00e1s profundas de Richies Place.<\/p><p data-start=\"1545\" data-end=\"1625\">Para m\u00e1s informaci\u00f3n sobre nuestras inmersiones t\u00e9cnicas guiadas, haz clic aqu\u00ed.<\/p><p data-start=\"1627\" data-end=\"1751\">El verdadero atractivo de Richies Place son sus espectaculares formaciones volc\u00e1nicas, creadas por antiguas coladas de lava.<\/p><p data-start=\"1753\" data-end=\"1915\">Entre las formaciones m\u00e1s llamativas destacan estructuras de lava que recuerdan a grandes setas y una pared de arrecife que parece un conjunto de tubos de \u00f3rgano.<\/p><p data-start=\"1917\" data-end=\"2078\">Aqu\u00ed puede encontrarse una gran variedad de vida marina, aunque los verdaderos protagonistas de la inmersi\u00f3n son el arrecife volc\u00e1nico y las formaciones de lava.<\/p>\t\t\t\t\t\t\t\t<\/div>\n\t\t\t\t<\/div>\n\t\t\t\t<\/div>\n\t\t\t\t<\/div>\n\t\t<div class=\"elementor-element elementor-element-fb67792 e-con-full e-flex e-con e-child\" data-id=\"fb67792\" data-element_type=\"container\" data-e-type=\"container\">\n\t\t<div class=\"elementor-element elementor-element-ae0981f e-con-full course-sidebar-box e-flex e-con e-child\" data-id=\"ae0981f\" data-element_type=\"container\" data-e-type=\"container\" data-settings=\"{&quot;sticky&quot;:&quot;top&quot;,&quot;sticky_offset&quot;:110,&quot;sticky_effects_offset&quot;:130,&quot;sticky_parent&quot;:&quot;yes&quot;,&quot;sticky_on&quot;:[&quot;desktop&quot;,&quot;tablet&quot;,&quot;mobile&quot;],&quot;sticky_anchor_link_offset&quot;:0}\">\n\t\t\t\t<div class=\"elementor-element elementor-element-2ee650f elementor-widget elementor-widget-image\" data-id=\"2ee650f\" data-element_type=\"widget\" data-e-type=\"widget\" data-widget_type=\"image.default\">\n\t\t\t\t<div class=\"elementor-widget-container\">\n\t\t\t\t\t\t\t\t\t\t\t\t\t\t\t<img decoding=\"async\" width=\"404\" height=\"412\" src=\"https:\/\/calerodiving.com\/wp-content\/uploads\/2025\/07\/Richies_place_Qr.png\" class=\"attachment-large size-large wp-image-21814\" alt=\"\" srcset=\"https:\/\/calerodiving.com\/wp-content\/uploads\/2025\/07\/Richies_place_Qr.png 404w, https:\/\/calerodiving.com\/wp-content\/uploads\/2025\/07\/Richies_place_Qr-294x300.png 294w\" sizes=\"(max-width: 404px) 100vw, 404px\" \/>\t\t\t\t\t\t\t\t\t\t\t\t\t\t\t<\/div>\n\t\t\t\t<\/div>\n\t\t\t\t<div class=\"elementor-element elementor-element-c056e32 elementor-widget elementor-widget-text-editor\" data-id=\"c056e32\" data-element_type=\"widget\" data-e-type=\"widget\" data-widget_type=\"text-editor.default\">\n\t\t\t\t<div class=\"elementor-widget-container\">\n\t\t\t\t\t\t\t\t\t<div class=\"courses-info\">\n<p style=\"margin: 0 0 10px;\"><span style=\"color: #ffffff;\"><strong>Tipo de inmersi\u00f3n:<\/strong> pared de arrecife y aguas abiertas<\/span><\/p>\n<p style=\"margin: 0 0 10px;\"><span style=\"color: #ffffff;\"><strong>Profundidad m\u00e1xima:<\/strong> aprox. 30+ metros<\/span><\/p>\n<p style=\"margin: 0 0 10px;\"><span style=\"color: #ffffff;\"><strong>Adecuado para:<\/strong> buceadores con experiencia, especialmente en buceo profundo y t\u00e9cnico<\/span><\/p>\n<p style=\"margin: 0;\"><span style=\"color: #ffffff;\"><strong>Qu\u00e9 ver:<\/strong> formaciones volc\u00e1nicas, peque\u00f1as cavernas, canales y estructuras de arrecife espectaculares<\/span><\/p>\n<\/div>\t\t\t\t\t\t\t\t<\/div>\n\t\t\t\t<\/div>\n\t\t\t\t<div class=\"elementor-element elementor-element-e081931 elementor-widget elementor-widget-ucaddon_underline_link_hover_effect\" data-id=\"e081931\" data-element_type=\"widget\" data-e-type=\"widget\" data-widget_type=\"ucaddon_underline_link_hover_effect.default\">\n\t\t\t\t<div class=\"elementor-widget-container\">\n\t\t\t\t\t\n<!-- start Underline Link Hover Effect -->\n\t\t<link id='font-awesome-css' href='https:\/\/calerodiving.com\/wp-content\/plugins\/unlimited-elements-for-elementor-premium\/assets_libraries\/font-awesome6\/fontawesome-all.min.css' type='text\/css' rel='stylesheet' >\n\t\t<link id='font-awesome-4-shim-css' href='https:\/\/calerodiving.com\/wp-content\/plugins\/unlimited-elements-for-elementor-premium\/assets_libraries\/font-awesome6\/fontawesome-v4-shims.min.css' type='text\/css' rel='stylesheet' >\n\n<style>\/* widget: Underline Link Hover Effect *\/\n\n#uc_underline_link_hover_effect_elementor_e081931{\n  display:flex;\n} \n\n#uc_underline_link_hover_effect_elementor_e081931 a.ue-link{\n  display:flex;\n  position:relative;\n  align-items:center;\n  justify-content:center;\n  text-decoration:none;\n}\n\n#uc_underline_link_hover_effect_elementor_e081931 a.ue-link:after{\n  content: \"\";\n    width:100%;\n    position:absolute;\n  bottom:0px;\n    left:0px;\n    display: block;\n  transition:1s;\n}\n\n#uc_underline_link_hover_effect_elementor_e081931 a:hover:after{\n    width:0%;\n  }\n\n#uc_underline_link_hover_effect_elementor_e081931 .ue-link-hover-effect-spacing{\n  transition:1s;\n}\n\n#uc_underline_link_hover_effect_elementor_e081931 .ue-link-hover-effect-text{\n  padding:10px 0px;\n}\n\n#uc_underline_link_hover_effect_elementor_e081931 .ue-link-hover-effect-icon{\n  line-height:1em;\n  transition:1s;\n}\n\n#uc_underline_link_hover_effect_elementor_e081931 .ue-link-hover-effect-icon svg{\n  height:1em;\n  width:1em;\n}\n\n<\/style>\n\n<div id=\"uc_underline_link_hover_effect_elementor_e081931\" class=\"ue-link-wrap\">\n  <a class=\"ue-link\" href=\"\" >\n    <div class=\"ue-link-hover-effect-text\">Cont\u00e1ctenos<\/div>\n    <div class=\"ue-link-hover-effect-spacing\"><\/div>\n    <div class=\"ue-link-hover-effect-icon\"><i class='fas fa-arrow-right'><\/i><\/div>\n  <\/a>\n<\/div>\n<!-- end Underline Link Hover Effect -->\t\t\t\t<\/div>\n\t\t\t\t<\/div>\n\t\t\t\t<\/div>\n\t\t\t\t<\/div>\n\t\t\t\t\t<\/div>\n\t\t\t\t<\/div>\n\t\t\t\t<\/div>\n\t\t","protected":false},"excerpt":{"rendered":"<p>Richies Place Richies Place es un punto de inmersi\u00f3n muy apreciado en Puerto del Carmen, especialmente entre buceadores avanzados y t\u00e9cnicos. El punto de inmersi\u00f3n se encuentra algo m\u00e1s alejado de la playa principal de Playa Grande, en Puerto del Carmen. Al ser accesible \u00fanicamente en barco, sigue siendo un punto de inmersi\u00f3n m\u00e1s tranquilo [&hellip;]<\/p>\n","protected":false},"author":10,"featured_media":0,"parent":0,"menu_order":0,"comment_status":"closed","ping_status":"closed","template":"","meta":{"_acf_changed":false,"footnotes":""},"class_list":["post-24857","page","type-page","status-publish","hentry"],"acf":[],"yoast_head":"<!-- This site is optimized with the Yoast SEO plugin v27.5 - https:\/\/yoast.com\/product\/yoast-seo-wordpress\/ -->\n<title>Richies Place | Calero Diving Lanzarote<\/title>\n<meta name=\"robots\" content=\"index, follow, max-snippet:-1, max-image-preview:large, max-video-preview:-1\" \/>\n<link rel=\"canonical\" href=\"https:\/\/calerodiving.com\/richies-place\/\" \/>\n<meta property=\"og:locale\" content=\"es_ES\" \/>\n<meta property=\"og:type\" content=\"article\" \/>\n<meta property=\"og:title\" content=\"Richies Place | Calero Diving Lanzarote\" \/>\n<meta property=\"og:description\" content=\"Richies Place Richies Place es un punto de inmersi\u00f3n muy apreciado en Puerto del Carmen, especialmente entre buceadores avanzados y t\u00e9cnicos. El punto de inmersi\u00f3n se encuentra algo m\u00e1s alejado de la playa principal de Playa Grande, en Puerto del Carmen. Al ser accesible \u00fanicamente en barco, sigue siendo un punto de inmersi\u00f3n m\u00e1s tranquilo [&hellip;]\" \/>\n<meta property=\"og:url\" content=\"https:\/\/calerodiving.com\/richies-place\/\" \/>\n<meta property=\"og:site_name\" content=\"Calero Diving Lanzarote\" \/>\n<meta property=\"article:publisher\" content=\"https:\/\/www.facebook.com\/calerodiving\/\" \/>\n<meta property=\"article:modified_time\" content=\"2026-04-20T13:54:53+00:00\" \/>\n<meta property=\"og:image\" content=\"https:\/\/calerodiving.com\/wp-content\/uploads\/2017\/10\/waikiki.jpg\" \/>\n\t<meta property=\"og:image:width\" content=\"1060\" \/>\n\t<meta property=\"og:image:height\" content=\"595\" \/>\n\t<meta property=\"og:image:type\" content=\"image\/jpeg\" \/>\n<meta name=\"twitter:card\" content=\"summary_large_image\" \/>\n<meta name=\"twitter:label1\" content=\"Tiempo de lectura\" \/>\n\t<meta name=\"twitter:data1\" content=\"2 minutos\" \/>\n<script type=\"application\/ld+json\" class=\"yoast-schema-graph\">{\"@context\":\"https:\\\/\\\/schema.org\",\"@graph\":[{\"@type\":\"WebPage\",\"@id\":\"https:\\\/\\\/calerodiving.com\\\/richies-place\\\/\",\"url\":\"https:\\\/\\\/calerodiving.com\\\/richies-place\\\/\",\"name\":\"Richies Place | Calero Diving Lanzarote\",\"isPartOf\":{\"@id\":\"https:\\\/\\\/calerodiving.com\\\/#website\"},\"primaryImageOfPage\":{\"@id\":\"https:\\\/\\\/calerodiving.com\\\/richies-place\\\/#primaryimage\"},\"image\":{\"@id\":\"https:\\\/\\\/calerodiving.com\\\/richies-place\\\/#primaryimage\"},\"thumbnailUrl\":\"https:\\\/\\\/calerodiving.com\\\/wp-content\\\/uploads\\\/2017\\\/10\\\/waikiki-1030x578.jpg\",\"datePublished\":\"2025-09-01T12:28:59+00:00\",\"dateModified\":\"2026-04-20T13:54:53+00:00\",\"breadcrumb\":{\"@id\":\"https:\\\/\\\/calerodiving.com\\\/richies-place\\\/#breadcrumb\"},\"inLanguage\":\"es\",\"potentialAction\":[{\"@type\":\"ReadAction\",\"target\":[\"https:\\\/\\\/calerodiving.com\\\/richies-place\\\/\"]}]},{\"@type\":\"ImageObject\",\"inLanguage\":\"es\",\"@id\":\"https:\\\/\\\/calerodiving.com\\\/richies-place\\\/#primaryimage\",\"url\":\"https:\\\/\\\/calerodiving.com\\\/wp-content\\\/uploads\\\/2017\\\/10\\\/waikiki-1030x578.jpg\",\"contentUrl\":\"https:\\\/\\\/calerodiving.com\\\/wp-content\\\/uploads\\\/2017\\\/10\\\/waikiki-1030x578.jpg\"},{\"@type\":\"BreadcrumbList\",\"@id\":\"https:\\\/\\\/calerodiving.com\\\/richies-place\\\/#breadcrumb\",\"itemListElement\":[{\"@type\":\"ListItem\",\"position\":1,\"name\":\"Home\",\"item\":\"https:\\\/\\\/calerodiving.com\\\/es\\\/\"},{\"@type\":\"ListItem\",\"position\":2,\"name\":\"Richies Place\"}]},{\"@type\":\"WebSite\",\"@id\":\"https:\\\/\\\/calerodiving.com\\\/#website\",\"url\":\"https:\\\/\\\/calerodiving.com\\\/\",\"name\":\"Calero Diving Lanzarote\",\"description\":\"Diving Center Lanzarote\",\"publisher\":{\"@id\":\"https:\\\/\\\/calerodiving.com\\\/#organization\"},\"alternateName\":\"Calero Diving\",\"potentialAction\":[{\"@type\":\"SearchAction\",\"target\":{\"@type\":\"EntryPoint\",\"urlTemplate\":\"https:\\\/\\\/calerodiving.com\\\/?s={search_term_string}\"},\"query-input\":{\"@type\":\"PropertyValueSpecification\",\"valueRequired\":true,\"valueName\":\"search_term_string\"}}],\"inLanguage\":\"es\"},{\"@type\":\"Organization\",\"@id\":\"https:\\\/\\\/calerodiving.com\\\/#organization\",\"name\":\"Calero Diving Lanzarote\",\"alternateName\":\"Calero Diving\",\"url\":\"https:\\\/\\\/calerodiving.com\\\/\",\"logo\":{\"@type\":\"ImageObject\",\"inLanguage\":\"es\",\"@id\":\"https:\\\/\\\/calerodiving.com\\\/#\\\/schema\\\/logo\\\/image\\\/\",\"url\":\"https:\\\/\\\/calerodiving.com\\\/wp-content\\\/uploads\\\/2025\\\/05\\\/Grupo.png\",\"contentUrl\":\"https:\\\/\\\/calerodiving.com\\\/wp-content\\\/uploads\\\/2025\\\/05\\\/Grupo.png\",\"width\":499,\"height\":590,\"caption\":\"Calero Diving Lanzarote\"},\"image\":{\"@id\":\"https:\\\/\\\/calerodiving.com\\\/#\\\/schema\\\/logo\\\/image\\\/\"},\"sameAs\":[\"https:\\\/\\\/www.facebook.com\\\/calerodiving\\\/\",\"https:\\\/\\\/www.instagram.com\\\/calerodiving\\\/\"]}]}<\/script>\n<!-- \/ Yoast SEO plugin. -->","yoast_head_json":{"title":"Richies Place | Calero Diving Lanzarote","robots":{"index":"index","follow":"follow","max-snippet":"max-snippet:-1","max-image-preview":"max-image-preview:large","max-video-preview":"max-video-preview:-1"},"canonical":"https:\/\/calerodiving.com\/richies-place\/","og_locale":"es_ES","og_type":"article","og_title":"Richies Place | Calero Diving Lanzarote","og_description":"Richies Place Richies Place es un punto de inmersi\u00f3n muy apreciado en Puerto del Carmen, especialmente entre buceadores avanzados y t\u00e9cnicos. El punto de inmersi\u00f3n se encuentra algo m\u00e1s alejado de la playa principal de Playa Grande, en Puerto del Carmen. Al ser accesible \u00fanicamente en barco, sigue siendo un punto de inmersi\u00f3n m\u00e1s tranquilo [&hellip;]","og_url":"https:\/\/calerodiving.com\/richies-place\/","og_site_name":"Calero Diving Lanzarote","article_publisher":"https:\/\/www.facebook.com\/calerodiving\/","article_modified_time":"2026-04-20T13:54:53+00:00","og_image":[{"width":1060,"height":595,"url":"https:\/\/calerodiving.com\/wp-content\/uploads\/2017\/10\/waikiki.jpg","type":"image\/jpeg"}],"twitter_card":"summary_large_image","twitter_misc":{"Tiempo de lectura":"2 minutos"},"schema":{"@context":"https:\/\/schema.org","@graph":[{"@type":"WebPage","@id":"https:\/\/calerodiving.com\/richies-place\/","url":"https:\/\/calerodiving.com\/richies-place\/","name":"Richies Place | Calero Diving Lanzarote","isPartOf":{"@id":"https:\/\/calerodiving.com\/#website"},"primaryImageOfPage":{"@id":"https:\/\/calerodiving.com\/richies-place\/#primaryimage"},"image":{"@id":"https:\/\/calerodiving.com\/richies-place\/#primaryimage"},"thumbnailUrl":"https:\/\/calerodiving.com\/wp-content\/uploads\/2017\/10\/waikiki-1030x578.jpg","datePublished":"2025-09-01T12:28:59+00:00","dateModified":"2026-04-20T13:54:53+00:00","breadcrumb":{"@id":"https:\/\/calerodiving.com\/richies-place\/#breadcrumb"},"inLanguage":"es","potentialAction":[{"@type":"ReadAction","target":["https:\/\/calerodiving.com\/richies-place\/"]}]},{"@type":"ImageObject","inLanguage":"es","@id":"https:\/\/calerodiving.com\/richies-place\/#primaryimage","url":"https:\/\/calerodiving.com\/wp-content\/uploads\/2017\/10\/waikiki-1030x578.jpg","contentUrl":"https:\/\/calerodiving.com\/wp-content\/uploads\/2017\/10\/waikiki-1030x578.jpg"},{"@type":"BreadcrumbList","@id":"https:\/\/calerodiving.com\/richies-place\/#breadcrumb","itemListElement":[{"@type":"ListItem","position":1,"name":"Home","item":"https:\/\/calerodiving.com\/es\/"},{"@type":"ListItem","position":2,"name":"Richies Place"}]},{"@type":"WebSite","@id":"https:\/\/calerodiving.com\/#website","url":"https:\/\/calerodiving.com\/","name":"Calero Diving Lanzarote","description":"Diving Center Lanzarote","publisher":{"@id":"https:\/\/calerodiving.com\/#organization"},"alternateName":"Calero Diving","potentialAction":[{"@type":"SearchAction","target":{"@type":"EntryPoint","urlTemplate":"https:\/\/calerodiving.com\/?s={search_term_string}"},"query-input":{"@type":"PropertyValueSpecification","valueRequired":true,"valueName":"search_term_string"}}],"inLanguage":"es"},{"@type":"Organization","@id":"https:\/\/calerodiving.com\/#organization","name":"Calero Diving Lanzarote","alternateName":"Calero Diving","url":"https:\/\/calerodiving.com\/","logo":{"@type":"ImageObject","inLanguage":"es","@id":"https:\/\/calerodiving.com\/#\/schema\/logo\/image\/","url":"https:\/\/calerodiving.com\/wp-content\/uploads\/2025\/05\/Grupo.png","contentUrl":"https:\/\/calerodiving.com\/wp-content\/uploads\/2025\/05\/Grupo.png","width":499,"height":590,"caption":"Calero Diving Lanzarote"},"image":{"@id":"https:\/\/calerodiving.com\/#\/schema\/logo\/image\/"},"sameAs":["https:\/\/www.facebook.com\/calerodiving\/","https:\/\/www.instagram.com\/calerodiving\/"]}]}},"_links":{"self":[{"href":"https:\/\/calerodiving.com\/es\/wp-json\/wp\/v2\/pages\/24857","targetHints":{"allow":["GET"]}}],"collection":[{"href":"https:\/\/calerodiving.com\/es\/wp-json\/wp\/v2\/pages"}],"about":[{"href":"https:\/\/calerodiving.com\/es\/wp-json\/wp\/v2\/types\/page"}],"author":[{"embeddable":true,"href":"https:\/\/calerodiving.com\/es\/wp-json\/wp\/v2\/users\/10"}],"replies":[{"embeddable":true,"href":"https:\/\/calerodiving.com\/es\/wp-json\/wp\/v2\/comments?post=24857"}],"version-history":[{"count":4,"href":"https:\/\/calerodiving.com\/es\/wp-json\/wp\/v2\/pages\/24857\/revisions"}],"predecessor-version":[{"id":28612,"href":"https:\/\/calerodiving.com\/es\/wp-json\/wp\/v2\/pages\/24857\/revisions\/28612"}],"wp:attachment":[{"href":"https:\/\/calerodiving.com\/es\/wp-json\/wp\/v2\/media?parent=24857"}],"curies":[{"name":"wp","href":"https:\/\/api.w.org\/{rel}","templated":true}]}}