{"id":24824,"date":"2025-09-01T13:28:44","date_gmt":"2025-09-01T12:28:44","guid":{"rendered":"https:\/\/calerodiving.com\/flotabilidad-perfecta\/"},"modified":"2026-04-20T11:24:10","modified_gmt":"2026-04-20T10:24:10","slug":"flotabilidad-perfecta","status":"publish","type":"page","link":"https:\/\/calerodiving.com\/es\/flotabilidad-perfecta\/","title":{"rendered":"Flotabilidad perfecta"},"content":{"rendered":"\t\t<div data-elementor-type=\"wp-page\" data-elementor-id=\"24824\" class=\"elementor elementor-24824 elementor-20610\" data-elementor-post-type=\"page\">\n\t\t\t\t<div class=\"elementor-element elementor-element-782bbc0 e-flex e-con-boxed e-con e-parent\" data-id=\"782bbc0\" data-element_type=\"container\" data-e-type=\"container\">\n\t\t\t\t\t<div class=\"e-con-inner\">\n\t\t<div class=\"elementor-element elementor-element-4932a86 e-con-full e-flex e-con e-child\" data-id=\"4932a86\" data-element_type=\"container\" data-e-type=\"container\">\n\t\t\t\t<div class=\"elementor-element elementor-element-eba759b elementor-widget elementor-widget-image\" data-id=\"eba759b\" data-element_type=\"widget\" data-e-type=\"widget\" data-widget_type=\"image.default\">\n\t\t\t\t<div class=\"elementor-widget-container\">\n\t\t\t\t\t\t\t\t\t\t\t\t\t\t\t<img fetchpriority=\"high\" decoding=\"async\" width=\"598\" height=\"380\" src=\"https:\/\/calerodiving.com\/wp-content\/uploads\/2017\/10\/perfect-bouyancy.jpg\" class=\"attachment-large size-large wp-image-1606\" alt=\"\" srcset=\"https:\/\/calerodiving.com\/wp-content\/uploads\/2017\/10\/perfect-bouyancy.jpg 598w, https:\/\/calerodiving.com\/wp-content\/uploads\/2017\/10\/perfect-bouyancy-300x191.jpg 300w, https:\/\/calerodiving.com\/wp-content\/uploads\/2017\/10\/perfect-bouyancy-450x286.jpg 450w\" sizes=\"(max-width: 598px) 100vw, 598px\" \/>\t\t\t\t\t\t\t\t\t\t\t\t\t\t\t<\/div>\n\t\t\t\t<\/div>\n\t\t\t\t<\/div>\n\t\t<div class=\"elementor-element elementor-element-cc6690d e-con-full e-flex e-con e-child\" data-id=\"cc6690d\" data-element_type=\"container\" data-e-type=\"container\">\n\t\t<div class=\"elementor-element elementor-element-874d034 e-con-full e-flex e-con e-child\" data-id=\"874d034\" data-element_type=\"container\" data-e-type=\"container\">\n\t\t\t\t<div class=\"elementor-element elementor-element-ba75f90 elementor-widget elementor-widget-html\" data-id=\"ba75f90\" data-element_type=\"widget\" data-e-type=\"widget\" data-widget_type=\"html.default\">\n\t\t\t\t<div class=\"elementor-widget-container\">\n\t\t\t\t\t<a href=\"https:\/\/calerodiving.com\/es\/cursos-de-buceo-recreativo\/#specialties\" class=\"tag-button\">especialidades<\/a>\n\t\t\t\t<\/div>\n\t\t\t\t<\/div>\n\t\t\t\t<div class=\"elementor-element elementor-element-8492ad6 elementor-widget elementor-widget-heading\" data-id=\"8492ad6\" data-element_type=\"widget\" data-e-type=\"widget\" data-widget_type=\"heading.default\">\n\t\t\t\t<div class=\"elementor-widget-container\">\n\t\t\t\t\t<h2 class=\"elementor-heading-title elementor-size-default\">Flotabilidad perfecta<\/h2>\t\t\t\t<\/div>\n\t\t\t\t<\/div>\n\t\t\t\t<\/div>\n\t\t\t\t<\/div>\n\t\t\t\t\t<\/div>\n\t\t\t\t<\/div>\n\t\t<div class=\"elementor-element elementor-element-42095af e-flex e-con-boxed e-con e-parent\" data-id=\"42095af\" data-element_type=\"container\" data-e-type=\"container\">\n\t\t\t\t\t<div class=\"e-con-inner\">\n\t\t<div class=\"elementor-element elementor-element-268575b e-con-full e-flex e-con e-child\" data-id=\"268575b\" data-element_type=\"container\" data-e-type=\"container\">\n\t\t<div class=\"elementor-element elementor-element-1c1a0af e-con-full e-flex e-con e-child\" data-id=\"1c1a0af\" data-element_type=\"container\" data-e-type=\"container\">\n\t\t\t\t<div class=\"elementor-element elementor-element-ddabf7c elementor-widget elementor-widget-heading\" data-id=\"ddabf7c\" data-element_type=\"widget\" data-e-type=\"widget\" data-widget_type=\"heading.default\">\n\t\t\t\t<div class=\"elementor-widget-container\">\n\t\t\t\t\t<h2 class=\"elementor-heading-title elementor-size-default\">\u00a1Uy! He vuelto a remover la arena. <\/h2>\t\t\t\t<\/div>\n\t\t\t\t<\/div>\n\t\t\t\t<div class=\"elementor-element elementor-element-52de552 elementor-widget elementor-widget-text-editor\" data-id=\"52de552\" data-element_type=\"widget\" data-e-type=\"widget\" data-widget_type=\"text-editor.default\">\n\t\t\t\t<div class=\"elementor-widget-container\">\n\t\t\t\t\t\t\t\t\t<div class=\"section-list\">\n<h3>Resumen del programa:<\/h3>\nLa flotabilidad es una de las habilidades m\u00e1s importantes del buceo, y mejorarla har\u00e1 que casi cualquier inmersi\u00f3n sea m\u00e1s segura, m\u00e1s f\u00e1cil y m\u00e1s agradable.<br><br>\n\nAprender a mantener un buen trimado y controlar tu profundidad con m\u00e1s precisi\u00f3n mejorar\u00e1 tu seguridad, tu comodidad y tu control bajo el agua.<br><br>\n\nUna mejor flotabilidad suele traducirse tambi\u00e9n en un menor consumo de aire y en una experiencia de buceo m\u00e1s relajada.<br><br>\n\nLas habilidades que adquirir\u00e1s en este curso tambi\u00e9n te ser\u00e1n \u00fatiles en muchas otras \u00e1reas del buceo, como la fotograf\u00eda submarina, el buceo en pecios o el buceo en cuevas.\n\n<h3>Duraci\u00f3n<\/h3>\n<ul>\n  <li>1 d\u00eda<\/li>\n<\/ul>\n\n<h3>Incluye<\/h3>\n<ul>\n  <li>2 inmersiones de formaci\u00f3n<\/li>\n  <li>materiales digitales<\/li>\n  <li>certificaci\u00f3n SSI Perfect Buoyancy<\/li>\n<\/ul>\n\n<h3>No incluido<\/h3>\n<ul>\n  <li>alquiler del equipo<\/li>\n  <li>seguro de buceo<\/li>\n<\/ul>\n\n<h3>Requisitos<\/h3>\n<ul>\n  <li>edad m\u00ednima de 10 a\u00f1os y certificaci\u00f3n SSI Open Water Diver o equivalente<\/li>\n<\/ul>\n\n<h3>Otros cursos que podr\u00edan interesarte<\/h3>\n<ul>\n  <li>Photo &amp; Video<\/li>\n  <li>Buceo en pecios<\/li>\n<\/ul>\n<\/div>\t\t\t\t\t\t\t\t<\/div>\n\t\t\t\t<\/div>\n\t\t\t\t<\/div>\n\t\t\t\t<\/div>\n\t\t<div class=\"elementor-element elementor-element-3d82a36 e-con-full e-flex e-con e-child\" data-id=\"3d82a36\" data-element_type=\"container\" data-e-type=\"container\">\n\t\t<div class=\"elementor-element elementor-element-84a3e3d e-con-full course-sidebar-box e-flex e-con e-child\" data-id=\"84a3e3d\" data-element_type=\"container\" data-e-type=\"container\" data-settings=\"{&quot;sticky&quot;:&quot;top&quot;,&quot;sticky_offset&quot;:110,&quot;sticky_effects_offset&quot;:130,&quot;sticky_parent&quot;:&quot;yes&quot;,&quot;sticky_on&quot;:[&quot;desktop&quot;,&quot;tablet&quot;,&quot;mobile&quot;],&quot;sticky_anchor_link_offset&quot;:0}\">\n\t\t\t\t<div class=\"elementor-element elementor-element-e3ea617 elementor-widget elementor-widget-text-editor\" data-id=\"e3ea617\" data-element_type=\"widget\" data-e-type=\"widget\" data-widget_type=\"text-editor.default\">\n\t\t\t\t<div class=\"elementor-widget-container\">\n\t\t\t\t\t\t\t\t\t<div class=\"courses-info\"><h6 class=\"no-margin\">Duraci\u00f3n:<\/h6><p class=\"no-margin\">1 d\u00eda<\/p><\/div><div class=\"courses-info\"><h6 class=\"no-margin\">Precio:<\/h6><p class=\"no-margin\">Desde 225 \u20ac<\/p><\/div>\t\t\t\t\t\t\t\t<\/div>\n\t\t\t\t<\/div>\n\t\t\t\t<div class=\"elementor-element elementor-element-14d2b0d elementor-mobile-align-center elementor-widget elementor-widget-button\" data-id=\"14d2b0d\" data-element_type=\"widget\" data-e-type=\"widget\" data-widget_type=\"button.default\">\n\t\t\t\t<div class=\"elementor-widget-container\">\n\t\t\t\t\t\t\t\t\t<div class=\"elementor-button-wrapper\">\n\t\t\t\t\t<a class=\"elementor-button elementor-button-link elementor-size-sm\" href=\"https:\/\/bukyapp.com\/booking?mode=pack&#038;product=6222343d4db01a005f511a46&#038;lang=en&#038;_gl=1*1bnkc6e*_ga*ODU1MDM5OTIuMTc0MTE5MTcyMQ..*_ga_4WWMT2EY3C*czE3NTI0ODk3MzckbzY0JGcxJHQxNzUyNDkwNzk2JGo2MCRsMCRoMA..\" target=\"_blank\">\n\t\t\t\t\t\t<span class=\"elementor-button-content-wrapper\">\n\t\t\t\t\t\t\t\t\t<span class=\"elementor-button-text\">Reservar curso<\/span>\n\t\t\t\t\t<\/span>\n\t\t\t\t\t<\/a>\n\t\t\t\t<\/div>\n\t\t\t\t\t\t\t\t<\/div>\n\t\t\t\t<\/div>\n\t\t\t\t<\/div>\n\t\t\t\t<\/div>\n\t\t\t\t\t<\/div>\n\t\t\t\t<\/div>\n\t\t\t\t<\/div>\n\t\t","protected":false},"excerpt":{"rendered":"<p>especialidades Flotabilidad perfecta \u00a1Uy! He vuelto a remover la arena. Resumen del programa: La flotabilidad es una de las habilidades m\u00e1s importantes del buceo, y mejorarla har\u00e1 que casi cualquier inmersi\u00f3n sea m\u00e1s segura, m\u00e1s f\u00e1cil y m\u00e1s agradable. Aprender a mantener un buen trimado y controlar tu profundidad con m\u00e1s precisi\u00f3n mejorar\u00e1 tu seguridad, [&hellip;]<\/p>\n","protected":false},"author":10,"featured_media":0,"parent":0,"menu_order":0,"comment_status":"closed","ping_status":"closed","template":"","meta":{"_acf_changed":false,"footnotes":""},"class_list":["post-24824","page","type-page","status-publish","hentry"],"acf":[],"yoast_head":"<!-- This site is optimized with the Yoast SEO plugin v27.5 - https:\/\/yoast.com\/product\/yoast-seo-wordpress\/ -->\n<title>Flotabilidad perfecta | Calero Diving Lanzarote<\/title>\n<meta name=\"robots\" content=\"index, follow, max-snippet:-1, max-image-preview:large, max-video-preview:-1\" \/>\n<link rel=\"canonical\" href=\"https:\/\/calerodiving.com\/perfect-buoyancy\/\" \/>\n<meta property=\"og:locale\" content=\"es_ES\" \/>\n<meta property=\"og:type\" content=\"article\" \/>\n<meta property=\"og:title\" content=\"Flotabilidad perfecta | Calero Diving Lanzarote\" \/>\n<meta property=\"og:description\" content=\"especialidades Flotabilidad perfecta \u00a1Uy! He vuelto a remover la arena. Resumen del programa: La flotabilidad es una de las habilidades m\u00e1s importantes del buceo, y mejorarla har\u00e1 que casi cualquier inmersi\u00f3n sea m\u00e1s segura, m\u00e1s f\u00e1cil y m\u00e1s agradable. Aprender a mantener un buen trimado y controlar tu profundidad con m\u00e1s precisi\u00f3n mejorar\u00e1 tu seguridad, [&hellip;]\" \/>\n<meta property=\"og:url\" content=\"https:\/\/calerodiving.com\/perfect-buoyancy\/\" \/>\n<meta property=\"og:site_name\" content=\"Calero Diving Lanzarote\" \/>\n<meta property=\"article:publisher\" content=\"https:\/\/www.facebook.com\/calerodiving\/\" \/>\n<meta property=\"article:modified_time\" content=\"2026-04-20T10:24:10+00:00\" \/>\n<meta property=\"og:image\" content=\"https:\/\/calerodiving.com\/wp-content\/uploads\/2017\/10\/perfect-bouyancy.jpg\" \/>\n\t<meta property=\"og:image:width\" content=\"598\" \/>\n\t<meta property=\"og:image:height\" content=\"380\" \/>\n\t<meta property=\"og:image:type\" content=\"image\/jpeg\" \/>\n<meta name=\"twitter:card\" content=\"summary_large_image\" \/>\n<meta name=\"twitter:label1\" content=\"Tiempo de lectura\" \/>\n\t<meta name=\"twitter:data1\" content=\"1 minuto\" \/>\n<script type=\"application\/ld+json\" class=\"yoast-schema-graph\">{\"@context\":\"https:\\\/\\\/schema.org\",\"@graph\":[{\"@type\":\"WebPage\",\"@id\":\"https:\\\/\\\/calerodiving.com\\\/perfect-buoyancy\\\/\",\"url\":\"https:\\\/\\\/calerodiving.com\\\/perfect-buoyancy\\\/\",\"name\":\"Flotabilidad perfecta | Calero Diving Lanzarote\",\"isPartOf\":{\"@id\":\"https:\\\/\\\/calerodiving.com\\\/#website\"},\"primaryImageOfPage\":{\"@id\":\"https:\\\/\\\/calerodiving.com\\\/perfect-buoyancy\\\/#primaryimage\"},\"image\":{\"@id\":\"https:\\\/\\\/calerodiving.com\\\/perfect-buoyancy\\\/#primaryimage\"},\"thumbnailUrl\":\"https:\\\/\\\/calerodiving.com\\\/wp-content\\\/uploads\\\/2017\\\/10\\\/perfect-bouyancy.jpg\",\"datePublished\":\"2025-09-01T12:28:44+00:00\",\"dateModified\":\"2026-04-20T10:24:10+00:00\",\"breadcrumb\":{\"@id\":\"https:\\\/\\\/calerodiving.com\\\/perfect-buoyancy\\\/#breadcrumb\"},\"inLanguage\":\"es\",\"potentialAction\":[{\"@type\":\"ReadAction\",\"target\":[\"https:\\\/\\\/calerodiving.com\\\/perfect-buoyancy\\\/\"]}]},{\"@type\":\"ImageObject\",\"inLanguage\":\"es\",\"@id\":\"https:\\\/\\\/calerodiving.com\\\/perfect-buoyancy\\\/#primaryimage\",\"url\":\"https:\\\/\\\/calerodiving.com\\\/wp-content\\\/uploads\\\/2017\\\/10\\\/perfect-bouyancy.jpg\",\"contentUrl\":\"https:\\\/\\\/calerodiving.com\\\/wp-content\\\/uploads\\\/2017\\\/10\\\/perfect-bouyancy.jpg\"},{\"@type\":\"BreadcrumbList\",\"@id\":\"https:\\\/\\\/calerodiving.com\\\/perfect-buoyancy\\\/#breadcrumb\",\"itemListElement\":[{\"@type\":\"ListItem\",\"position\":1,\"name\":\"Home\",\"item\":\"https:\\\/\\\/calerodiving.com\\\/es\\\/\"},{\"@type\":\"ListItem\",\"position\":2,\"name\":\"Flotabilidad perfecta\"}]},{\"@type\":\"WebSite\",\"@id\":\"https:\\\/\\\/calerodiving.com\\\/#website\",\"url\":\"https:\\\/\\\/calerodiving.com\\\/\",\"name\":\"Calero Diving Lanzarote\",\"description\":\"Diving Center Lanzarote\",\"publisher\":{\"@id\":\"https:\\\/\\\/calerodiving.com\\\/#organization\"},\"alternateName\":\"Calero Diving\",\"potentialAction\":[{\"@type\":\"SearchAction\",\"target\":{\"@type\":\"EntryPoint\",\"urlTemplate\":\"https:\\\/\\\/calerodiving.com\\\/?s={search_term_string}\"},\"query-input\":{\"@type\":\"PropertyValueSpecification\",\"valueRequired\":true,\"valueName\":\"search_term_string\"}}],\"inLanguage\":\"es\"},{\"@type\":\"Organization\",\"@id\":\"https:\\\/\\\/calerodiving.com\\\/#organization\",\"name\":\"Calero Diving Lanzarote\",\"alternateName\":\"Calero Diving\",\"url\":\"https:\\\/\\\/calerodiving.com\\\/\",\"logo\":{\"@type\":\"ImageObject\",\"inLanguage\":\"es\",\"@id\":\"https:\\\/\\\/calerodiving.com\\\/#\\\/schema\\\/logo\\\/image\\\/\",\"url\":\"https:\\\/\\\/calerodiving.com\\\/wp-content\\\/uploads\\\/2025\\\/05\\\/Grupo.png\",\"contentUrl\":\"https:\\\/\\\/calerodiving.com\\\/wp-content\\\/uploads\\\/2025\\\/05\\\/Grupo.png\",\"width\":499,\"height\":590,\"caption\":\"Calero Diving Lanzarote\"},\"image\":{\"@id\":\"https:\\\/\\\/calerodiving.com\\\/#\\\/schema\\\/logo\\\/image\\\/\"},\"sameAs\":[\"https:\\\/\\\/www.facebook.com\\\/calerodiving\\\/\",\"https:\\\/\\\/www.instagram.com\\\/calerodiving\\\/\"]}]}<\/script>\n<!-- \/ Yoast SEO plugin. -->","yoast_head_json":{"title":"Flotabilidad perfecta | Calero Diving Lanzarote","robots":{"index":"index","follow":"follow","max-snippet":"max-snippet:-1","max-image-preview":"max-image-preview:large","max-video-preview":"max-video-preview:-1"},"canonical":"https:\/\/calerodiving.com\/perfect-buoyancy\/","og_locale":"es_ES","og_type":"article","og_title":"Flotabilidad perfecta | Calero Diving Lanzarote","og_description":"especialidades Flotabilidad perfecta \u00a1Uy! He vuelto a remover la arena. Resumen del programa: La flotabilidad es una de las habilidades m\u00e1s importantes del buceo, y mejorarla har\u00e1 que casi cualquier inmersi\u00f3n sea m\u00e1s segura, m\u00e1s f\u00e1cil y m\u00e1s agradable. Aprender a mantener un buen trimado y controlar tu profundidad con m\u00e1s precisi\u00f3n mejorar\u00e1 tu seguridad, [&hellip;]","og_url":"https:\/\/calerodiving.com\/perfect-buoyancy\/","og_site_name":"Calero Diving Lanzarote","article_publisher":"https:\/\/www.facebook.com\/calerodiving\/","article_modified_time":"2026-04-20T10:24:10+00:00","og_image":[{"width":598,"height":380,"url":"https:\/\/calerodiving.com\/wp-content\/uploads\/2017\/10\/perfect-bouyancy.jpg","type":"image\/jpeg"}],"twitter_card":"summary_large_image","twitter_misc":{"Tiempo de lectura":"1 minuto"},"schema":{"@context":"https:\/\/schema.org","@graph":[{"@type":"WebPage","@id":"https:\/\/calerodiving.com\/perfect-buoyancy\/","url":"https:\/\/calerodiving.com\/perfect-buoyancy\/","name":"Flotabilidad perfecta | Calero Diving Lanzarote","isPartOf":{"@id":"https:\/\/calerodiving.com\/#website"},"primaryImageOfPage":{"@id":"https:\/\/calerodiving.com\/perfect-buoyancy\/#primaryimage"},"image":{"@id":"https:\/\/calerodiving.com\/perfect-buoyancy\/#primaryimage"},"thumbnailUrl":"https:\/\/calerodiving.com\/wp-content\/uploads\/2017\/10\/perfect-bouyancy.jpg","datePublished":"2025-09-01T12:28:44+00:00","dateModified":"2026-04-20T10:24:10+00:00","breadcrumb":{"@id":"https:\/\/calerodiving.com\/perfect-buoyancy\/#breadcrumb"},"inLanguage":"es","potentialAction":[{"@type":"ReadAction","target":["https:\/\/calerodiving.com\/perfect-buoyancy\/"]}]},{"@type":"ImageObject","inLanguage":"es","@id":"https:\/\/calerodiving.com\/perfect-buoyancy\/#primaryimage","url":"https:\/\/calerodiving.com\/wp-content\/uploads\/2017\/10\/perfect-bouyancy.jpg","contentUrl":"https:\/\/calerodiving.com\/wp-content\/uploads\/2017\/10\/perfect-bouyancy.jpg"},{"@type":"BreadcrumbList","@id":"https:\/\/calerodiving.com\/perfect-buoyancy\/#breadcrumb","itemListElement":[{"@type":"ListItem","position":1,"name":"Home","item":"https:\/\/calerodiving.com\/es\/"},{"@type":"ListItem","position":2,"name":"Flotabilidad perfecta"}]},{"@type":"WebSite","@id":"https:\/\/calerodiving.com\/#website","url":"https:\/\/calerodiving.com\/","name":"Calero Diving Lanzarote","description":"Diving Center Lanzarote","publisher":{"@id":"https:\/\/calerodiving.com\/#organization"},"alternateName":"Calero Diving","potentialAction":[{"@type":"SearchAction","target":{"@type":"EntryPoint","urlTemplate":"https:\/\/calerodiving.com\/?s={search_term_string}"},"query-input":{"@type":"PropertyValueSpecification","valueRequired":true,"valueName":"search_term_string"}}],"inLanguage":"es"},{"@type":"Organization","@id":"https:\/\/calerodiving.com\/#organization","name":"Calero Diving Lanzarote","alternateName":"Calero Diving","url":"https:\/\/calerodiving.com\/","logo":{"@type":"ImageObject","inLanguage":"es","@id":"https:\/\/calerodiving.com\/#\/schema\/logo\/image\/","url":"https:\/\/calerodiving.com\/wp-content\/uploads\/2025\/05\/Grupo.png","contentUrl":"https:\/\/calerodiving.com\/wp-content\/uploads\/2025\/05\/Grupo.png","width":499,"height":590,"caption":"Calero Diving Lanzarote"},"image":{"@id":"https:\/\/calerodiving.com\/#\/schema\/logo\/image\/"},"sameAs":["https:\/\/www.facebook.com\/calerodiving\/","https:\/\/www.instagram.com\/calerodiving\/"]}]}},"_links":{"self":[{"href":"https:\/\/calerodiving.com\/es\/wp-json\/wp\/v2\/pages\/24824","targetHints":{"allow":["GET"]}}],"collection":[{"href":"https:\/\/calerodiving.com\/es\/wp-json\/wp\/v2\/pages"}],"about":[{"href":"https:\/\/calerodiving.com\/es\/wp-json\/wp\/v2\/types\/page"}],"author":[{"embeddable":true,"href":"https:\/\/calerodiving.com\/es\/wp-json\/wp\/v2\/users\/10"}],"replies":[{"embeddable":true,"href":"https:\/\/calerodiving.com\/es\/wp-json\/wp\/v2\/comments?post=24824"}],"version-history":[{"count":4,"href":"https:\/\/calerodiving.com\/es\/wp-json\/wp\/v2\/pages\/24824\/revisions"}],"predecessor-version":[{"id":28035,"href":"https:\/\/calerodiving.com\/es\/wp-json\/wp\/v2\/pages\/24824\/revisions\/28035"}],"wp:attachment":[{"href":"https:\/\/calerodiving.com\/es\/wp-json\/wp\/v2\/media?parent=24824"}],"curies":[{"name":"wp","href":"https:\/\/api.w.org\/{rel}","templated":true}]}}