{"id":24816,"date":"2025-09-01T13:28:41","date_gmt":"2025-09-01T12:28:41","guid":{"rendered":"https:\/\/calerodiving.com\/naufragios-del-puerto\/"},"modified":"2026-04-20T14:43:38","modified_gmt":"2026-04-20T13:43:38","slug":"naufragios-del-puerto","status":"publish","type":"page","link":"https:\/\/calerodiving.com\/es\/naufragios-del-puerto\/","title":{"rendered":"Naufragios del puerto"},"content":{"rendered":"\t\t<div data-elementor-type=\"wp-page\" data-elementor-id=\"24816\" class=\"elementor elementor-24816 elementor-20028\" data-elementor-post-type=\"page\">\n\t\t\t\t<div class=\"elementor-element elementor-element-edc8b2f e-flex e-con-boxed e-con e-parent\" data-id=\"edc8b2f\" data-element_type=\"container\" data-e-type=\"container\">\n\t\t\t\t\t<div class=\"e-con-inner\">\n\t\t<div class=\"elementor-element elementor-element-0cdd73f e-con-full e-flex e-con e-child\" data-id=\"0cdd73f\" data-element_type=\"container\" data-e-type=\"container\">\n\t\t<div class=\"elementor-element elementor-element-7fca1d3 e-con-full e-flex e-con e-child\" data-id=\"7fca1d3\" data-element_type=\"container\" data-e-type=\"container\">\n\t\t\t\t<div class=\"elementor-element elementor-element-5c9bd65 elementor-widget elementor-widget-heading\" data-id=\"5c9bd65\" data-element_type=\"widget\" data-e-type=\"widget\" data-widget_type=\"heading.default\">\n\t\t\t\t<div class=\"elementor-widget-container\">\n\t\t\t\t\t<h2 class=\"elementor-heading-title elementor-size-default\">Naufragios del puerto<\/h2>\t\t\t\t<\/div>\n\t\t\t\t<\/div>\n\t\t\t\t<\/div>\n\t\t\t\t<\/div>\n\t\t\t\t\t<\/div>\n\t\t\t\t<\/div>\n\t\t<div class=\"elementor-element elementor-element-70af66e e-flex e-con-boxed e-con e-parent\" data-id=\"70af66e\" data-element_type=\"container\" data-e-type=\"container\">\n\t\t\t\t\t<div class=\"e-con-inner\">\n\t\t<div class=\"elementor-element elementor-element-8cf66b4 e-con-full e-flex e-con e-child\" data-id=\"8cf66b4\" data-element_type=\"container\" data-e-type=\"container\">\n\t\t<div class=\"elementor-element elementor-element-f2e27e1 e-con-full e-flex e-con e-child\" data-id=\"f2e27e1\" data-element_type=\"container\" data-e-type=\"container\">\n\t\t\t\t<div class=\"elementor-element elementor-element-94a653d elementor-widget elementor-widget-image\" data-id=\"94a653d\" data-element_type=\"widget\" data-e-type=\"widget\" data-widget_type=\"image.default\">\n\t\t\t\t<div class=\"elementor-widget-container\">\n\t\t\t\t\t\t\t\t\t\t\t\t\t\t\t<img fetchpriority=\"high\" decoding=\"async\" width=\"800\" height=\"449\" src=\"https:\/\/calerodiving.com\/wp-content\/uploads\/2017\/09\/harbour-wrecks-1030x578.jpg\" class=\"attachment-large size-large wp-image-461\" alt=\"\" srcset=\"https:\/\/calerodiving.com\/wp-content\/uploads\/2017\/09\/harbour-wrecks-1030x578.jpg 1030w, https:\/\/calerodiving.com\/wp-content\/uploads\/2017\/09\/harbour-wrecks-300x168.jpg 300w, https:\/\/calerodiving.com\/wp-content\/uploads\/2017\/09\/harbour-wrecks-768x431.jpg 768w, https:\/\/calerodiving.com\/wp-content\/uploads\/2017\/09\/harbour-wrecks-705x396.jpg 705w, https:\/\/calerodiving.com\/wp-content\/uploads\/2017\/09\/harbour-wrecks-450x253.jpg 450w, https:\/\/calerodiving.com\/wp-content\/uploads\/2017\/09\/harbour-wrecks.jpg 1060w\" sizes=\"(max-width: 800px) 100vw, 800px\" \/>\t\t\t\t\t\t\t\t\t\t\t\t\t\t\t<\/div>\n\t\t\t\t<\/div>\n\t\t\t\t<div class=\"elementor-element elementor-element-dd8c137 elementor-widget elementor-widget-text-editor\" data-id=\"dd8c137\" data-element_type=\"widget\" data-e-type=\"widget\" data-widget_type=\"text-editor.default\">\n\t\t\t\t<div class=\"elementor-widget-container\">\n\t\t\t\t\t\t\t\t\t<p data-start=\"1033\" data-end=\"1170\">Justo frente al antiguo puerto de Puerto del Carmen se encuentran varios peque\u00f1os pecios que ofrecen una inmersi\u00f3n variada e interesante.<\/p><p data-start=\"1172\" data-end=\"1352\">El pecio mejor conservado resulta especialmente curioso, ya que durante la construcci\u00f3n del nuevo muro del puerto se integr\u00f3 en la estructura el casco de un antiguo barco pesquero.<\/p><p data-start=\"1354\" data-end=\"1478\">El pecio descansa sobre el arrecife a unos 18 metros de profundidad y resulta accesible para muchos buceadores certificados.<\/p><p data-start=\"1480\" data-end=\"1591\">Por debajo del arrecife, a unos 30 metros de profundidad, se encuentran los restos de varias embarcaciones m\u00e1s.<\/p><p data-start=\"1593\" data-end=\"1710\">Esta zona resulta especialmente fascinante para quienes disfrutan explorando pecios y restos hist\u00f3ricos bajo el agua.<\/p><p data-start=\"1712\" data-end=\"1841\">Para buceadores con m\u00e1s experiencia, ambas zonas de pecios pueden combinarse en una inmersi\u00f3n especialmente completa y atractiva.<\/p><p data-start=\"1843\" data-end=\"2037\">Para los verdaderos amantes de los pecios, tambi\u00e9n es posible organizar un d\u00eda completo de inmersiones visitando tanto los dos pecios Kikiri frente a Puerto Calero como los de Puerto del Carmen.<\/p>\t\t\t\t\t\t\t\t<\/div>\n\t\t\t\t<\/div>\n\t\t\t\t<\/div>\n\t\t\t\t<\/div>\n\t\t<div class=\"elementor-element elementor-element-687d924 e-con-full e-flex e-con e-child\" data-id=\"687d924\" data-element_type=\"container\" data-e-type=\"container\">\n\t\t<div class=\"elementor-element elementor-element-7ec5a79 e-con-full course-sidebar-box e-flex e-con e-child\" data-id=\"7ec5a79\" data-element_type=\"container\" data-e-type=\"container\" data-settings=\"{&quot;sticky&quot;:&quot;top&quot;,&quot;sticky_offset&quot;:110,&quot;sticky_effects_offset&quot;:130,&quot;sticky_parent&quot;:&quot;yes&quot;,&quot;sticky_on&quot;:[&quot;desktop&quot;,&quot;tablet&quot;,&quot;mobile&quot;],&quot;sticky_anchor_link_offset&quot;:0}\">\n\t\t\t\t<div class=\"elementor-element elementor-element-c89b25b elementor-widget elementor-widget-text-editor\" data-id=\"c89b25b\" data-element_type=\"widget\" data-e-type=\"widget\" data-widget_type=\"text-editor.default\">\n\t\t\t\t<div class=\"elementor-widget-container\">\n\t\t\t\t\t\t\t\t\t<div class=\"courses-info\">\n<p style=\"margin: 0 0 10px;\"><span style=\"color: #ffffff;\"><strong>Tipo de inmersi\u00f3n:<\/strong> pecio y arrecife<\/span><\/p>\n<p style=\"margin: 0 0 10px;\"><span style=\"color: #ffffff;\"><strong>Profundidad m\u00e1xima:<\/strong> aprox. 18 a 30+ metros<\/span><\/p>\n<p style=\"margin: 0 0 10px;\"><span style=\"color: #ffffff;\"><strong>Adecuado para:<\/strong> diferentes niveles de buceadores, con posibilidades adicionales para buceo avanzado y t\u00e9cnico<\/span><\/p>\n<p style=\"margin: 0;\"><span style=\"color: #ffffff;\"><strong>Qu\u00e9 ver:<\/strong> peque\u00f1os pecios, pared de arrecife, rayas, angelotes y barracudas<\/span><\/p>\n<\/div>\t\t\t\t\t\t\t\t<\/div>\n\t\t\t\t<\/div>\n\t\t\t\t<div class=\"elementor-element elementor-element-2ffe173 elementor-widget elementor-widget-ucaddon_underline_link_hover_effect\" data-id=\"2ffe173\" data-element_type=\"widget\" data-e-type=\"widget\" data-widget_type=\"ucaddon_underline_link_hover_effect.default\">\n\t\t\t\t<div class=\"elementor-widget-container\">\n\t\t\t\t\t\n<!-- start Underline Link Hover Effect -->\n\t\t<link id='font-awesome-css' href='https:\/\/calerodiving.com\/wp-content\/plugins\/unlimited-elements-for-elementor-premium\/assets_libraries\/font-awesome6\/fontawesome-all.min.css' type='text\/css' rel='stylesheet' >\n\t\t<link id='font-awesome-4-shim-css' href='https:\/\/calerodiving.com\/wp-content\/plugins\/unlimited-elements-for-elementor-premium\/assets_libraries\/font-awesome6\/fontawesome-v4-shims.min.css' type='text\/css' rel='stylesheet' >\n\n<style>\/* widget: Underline Link Hover Effect *\/\n\n#uc_underline_link_hover_effect_elementor_2ffe173{\n  display:flex;\n} \n\n#uc_underline_link_hover_effect_elementor_2ffe173 a.ue-link{\n  display:flex;\n  position:relative;\n  align-items:center;\n  justify-content:center;\n  text-decoration:none;\n}\n\n#uc_underline_link_hover_effect_elementor_2ffe173 a.ue-link:after{\n  content: \"\";\n    width:100%;\n    position:absolute;\n  bottom:0px;\n    left:0px;\n    display: block;\n  transition:1s;\n}\n\n#uc_underline_link_hover_effect_elementor_2ffe173 a:hover:after{\n    width:0%;\n  }\n\n#uc_underline_link_hover_effect_elementor_2ffe173 .ue-link-hover-effect-spacing{\n  transition:1s;\n}\n\n#uc_underline_link_hover_effect_elementor_2ffe173 .ue-link-hover-effect-text{\n  padding:10px 0px;\n}\n\n#uc_underline_link_hover_effect_elementor_2ffe173 .ue-link-hover-effect-icon{\n  line-height:1em;\n  transition:1s;\n}\n\n#uc_underline_link_hover_effect_elementor_2ffe173 .ue-link-hover-effect-icon svg{\n  height:1em;\n  width:1em;\n}\n\n<\/style>\n\n<div id=\"uc_underline_link_hover_effect_elementor_2ffe173\" class=\"ue-link-wrap\">\n  <a class=\"ue-link\" href=\"\" >\n    <div class=\"ue-link-hover-effect-text\">Cont\u00e1ctenos<\/div>\n    <div class=\"ue-link-hover-effect-spacing\"><\/div>\n    <div class=\"ue-link-hover-effect-icon\"><i class='fas fa-arrow-right'><\/i><\/div>\n  <\/a>\n<\/div>\n<!-- end Underline Link Hover Effect -->\t\t\t\t<\/div>\n\t\t\t\t<\/div>\n\t\t\t\t<\/div>\n\t\t\t\t<\/div>\n\t\t\t\t\t<\/div>\n\t\t\t\t<\/div>\n\t\t\t\t<\/div>\n\t\t","protected":false},"excerpt":{"rendered":"<p>Naufragios del puerto Justo frente al antiguo puerto de Puerto del Carmen se encuentran varios peque\u00f1os pecios que ofrecen una inmersi\u00f3n variada e interesante. El pecio mejor conservado resulta especialmente curioso, ya que durante la construcci\u00f3n del nuevo muro del puerto se integr\u00f3 en la estructura el casco de un antiguo barco pesquero. El pecio [&hellip;]<\/p>\n","protected":false},"author":10,"featured_media":0,"parent":0,"menu_order":0,"comment_status":"closed","ping_status":"closed","template":"","meta":{"_acf_changed":false,"footnotes":""},"class_list":["post-24816","page","type-page","status-publish","hentry"],"acf":[],"yoast_head":"<!-- This site is optimized with the Yoast SEO plugin v27.5 - https:\/\/yoast.com\/product\/yoast-seo-wordpress\/ -->\n<title>Naufragios del puerto | Calero Diving Lanzarote<\/title>\n<meta name=\"robots\" content=\"index, follow, max-snippet:-1, max-image-preview:large, max-video-preview:-1\" \/>\n<link rel=\"canonical\" href=\"https:\/\/calerodiving.com\/harbour-wrecks-3\/\" \/>\n<meta property=\"og:locale\" content=\"es_ES\" \/>\n<meta property=\"og:type\" content=\"article\" \/>\n<meta property=\"og:title\" content=\"Naufragios del puerto | Calero Diving Lanzarote\" \/>\n<meta property=\"og:description\" content=\"Naufragios del puerto Justo frente al antiguo puerto de Puerto del Carmen se encuentran varios peque\u00f1os pecios que ofrecen una inmersi\u00f3n variada e interesante. El pecio mejor conservado resulta especialmente curioso, ya que durante la construcci\u00f3n del nuevo muro del puerto se integr\u00f3 en la estructura el casco de un antiguo barco pesquero. El pecio [&hellip;]\" \/>\n<meta property=\"og:url\" content=\"https:\/\/calerodiving.com\/harbour-wrecks-3\/\" \/>\n<meta property=\"og:site_name\" content=\"Calero Diving Lanzarote\" \/>\n<meta property=\"article:publisher\" content=\"https:\/\/www.facebook.com\/calerodiving\/\" \/>\n<meta property=\"article:modified_time\" content=\"2026-04-20T13:43:38+00:00\" \/>\n<meta property=\"og:image\" content=\"https:\/\/calerodiving.com\/wp-content\/uploads\/2017\/09\/harbour-wrecks.jpg\" \/>\n\t<meta property=\"og:image:width\" content=\"1060\" \/>\n\t<meta property=\"og:image:height\" content=\"595\" \/>\n\t<meta property=\"og:image:type\" content=\"image\/jpeg\" \/>\n<meta name=\"twitter:card\" content=\"summary_large_image\" \/>\n<meta name=\"twitter:label1\" content=\"Tiempo de lectura\" \/>\n\t<meta name=\"twitter:data1\" content=\"2 minutos\" \/>\n<script type=\"application\/ld+json\" class=\"yoast-schema-graph\">{\"@context\":\"https:\\\/\\\/schema.org\",\"@graph\":[{\"@type\":\"WebPage\",\"@id\":\"https:\\\/\\\/calerodiving.com\\\/harbour-wrecks-3\\\/\",\"url\":\"https:\\\/\\\/calerodiving.com\\\/harbour-wrecks-3\\\/\",\"name\":\"Naufragios del puerto | Calero Diving Lanzarote\",\"isPartOf\":{\"@id\":\"https:\\\/\\\/calerodiving.com\\\/#website\"},\"primaryImageOfPage\":{\"@id\":\"https:\\\/\\\/calerodiving.com\\\/harbour-wrecks-3\\\/#primaryimage\"},\"image\":{\"@id\":\"https:\\\/\\\/calerodiving.com\\\/harbour-wrecks-3\\\/#primaryimage\"},\"thumbnailUrl\":\"https:\\\/\\\/calerodiving.com\\\/wp-content\\\/uploads\\\/2017\\\/09\\\/harbour-wrecks-1030x578.jpg\",\"datePublished\":\"2025-09-01T12:28:41+00:00\",\"dateModified\":\"2026-04-20T13:43:38+00:00\",\"breadcrumb\":{\"@id\":\"https:\\\/\\\/calerodiving.com\\\/harbour-wrecks-3\\\/#breadcrumb\"},\"inLanguage\":\"es\",\"potentialAction\":[{\"@type\":\"ReadAction\",\"target\":[\"https:\\\/\\\/calerodiving.com\\\/harbour-wrecks-3\\\/\"]}]},{\"@type\":\"ImageObject\",\"inLanguage\":\"es\",\"@id\":\"https:\\\/\\\/calerodiving.com\\\/harbour-wrecks-3\\\/#primaryimage\",\"url\":\"https:\\\/\\\/calerodiving.com\\\/wp-content\\\/uploads\\\/2017\\\/09\\\/harbour-wrecks-1030x578.jpg\",\"contentUrl\":\"https:\\\/\\\/calerodiving.com\\\/wp-content\\\/uploads\\\/2017\\\/09\\\/harbour-wrecks-1030x578.jpg\"},{\"@type\":\"BreadcrumbList\",\"@id\":\"https:\\\/\\\/calerodiving.com\\\/harbour-wrecks-3\\\/#breadcrumb\",\"itemListElement\":[{\"@type\":\"ListItem\",\"position\":1,\"name\":\"Home\",\"item\":\"https:\\\/\\\/calerodiving.com\\\/es\\\/\"},{\"@type\":\"ListItem\",\"position\":2,\"name\":\"Naufragios del puerto\"}]},{\"@type\":\"WebSite\",\"@id\":\"https:\\\/\\\/calerodiving.com\\\/#website\",\"url\":\"https:\\\/\\\/calerodiving.com\\\/\",\"name\":\"Calero Diving Lanzarote\",\"description\":\"Diving Center Lanzarote\",\"publisher\":{\"@id\":\"https:\\\/\\\/calerodiving.com\\\/#organization\"},\"alternateName\":\"Calero Diving\",\"potentialAction\":[{\"@type\":\"SearchAction\",\"target\":{\"@type\":\"EntryPoint\",\"urlTemplate\":\"https:\\\/\\\/calerodiving.com\\\/?s={search_term_string}\"},\"query-input\":{\"@type\":\"PropertyValueSpecification\",\"valueRequired\":true,\"valueName\":\"search_term_string\"}}],\"inLanguage\":\"es\"},{\"@type\":\"Organization\",\"@id\":\"https:\\\/\\\/calerodiving.com\\\/#organization\",\"name\":\"Calero Diving Lanzarote\",\"alternateName\":\"Calero Diving\",\"url\":\"https:\\\/\\\/calerodiving.com\\\/\",\"logo\":{\"@type\":\"ImageObject\",\"inLanguage\":\"es\",\"@id\":\"https:\\\/\\\/calerodiving.com\\\/#\\\/schema\\\/logo\\\/image\\\/\",\"url\":\"https:\\\/\\\/calerodiving.com\\\/wp-content\\\/uploads\\\/2025\\\/05\\\/Grupo.png\",\"contentUrl\":\"https:\\\/\\\/calerodiving.com\\\/wp-content\\\/uploads\\\/2025\\\/05\\\/Grupo.png\",\"width\":499,\"height\":590,\"caption\":\"Calero Diving Lanzarote\"},\"image\":{\"@id\":\"https:\\\/\\\/calerodiving.com\\\/#\\\/schema\\\/logo\\\/image\\\/\"},\"sameAs\":[\"https:\\\/\\\/www.facebook.com\\\/calerodiving\\\/\",\"https:\\\/\\\/www.instagram.com\\\/calerodiving\\\/\"]}]}<\/script>\n<!-- \/ Yoast SEO plugin. -->","yoast_head_json":{"title":"Naufragios del puerto | Calero Diving Lanzarote","robots":{"index":"index","follow":"follow","max-snippet":"max-snippet:-1","max-image-preview":"max-image-preview:large","max-video-preview":"max-video-preview:-1"},"canonical":"https:\/\/calerodiving.com\/harbour-wrecks-3\/","og_locale":"es_ES","og_type":"article","og_title":"Naufragios del puerto | Calero Diving Lanzarote","og_description":"Naufragios del puerto Justo frente al antiguo puerto de Puerto del Carmen se encuentran varios peque\u00f1os pecios que ofrecen una inmersi\u00f3n variada e interesante. El pecio mejor conservado resulta especialmente curioso, ya que durante la construcci\u00f3n del nuevo muro del puerto se integr\u00f3 en la estructura el casco de un antiguo barco pesquero. El pecio [&hellip;]","og_url":"https:\/\/calerodiving.com\/harbour-wrecks-3\/","og_site_name":"Calero Diving Lanzarote","article_publisher":"https:\/\/www.facebook.com\/calerodiving\/","article_modified_time":"2026-04-20T13:43:38+00:00","og_image":[{"width":1060,"height":595,"url":"https:\/\/calerodiving.com\/wp-content\/uploads\/2017\/09\/harbour-wrecks.jpg","type":"image\/jpeg"}],"twitter_card":"summary_large_image","twitter_misc":{"Tiempo de lectura":"2 minutos"},"schema":{"@context":"https:\/\/schema.org","@graph":[{"@type":"WebPage","@id":"https:\/\/calerodiving.com\/harbour-wrecks-3\/","url":"https:\/\/calerodiving.com\/harbour-wrecks-3\/","name":"Naufragios del puerto | Calero Diving Lanzarote","isPartOf":{"@id":"https:\/\/calerodiving.com\/#website"},"primaryImageOfPage":{"@id":"https:\/\/calerodiving.com\/harbour-wrecks-3\/#primaryimage"},"image":{"@id":"https:\/\/calerodiving.com\/harbour-wrecks-3\/#primaryimage"},"thumbnailUrl":"https:\/\/calerodiving.com\/wp-content\/uploads\/2017\/09\/harbour-wrecks-1030x578.jpg","datePublished":"2025-09-01T12:28:41+00:00","dateModified":"2026-04-20T13:43:38+00:00","breadcrumb":{"@id":"https:\/\/calerodiving.com\/harbour-wrecks-3\/#breadcrumb"},"inLanguage":"es","potentialAction":[{"@type":"ReadAction","target":["https:\/\/calerodiving.com\/harbour-wrecks-3\/"]}]},{"@type":"ImageObject","inLanguage":"es","@id":"https:\/\/calerodiving.com\/harbour-wrecks-3\/#primaryimage","url":"https:\/\/calerodiving.com\/wp-content\/uploads\/2017\/09\/harbour-wrecks-1030x578.jpg","contentUrl":"https:\/\/calerodiving.com\/wp-content\/uploads\/2017\/09\/harbour-wrecks-1030x578.jpg"},{"@type":"BreadcrumbList","@id":"https:\/\/calerodiving.com\/harbour-wrecks-3\/#breadcrumb","itemListElement":[{"@type":"ListItem","position":1,"name":"Home","item":"https:\/\/calerodiving.com\/es\/"},{"@type":"ListItem","position":2,"name":"Naufragios del puerto"}]},{"@type":"WebSite","@id":"https:\/\/calerodiving.com\/#website","url":"https:\/\/calerodiving.com\/","name":"Calero Diving Lanzarote","description":"Diving Center Lanzarote","publisher":{"@id":"https:\/\/calerodiving.com\/#organization"},"alternateName":"Calero Diving","potentialAction":[{"@type":"SearchAction","target":{"@type":"EntryPoint","urlTemplate":"https:\/\/calerodiving.com\/?s={search_term_string}"},"query-input":{"@type":"PropertyValueSpecification","valueRequired":true,"valueName":"search_term_string"}}],"inLanguage":"es"},{"@type":"Organization","@id":"https:\/\/calerodiving.com\/#organization","name":"Calero Diving Lanzarote","alternateName":"Calero Diving","url":"https:\/\/calerodiving.com\/","logo":{"@type":"ImageObject","inLanguage":"es","@id":"https:\/\/calerodiving.com\/#\/schema\/logo\/image\/","url":"https:\/\/calerodiving.com\/wp-content\/uploads\/2025\/05\/Grupo.png","contentUrl":"https:\/\/calerodiving.com\/wp-content\/uploads\/2025\/05\/Grupo.png","width":499,"height":590,"caption":"Calero Diving Lanzarote"},"image":{"@id":"https:\/\/calerodiving.com\/#\/schema\/logo\/image\/"},"sameAs":["https:\/\/www.facebook.com\/calerodiving\/","https:\/\/www.instagram.com\/calerodiving\/"]}]}},"_links":{"self":[{"href":"https:\/\/calerodiving.com\/es\/wp-json\/wp\/v2\/pages\/24816","targetHints":{"allow":["GET"]}}],"collection":[{"href":"https:\/\/calerodiving.com\/es\/wp-json\/wp\/v2\/pages"}],"about":[{"href":"https:\/\/calerodiving.com\/es\/wp-json\/wp\/v2\/types\/page"}],"author":[{"embeddable":true,"href":"https:\/\/calerodiving.com\/es\/wp-json\/wp\/v2\/users\/10"}],"replies":[{"embeddable":true,"href":"https:\/\/calerodiving.com\/es\/wp-json\/wp\/v2\/comments?post=24816"}],"version-history":[{"count":4,"href":"https:\/\/calerodiving.com\/es\/wp-json\/wp\/v2\/pages\/24816\/revisions"}],"predecessor-version":[{"id":28564,"href":"https:\/\/calerodiving.com\/es\/wp-json\/wp\/v2\/pages\/24816\/revisions\/28564"}],"wp:attachment":[{"href":"https:\/\/calerodiving.com\/es\/wp-json\/wp\/v2\/media?parent=24816"}],"curies":[{"name":"wp","href":"https:\/\/api.w.org\/{rel}","templated":true}]}}