{"id":24811,"date":"2025-09-01T13:28:36","date_gmt":"2025-09-01T12:28:36","guid":{"rendered":"https:\/\/calerodiving.com\/prueba-el-buceo\/"},"modified":"2025-09-06T17:37:51","modified_gmt":"2025-09-06T16:37:51","slug":"prueba-el-buceo","status":"publish","type":"page","link":"https:\/\/calerodiving.com\/es\/prueba-el-buceo\/","title":{"rendered":"Prueba el buceo"},"content":{"rendered":"\t\t<div data-elementor-type=\"wp-page\" data-elementor-id=\"24811\" class=\"elementor elementor-24811 elementor-20282\" data-elementor-post-type=\"page\">\n\t\t\t\t<div class=\"elementor-element elementor-element-009eb9a e-flex e-con-boxed e-con e-parent\" data-id=\"009eb9a\" data-element_type=\"container\" data-e-type=\"container\">\n\t\t\t\t\t<div class=\"e-con-inner\">\n\t\t<div class=\"elementor-element elementor-element-64e2daa e-con-full e-flex e-con e-child\" data-id=\"64e2daa\" data-element_type=\"container\" data-e-type=\"container\">\n\t\t\t\t<div class=\"elementor-element elementor-element-1ebadaf elementor-widget elementor-widget-image\" data-id=\"1ebadaf\" data-element_type=\"widget\" data-e-type=\"widget\" data-widget_type=\"image.default\">\n\t\t\t\t<div class=\"elementor-widget-container\">\n\t\t\t\t\t\t\t\t\t\t\t\t\t\t\t<img fetchpriority=\"high\" decoding=\"async\" width=\"800\" height=\"534\" src=\"https:\/\/calerodiving.com\/wp-content\/uploads\/2025\/06\/Flamingo-1030x687.jpeg\" class=\"attachment-large size-large wp-image-19301\" alt=\"\" srcset=\"https:\/\/calerodiving.com\/wp-content\/uploads\/2025\/06\/Flamingo-1030x687.jpeg 1030w, https:\/\/calerodiving.com\/wp-content\/uploads\/2025\/06\/Flamingo-300x200.jpeg 300w, https:\/\/calerodiving.com\/wp-content\/uploads\/2025\/06\/Flamingo-768x512.jpeg 768w, https:\/\/calerodiving.com\/wp-content\/uploads\/2025\/06\/Flamingo-1536x1024.jpeg 1536w, https:\/\/calerodiving.com\/wp-content\/uploads\/2025\/06\/Flamingo.jpeg 1732w\" sizes=\"(max-width: 800px) 100vw, 800px\" \/>\t\t\t\t\t\t\t\t\t\t\t\t\t\t\t<\/div>\n\t\t\t\t<\/div>\n\t\t\t\t<\/div>\n\t\t<div class=\"elementor-element elementor-element-8ed3d5e e-con-full e-flex e-con e-child\" data-id=\"8ed3d5e\" data-element_type=\"container\" data-e-type=\"container\">\n\t\t<div class=\"elementor-element elementor-element-993bdc1 e-con-full e-flex e-con e-child\" data-id=\"993bdc1\" data-element_type=\"container\" data-e-type=\"container\">\n\t\t\t\t<div class=\"elementor-element elementor-element-3e1d005 elementor-widget elementor-widget-html\" data-id=\"3e1d005\" data-element_type=\"widget\" data-e-type=\"widget\" data-widget_type=\"html.default\">\n\t\t\t\t<div class=\"elementor-widget-container\">\n\t\t\t\t\t<a href=\"https:\/\/calerodiving.com\/es\/cursos-de-buceo-recreativo\/#baptisms\" class=\"tag-button\">Bautismo de buceo<\/a>\n\t\t\t\t<\/div>\n\t\t\t\t<\/div>\n\t\t\t\t<div class=\"elementor-element elementor-element-4cb381d elementor-widget elementor-widget-heading\" data-id=\"4cb381d\" data-element_type=\"widget\" data-e-type=\"widget\" data-widget_type=\"heading.default\">\n\t\t\t\t<div class=\"elementor-widget-container\">\n\t\t\t\t\t<h2 class=\"elementor-heading-title elementor-size-default\">Bautismo de buceo<\/h2>\t\t\t\t<\/div>\n\t\t\t\t<\/div>\n\t\t\t\t<\/div>\n\t\t\t\t<\/div>\n\t\t\t\t\t<\/div>\n\t\t\t\t<\/div>\n\t\t<div class=\"elementor-element elementor-element-19fa76e e-flex e-con-boxed e-con e-parent\" data-id=\"19fa76e\" data-element_type=\"container\" data-e-type=\"container\">\n\t\t\t\t\t<div class=\"e-con-inner\">\n\t\t<div class=\"elementor-element elementor-element-a8907d2 e-con-full e-flex e-con e-child\" data-id=\"a8907d2\" data-element_type=\"container\" data-e-type=\"container\">\n\t\t<div class=\"elementor-element elementor-element-0fd81f7 e-con-full e-flex e-con e-child\" data-id=\"0fd81f7\" data-element_type=\"container\" data-e-type=\"container\">\n\t\t\t\t<div class=\"elementor-element elementor-element-794723b elementor-widget elementor-widget-heading\" data-id=\"794723b\" data-element_type=\"widget\" data-e-type=\"widget\" data-widget_type=\"heading.default\">\n\t\t\t\t<div class=\"elementor-widget-container\">\n\t\t\t\t\t<h2 class=\"elementor-heading-title elementor-size-default\">Tu primer paso en el mundo del buceo.\n<\/h2>\t\t\t\t<\/div>\n\t\t\t\t<\/div>\n\t\t\t\t<div class=\"elementor-element elementor-element-a6e459a elementor-widget elementor-widget-text-editor\" data-id=\"a6e459a\" data-element_type=\"widget\" data-e-type=\"widget\" data-widget_type=\"text-editor.default\">\n\t\t\t\t<div class=\"elementor-widget-container\">\n\t\t\t\t\t\t\t\t\t<div class=\"section-list\"><h3>Descripci\u00f3n del programa:<\/h3><p>El SSI Try Scuba es tu primera experiencia de buceo. Ser\u00e1 tu primera vez bajo el agua, pero sin duda no la \u00faltima.<\/p><p>Te presentaremos el equipo de buceo, las reglas b\u00e1sicas del buceo con escafandra aut\u00f3noma, ciertos protocolos y se\u00f1ales manuales. Tras la introducci\u00f3n, realizar\u00e1s una inmersi\u00f3n en aguas muy poco profundas. Aprender\u00e1s a mover y usar tu equipo en condiciones tranquilas y f\u00e1ciles.<\/p><p>Una vez aclimatados, continuaremos con la inmersi\u00f3n en aguas algo m\u00e1s profundas, aunque no demasiado. Las bah\u00edas de la zona son f\u00e1cilmente accesibles y est\u00e1n llenas de vida: desde bancos de peces de arrecife y barracudas hasta angelotes, rayas y nudibranquios.<\/p><h3>Duraci\u00f3n:<\/h3><ul><li>2 horas<\/li><\/ul><h3>Incluye:<\/h3><ul><li style=\"list-style-type: none;\"><ul><li>Alquiler de equipos<\/li><li>Materiales digitales<\/li><li>Seguro de buceo<\/li><li>Reconocimiento SSI Try Scuba<\/li><\/ul><\/li><\/ul><h3>Requisitos:<\/h3><ul><li>Capacidades b\u00e1sicas de nataci\u00f3n<\/li><li>M\u00ednimo 8 a\u00f1os de edad<\/li><\/ul><h3>No incluye:<\/h3><ul><li>Fotograf\u00edas submarinas (alquiler de c\u00e1maras disponible a pedido)<\/li><\/ul><h3>Otros cursos que te pueden interesar:<\/h3><ul><li><a href=\"https:\/\/calerodiving.com\/es\/buceador-basico\/\">Basic Diver<\/a><\/li><li><a href=\"https:\/\/calerodiving.com\/ssi-open-water-diver\/\">Open Water Diver<\/a><\/li><\/ul><\/div>\t\t\t\t\t\t\t\t<\/div>\n\t\t\t\t<\/div>\n\t\t\t\t<\/div>\n\t\t\t\t<\/div>\n\t\t<div class=\"elementor-element elementor-element-b30fb1a e-con-full e-flex e-con e-child\" data-id=\"b30fb1a\" data-element_type=\"container\" data-e-type=\"container\">\n\t\t<div class=\"elementor-element elementor-element-b6364ee e-con-full course-sidebar-box e-flex e-con e-child\" data-id=\"b6364ee\" data-element_type=\"container\" data-e-type=\"container\" data-settings=\"{&quot;sticky&quot;:&quot;top&quot;,&quot;sticky_offset&quot;:110,&quot;sticky_effects_offset&quot;:130,&quot;sticky_parent&quot;:&quot;yes&quot;,&quot;sticky_on&quot;:[&quot;desktop&quot;,&quot;tablet&quot;,&quot;mobile&quot;],&quot;sticky_anchor_link_offset&quot;:0}\">\n\t\t\t\t<div class=\"elementor-element elementor-element-d578bfa elementor-widget elementor-widget-text-editor\" data-id=\"d578bfa\" data-element_type=\"widget\" data-e-type=\"widget\" data-widget_type=\"text-editor.default\">\n\t\t\t\t<div class=\"elementor-widget-container\">\n\t\t\t\t\t\t\t\t\t<div class=\"courses-info\"><h6 class=\"no-margin\">Duraci\u00f3n:<\/h6><p class=\"no-margin\">Curso de 2 horas<\/p><\/div><div class=\"courses-info\"><h6 class=\"no-margin\">Precio:<\/h6><p class=\"no-margin\">Desde 95 \u20ac<\/p><\/div>\t\t\t\t\t\t\t\t<\/div>\n\t\t\t\t<\/div>\n\t\t\t\t<div class=\"elementor-element elementor-element-7038662 elementor-mobile-align-center elementor-widget elementor-widget-button\" data-id=\"7038662\" data-element_type=\"widget\" data-e-type=\"widget\" data-widget_type=\"button.default\">\n\t\t\t\t<div class=\"elementor-widget-container\">\n\t\t\t\t\t\t\t\t\t<div class=\"elementor-button-wrapper\">\n\t\t\t\t\t<a class=\"elementor-button elementor-button-link elementor-size-sm\" href=\"https:\/\/bukyapp.com\/booking?mode=pack&#038;product=621912b69a1bbf005fa0c479&#038;lang=en&#038;_gl=1*znso1s*_ga*ODU1MDM5OTIuMTc0MTE5MTcyMQ..*_ga_4WWMT2EY3C*czE3NTIxMzc4NTkkbzU4JGcxJHQxNzUyMTM5NTQyJGo1OSRsMCRoMA..\" target=\"_blank\">\n\t\t\t\t\t\t<span class=\"elementor-button-content-wrapper\">\n\t\t\t\t\t\t\t\t\t<span class=\"elementor-button-text\">comprar curso<\/span>\n\t\t\t\t\t<\/span>\n\t\t\t\t\t<\/a>\n\t\t\t\t<\/div>\n\t\t\t\t\t\t\t\t<\/div>\n\t\t\t\t<\/div>\n\t\t\t\t<\/div>\n\t\t\t\t<\/div>\n\t\t\t\t\t<\/div>\n\t\t\t\t<\/div>\n\t\t\t\t<\/div>\n\t\t","protected":false},"excerpt":{"rendered":"<p>Bautismo de buceo Bautismo de buceo Tu primer paso en el mundo del buceo. Descripci\u00f3n del programa: El SSI Try Scuba es tu primera experiencia de buceo. Ser\u00e1 tu primera vez bajo el agua, pero sin duda no la \u00faltima. Te presentaremos el equipo de buceo, las reglas b\u00e1sicas del buceo con escafandra aut\u00f3noma, ciertos [&hellip;]<\/p>\n","protected":false},"author":10,"featured_media":0,"parent":0,"menu_order":0,"comment_status":"closed","ping_status":"closed","template":"","meta":{"_acf_changed":false,"footnotes":""},"class_list":["post-24811","page","type-page","status-publish","hentry"],"acf":[],"yoast_head":"<!-- This site is optimized with the Yoast SEO plugin v27.5 - https:\/\/yoast.com\/product\/yoast-seo-wordpress\/ -->\n<title>Prueba el buceo | Calero Diving Lanzarote<\/title>\n<meta name=\"robots\" content=\"index, follow, max-snippet:-1, max-image-preview:large, max-video-preview:-1\" \/>\n<link rel=\"canonical\" href=\"https:\/\/calerodiving.com\/es\/prueba-el-buceo\/\" \/>\n<meta property=\"og:locale\" content=\"es_ES\" \/>\n<meta property=\"og:type\" content=\"article\" \/>\n<meta property=\"og:title\" content=\"Prueba el buceo | Calero Diving Lanzarote\" \/>\n<meta property=\"og:description\" content=\"Bautismo de buceo Bautismo de buceo Tu primer paso en el mundo del buceo. Descripci\u00f3n del programa: El SSI Try Scuba es tu primera experiencia de buceo. Ser\u00e1 tu primera vez bajo el agua, pero sin duda no la \u00faltima. Te presentaremos el equipo de buceo, las reglas b\u00e1sicas del buceo con escafandra aut\u00f3noma, ciertos [&hellip;]\" \/>\n<meta property=\"og:url\" content=\"https:\/\/calerodiving.com\/es\/prueba-el-buceo\/\" \/>\n<meta property=\"og:site_name\" content=\"Calero Diving Lanzarote\" \/>\n<meta property=\"article:publisher\" content=\"https:\/\/www.facebook.com\/calerodiving\/\" \/>\n<meta property=\"article:modified_time\" content=\"2025-09-06T16:37:51+00:00\" \/>\n<meta property=\"og:image\" content=\"https:\/\/calerodiving.com\/wp-content\/uploads\/2025\/06\/Flamingo.jpeg\" \/>\n\t<meta property=\"og:image:width\" content=\"1732\" \/>\n\t<meta property=\"og:image:height\" content=\"1155\" \/>\n\t<meta property=\"og:image:type\" content=\"image\/jpeg\" \/>\n<meta name=\"twitter:card\" content=\"summary_large_image\" \/>\n<meta name=\"twitter:label1\" content=\"Tiempo de lectura\" \/>\n\t<meta name=\"twitter:data1\" content=\"2 minutos\" \/>\n<script type=\"application\/ld+json\" class=\"yoast-schema-graph\">{\"@context\":\"https:\\\/\\\/schema.org\",\"@graph\":[{\"@type\":\"WebPage\",\"@id\":\"https:\\\/\\\/calerodiving.com\\\/es\\\/prueba-el-buceo\\\/\",\"url\":\"https:\\\/\\\/calerodiving.com\\\/es\\\/prueba-el-buceo\\\/\",\"name\":\"Prueba el buceo | Calero Diving Lanzarote\",\"isPartOf\":{\"@id\":\"https:\\\/\\\/calerodiving.com\\\/#website\"},\"primaryImageOfPage\":{\"@id\":\"https:\\\/\\\/calerodiving.com\\\/es\\\/prueba-el-buceo\\\/#primaryimage\"},\"image\":{\"@id\":\"https:\\\/\\\/calerodiving.com\\\/es\\\/prueba-el-buceo\\\/#primaryimage\"},\"thumbnailUrl\":\"https:\\\/\\\/calerodiving.com\\\/wp-content\\\/uploads\\\/2025\\\/06\\\/Flamingo-1030x687.jpeg\",\"datePublished\":\"2025-09-01T12:28:36+00:00\",\"dateModified\":\"2025-09-06T16:37:51+00:00\",\"breadcrumb\":{\"@id\":\"https:\\\/\\\/calerodiving.com\\\/es\\\/prueba-el-buceo\\\/#breadcrumb\"},\"inLanguage\":\"es\",\"potentialAction\":[{\"@type\":\"ReadAction\",\"target\":[\"https:\\\/\\\/calerodiving.com\\\/es\\\/prueba-el-buceo\\\/\"]}]},{\"@type\":\"ImageObject\",\"inLanguage\":\"es\",\"@id\":\"https:\\\/\\\/calerodiving.com\\\/es\\\/prueba-el-buceo\\\/#primaryimage\",\"url\":\"https:\\\/\\\/calerodiving.com\\\/wp-content\\\/uploads\\\/2025\\\/06\\\/Flamingo-1030x687.jpeg\",\"contentUrl\":\"https:\\\/\\\/calerodiving.com\\\/wp-content\\\/uploads\\\/2025\\\/06\\\/Flamingo-1030x687.jpeg\"},{\"@type\":\"BreadcrumbList\",\"@id\":\"https:\\\/\\\/calerodiving.com\\\/es\\\/prueba-el-buceo\\\/#breadcrumb\",\"itemListElement\":[{\"@type\":\"ListItem\",\"position\":1,\"name\":\"Home\",\"item\":\"https:\\\/\\\/calerodiving.com\\\/es\\\/\"},{\"@type\":\"ListItem\",\"position\":2,\"name\":\"Prueba el buceo\"}]},{\"@type\":\"WebSite\",\"@id\":\"https:\\\/\\\/calerodiving.com\\\/#website\",\"url\":\"https:\\\/\\\/calerodiving.com\\\/\",\"name\":\"Calero Diving Lanzarote\",\"description\":\"Diving Center Lanzarote\",\"publisher\":{\"@id\":\"https:\\\/\\\/calerodiving.com\\\/#organization\"},\"alternateName\":\"Calero Diving\",\"potentialAction\":[{\"@type\":\"SearchAction\",\"target\":{\"@type\":\"EntryPoint\",\"urlTemplate\":\"https:\\\/\\\/calerodiving.com\\\/?s={search_term_string}\"},\"query-input\":{\"@type\":\"PropertyValueSpecification\",\"valueRequired\":true,\"valueName\":\"search_term_string\"}}],\"inLanguage\":\"es\"},{\"@type\":\"Organization\",\"@id\":\"https:\\\/\\\/calerodiving.com\\\/#organization\",\"name\":\"Calero Diving Lanzarote\",\"alternateName\":\"Calero Diving\",\"url\":\"https:\\\/\\\/calerodiving.com\\\/\",\"logo\":{\"@type\":\"ImageObject\",\"inLanguage\":\"es\",\"@id\":\"https:\\\/\\\/calerodiving.com\\\/#\\\/schema\\\/logo\\\/image\\\/\",\"url\":\"https:\\\/\\\/calerodiving.com\\\/wp-content\\\/uploads\\\/2025\\\/05\\\/Grupo.png\",\"contentUrl\":\"https:\\\/\\\/calerodiving.com\\\/wp-content\\\/uploads\\\/2025\\\/05\\\/Grupo.png\",\"width\":499,\"height\":590,\"caption\":\"Calero Diving Lanzarote\"},\"image\":{\"@id\":\"https:\\\/\\\/calerodiving.com\\\/#\\\/schema\\\/logo\\\/image\\\/\"},\"sameAs\":[\"https:\\\/\\\/www.facebook.com\\\/calerodiving\\\/\",\"https:\\\/\\\/www.instagram.com\\\/calerodiving\\\/\"]}]}<\/script>\n<!-- \/ Yoast SEO plugin. -->","yoast_head_json":{"title":"Prueba el buceo | Calero Diving Lanzarote","robots":{"index":"index","follow":"follow","max-snippet":"max-snippet:-1","max-image-preview":"max-image-preview:large","max-video-preview":"max-video-preview:-1"},"canonical":"https:\/\/calerodiving.com\/es\/prueba-el-buceo\/","og_locale":"es_ES","og_type":"article","og_title":"Prueba el buceo | Calero Diving Lanzarote","og_description":"Bautismo de buceo Bautismo de buceo Tu primer paso en el mundo del buceo. Descripci\u00f3n del programa: El SSI Try Scuba es tu primera experiencia de buceo. Ser\u00e1 tu primera vez bajo el agua, pero sin duda no la \u00faltima. Te presentaremos el equipo de buceo, las reglas b\u00e1sicas del buceo con escafandra aut\u00f3noma, ciertos [&hellip;]","og_url":"https:\/\/calerodiving.com\/es\/prueba-el-buceo\/","og_site_name":"Calero Diving Lanzarote","article_publisher":"https:\/\/www.facebook.com\/calerodiving\/","article_modified_time":"2025-09-06T16:37:51+00:00","og_image":[{"width":1732,"height":1155,"url":"https:\/\/calerodiving.com\/wp-content\/uploads\/2025\/06\/Flamingo.jpeg","type":"image\/jpeg"}],"twitter_card":"summary_large_image","twitter_misc":{"Tiempo de lectura":"2 minutos"},"schema":{"@context":"https:\/\/schema.org","@graph":[{"@type":"WebPage","@id":"https:\/\/calerodiving.com\/es\/prueba-el-buceo\/","url":"https:\/\/calerodiving.com\/es\/prueba-el-buceo\/","name":"Prueba el buceo | Calero Diving Lanzarote","isPartOf":{"@id":"https:\/\/calerodiving.com\/#website"},"primaryImageOfPage":{"@id":"https:\/\/calerodiving.com\/es\/prueba-el-buceo\/#primaryimage"},"image":{"@id":"https:\/\/calerodiving.com\/es\/prueba-el-buceo\/#primaryimage"},"thumbnailUrl":"https:\/\/calerodiving.com\/wp-content\/uploads\/2025\/06\/Flamingo-1030x687.jpeg","datePublished":"2025-09-01T12:28:36+00:00","dateModified":"2025-09-06T16:37:51+00:00","breadcrumb":{"@id":"https:\/\/calerodiving.com\/es\/prueba-el-buceo\/#breadcrumb"},"inLanguage":"es","potentialAction":[{"@type":"ReadAction","target":["https:\/\/calerodiving.com\/es\/prueba-el-buceo\/"]}]},{"@type":"ImageObject","inLanguage":"es","@id":"https:\/\/calerodiving.com\/es\/prueba-el-buceo\/#primaryimage","url":"https:\/\/calerodiving.com\/wp-content\/uploads\/2025\/06\/Flamingo-1030x687.jpeg","contentUrl":"https:\/\/calerodiving.com\/wp-content\/uploads\/2025\/06\/Flamingo-1030x687.jpeg"},{"@type":"BreadcrumbList","@id":"https:\/\/calerodiving.com\/es\/prueba-el-buceo\/#breadcrumb","itemListElement":[{"@type":"ListItem","position":1,"name":"Home","item":"https:\/\/calerodiving.com\/es\/"},{"@type":"ListItem","position":2,"name":"Prueba el buceo"}]},{"@type":"WebSite","@id":"https:\/\/calerodiving.com\/#website","url":"https:\/\/calerodiving.com\/","name":"Calero Diving Lanzarote","description":"Diving Center Lanzarote","publisher":{"@id":"https:\/\/calerodiving.com\/#organization"},"alternateName":"Calero Diving","potentialAction":[{"@type":"SearchAction","target":{"@type":"EntryPoint","urlTemplate":"https:\/\/calerodiving.com\/?s={search_term_string}"},"query-input":{"@type":"PropertyValueSpecification","valueRequired":true,"valueName":"search_term_string"}}],"inLanguage":"es"},{"@type":"Organization","@id":"https:\/\/calerodiving.com\/#organization","name":"Calero Diving Lanzarote","alternateName":"Calero Diving","url":"https:\/\/calerodiving.com\/","logo":{"@type":"ImageObject","inLanguage":"es","@id":"https:\/\/calerodiving.com\/#\/schema\/logo\/image\/","url":"https:\/\/calerodiving.com\/wp-content\/uploads\/2025\/05\/Grupo.png","contentUrl":"https:\/\/calerodiving.com\/wp-content\/uploads\/2025\/05\/Grupo.png","width":499,"height":590,"caption":"Calero Diving Lanzarote"},"image":{"@id":"https:\/\/calerodiving.com\/#\/schema\/logo\/image\/"},"sameAs":["https:\/\/www.facebook.com\/calerodiving\/","https:\/\/www.instagram.com\/calerodiving\/"]}]}},"_links":{"self":[{"href":"https:\/\/calerodiving.com\/es\/wp-json\/wp\/v2\/pages\/24811","targetHints":{"allow":["GET"]}}],"collection":[{"href":"https:\/\/calerodiving.com\/es\/wp-json\/wp\/v2\/pages"}],"about":[{"href":"https:\/\/calerodiving.com\/es\/wp-json\/wp\/v2\/types\/page"}],"author":[{"embeddable":true,"href":"https:\/\/calerodiving.com\/es\/wp-json\/wp\/v2\/users\/10"}],"replies":[{"embeddable":true,"href":"https:\/\/calerodiving.com\/es\/wp-json\/wp\/v2\/comments?post=24811"}],"version-history":[{"count":7,"href":"https:\/\/calerodiving.com\/es\/wp-json\/wp\/v2\/pages\/24811\/revisions"}],"predecessor-version":[{"id":25418,"href":"https:\/\/calerodiving.com\/es\/wp-json\/wp\/v2\/pages\/24811\/revisions\/25418"}],"wp:attachment":[{"href":"https:\/\/calerodiving.com\/es\/wp-json\/wp\/v2\/media?parent=24811"}],"curies":[{"name":"wp","href":"https:\/\/api.w.org\/{rel}","templated":true}]}}