{"id":24767,"date":"2025-08-27T09:02:38","date_gmt":"2025-08-27T08:02:38","guid":{"rendered":"https:\/\/calerodiving.com\/buzo-ccr-con-trimix-normoxico-mod-2\/"},"modified":"2025-08-27T09:02:40","modified_gmt":"2025-08-27T08:02:40","slug":"buzo-ccr-con-trimix-normoxico-mod-2","status":"publish","type":"page","link":"https:\/\/calerodiving.com\/es\/buzo-ccr-con-trimix-normoxico-mod-2\/","title":{"rendered":"Buzo CCR con trimix norm\u00f3xico (MOD 2)"},"content":{"rendered":"\t\t<div data-elementor-type=\"wp-page\" data-elementor-id=\"24767\" class=\"elementor elementor-24767 elementor-20997\" data-elementor-post-type=\"page\">\n\t\t\t\t<div class=\"elementor-element elementor-element-f695305 e-flex e-con-boxed e-con e-parent\" data-id=\"f695305\" data-element_type=\"container\" data-e-type=\"container\">\n\t\t\t\t\t<div class=\"e-con-inner\">\n\t\t<div class=\"elementor-element elementor-element-805f3ff e-con-full e-flex e-con e-child\" data-id=\"805f3ff\" data-element_type=\"container\" data-e-type=\"container\">\n\t\t\t\t<div class=\"elementor-element elementor-element-2ebc54b elementor-widget elementor-widget-image\" data-id=\"2ebc54b\" data-element_type=\"widget\" data-e-type=\"widget\" data-widget_type=\"image.default\">\n\t\t\t\t<div class=\"elementor-widget-container\">\n\t\t\t\t\t\t\t\t\t\t\t\t\t\t\t<img fetchpriority=\"high\" decoding=\"async\" width=\"700\" height=\"445\" src=\"https:\/\/calerodiving.com\/wp-content\/uploads\/2025\/07\/Logo-Iantd-Courses.png\" class=\"attachment-large size-large wp-image-20962\" alt=\"\" srcset=\"https:\/\/calerodiving.com\/wp-content\/uploads\/2025\/07\/Logo-Iantd-Courses.png 700w, https:\/\/calerodiving.com\/wp-content\/uploads\/2025\/07\/Logo-Iantd-Courses-300x191.png 300w\" sizes=\"(max-width: 700px) 100vw, 700px\" \/>\t\t\t\t\t\t\t\t\t\t\t\t\t\t\t<\/div>\n\t\t\t\t<\/div>\n\t\t\t\t<\/div>\n\t\t<div class=\"elementor-element elementor-element-c78496d e-con-full e-flex e-con e-child\" data-id=\"c78496d\" data-element_type=\"container\" data-e-type=\"container\">\n\t\t<div class=\"elementor-element elementor-element-4a709d4 e-con-full e-flex e-con e-child\" data-id=\"4a709d4\" data-element_type=\"container\" data-e-type=\"container\">\n\t\t\t\t<div class=\"elementor-element elementor-element-54facd5 elementor-widget elementor-widget-html\" data-id=\"54facd5\" data-element_type=\"widget\" data-e-type=\"widget\" data-widget_type=\"html.default\">\n\t\t\t\t<div class=\"elementor-widget-container\">\n\t\t\t\t\t<a href=\"https:\/\/calerodiving.com\/es\/?page_id=24480#iantd-closed\" class=\"tag-button\">T\u00e9cnico<\/a>\n\t\t\t\t<\/div>\n\t\t\t\t<\/div>\n\t\t\t\t<div class=\"elementor-element elementor-element-e996e2d elementor-widget elementor-widget-heading\" data-id=\"e996e2d\" data-element_type=\"widget\" data-e-type=\"widget\" data-widget_type=\"heading.default\">\n\t\t\t\t<div class=\"elementor-widget-container\">\n\t\t\t\t\t<h2 class=\"elementor-heading-title elementor-size-default\">Buceador CCR Trimix Norm\u00f3xico (MOD 2)\n<\/h2>\t\t\t\t<\/div>\n\t\t\t\t<\/div>\n\t\t\t\t<\/div>\n\t\t\t\t<\/div>\n\t\t\t\t\t<\/div>\n\t\t\t\t<\/div>\n\t\t<div class=\"elementor-element elementor-element-560c1ca e-flex e-con-boxed e-con e-parent\" data-id=\"560c1ca\" data-element_type=\"container\" data-e-type=\"container\">\n\t\t\t\t\t<div class=\"e-con-inner\">\n\t\t<div class=\"elementor-element elementor-element-e3ee0cb e-con-full e-flex e-con e-child\" data-id=\"e3ee0cb\" data-element_type=\"container\" data-e-type=\"container\">\n\t\t<div class=\"elementor-element elementor-element-73bdcd8 e-con-full e-flex e-con e-child\" data-id=\"73bdcd8\" data-element_type=\"container\" data-e-type=\"container\">\n\t\t\t\t<div class=\"elementor-element elementor-element-db617cc elementor-widget elementor-widget-heading\" data-id=\"db617cc\" data-element_type=\"widget\" data-e-type=\"widget\" data-widget_type=\"heading.default\">\n\t\t\t\t<div class=\"elementor-widget-container\">\n\t\t\t\t\t<h2 class=\"elementor-heading-title elementor-size-default\">Bucea un poco m\u00e1s profundo\u2026<\/h2>\t\t\t\t<\/div>\n\t\t\t\t<\/div>\n\t\t\t\t<div class=\"elementor-element elementor-element-54fe948 elementor-widget elementor-widget-text-editor\" data-id=\"54fe948\" data-element_type=\"widget\" data-e-type=\"widget\" data-widget_type=\"text-editor.default\">\n\t\t\t\t<div class=\"elementor-widget-container\">\n\t\t\t\t\t\t\t\t\t<div class=\"section-list\">\n  <h3>Descripci\u00f3n general del programa:<\/h3>\n  <ul>\n    <li>El curso de buzo CCR con trimix norm\u00f3xico de IANTD est\u00e1 dise\u00f1ado para formar a aquellos que deseen bucear a profundidades entre 39 y 60 metros, pero que no deseen respirar aire por debajo de los 39 metros. Este programa est\u00e1 adem\u00e1s dise\u00f1ado para formar a buzos en el uso m\u00e1s seguro de rebreathers para inmersiones que utilicen mezclas de gases norm\u00f3xicos con base de helio. <\/li>\n    <li>Seg\u00fan el rendimiento y el nivel de comodidad, a discreci\u00f3n del instructor, puede mejorar este curso al programa de buzo CCR con trimix norm\u00f3xico Plus de IANTD. Esto le certificar\u00e1 para profundidades de 70 metros. <\/li>\n  <\/ul>\n  <h3>Incluye:<\/h3>\n  <ul>\n    <li>6 inmersiones de entrenamiento<\/li>\n    <li>Sofnolime<\/li>\n    <li>Materiales digitales<\/li>\n    <li>O2<\/li>\n    <li>Tanques<\/li>\n    <li>Certificaci\u00f3n de buzo CCR con trimix norm\u00f3xico\/buzo CCR con trimix norm\u00f3xico Plus de IANTD<\/li>\n  <\/ul>\n  <h3>No incluye:<\/h3>\n  <ul>\n    <li>Alquiler de equipo<\/li>\n    <li>Seguro de buceo<\/li>\n    <li>Alquiler de unidad CCR<\/li>\n    <li>Suplemento de helio<\/li>\n  <\/ul>\n  <h3>Requisitos:<\/h3>\n  <ul>\n    <li>M\u00ednimo 18 a\u00f1os<\/li>\n    <li>M\u00ednimo de 100 inmersiones registradas, de las cuales al menos 25 inmersiones CCR y 50 horas en la unidad, con al menos el 50% de ellas registradas en la misma unidad; 30 inmersiones deben ser a m\u00e1s de 27 metros<\/li>\n    <li>Tener certificaciones de buzo CCR avanzado EANx de IANTD o equivalente<\/li>\n    <li>Certificaci\u00f3n m\u00e9dica v\u00e1lida del \u00faltimo a\u00f1o (no se acepta la autocertificaci\u00f3n)<\/li>\n  <\/ul>\n  <h3>Otros cursos que pueden interesarte:<\/h3>\n  <ul>\n    <li><a href=\"https:\/\/calerodiving.com\/es\/buzo-ccr-avanzado-eanx-mod-1\/\">Buceador CCR EANx Avanzado (MOD 1)<\/a><\/li>\n    <li><a href=\"https:\/\/calerodiving.com\/ccr-trimix-diver-mod-3\/\">Buceador CCR Trimix (MOD 3)<\/a><\/li>\n  <\/ul>\n<\/div>\n\t\t\t\t\t\t\t\t<\/div>\n\t\t\t\t<\/div>\n\t\t\t\t<\/div>\n\t\t\t\t<\/div>\n\t\t<div class=\"elementor-element elementor-element-cabba3f e-con-full e-flex e-con e-child\" data-id=\"cabba3f\" data-element_type=\"container\" data-e-type=\"container\">\n\t\t<div class=\"elementor-element elementor-element-3b14e94 e-con-full course-sidebar-box e-flex e-con e-child\" data-id=\"3b14e94\" data-element_type=\"container\" data-e-type=\"container\" data-settings=\"{&quot;sticky&quot;:&quot;top&quot;,&quot;sticky_offset&quot;:110,&quot;sticky_effects_offset&quot;:130,&quot;sticky_parent&quot;:&quot;yes&quot;,&quot;sticky_on&quot;:[&quot;desktop&quot;,&quot;tablet&quot;,&quot;mobile&quot;],&quot;sticky_anchor_link_offset&quot;:0}\">\n\t\t\t\t<div class=\"elementor-element elementor-element-5426ef4 elementor-widget elementor-widget-text-editor\" data-id=\"5426ef4\" data-element_type=\"widget\" data-e-type=\"widget\" data-widget_type=\"text-editor.default\">\n\t\t\t\t<div class=\"elementor-widget-container\">\n\t\t\t\t\t\t\t\t\t<div class=\"courses-info\"><h6 class=\"no-margin\">Duraci\u00f3n:<\/h6><p class=\"no-margin\">Curso de 5 d\u00edas<\/p><\/div><div class=\"courses-info\"><h6 class=\"no-margin\">Precio:<\/h6><p class=\"no-margin\">Desde 2250 \u20ac<\/p><\/div>\t\t\t\t\t\t\t\t<\/div>\n\t\t\t\t<\/div>\n\t\t\t\t<div class=\"elementor-element elementor-element-e907030 elementor-mobile-align-center elementor-widget elementor-widget-button\" data-id=\"e907030\" data-element_type=\"widget\" data-e-type=\"widget\" data-widget_type=\"button.default\">\n\t\t\t\t<div class=\"elementor-widget-container\">\n\t\t\t\t\t\t\t\t\t<div class=\"elementor-button-wrapper\">\n\t\t\t\t\t<a class=\"elementor-button elementor-button-link elementor-size-sm\" href=\"https:\/\/app.bukyapp.com\/front\/6213b2319a1bbf005fa0b870\/product\/6888c8abf71dec2c388201ec?lang=en\" target=\"_blank\">\n\t\t\t\t\t\t<span class=\"elementor-button-content-wrapper\">\n\t\t\t\t\t\t\t\t\t<span class=\"elementor-button-text\">Comprar curso<\/span>\n\t\t\t\t\t<\/span>\n\t\t\t\t\t<\/a>\n\t\t\t\t<\/div>\n\t\t\t\t\t\t\t\t<\/div>\n\t\t\t\t<\/div>\n\t\t\t\t<\/div>\n\t\t\t\t<\/div>\n\t\t\t\t\t<\/div>\n\t\t\t\t<\/div>\n\t\t\t\t<\/div>\n\t\t","protected":false},"excerpt":{"rendered":"<p>T\u00e9cnico Buceador CCR Trimix Norm\u00f3xico (MOD 2) Bucea un poco m\u00e1s profundo\u2026 Descripci\u00f3n general del programa: El curso de buzo CCR con trimix norm\u00f3xico de IANTD est\u00e1 dise\u00f1ado para formar a aquellos que deseen bucear a profundidades entre 39 y 60 metros, pero que no deseen respirar aire por debajo de los 39 metros. Este [&hellip;]<\/p>\n","protected":false},"author":10,"featured_media":0,"parent":0,"menu_order":0,"comment_status":"closed","ping_status":"closed","template":"","meta":{"_acf_changed":false,"footnotes":""},"class_list":["post-24767","page","type-page","status-publish","hentry"],"acf":[],"yoast_head":"<!-- This site is optimized with the Yoast SEO plugin v27.5 - https:\/\/yoast.com\/product\/yoast-seo-wordpress\/ -->\n<title>Buzo CCR con trimix norm\u00f3xico (MOD 2) | Calero Diving Lanzarote<\/title>\n<meta name=\"robots\" content=\"index, follow, max-snippet:-1, max-image-preview:large, max-video-preview:-1\" \/>\n<link rel=\"canonical\" href=\"https:\/\/calerodiving.com\/es\/buzo-ccr-con-trimix-normoxico-mod-2\/\" \/>\n<meta property=\"og:locale\" content=\"es_ES\" \/>\n<meta property=\"og:type\" content=\"article\" \/>\n<meta property=\"og:title\" content=\"Buzo CCR con trimix norm\u00f3xico (MOD 2) | Calero Diving Lanzarote\" \/>\n<meta property=\"og:description\" content=\"T\u00e9cnico Buceador CCR Trimix Norm\u00f3xico (MOD 2) Bucea un poco m\u00e1s profundo\u2026 Descripci\u00f3n general del programa: El curso de buzo CCR con trimix norm\u00f3xico de IANTD est\u00e1 dise\u00f1ado para formar a aquellos que deseen bucear a profundidades entre 39 y 60 metros, pero que no deseen respirar aire por debajo de los 39 metros. Este [&hellip;]\" \/>\n<meta property=\"og:url\" content=\"https:\/\/calerodiving.com\/es\/buzo-ccr-con-trimix-normoxico-mod-2\/\" \/>\n<meta property=\"og:site_name\" content=\"Calero Diving Lanzarote\" \/>\n<meta property=\"article:publisher\" content=\"https:\/\/www.facebook.com\/calerodiving\/\" \/>\n<meta property=\"article:modified_time\" content=\"2025-08-27T08:02:40+00:00\" \/>\n<meta property=\"og:image\" content=\"https:\/\/calerodiving.com\/wp-content\/uploads\/2025\/07\/Logo-Iantd-Courses.png\" \/>\n\t<meta property=\"og:image:width\" content=\"700\" \/>\n\t<meta property=\"og:image:height\" content=\"445\" \/>\n\t<meta property=\"og:image:type\" content=\"image\/png\" \/>\n<meta name=\"twitter:card\" content=\"summary_large_image\" \/>\n<meta name=\"twitter:label1\" content=\"Tiempo de lectura\" \/>\n\t<meta name=\"twitter:data1\" content=\"1 minuto\" \/>\n<script type=\"application\/ld+json\" class=\"yoast-schema-graph\">{\"@context\":\"https:\\\/\\\/schema.org\",\"@graph\":[{\"@type\":\"WebPage\",\"@id\":\"https:\\\/\\\/calerodiving.com\\\/es\\\/buzo-ccr-con-trimix-normoxico-mod-2\\\/\",\"url\":\"https:\\\/\\\/calerodiving.com\\\/es\\\/buzo-ccr-con-trimix-normoxico-mod-2\\\/\",\"name\":\"Buzo CCR con trimix norm\u00f3xico (MOD 2) | Calero Diving Lanzarote\",\"isPartOf\":{\"@id\":\"https:\\\/\\\/calerodiving.com\\\/#website\"},\"primaryImageOfPage\":{\"@id\":\"https:\\\/\\\/calerodiving.com\\\/es\\\/buzo-ccr-con-trimix-normoxico-mod-2\\\/#primaryimage\"},\"image\":{\"@id\":\"https:\\\/\\\/calerodiving.com\\\/es\\\/buzo-ccr-con-trimix-normoxico-mod-2\\\/#primaryimage\"},\"thumbnailUrl\":\"https:\\\/\\\/calerodiving.com\\\/wp-content\\\/uploads\\\/2025\\\/07\\\/Logo-Iantd-Courses.png\",\"datePublished\":\"2025-08-27T08:02:38+00:00\",\"dateModified\":\"2025-08-27T08:02:40+00:00\",\"breadcrumb\":{\"@id\":\"https:\\\/\\\/calerodiving.com\\\/es\\\/buzo-ccr-con-trimix-normoxico-mod-2\\\/#breadcrumb\"},\"inLanguage\":\"es\",\"potentialAction\":[{\"@type\":\"ReadAction\",\"target\":[\"https:\\\/\\\/calerodiving.com\\\/es\\\/buzo-ccr-con-trimix-normoxico-mod-2\\\/\"]}]},{\"@type\":\"ImageObject\",\"inLanguage\":\"es\",\"@id\":\"https:\\\/\\\/calerodiving.com\\\/es\\\/buzo-ccr-con-trimix-normoxico-mod-2\\\/#primaryimage\",\"url\":\"https:\\\/\\\/calerodiving.com\\\/wp-content\\\/uploads\\\/2025\\\/07\\\/Logo-Iantd-Courses.png\",\"contentUrl\":\"https:\\\/\\\/calerodiving.com\\\/wp-content\\\/uploads\\\/2025\\\/07\\\/Logo-Iantd-Courses.png\"},{\"@type\":\"BreadcrumbList\",\"@id\":\"https:\\\/\\\/calerodiving.com\\\/es\\\/buzo-ccr-con-trimix-normoxico-mod-2\\\/#breadcrumb\",\"itemListElement\":[{\"@type\":\"ListItem\",\"position\":1,\"name\":\"Home\",\"item\":\"https:\\\/\\\/calerodiving.com\\\/es\\\/\"},{\"@type\":\"ListItem\",\"position\":2,\"name\":\"Buzo CCR con trimix norm\u00f3xico (MOD 2)\"}]},{\"@type\":\"WebSite\",\"@id\":\"https:\\\/\\\/calerodiving.com\\\/#website\",\"url\":\"https:\\\/\\\/calerodiving.com\\\/\",\"name\":\"Calero Diving Lanzarote\",\"description\":\"Diving Center Lanzarote\",\"publisher\":{\"@id\":\"https:\\\/\\\/calerodiving.com\\\/#organization\"},\"alternateName\":\"Calero Diving\",\"potentialAction\":[{\"@type\":\"SearchAction\",\"target\":{\"@type\":\"EntryPoint\",\"urlTemplate\":\"https:\\\/\\\/calerodiving.com\\\/?s={search_term_string}\"},\"query-input\":{\"@type\":\"PropertyValueSpecification\",\"valueRequired\":true,\"valueName\":\"search_term_string\"}}],\"inLanguage\":\"es\"},{\"@type\":\"Organization\",\"@id\":\"https:\\\/\\\/calerodiving.com\\\/#organization\",\"name\":\"Calero Diving Lanzarote\",\"alternateName\":\"Calero Diving\",\"url\":\"https:\\\/\\\/calerodiving.com\\\/\",\"logo\":{\"@type\":\"ImageObject\",\"inLanguage\":\"es\",\"@id\":\"https:\\\/\\\/calerodiving.com\\\/#\\\/schema\\\/logo\\\/image\\\/\",\"url\":\"https:\\\/\\\/calerodiving.com\\\/wp-content\\\/uploads\\\/2025\\\/05\\\/Grupo.png\",\"contentUrl\":\"https:\\\/\\\/calerodiving.com\\\/wp-content\\\/uploads\\\/2025\\\/05\\\/Grupo.png\",\"width\":499,\"height\":590,\"caption\":\"Calero Diving Lanzarote\"},\"image\":{\"@id\":\"https:\\\/\\\/calerodiving.com\\\/#\\\/schema\\\/logo\\\/image\\\/\"},\"sameAs\":[\"https:\\\/\\\/www.facebook.com\\\/calerodiving\\\/\",\"https:\\\/\\\/www.instagram.com\\\/calerodiving\\\/\"]}]}<\/script>\n<!-- \/ Yoast SEO plugin. -->","yoast_head_json":{"title":"Buzo CCR con trimix norm\u00f3xico (MOD 2) | Calero Diving Lanzarote","robots":{"index":"index","follow":"follow","max-snippet":"max-snippet:-1","max-image-preview":"max-image-preview:large","max-video-preview":"max-video-preview:-1"},"canonical":"https:\/\/calerodiving.com\/es\/buzo-ccr-con-trimix-normoxico-mod-2\/","og_locale":"es_ES","og_type":"article","og_title":"Buzo CCR con trimix norm\u00f3xico (MOD 2) | Calero Diving Lanzarote","og_description":"T\u00e9cnico Buceador CCR Trimix Norm\u00f3xico (MOD 2) Bucea un poco m\u00e1s profundo\u2026 Descripci\u00f3n general del programa: El curso de buzo CCR con trimix norm\u00f3xico de IANTD est\u00e1 dise\u00f1ado para formar a aquellos que deseen bucear a profundidades entre 39 y 60 metros, pero que no deseen respirar aire por debajo de los 39 metros. Este [&hellip;]","og_url":"https:\/\/calerodiving.com\/es\/buzo-ccr-con-trimix-normoxico-mod-2\/","og_site_name":"Calero Diving Lanzarote","article_publisher":"https:\/\/www.facebook.com\/calerodiving\/","article_modified_time":"2025-08-27T08:02:40+00:00","og_image":[{"width":700,"height":445,"url":"https:\/\/calerodiving.com\/wp-content\/uploads\/2025\/07\/Logo-Iantd-Courses.png","type":"image\/png"}],"twitter_card":"summary_large_image","twitter_misc":{"Tiempo de lectura":"1 minuto"},"schema":{"@context":"https:\/\/schema.org","@graph":[{"@type":"WebPage","@id":"https:\/\/calerodiving.com\/es\/buzo-ccr-con-trimix-normoxico-mod-2\/","url":"https:\/\/calerodiving.com\/es\/buzo-ccr-con-trimix-normoxico-mod-2\/","name":"Buzo CCR con trimix norm\u00f3xico (MOD 2) | Calero Diving Lanzarote","isPartOf":{"@id":"https:\/\/calerodiving.com\/#website"},"primaryImageOfPage":{"@id":"https:\/\/calerodiving.com\/es\/buzo-ccr-con-trimix-normoxico-mod-2\/#primaryimage"},"image":{"@id":"https:\/\/calerodiving.com\/es\/buzo-ccr-con-trimix-normoxico-mod-2\/#primaryimage"},"thumbnailUrl":"https:\/\/calerodiving.com\/wp-content\/uploads\/2025\/07\/Logo-Iantd-Courses.png","datePublished":"2025-08-27T08:02:38+00:00","dateModified":"2025-08-27T08:02:40+00:00","breadcrumb":{"@id":"https:\/\/calerodiving.com\/es\/buzo-ccr-con-trimix-normoxico-mod-2\/#breadcrumb"},"inLanguage":"es","potentialAction":[{"@type":"ReadAction","target":["https:\/\/calerodiving.com\/es\/buzo-ccr-con-trimix-normoxico-mod-2\/"]}]},{"@type":"ImageObject","inLanguage":"es","@id":"https:\/\/calerodiving.com\/es\/buzo-ccr-con-trimix-normoxico-mod-2\/#primaryimage","url":"https:\/\/calerodiving.com\/wp-content\/uploads\/2025\/07\/Logo-Iantd-Courses.png","contentUrl":"https:\/\/calerodiving.com\/wp-content\/uploads\/2025\/07\/Logo-Iantd-Courses.png"},{"@type":"BreadcrumbList","@id":"https:\/\/calerodiving.com\/es\/buzo-ccr-con-trimix-normoxico-mod-2\/#breadcrumb","itemListElement":[{"@type":"ListItem","position":1,"name":"Home","item":"https:\/\/calerodiving.com\/es\/"},{"@type":"ListItem","position":2,"name":"Buzo CCR con trimix norm\u00f3xico (MOD 2)"}]},{"@type":"WebSite","@id":"https:\/\/calerodiving.com\/#website","url":"https:\/\/calerodiving.com\/","name":"Calero Diving Lanzarote","description":"Diving Center Lanzarote","publisher":{"@id":"https:\/\/calerodiving.com\/#organization"},"alternateName":"Calero Diving","potentialAction":[{"@type":"SearchAction","target":{"@type":"EntryPoint","urlTemplate":"https:\/\/calerodiving.com\/?s={search_term_string}"},"query-input":{"@type":"PropertyValueSpecification","valueRequired":true,"valueName":"search_term_string"}}],"inLanguage":"es"},{"@type":"Organization","@id":"https:\/\/calerodiving.com\/#organization","name":"Calero Diving Lanzarote","alternateName":"Calero Diving","url":"https:\/\/calerodiving.com\/","logo":{"@type":"ImageObject","inLanguage":"es","@id":"https:\/\/calerodiving.com\/#\/schema\/logo\/image\/","url":"https:\/\/calerodiving.com\/wp-content\/uploads\/2025\/05\/Grupo.png","contentUrl":"https:\/\/calerodiving.com\/wp-content\/uploads\/2025\/05\/Grupo.png","width":499,"height":590,"caption":"Calero Diving Lanzarote"},"image":{"@id":"https:\/\/calerodiving.com\/#\/schema\/logo\/image\/"},"sameAs":["https:\/\/www.facebook.com\/calerodiving\/","https:\/\/www.instagram.com\/calerodiving\/"]}]}},"_links":{"self":[{"href":"https:\/\/calerodiving.com\/es\/wp-json\/wp\/v2\/pages\/24767","targetHints":{"allow":["GET"]}}],"collection":[{"href":"https:\/\/calerodiving.com\/es\/wp-json\/wp\/v2\/pages"}],"about":[{"href":"https:\/\/calerodiving.com\/es\/wp-json\/wp\/v2\/types\/page"}],"author":[{"embeddable":true,"href":"https:\/\/calerodiving.com\/es\/wp-json\/wp\/v2\/users\/10"}],"replies":[{"embeddable":true,"href":"https:\/\/calerodiving.com\/es\/wp-json\/wp\/v2\/comments?post=24767"}],"version-history":[{"count":1,"href":"https:\/\/calerodiving.com\/es\/wp-json\/wp\/v2\/pages\/24767\/revisions"}],"predecessor-version":[{"id":24768,"href":"https:\/\/calerodiving.com\/es\/wp-json\/wp\/v2\/pages\/24767\/revisions\/24768"}],"wp:attachment":[{"href":"https:\/\/calerodiving.com\/es\/wp-json\/wp\/v2\/media?parent=24767"}],"curies":[{"name":"wp","href":"https:\/\/api.w.org\/{rel}","templated":true}]}}