{"id":24738,"date":"2025-08-27T09:01:55","date_gmt":"2025-08-27T08:01:55","guid":{"rendered":"https:\/\/calerodiving.com\/sidemount-de-rango-extendido\/"},"modified":"2026-03-05T11:22:32","modified_gmt":"2026-03-05T10:22:32","slug":"sidemount-de-rango-extendido","status":"publish","type":"page","link":"https:\/\/calerodiving.com\/es\/sidemount-de-rango-extendido\/","title":{"rendered":"Sidemount de rango extendido"},"content":{"rendered":"\t\t<div data-elementor-type=\"wp-page\" data-elementor-id=\"24738\" class=\"elementor elementor-24738 elementor-21057\" data-elementor-post-type=\"page\">\n\t\t\t\t<div class=\"elementor-element elementor-element-a28d3ec e-flex e-con-boxed e-con e-parent\" data-id=\"a28d3ec\" data-element_type=\"container\" data-e-type=\"container\">\n\t\t\t\t\t<div class=\"e-con-inner\">\n\t\t<div class=\"elementor-element elementor-element-1e39cc6 e-con-full e-flex e-con e-child\" data-id=\"1e39cc6\" data-element_type=\"container\" data-e-type=\"container\">\n\t\t\t\t<div class=\"elementor-element elementor-element-4e1cbfe elementor-widget elementor-widget-image\" data-id=\"4e1cbfe\" data-element_type=\"widget\" data-e-type=\"widget\" data-widget_type=\"image.default\">\n\t\t\t\t<div class=\"elementor-widget-container\">\n\t\t\t\t\t\t\t\t\t\t\t\t\t\t\t<img fetchpriority=\"high\" decoding=\"async\" width=\"700\" height=\"445\" src=\"https:\/\/calerodiving.com\/wp-content\/uploads\/2025\/10\/imgi_33_Extended_Range_Sidemount_course_rubicon_Diving_Center_Lanzarote_card_909fa26c2a.webp\" class=\"attachment-large size-large wp-image-26725\" alt=\"\" srcset=\"https:\/\/calerodiving.com\/wp-content\/uploads\/2025\/10\/imgi_33_Extended_Range_Sidemount_course_rubicon_Diving_Center_Lanzarote_card_909fa26c2a.webp 700w, https:\/\/calerodiving.com\/wp-content\/uploads\/2025\/10\/imgi_33_Extended_Range_Sidemount_course_rubicon_Diving_Center_Lanzarote_card_909fa26c2a-300x191.webp 300w\" sizes=\"(max-width: 700px) 100vw, 700px\" \/>\t\t\t\t\t\t\t\t\t\t\t\t\t\t\t<\/div>\n\t\t\t\t<\/div>\n\t\t\t\t<\/div>\n\t\t<div class=\"elementor-element elementor-element-929c718 e-con-full e-flex e-con e-child\" data-id=\"929c718\" data-element_type=\"container\" data-e-type=\"container\">\n\t\t<div class=\"elementor-element elementor-element-d1f7d61 e-con-full e-flex e-con e-child\" data-id=\"d1f7d61\" data-element_type=\"container\" data-e-type=\"container\">\n\t\t\t\t<div class=\"elementor-element elementor-element-59a94a4 elementor-widget elementor-widget-html\" data-id=\"59a94a4\" data-element_type=\"widget\" data-e-type=\"widget\" data-widget_type=\"html.default\">\n\t\t\t\t<div class=\"elementor-widget-container\">\n\t\t\t\t\t<a href=\"https:\/\/calerodiving.com\/es\/?page_id=24527#ssi-open\" class=\"tag-button\">T\u00e9cnico<\/a>\n\t\t\t\t<\/div>\n\t\t\t\t<\/div>\n\t\t\t\t<div class=\"elementor-element elementor-element-53ad58c elementor-widget elementor-widget-heading\" data-id=\"53ad58c\" data-element_type=\"widget\" data-e-type=\"widget\" data-widget_type=\"heading.default\">\n\t\t\t\t<div class=\"elementor-widget-container\">\n\t\t\t\t\t<h2 class=\"elementor-heading-title elementor-size-default\">Sidemount de rango extendido<\/h2>\t\t\t\t<\/div>\n\t\t\t\t<\/div>\n\t\t\t\t<\/div>\n\t\t\t\t<\/div>\n\t\t\t\t\t<\/div>\n\t\t\t\t<\/div>\n\t\t<div class=\"elementor-element elementor-element-d54d807 e-flex e-con-boxed e-con e-parent\" data-id=\"d54d807\" data-element_type=\"container\" data-e-type=\"container\">\n\t\t\t\t\t<div class=\"e-con-inner\">\n\t\t<div class=\"elementor-element elementor-element-f88f9b2 e-con-full e-flex e-con e-child\" data-id=\"f88f9b2\" data-element_type=\"container\" data-e-type=\"container\">\n\t\t<div class=\"elementor-element elementor-element-30f75c3 e-con-full e-flex e-con e-child\" data-id=\"30f75c3\" data-element_type=\"container\" data-e-type=\"container\">\n\t\t\t\t<div class=\"elementor-element elementor-element-9fec3ca elementor-widget elementor-widget-heading\" data-id=\"9fec3ca\" data-element_type=\"widget\" data-e-type=\"widget\" data-widget_type=\"heading.default\">\n\t\t\t\t<div class=\"elementor-widget-container\">\n\t\t\t\t\t<h2 class=\"elementor-heading-title elementor-size-default\">Buceo Sidemount con botellas de etapa<\/h2>\t\t\t\t<\/div>\n\t\t\t\t<\/div>\n\t\t\t\t<div class=\"elementor-element elementor-element-018df15 elementor-widget elementor-widget-text-editor\" data-id=\"018df15\" data-element_type=\"widget\" data-e-type=\"widget\" data-widget_type=\"text-editor.default\">\n\t\t\t\t<div class=\"elementor-widget-container\">\n\t\t\t\t\t\t\t\t\t<div class=\"section-list\"><div class=\"section-list\"><h3>Descripci\u00f3n general del programa:<\/h3><ul><li>Explorar entornos confinados como cuevas y pecios es una tarea emocionante. Sin embargo, meter el equipo de buceo tradicional en los espacios reducidos que se encuentran en estas zonas puede ser un desaf\u00edo. <\/li><li>Este curso te ense\u00f1ar\u00e1 a mejorar tu trimado de buceo y a ser m\u00e1s hidrodin\u00e1mico utilizando una configuraci\u00f3n Sidemount, y te formar\u00e1 en las t\u00e9cnicas necesarias para utilizar varias botellas de etapa transportadas para el buceo de descompresi\u00f3n, de forma eficiente y eficaz.<\/li><li>A continuaci\u00f3n, puedes aplicar esta configuraci\u00f3n de equipo a todos los dem\u00e1s programas de Extended Range.<\/li><\/ul><h3>Duraci\u00f3n:<\/h3><ul><li>3 d\u00edas<\/li><\/ul><h3>Incluye:<\/h3><ul><li>1 sesi\u00f3n en aguas confinadas<\/li><li>4 inmersiones de entrenamiento<\/li><li>Alquiler de equipo<\/li><li>Materiales digitales<\/li><li>Certificaci\u00f3n SSI Extended Range Sidemount<\/li><\/ul><h3>No incluye:<\/h3><ul><li>Seguro de buceo<\/li><\/ul><h3>Requisitos:<\/h3><ul><li>Certificaci\u00f3n SSI Open Water Diver o equivalente<\/li><\/ul><h3>Otros cursos que pueden interesarte:<\/h3><ul><li><a href=\"https:\/\/calerodiving.com\/es\/buceo-extended-range-con-nitrox\/\">Buceo con nitrox de rango extendido<\/a><\/li><li><a href=\"https:\/\/calerodiving.com\/es\/rango-extendido\/\">Rango extendido<\/a><\/li><\/ul><\/div><\/div>\t\t\t\t\t\t\t\t<\/div>\n\t\t\t\t<\/div>\n\t\t\t\t<\/div>\n\t\t\t\t<\/div>\n\t\t<div class=\"elementor-element elementor-element-492395a e-con-full e-flex e-con e-child\" data-id=\"492395a\" data-element_type=\"container\" data-e-type=\"container\">\n\t\t<div class=\"elementor-element elementor-element-16130eb e-con-full course-sidebar-box e-flex e-con e-child\" data-id=\"16130eb\" data-element_type=\"container\" data-e-type=\"container\" data-settings=\"{&quot;sticky&quot;:&quot;top&quot;,&quot;sticky_offset&quot;:110,&quot;sticky_effects_offset&quot;:130,&quot;sticky_parent&quot;:&quot;yes&quot;,&quot;sticky_on&quot;:[&quot;desktop&quot;,&quot;tablet&quot;,&quot;mobile&quot;],&quot;sticky_anchor_link_offset&quot;:0}\">\n\t\t\t\t<div class=\"elementor-element elementor-element-843d6fb elementor-widget elementor-widget-text-editor\" data-id=\"843d6fb\" data-element_type=\"widget\" data-e-type=\"widget\" data-widget_type=\"text-editor.default\">\n\t\t\t\t<div class=\"elementor-widget-container\">\n\t\t\t\t\t\t\t\t\t<div class=\"courses-info\"><h6 class=\"no-margin\">Duraci\u00f3n:<\/h6><p class=\"no-margin\">Curso de 3 d\u00edas<\/p><\/div><div class=\"courses-info\"><h6 class=\"no-margin\">Precio:<\/h6><p class=\"no-margin\">Desde 750 \u20ac<\/p><\/div>\t\t\t\t\t\t\t\t<\/div>\n\t\t\t\t<\/div>\n\t\t\t\t<div class=\"elementor-element elementor-element-417f5fa elementor-mobile-align-center elementor-widget elementor-widget-button\" data-id=\"417f5fa\" data-element_type=\"widget\" data-e-type=\"widget\" data-widget_type=\"button.default\">\n\t\t\t\t<div class=\"elementor-widget-container\">\n\t\t\t\t\t\t\t\t\t<div class=\"elementor-button-wrapper\">\n\t\t\t\t\t<a class=\"elementor-button elementor-button-link elementor-size-sm\" href=\"https:\/\/app.bukyapp.com\/front\/6213b2319a1bbf005fa0b870\/product\/6888ae9ff71dec2c3880727f?lang=en\" target=\"_blank\">\n\t\t\t\t\t\t<span class=\"elementor-button-content-wrapper\">\n\t\t\t\t\t\t\t\t\t<span class=\"elementor-button-text\">Comprar curso<\/span>\n\t\t\t\t\t<\/span>\n\t\t\t\t\t<\/a>\n\t\t\t\t<\/div>\n\t\t\t\t\t\t\t\t<\/div>\n\t\t\t\t<\/div>\n\t\t\t\t<\/div>\n\t\t\t\t<\/div>\n\t\t\t\t\t<\/div>\n\t\t\t\t<\/div>\n\t\t\t\t<\/div>\n\t\t","protected":false},"excerpt":{"rendered":"<p>T\u00e9cnico Sidemount de rango extendido Buceo Sidemount con botellas de etapa Descripci\u00f3n general del programa: Explorar entornos confinados como cuevas y pecios es una tarea emocionante. Sin embargo, meter el equipo de buceo tradicional en los espacios reducidos que se encuentran en estas zonas puede ser un desaf\u00edo. Este curso te ense\u00f1ar\u00e1 a mejorar tu [&hellip;]<\/p>\n","protected":false},"author":10,"featured_media":0,"parent":0,"menu_order":0,"comment_status":"closed","ping_status":"closed","template":"","meta":{"_acf_changed":false,"footnotes":""},"class_list":["post-24738","page","type-page","status-publish","hentry"],"acf":[],"yoast_head":"<!-- This site is optimized with the Yoast SEO plugin v27.5 - https:\/\/yoast.com\/product\/yoast-seo-wordpress\/ -->\n<title>Sidemount de rango extendido | Calero Diving Lanzarote<\/title>\n<meta name=\"robots\" content=\"index, follow, max-snippet:-1, max-image-preview:large, max-video-preview:-1\" \/>\n<link rel=\"canonical\" href=\"https:\/\/calerodiving.com\/extended-range-sidemount\/\" \/>\n<meta property=\"og:locale\" content=\"es_ES\" \/>\n<meta property=\"og:type\" content=\"article\" \/>\n<meta property=\"og:title\" content=\"Sidemount de rango extendido | Calero Diving Lanzarote\" \/>\n<meta property=\"og:description\" content=\"T\u00e9cnico Sidemount de rango extendido Buceo Sidemount con botellas de etapa Descripci\u00f3n general del programa: Explorar entornos confinados como cuevas y pecios es una tarea emocionante. Sin embargo, meter el equipo de buceo tradicional en los espacios reducidos que se encuentran en estas zonas puede ser un desaf\u00edo. Este curso te ense\u00f1ar\u00e1 a mejorar tu [&hellip;]\" \/>\n<meta property=\"og:url\" content=\"https:\/\/calerodiving.com\/extended-range-sidemount\/\" \/>\n<meta property=\"og:site_name\" content=\"Calero Diving Lanzarote\" \/>\n<meta property=\"article:publisher\" content=\"https:\/\/www.facebook.com\/calerodiving\/\" \/>\n<meta property=\"article:modified_time\" content=\"2026-03-05T10:22:32+00:00\" \/>\n<meta property=\"og:image\" content=\"https:\/\/calerodiving.com\/wp-content\/uploads\/2025\/10\/imgi_33_Extended_Range_Sidemount_course_rubicon_Diving_Center_Lanzarote_card_909fa26c2a.webp\" \/>\n\t<meta property=\"og:image:width\" content=\"700\" \/>\n\t<meta property=\"og:image:height\" content=\"445\" \/>\n\t<meta property=\"og:image:type\" content=\"image\/webp\" \/>\n<meta name=\"twitter:card\" content=\"summary_large_image\" \/>\n<meta name=\"twitter:label1\" content=\"Tiempo de lectura\" \/>\n\t<meta name=\"twitter:data1\" content=\"1 minuto\" \/>\n<script type=\"application\/ld+json\" class=\"yoast-schema-graph\">{\"@context\":\"https:\\\/\\\/schema.org\",\"@graph\":[{\"@type\":\"WebPage\",\"@id\":\"https:\\\/\\\/calerodiving.com\\\/extended-range-sidemount\\\/\",\"url\":\"https:\\\/\\\/calerodiving.com\\\/extended-range-sidemount\\\/\",\"name\":\"Sidemount de rango extendido | Calero Diving Lanzarote\",\"isPartOf\":{\"@id\":\"https:\\\/\\\/calerodiving.com\\\/#website\"},\"primaryImageOfPage\":{\"@id\":\"https:\\\/\\\/calerodiving.com\\\/extended-range-sidemount\\\/#primaryimage\"},\"image\":{\"@id\":\"https:\\\/\\\/calerodiving.com\\\/extended-range-sidemount\\\/#primaryimage\"},\"thumbnailUrl\":\"https:\\\/\\\/calerodiving.com\\\/wp-content\\\/uploads\\\/2025\\\/10\\\/imgi_33_Extended_Range_Sidemount_course_rubicon_Diving_Center_Lanzarote_card_909fa26c2a.webp\",\"datePublished\":\"2025-08-27T08:01:55+00:00\",\"dateModified\":\"2026-03-05T10:22:32+00:00\",\"breadcrumb\":{\"@id\":\"https:\\\/\\\/calerodiving.com\\\/extended-range-sidemount\\\/#breadcrumb\"},\"inLanguage\":\"es\",\"potentialAction\":[{\"@type\":\"ReadAction\",\"target\":[\"https:\\\/\\\/calerodiving.com\\\/extended-range-sidemount\\\/\"]}]},{\"@type\":\"ImageObject\",\"inLanguage\":\"es\",\"@id\":\"https:\\\/\\\/calerodiving.com\\\/extended-range-sidemount\\\/#primaryimage\",\"url\":\"https:\\\/\\\/calerodiving.com\\\/wp-content\\\/uploads\\\/2025\\\/10\\\/imgi_33_Extended_Range_Sidemount_course_rubicon_Diving_Center_Lanzarote_card_909fa26c2a.webp\",\"contentUrl\":\"https:\\\/\\\/calerodiving.com\\\/wp-content\\\/uploads\\\/2025\\\/10\\\/imgi_33_Extended_Range_Sidemount_course_rubicon_Diving_Center_Lanzarote_card_909fa26c2a.webp\"},{\"@type\":\"BreadcrumbList\",\"@id\":\"https:\\\/\\\/calerodiving.com\\\/extended-range-sidemount\\\/#breadcrumb\",\"itemListElement\":[{\"@type\":\"ListItem\",\"position\":1,\"name\":\"Home\",\"item\":\"https:\\\/\\\/calerodiving.com\\\/es\\\/\"},{\"@type\":\"ListItem\",\"position\":2,\"name\":\"Sidemount de rango extendido\"}]},{\"@type\":\"WebSite\",\"@id\":\"https:\\\/\\\/calerodiving.com\\\/#website\",\"url\":\"https:\\\/\\\/calerodiving.com\\\/\",\"name\":\"Calero Diving Lanzarote\",\"description\":\"Diving Center Lanzarote\",\"publisher\":{\"@id\":\"https:\\\/\\\/calerodiving.com\\\/#organization\"},\"alternateName\":\"Calero Diving\",\"potentialAction\":[{\"@type\":\"SearchAction\",\"target\":{\"@type\":\"EntryPoint\",\"urlTemplate\":\"https:\\\/\\\/calerodiving.com\\\/?s={search_term_string}\"},\"query-input\":{\"@type\":\"PropertyValueSpecification\",\"valueRequired\":true,\"valueName\":\"search_term_string\"}}],\"inLanguage\":\"es\"},{\"@type\":\"Organization\",\"@id\":\"https:\\\/\\\/calerodiving.com\\\/#organization\",\"name\":\"Calero Diving Lanzarote\",\"alternateName\":\"Calero Diving\",\"url\":\"https:\\\/\\\/calerodiving.com\\\/\",\"logo\":{\"@type\":\"ImageObject\",\"inLanguage\":\"es\",\"@id\":\"https:\\\/\\\/calerodiving.com\\\/#\\\/schema\\\/logo\\\/image\\\/\",\"url\":\"https:\\\/\\\/calerodiving.com\\\/wp-content\\\/uploads\\\/2025\\\/05\\\/Grupo.png\",\"contentUrl\":\"https:\\\/\\\/calerodiving.com\\\/wp-content\\\/uploads\\\/2025\\\/05\\\/Grupo.png\",\"width\":499,\"height\":590,\"caption\":\"Calero Diving Lanzarote\"},\"image\":{\"@id\":\"https:\\\/\\\/calerodiving.com\\\/#\\\/schema\\\/logo\\\/image\\\/\"},\"sameAs\":[\"https:\\\/\\\/www.facebook.com\\\/calerodiving\\\/\",\"https:\\\/\\\/www.instagram.com\\\/calerodiving\\\/\"]}]}<\/script>\n<!-- \/ Yoast SEO plugin. -->","yoast_head_json":{"title":"Sidemount de rango extendido | Calero Diving Lanzarote","robots":{"index":"index","follow":"follow","max-snippet":"max-snippet:-1","max-image-preview":"max-image-preview:large","max-video-preview":"max-video-preview:-1"},"canonical":"https:\/\/calerodiving.com\/extended-range-sidemount\/","og_locale":"es_ES","og_type":"article","og_title":"Sidemount de rango extendido | Calero Diving Lanzarote","og_description":"T\u00e9cnico Sidemount de rango extendido Buceo Sidemount con botellas de etapa Descripci\u00f3n general del programa: Explorar entornos confinados como cuevas y pecios es una tarea emocionante. Sin embargo, meter el equipo de buceo tradicional en los espacios reducidos que se encuentran en estas zonas puede ser un desaf\u00edo. Este curso te ense\u00f1ar\u00e1 a mejorar tu [&hellip;]","og_url":"https:\/\/calerodiving.com\/extended-range-sidemount\/","og_site_name":"Calero Diving Lanzarote","article_publisher":"https:\/\/www.facebook.com\/calerodiving\/","article_modified_time":"2026-03-05T10:22:32+00:00","og_image":[{"width":700,"height":445,"url":"https:\/\/calerodiving.com\/wp-content\/uploads\/2025\/10\/imgi_33_Extended_Range_Sidemount_course_rubicon_Diving_Center_Lanzarote_card_909fa26c2a.webp","type":"image\/webp"}],"twitter_card":"summary_large_image","twitter_misc":{"Tiempo de lectura":"1 minuto"},"schema":{"@context":"https:\/\/schema.org","@graph":[{"@type":"WebPage","@id":"https:\/\/calerodiving.com\/extended-range-sidemount\/","url":"https:\/\/calerodiving.com\/extended-range-sidemount\/","name":"Sidemount de rango extendido | Calero Diving Lanzarote","isPartOf":{"@id":"https:\/\/calerodiving.com\/#website"},"primaryImageOfPage":{"@id":"https:\/\/calerodiving.com\/extended-range-sidemount\/#primaryimage"},"image":{"@id":"https:\/\/calerodiving.com\/extended-range-sidemount\/#primaryimage"},"thumbnailUrl":"https:\/\/calerodiving.com\/wp-content\/uploads\/2025\/10\/imgi_33_Extended_Range_Sidemount_course_rubicon_Diving_Center_Lanzarote_card_909fa26c2a.webp","datePublished":"2025-08-27T08:01:55+00:00","dateModified":"2026-03-05T10:22:32+00:00","breadcrumb":{"@id":"https:\/\/calerodiving.com\/extended-range-sidemount\/#breadcrumb"},"inLanguage":"es","potentialAction":[{"@type":"ReadAction","target":["https:\/\/calerodiving.com\/extended-range-sidemount\/"]}]},{"@type":"ImageObject","inLanguage":"es","@id":"https:\/\/calerodiving.com\/extended-range-sidemount\/#primaryimage","url":"https:\/\/calerodiving.com\/wp-content\/uploads\/2025\/10\/imgi_33_Extended_Range_Sidemount_course_rubicon_Diving_Center_Lanzarote_card_909fa26c2a.webp","contentUrl":"https:\/\/calerodiving.com\/wp-content\/uploads\/2025\/10\/imgi_33_Extended_Range_Sidemount_course_rubicon_Diving_Center_Lanzarote_card_909fa26c2a.webp"},{"@type":"BreadcrumbList","@id":"https:\/\/calerodiving.com\/extended-range-sidemount\/#breadcrumb","itemListElement":[{"@type":"ListItem","position":1,"name":"Home","item":"https:\/\/calerodiving.com\/es\/"},{"@type":"ListItem","position":2,"name":"Sidemount de rango extendido"}]},{"@type":"WebSite","@id":"https:\/\/calerodiving.com\/#website","url":"https:\/\/calerodiving.com\/","name":"Calero Diving Lanzarote","description":"Diving Center Lanzarote","publisher":{"@id":"https:\/\/calerodiving.com\/#organization"},"alternateName":"Calero Diving","potentialAction":[{"@type":"SearchAction","target":{"@type":"EntryPoint","urlTemplate":"https:\/\/calerodiving.com\/?s={search_term_string}"},"query-input":{"@type":"PropertyValueSpecification","valueRequired":true,"valueName":"search_term_string"}}],"inLanguage":"es"},{"@type":"Organization","@id":"https:\/\/calerodiving.com\/#organization","name":"Calero Diving Lanzarote","alternateName":"Calero Diving","url":"https:\/\/calerodiving.com\/","logo":{"@type":"ImageObject","inLanguage":"es","@id":"https:\/\/calerodiving.com\/#\/schema\/logo\/image\/","url":"https:\/\/calerodiving.com\/wp-content\/uploads\/2025\/05\/Grupo.png","contentUrl":"https:\/\/calerodiving.com\/wp-content\/uploads\/2025\/05\/Grupo.png","width":499,"height":590,"caption":"Calero Diving Lanzarote"},"image":{"@id":"https:\/\/calerodiving.com\/#\/schema\/logo\/image\/"},"sameAs":["https:\/\/www.facebook.com\/calerodiving\/","https:\/\/www.instagram.com\/calerodiving\/"]}]}},"_links":{"self":[{"href":"https:\/\/calerodiving.com\/es\/wp-json\/wp\/v2\/pages\/24738","targetHints":{"allow":["GET"]}}],"collection":[{"href":"https:\/\/calerodiving.com\/es\/wp-json\/wp\/v2\/pages"}],"about":[{"href":"https:\/\/calerodiving.com\/es\/wp-json\/wp\/v2\/types\/page"}],"author":[{"embeddable":true,"href":"https:\/\/calerodiving.com\/es\/wp-json\/wp\/v2\/users\/10"}],"replies":[{"embeddable":true,"href":"https:\/\/calerodiving.com\/es\/wp-json\/wp\/v2\/comments?post=24738"}],"version-history":[{"count":4,"href":"https:\/\/calerodiving.com\/es\/wp-json\/wp\/v2\/pages\/24738\/revisions"}],"predecessor-version":[{"id":26883,"href":"https:\/\/calerodiving.com\/es\/wp-json\/wp\/v2\/pages\/24738\/revisions\/26883"}],"wp:attachment":[{"href":"https:\/\/calerodiving.com\/es\/wp-json\/wp\/v2\/media?parent=24738"}],"curies":[{"name":"wp","href":"https:\/\/api.w.org\/{rel}","templated":true}]}}