{"id":24727,"date":"2025-08-27T09:01:52","date_gmt":"2025-08-27T08:01:52","guid":{"rendered":"https:\/\/calerodiving.com\/buceo-extended-range-con-nitrox\/"},"modified":"2025-09-08T11:46:40","modified_gmt":"2025-09-08T10:46:40","slug":"buceo-extended-range-con-nitrox","status":"publish","type":"page","link":"https:\/\/calerodiving.com\/es\/buceo-extended-range-con-nitrox\/","title":{"rendered":"Buceo extended range con nitrox"},"content":{"rendered":"\t\t<div data-elementor-type=\"wp-page\" data-elementor-id=\"24727\" class=\"elementor elementor-24727 elementor-21072\" data-elementor-post-type=\"page\">\n\t\t\t\t<div class=\"elementor-element elementor-element-fcc619c e-flex e-con-boxed e-con e-parent\" data-id=\"fcc619c\" data-element_type=\"container\" data-e-type=\"container\">\n\t\t\t\t\t<div class=\"e-con-inner\">\n\t\t<div class=\"elementor-element elementor-element-c2c197b e-con-full e-flex e-con e-child\" data-id=\"c2c197b\" data-element_type=\"container\" data-e-type=\"container\">\n\t\t\t\t<div class=\"elementor-element elementor-element-2ac4a42 elementor-widget elementor-widget-image\" data-id=\"2ac4a42\" data-element_type=\"widget\" data-e-type=\"widget\" data-widget_type=\"image.default\">\n\t\t\t\t<div class=\"elementor-widget-container\">\n\t\t\t\t\t\t\t\t\t\t\t\t\t\t\t<img fetchpriority=\"high\" decoding=\"async\" width=\"350\" height=\"222\" src=\"https:\/\/calerodiving.com\/wp-content\/uploads\/2017\/10\/extended-range-nitrox.jpg\" class=\"attachment-large size-large wp-image-1908\" alt=\"\" srcset=\"https:\/\/calerodiving.com\/wp-content\/uploads\/2017\/10\/extended-range-nitrox.jpg 350w, https:\/\/calerodiving.com\/wp-content\/uploads\/2017\/10\/extended-range-nitrox-300x190.jpg 300w\" sizes=\"(max-width: 350px) 100vw, 350px\" \/>\t\t\t\t\t\t\t\t\t\t\t\t\t\t\t<\/div>\n\t\t\t\t<\/div>\n\t\t\t\t<\/div>\n\t\t<div class=\"elementor-element elementor-element-453a215 e-con-full e-flex e-con e-child\" data-id=\"453a215\" data-element_type=\"container\" data-e-type=\"container\">\n\t\t<div class=\"elementor-element elementor-element-593c826 e-con-full e-flex e-con e-child\" data-id=\"593c826\" data-element_type=\"container\" data-e-type=\"container\">\n\t\t\t\t<div class=\"elementor-element elementor-element-37117f6 elementor-widget elementor-widget-html\" data-id=\"37117f6\" data-element_type=\"widget\" data-e-type=\"widget\" data-widget_type=\"html.default\">\n\t\t\t\t<div class=\"elementor-widget-container\">\n\t\t\t\t\t<a href=\"https:\/\/calerodiving.com\/es\/?page_id=24527#ssi-open\" class=\"tag-button\">T\u00e9cnico<\/a>\n\t\t\t\t<\/div>\n\t\t\t\t<\/div>\n\t\t\t\t<div class=\"elementor-element elementor-element-1263654 elementor-widget elementor-widget-heading\" data-id=\"1263654\" data-element_type=\"widget\" data-e-type=\"widget\" data-widget_type=\"heading.default\">\n\t\t\t\t<div class=\"elementor-widget-container\">\n\t\t\t\t\t<h2 class=\"elementor-heading-title elementor-size-default\">Buceo extended range con nitrox<\/h2>\t\t\t\t<\/div>\n\t\t\t\t<\/div>\n\t\t\t\t<\/div>\n\t\t\t\t<\/div>\n\t\t\t\t\t<\/div>\n\t\t\t\t<\/div>\n\t\t<div class=\"elementor-element elementor-element-eb27977 e-flex e-con-boxed e-con e-parent\" data-id=\"eb27977\" data-element_type=\"container\" data-e-type=\"container\">\n\t\t\t\t\t<div class=\"e-con-inner\">\n\t\t<div class=\"elementor-element elementor-element-608fcf9 e-con-full e-flex e-con e-child\" data-id=\"608fcf9\" data-element_type=\"container\" data-e-type=\"container\">\n\t\t<div class=\"elementor-element elementor-element-f2b2f8f e-con-full e-flex e-con e-child\" data-id=\"f2b2f8f\" data-element_type=\"container\" data-e-type=\"container\">\n\t\t\t\t<div class=\"elementor-element elementor-element-24e7d56 elementor-widget elementor-widget-heading\" data-id=\"24e7d56\" data-element_type=\"widget\" data-e-type=\"widget\" data-widget_type=\"heading.default\">\n\t\t\t\t<div class=\"elementor-widget-container\">\n\t\t\t\t\t<h2 class=\"elementor-heading-title elementor-size-default\">Tu introducci\u00f3n a la descompresi\u00f3n limitada<\/h2>\t\t\t\t<\/div>\n\t\t\t\t<\/div>\n\t\t\t\t<div class=\"elementor-element elementor-element-2688dde elementor-widget elementor-widget-text-editor\" data-id=\"2688dde\" data-element_type=\"widget\" data-e-type=\"widget\" data-widget_type=\"text-editor.default\">\n\t\t\t\t<div class=\"elementor-widget-container\">\n\t\t\t\t\t\t\t\t\t<div class=\"section-list\"><h3>Descripci\u00f3n general del programa:<\/h3><p>Este programa proporciona una introducci\u00f3n completa a los conceptos, t\u00e9cnicas y procedimientos necesarios para el buceo con descompresi\u00f3n con Nitrox.<\/p><p>Dise\u00f1ado como un programa independiente o como un trampol\u00edn para convertirse en buceador Extended Range Trimix, este programa de buceo con aire enriquecido proporciona habilidades fundamentales que son la base de todos los programas t\u00e9cnicos futuros.<\/p><p>Utilizando una configuraci\u00f3n Twinset o Sidemount, este programa te prepara para planificar y realizar inmersiones de descompresi\u00f3n limitada (hasta 15 minutos) a una profundidad m\u00e1xima de 40 metros.<\/p><p>Adem\u00e1s, este programa avanzado te ense\u00f1ar\u00e1 las t\u00e9cnicas y los procedimientos para utilizar gases respirables de hasta el 100% de ox\u00edgeno para la descompresi\u00f3n.<\/p><h3>Duraci\u00f3n:<\/h3><ul><li>2 d\u00edas<\/li><\/ul><h3>Incluye:<\/h3><ul><li>1 sesi\u00f3n en aguas confinadas<\/li><li>4 inmersiones de entrenamiento<\/li><li>Alquiler de equipo<\/li><li>Materiales de aprendizaje digitales<\/li><li>Certificaci\u00f3n de buceo SSI Extended Range Nitrox<\/li><\/ul><h3>No incluye:<\/h3><ul><li>Seguro de buceo<\/li><\/ul><h3>Requisitos:<\/h3><ul><li>M\u00ednimo 18 a\u00f1os<\/li><li>M\u00ednimo 24 inmersiones registradas<\/li><li>Tener las certificaciones de SSI Deep Diving y Enriched Air Nitrox o equivalente<\/li><li>Certificaci\u00f3n m\u00e9dica v\u00e1lida del \u00faltimo a\u00f1o (no se acepta la autocertificaci\u00f3n)<\/li><\/ul><h3>Otros cursos que pueden interesarte:<\/h3><ul><li><a href=\"https:\/\/calerodiving.com\/es\/rango-extendido\/\">Rango extendido<\/a><\/li><li><a href=\"https:\/\/calerodiving.com\/dry-suit-diving\/\">Buceo con traje seco<\/a><\/li><\/ul><\/div>\t\t\t\t\t\t\t\t<\/div>\n\t\t\t\t<\/div>\n\t\t\t\t<\/div>\n\t\t\t\t<\/div>\n\t\t<div class=\"elementor-element elementor-element-780c0ef e-con-full e-flex e-con e-child\" data-id=\"780c0ef\" data-element_type=\"container\" data-e-type=\"container\">\n\t\t<div class=\"elementor-element elementor-element-b8ecb3c e-con-full course-sidebar-box e-flex e-con e-child\" data-id=\"b8ecb3c\" data-element_type=\"container\" data-e-type=\"container\" data-settings=\"{&quot;sticky&quot;:&quot;top&quot;,&quot;sticky_offset&quot;:110,&quot;sticky_effects_offset&quot;:130,&quot;sticky_parent&quot;:&quot;yes&quot;,&quot;sticky_on&quot;:[&quot;desktop&quot;,&quot;tablet&quot;,&quot;mobile&quot;],&quot;sticky_anchor_link_offset&quot;:0}\">\n\t\t\t\t<div class=\"elementor-element elementor-element-e6f29a4 elementor-widget elementor-widget-text-editor\" data-id=\"e6f29a4\" data-element_type=\"widget\" data-e-type=\"widget\" data-widget_type=\"text-editor.default\">\n\t\t\t\t<div class=\"elementor-widget-container\">\n\t\t\t\t\t\t\t\t\t<div class=\"courses-info\"><h6 class=\"no-margin\">Duraci\u00f3n:<\/h6><p class=\"no-margin\">Curso de 2 d\u00edas<\/p><\/div><div class=\"courses-info\"><h6 class=\"no-margin\">Precio:<\/h6><p class=\"no-margin\">Desde 450 \u20ac<\/p><\/div>\t\t\t\t\t\t\t\t<\/div>\n\t\t\t\t<\/div>\n\t\t\t\t<div class=\"elementor-element elementor-element-3f5fb0c elementor-mobile-align-center elementor-widget elementor-widget-button\" data-id=\"3f5fb0c\" data-element_type=\"widget\" data-e-type=\"widget\" data-widget_type=\"button.default\">\n\t\t\t\t<div class=\"elementor-widget-container\">\n\t\t\t\t\t\t\t\t\t<div class=\"elementor-button-wrapper\">\n\t\t\t\t\t<a class=\"elementor-button elementor-button-link elementor-size-sm\" href=\"https:\/\/app.bukyapp.com\/front\/6213b2319a1bbf005fa0b870\/product\/6260431c639c1f2053f25f33?lang=en\" target=\"_blank\">\n\t\t\t\t\t\t<span class=\"elementor-button-content-wrapper\">\n\t\t\t\t\t\t\t\t\t<span class=\"elementor-button-text\">Comprar curso<\/span>\n\t\t\t\t\t<\/span>\n\t\t\t\t\t<\/a>\n\t\t\t\t<\/div>\n\t\t\t\t\t\t\t\t<\/div>\n\t\t\t\t<\/div>\n\t\t\t\t<\/div>\n\t\t\t\t<\/div>\n\t\t\t\t\t<\/div>\n\t\t\t\t<\/div>\n\t\t\t\t<\/div>\n\t\t","protected":false},"excerpt":{"rendered":"<p>T\u00e9cnico Buceo extended range con nitrox Tu introducci\u00f3n a la descompresi\u00f3n limitada Descripci\u00f3n general del programa: Este programa proporciona una introducci\u00f3n completa a los conceptos, t\u00e9cnicas y procedimientos necesarios para el buceo con descompresi\u00f3n con Nitrox. Dise\u00f1ado como un programa independiente o como un trampol\u00edn para convertirse en buceador Extended Range Trimix, este programa de [&hellip;]<\/p>\n","protected":false},"author":10,"featured_media":0,"parent":0,"menu_order":0,"comment_status":"closed","ping_status":"closed","template":"","meta":{"_acf_changed":false,"footnotes":""},"class_list":["post-24727","page","type-page","status-publish","hentry"],"acf":[],"yoast_head":"<!-- This site is optimized with the Yoast SEO plugin v27.5 - https:\/\/yoast.com\/product\/yoast-seo-wordpress\/ -->\n<title>Buceo extended range con nitrox | Calero Diving Lanzarote<\/title>\n<meta name=\"robots\" content=\"index, follow, max-snippet:-1, max-image-preview:large, max-video-preview:-1\" \/>\n<link rel=\"canonical\" href=\"https:\/\/calerodiving.com\/extended-range-nitrox-diving\/\" \/>\n<meta property=\"og:locale\" content=\"es_ES\" \/>\n<meta property=\"og:type\" content=\"article\" \/>\n<meta property=\"og:title\" content=\"Buceo extended range con nitrox | Calero Diving Lanzarote\" \/>\n<meta property=\"og:description\" content=\"T\u00e9cnico Buceo extended range con nitrox Tu introducci\u00f3n a la descompresi\u00f3n limitada Descripci\u00f3n general del programa: Este programa proporciona una introducci\u00f3n completa a los conceptos, t\u00e9cnicas y procedimientos necesarios para el buceo con descompresi\u00f3n con Nitrox. Dise\u00f1ado como un programa independiente o como un trampol\u00edn para convertirse en buceador Extended Range Trimix, este programa de [&hellip;]\" \/>\n<meta property=\"og:url\" content=\"https:\/\/calerodiving.com\/extended-range-nitrox-diving\/\" \/>\n<meta property=\"og:site_name\" content=\"Calero Diving Lanzarote\" \/>\n<meta property=\"article:publisher\" content=\"https:\/\/www.facebook.com\/calerodiving\/\" \/>\n<meta property=\"article:modified_time\" content=\"2025-09-08T10:46:40+00:00\" \/>\n<meta property=\"og:image\" content=\"https:\/\/calerodiving.com\/wp-content\/uploads\/2017\/10\/extended-range-nitrox.jpg\" \/>\n\t<meta property=\"og:image:width\" content=\"350\" \/>\n\t<meta property=\"og:image:height\" content=\"222\" \/>\n\t<meta property=\"og:image:type\" content=\"image\/jpeg\" \/>\n<meta name=\"twitter:card\" content=\"summary_large_image\" \/>\n<meta name=\"twitter:label1\" content=\"Tiempo de lectura\" \/>\n\t<meta name=\"twitter:data1\" content=\"2 minutos\" \/>\n<script type=\"application\/ld+json\" class=\"yoast-schema-graph\">{\"@context\":\"https:\\\/\\\/schema.org\",\"@graph\":[{\"@type\":\"WebPage\",\"@id\":\"https:\\\/\\\/calerodiving.com\\\/extended-range-nitrox-diving\\\/\",\"url\":\"https:\\\/\\\/calerodiving.com\\\/extended-range-nitrox-diving\\\/\",\"name\":\"Buceo extended range con nitrox | Calero Diving Lanzarote\",\"isPartOf\":{\"@id\":\"https:\\\/\\\/calerodiving.com\\\/#website\"},\"primaryImageOfPage\":{\"@id\":\"https:\\\/\\\/calerodiving.com\\\/extended-range-nitrox-diving\\\/#primaryimage\"},\"image\":{\"@id\":\"https:\\\/\\\/calerodiving.com\\\/extended-range-nitrox-diving\\\/#primaryimage\"},\"thumbnailUrl\":\"https:\\\/\\\/calerodiving.com\\\/wp-content\\\/uploads\\\/2017\\\/10\\\/extended-range-nitrox.jpg\",\"datePublished\":\"2025-08-27T08:01:52+00:00\",\"dateModified\":\"2025-09-08T10:46:40+00:00\",\"breadcrumb\":{\"@id\":\"https:\\\/\\\/calerodiving.com\\\/extended-range-nitrox-diving\\\/#breadcrumb\"},\"inLanguage\":\"es\",\"potentialAction\":[{\"@type\":\"ReadAction\",\"target\":[\"https:\\\/\\\/calerodiving.com\\\/extended-range-nitrox-diving\\\/\"]}]},{\"@type\":\"ImageObject\",\"inLanguage\":\"es\",\"@id\":\"https:\\\/\\\/calerodiving.com\\\/extended-range-nitrox-diving\\\/#primaryimage\",\"url\":\"https:\\\/\\\/calerodiving.com\\\/wp-content\\\/uploads\\\/2017\\\/10\\\/extended-range-nitrox.jpg\",\"contentUrl\":\"https:\\\/\\\/calerodiving.com\\\/wp-content\\\/uploads\\\/2017\\\/10\\\/extended-range-nitrox.jpg\"},{\"@type\":\"BreadcrumbList\",\"@id\":\"https:\\\/\\\/calerodiving.com\\\/extended-range-nitrox-diving\\\/#breadcrumb\",\"itemListElement\":[{\"@type\":\"ListItem\",\"position\":1,\"name\":\"Home\",\"item\":\"https:\\\/\\\/calerodiving.com\\\/es\\\/\"},{\"@type\":\"ListItem\",\"position\":2,\"name\":\"Buceo extended range con nitrox\"}]},{\"@type\":\"WebSite\",\"@id\":\"https:\\\/\\\/calerodiving.com\\\/#website\",\"url\":\"https:\\\/\\\/calerodiving.com\\\/\",\"name\":\"Calero Diving Lanzarote\",\"description\":\"Diving Center Lanzarote\",\"publisher\":{\"@id\":\"https:\\\/\\\/calerodiving.com\\\/#organization\"},\"alternateName\":\"Calero Diving\",\"potentialAction\":[{\"@type\":\"SearchAction\",\"target\":{\"@type\":\"EntryPoint\",\"urlTemplate\":\"https:\\\/\\\/calerodiving.com\\\/?s={search_term_string}\"},\"query-input\":{\"@type\":\"PropertyValueSpecification\",\"valueRequired\":true,\"valueName\":\"search_term_string\"}}],\"inLanguage\":\"es\"},{\"@type\":\"Organization\",\"@id\":\"https:\\\/\\\/calerodiving.com\\\/#organization\",\"name\":\"Calero Diving Lanzarote\",\"alternateName\":\"Calero Diving\",\"url\":\"https:\\\/\\\/calerodiving.com\\\/\",\"logo\":{\"@type\":\"ImageObject\",\"inLanguage\":\"es\",\"@id\":\"https:\\\/\\\/calerodiving.com\\\/#\\\/schema\\\/logo\\\/image\\\/\",\"url\":\"https:\\\/\\\/calerodiving.com\\\/wp-content\\\/uploads\\\/2025\\\/05\\\/Grupo.png\",\"contentUrl\":\"https:\\\/\\\/calerodiving.com\\\/wp-content\\\/uploads\\\/2025\\\/05\\\/Grupo.png\",\"width\":499,\"height\":590,\"caption\":\"Calero Diving Lanzarote\"},\"image\":{\"@id\":\"https:\\\/\\\/calerodiving.com\\\/#\\\/schema\\\/logo\\\/image\\\/\"},\"sameAs\":[\"https:\\\/\\\/www.facebook.com\\\/calerodiving\\\/\",\"https:\\\/\\\/www.instagram.com\\\/calerodiving\\\/\"]}]}<\/script>\n<!-- \/ Yoast SEO plugin. -->","yoast_head_json":{"title":"Buceo extended range con nitrox | Calero Diving Lanzarote","robots":{"index":"index","follow":"follow","max-snippet":"max-snippet:-1","max-image-preview":"max-image-preview:large","max-video-preview":"max-video-preview:-1"},"canonical":"https:\/\/calerodiving.com\/extended-range-nitrox-diving\/","og_locale":"es_ES","og_type":"article","og_title":"Buceo extended range con nitrox | Calero Diving Lanzarote","og_description":"T\u00e9cnico Buceo extended range con nitrox Tu introducci\u00f3n a la descompresi\u00f3n limitada Descripci\u00f3n general del programa: Este programa proporciona una introducci\u00f3n completa a los conceptos, t\u00e9cnicas y procedimientos necesarios para el buceo con descompresi\u00f3n con Nitrox. Dise\u00f1ado como un programa independiente o como un trampol\u00edn para convertirse en buceador Extended Range Trimix, este programa de [&hellip;]","og_url":"https:\/\/calerodiving.com\/extended-range-nitrox-diving\/","og_site_name":"Calero Diving Lanzarote","article_publisher":"https:\/\/www.facebook.com\/calerodiving\/","article_modified_time":"2025-09-08T10:46:40+00:00","og_image":[{"width":350,"height":222,"url":"https:\/\/calerodiving.com\/wp-content\/uploads\/2017\/10\/extended-range-nitrox.jpg","type":"image\/jpeg"}],"twitter_card":"summary_large_image","twitter_misc":{"Tiempo de lectura":"2 minutos"},"schema":{"@context":"https:\/\/schema.org","@graph":[{"@type":"WebPage","@id":"https:\/\/calerodiving.com\/extended-range-nitrox-diving\/","url":"https:\/\/calerodiving.com\/extended-range-nitrox-diving\/","name":"Buceo extended range con nitrox | Calero Diving Lanzarote","isPartOf":{"@id":"https:\/\/calerodiving.com\/#website"},"primaryImageOfPage":{"@id":"https:\/\/calerodiving.com\/extended-range-nitrox-diving\/#primaryimage"},"image":{"@id":"https:\/\/calerodiving.com\/extended-range-nitrox-diving\/#primaryimage"},"thumbnailUrl":"https:\/\/calerodiving.com\/wp-content\/uploads\/2017\/10\/extended-range-nitrox.jpg","datePublished":"2025-08-27T08:01:52+00:00","dateModified":"2025-09-08T10:46:40+00:00","breadcrumb":{"@id":"https:\/\/calerodiving.com\/extended-range-nitrox-diving\/#breadcrumb"},"inLanguage":"es","potentialAction":[{"@type":"ReadAction","target":["https:\/\/calerodiving.com\/extended-range-nitrox-diving\/"]}]},{"@type":"ImageObject","inLanguage":"es","@id":"https:\/\/calerodiving.com\/extended-range-nitrox-diving\/#primaryimage","url":"https:\/\/calerodiving.com\/wp-content\/uploads\/2017\/10\/extended-range-nitrox.jpg","contentUrl":"https:\/\/calerodiving.com\/wp-content\/uploads\/2017\/10\/extended-range-nitrox.jpg"},{"@type":"BreadcrumbList","@id":"https:\/\/calerodiving.com\/extended-range-nitrox-diving\/#breadcrumb","itemListElement":[{"@type":"ListItem","position":1,"name":"Home","item":"https:\/\/calerodiving.com\/es\/"},{"@type":"ListItem","position":2,"name":"Buceo extended range con nitrox"}]},{"@type":"WebSite","@id":"https:\/\/calerodiving.com\/#website","url":"https:\/\/calerodiving.com\/","name":"Calero Diving Lanzarote","description":"Diving Center Lanzarote","publisher":{"@id":"https:\/\/calerodiving.com\/#organization"},"alternateName":"Calero Diving","potentialAction":[{"@type":"SearchAction","target":{"@type":"EntryPoint","urlTemplate":"https:\/\/calerodiving.com\/?s={search_term_string}"},"query-input":{"@type":"PropertyValueSpecification","valueRequired":true,"valueName":"search_term_string"}}],"inLanguage":"es"},{"@type":"Organization","@id":"https:\/\/calerodiving.com\/#organization","name":"Calero Diving Lanzarote","alternateName":"Calero Diving","url":"https:\/\/calerodiving.com\/","logo":{"@type":"ImageObject","inLanguage":"es","@id":"https:\/\/calerodiving.com\/#\/schema\/logo\/image\/","url":"https:\/\/calerodiving.com\/wp-content\/uploads\/2025\/05\/Grupo.png","contentUrl":"https:\/\/calerodiving.com\/wp-content\/uploads\/2025\/05\/Grupo.png","width":499,"height":590,"caption":"Calero Diving Lanzarote"},"image":{"@id":"https:\/\/calerodiving.com\/#\/schema\/logo\/image\/"},"sameAs":["https:\/\/www.facebook.com\/calerodiving\/","https:\/\/www.instagram.com\/calerodiving\/"]}]}},"_links":{"self":[{"href":"https:\/\/calerodiving.com\/es\/wp-json\/wp\/v2\/pages\/24727","targetHints":{"allow":["GET"]}}],"collection":[{"href":"https:\/\/calerodiving.com\/es\/wp-json\/wp\/v2\/pages"}],"about":[{"href":"https:\/\/calerodiving.com\/es\/wp-json\/wp\/v2\/types\/page"}],"author":[{"embeddable":true,"href":"https:\/\/calerodiving.com\/es\/wp-json\/wp\/v2\/users\/10"}],"replies":[{"embeddable":true,"href":"https:\/\/calerodiving.com\/es\/wp-json\/wp\/v2\/comments?post=24727"}],"version-history":[{"count":4,"href":"https:\/\/calerodiving.com\/es\/wp-json\/wp\/v2\/pages\/24727\/revisions"}],"predecessor-version":[{"id":25519,"href":"https:\/\/calerodiving.com\/es\/wp-json\/wp\/v2\/pages\/24727\/revisions\/25519"}],"wp:attachment":[{"href":"https:\/\/calerodiving.com\/es\/wp-json\/wp\/v2\/media?parent=24727"}],"curies":[{"name":"wp","href":"https:\/\/api.w.org\/{rel}","templated":true}]}}