{"id":24726,"date":"2025-08-27T09:01:51","date_gmt":"2025-08-27T08:01:51","guid":{"rendered":"https:\/\/calerodiving.com\/busqueda-y-recuperacion\/"},"modified":"2026-04-23T17:08:59","modified_gmt":"2026-04-23T16:08:59","slug":"busqueda-y-recuperacion","status":"publish","type":"page","link":"https:\/\/calerodiving.com\/es\/busqueda-y-recuperacion\/","title":{"rendered":"B\u00fasqueda y recuperaci\u00f3n"},"content":{"rendered":"\t\t<div data-elementor-type=\"wp-page\" data-elementor-id=\"24726\" class=\"elementor elementor-24726 elementor-20652\" data-elementor-post-type=\"page\">\n\t\t\t\t<div class=\"elementor-element elementor-element-6e24780 e-flex e-con-boxed e-con e-parent\" data-id=\"6e24780\" data-element_type=\"container\" data-e-type=\"container\">\n\t\t\t\t\t<div class=\"e-con-inner\">\n\t\t<div class=\"elementor-element elementor-element-abb3f8c e-con-full e-flex e-con e-child\" data-id=\"abb3f8c\" data-element_type=\"container\" data-e-type=\"container\">\n\t\t\t\t<div class=\"elementor-element elementor-element-24ceadc elementor-widget elementor-widget-image\" data-id=\"24ceadc\" data-element_type=\"widget\" data-e-type=\"widget\" data-widget_type=\"image.default\">\n\t\t\t\t<div class=\"elementor-widget-container\">\n\t\t\t\t\t\t\t\t\t\t\t\t\t\t\t<img fetchpriority=\"high\" decoding=\"async\" width=\"598\" height=\"380\" src=\"https:\/\/calerodiving.com\/wp-content\/uploads\/2017\/10\/search-recovery.jpg\" class=\"attachment-large size-large wp-image-1980\" alt=\"\" srcset=\"https:\/\/calerodiving.com\/wp-content\/uploads\/2017\/10\/search-recovery.jpg 598w, https:\/\/calerodiving.com\/wp-content\/uploads\/2017\/10\/search-recovery-300x191.jpg 300w, https:\/\/calerodiving.com\/wp-content\/uploads\/2017\/10\/search-recovery-450x286.jpg 450w\" sizes=\"(max-width: 598px) 100vw, 598px\" \/>\t\t\t\t\t\t\t\t\t\t\t\t\t\t\t<\/div>\n\t\t\t\t<\/div>\n\t\t\t\t<\/div>\n\t\t<div class=\"elementor-element elementor-element-52e269b e-con-full e-flex e-con e-child\" data-id=\"52e269b\" data-element_type=\"container\" data-e-type=\"container\">\n\t\t<div class=\"elementor-element elementor-element-4c57187 e-con-full e-flex e-con e-child\" data-id=\"4c57187\" data-element_type=\"container\" data-e-type=\"container\">\n\t\t\t\t<div class=\"elementor-element elementor-element-d20e34e elementor-widget elementor-widget-html\" data-id=\"d20e34e\" data-element_type=\"widget\" data-e-type=\"widget\" data-widget_type=\"html.default\">\n\t\t\t\t<div class=\"elementor-widget-container\">\n\t\t\t\t\t<a href=\"https:\/\/calerodiving.com\/es\/?page_id=24212#specialties\" class=\"tag-button\">Especialidades<\/a>\n\t\t\t\t<\/div>\n\t\t\t\t<\/div>\n\t\t\t\t<div class=\"elementor-element elementor-element-00f498b elementor-widget elementor-widget-heading\" data-id=\"00f498b\" data-element_type=\"widget\" data-e-type=\"widget\" data-widget_type=\"heading.default\">\n\t\t\t\t<div class=\"elementor-widget-container\">\n\t\t\t\t\t<h2 class=\"elementor-heading-title elementor-size-default\">Search and Recovery<\/h2>\t\t\t\t<\/div>\n\t\t\t\t<\/div>\n\t\t\t\t<\/div>\n\t\t\t\t<\/div>\n\t\t\t\t\t<\/div>\n\t\t\t\t<\/div>\n\t\t<div class=\"elementor-element elementor-element-1c0096c e-flex e-con-boxed e-con e-parent\" data-id=\"1c0096c\" data-element_type=\"container\" data-e-type=\"container\">\n\t\t\t\t\t<div class=\"e-con-inner\">\n\t\t<div class=\"elementor-element elementor-element-f8f3533 e-con-full e-flex e-con e-child\" data-id=\"f8f3533\" data-element_type=\"container\" data-e-type=\"container\">\n\t\t<div class=\"elementor-element elementor-element-037935c e-con-full e-flex e-con e-child\" data-id=\"037935c\" data-element_type=\"container\" data-e-type=\"container\">\n\t\t\t\t<div class=\"elementor-element elementor-element-f5bf8a1 elementor-widget elementor-widget-heading\" data-id=\"f5bf8a1\" data-element_type=\"widget\" data-e-type=\"widget\" data-widget_type=\"heading.default\">\n\t\t\t\t<div class=\"elementor-widget-container\">\n\t\t\t\t\t<h2 class=\"elementor-heading-title elementor-size-default\">\u00a1Maldita sea, he perdido mi linterna!\n<\/h2>\t\t\t\t<\/div>\n\t\t\t\t<\/div>\n\t\t\t\t<div class=\"elementor-element elementor-element-176505c elementor-widget elementor-widget-text-editor\" data-id=\"176505c\" data-element_type=\"widget\" data-e-type=\"widget\" data-widget_type=\"text-editor.default\">\n\t\t\t\t<div class=\"elementor-widget-container\">\n\t\t\t\t\t\t\t\t\t<div class=\"section-list\">\n<h3>Descripci\u00f3n del programa:<\/h3>\nLa p\u00e9rdida de equipo o la b\u00fasqueda de objetos submarinos son situaciones comunes entre los buceadores. Con el curso de especialidad de B\u00fasqueda y Recuperaci\u00f3n de SSI, aprender\u00e1s los protocolos y patrones de b\u00fasqueda necesarios para localizar objetos perdidos o desconocidos.<br><br>\n\nDesde la introducci\u00f3n de patrones de b\u00fasqueda hasta el escaneo del fondo, este curso te ense\u00f1ar\u00e1 las habilidades necesarias para llevar a cabo una b\u00fasqueda eficaz en funci\u00f3n de las condiciones del terreno y el objeto que se busca. Adem\u00e1s, aprender\u00e1s a utilizar herramientas como boyas para recuperar objetos pesados que no puedes levantar manualmente.\n\n<h3>Est\u00e1ndares de formaci\u00f3n<\/h3>\n<ul>\n  <li>Duraci\u00f3n: 2 d\u00edas<\/li>\n  <li>Aguas confinadas: 1 sesi\u00f3n<\/li>\n  <li>Inmersiones en aguas abiertas: 2<\/li>\n<\/ul>\n\n<h3>Incluye<\/h3>\n<ul>\n  <li>1 sesi\u00f3n en aguas confinadas, 2 inmersiones en aguas abiertas, materiales digitales y certificaci\u00f3n SSI Search and Recovery<\/li>\n<\/ul>\n\n<h3>Requisitos<\/h3>\n<ul>\n  <li>M\u00ednimo 12 a\u00f1os<\/li>\n  <li>Certificaci\u00f3n SSI Open Water Diver o equivalente<\/li>\n<\/ul>\n\n<h3>No incluido<\/h3>\n<ul>\n  <li>alquiler de equipo<\/li>\n  <li>seguro de buceo<\/li>\n<\/ul>\n\n<h3>Otros cursos que pueden interesarte<\/h3>\n<ul>\n  <li>Buceo con scooter \/ DPV<\/li>\n  <li>Buceo con traje seco<\/li>\n  <li>Aire enriquecido Nitrox<\/li>\n<\/ul>\n<\/div>\t\t\t\t\t\t\t\t<\/div>\n\t\t\t\t<\/div>\n\t\t\t\t<\/div>\n\t\t\t\t<\/div>\n\t\t<div class=\"elementor-element elementor-element-27b4a38 e-con-full e-flex e-con e-child\" data-id=\"27b4a38\" data-element_type=\"container\" data-e-type=\"container\">\n\t\t<div class=\"elementor-element elementor-element-30b97c0 e-con-full course-sidebar-box e-flex e-con e-child\" data-id=\"30b97c0\" data-element_type=\"container\" data-e-type=\"container\" data-settings=\"{&quot;sticky&quot;:&quot;top&quot;,&quot;sticky_offset&quot;:110,&quot;sticky_effects_offset&quot;:130,&quot;sticky_parent&quot;:&quot;yes&quot;,&quot;sticky_on&quot;:[&quot;desktop&quot;,&quot;tablet&quot;,&quot;mobile&quot;],&quot;sticky_anchor_link_offset&quot;:0}\">\n\t\t\t\t<div class=\"elementor-element elementor-element-8d37f2a elementor-widget elementor-widget-text-editor\" data-id=\"8d37f2a\" data-element_type=\"widget\" data-e-type=\"widget\" data-widget_type=\"text-editor.default\">\n\t\t\t\t<div class=\"elementor-widget-container\">\n\t\t\t\t\t\t\t\t\t<div class=\"courses-info\"><h6 class=\"no-margin\">Duraci\u00f3n:<\/h6><p class=\"no-margin\">2 d\u00edas<\/p><\/div><div class=\"courses-info\"><h6 class=\"no-margin\">Precio:<\/h6><p class=\"no-margin\">Desde 275 \u20ac<\/p><\/div>\t\t\t\t\t\t\t\t<\/div>\n\t\t\t\t<\/div>\n\t\t\t\t<div class=\"elementor-element elementor-element-957295c elementor-mobile-align-center elementor-widget elementor-widget-button\" data-id=\"957295c\" data-element_type=\"widget\" data-e-type=\"widget\" data-widget_type=\"button.default\">\n\t\t\t\t<div class=\"elementor-widget-container\">\n\t\t\t\t\t\t\t\t\t<div class=\"elementor-button-wrapper\">\n\t\t\t\t\t<a class=\"elementor-button elementor-button-link elementor-size-sm\" href=\"https:\/\/bukyapp.com\/booking?mode=pack&#038;product=62222db54db01a005f511a31&#038;lang=en&#038;_gl=1*3isgjm*_ga*ODU1MDM5OTIuMTc0MTE5MTcyMQ..*_ga_4WWMT2EY3C*czE3NTI0ODk3MzckbzY0JGcxJHQxNzUyNDkwNzk2JGo2MCRsMCRoMA..\" target=\"_blank\">\n\t\t\t\t\t\t<span class=\"elementor-button-content-wrapper\">\n\t\t\t\t\t\t\t\t\t<span class=\"elementor-button-text\">Reservar curso<\/span>\n\t\t\t\t\t<\/span>\n\t\t\t\t\t<\/a>\n\t\t\t\t<\/div>\n\t\t\t\t\t\t\t\t<\/div>\n\t\t\t\t<\/div>\n\t\t\t\t<\/div>\n\t\t\t\t<\/div>\n\t\t\t\t\t<\/div>\n\t\t\t\t<\/div>\n\t\t\t\t<\/div>\n\t\t","protected":false},"excerpt":{"rendered":"<p>Especialidades Search and Recovery \u00a1Maldita sea, he perdido mi linterna! Descripci\u00f3n del programa: La p\u00e9rdida de equipo o la b\u00fasqueda de objetos submarinos son situaciones comunes entre los buceadores. Con el curso de especialidad de B\u00fasqueda y Recuperaci\u00f3n de SSI, aprender\u00e1s los protocolos y patrones de b\u00fasqueda necesarios para localizar objetos perdidos o desconocidos. Desde [&hellip;]<\/p>\n","protected":false},"author":10,"featured_media":0,"parent":0,"menu_order":0,"comment_status":"closed","ping_status":"closed","template":"","meta":{"_acf_changed":false,"footnotes":""},"class_list":["post-24726","page","type-page","status-publish","hentry"],"acf":[],"yoast_head":"<!-- This site is optimized with the Yoast SEO plugin v27.5 - https:\/\/yoast.com\/product\/yoast-seo-wordpress\/ -->\n<title>B\u00fasqueda y recuperaci\u00f3n | Calero Diving Lanzarote<\/title>\n<meta name=\"robots\" content=\"index, follow, max-snippet:-1, max-image-preview:large, max-video-preview:-1\" \/>\n<link rel=\"canonical\" href=\"https:\/\/calerodiving.com\/es\/busqueda-y-recuperacion\/\" \/>\n<meta property=\"og:locale\" content=\"es_ES\" \/>\n<meta property=\"og:type\" content=\"article\" \/>\n<meta property=\"og:title\" content=\"B\u00fasqueda y recuperaci\u00f3n | Calero Diving Lanzarote\" \/>\n<meta property=\"og:description\" content=\"Especialidades Search and Recovery \u00a1Maldita sea, he perdido mi linterna! Descripci\u00f3n del programa: La p\u00e9rdida de equipo o la b\u00fasqueda de objetos submarinos son situaciones comunes entre los buceadores. Con el curso de especialidad de B\u00fasqueda y Recuperaci\u00f3n de SSI, aprender\u00e1s los protocolos y patrones de b\u00fasqueda necesarios para localizar objetos perdidos o desconocidos. Desde [&hellip;]\" \/>\n<meta property=\"og:url\" content=\"https:\/\/calerodiving.com\/es\/busqueda-y-recuperacion\/\" \/>\n<meta property=\"og:site_name\" content=\"Calero Diving Lanzarote\" \/>\n<meta property=\"article:publisher\" content=\"https:\/\/www.facebook.com\/calerodiving\/\" \/>\n<meta property=\"article:modified_time\" content=\"2026-04-23T16:08:59+00:00\" \/>\n<meta property=\"og:image\" content=\"https:\/\/calerodiving.com\/wp-content\/uploads\/2017\/10\/search-recovery.jpg\" \/>\n\t<meta property=\"og:image:width\" content=\"598\" \/>\n\t<meta property=\"og:image:height\" content=\"380\" \/>\n\t<meta property=\"og:image:type\" content=\"image\/jpeg\" \/>\n<meta name=\"twitter:card\" content=\"summary_large_image\" \/>\n<meta name=\"twitter:label1\" content=\"Tiempo de lectura\" \/>\n\t<meta name=\"twitter:data1\" content=\"2 minutos\" \/>\n<script type=\"application\/ld+json\" class=\"yoast-schema-graph\">{\"@context\":\"https:\\\/\\\/schema.org\",\"@graph\":[{\"@type\":\"WebPage\",\"@id\":\"https:\\\/\\\/calerodiving.com\\\/es\\\/busqueda-y-recuperacion\\\/\",\"url\":\"https:\\\/\\\/calerodiving.com\\\/es\\\/busqueda-y-recuperacion\\\/\",\"name\":\"B\u00fasqueda y recuperaci\u00f3n | Calero Diving Lanzarote\",\"isPartOf\":{\"@id\":\"https:\\\/\\\/calerodiving.com\\\/#website\"},\"primaryImageOfPage\":{\"@id\":\"https:\\\/\\\/calerodiving.com\\\/es\\\/busqueda-y-recuperacion\\\/#primaryimage\"},\"image\":{\"@id\":\"https:\\\/\\\/calerodiving.com\\\/es\\\/busqueda-y-recuperacion\\\/#primaryimage\"},\"thumbnailUrl\":\"https:\\\/\\\/calerodiving.com\\\/wp-content\\\/uploads\\\/2017\\\/10\\\/search-recovery.jpg\",\"datePublished\":\"2025-08-27T08:01:51+00:00\",\"dateModified\":\"2026-04-23T16:08:59+00:00\",\"breadcrumb\":{\"@id\":\"https:\\\/\\\/calerodiving.com\\\/es\\\/busqueda-y-recuperacion\\\/#breadcrumb\"},\"inLanguage\":\"es\",\"potentialAction\":[{\"@type\":\"ReadAction\",\"target\":[\"https:\\\/\\\/calerodiving.com\\\/es\\\/busqueda-y-recuperacion\\\/\"]}]},{\"@type\":\"ImageObject\",\"inLanguage\":\"es\",\"@id\":\"https:\\\/\\\/calerodiving.com\\\/es\\\/busqueda-y-recuperacion\\\/#primaryimage\",\"url\":\"https:\\\/\\\/calerodiving.com\\\/wp-content\\\/uploads\\\/2017\\\/10\\\/search-recovery.jpg\",\"contentUrl\":\"https:\\\/\\\/calerodiving.com\\\/wp-content\\\/uploads\\\/2017\\\/10\\\/search-recovery.jpg\"},{\"@type\":\"BreadcrumbList\",\"@id\":\"https:\\\/\\\/calerodiving.com\\\/es\\\/busqueda-y-recuperacion\\\/#breadcrumb\",\"itemListElement\":[{\"@type\":\"ListItem\",\"position\":1,\"name\":\"Home\",\"item\":\"https:\\\/\\\/calerodiving.com\\\/es\\\/\"},{\"@type\":\"ListItem\",\"position\":2,\"name\":\"B\u00fasqueda y recuperaci\u00f3n\"}]},{\"@type\":\"WebSite\",\"@id\":\"https:\\\/\\\/calerodiving.com\\\/#website\",\"url\":\"https:\\\/\\\/calerodiving.com\\\/\",\"name\":\"Calero Diving Lanzarote\",\"description\":\"Diving Center Lanzarote\",\"publisher\":{\"@id\":\"https:\\\/\\\/calerodiving.com\\\/#organization\"},\"alternateName\":\"Calero Diving\",\"potentialAction\":[{\"@type\":\"SearchAction\",\"target\":{\"@type\":\"EntryPoint\",\"urlTemplate\":\"https:\\\/\\\/calerodiving.com\\\/?s={search_term_string}\"},\"query-input\":{\"@type\":\"PropertyValueSpecification\",\"valueRequired\":true,\"valueName\":\"search_term_string\"}}],\"inLanguage\":\"es\"},{\"@type\":\"Organization\",\"@id\":\"https:\\\/\\\/calerodiving.com\\\/#organization\",\"name\":\"Calero Diving Lanzarote\",\"alternateName\":\"Calero Diving\",\"url\":\"https:\\\/\\\/calerodiving.com\\\/\",\"logo\":{\"@type\":\"ImageObject\",\"inLanguage\":\"es\",\"@id\":\"https:\\\/\\\/calerodiving.com\\\/#\\\/schema\\\/logo\\\/image\\\/\",\"url\":\"https:\\\/\\\/calerodiving.com\\\/wp-content\\\/uploads\\\/2025\\\/05\\\/Grupo.png\",\"contentUrl\":\"https:\\\/\\\/calerodiving.com\\\/wp-content\\\/uploads\\\/2025\\\/05\\\/Grupo.png\",\"width\":499,\"height\":590,\"caption\":\"Calero Diving Lanzarote\"},\"image\":{\"@id\":\"https:\\\/\\\/calerodiving.com\\\/#\\\/schema\\\/logo\\\/image\\\/\"},\"sameAs\":[\"https:\\\/\\\/www.facebook.com\\\/calerodiving\\\/\",\"https:\\\/\\\/www.instagram.com\\\/calerodiving\\\/\"]}]}<\/script>\n<!-- \/ Yoast SEO plugin. -->","yoast_head_json":{"title":"B\u00fasqueda y recuperaci\u00f3n | Calero Diving Lanzarote","robots":{"index":"index","follow":"follow","max-snippet":"max-snippet:-1","max-image-preview":"max-image-preview:large","max-video-preview":"max-video-preview:-1"},"canonical":"https:\/\/calerodiving.com\/es\/busqueda-y-recuperacion\/","og_locale":"es_ES","og_type":"article","og_title":"B\u00fasqueda y recuperaci\u00f3n | Calero Diving Lanzarote","og_description":"Especialidades Search and Recovery \u00a1Maldita sea, he perdido mi linterna! Descripci\u00f3n del programa: La p\u00e9rdida de equipo o la b\u00fasqueda de objetos submarinos son situaciones comunes entre los buceadores. Con el curso de especialidad de B\u00fasqueda y Recuperaci\u00f3n de SSI, aprender\u00e1s los protocolos y patrones de b\u00fasqueda necesarios para localizar objetos perdidos o desconocidos. Desde [&hellip;]","og_url":"https:\/\/calerodiving.com\/es\/busqueda-y-recuperacion\/","og_site_name":"Calero Diving Lanzarote","article_publisher":"https:\/\/www.facebook.com\/calerodiving\/","article_modified_time":"2026-04-23T16:08:59+00:00","og_image":[{"width":598,"height":380,"url":"https:\/\/calerodiving.com\/wp-content\/uploads\/2017\/10\/search-recovery.jpg","type":"image\/jpeg"}],"twitter_card":"summary_large_image","twitter_misc":{"Tiempo de lectura":"2 minutos"},"schema":{"@context":"https:\/\/schema.org","@graph":[{"@type":"WebPage","@id":"https:\/\/calerodiving.com\/es\/busqueda-y-recuperacion\/","url":"https:\/\/calerodiving.com\/es\/busqueda-y-recuperacion\/","name":"B\u00fasqueda y recuperaci\u00f3n | Calero Diving Lanzarote","isPartOf":{"@id":"https:\/\/calerodiving.com\/#website"},"primaryImageOfPage":{"@id":"https:\/\/calerodiving.com\/es\/busqueda-y-recuperacion\/#primaryimage"},"image":{"@id":"https:\/\/calerodiving.com\/es\/busqueda-y-recuperacion\/#primaryimage"},"thumbnailUrl":"https:\/\/calerodiving.com\/wp-content\/uploads\/2017\/10\/search-recovery.jpg","datePublished":"2025-08-27T08:01:51+00:00","dateModified":"2026-04-23T16:08:59+00:00","breadcrumb":{"@id":"https:\/\/calerodiving.com\/es\/busqueda-y-recuperacion\/#breadcrumb"},"inLanguage":"es","potentialAction":[{"@type":"ReadAction","target":["https:\/\/calerodiving.com\/es\/busqueda-y-recuperacion\/"]}]},{"@type":"ImageObject","inLanguage":"es","@id":"https:\/\/calerodiving.com\/es\/busqueda-y-recuperacion\/#primaryimage","url":"https:\/\/calerodiving.com\/wp-content\/uploads\/2017\/10\/search-recovery.jpg","contentUrl":"https:\/\/calerodiving.com\/wp-content\/uploads\/2017\/10\/search-recovery.jpg"},{"@type":"BreadcrumbList","@id":"https:\/\/calerodiving.com\/es\/busqueda-y-recuperacion\/#breadcrumb","itemListElement":[{"@type":"ListItem","position":1,"name":"Home","item":"https:\/\/calerodiving.com\/es\/"},{"@type":"ListItem","position":2,"name":"B\u00fasqueda y recuperaci\u00f3n"}]},{"@type":"WebSite","@id":"https:\/\/calerodiving.com\/#website","url":"https:\/\/calerodiving.com\/","name":"Calero Diving Lanzarote","description":"Diving Center Lanzarote","publisher":{"@id":"https:\/\/calerodiving.com\/#organization"},"alternateName":"Calero Diving","potentialAction":[{"@type":"SearchAction","target":{"@type":"EntryPoint","urlTemplate":"https:\/\/calerodiving.com\/?s={search_term_string}"},"query-input":{"@type":"PropertyValueSpecification","valueRequired":true,"valueName":"search_term_string"}}],"inLanguage":"es"},{"@type":"Organization","@id":"https:\/\/calerodiving.com\/#organization","name":"Calero Diving Lanzarote","alternateName":"Calero Diving","url":"https:\/\/calerodiving.com\/","logo":{"@type":"ImageObject","inLanguage":"es","@id":"https:\/\/calerodiving.com\/#\/schema\/logo\/image\/","url":"https:\/\/calerodiving.com\/wp-content\/uploads\/2025\/05\/Grupo.png","contentUrl":"https:\/\/calerodiving.com\/wp-content\/uploads\/2025\/05\/Grupo.png","width":499,"height":590,"caption":"Calero Diving Lanzarote"},"image":{"@id":"https:\/\/calerodiving.com\/#\/schema\/logo\/image\/"},"sameAs":["https:\/\/www.facebook.com\/calerodiving\/","https:\/\/www.instagram.com\/calerodiving\/"]}]}},"_links":{"self":[{"href":"https:\/\/calerodiving.com\/es\/wp-json\/wp\/v2\/pages\/24726","targetHints":{"allow":["GET"]}}],"collection":[{"href":"https:\/\/calerodiving.com\/es\/wp-json\/wp\/v2\/pages"}],"about":[{"href":"https:\/\/calerodiving.com\/es\/wp-json\/wp\/v2\/types\/page"}],"author":[{"embeddable":true,"href":"https:\/\/calerodiving.com\/es\/wp-json\/wp\/v2\/users\/10"}],"replies":[{"embeddable":true,"href":"https:\/\/calerodiving.com\/es\/wp-json\/wp\/v2\/comments?post=24726"}],"version-history":[{"count":10,"href":"https:\/\/calerodiving.com\/es\/wp-json\/wp\/v2\/pages\/24726\/revisions"}],"predecessor-version":[{"id":29140,"href":"https:\/\/calerodiving.com\/es\/wp-json\/wp\/v2\/pages\/24726\/revisions\/29140"}],"wp:attachment":[{"href":"https:\/\/calerodiving.com\/es\/wp-json\/wp\/v2\/media?parent=24726"}],"curies":[{"name":"wp","href":"https:\/\/api.w.org\/{rel}","templated":true}]}}