{"id":24678,"date":"2025-08-27T08:51:27","date_gmt":"2025-08-27T07:51:27","guid":{"rendered":"https:\/\/calerodiving.com\/trimix-de-rango-extendido-ccr\/"},"modified":"2025-08-27T08:51:28","modified_gmt":"2025-08-27T07:51:28","slug":"trimix-de-rango-extendido-ccr","status":"publish","type":"page","link":"https:\/\/calerodiving.com\/es\/trimix-de-rango-extendido-ccr\/","title":{"rendered":"Trimix de rango extendido CCR"},"content":{"rendered":"\t\t<div data-elementor-type=\"wp-page\" data-elementor-id=\"24678\" class=\"elementor elementor-24678 elementor-21351\" data-elementor-post-type=\"page\">\n\t\t\t\t<div class=\"elementor-element elementor-element-b4a18b8 e-flex e-con-boxed e-con e-parent\" data-id=\"b4a18b8\" data-element_type=\"container\" data-e-type=\"container\">\n\t\t\t\t\t<div class=\"e-con-inner\">\n\t\t<div class=\"elementor-element elementor-element-dbd8b41 e-con-full e-flex e-con e-child\" data-id=\"dbd8b41\" data-element_type=\"container\" data-e-type=\"container\">\n\t\t\t\t<div class=\"elementor-element elementor-element-20d26a9 elementor-widget elementor-widget-image\" data-id=\"20d26a9\" data-element_type=\"widget\" data-e-type=\"widget\" data-widget_type=\"image.default\">\n\t\t\t\t<div class=\"elementor-widget-container\">\n\t\t\t\t\t\t\t\t\t\t\t\t\t\t\t<img fetchpriority=\"high\" decoding=\"async\" width=\"700\" height=\"445\" src=\"https:\/\/calerodiving.com\/wp-content\/uploads\/2025\/07\/imgi_39_CCR_Extended_Range_Trimix_Rubicon_Diving_center_Lanzarote_card_060fdcc940.webp\" class=\"attachment-large size-large wp-image-20430\" alt=\"\" srcset=\"https:\/\/calerodiving.com\/wp-content\/uploads\/2025\/07\/imgi_39_CCR_Extended_Range_Trimix_Rubicon_Diving_center_Lanzarote_card_060fdcc940.webp 700w, https:\/\/calerodiving.com\/wp-content\/uploads\/2025\/07\/imgi_39_CCR_Extended_Range_Trimix_Rubicon_Diving_center_Lanzarote_card_060fdcc940-300x191.webp 300w\" sizes=\"(max-width: 700px) 100vw, 700px\" \/>\t\t\t\t\t\t\t\t\t\t\t\t\t\t\t<\/div>\n\t\t\t\t<\/div>\n\t\t\t\t<\/div>\n\t\t<div class=\"elementor-element elementor-element-598a354 e-con-full e-flex e-con e-child\" data-id=\"598a354\" data-element_type=\"container\" data-e-type=\"container\">\n\t\t<div class=\"elementor-element elementor-element-fa25890 e-con-full e-flex e-con e-child\" data-id=\"fa25890\" data-element_type=\"container\" data-e-type=\"container\">\n\t\t\t\t<div class=\"elementor-element elementor-element-cf812c8 elementor-widget elementor-widget-html\" data-id=\"cf812c8\" data-element_type=\"widget\" data-e-type=\"widget\" data-widget_type=\"html.default\">\n\t\t\t\t<div class=\"elementor-widget-container\">\n\t\t\t\t\t<a href=\"https:\/\/calerodiving.com\/es\/?page_id=24527#ssi-closed\" class=\"tag-button\">T\u00e9cnico<\/a>\n\t\t\t\t<\/div>\n\t\t\t\t<\/div>\n\t\t\t\t<div class=\"elementor-element elementor-element-90a1bf9 elementor-widget elementor-widget-heading\" data-id=\"90a1bf9\" data-element_type=\"widget\" data-e-type=\"widget\" data-widget_type=\"heading.default\">\n\t\t\t\t<div class=\"elementor-widget-container\">\n\t\t\t\t\t<h2 class=\"elementor-heading-title elementor-size-default\">Trimix de rango extendido CCR<\/h2>\t\t\t\t<\/div>\n\t\t\t\t<\/div>\n\t\t\t\t<\/div>\n\t\t\t\t<\/div>\n\t\t\t\t\t<\/div>\n\t\t\t\t<\/div>\n\t\t<div class=\"elementor-element elementor-element-a99bd07 e-flex e-con-boxed e-con e-parent\" data-id=\"a99bd07\" data-element_type=\"container\" data-e-type=\"container\">\n\t\t\t\t\t<div class=\"e-con-inner\">\n\t\t<div class=\"elementor-element elementor-element-f3e35eb e-con-full e-flex e-con e-child\" data-id=\"f3e35eb\" data-element_type=\"container\" data-e-type=\"container\">\n\t\t<div class=\"elementor-element elementor-element-5cfc440 e-con-full e-flex e-con e-child\" data-id=\"5cfc440\" data-element_type=\"container\" data-e-type=\"container\">\n\t\t\t\t<div class=\"elementor-element elementor-element-94bd6e7 elementor-widget elementor-widget-heading\" data-id=\"94bd6e7\" data-element_type=\"widget\" data-e-type=\"widget\" data-widget_type=\"heading.default\">\n\t\t\t\t<div class=\"elementor-widget-container\">\n\t\t\t\t\t<h2 class=\"elementor-heading-title elementor-size-default\">Ampl\u00ede su rango de profundidad en un rebreather<\/h2>\t\t\t\t<\/div>\n\t\t\t\t<\/div>\n\t\t\t\t<div class=\"elementor-element elementor-element-a4a3f8d elementor-widget elementor-widget-text-editor\" data-id=\"a4a3f8d\" data-element_type=\"widget\" data-e-type=\"widget\" data-widget_type=\"text-editor.default\">\n\t\t\t\t<div class=\"elementor-widget-container\">\n\t\t\t\t\t\t\t\t\t<div class=\"section-list\">\n<h3>Descripci\u00f3n general del programa:<\/h3>\nEste programa proporciona la formaci\u00f3n que necesita para planificar y realizar de forma independiente inmersiones de descompresi\u00f3n con diluyente Trimix hasta una profundidad m\u00e1xima de 60 metros utilizando un rebreather de circuito cerrado y un m\u00ednimo de dos botellas de rescate. Se basa en sus habilidades b\u00e1sicas de rebreather y le ayuda a desarrollar una actitud y un enfoque de resoluci\u00f3n de problemas que facilita las inmersiones de descompresi\u00f3n m\u00e1s largas. Este desafiante programa desarrolla su capacidad para pensar y responder a las emergencias como un buceador de rebreather completo y competente. Con la seguridad como prioridad, este programa contiene temas acad\u00e9micos en profundidad, como la densidad del gas, para permitir un buceo seguro.   \n\nOfrecemos formaci\u00f3n para este curso en varias unidades. Este programa aumenta la seguridad del buceador utilizando \u00fanicamente Trimix como gas respirable para reducir la densidad del gas. \n<h3>Duraci\u00f3n:<\/h3>\n<ul>\n \t<li>5 d\u00edas<\/li>\n<\/ul>\n<h3>Incluye:<\/h3>\n<ul>\n \t<li>1 sesi\u00f3n en aguas confinadas<\/li>\n\n<li>Materiales digitales<\/li>\n \t<li>6 inmersiones de entrenamiento<\/li>\n \t<li>Sofnolime<\/li>\n \t<li>O<sub>2<\/sub><\/li>\n \t<li>Tanques<\/li>\n \t<li>Certificaci\u00f3n SSI CCR Technical Extended Range<\/li>\n<\/ul>\n<h3>No incluye:<\/h3>\n<ul>\n \t<li>Alquiler de equipo<\/li>\n \t<li>Seguro de buceo<\/li>\n \t<li>Alquiler de unidad CCR<\/li>\n \t<li>Suplemento de helio<\/li>\n<\/ul>\n<h3>Requisitos:<\/h3>\n<ul>\n \t<li>M\u00ednimo 18 a\u00f1os<\/li>\n \t<li>M\u00ednimo de 50 horas de tiempo de ejecuci\u00f3n de CCR<\/li>\n \t<li>M\u00ednimo de 25 horas de tiempo de ejecuci\u00f3n de CCR en la unidad espec\u00edfica<\/li>\n \t<li>M\u00ednimo 20 inmersiones CCR a m\u00e1s de 30 metros<\/li>\n \t<li>M\u00ednimo 10 inmersiones CCR que requieran descompresi\u00f3n escalonada (sin incluir las inmersiones de entrenamiento)<\/li>\n \t<li>Tener la certificaci\u00f3n de SSI CCR Extended Range o equivalente<\/li>\n \t<li>Certificaci\u00f3n m\u00e9dica v\u00e1lida del \u00faltimo a\u00f1o (no se acepta la autocertificaci\u00f3n)<\/li>\n<\/ul>\n<\/div>\t\t\t\t\t\t\t\t<\/div>\n\t\t\t\t<\/div>\n\t\t\t\t<\/div>\n\t\t\t\t<\/div>\n\t\t<div class=\"elementor-element elementor-element-1e7cc65 e-con-full e-flex e-con e-child\" data-id=\"1e7cc65\" data-element_type=\"container\" data-e-type=\"container\">\n\t\t<div class=\"elementor-element elementor-element-b576be1 e-con-full course-sidebar-box e-flex e-con e-child\" data-id=\"b576be1\" data-element_type=\"container\" data-e-type=\"container\" data-settings=\"{&quot;sticky&quot;:&quot;top&quot;,&quot;sticky_offset&quot;:110,&quot;sticky_effects_offset&quot;:130,&quot;sticky_parent&quot;:&quot;yes&quot;,&quot;sticky_on&quot;:[&quot;desktop&quot;,&quot;tablet&quot;,&quot;mobile&quot;],&quot;sticky_anchor_link_offset&quot;:0}\">\n\t\t\t\t<div class=\"elementor-element elementor-element-57b455f elementor-widget elementor-widget-text-editor\" data-id=\"57b455f\" data-element_type=\"widget\" data-e-type=\"widget\" data-widget_type=\"text-editor.default\">\n\t\t\t\t<div class=\"elementor-widget-container\">\n\t\t\t\t\t\t\t\t\t<div class=\"courses-info\"><h6 class=\"no-margin\">Duraci\u00f3n:<\/h6><p class=\"no-margin\">Curso de 5 d\u00edas<\/p><\/div><div class=\"courses-info\"><h6 class=\"no-margin\">Precio:<\/h6><p class=\"no-margin\">Desde 2500 \u20ac<\/p><\/div>\t\t\t\t\t\t\t\t<\/div>\n\t\t\t\t<\/div>\n\t\t\t\t<div class=\"elementor-element elementor-element-559e116 elementor-mobile-align-center elementor-widget elementor-widget-button\" data-id=\"559e116\" data-element_type=\"widget\" data-e-type=\"widget\" data-widget_type=\"button.default\">\n\t\t\t\t<div class=\"elementor-widget-container\">\n\t\t\t\t\t\t\t\t\t<div class=\"elementor-button-wrapper\">\n\t\t\t\t\t<a class=\"elementor-button elementor-button-link elementor-size-sm\" href=\"https:\/\/app.bukyapp.com\/front\/6213b2319a1bbf005fa0b870\/product\/6891fe3a461c7fd4a12416f4?lang=en\" target=\"_blank\">\n\t\t\t\t\t\t<span class=\"elementor-button-content-wrapper\">\n\t\t\t\t\t\t\t\t\t<span class=\"elementor-button-text\">Comprar curso<\/span>\n\t\t\t\t\t<\/span>\n\t\t\t\t\t<\/a>\n\t\t\t\t<\/div>\n\t\t\t\t\t\t\t\t<\/div>\n\t\t\t\t<\/div>\n\t\t\t\t<\/div>\n\t\t\t\t<\/div>\n\t\t\t\t\t<\/div>\n\t\t\t\t<\/div>\n\t\t\t\t<\/div>\n\t\t","protected":false},"excerpt":{"rendered":"<p>T\u00e9cnico Trimix de rango extendido CCR Ampl\u00ede su rango de profundidad en un rebreather Descripci\u00f3n general del programa: Este programa proporciona la formaci\u00f3n que necesita para planificar y realizar de forma independiente inmersiones de descompresi\u00f3n con diluyente Trimix hasta una profundidad m\u00e1xima de 60 metros utilizando un rebreather de circuito cerrado y un m\u00ednimo de [&hellip;]<\/p>\n","protected":false},"author":10,"featured_media":0,"parent":0,"menu_order":0,"comment_status":"closed","ping_status":"closed","template":"","meta":{"_acf_changed":false,"footnotes":""},"class_list":["post-24678","page","type-page","status-publish","hentry"],"acf":[],"yoast_head":"<!-- This site is optimized with the Yoast SEO plugin v27.5 - https:\/\/yoast.com\/product\/yoast-seo-wordpress\/ -->\n<title>Trimix de rango extendido CCR | Calero Diving Lanzarote<\/title>\n<meta name=\"robots\" content=\"index, follow, max-snippet:-1, max-image-preview:large, max-video-preview:-1\" \/>\n<link rel=\"canonical\" href=\"https:\/\/calerodiving.com\/es\/trimix-de-rango-extendido-ccr\/\" \/>\n<meta property=\"og:locale\" content=\"es_ES\" \/>\n<meta property=\"og:type\" content=\"article\" \/>\n<meta property=\"og:title\" content=\"Trimix de rango extendido CCR | Calero Diving Lanzarote\" \/>\n<meta property=\"og:description\" content=\"T\u00e9cnico Trimix de rango extendido CCR Ampl\u00ede su rango de profundidad en un rebreather Descripci\u00f3n general del programa: Este programa proporciona la formaci\u00f3n que necesita para planificar y realizar de forma independiente inmersiones de descompresi\u00f3n con diluyente Trimix hasta una profundidad m\u00e1xima de 60 metros utilizando un rebreather de circuito cerrado y un m\u00ednimo de [&hellip;]\" \/>\n<meta property=\"og:url\" content=\"https:\/\/calerodiving.com\/es\/trimix-de-rango-extendido-ccr\/\" \/>\n<meta property=\"og:site_name\" content=\"Calero Diving Lanzarote\" \/>\n<meta property=\"article:publisher\" content=\"https:\/\/www.facebook.com\/calerodiving\/\" \/>\n<meta property=\"article:modified_time\" content=\"2025-08-27T07:51:28+00:00\" \/>\n<meta property=\"og:image\" content=\"https:\/\/calerodiving.com\/wp-content\/uploads\/2025\/07\/imgi_39_CCR_Extended_Range_Trimix_Rubicon_Diving_center_Lanzarote_card_060fdcc940.webp\" \/>\n\t<meta property=\"og:image:width\" content=\"700\" \/>\n\t<meta property=\"og:image:height\" content=\"445\" \/>\n\t<meta property=\"og:image:type\" content=\"image\/webp\" \/>\n<meta name=\"twitter:card\" content=\"summary_large_image\" \/>\n<meta name=\"twitter:label1\" content=\"Tiempo de lectura\" \/>\n\t<meta name=\"twitter:data1\" content=\"2 minutos\" \/>\n<script type=\"application\/ld+json\" class=\"yoast-schema-graph\">{\"@context\":\"https:\\\/\\\/schema.org\",\"@graph\":[{\"@type\":\"WebPage\",\"@id\":\"https:\\\/\\\/calerodiving.com\\\/es\\\/trimix-de-rango-extendido-ccr\\\/\",\"url\":\"https:\\\/\\\/calerodiving.com\\\/es\\\/trimix-de-rango-extendido-ccr\\\/\",\"name\":\"Trimix de rango extendido CCR | Calero Diving Lanzarote\",\"isPartOf\":{\"@id\":\"https:\\\/\\\/calerodiving.com\\\/#website\"},\"primaryImageOfPage\":{\"@id\":\"https:\\\/\\\/calerodiving.com\\\/es\\\/trimix-de-rango-extendido-ccr\\\/#primaryimage\"},\"image\":{\"@id\":\"https:\\\/\\\/calerodiving.com\\\/es\\\/trimix-de-rango-extendido-ccr\\\/#primaryimage\"},\"thumbnailUrl\":\"https:\\\/\\\/calerodiving.com\\\/wp-content\\\/uploads\\\/2025\\\/07\\\/imgi_39_CCR_Extended_Range_Trimix_Rubicon_Diving_center_Lanzarote_card_060fdcc940.webp\",\"datePublished\":\"2025-08-27T07:51:27+00:00\",\"dateModified\":\"2025-08-27T07:51:28+00:00\",\"breadcrumb\":{\"@id\":\"https:\\\/\\\/calerodiving.com\\\/es\\\/trimix-de-rango-extendido-ccr\\\/#breadcrumb\"},\"inLanguage\":\"es\",\"potentialAction\":[{\"@type\":\"ReadAction\",\"target\":[\"https:\\\/\\\/calerodiving.com\\\/es\\\/trimix-de-rango-extendido-ccr\\\/\"]}]},{\"@type\":\"ImageObject\",\"inLanguage\":\"es\",\"@id\":\"https:\\\/\\\/calerodiving.com\\\/es\\\/trimix-de-rango-extendido-ccr\\\/#primaryimage\",\"url\":\"https:\\\/\\\/calerodiving.com\\\/wp-content\\\/uploads\\\/2025\\\/07\\\/imgi_39_CCR_Extended_Range_Trimix_Rubicon_Diving_center_Lanzarote_card_060fdcc940.webp\",\"contentUrl\":\"https:\\\/\\\/calerodiving.com\\\/wp-content\\\/uploads\\\/2025\\\/07\\\/imgi_39_CCR_Extended_Range_Trimix_Rubicon_Diving_center_Lanzarote_card_060fdcc940.webp\"},{\"@type\":\"BreadcrumbList\",\"@id\":\"https:\\\/\\\/calerodiving.com\\\/es\\\/trimix-de-rango-extendido-ccr\\\/#breadcrumb\",\"itemListElement\":[{\"@type\":\"ListItem\",\"position\":1,\"name\":\"Home\",\"item\":\"https:\\\/\\\/calerodiving.com\\\/es\\\/\"},{\"@type\":\"ListItem\",\"position\":2,\"name\":\"Trimix de rango extendido CCR\"}]},{\"@type\":\"WebSite\",\"@id\":\"https:\\\/\\\/calerodiving.com\\\/#website\",\"url\":\"https:\\\/\\\/calerodiving.com\\\/\",\"name\":\"Calero Diving Lanzarote\",\"description\":\"Diving Center Lanzarote\",\"publisher\":{\"@id\":\"https:\\\/\\\/calerodiving.com\\\/#organization\"},\"alternateName\":\"Calero Diving\",\"potentialAction\":[{\"@type\":\"SearchAction\",\"target\":{\"@type\":\"EntryPoint\",\"urlTemplate\":\"https:\\\/\\\/calerodiving.com\\\/?s={search_term_string}\"},\"query-input\":{\"@type\":\"PropertyValueSpecification\",\"valueRequired\":true,\"valueName\":\"search_term_string\"}}],\"inLanguage\":\"es\"},{\"@type\":\"Organization\",\"@id\":\"https:\\\/\\\/calerodiving.com\\\/#organization\",\"name\":\"Calero Diving Lanzarote\",\"alternateName\":\"Calero Diving\",\"url\":\"https:\\\/\\\/calerodiving.com\\\/\",\"logo\":{\"@type\":\"ImageObject\",\"inLanguage\":\"es\",\"@id\":\"https:\\\/\\\/calerodiving.com\\\/#\\\/schema\\\/logo\\\/image\\\/\",\"url\":\"https:\\\/\\\/calerodiving.com\\\/wp-content\\\/uploads\\\/2025\\\/05\\\/Grupo.png\",\"contentUrl\":\"https:\\\/\\\/calerodiving.com\\\/wp-content\\\/uploads\\\/2025\\\/05\\\/Grupo.png\",\"width\":499,\"height\":590,\"caption\":\"Calero Diving Lanzarote\"},\"image\":{\"@id\":\"https:\\\/\\\/calerodiving.com\\\/#\\\/schema\\\/logo\\\/image\\\/\"},\"sameAs\":[\"https:\\\/\\\/www.facebook.com\\\/calerodiving\\\/\",\"https:\\\/\\\/www.instagram.com\\\/calerodiving\\\/\"]}]}<\/script>\n<!-- \/ Yoast SEO plugin. -->","yoast_head_json":{"title":"Trimix de rango extendido CCR | Calero Diving Lanzarote","robots":{"index":"index","follow":"follow","max-snippet":"max-snippet:-1","max-image-preview":"max-image-preview:large","max-video-preview":"max-video-preview:-1"},"canonical":"https:\/\/calerodiving.com\/es\/trimix-de-rango-extendido-ccr\/","og_locale":"es_ES","og_type":"article","og_title":"Trimix de rango extendido CCR | Calero Diving Lanzarote","og_description":"T\u00e9cnico Trimix de rango extendido CCR Ampl\u00ede su rango de profundidad en un rebreather Descripci\u00f3n general del programa: Este programa proporciona la formaci\u00f3n que necesita para planificar y realizar de forma independiente inmersiones de descompresi\u00f3n con diluyente Trimix hasta una profundidad m\u00e1xima de 60 metros utilizando un rebreather de circuito cerrado y un m\u00ednimo de [&hellip;]","og_url":"https:\/\/calerodiving.com\/es\/trimix-de-rango-extendido-ccr\/","og_site_name":"Calero Diving Lanzarote","article_publisher":"https:\/\/www.facebook.com\/calerodiving\/","article_modified_time":"2025-08-27T07:51:28+00:00","og_image":[{"width":700,"height":445,"url":"https:\/\/calerodiving.com\/wp-content\/uploads\/2025\/07\/imgi_39_CCR_Extended_Range_Trimix_Rubicon_Diving_center_Lanzarote_card_060fdcc940.webp","type":"image\/webp"}],"twitter_card":"summary_large_image","twitter_misc":{"Tiempo de lectura":"2 minutos"},"schema":{"@context":"https:\/\/schema.org","@graph":[{"@type":"WebPage","@id":"https:\/\/calerodiving.com\/es\/trimix-de-rango-extendido-ccr\/","url":"https:\/\/calerodiving.com\/es\/trimix-de-rango-extendido-ccr\/","name":"Trimix de rango extendido CCR | Calero Diving Lanzarote","isPartOf":{"@id":"https:\/\/calerodiving.com\/#website"},"primaryImageOfPage":{"@id":"https:\/\/calerodiving.com\/es\/trimix-de-rango-extendido-ccr\/#primaryimage"},"image":{"@id":"https:\/\/calerodiving.com\/es\/trimix-de-rango-extendido-ccr\/#primaryimage"},"thumbnailUrl":"https:\/\/calerodiving.com\/wp-content\/uploads\/2025\/07\/imgi_39_CCR_Extended_Range_Trimix_Rubicon_Diving_center_Lanzarote_card_060fdcc940.webp","datePublished":"2025-08-27T07:51:27+00:00","dateModified":"2025-08-27T07:51:28+00:00","breadcrumb":{"@id":"https:\/\/calerodiving.com\/es\/trimix-de-rango-extendido-ccr\/#breadcrumb"},"inLanguage":"es","potentialAction":[{"@type":"ReadAction","target":["https:\/\/calerodiving.com\/es\/trimix-de-rango-extendido-ccr\/"]}]},{"@type":"ImageObject","inLanguage":"es","@id":"https:\/\/calerodiving.com\/es\/trimix-de-rango-extendido-ccr\/#primaryimage","url":"https:\/\/calerodiving.com\/wp-content\/uploads\/2025\/07\/imgi_39_CCR_Extended_Range_Trimix_Rubicon_Diving_center_Lanzarote_card_060fdcc940.webp","contentUrl":"https:\/\/calerodiving.com\/wp-content\/uploads\/2025\/07\/imgi_39_CCR_Extended_Range_Trimix_Rubicon_Diving_center_Lanzarote_card_060fdcc940.webp"},{"@type":"BreadcrumbList","@id":"https:\/\/calerodiving.com\/es\/trimix-de-rango-extendido-ccr\/#breadcrumb","itemListElement":[{"@type":"ListItem","position":1,"name":"Home","item":"https:\/\/calerodiving.com\/es\/"},{"@type":"ListItem","position":2,"name":"Trimix de rango extendido CCR"}]},{"@type":"WebSite","@id":"https:\/\/calerodiving.com\/#website","url":"https:\/\/calerodiving.com\/","name":"Calero Diving Lanzarote","description":"Diving Center Lanzarote","publisher":{"@id":"https:\/\/calerodiving.com\/#organization"},"alternateName":"Calero Diving","potentialAction":[{"@type":"SearchAction","target":{"@type":"EntryPoint","urlTemplate":"https:\/\/calerodiving.com\/?s={search_term_string}"},"query-input":{"@type":"PropertyValueSpecification","valueRequired":true,"valueName":"search_term_string"}}],"inLanguage":"es"},{"@type":"Organization","@id":"https:\/\/calerodiving.com\/#organization","name":"Calero Diving Lanzarote","alternateName":"Calero Diving","url":"https:\/\/calerodiving.com\/","logo":{"@type":"ImageObject","inLanguage":"es","@id":"https:\/\/calerodiving.com\/#\/schema\/logo\/image\/","url":"https:\/\/calerodiving.com\/wp-content\/uploads\/2025\/05\/Grupo.png","contentUrl":"https:\/\/calerodiving.com\/wp-content\/uploads\/2025\/05\/Grupo.png","width":499,"height":590,"caption":"Calero Diving Lanzarote"},"image":{"@id":"https:\/\/calerodiving.com\/#\/schema\/logo\/image\/"},"sameAs":["https:\/\/www.facebook.com\/calerodiving\/","https:\/\/www.instagram.com\/calerodiving\/"]}]}},"_links":{"self":[{"href":"https:\/\/calerodiving.com\/es\/wp-json\/wp\/v2\/pages\/24678","targetHints":{"allow":["GET"]}}],"collection":[{"href":"https:\/\/calerodiving.com\/es\/wp-json\/wp\/v2\/pages"}],"about":[{"href":"https:\/\/calerodiving.com\/es\/wp-json\/wp\/v2\/types\/page"}],"author":[{"embeddable":true,"href":"https:\/\/calerodiving.com\/es\/wp-json\/wp\/v2\/users\/10"}],"replies":[{"embeddable":true,"href":"https:\/\/calerodiving.com\/es\/wp-json\/wp\/v2\/comments?post=24678"}],"version-history":[{"count":1,"href":"https:\/\/calerodiving.com\/es\/wp-json\/wp\/v2\/pages\/24678\/revisions"}],"predecessor-version":[{"id":24679,"href":"https:\/\/calerodiving.com\/es\/wp-json\/wp\/v2\/pages\/24678\/revisions\/24679"}],"wp:attachment":[{"href":"https:\/\/calerodiving.com\/es\/wp-json\/wp\/v2\/media?parent=24678"}],"curies":[{"name":"wp","href":"https:\/\/api.w.org\/{rel}","templated":true}]}}