{"id":24670,"date":"2025-08-27T08:51:09","date_gmt":"2025-08-27T07:51:09","guid":{"rendered":"https:\/\/calerodiving.com\/curso-de-trimix-hipoxico-ccr\/"},"modified":"2025-08-27T08:51:14","modified_gmt":"2025-08-27T07:51:14","slug":"curso-de-trimix-hipoxico-ccr","status":"publish","type":"page","link":"https:\/\/calerodiving.com\/es\/curso-de-trimix-hipoxico-ccr\/","title":{"rendered":"Curso de trimix hip\u00f3xico CCR"},"content":{"rendered":"\t\t<div data-elementor-type=\"wp-page\" data-elementor-id=\"24670\" class=\"elementor elementor-24670 elementor-21357\" data-elementor-post-type=\"page\">\n\t\t\t\t<div class=\"elementor-element elementor-element-25d21d3 e-flex e-con-boxed e-con e-parent\" data-id=\"25d21d3\" data-element_type=\"container\" data-e-type=\"container\">\n\t\t\t\t\t<div class=\"e-con-inner\">\n\t\t<div class=\"elementor-element elementor-element-4a6ef05 e-con-full e-flex e-con e-child\" data-id=\"4a6ef05\" data-element_type=\"container\" data-e-type=\"container\">\n\t\t\t\t<div class=\"elementor-element elementor-element-1e6104e elementor-widget elementor-widget-image\" data-id=\"1e6104e\" data-element_type=\"widget\" data-e-type=\"widget\" data-widget_type=\"image.default\">\n\t\t\t\t<div class=\"elementor-widget-container\">\n\t\t\t\t\t\t\t\t\t\t\t\t\t\t\t<img fetchpriority=\"high\" decoding=\"async\" width=\"700\" height=\"445\" src=\"https:\/\/calerodiving.com\/wp-content\/uploads\/2025\/07\/imgi_39_CCR_Extended_Range_Trimix_Rubicon_Diving_center_Lanzarote_card_060fdcc940.webp\" class=\"attachment-large size-large wp-image-20430\" alt=\"\" srcset=\"https:\/\/calerodiving.com\/wp-content\/uploads\/2025\/07\/imgi_39_CCR_Extended_Range_Trimix_Rubicon_Diving_center_Lanzarote_card_060fdcc940.webp 700w, https:\/\/calerodiving.com\/wp-content\/uploads\/2025\/07\/imgi_39_CCR_Extended_Range_Trimix_Rubicon_Diving_center_Lanzarote_card_060fdcc940-300x191.webp 300w\" sizes=\"(max-width: 700px) 100vw, 700px\" \/>\t\t\t\t\t\t\t\t\t\t\t\t\t\t\t<\/div>\n\t\t\t\t<\/div>\n\t\t\t\t<\/div>\n\t\t<div class=\"elementor-element elementor-element-2128a4e e-con-full e-flex e-con e-child\" data-id=\"2128a4e\" data-element_type=\"container\" data-e-type=\"container\">\n\t\t<div class=\"elementor-element elementor-element-035ce67 e-con-full e-flex e-con e-child\" data-id=\"035ce67\" data-element_type=\"container\" data-e-type=\"container\">\n\t\t\t\t<div class=\"elementor-element elementor-element-ca29e16 elementor-widget elementor-widget-html\" data-id=\"ca29e16\" data-element_type=\"widget\" data-e-type=\"widget\" data-widget_type=\"html.default\">\n\t\t\t\t<div class=\"elementor-widget-container\">\n\t\t\t\t\t<a href=\"https:\/\/calerodiving.com\/es\/?page_id=24527#ssi-closed\" class=\"tag-button\">T\u00e9cnico<\/a>\n\t\t\t\t<\/div>\n\t\t\t\t<\/div>\n\t\t\t\t<div class=\"elementor-element elementor-element-8883bd9 elementor-widget elementor-widget-heading\" data-id=\"8883bd9\" data-element_type=\"widget\" data-e-type=\"widget\" data-widget_type=\"heading.default\">\n\t\t\t\t<div class=\"elementor-widget-container\">\n\t\t\t\t\t<h2 class=\"elementor-heading-title elementor-size-default\">Curso de trimix hip\u00f3xico CCR<\/h2>\t\t\t\t<\/div>\n\t\t\t\t<\/div>\n\t\t\t\t<\/div>\n\t\t\t\t<\/div>\n\t\t\t\t\t<\/div>\n\t\t\t\t<\/div>\n\t\t<div class=\"elementor-element elementor-element-5b62e11 e-flex e-con-boxed e-con e-parent\" data-id=\"5b62e11\" data-element_type=\"container\" data-e-type=\"container\">\n\t\t\t\t\t<div class=\"e-con-inner\">\n\t\t<div class=\"elementor-element elementor-element-706a38e e-con-full e-flex e-con e-child\" data-id=\"706a38e\" data-element_type=\"container\" data-e-type=\"container\">\n\t\t<div class=\"elementor-element elementor-element-e0907d9 e-con-full e-flex e-con e-child\" data-id=\"e0907d9\" data-element_type=\"container\" data-e-type=\"container\">\n\t\t\t\t<div class=\"elementor-element elementor-element-1530eb0 elementor-widget elementor-widget-heading\" data-id=\"1530eb0\" data-element_type=\"widget\" data-e-type=\"widget\" data-widget_type=\"heading.default\">\n\t\t\t\t<div class=\"elementor-widget-container\">\n\t\t\t\t\t<h2 class=\"elementor-heading-title elementor-size-default\">Alcanza los 100 metros usando Trimix<\/h2>\t\t\t\t<\/div>\n\t\t\t\t<\/div>\n\t\t\t\t<div class=\"elementor-element elementor-element-b4b3748 elementor-widget elementor-widget-text-editor\" data-id=\"b4b3748\" data-element_type=\"widget\" data-e-type=\"widget\" data-widget_type=\"text-editor.default\">\n\t\t\t\t<div class=\"elementor-widget-container\">\n\t\t\t\t\t\t\t\t\t<div class=\"section-list\"><h3>Descripci\u00f3n general del programa:<\/h3><ul><li>El programa CCR Hypoxic Trimix le proporciona el conocimiento y la experiencia necesarios para planificar y realizar de forma independiente inmersiones de descompresi\u00f3n Trimix ilimitadas a una profundidad m\u00e1xima de 100 metros utilizando un rebreather de circuito cerrado y un m\u00ednimo de tres botellas de rescate. Este programa de buceo con rebreather de circuito cerrado en profundidad es f\u00edsica y mentalmente desafiante, tiene el m\u00e1s alto nivel de reconocimiento en la industria y refleja su compromiso y experiencia como buceador. <\/li><li>Este programa est\u00e1 disponible en la unidad Revo y proporcionar\u00e1 temas acad\u00e9micos m\u00e1s profundos, como la densidad del gas, los protocolos de rescate en equipo y los procedimientos de expedici\u00f3n para permitir un buceo seguro.<\/li><\/ul><h3>Duraci\u00f3n:<\/h3><ul><li>6 d\u00edas<\/li><\/ul><h3>Incluye:<\/h3><ul><li>6 inmersiones de entrenamiento<\/li><li>Materiales digitales<\/li><li>Sofnolime<\/li><li>O<sub>2<\/sub><\/li><li>Tanques<\/li><li>Certificaci\u00f3n SSI CCR Hypoxic Trimix<\/li><\/ul><h3>No incluye:<\/h3><ul><li>Alquiler de equipo<\/li><li>Seguro de buceo<\/li><li>Alquiler de unidad CCR<\/li><li>Suplemento de helio<\/li><\/ul><h3>Requisitos:<\/h3><ul><li>M\u00ednimo 18 a\u00f1os<\/li><li>M\u00ednimo de 100 horas de tiempo de ejecuci\u00f3n de CCR<\/li><li>M\u00ednimo de 50 horas de tiempo de ejecuci\u00f3n de CCR en la unidad espec\u00edfica<\/li><li>M\u00ednimo de 10 inmersiones CCR a m\u00e1s de 50 metros<\/li><li>M\u00ednimo de 20 inmersiones CCR que requieran descompresi\u00f3n escalonada (sin incluir las inmersiones de entrenamiento)<\/li><li>Tener la certificaci\u00f3n de SSI CCR Technical Extended Range o equivalente<\/li><li>Certificaci\u00f3n m\u00e9dica v\u00e1lida del \u00faltimo a\u00f1o (no se acepta la autocertificaci\u00f3n)<\/li><\/ul><h3>Otros cursos que pueden interesarte:<\/h3><ul><li><a href=\"https:\/\/calerodiving.com\/es\/curso-tecnico-de-rango-extendido-ccr\/\">CCR t\u00e9cnico de rango extendido<\/a><\/li><\/ul><\/div>\t\t\t\t\t\t\t\t<\/div>\n\t\t\t\t<\/div>\n\t\t\t\t<\/div>\n\t\t\t\t<\/div>\n\t\t<div class=\"elementor-element elementor-element-880f465 e-con-full e-flex e-con e-child\" data-id=\"880f465\" data-element_type=\"container\" data-e-type=\"container\">\n\t\t<div class=\"elementor-element elementor-element-54807ed e-con-full course-sidebar-box e-flex e-con e-child\" data-id=\"54807ed\" data-element_type=\"container\" data-e-type=\"container\" data-settings=\"{&quot;sticky&quot;:&quot;top&quot;,&quot;sticky_offset&quot;:110,&quot;sticky_effects_offset&quot;:130,&quot;sticky_parent&quot;:&quot;yes&quot;,&quot;sticky_on&quot;:[&quot;desktop&quot;,&quot;tablet&quot;,&quot;mobile&quot;],&quot;sticky_anchor_link_offset&quot;:0}\">\n\t\t\t\t<div class=\"elementor-element elementor-element-c1bc763 elementor-widget elementor-widget-text-editor\" data-id=\"c1bc763\" data-element_type=\"widget\" data-e-type=\"widget\" data-widget_type=\"text-editor.default\">\n\t\t\t\t<div class=\"elementor-widget-container\">\n\t\t\t\t\t\t\t\t\t<div class=\"courses-info\"><h6 class=\"no-margin\">Duraci\u00f3n:<\/h6><p class=\"no-margin\">Curso de 6 d\u00edas<\/p><\/div><div class=\"courses-info\"><h6 class=\"no-margin\">Precio:<\/h6><p class=\"no-margin\">Desde 2500 \u20ac<\/p><\/div>\t\t\t\t\t\t\t\t<\/div>\n\t\t\t\t<\/div>\n\t\t\t\t<div class=\"elementor-element elementor-element-15c6ef0 elementor-mobile-align-center elementor-widget elementor-widget-button\" data-id=\"15c6ef0\" data-element_type=\"widget\" data-e-type=\"widget\" data-widget_type=\"button.default\">\n\t\t\t\t<div class=\"elementor-widget-container\">\n\t\t\t\t\t\t\t\t\t<div class=\"elementor-button-wrapper\">\n\t\t\t\t\t<a class=\"elementor-button elementor-button-link elementor-size-sm\" href=\"https:\/\/app.bukyapp.com\/front\/6213b2319a1bbf005fa0b870\/product\/6888c59ff71dec2c3881ee03?lang=en\" target=\"_blank\">\n\t\t\t\t\t\t<span class=\"elementor-button-content-wrapper\">\n\t\t\t\t\t\t\t\t\t<span class=\"elementor-button-text\">Comprar curso<\/span>\n\t\t\t\t\t<\/span>\n\t\t\t\t\t<\/a>\n\t\t\t\t<\/div>\n\t\t\t\t\t\t\t\t<\/div>\n\t\t\t\t<\/div>\n\t\t\t\t<\/div>\n\t\t\t\t<\/div>\n\t\t\t\t\t<\/div>\n\t\t\t\t<\/div>\n\t\t\t\t<\/div>\n\t\t","protected":false},"excerpt":{"rendered":"<p>T\u00e9cnico Curso de trimix hip\u00f3xico CCR Alcanza los 100 metros usando Trimix Descripci\u00f3n general del programa: El programa CCR Hypoxic Trimix le proporciona el conocimiento y la experiencia necesarios para planificar y realizar de forma independiente inmersiones de descompresi\u00f3n Trimix ilimitadas a una profundidad m\u00e1xima de 100 metros utilizando un rebreather de circuito cerrado y [&hellip;]<\/p>\n","protected":false},"author":10,"featured_media":0,"parent":0,"menu_order":0,"comment_status":"closed","ping_status":"closed","template":"","meta":{"_acf_changed":false,"footnotes":""},"class_list":["post-24670","page","type-page","status-publish","hentry"],"acf":[],"yoast_head":"<!-- This site is optimized with the Yoast SEO plugin v27.5 - https:\/\/yoast.com\/product\/yoast-seo-wordpress\/ -->\n<title>Curso de trimix hip\u00f3xico CCR | Calero Diving Lanzarote<\/title>\n<meta name=\"robots\" content=\"index, follow, max-snippet:-1, max-image-preview:large, max-video-preview:-1\" \/>\n<link rel=\"canonical\" href=\"https:\/\/calerodiving.com\/es\/curso-de-trimix-hipoxico-ccr\/\" \/>\n<meta property=\"og:locale\" content=\"es_ES\" \/>\n<meta property=\"og:type\" content=\"article\" \/>\n<meta property=\"og:title\" content=\"Curso de trimix hip\u00f3xico CCR | Calero Diving Lanzarote\" \/>\n<meta property=\"og:description\" content=\"T\u00e9cnico Curso de trimix hip\u00f3xico CCR Alcanza los 100 metros usando Trimix Descripci\u00f3n general del programa: El programa CCR Hypoxic Trimix le proporciona el conocimiento y la experiencia necesarios para planificar y realizar de forma independiente inmersiones de descompresi\u00f3n Trimix ilimitadas a una profundidad m\u00e1xima de 100 metros utilizando un rebreather de circuito cerrado y [&hellip;]\" \/>\n<meta property=\"og:url\" content=\"https:\/\/calerodiving.com\/es\/curso-de-trimix-hipoxico-ccr\/\" \/>\n<meta property=\"og:site_name\" content=\"Calero Diving Lanzarote\" \/>\n<meta property=\"article:publisher\" content=\"https:\/\/www.facebook.com\/calerodiving\/\" \/>\n<meta property=\"article:modified_time\" content=\"2025-08-27T07:51:14+00:00\" \/>\n<meta property=\"og:image\" content=\"https:\/\/calerodiving.com\/wp-content\/uploads\/2025\/07\/imgi_39_CCR_Extended_Range_Trimix_Rubicon_Diving_center_Lanzarote_card_060fdcc940.webp\" \/>\n\t<meta property=\"og:image:width\" content=\"700\" \/>\n\t<meta property=\"og:image:height\" content=\"445\" \/>\n\t<meta property=\"og:image:type\" content=\"image\/webp\" \/>\n<meta name=\"twitter:card\" content=\"summary_large_image\" \/>\n<meta name=\"twitter:label1\" content=\"Tiempo de lectura\" \/>\n\t<meta name=\"twitter:data1\" content=\"1 minuto\" \/>\n<script type=\"application\/ld+json\" class=\"yoast-schema-graph\">{\"@context\":\"https:\\\/\\\/schema.org\",\"@graph\":[{\"@type\":\"WebPage\",\"@id\":\"https:\\\/\\\/calerodiving.com\\\/es\\\/curso-de-trimix-hipoxico-ccr\\\/\",\"url\":\"https:\\\/\\\/calerodiving.com\\\/es\\\/curso-de-trimix-hipoxico-ccr\\\/\",\"name\":\"Curso de trimix hip\u00f3xico CCR | Calero Diving Lanzarote\",\"isPartOf\":{\"@id\":\"https:\\\/\\\/calerodiving.com\\\/#website\"},\"primaryImageOfPage\":{\"@id\":\"https:\\\/\\\/calerodiving.com\\\/es\\\/curso-de-trimix-hipoxico-ccr\\\/#primaryimage\"},\"image\":{\"@id\":\"https:\\\/\\\/calerodiving.com\\\/es\\\/curso-de-trimix-hipoxico-ccr\\\/#primaryimage\"},\"thumbnailUrl\":\"https:\\\/\\\/calerodiving.com\\\/wp-content\\\/uploads\\\/2025\\\/07\\\/imgi_39_CCR_Extended_Range_Trimix_Rubicon_Diving_center_Lanzarote_card_060fdcc940.webp\",\"datePublished\":\"2025-08-27T07:51:09+00:00\",\"dateModified\":\"2025-08-27T07:51:14+00:00\",\"breadcrumb\":{\"@id\":\"https:\\\/\\\/calerodiving.com\\\/es\\\/curso-de-trimix-hipoxico-ccr\\\/#breadcrumb\"},\"inLanguage\":\"es\",\"potentialAction\":[{\"@type\":\"ReadAction\",\"target\":[\"https:\\\/\\\/calerodiving.com\\\/es\\\/curso-de-trimix-hipoxico-ccr\\\/\"]}]},{\"@type\":\"ImageObject\",\"inLanguage\":\"es\",\"@id\":\"https:\\\/\\\/calerodiving.com\\\/es\\\/curso-de-trimix-hipoxico-ccr\\\/#primaryimage\",\"url\":\"https:\\\/\\\/calerodiving.com\\\/wp-content\\\/uploads\\\/2025\\\/07\\\/imgi_39_CCR_Extended_Range_Trimix_Rubicon_Diving_center_Lanzarote_card_060fdcc940.webp\",\"contentUrl\":\"https:\\\/\\\/calerodiving.com\\\/wp-content\\\/uploads\\\/2025\\\/07\\\/imgi_39_CCR_Extended_Range_Trimix_Rubicon_Diving_center_Lanzarote_card_060fdcc940.webp\"},{\"@type\":\"BreadcrumbList\",\"@id\":\"https:\\\/\\\/calerodiving.com\\\/es\\\/curso-de-trimix-hipoxico-ccr\\\/#breadcrumb\",\"itemListElement\":[{\"@type\":\"ListItem\",\"position\":1,\"name\":\"Home\",\"item\":\"https:\\\/\\\/calerodiving.com\\\/es\\\/\"},{\"@type\":\"ListItem\",\"position\":2,\"name\":\"Curso de trimix hip\u00f3xico CCR\"}]},{\"@type\":\"WebSite\",\"@id\":\"https:\\\/\\\/calerodiving.com\\\/#website\",\"url\":\"https:\\\/\\\/calerodiving.com\\\/\",\"name\":\"Calero Diving Lanzarote\",\"description\":\"Diving Center Lanzarote\",\"publisher\":{\"@id\":\"https:\\\/\\\/calerodiving.com\\\/#organization\"},\"alternateName\":\"Calero Diving\",\"potentialAction\":[{\"@type\":\"SearchAction\",\"target\":{\"@type\":\"EntryPoint\",\"urlTemplate\":\"https:\\\/\\\/calerodiving.com\\\/?s={search_term_string}\"},\"query-input\":{\"@type\":\"PropertyValueSpecification\",\"valueRequired\":true,\"valueName\":\"search_term_string\"}}],\"inLanguage\":\"es\"},{\"@type\":\"Organization\",\"@id\":\"https:\\\/\\\/calerodiving.com\\\/#organization\",\"name\":\"Calero Diving Lanzarote\",\"alternateName\":\"Calero Diving\",\"url\":\"https:\\\/\\\/calerodiving.com\\\/\",\"logo\":{\"@type\":\"ImageObject\",\"inLanguage\":\"es\",\"@id\":\"https:\\\/\\\/calerodiving.com\\\/#\\\/schema\\\/logo\\\/image\\\/\",\"url\":\"https:\\\/\\\/calerodiving.com\\\/wp-content\\\/uploads\\\/2025\\\/05\\\/Grupo.png\",\"contentUrl\":\"https:\\\/\\\/calerodiving.com\\\/wp-content\\\/uploads\\\/2025\\\/05\\\/Grupo.png\",\"width\":499,\"height\":590,\"caption\":\"Calero Diving Lanzarote\"},\"image\":{\"@id\":\"https:\\\/\\\/calerodiving.com\\\/#\\\/schema\\\/logo\\\/image\\\/\"},\"sameAs\":[\"https:\\\/\\\/www.facebook.com\\\/calerodiving\\\/\",\"https:\\\/\\\/www.instagram.com\\\/calerodiving\\\/\"]}]}<\/script>\n<!-- \/ Yoast SEO plugin. -->","yoast_head_json":{"title":"Curso de trimix hip\u00f3xico CCR | Calero Diving Lanzarote","robots":{"index":"index","follow":"follow","max-snippet":"max-snippet:-1","max-image-preview":"max-image-preview:large","max-video-preview":"max-video-preview:-1"},"canonical":"https:\/\/calerodiving.com\/es\/curso-de-trimix-hipoxico-ccr\/","og_locale":"es_ES","og_type":"article","og_title":"Curso de trimix hip\u00f3xico CCR | Calero Diving Lanzarote","og_description":"T\u00e9cnico Curso de trimix hip\u00f3xico CCR Alcanza los 100 metros usando Trimix Descripci\u00f3n general del programa: El programa CCR Hypoxic Trimix le proporciona el conocimiento y la experiencia necesarios para planificar y realizar de forma independiente inmersiones de descompresi\u00f3n Trimix ilimitadas a una profundidad m\u00e1xima de 100 metros utilizando un rebreather de circuito cerrado y [&hellip;]","og_url":"https:\/\/calerodiving.com\/es\/curso-de-trimix-hipoxico-ccr\/","og_site_name":"Calero Diving Lanzarote","article_publisher":"https:\/\/www.facebook.com\/calerodiving\/","article_modified_time":"2025-08-27T07:51:14+00:00","og_image":[{"width":700,"height":445,"url":"https:\/\/calerodiving.com\/wp-content\/uploads\/2025\/07\/imgi_39_CCR_Extended_Range_Trimix_Rubicon_Diving_center_Lanzarote_card_060fdcc940.webp","type":"image\/webp"}],"twitter_card":"summary_large_image","twitter_misc":{"Tiempo de lectura":"1 minuto"},"schema":{"@context":"https:\/\/schema.org","@graph":[{"@type":"WebPage","@id":"https:\/\/calerodiving.com\/es\/curso-de-trimix-hipoxico-ccr\/","url":"https:\/\/calerodiving.com\/es\/curso-de-trimix-hipoxico-ccr\/","name":"Curso de trimix hip\u00f3xico CCR | Calero Diving Lanzarote","isPartOf":{"@id":"https:\/\/calerodiving.com\/#website"},"primaryImageOfPage":{"@id":"https:\/\/calerodiving.com\/es\/curso-de-trimix-hipoxico-ccr\/#primaryimage"},"image":{"@id":"https:\/\/calerodiving.com\/es\/curso-de-trimix-hipoxico-ccr\/#primaryimage"},"thumbnailUrl":"https:\/\/calerodiving.com\/wp-content\/uploads\/2025\/07\/imgi_39_CCR_Extended_Range_Trimix_Rubicon_Diving_center_Lanzarote_card_060fdcc940.webp","datePublished":"2025-08-27T07:51:09+00:00","dateModified":"2025-08-27T07:51:14+00:00","breadcrumb":{"@id":"https:\/\/calerodiving.com\/es\/curso-de-trimix-hipoxico-ccr\/#breadcrumb"},"inLanguage":"es","potentialAction":[{"@type":"ReadAction","target":["https:\/\/calerodiving.com\/es\/curso-de-trimix-hipoxico-ccr\/"]}]},{"@type":"ImageObject","inLanguage":"es","@id":"https:\/\/calerodiving.com\/es\/curso-de-trimix-hipoxico-ccr\/#primaryimage","url":"https:\/\/calerodiving.com\/wp-content\/uploads\/2025\/07\/imgi_39_CCR_Extended_Range_Trimix_Rubicon_Diving_center_Lanzarote_card_060fdcc940.webp","contentUrl":"https:\/\/calerodiving.com\/wp-content\/uploads\/2025\/07\/imgi_39_CCR_Extended_Range_Trimix_Rubicon_Diving_center_Lanzarote_card_060fdcc940.webp"},{"@type":"BreadcrumbList","@id":"https:\/\/calerodiving.com\/es\/curso-de-trimix-hipoxico-ccr\/#breadcrumb","itemListElement":[{"@type":"ListItem","position":1,"name":"Home","item":"https:\/\/calerodiving.com\/es\/"},{"@type":"ListItem","position":2,"name":"Curso de trimix hip\u00f3xico CCR"}]},{"@type":"WebSite","@id":"https:\/\/calerodiving.com\/#website","url":"https:\/\/calerodiving.com\/","name":"Calero Diving Lanzarote","description":"Diving Center Lanzarote","publisher":{"@id":"https:\/\/calerodiving.com\/#organization"},"alternateName":"Calero Diving","potentialAction":[{"@type":"SearchAction","target":{"@type":"EntryPoint","urlTemplate":"https:\/\/calerodiving.com\/?s={search_term_string}"},"query-input":{"@type":"PropertyValueSpecification","valueRequired":true,"valueName":"search_term_string"}}],"inLanguage":"es"},{"@type":"Organization","@id":"https:\/\/calerodiving.com\/#organization","name":"Calero Diving Lanzarote","alternateName":"Calero Diving","url":"https:\/\/calerodiving.com\/","logo":{"@type":"ImageObject","inLanguage":"es","@id":"https:\/\/calerodiving.com\/#\/schema\/logo\/image\/","url":"https:\/\/calerodiving.com\/wp-content\/uploads\/2025\/05\/Grupo.png","contentUrl":"https:\/\/calerodiving.com\/wp-content\/uploads\/2025\/05\/Grupo.png","width":499,"height":590,"caption":"Calero Diving Lanzarote"},"image":{"@id":"https:\/\/calerodiving.com\/#\/schema\/logo\/image\/"},"sameAs":["https:\/\/www.facebook.com\/calerodiving\/","https:\/\/www.instagram.com\/calerodiving\/"]}]}},"_links":{"self":[{"href":"https:\/\/calerodiving.com\/es\/wp-json\/wp\/v2\/pages\/24670","targetHints":{"allow":["GET"]}}],"collection":[{"href":"https:\/\/calerodiving.com\/es\/wp-json\/wp\/v2\/pages"}],"about":[{"href":"https:\/\/calerodiving.com\/es\/wp-json\/wp\/v2\/types\/page"}],"author":[{"embeddable":true,"href":"https:\/\/calerodiving.com\/es\/wp-json\/wp\/v2\/users\/10"}],"replies":[{"embeddable":true,"href":"https:\/\/calerodiving.com\/es\/wp-json\/wp\/v2\/comments?post=24670"}],"version-history":[{"count":1,"href":"https:\/\/calerodiving.com\/es\/wp-json\/wp\/v2\/pages\/24670\/revisions"}],"predecessor-version":[{"id":24671,"href":"https:\/\/calerodiving.com\/es\/wp-json\/wp\/v2\/pages\/24670\/revisions\/24671"}],"wp:attachment":[{"href":"https:\/\/calerodiving.com\/es\/wp-json\/wp\/v2\/media?parent=24670"}],"curies":[{"name":"wp","href":"https:\/\/api.w.org\/{rel}","templated":true}]}}