{"id":24656,"date":"2025-08-27T08:50:50","date_gmt":"2025-08-27T07:50:50","guid":{"rendered":"https:\/\/calerodiving.com\/buceador-de-descompresion-con-diluyente-helitrox-ccr-mod-1\/"},"modified":"2025-08-27T08:50:55","modified_gmt":"2025-08-27T07:50:55","slug":"buceador-de-descompresion-con-diluyente-helitrox-ccr-mod-1","status":"publish","type":"page","link":"https:\/\/calerodiving.com\/es\/buceador-de-descompresion-con-diluyente-helitrox-ccr-mod-1\/","title":{"rendered":"Buceador de descompresi\u00f3n con diluyente helitrox CCR (MOD 1)"},"content":{"rendered":"\t\t<div data-elementor-type=\"wp-page\" data-elementor-id=\"24656\" class=\"elementor elementor-24656 elementor-21286\" data-elementor-post-type=\"page\">\n\t\t\t\t<div class=\"elementor-element elementor-element-8bd9428 e-flex e-con-boxed e-con e-parent\" data-id=\"8bd9428\" data-element_type=\"container\" data-e-type=\"container\">\n\t\t\t\t\t<div class=\"e-con-inner\">\n\t\t<div class=\"elementor-element elementor-element-cb8d70f e-con-full e-flex e-con e-child\" data-id=\"cb8d70f\" data-element_type=\"container\" data-e-type=\"container\">\n\t\t\t\t<div class=\"elementor-element elementor-element-138ab8a elementor-widget elementor-widget-image\" data-id=\"138ab8a\" data-element_type=\"widget\" data-e-type=\"widget\" data-widget_type=\"image.default\">\n\t\t\t\t<div class=\"elementor-widget-container\">\n\t\t\t\t\t\t\t\t\t\t\t\t\t\t\t<img fetchpriority=\"high\" decoding=\"async\" width=\"700\" height=\"445\" src=\"https:\/\/calerodiving.com\/wp-content\/uploads\/2025\/08\/CCR-Helitrox-Diluent-Decompression-Diver-MOD-1-Coruse.png\" class=\"attachment-large size-large wp-image-22500\" alt=\"\" srcset=\"https:\/\/calerodiving.com\/wp-content\/uploads\/2025\/08\/CCR-Helitrox-Diluent-Decompression-Diver-MOD-1-Coruse.png 700w, https:\/\/calerodiving.com\/wp-content\/uploads\/2025\/08\/CCR-Helitrox-Diluent-Decompression-Diver-MOD-1-Coruse-300x191.png 300w\" sizes=\"(max-width: 700px) 100vw, 700px\" \/>\t\t\t\t\t\t\t\t\t\t\t\t\t\t\t<\/div>\n\t\t\t\t<\/div>\n\t\t\t\t<\/div>\n\t\t<div class=\"elementor-element elementor-element-c3e9983 e-con-full e-flex e-con e-child\" data-id=\"c3e9983\" data-element_type=\"container\" data-e-type=\"container\">\n\t\t<div class=\"elementor-element elementor-element-6d6b897 e-con-full e-flex e-con e-child\" data-id=\"6d6b897\" data-element_type=\"container\" data-e-type=\"container\">\n\t\t\t\t<div class=\"elementor-element elementor-element-fbdd12a elementor-widget elementor-widget-html\" data-id=\"fbdd12a\" data-element_type=\"widget\" data-e-type=\"widget\" data-widget_type=\"html.default\">\n\t\t\t\t<div class=\"elementor-widget-container\">\n\t\t\t\t\t<a href=\"https:\/\/calerodiving.com\/es\/?page_id=24480#tdi-closed\" class=\"tag-button\">T\u00e9cnico<\/a>\n\t\t\t\t<\/div>\n\t\t\t\t<\/div>\n\t\t\t\t<div class=\"elementor-element elementor-element-cadf814 elementor-widget elementor-widget-heading\" data-id=\"cadf814\" data-element_type=\"widget\" data-e-type=\"widget\" data-widget_type=\"heading.default\">\n\t\t\t\t<div class=\"elementor-widget-container\">\n\t\t\t\t\t<h2 class=\"elementor-heading-title elementor-size-default\">Buzo de descompresi\u00f3n con diluyente Helitrox CCR (MOD 1)<\/h2>\t\t\t\t<\/div>\n\t\t\t\t<\/div>\n\t\t\t\t<\/div>\n\t\t\t\t<\/div>\n\t\t\t\t\t<\/div>\n\t\t\t\t<\/div>\n\t\t<div class=\"elementor-element elementor-element-c85d419 e-flex e-con-boxed e-con e-parent\" data-id=\"c85d419\" data-element_type=\"container\" data-e-type=\"container\">\n\t\t\t\t\t<div class=\"e-con-inner\">\n\t\t<div class=\"elementor-element elementor-element-ab0d815 e-con-full e-flex e-con e-child\" data-id=\"ab0d815\" data-element_type=\"container\" data-e-type=\"container\">\n\t\t<div class=\"elementor-element elementor-element-5f9ad07 e-con-full e-flex e-con e-child\" data-id=\"5f9ad07\" data-element_type=\"container\" data-e-type=\"container\">\n\t\t\t\t<div class=\"elementor-element elementor-element-d206504 elementor-widget elementor-widget-heading\" data-id=\"d206504\" data-element_type=\"widget\" data-e-type=\"widget\" data-widget_type=\"heading.default\">\n\t\t\t\t<div class=\"elementor-widget-container\">\n\t\t\t\t\t<h2 class=\"elementor-heading-title elementor-size-default\">Buceo formal de descompresi\u00f3n con aire\/nitrox\/helio<\/h2>\t\t\t\t<\/div>\n\t\t\t\t<\/div>\n\t\t\t\t<div class=\"elementor-element elementor-element-2072e55 elementor-widget elementor-widget-text-editor\" data-id=\"2072e55\" data-element_type=\"widget\" data-e-type=\"widget\" data-widget_type=\"text-editor.default\">\n\t\t\t\t<div class=\"elementor-widget-container\">\n\t\t\t\t\t\t\t\t\t<div class=\"section-list\"><h3>Descripci\u00f3n general del programa:<\/h3><p>El objetivo del curso TDI CCR Helitrox Diluent Decompression Diver es capacitar a los buceadores en los beneficios, peligros y procedimientos adecuados para bucear con un CCR y desarrollar habilidades b\u00e1sicas de buceo con CCR, hasta una profundidad m\u00e1xima de 45 metros, utilizando un diluyente de aire\/nitrox\/helio para el buceo formal de descompresi\u00f3n. Utilizar\u00e1 una mezcla de diluyente y de rescate con un contenido de helio no superior al 35% y un contenido de ox\u00edgeno no inferior al 21%, y se le permite utilizar hasta el 100% de ox\u00edgeno para la descompresi\u00f3n. <\/p><h3>Duraci\u00f3n:<\/h3><ul><li>5 d\u00edas<\/li><\/ul><h3>Incluye:<\/h3><ul><li>8 inmersiones de entrenamiento<\/li><li>Sofnolime<\/li><li>Materiales digitales<\/li><li>O<sub>2<\/sub><\/li><li>Tanques<\/li><li>Certificaci\u00f3n TDI CCR Helitrox Diluent Decompression Diver<\/li><\/ul><h3>No incluye:<\/h3><ul><li>Alquiler de equipo<\/li><li>Seguro de buceo<\/li><li>Helio<\/li><li>Alquiler de unidad CCR<\/li><\/ul><h3>Requisitos:<\/h3><ul><li>M\u00ednimo 18 a\u00f1os<\/li><li>M\u00ednimo 50 inmersiones registradas<\/li><li>Tener la certificaci\u00f3n de TDI Advanced Nitrox and Decompression Procedures Diver o Helitrox Diver o equivalente<\/li><li>Tener certificaci\u00f3n de buceador Sidemount de TDI o equivalente, si se utiliza un rebreather sidemount aprobado y proporcionar prueba de 10 inmersiones sidemount registradas<\/li><li>Certificaci\u00f3n m\u00e9dica v\u00e1lida del \u00faltimo a\u00f1o (no se acepta la autocertificaci\u00f3n)<\/li><\/ul><h3>Otros cursos que pueden interesarte:<\/h3><ul><li><a href=\"https:\/\/calerodiving.com\/es\/nitrox-avanzado\/\">Nitrox avanzado<\/a> y <a href=\"https:\/\/calerodiving.com\/es\/procedimientos-de-descompresion\/\">procedimientos de descompresi\u00f3n<\/a><\/li><li><a href=\"https:\/\/calerodiving.com\/es\/buceador-con-diluyente-de-aire-ccr-mod-1\/\">Buceador CCR con diluyente de aire<\/a><\/li><\/ul><\/div>\t\t\t\t\t\t\t\t<\/div>\n\t\t\t\t<\/div>\n\t\t\t\t<\/div>\n\t\t\t\t<\/div>\n\t\t<div class=\"elementor-element elementor-element-7717410 e-con-full e-flex e-con e-child\" data-id=\"7717410\" data-element_type=\"container\" data-e-type=\"container\">\n\t\t<div class=\"elementor-element elementor-element-260eb6e e-con-full course-sidebar-box e-flex e-con e-child\" data-id=\"260eb6e\" data-element_type=\"container\" data-e-type=\"container\" data-settings=\"{&quot;sticky&quot;:&quot;top&quot;,&quot;sticky_offset&quot;:110,&quot;sticky_effects_offset&quot;:130,&quot;sticky_parent&quot;:&quot;yes&quot;,&quot;sticky_on&quot;:[&quot;desktop&quot;,&quot;tablet&quot;,&quot;mobile&quot;],&quot;sticky_anchor_link_offset&quot;:0}\">\n\t\t\t\t<div class=\"elementor-element elementor-element-3f6266d elementor-widget elementor-widget-text-editor\" data-id=\"3f6266d\" data-element_type=\"widget\" data-e-type=\"widget\" data-widget_type=\"text-editor.default\">\n\t\t\t\t<div class=\"elementor-widget-container\">\n\t\t\t\t\t\t\t\t\t<div class=\"courses-info\"><h6 class=\"no-margin\">Duraci\u00f3n:<\/h6><p class=\"no-margin\">Curso de 5 d\u00edas<\/p><\/div><div class=\"courses-info\"><h6 class=\"no-margin\">Precio:<\/h6><p class=\"no-margin\">Desde 1850 \u20ac<\/p><\/div>\t\t\t\t\t\t\t\t<\/div>\n\t\t\t\t<\/div>\n\t\t\t\t<div class=\"elementor-element elementor-element-9331b11 elementor-mobile-align-center elementor-widget elementor-widget-button\" data-id=\"9331b11\" data-element_type=\"widget\" data-e-type=\"widget\" data-widget_type=\"button.default\">\n\t\t\t\t<div class=\"elementor-widget-container\">\n\t\t\t\t\t\t\t\t\t<div class=\"elementor-button-wrapper\">\n\t\t\t\t\t<a class=\"elementor-button elementor-button-link elementor-size-sm\" href=\"https:\/\/app.bukyapp.com\/front\/6213b2319a1bbf005fa0b870\/product\/6888c737496a39fad5003ecf?lang=en\" target=\"_blank\">\n\t\t\t\t\t\t<span class=\"elementor-button-content-wrapper\">\n\t\t\t\t\t\t\t\t\t<span class=\"elementor-button-text\">Comprar curso<\/span>\n\t\t\t\t\t<\/span>\n\t\t\t\t\t<\/a>\n\t\t\t\t<\/div>\n\t\t\t\t\t\t\t\t<\/div>\n\t\t\t\t<\/div>\n\t\t\t\t<\/div>\n\t\t\t\t<\/div>\n\t\t\t\t\t<\/div>\n\t\t\t\t<\/div>\n\t\t\t\t<\/div>\n\t\t","protected":false},"excerpt":{"rendered":"<p>T\u00e9cnico Buzo de descompresi\u00f3n con diluyente Helitrox CCR (MOD 1) Buceo formal de descompresi\u00f3n con aire\/nitrox\/helio Descripci\u00f3n general del programa: El objetivo del curso TDI CCR Helitrox Diluent Decompression Diver es capacitar a los buceadores en los beneficios, peligros y procedimientos adecuados para bucear con un CCR y desarrollar habilidades b\u00e1sicas de buceo con CCR, [&hellip;]<\/p>\n","protected":false},"author":10,"featured_media":0,"parent":0,"menu_order":0,"comment_status":"closed","ping_status":"closed","template":"","meta":{"_acf_changed":false,"footnotes":""},"class_list":["post-24656","page","type-page","status-publish","hentry"],"acf":[],"yoast_head":"<!-- This site is optimized with the Yoast SEO plugin v27.5 - https:\/\/yoast.com\/product\/yoast-seo-wordpress\/ -->\n<title>Buceador de descompresi\u00f3n con diluyente helitrox CCR (MOD 1) | Calero Diving Lanzarote<\/title>\n<meta name=\"robots\" content=\"index, follow, max-snippet:-1, max-image-preview:large, max-video-preview:-1\" \/>\n<link rel=\"canonical\" href=\"https:\/\/calerodiving.com\/es\/buceador-de-descompresion-con-diluyente-helitrox-ccr-mod-1\/\" \/>\n<meta property=\"og:locale\" content=\"es_ES\" \/>\n<meta property=\"og:type\" content=\"article\" \/>\n<meta property=\"og:title\" content=\"Buceador de descompresi\u00f3n con diluyente helitrox CCR (MOD 1) | Calero Diving Lanzarote\" \/>\n<meta property=\"og:description\" content=\"T\u00e9cnico Buzo de descompresi\u00f3n con diluyente Helitrox CCR (MOD 1) Buceo formal de descompresi\u00f3n con aire\/nitrox\/helio Descripci\u00f3n general del programa: El objetivo del curso TDI CCR Helitrox Diluent Decompression Diver es capacitar a los buceadores en los beneficios, peligros y procedimientos adecuados para bucear con un CCR y desarrollar habilidades b\u00e1sicas de buceo con CCR, [&hellip;]\" \/>\n<meta property=\"og:url\" content=\"https:\/\/calerodiving.com\/es\/buceador-de-descompresion-con-diluyente-helitrox-ccr-mod-1\/\" \/>\n<meta property=\"og:site_name\" content=\"Calero Diving Lanzarote\" \/>\n<meta property=\"article:publisher\" content=\"https:\/\/www.facebook.com\/calerodiving\/\" \/>\n<meta property=\"article:modified_time\" content=\"2025-08-27T07:50:55+00:00\" \/>\n<meta property=\"og:image\" content=\"https:\/\/calerodiving.com\/wp-content\/uploads\/2025\/08\/CCR-Helitrox-Diluent-Decompression-Diver-MOD-1-Coruse.png\" \/>\n\t<meta property=\"og:image:width\" content=\"700\" \/>\n\t<meta property=\"og:image:height\" content=\"445\" \/>\n\t<meta property=\"og:image:type\" content=\"image\/png\" \/>\n<meta name=\"twitter:card\" content=\"summary_large_image\" \/>\n<meta name=\"twitter:label1\" content=\"Tiempo de lectura\" \/>\n\t<meta name=\"twitter:data1\" content=\"1 minuto\" \/>\n<script type=\"application\/ld+json\" class=\"yoast-schema-graph\">{\"@context\":\"https:\\\/\\\/schema.org\",\"@graph\":[{\"@type\":\"WebPage\",\"@id\":\"https:\\\/\\\/calerodiving.com\\\/es\\\/buceador-de-descompresion-con-diluyente-helitrox-ccr-mod-1\\\/\",\"url\":\"https:\\\/\\\/calerodiving.com\\\/es\\\/buceador-de-descompresion-con-diluyente-helitrox-ccr-mod-1\\\/\",\"name\":\"Buceador de descompresi\u00f3n con diluyente helitrox CCR (MOD 1) | Calero Diving Lanzarote\",\"isPartOf\":{\"@id\":\"https:\\\/\\\/calerodiving.com\\\/#website\"},\"primaryImageOfPage\":{\"@id\":\"https:\\\/\\\/calerodiving.com\\\/es\\\/buceador-de-descompresion-con-diluyente-helitrox-ccr-mod-1\\\/#primaryimage\"},\"image\":{\"@id\":\"https:\\\/\\\/calerodiving.com\\\/es\\\/buceador-de-descompresion-con-diluyente-helitrox-ccr-mod-1\\\/#primaryimage\"},\"thumbnailUrl\":\"https:\\\/\\\/calerodiving.com\\\/wp-content\\\/uploads\\\/2025\\\/08\\\/CCR-Helitrox-Diluent-Decompression-Diver-MOD-1-Coruse.png\",\"datePublished\":\"2025-08-27T07:50:50+00:00\",\"dateModified\":\"2025-08-27T07:50:55+00:00\",\"breadcrumb\":{\"@id\":\"https:\\\/\\\/calerodiving.com\\\/es\\\/buceador-de-descompresion-con-diluyente-helitrox-ccr-mod-1\\\/#breadcrumb\"},\"inLanguage\":\"es\",\"potentialAction\":[{\"@type\":\"ReadAction\",\"target\":[\"https:\\\/\\\/calerodiving.com\\\/es\\\/buceador-de-descompresion-con-diluyente-helitrox-ccr-mod-1\\\/\"]}]},{\"@type\":\"ImageObject\",\"inLanguage\":\"es\",\"@id\":\"https:\\\/\\\/calerodiving.com\\\/es\\\/buceador-de-descompresion-con-diluyente-helitrox-ccr-mod-1\\\/#primaryimage\",\"url\":\"https:\\\/\\\/calerodiving.com\\\/wp-content\\\/uploads\\\/2025\\\/08\\\/CCR-Helitrox-Diluent-Decompression-Diver-MOD-1-Coruse.png\",\"contentUrl\":\"https:\\\/\\\/calerodiving.com\\\/wp-content\\\/uploads\\\/2025\\\/08\\\/CCR-Helitrox-Diluent-Decompression-Diver-MOD-1-Coruse.png\"},{\"@type\":\"BreadcrumbList\",\"@id\":\"https:\\\/\\\/calerodiving.com\\\/es\\\/buceador-de-descompresion-con-diluyente-helitrox-ccr-mod-1\\\/#breadcrumb\",\"itemListElement\":[{\"@type\":\"ListItem\",\"position\":1,\"name\":\"Home\",\"item\":\"https:\\\/\\\/calerodiving.com\\\/es\\\/\"},{\"@type\":\"ListItem\",\"position\":2,\"name\":\"Buceador de descompresi\u00f3n con diluyente helitrox CCR (MOD 1)\"}]},{\"@type\":\"WebSite\",\"@id\":\"https:\\\/\\\/calerodiving.com\\\/#website\",\"url\":\"https:\\\/\\\/calerodiving.com\\\/\",\"name\":\"Calero Diving Lanzarote\",\"description\":\"Diving Center Lanzarote\",\"publisher\":{\"@id\":\"https:\\\/\\\/calerodiving.com\\\/#organization\"},\"alternateName\":\"Calero Diving\",\"potentialAction\":[{\"@type\":\"SearchAction\",\"target\":{\"@type\":\"EntryPoint\",\"urlTemplate\":\"https:\\\/\\\/calerodiving.com\\\/?s={search_term_string}\"},\"query-input\":{\"@type\":\"PropertyValueSpecification\",\"valueRequired\":true,\"valueName\":\"search_term_string\"}}],\"inLanguage\":\"es\"},{\"@type\":\"Organization\",\"@id\":\"https:\\\/\\\/calerodiving.com\\\/#organization\",\"name\":\"Calero Diving Lanzarote\",\"alternateName\":\"Calero Diving\",\"url\":\"https:\\\/\\\/calerodiving.com\\\/\",\"logo\":{\"@type\":\"ImageObject\",\"inLanguage\":\"es\",\"@id\":\"https:\\\/\\\/calerodiving.com\\\/#\\\/schema\\\/logo\\\/image\\\/\",\"url\":\"https:\\\/\\\/calerodiving.com\\\/wp-content\\\/uploads\\\/2025\\\/05\\\/Grupo.png\",\"contentUrl\":\"https:\\\/\\\/calerodiving.com\\\/wp-content\\\/uploads\\\/2025\\\/05\\\/Grupo.png\",\"width\":499,\"height\":590,\"caption\":\"Calero Diving Lanzarote\"},\"image\":{\"@id\":\"https:\\\/\\\/calerodiving.com\\\/#\\\/schema\\\/logo\\\/image\\\/\"},\"sameAs\":[\"https:\\\/\\\/www.facebook.com\\\/calerodiving\\\/\",\"https:\\\/\\\/www.instagram.com\\\/calerodiving\\\/\"]}]}<\/script>\n<!-- \/ Yoast SEO plugin. -->","yoast_head_json":{"title":"Buceador de descompresi\u00f3n con diluyente helitrox CCR (MOD 1) | Calero Diving Lanzarote","robots":{"index":"index","follow":"follow","max-snippet":"max-snippet:-1","max-image-preview":"max-image-preview:large","max-video-preview":"max-video-preview:-1"},"canonical":"https:\/\/calerodiving.com\/es\/buceador-de-descompresion-con-diluyente-helitrox-ccr-mod-1\/","og_locale":"es_ES","og_type":"article","og_title":"Buceador de descompresi\u00f3n con diluyente helitrox CCR (MOD 1) | Calero Diving Lanzarote","og_description":"T\u00e9cnico Buzo de descompresi\u00f3n con diluyente Helitrox CCR (MOD 1) Buceo formal de descompresi\u00f3n con aire\/nitrox\/helio Descripci\u00f3n general del programa: El objetivo del curso TDI CCR Helitrox Diluent Decompression Diver es capacitar a los buceadores en los beneficios, peligros y procedimientos adecuados para bucear con un CCR y desarrollar habilidades b\u00e1sicas de buceo con CCR, [&hellip;]","og_url":"https:\/\/calerodiving.com\/es\/buceador-de-descompresion-con-diluyente-helitrox-ccr-mod-1\/","og_site_name":"Calero Diving Lanzarote","article_publisher":"https:\/\/www.facebook.com\/calerodiving\/","article_modified_time":"2025-08-27T07:50:55+00:00","og_image":[{"width":700,"height":445,"url":"https:\/\/calerodiving.com\/wp-content\/uploads\/2025\/08\/CCR-Helitrox-Diluent-Decompression-Diver-MOD-1-Coruse.png","type":"image\/png"}],"twitter_card":"summary_large_image","twitter_misc":{"Tiempo de lectura":"1 minuto"},"schema":{"@context":"https:\/\/schema.org","@graph":[{"@type":"WebPage","@id":"https:\/\/calerodiving.com\/es\/buceador-de-descompresion-con-diluyente-helitrox-ccr-mod-1\/","url":"https:\/\/calerodiving.com\/es\/buceador-de-descompresion-con-diluyente-helitrox-ccr-mod-1\/","name":"Buceador de descompresi\u00f3n con diluyente helitrox CCR (MOD 1) | Calero Diving Lanzarote","isPartOf":{"@id":"https:\/\/calerodiving.com\/#website"},"primaryImageOfPage":{"@id":"https:\/\/calerodiving.com\/es\/buceador-de-descompresion-con-diluyente-helitrox-ccr-mod-1\/#primaryimage"},"image":{"@id":"https:\/\/calerodiving.com\/es\/buceador-de-descompresion-con-diluyente-helitrox-ccr-mod-1\/#primaryimage"},"thumbnailUrl":"https:\/\/calerodiving.com\/wp-content\/uploads\/2025\/08\/CCR-Helitrox-Diluent-Decompression-Diver-MOD-1-Coruse.png","datePublished":"2025-08-27T07:50:50+00:00","dateModified":"2025-08-27T07:50:55+00:00","breadcrumb":{"@id":"https:\/\/calerodiving.com\/es\/buceador-de-descompresion-con-diluyente-helitrox-ccr-mod-1\/#breadcrumb"},"inLanguage":"es","potentialAction":[{"@type":"ReadAction","target":["https:\/\/calerodiving.com\/es\/buceador-de-descompresion-con-diluyente-helitrox-ccr-mod-1\/"]}]},{"@type":"ImageObject","inLanguage":"es","@id":"https:\/\/calerodiving.com\/es\/buceador-de-descompresion-con-diluyente-helitrox-ccr-mod-1\/#primaryimage","url":"https:\/\/calerodiving.com\/wp-content\/uploads\/2025\/08\/CCR-Helitrox-Diluent-Decompression-Diver-MOD-1-Coruse.png","contentUrl":"https:\/\/calerodiving.com\/wp-content\/uploads\/2025\/08\/CCR-Helitrox-Diluent-Decompression-Diver-MOD-1-Coruse.png"},{"@type":"BreadcrumbList","@id":"https:\/\/calerodiving.com\/es\/buceador-de-descompresion-con-diluyente-helitrox-ccr-mod-1\/#breadcrumb","itemListElement":[{"@type":"ListItem","position":1,"name":"Home","item":"https:\/\/calerodiving.com\/es\/"},{"@type":"ListItem","position":2,"name":"Buceador de descompresi\u00f3n con diluyente helitrox CCR (MOD 1)"}]},{"@type":"WebSite","@id":"https:\/\/calerodiving.com\/#website","url":"https:\/\/calerodiving.com\/","name":"Calero Diving Lanzarote","description":"Diving Center Lanzarote","publisher":{"@id":"https:\/\/calerodiving.com\/#organization"},"alternateName":"Calero Diving","potentialAction":[{"@type":"SearchAction","target":{"@type":"EntryPoint","urlTemplate":"https:\/\/calerodiving.com\/?s={search_term_string}"},"query-input":{"@type":"PropertyValueSpecification","valueRequired":true,"valueName":"search_term_string"}}],"inLanguage":"es"},{"@type":"Organization","@id":"https:\/\/calerodiving.com\/#organization","name":"Calero Diving Lanzarote","alternateName":"Calero Diving","url":"https:\/\/calerodiving.com\/","logo":{"@type":"ImageObject","inLanguage":"es","@id":"https:\/\/calerodiving.com\/#\/schema\/logo\/image\/","url":"https:\/\/calerodiving.com\/wp-content\/uploads\/2025\/05\/Grupo.png","contentUrl":"https:\/\/calerodiving.com\/wp-content\/uploads\/2025\/05\/Grupo.png","width":499,"height":590,"caption":"Calero Diving Lanzarote"},"image":{"@id":"https:\/\/calerodiving.com\/#\/schema\/logo\/image\/"},"sameAs":["https:\/\/www.facebook.com\/calerodiving\/","https:\/\/www.instagram.com\/calerodiving\/"]}]}},"_links":{"self":[{"href":"https:\/\/calerodiving.com\/es\/wp-json\/wp\/v2\/pages\/24656","targetHints":{"allow":["GET"]}}],"collection":[{"href":"https:\/\/calerodiving.com\/es\/wp-json\/wp\/v2\/pages"}],"about":[{"href":"https:\/\/calerodiving.com\/es\/wp-json\/wp\/v2\/types\/page"}],"author":[{"embeddable":true,"href":"https:\/\/calerodiving.com\/es\/wp-json\/wp\/v2\/users\/10"}],"replies":[{"embeddable":true,"href":"https:\/\/calerodiving.com\/es\/wp-json\/wp\/v2\/comments?post=24656"}],"version-history":[{"count":1,"href":"https:\/\/calerodiving.com\/es\/wp-json\/wp\/v2\/pages\/24656\/revisions"}],"predecessor-version":[{"id":24658,"href":"https:\/\/calerodiving.com\/es\/wp-json\/wp\/v2\/pages\/24656\/revisions\/24658"}],"wp:attachment":[{"href":"https:\/\/calerodiving.com\/es\/wp-json\/wp\/v2\/media?parent=24656"}],"curies":[{"name":"wp","href":"https:\/\/api.w.org\/{rel}","templated":true}]}}