{"id":24647,"date":"2025-08-27T08:50:30","date_gmt":"2025-08-27T07:50:30","guid":{"rendered":"https:\/\/calerodiving.com\/buceador-con-diluyente-de-aire-ccr-mod-1\/"},"modified":"2025-08-27T08:50:31","modified_gmt":"2025-08-27T07:50:31","slug":"buceador-con-diluyente-de-aire-ccr-mod-1","status":"publish","type":"page","link":"https:\/\/calerodiving.com\/es\/buceador-con-diluyente-de-aire-ccr-mod-1\/","title":{"rendered":"Buceador con diluyente de aire CCR (MOD 1)"},"content":{"rendered":"\t\t<div data-elementor-type=\"wp-page\" data-elementor-id=\"24647\" class=\"elementor elementor-24647 elementor-21289\" data-elementor-post-type=\"page\">\n\t\t\t\t<div class=\"elementor-element elementor-element-b053bb0 e-flex e-con-boxed e-con e-parent\" data-id=\"b053bb0\" data-element_type=\"container\" data-e-type=\"container\">\n\t\t\t\t\t<div class=\"e-con-inner\">\n\t\t<div class=\"elementor-element elementor-element-87614fe e-con-full e-flex e-con e-child\" data-id=\"87614fe\" data-element_type=\"container\" data-e-type=\"container\">\n\t\t\t\t<div class=\"elementor-element elementor-element-a2d6bb2 elementor-widget elementor-widget-image\" data-id=\"a2d6bb2\" data-element_type=\"widget\" data-e-type=\"widget\" data-widget_type=\"image.default\">\n\t\t\t\t<div class=\"elementor-widget-container\">\n\t\t\t\t\t\t\t\t\t\t\t\t\t\t\t<img fetchpriority=\"high\" decoding=\"async\" width=\"700\" height=\"445\" src=\"https:\/\/calerodiving.com\/wp-content\/uploads\/2025\/08\/CCR-air-diluent-coursee-.png\" class=\"attachment-large size-large wp-image-22501\" alt=\"\" srcset=\"https:\/\/calerodiving.com\/wp-content\/uploads\/2025\/08\/CCR-air-diluent-coursee-.png 700w, https:\/\/calerodiving.com\/wp-content\/uploads\/2025\/08\/CCR-air-diluent-coursee--300x191.png 300w\" sizes=\"(max-width: 700px) 100vw, 700px\" \/>\t\t\t\t\t\t\t\t\t\t\t\t\t\t\t<\/div>\n\t\t\t\t<\/div>\n\t\t\t\t<\/div>\n\t\t<div class=\"elementor-element elementor-element-7e7c4eb e-con-full e-flex e-con e-child\" data-id=\"7e7c4eb\" data-element_type=\"container\" data-e-type=\"container\">\n\t\t<div class=\"elementor-element elementor-element-778bdb5 e-con-full e-flex e-con e-child\" data-id=\"778bdb5\" data-element_type=\"container\" data-e-type=\"container\">\n\t\t\t\t<div class=\"elementor-element elementor-element-bb2a917 elementor-widget elementor-widget-html\" data-id=\"bb2a917\" data-element_type=\"widget\" data-e-type=\"widget\" data-widget_type=\"html.default\">\n\t\t\t\t<div class=\"elementor-widget-container\">\n\t\t\t\t\t<a href=\"https:\/\/calerodiving.com\/es\/?page_id=24480#tdi-closed\" class=\"tag-button\">T\u00e9cnico<\/a>\n\t\t\t\t<\/div>\n\t\t\t\t<\/div>\n\t\t\t\t<div class=\"elementor-element elementor-element-9240104 elementor-widget elementor-widget-heading\" data-id=\"9240104\" data-element_type=\"widget\" data-e-type=\"widget\" data-widget_type=\"heading.default\">\n\t\t\t\t<div class=\"elementor-widget-container\">\n\t\t\t\t\t<h2 class=\"elementor-heading-title elementor-size-default\">Buzo con diluyente de aire CCR (MOD 1)<\/h2>\t\t\t\t<\/div>\n\t\t\t\t<\/div>\n\t\t\t\t<\/div>\n\t\t\t\t<\/div>\n\t\t\t\t\t<\/div>\n\t\t\t\t<\/div>\n\t\t<div class=\"elementor-element elementor-element-e4fbbd4 e-flex e-con-boxed e-con e-parent\" data-id=\"e4fbbd4\" data-element_type=\"container\" data-e-type=\"container\">\n\t\t\t\t\t<div class=\"e-con-inner\">\n\t\t<div class=\"elementor-element elementor-element-a6d95d2 e-con-full e-flex e-con e-child\" data-id=\"a6d95d2\" data-element_type=\"container\" data-e-type=\"container\">\n\t\t<div class=\"elementor-element elementor-element-1a3508b e-con-full e-flex e-con e-child\" data-id=\"1a3508b\" data-element_type=\"container\" data-e-type=\"container\">\n\t\t\t\t<div class=\"elementor-element elementor-element-3de7630 elementor-widget elementor-widget-heading\" data-id=\"3de7630\" data-element_type=\"widget\" data-e-type=\"widget\" data-widget_type=\"heading.default\">\n\t\t\t\t<div class=\"elementor-widget-container\">\n\t\t\t\t\t<h2 class=\"elementor-heading-title elementor-size-default\">El primer paso para convertirte en buceador con rebreather<\/h2>\t\t\t\t<\/div>\n\t\t\t\t<\/div>\n\t\t\t\t<div class=\"elementor-element elementor-element-301ce02 elementor-widget elementor-widget-text-editor\" data-id=\"301ce02\" data-element_type=\"widget\" data-e-type=\"widget\" data-widget_type=\"text-editor.default\">\n\t\t\t\t<div class=\"elementor-widget-container\">\n\t\t\t\t\t\t\t\t\t<div class=\"section-list\">\n  <h3>Descripci\u00f3n general del programa:<\/h3>\n  <ul>\n    <li>El curso de buceador con rebreather de circuito cerrado (CCR) con diluyente de aire de TDI es tu primer paso en el buceo con CCR y tu primera experiencia de buceo verdaderamente silenciosa. \u00a1El uso de la \u00faltima tecnolog\u00eda en CCR puede maximizar tu suministro de gas y proporcionar un gas respirable \u00f3ptimo para cualquier profundidad manteniendo una presi\u00f3n parcial constante de ox\u00edgeno. \u00a1Es como tener una m\u00e1quina mezcladora de Nitrox en tu espalda!  <\/li>\n    <li>Durante este curso, aprender\u00e1s todas las habilidades necesarias para realizar inmersiones CCR sin descompresi\u00f3n a una profundidad m\u00e1xima de 30 metros utilizando diluyente de aire.<\/li>\n    <li>Si ya eres un buceador t\u00e9cnico de circuito abierto que busca pasarse al lado \u00absilencioso\u00bb, o tal vez eres un buceador con diluyente de aire CCR que busca progresar al siguiente nivel, entonces este curso se puede completar con la formaci\u00f3n adicional para convertirte en un buceador con descompresi\u00f3n con diluyente de aire CCR de TDI.<\/li>\n    <li>Durante este curso, aprender\u00e1s todas las habilidades necesarias para realizar inmersiones CCR con descompresi\u00f3n a una profundidad m\u00e1xima de 40 metros utilizando diluyente de aire.<\/li>\n  <\/ul>\n  <h3>Duraci\u00f3n:<\/h3>\n  <ul>\n    <li>5 d\u00edas<\/li>\n  <\/ul>\n  <h3>Incluye:<\/h3>\n  <ul>\n    <li>8 inmersiones de entrenamiento<\/li>\n    <li>Materiales digitales<\/li>\n    <li>Sofnolime<\/li>\n    <li>O<sub>2<\/sub><\/li>\n    <li>Tanques<\/li>\n    <li>Certificaci\u00f3n de buceador con diluyente de aire CCR de TDI o certificaci\u00f3n de buceador con descompresi\u00f3n con diluyente de aire CCR<\/li>\n  <\/ul>\n  <h3>No incluye:<\/h3>\n  <ul>\n    <li>Alquiler de equipo<\/li>\n    <li>Seguro de buceo<\/li>\n    <li>Alquiler de unidad CCR<\/li>\n  <\/ul>\n  <h3>Requisitos:<\/h3>\n  <ul>\n    <li>M\u00ednimo 18 a\u00f1os<\/li>\n    <li>M\u00ednimo 20 inmersiones registradas<\/li>\n    <li>Tener certificaci\u00f3n de buceador Nitrox de TDI o equivalente<\/li>\n    <li>Certificaci\u00f3n m\u00e9dica v\u00e1lida del \u00faltimo a\u00f1o (no se acepta la autocertificaci\u00f3n)<\/li>\n  <\/ul>\n  <h3>O:<\/h3>\n  <ul>\n    <li>M\u00ednimo 50 inmersiones registradas<\/li>\n    <li>Tener certificaciones de buceador Nitrox Avanzado y Procedimientos de Descompresi\u00f3n de TDI o equivalente<\/li>\n    <li>Tener certificaci\u00f3n de buceador Sidemount de TDI o equivalente, si se utiliza un rebreather sidemount aprobado y proporcionar prueba de 10 inmersiones sidemount registradas<\/li>\n  <\/ul>\n  <h3>Otros cursos que pueden interesarte:<\/h3>\n  <ul>\n    <li><a href=\"https:\/\/calerodiving.com\/es\/nitrox-avanzado\/\">Nitrox avanzado<\/a> y <a href=\"https:\/\/calerodiving.com\/es\/procedimientos-de-descompresion\/\">procedimientos de descompresi\u00f3n<\/a><\/li>\n    <li><a href=\"https:\/\/calerodiving.com\/ccr-helitrox-diluent-decompression-diver-mod-1\/\">Buzo de descompresi\u00f3n con diluyente Helitrox CCR (MOD 1)<\/a><\/li>\n  <\/ul>\n<\/div>\n\t\t\t\t\t\t\t\t<\/div>\n\t\t\t\t<\/div>\n\t\t\t\t<\/div>\n\t\t\t\t<\/div>\n\t\t<div class=\"elementor-element elementor-element-27b11e5 e-con-full e-flex e-con e-child\" data-id=\"27b11e5\" data-element_type=\"container\" data-e-type=\"container\">\n\t\t<div class=\"elementor-element elementor-element-5aa4fc9 e-con-full course-sidebar-box e-flex e-con e-child\" data-id=\"5aa4fc9\" data-element_type=\"container\" data-e-type=\"container\" data-settings=\"{&quot;sticky&quot;:&quot;top&quot;,&quot;sticky_offset&quot;:110,&quot;sticky_effects_offset&quot;:130,&quot;sticky_parent&quot;:&quot;yes&quot;,&quot;sticky_on&quot;:[&quot;desktop&quot;,&quot;tablet&quot;,&quot;mobile&quot;],&quot;sticky_anchor_link_offset&quot;:0}\">\n\t\t\t\t<div class=\"elementor-element elementor-element-9eb945c elementor-widget elementor-widget-text-editor\" data-id=\"9eb945c\" data-element_type=\"widget\" data-e-type=\"widget\" data-widget_type=\"text-editor.default\">\n\t\t\t\t<div class=\"elementor-widget-container\">\n\t\t\t\t\t\t\t\t\t<div class=\"courses-info\"><h6 class=\"no-margin\">Duraci\u00f3n:<\/h6><p class=\"no-margin\">Curso de 5 d\u00edas<\/p><\/div><div class=\"courses-info\"><h6 class=\"no-margin\">Precio:<\/h6><p class=\"no-margin\">Desde 1850 \u20ac<\/p><\/div>\t\t\t\t\t\t\t\t<\/div>\n\t\t\t\t<\/div>\n\t\t\t\t<div class=\"elementor-element elementor-element-f6bfbe6 elementor-mobile-align-center elementor-widget elementor-widget-button\" data-id=\"f6bfbe6\" data-element_type=\"widget\" data-e-type=\"widget\" data-widget_type=\"button.default\">\n\t\t\t\t<div class=\"elementor-widget-container\">\n\t\t\t\t\t\t\t\t\t<div class=\"elementor-button-wrapper\">\n\t\t\t\t\t<a class=\"elementor-button elementor-button-link elementor-size-sm\" href=\"https:\/\/app.bukyapp.com\/front\/6213b2319a1bbf005fa0b870\/product\/6888c6f4496a39fad5003bf3?lang=en\" target=\"_blank\">\n\t\t\t\t\t\t<span class=\"elementor-button-content-wrapper\">\n\t\t\t\t\t\t\t\t\t<span class=\"elementor-button-text\">Comprar curso<\/span>\n\t\t\t\t\t<\/span>\n\t\t\t\t\t<\/a>\n\t\t\t\t<\/div>\n\t\t\t\t\t\t\t\t<\/div>\n\t\t\t\t<\/div>\n\t\t\t\t<\/div>\n\t\t\t\t<\/div>\n\t\t\t\t\t<\/div>\n\t\t\t\t<\/div>\n\t\t\t\t<\/div>\n\t\t","protected":false},"excerpt":{"rendered":"<p>T\u00e9cnico Buzo con diluyente de aire CCR (MOD 1) El primer paso para convertirte en buceador con rebreather Descripci\u00f3n general del programa: El curso de buceador con rebreather de circuito cerrado (CCR) con diluyente de aire de TDI es tu primer paso en el buceo con CCR y tu primera experiencia de buceo verdaderamente silenciosa. [&hellip;]<\/p>\n","protected":false},"author":10,"featured_media":0,"parent":0,"menu_order":0,"comment_status":"closed","ping_status":"closed","template":"","meta":{"_acf_changed":false,"footnotes":""},"class_list":["post-24647","page","type-page","status-publish","hentry"],"acf":[],"yoast_head":"<!-- This site is optimized with the Yoast SEO plugin v27.5 - https:\/\/yoast.com\/product\/yoast-seo-wordpress\/ -->\n<title>Buceador con diluyente de aire CCR (MOD 1) | Calero Diving Lanzarote<\/title>\n<meta name=\"robots\" content=\"index, follow, max-snippet:-1, max-image-preview:large, max-video-preview:-1\" \/>\n<link rel=\"canonical\" href=\"https:\/\/calerodiving.com\/es\/buceador-con-diluyente-de-aire-ccr-mod-1\/\" \/>\n<meta property=\"og:locale\" content=\"es_ES\" \/>\n<meta property=\"og:type\" content=\"article\" \/>\n<meta property=\"og:title\" content=\"Buceador con diluyente de aire CCR (MOD 1) | Calero Diving Lanzarote\" \/>\n<meta property=\"og:description\" content=\"T\u00e9cnico Buzo con diluyente de aire CCR (MOD 1) El primer paso para convertirte en buceador con rebreather Descripci\u00f3n general del programa: El curso de buceador con rebreather de circuito cerrado (CCR) con diluyente de aire de TDI es tu primer paso en el buceo con CCR y tu primera experiencia de buceo verdaderamente silenciosa. [&hellip;]\" \/>\n<meta property=\"og:url\" content=\"https:\/\/calerodiving.com\/es\/buceador-con-diluyente-de-aire-ccr-mod-1\/\" \/>\n<meta property=\"og:site_name\" content=\"Calero Diving Lanzarote\" \/>\n<meta property=\"article:publisher\" content=\"https:\/\/www.facebook.com\/calerodiving\/\" \/>\n<meta property=\"article:modified_time\" content=\"2025-08-27T07:50:31+00:00\" \/>\n<meta property=\"og:image\" content=\"https:\/\/calerodiving.com\/wp-content\/uploads\/2025\/08\/CCR-air-diluent-coursee-.png\" \/>\n\t<meta property=\"og:image:width\" content=\"700\" \/>\n\t<meta property=\"og:image:height\" content=\"445\" \/>\n\t<meta property=\"og:image:type\" content=\"image\/png\" \/>\n<meta name=\"twitter:card\" content=\"summary_large_image\" \/>\n<meta name=\"twitter:label1\" content=\"Tiempo de lectura\" \/>\n\t<meta name=\"twitter:data1\" content=\"2 minutos\" \/>\n<script type=\"application\/ld+json\" class=\"yoast-schema-graph\">{\"@context\":\"https:\\\/\\\/schema.org\",\"@graph\":[{\"@type\":\"WebPage\",\"@id\":\"https:\\\/\\\/calerodiving.com\\\/es\\\/buceador-con-diluyente-de-aire-ccr-mod-1\\\/\",\"url\":\"https:\\\/\\\/calerodiving.com\\\/es\\\/buceador-con-diluyente-de-aire-ccr-mod-1\\\/\",\"name\":\"Buceador con diluyente de aire CCR (MOD 1) | Calero Diving Lanzarote\",\"isPartOf\":{\"@id\":\"https:\\\/\\\/calerodiving.com\\\/#website\"},\"primaryImageOfPage\":{\"@id\":\"https:\\\/\\\/calerodiving.com\\\/es\\\/buceador-con-diluyente-de-aire-ccr-mod-1\\\/#primaryimage\"},\"image\":{\"@id\":\"https:\\\/\\\/calerodiving.com\\\/es\\\/buceador-con-diluyente-de-aire-ccr-mod-1\\\/#primaryimage\"},\"thumbnailUrl\":\"https:\\\/\\\/calerodiving.com\\\/wp-content\\\/uploads\\\/2025\\\/08\\\/CCR-air-diluent-coursee-.png\",\"datePublished\":\"2025-08-27T07:50:30+00:00\",\"dateModified\":\"2025-08-27T07:50:31+00:00\",\"breadcrumb\":{\"@id\":\"https:\\\/\\\/calerodiving.com\\\/es\\\/buceador-con-diluyente-de-aire-ccr-mod-1\\\/#breadcrumb\"},\"inLanguage\":\"es\",\"potentialAction\":[{\"@type\":\"ReadAction\",\"target\":[\"https:\\\/\\\/calerodiving.com\\\/es\\\/buceador-con-diluyente-de-aire-ccr-mod-1\\\/\"]}]},{\"@type\":\"ImageObject\",\"inLanguage\":\"es\",\"@id\":\"https:\\\/\\\/calerodiving.com\\\/es\\\/buceador-con-diluyente-de-aire-ccr-mod-1\\\/#primaryimage\",\"url\":\"https:\\\/\\\/calerodiving.com\\\/wp-content\\\/uploads\\\/2025\\\/08\\\/CCR-air-diluent-coursee-.png\",\"contentUrl\":\"https:\\\/\\\/calerodiving.com\\\/wp-content\\\/uploads\\\/2025\\\/08\\\/CCR-air-diluent-coursee-.png\"},{\"@type\":\"BreadcrumbList\",\"@id\":\"https:\\\/\\\/calerodiving.com\\\/es\\\/buceador-con-diluyente-de-aire-ccr-mod-1\\\/#breadcrumb\",\"itemListElement\":[{\"@type\":\"ListItem\",\"position\":1,\"name\":\"Home\",\"item\":\"https:\\\/\\\/calerodiving.com\\\/es\\\/\"},{\"@type\":\"ListItem\",\"position\":2,\"name\":\"Buceador con diluyente de aire CCR (MOD 1)\"}]},{\"@type\":\"WebSite\",\"@id\":\"https:\\\/\\\/calerodiving.com\\\/#website\",\"url\":\"https:\\\/\\\/calerodiving.com\\\/\",\"name\":\"Calero Diving Lanzarote\",\"description\":\"Diving Center Lanzarote\",\"publisher\":{\"@id\":\"https:\\\/\\\/calerodiving.com\\\/#organization\"},\"alternateName\":\"Calero Diving\",\"potentialAction\":[{\"@type\":\"SearchAction\",\"target\":{\"@type\":\"EntryPoint\",\"urlTemplate\":\"https:\\\/\\\/calerodiving.com\\\/?s={search_term_string}\"},\"query-input\":{\"@type\":\"PropertyValueSpecification\",\"valueRequired\":true,\"valueName\":\"search_term_string\"}}],\"inLanguage\":\"es\"},{\"@type\":\"Organization\",\"@id\":\"https:\\\/\\\/calerodiving.com\\\/#organization\",\"name\":\"Calero Diving Lanzarote\",\"alternateName\":\"Calero Diving\",\"url\":\"https:\\\/\\\/calerodiving.com\\\/\",\"logo\":{\"@type\":\"ImageObject\",\"inLanguage\":\"es\",\"@id\":\"https:\\\/\\\/calerodiving.com\\\/#\\\/schema\\\/logo\\\/image\\\/\",\"url\":\"https:\\\/\\\/calerodiving.com\\\/wp-content\\\/uploads\\\/2025\\\/05\\\/Grupo.png\",\"contentUrl\":\"https:\\\/\\\/calerodiving.com\\\/wp-content\\\/uploads\\\/2025\\\/05\\\/Grupo.png\",\"width\":499,\"height\":590,\"caption\":\"Calero Diving Lanzarote\"},\"image\":{\"@id\":\"https:\\\/\\\/calerodiving.com\\\/#\\\/schema\\\/logo\\\/image\\\/\"},\"sameAs\":[\"https:\\\/\\\/www.facebook.com\\\/calerodiving\\\/\",\"https:\\\/\\\/www.instagram.com\\\/calerodiving\\\/\"]}]}<\/script>\n<!-- \/ Yoast SEO plugin. -->","yoast_head_json":{"title":"Buceador con diluyente de aire CCR (MOD 1) | Calero Diving Lanzarote","robots":{"index":"index","follow":"follow","max-snippet":"max-snippet:-1","max-image-preview":"max-image-preview:large","max-video-preview":"max-video-preview:-1"},"canonical":"https:\/\/calerodiving.com\/es\/buceador-con-diluyente-de-aire-ccr-mod-1\/","og_locale":"es_ES","og_type":"article","og_title":"Buceador con diluyente de aire CCR (MOD 1) | Calero Diving Lanzarote","og_description":"T\u00e9cnico Buzo con diluyente de aire CCR (MOD 1) El primer paso para convertirte en buceador con rebreather Descripci\u00f3n general del programa: El curso de buceador con rebreather de circuito cerrado (CCR) con diluyente de aire de TDI es tu primer paso en el buceo con CCR y tu primera experiencia de buceo verdaderamente silenciosa. [&hellip;]","og_url":"https:\/\/calerodiving.com\/es\/buceador-con-diluyente-de-aire-ccr-mod-1\/","og_site_name":"Calero Diving Lanzarote","article_publisher":"https:\/\/www.facebook.com\/calerodiving\/","article_modified_time":"2025-08-27T07:50:31+00:00","og_image":[{"width":700,"height":445,"url":"https:\/\/calerodiving.com\/wp-content\/uploads\/2025\/08\/CCR-air-diluent-coursee-.png","type":"image\/png"}],"twitter_card":"summary_large_image","twitter_misc":{"Tiempo de lectura":"2 minutos"},"schema":{"@context":"https:\/\/schema.org","@graph":[{"@type":"WebPage","@id":"https:\/\/calerodiving.com\/es\/buceador-con-diluyente-de-aire-ccr-mod-1\/","url":"https:\/\/calerodiving.com\/es\/buceador-con-diluyente-de-aire-ccr-mod-1\/","name":"Buceador con diluyente de aire CCR (MOD 1) | Calero Diving Lanzarote","isPartOf":{"@id":"https:\/\/calerodiving.com\/#website"},"primaryImageOfPage":{"@id":"https:\/\/calerodiving.com\/es\/buceador-con-diluyente-de-aire-ccr-mod-1\/#primaryimage"},"image":{"@id":"https:\/\/calerodiving.com\/es\/buceador-con-diluyente-de-aire-ccr-mod-1\/#primaryimage"},"thumbnailUrl":"https:\/\/calerodiving.com\/wp-content\/uploads\/2025\/08\/CCR-air-diluent-coursee-.png","datePublished":"2025-08-27T07:50:30+00:00","dateModified":"2025-08-27T07:50:31+00:00","breadcrumb":{"@id":"https:\/\/calerodiving.com\/es\/buceador-con-diluyente-de-aire-ccr-mod-1\/#breadcrumb"},"inLanguage":"es","potentialAction":[{"@type":"ReadAction","target":["https:\/\/calerodiving.com\/es\/buceador-con-diluyente-de-aire-ccr-mod-1\/"]}]},{"@type":"ImageObject","inLanguage":"es","@id":"https:\/\/calerodiving.com\/es\/buceador-con-diluyente-de-aire-ccr-mod-1\/#primaryimage","url":"https:\/\/calerodiving.com\/wp-content\/uploads\/2025\/08\/CCR-air-diluent-coursee-.png","contentUrl":"https:\/\/calerodiving.com\/wp-content\/uploads\/2025\/08\/CCR-air-diluent-coursee-.png"},{"@type":"BreadcrumbList","@id":"https:\/\/calerodiving.com\/es\/buceador-con-diluyente-de-aire-ccr-mod-1\/#breadcrumb","itemListElement":[{"@type":"ListItem","position":1,"name":"Home","item":"https:\/\/calerodiving.com\/es\/"},{"@type":"ListItem","position":2,"name":"Buceador con diluyente de aire CCR (MOD 1)"}]},{"@type":"WebSite","@id":"https:\/\/calerodiving.com\/#website","url":"https:\/\/calerodiving.com\/","name":"Calero Diving Lanzarote","description":"Diving Center Lanzarote","publisher":{"@id":"https:\/\/calerodiving.com\/#organization"},"alternateName":"Calero Diving","potentialAction":[{"@type":"SearchAction","target":{"@type":"EntryPoint","urlTemplate":"https:\/\/calerodiving.com\/?s={search_term_string}"},"query-input":{"@type":"PropertyValueSpecification","valueRequired":true,"valueName":"search_term_string"}}],"inLanguage":"es"},{"@type":"Organization","@id":"https:\/\/calerodiving.com\/#organization","name":"Calero Diving Lanzarote","alternateName":"Calero Diving","url":"https:\/\/calerodiving.com\/","logo":{"@type":"ImageObject","inLanguage":"es","@id":"https:\/\/calerodiving.com\/#\/schema\/logo\/image\/","url":"https:\/\/calerodiving.com\/wp-content\/uploads\/2025\/05\/Grupo.png","contentUrl":"https:\/\/calerodiving.com\/wp-content\/uploads\/2025\/05\/Grupo.png","width":499,"height":590,"caption":"Calero Diving Lanzarote"},"image":{"@id":"https:\/\/calerodiving.com\/#\/schema\/logo\/image\/"},"sameAs":["https:\/\/www.facebook.com\/calerodiving\/","https:\/\/www.instagram.com\/calerodiving\/"]}]}},"_links":{"self":[{"href":"https:\/\/calerodiving.com\/es\/wp-json\/wp\/v2\/pages\/24647","targetHints":{"allow":["GET"]}}],"collection":[{"href":"https:\/\/calerodiving.com\/es\/wp-json\/wp\/v2\/pages"}],"about":[{"href":"https:\/\/calerodiving.com\/es\/wp-json\/wp\/v2\/types\/page"}],"author":[{"embeddable":true,"href":"https:\/\/calerodiving.com\/es\/wp-json\/wp\/v2\/users\/10"}],"replies":[{"embeddable":true,"href":"https:\/\/calerodiving.com\/es\/wp-json\/wp\/v2\/comments?post=24647"}],"version-history":[{"count":1,"href":"https:\/\/calerodiving.com\/es\/wp-json\/wp\/v2\/pages\/24647\/revisions"}],"predecessor-version":[{"id":24649,"href":"https:\/\/calerodiving.com\/es\/wp-json\/wp\/v2\/pages\/24647\/revisions\/24649"}],"wp:attachment":[{"href":"https:\/\/calerodiving.com\/es\/wp-json\/wp\/v2\/media?parent=24647"}],"curies":[{"name":"wp","href":"https:\/\/api.w.org\/{rel}","templated":true}]}}