{"id":24635,"date":"2025-08-27T08:50:26","date_gmt":"2025-08-27T07:50:26","guid":{"rendered":"https:\/\/calerodiving.com\/buceador-ccr-de-gas-mixto-mod-2\/"},"modified":"2025-08-27T08:50:31","modified_gmt":"2025-08-27T07:50:31","slug":"buceador-ccr-de-gas-mixto-mod-2","status":"publish","type":"page","link":"https:\/\/calerodiving.com\/es\/buceador-ccr-de-gas-mixto-mod-2\/","title":{"rendered":"Buceador CCR de gas mixto (MOD 2)"},"content":{"rendered":"\t\t<div data-elementor-type=\"wp-page\" data-elementor-id=\"24635\" class=\"elementor elementor-24635 elementor-21280\" data-elementor-post-type=\"page\">\n\t\t\t\t<div class=\"elementor-element elementor-element-66c5954 e-flex e-con-boxed e-con e-parent\" data-id=\"66c5954\" data-element_type=\"container\" data-e-type=\"container\">\n\t\t\t\t\t<div class=\"e-con-inner\">\n\t\t<div class=\"elementor-element elementor-element-e0a4eaf e-con-full e-flex e-con e-child\" data-id=\"e0a4eaf\" data-element_type=\"container\" data-e-type=\"container\">\n\t\t\t\t<div class=\"elementor-element elementor-element-60858bc elementor-widget elementor-widget-image\" data-id=\"60858bc\" data-element_type=\"widget\" data-e-type=\"widget\" data-widget_type=\"image.default\">\n\t\t\t\t<div class=\"elementor-widget-container\">\n\t\t\t\t\t\t\t\t\t\t\t\t\t\t\t<img fetchpriority=\"high\" decoding=\"async\" width=\"700\" height=\"445\" src=\"https:\/\/calerodiving.com\/wp-content\/uploads\/2025\/08\/Mixed-Gas-CCR-Diver-MOD-2-Course-.png\" class=\"attachment-large size-large wp-image-22502\" alt=\"\" srcset=\"https:\/\/calerodiving.com\/wp-content\/uploads\/2025\/08\/Mixed-Gas-CCR-Diver-MOD-2-Course-.png 700w, https:\/\/calerodiving.com\/wp-content\/uploads\/2025\/08\/Mixed-Gas-CCR-Diver-MOD-2-Course--300x191.png 300w\" sizes=\"(max-width: 700px) 100vw, 700px\" \/>\t\t\t\t\t\t\t\t\t\t\t\t\t\t\t<\/div>\n\t\t\t\t<\/div>\n\t\t\t\t<\/div>\n\t\t<div class=\"elementor-element elementor-element-e69d36c e-con-full e-flex e-con e-child\" data-id=\"e69d36c\" data-element_type=\"container\" data-e-type=\"container\">\n\t\t<div class=\"elementor-element elementor-element-1cfcf53 e-con-full e-flex e-con e-child\" data-id=\"1cfcf53\" data-element_type=\"container\" data-e-type=\"container\">\n\t\t\t\t<div class=\"elementor-element elementor-element-37fceb9 elementor-widget elementor-widget-html\" data-id=\"37fceb9\" data-element_type=\"widget\" data-e-type=\"widget\" data-widget_type=\"html.default\">\n\t\t\t\t<div class=\"elementor-widget-container\">\n\t\t\t\t\t<a href=\"https:\/\/calerodiving.com\/es\/?page_id=24480#tdi-closed\" class=\"tag-button\">T\u00e9cnico<\/a>\n\t\t\t\t<\/div>\n\t\t\t\t<\/div>\n\t\t\t\t<div class=\"elementor-element elementor-element-55db7a2 elementor-widget elementor-widget-heading\" data-id=\"55db7a2\" data-element_type=\"widget\" data-e-type=\"widget\" data-widget_type=\"heading.default\">\n\t\t\t\t<div class=\"elementor-widget-container\">\n\t\t\t\t\t<h2 class=\"elementor-heading-title elementor-size-default\">Buzo CCR de gas mixto (MOD 2)<\/h2>\t\t\t\t<\/div>\n\t\t\t\t<\/div>\n\t\t\t\t<\/div>\n\t\t\t\t<\/div>\n\t\t\t\t\t<\/div>\n\t\t\t\t<\/div>\n\t\t<div class=\"elementor-element elementor-element-4c4a7de e-flex e-con-boxed e-con e-parent\" data-id=\"4c4a7de\" data-element_type=\"container\" data-e-type=\"container\">\n\t\t\t\t\t<div class=\"e-con-inner\">\n\t\t<div class=\"elementor-element elementor-element-0f31d55 e-con-full e-flex e-con e-child\" data-id=\"0f31d55\" data-element_type=\"container\" data-e-type=\"container\">\n\t\t<div class=\"elementor-element elementor-element-215c52c e-con-full e-flex e-con e-child\" data-id=\"215c52c\" data-element_type=\"container\" data-e-type=\"container\">\n\t\t\t\t<div class=\"elementor-element elementor-element-9059177 elementor-widget elementor-widget-heading\" data-id=\"9059177\" data-element_type=\"widget\" data-e-type=\"widget\" data-widget_type=\"heading.default\">\n\t\t\t\t<div class=\"elementor-widget-container\">\n\t\t\t\t\t<h2 class=\"elementor-heading-title elementor-size-default\">Explore un poco m\u00e1s profundo\u2026<\/h2>\t\t\t\t<\/div>\n\t\t\t\t<\/div>\n\t\t\t\t<div class=\"elementor-element elementor-element-9142244 elementor-widget elementor-widget-text-editor\" data-id=\"9142244\" data-element_type=\"widget\" data-e-type=\"widget\" data-widget_type=\"text-editor.default\">\n\t\t\t\t<div class=\"elementor-widget-container\">\n\t\t\t\t\t\t\t\t\t<div class=\"section-list\"><h3>Descripci\u00f3n general del programa:<\/h3><p>Como buceador TDI CCR Air Diluent Decompression o Helitrox Diluent Decompression Diver, el curso TDI Mixed Gas CCR Diver es su siguiente paso en el buceo con rebreather de circuito cerrado y es su oportunidad de explorar un poco m\u00e1s profundo. Utilizando lo \u00faltimo en tecnolog\u00eda, los CCR maximizan su suministro de gas y proporcionan el gas respirable \u00f3ptimo para cualquier profundidad manteniendo una presi\u00f3n parcial constante de ox\u00edgeno (PPO<sub>2<\/sub>). Durante las inmersiones, aprender\u00e1 todas las habilidades necesarias para realizar inmersiones CCR utilizando helio como gas diluyente y niveles de ox\u00edgeno tan bajos como el 16 por ciento hasta una profundidad m\u00e1xima de 60 metros.  <\/p><h3>Duraci\u00f3n:<\/h3><ul><li>5 d\u00edas<\/li><\/ul><h3>Incluye:<\/h3><ul><li>6 inmersiones de entrenamiento<\/li><li>Sofnolime<\/li><li>Materiales digitales<\/li><li>O<sub>2<\/sub><\/li><li>Tanques<\/li><li>Certificaci\u00f3n TDI Mixed Gas CCR Diver<\/li><\/ul><h3>No incluye:<\/h3><ul><li>Alquiler de equipo<\/li><li>Seguro de buceo<\/li><li>Alquiler de unidad CCR<\/li><li>Suplemento de helio<\/li><\/ul><h3>Requisitos:<\/h3><ul><li>M\u00ednimo 18 a\u00f1os<\/li><li>M\u00ednimo de 50 horas de rebreather distribuidas en 50 inmersiones en una unidad espec\u00edfica. Si tiene 50 horas en otra unidad reconocida, solo se requieren 25 horas en la unidad espec\u00edfica <\/li><li>Tener certificaci\u00f3n para TDI CCR Air Diluent Decompression Diver\/CCR Helitrox Diluent Decompression Diver o equivalente<\/li><\/ul><h3>Otros cursos que pueden interesarte:<\/h3><ul><li><a href=\"https:\/\/calerodiving.com\/ccr-air-diluent-diver-mod-1\/\">CCR Air Diluent Diver (MOD 1)<\/a><\/li><li><a href=\"https:\/\/calerodiving.com\/ccr-helitrox-diluent-decompression-diver-mod-1\/\">CCR Helitrox Diluent Decompression Diver (MOD 1)<\/a><\/li><li><a href=\"https:\/\/calerodiving.com\/es\/buceador-ccr-avanzado-con-mezcla-de-gases-mod-3\/\">Advanced Mixed Gas CCR Diver (MOD 3)<\/a><\/li><\/ul><\/div>\t\t\t\t\t\t\t\t<\/div>\n\t\t\t\t<\/div>\n\t\t\t\t<\/div>\n\t\t\t\t<\/div>\n\t\t<div class=\"elementor-element elementor-element-6d82ecd e-con-full e-flex e-con e-child\" data-id=\"6d82ecd\" data-element_type=\"container\" data-e-type=\"container\">\n\t\t<div class=\"elementor-element elementor-element-19c6b5c e-con-full course-sidebar-box e-flex e-con e-child\" data-id=\"19c6b5c\" data-element_type=\"container\" data-e-type=\"container\" data-settings=\"{&quot;sticky&quot;:&quot;top&quot;,&quot;sticky_offset&quot;:110,&quot;sticky_effects_offset&quot;:130,&quot;sticky_parent&quot;:&quot;yes&quot;,&quot;sticky_on&quot;:[&quot;desktop&quot;,&quot;tablet&quot;,&quot;mobile&quot;],&quot;sticky_anchor_link_offset&quot;:0}\">\n\t\t\t\t<div class=\"elementor-element elementor-element-6ee1643 elementor-widget elementor-widget-text-editor\" data-id=\"6ee1643\" data-element_type=\"widget\" data-e-type=\"widget\" data-widget_type=\"text-editor.default\">\n\t\t\t\t<div class=\"elementor-widget-container\">\n\t\t\t\t\t\t\t\t\t<div class=\"courses-info\"><h6 class=\"no-margin\">Duraci\u00f3n:<\/h6><p class=\"no-margin\">Curso de 5 d\u00edas<\/p><\/div><div class=\"courses-info\"><h6 class=\"no-margin\">Precio:<\/h6><p class=\"no-margin\">Desde 2250 \u20ac<\/p><\/div>\t\t\t\t\t\t\t\t<\/div>\n\t\t\t\t<\/div>\n\t\t\t\t<div class=\"elementor-element elementor-element-fbc45f1 elementor-mobile-align-center elementor-widget elementor-widget-button\" data-id=\"fbc45f1\" data-element_type=\"widget\" data-e-type=\"widget\" data-widget_type=\"button.default\">\n\t\t\t\t<div class=\"elementor-widget-container\">\n\t\t\t\t\t\t\t\t\t<div class=\"elementor-button-wrapper\">\n\t\t\t\t\t<a class=\"elementor-button elementor-button-link elementor-size-sm\" href=\"https:\/\/app.bukyapp.com\/front\/6213b2319a1bbf005fa0b870\/product\/6888c787f2d9b20bc71a0da8?lang=en\" target=\"_blank\">\n\t\t\t\t\t\t<span class=\"elementor-button-content-wrapper\">\n\t\t\t\t\t\t\t\t\t<span class=\"elementor-button-text\">Comprar curso<\/span>\n\t\t\t\t\t<\/span>\n\t\t\t\t\t<\/a>\n\t\t\t\t<\/div>\n\t\t\t\t\t\t\t\t<\/div>\n\t\t\t\t<\/div>\n\t\t\t\t<\/div>\n\t\t\t\t<\/div>\n\t\t\t\t\t<\/div>\n\t\t\t\t<\/div>\n\t\t\t\t<\/div>\n\t\t","protected":false},"excerpt":{"rendered":"<p>T\u00e9cnico Buzo CCR de gas mixto (MOD 2) Explore un poco m\u00e1s profundo\u2026 Descripci\u00f3n general del programa: Como buceador TDI CCR Air Diluent Decompression o Helitrox Diluent Decompression Diver, el curso TDI Mixed Gas CCR Diver es su siguiente paso en el buceo con rebreather de circuito cerrado y es su oportunidad de explorar un [&hellip;]<\/p>\n","protected":false},"author":10,"featured_media":0,"parent":0,"menu_order":0,"comment_status":"closed","ping_status":"closed","template":"","meta":{"_acf_changed":false,"footnotes":""},"class_list":["post-24635","page","type-page","status-publish","hentry"],"acf":[],"yoast_head":"<!-- This site is optimized with the Yoast SEO plugin v27.5 - https:\/\/yoast.com\/product\/yoast-seo-wordpress\/ -->\n<title>Buceador CCR de gas mixto (MOD 2) | Calero Diving Lanzarote<\/title>\n<meta name=\"robots\" content=\"index, follow, max-snippet:-1, max-image-preview:large, max-video-preview:-1\" \/>\n<link rel=\"canonical\" href=\"https:\/\/calerodiving.com\/es\/buceador-ccr-de-gas-mixto-mod-2\/\" \/>\n<meta property=\"og:locale\" content=\"es_ES\" \/>\n<meta property=\"og:type\" content=\"article\" \/>\n<meta property=\"og:title\" content=\"Buceador CCR de gas mixto (MOD 2) | Calero Diving Lanzarote\" \/>\n<meta property=\"og:description\" content=\"T\u00e9cnico Buzo CCR de gas mixto (MOD 2) Explore un poco m\u00e1s profundo\u2026 Descripci\u00f3n general del programa: Como buceador TDI CCR Air Diluent Decompression o Helitrox Diluent Decompression Diver, el curso TDI Mixed Gas CCR Diver es su siguiente paso en el buceo con rebreather de circuito cerrado y es su oportunidad de explorar un [&hellip;]\" \/>\n<meta property=\"og:url\" content=\"https:\/\/calerodiving.com\/es\/buceador-ccr-de-gas-mixto-mod-2\/\" \/>\n<meta property=\"og:site_name\" content=\"Calero Diving Lanzarote\" \/>\n<meta property=\"article:publisher\" content=\"https:\/\/www.facebook.com\/calerodiving\/\" \/>\n<meta property=\"article:modified_time\" content=\"2025-08-27T07:50:31+00:00\" \/>\n<meta property=\"og:image\" content=\"https:\/\/calerodiving.com\/wp-content\/uploads\/2025\/08\/Mixed-Gas-CCR-Diver-MOD-2-Course-.png\" \/>\n\t<meta property=\"og:image:width\" content=\"700\" \/>\n\t<meta property=\"og:image:height\" content=\"445\" \/>\n\t<meta property=\"og:image:type\" content=\"image\/png\" \/>\n<meta name=\"twitter:card\" content=\"summary_large_image\" \/>\n<meta name=\"twitter:label1\" content=\"Tiempo de lectura\" \/>\n\t<meta name=\"twitter:data1\" content=\"1 minuto\" \/>\n<script type=\"application\/ld+json\" class=\"yoast-schema-graph\">{\"@context\":\"https:\\\/\\\/schema.org\",\"@graph\":[{\"@type\":\"WebPage\",\"@id\":\"https:\\\/\\\/calerodiving.com\\\/es\\\/buceador-ccr-de-gas-mixto-mod-2\\\/\",\"url\":\"https:\\\/\\\/calerodiving.com\\\/es\\\/buceador-ccr-de-gas-mixto-mod-2\\\/\",\"name\":\"Buceador CCR de gas mixto (MOD 2) | Calero Diving Lanzarote\",\"isPartOf\":{\"@id\":\"https:\\\/\\\/calerodiving.com\\\/#website\"},\"primaryImageOfPage\":{\"@id\":\"https:\\\/\\\/calerodiving.com\\\/es\\\/buceador-ccr-de-gas-mixto-mod-2\\\/#primaryimage\"},\"image\":{\"@id\":\"https:\\\/\\\/calerodiving.com\\\/es\\\/buceador-ccr-de-gas-mixto-mod-2\\\/#primaryimage\"},\"thumbnailUrl\":\"https:\\\/\\\/calerodiving.com\\\/wp-content\\\/uploads\\\/2025\\\/08\\\/Mixed-Gas-CCR-Diver-MOD-2-Course-.png\",\"datePublished\":\"2025-08-27T07:50:26+00:00\",\"dateModified\":\"2025-08-27T07:50:31+00:00\",\"breadcrumb\":{\"@id\":\"https:\\\/\\\/calerodiving.com\\\/es\\\/buceador-ccr-de-gas-mixto-mod-2\\\/#breadcrumb\"},\"inLanguage\":\"es\",\"potentialAction\":[{\"@type\":\"ReadAction\",\"target\":[\"https:\\\/\\\/calerodiving.com\\\/es\\\/buceador-ccr-de-gas-mixto-mod-2\\\/\"]}]},{\"@type\":\"ImageObject\",\"inLanguage\":\"es\",\"@id\":\"https:\\\/\\\/calerodiving.com\\\/es\\\/buceador-ccr-de-gas-mixto-mod-2\\\/#primaryimage\",\"url\":\"https:\\\/\\\/calerodiving.com\\\/wp-content\\\/uploads\\\/2025\\\/08\\\/Mixed-Gas-CCR-Diver-MOD-2-Course-.png\",\"contentUrl\":\"https:\\\/\\\/calerodiving.com\\\/wp-content\\\/uploads\\\/2025\\\/08\\\/Mixed-Gas-CCR-Diver-MOD-2-Course-.png\"},{\"@type\":\"BreadcrumbList\",\"@id\":\"https:\\\/\\\/calerodiving.com\\\/es\\\/buceador-ccr-de-gas-mixto-mod-2\\\/#breadcrumb\",\"itemListElement\":[{\"@type\":\"ListItem\",\"position\":1,\"name\":\"Home\",\"item\":\"https:\\\/\\\/calerodiving.com\\\/es\\\/\"},{\"@type\":\"ListItem\",\"position\":2,\"name\":\"Buceador CCR de gas mixto (MOD 2)\"}]},{\"@type\":\"WebSite\",\"@id\":\"https:\\\/\\\/calerodiving.com\\\/#website\",\"url\":\"https:\\\/\\\/calerodiving.com\\\/\",\"name\":\"Calero Diving Lanzarote\",\"description\":\"Diving Center Lanzarote\",\"publisher\":{\"@id\":\"https:\\\/\\\/calerodiving.com\\\/#organization\"},\"alternateName\":\"Calero Diving\",\"potentialAction\":[{\"@type\":\"SearchAction\",\"target\":{\"@type\":\"EntryPoint\",\"urlTemplate\":\"https:\\\/\\\/calerodiving.com\\\/?s={search_term_string}\"},\"query-input\":{\"@type\":\"PropertyValueSpecification\",\"valueRequired\":true,\"valueName\":\"search_term_string\"}}],\"inLanguage\":\"es\"},{\"@type\":\"Organization\",\"@id\":\"https:\\\/\\\/calerodiving.com\\\/#organization\",\"name\":\"Calero Diving Lanzarote\",\"alternateName\":\"Calero Diving\",\"url\":\"https:\\\/\\\/calerodiving.com\\\/\",\"logo\":{\"@type\":\"ImageObject\",\"inLanguage\":\"es\",\"@id\":\"https:\\\/\\\/calerodiving.com\\\/#\\\/schema\\\/logo\\\/image\\\/\",\"url\":\"https:\\\/\\\/calerodiving.com\\\/wp-content\\\/uploads\\\/2025\\\/05\\\/Grupo.png\",\"contentUrl\":\"https:\\\/\\\/calerodiving.com\\\/wp-content\\\/uploads\\\/2025\\\/05\\\/Grupo.png\",\"width\":499,\"height\":590,\"caption\":\"Calero Diving Lanzarote\"},\"image\":{\"@id\":\"https:\\\/\\\/calerodiving.com\\\/#\\\/schema\\\/logo\\\/image\\\/\"},\"sameAs\":[\"https:\\\/\\\/www.facebook.com\\\/calerodiving\\\/\",\"https:\\\/\\\/www.instagram.com\\\/calerodiving\\\/\"]}]}<\/script>\n<!-- \/ Yoast SEO plugin. -->","yoast_head_json":{"title":"Buceador CCR de gas mixto (MOD 2) | Calero Diving Lanzarote","robots":{"index":"index","follow":"follow","max-snippet":"max-snippet:-1","max-image-preview":"max-image-preview:large","max-video-preview":"max-video-preview:-1"},"canonical":"https:\/\/calerodiving.com\/es\/buceador-ccr-de-gas-mixto-mod-2\/","og_locale":"es_ES","og_type":"article","og_title":"Buceador CCR de gas mixto (MOD 2) | Calero Diving Lanzarote","og_description":"T\u00e9cnico Buzo CCR de gas mixto (MOD 2) Explore un poco m\u00e1s profundo\u2026 Descripci\u00f3n general del programa: Como buceador TDI CCR Air Diluent Decompression o Helitrox Diluent Decompression Diver, el curso TDI Mixed Gas CCR Diver es su siguiente paso en el buceo con rebreather de circuito cerrado y es su oportunidad de explorar un [&hellip;]","og_url":"https:\/\/calerodiving.com\/es\/buceador-ccr-de-gas-mixto-mod-2\/","og_site_name":"Calero Diving Lanzarote","article_publisher":"https:\/\/www.facebook.com\/calerodiving\/","article_modified_time":"2025-08-27T07:50:31+00:00","og_image":[{"width":700,"height":445,"url":"https:\/\/calerodiving.com\/wp-content\/uploads\/2025\/08\/Mixed-Gas-CCR-Diver-MOD-2-Course-.png","type":"image\/png"}],"twitter_card":"summary_large_image","twitter_misc":{"Tiempo de lectura":"1 minuto"},"schema":{"@context":"https:\/\/schema.org","@graph":[{"@type":"WebPage","@id":"https:\/\/calerodiving.com\/es\/buceador-ccr-de-gas-mixto-mod-2\/","url":"https:\/\/calerodiving.com\/es\/buceador-ccr-de-gas-mixto-mod-2\/","name":"Buceador CCR de gas mixto (MOD 2) | Calero Diving Lanzarote","isPartOf":{"@id":"https:\/\/calerodiving.com\/#website"},"primaryImageOfPage":{"@id":"https:\/\/calerodiving.com\/es\/buceador-ccr-de-gas-mixto-mod-2\/#primaryimage"},"image":{"@id":"https:\/\/calerodiving.com\/es\/buceador-ccr-de-gas-mixto-mod-2\/#primaryimage"},"thumbnailUrl":"https:\/\/calerodiving.com\/wp-content\/uploads\/2025\/08\/Mixed-Gas-CCR-Diver-MOD-2-Course-.png","datePublished":"2025-08-27T07:50:26+00:00","dateModified":"2025-08-27T07:50:31+00:00","breadcrumb":{"@id":"https:\/\/calerodiving.com\/es\/buceador-ccr-de-gas-mixto-mod-2\/#breadcrumb"},"inLanguage":"es","potentialAction":[{"@type":"ReadAction","target":["https:\/\/calerodiving.com\/es\/buceador-ccr-de-gas-mixto-mod-2\/"]}]},{"@type":"ImageObject","inLanguage":"es","@id":"https:\/\/calerodiving.com\/es\/buceador-ccr-de-gas-mixto-mod-2\/#primaryimage","url":"https:\/\/calerodiving.com\/wp-content\/uploads\/2025\/08\/Mixed-Gas-CCR-Diver-MOD-2-Course-.png","contentUrl":"https:\/\/calerodiving.com\/wp-content\/uploads\/2025\/08\/Mixed-Gas-CCR-Diver-MOD-2-Course-.png"},{"@type":"BreadcrumbList","@id":"https:\/\/calerodiving.com\/es\/buceador-ccr-de-gas-mixto-mod-2\/#breadcrumb","itemListElement":[{"@type":"ListItem","position":1,"name":"Home","item":"https:\/\/calerodiving.com\/es\/"},{"@type":"ListItem","position":2,"name":"Buceador CCR de gas mixto (MOD 2)"}]},{"@type":"WebSite","@id":"https:\/\/calerodiving.com\/#website","url":"https:\/\/calerodiving.com\/","name":"Calero Diving Lanzarote","description":"Diving Center Lanzarote","publisher":{"@id":"https:\/\/calerodiving.com\/#organization"},"alternateName":"Calero Diving","potentialAction":[{"@type":"SearchAction","target":{"@type":"EntryPoint","urlTemplate":"https:\/\/calerodiving.com\/?s={search_term_string}"},"query-input":{"@type":"PropertyValueSpecification","valueRequired":true,"valueName":"search_term_string"}}],"inLanguage":"es"},{"@type":"Organization","@id":"https:\/\/calerodiving.com\/#organization","name":"Calero Diving Lanzarote","alternateName":"Calero Diving","url":"https:\/\/calerodiving.com\/","logo":{"@type":"ImageObject","inLanguage":"es","@id":"https:\/\/calerodiving.com\/#\/schema\/logo\/image\/","url":"https:\/\/calerodiving.com\/wp-content\/uploads\/2025\/05\/Grupo.png","contentUrl":"https:\/\/calerodiving.com\/wp-content\/uploads\/2025\/05\/Grupo.png","width":499,"height":590,"caption":"Calero Diving Lanzarote"},"image":{"@id":"https:\/\/calerodiving.com\/#\/schema\/logo\/image\/"},"sameAs":["https:\/\/www.facebook.com\/calerodiving\/","https:\/\/www.instagram.com\/calerodiving\/"]}]}},"_links":{"self":[{"href":"https:\/\/calerodiving.com\/es\/wp-json\/wp\/v2\/pages\/24635","targetHints":{"allow":["GET"]}}],"collection":[{"href":"https:\/\/calerodiving.com\/es\/wp-json\/wp\/v2\/pages"}],"about":[{"href":"https:\/\/calerodiving.com\/es\/wp-json\/wp\/v2\/types\/page"}],"author":[{"embeddable":true,"href":"https:\/\/calerodiving.com\/es\/wp-json\/wp\/v2\/users\/10"}],"replies":[{"embeddable":true,"href":"https:\/\/calerodiving.com\/es\/wp-json\/wp\/v2\/comments?post=24635"}],"version-history":[{"count":1,"href":"https:\/\/calerodiving.com\/es\/wp-json\/wp\/v2\/pages\/24635\/revisions"}],"predecessor-version":[{"id":24637,"href":"https:\/\/calerodiving.com\/es\/wp-json\/wp\/v2\/pages\/24635\/revisions\/24637"}],"wp:attachment":[{"href":"https:\/\/calerodiving.com\/es\/wp-json\/wp\/v2\/media?parent=24635"}],"curies":[{"name":"wp","href":"https:\/\/api.w.org\/{rel}","templated":true}]}}