{"id":24618,"date":"2025-08-27T08:50:01","date_gmt":"2025-08-27T07:50:01","guid":{"rendered":"https:\/\/calerodiving.com\/procedimientos-de-descompresion\/"},"modified":"2025-08-27T08:50:05","modified_gmt":"2025-08-27T07:50:05","slug":"procedimientos-de-descompresion","status":"publish","type":"page","link":"https:\/\/calerodiving.com\/es\/procedimientos-de-descompresion\/","title":{"rendered":"Procedimientos de descompresi\u00f3n"},"content":{"rendered":"\t\t<div data-elementor-type=\"wp-page\" data-elementor-id=\"24618\" class=\"elementor elementor-24618 elementor-21181\" data-elementor-post-type=\"page\">\n\t\t\t\t<div class=\"elementor-element elementor-element-f6fd5af e-flex e-con-boxed e-con e-parent\" data-id=\"f6fd5af\" data-element_type=\"container\" data-e-type=\"container\">\n\t\t\t\t\t<div class=\"e-con-inner\">\n\t\t<div class=\"elementor-element elementor-element-cc7d540 e-con-full e-flex e-con e-child\" data-id=\"cc7d540\" data-element_type=\"container\" data-e-type=\"container\">\n\t\t\t\t<div class=\"elementor-element elementor-element-14edc25 elementor-widget elementor-widget-image\" data-id=\"14edc25\" data-element_type=\"widget\" data-e-type=\"widget\" data-widget_type=\"image.default\">\n\t\t\t\t<div class=\"elementor-widget-container\">\n\t\t\t\t\t\t\t\t\t\t\t\t\t\t\t<img fetchpriority=\"high\" decoding=\"async\" width=\"700\" height=\"445\" src=\"https:\/\/calerodiving.com\/wp-content\/uploads\/2025\/07\/Decompression-Procedures-.png\" class=\"attachment-large size-large wp-image-20975\" alt=\"\" srcset=\"https:\/\/calerodiving.com\/wp-content\/uploads\/2025\/07\/Decompression-Procedures-.png 700w, https:\/\/calerodiving.com\/wp-content\/uploads\/2025\/07\/Decompression-Procedures--300x191.png 300w\" sizes=\"(max-width: 700px) 100vw, 700px\" \/>\t\t\t\t\t\t\t\t\t\t\t\t\t\t\t<\/div>\n\t\t\t\t<\/div>\n\t\t\t\t<\/div>\n\t\t<div class=\"elementor-element elementor-element-220acbf e-con-full e-flex e-con e-child\" data-id=\"220acbf\" data-element_type=\"container\" data-e-type=\"container\">\n\t\t<div class=\"elementor-element elementor-element-a4b61f2 e-con-full e-flex e-con e-child\" data-id=\"a4b61f2\" data-element_type=\"container\" data-e-type=\"container\">\n\t\t\t\t<div class=\"elementor-element elementor-element-5da06cd elementor-widget elementor-widget-html\" data-id=\"5da06cd\" data-element_type=\"widget\" data-e-type=\"widget\" data-widget_type=\"html.default\">\n\t\t\t\t<div class=\"elementor-widget-container\">\n\t\t\t\t\t<a href=\"https:\/\/calerodiving.com\/es\/?page_id=24527#tdi-open\" class=\"tag-button\">T\u00e9cnico<\/a>\n\t\t\t\t<\/div>\n\t\t\t\t<\/div>\n\t\t\t\t<div class=\"elementor-element elementor-element-a2b638e elementor-widget elementor-widget-heading\" data-id=\"a2b638e\" data-element_type=\"widget\" data-e-type=\"widget\" data-widget_type=\"heading.default\">\n\t\t\t\t<div class=\"elementor-widget-container\">\n\t\t\t\t\t<h2 class=\"elementor-heading-title elementor-size-default\">Procedimientos de descompresi\u00f3n<\/h2>\t\t\t\t<\/div>\n\t\t\t\t<\/div>\n\t\t\t\t<\/div>\n\t\t\t\t<\/div>\n\t\t\t\t\t<\/div>\n\t\t\t\t<\/div>\n\t\t<div class=\"elementor-element elementor-element-9017564 e-flex e-con-boxed e-con e-parent\" data-id=\"9017564\" data-element_type=\"container\" data-e-type=\"container\">\n\t\t\t\t\t<div class=\"e-con-inner\">\n\t\t<div class=\"elementor-element elementor-element-d418f8a e-con-full e-flex e-con e-child\" data-id=\"d418f8a\" data-element_type=\"container\" data-e-type=\"container\">\n\t\t<div class=\"elementor-element elementor-element-c8e0bd1 e-con-full e-flex e-con e-child\" data-id=\"c8e0bd1\" data-element_type=\"container\" data-e-type=\"container\">\n\t\t\t\t<div class=\"elementor-element elementor-element-8b9be12 elementor-widget elementor-widget-heading\" data-id=\"8b9be12\" data-element_type=\"widget\" data-e-type=\"widget\" data-widget_type=\"heading.default\">\n\t\t\t\t<div class=\"elementor-widget-container\">\n\t\t\t\t\t<h2 class=\"elementor-heading-title elementor-size-default\">Planifique inmersiones de descompresi\u00f3n seguras<\/h2>\t\t\t\t<\/div>\n\t\t\t\t<\/div>\n\t\t\t\t<div class=\"elementor-element elementor-element-0417b08 elementor-widget elementor-widget-text-editor\" data-id=\"0417b08\" data-element_type=\"widget\" data-e-type=\"widget\" data-widget_type=\"text-editor.default\">\n\t\t\t\t<div class=\"elementor-widget-container\">\n\t\t\t\t\t\t\t\t\t<div class=\"section-list\">\n  <h3>Descripci\u00f3n general del programa:<\/h3>\n  <ul>\n    <li>El curso de Procedimientos de Descompresi\u00f3n de TDI examina la teor\u00eda, los m\u00e9todos y los procedimientos de la inmersi\u00f3n de descompresi\u00f3n planificada, a lo largo de 4 inmersiones. El programa est\u00e1 dise\u00f1ado como un curso independiente o puede impartirse junto con el curso de Nitrox Avanzado. El objetivo de este programa es capacitar a los buceadores sobre c\u00f3mo planificar y llevar a cabo una inmersi\u00f3n de descompresi\u00f3n escalonada est\u00e1ndar que no exceda una profundidad m\u00e1xima de 45 metros. Se presentan los requisitos de equipo m\u00e1s comunes, la configuraci\u00f3n del equipo y las t\u00e9cnicas de descompresi\u00f3n, utilizando mezclas de Nitrox u Ox\u00edgeno dentro de la cualificaci\u00f3n existente de los buceadores.   <\/li>\n  <\/ul>\n  <h3>Duraci\u00f3n:<\/h3>\n  <ul>\n    <li>3 d\u00edas<\/li>\n  <\/ul>\n  <h3>Incluye:<\/h3>\n  <ul>\n    <li>4 inmersiones de entrenamiento<\/li>\n    <li>Materiales digitales<\/li>\n    <li>Alquiler de equipo<\/li>\n    <li>Certificaci\u00f3n de Procedimientos de Descompresi\u00f3n de TDI<\/li>\n  <\/ul>\n  <h3>No incluye:<\/h3>\n  <ul>\n    <li>Seguro de buceo<\/li>\n  <\/ul>\n  <h3>Requisitos:<\/h3>\n  <ul>\n    <li>M\u00ednimo 18 a\u00f1os<\/li>\n    <li>M\u00ednimo de 25 inmersiones registradas<\/li>\n    <li>Estar certificado como Buceador Avanzado de Aguas Abiertas o equivalente<\/li>\n    <li>Certificaci\u00f3n m\u00e9dica v\u00e1lida del \u00faltimo a\u00f1o (no se acepta la autocertificaci\u00f3n)<\/li>\n  <\/ul>\n  <h3>Otros cursos que pueden interesarte:<\/h3>\n  <ul>\n    <li><a href=\"https:\/\/calerodiving.com\/advanced-nitrox-2\/\">Nitrox avanzado<\/a><\/li>\n  <\/ul>\n<\/div>\n\t\t\t\t\t\t\t\t<\/div>\n\t\t\t\t<\/div>\n\t\t\t\t<\/div>\n\t\t\t\t<\/div>\n\t\t<div class=\"elementor-element elementor-element-af055e4 e-con-full e-flex e-con e-child\" data-id=\"af055e4\" data-element_type=\"container\" data-e-type=\"container\">\n\t\t<div class=\"elementor-element elementor-element-d3180ef e-con-full course-sidebar-box e-flex e-con e-child\" data-id=\"d3180ef\" data-element_type=\"container\" data-e-type=\"container\" data-settings=\"{&quot;sticky&quot;:&quot;top&quot;,&quot;sticky_offset&quot;:110,&quot;sticky_effects_offset&quot;:130,&quot;sticky_parent&quot;:&quot;yes&quot;,&quot;sticky_on&quot;:[&quot;desktop&quot;,&quot;tablet&quot;,&quot;mobile&quot;],&quot;sticky_anchor_link_offset&quot;:0}\">\n\t\t\t\t<div class=\"elementor-element elementor-element-65d0f03 elementor-widget elementor-widget-text-editor\" data-id=\"65d0f03\" data-element_type=\"widget\" data-e-type=\"widget\" data-widget_type=\"text-editor.default\">\n\t\t\t\t<div class=\"elementor-widget-container\">\n\t\t\t\t\t\t\t\t\t<div class=\"courses-info\"><h6 class=\"no-margin\">Duraci\u00f3n:<\/h6><p class=\"no-margin\">Curso de 3 d\u00edas<\/p><\/div><div class=\"courses-info\"><h6 class=\"no-margin\">Precio:<\/h6><p class=\"no-margin\">Desde 850 \u20ac<\/p><\/div>\t\t\t\t\t\t\t\t<\/div>\n\t\t\t\t<\/div>\n\t\t\t\t<div class=\"elementor-element elementor-element-2d647f3 elementor-mobile-align-center elementor-widget elementor-widget-button\" data-id=\"2d647f3\" data-element_type=\"widget\" data-e-type=\"widget\" data-widget_type=\"button.default\">\n\t\t\t\t<div class=\"elementor-widget-container\">\n\t\t\t\t\t\t\t\t\t<div class=\"elementor-button-wrapper\">\n\t\t\t\t\t<a class=\"elementor-button elementor-button-link elementor-size-sm\" href=\"https:\/\/app.bukyapp.com\/front\/6213b2319a1bbf005fa0b870\/product\/625ea7a5639c1f2053f25af8?lang=en\" target=\"_blank\">\n\t\t\t\t\t\t<span class=\"elementor-button-content-wrapper\">\n\t\t\t\t\t\t\t\t\t<span class=\"elementor-button-text\">Comprar curso<\/span>\n\t\t\t\t\t<\/span>\n\t\t\t\t\t<\/a>\n\t\t\t\t<\/div>\n\t\t\t\t\t\t\t\t<\/div>\n\t\t\t\t<\/div>\n\t\t\t\t<\/div>\n\t\t\t\t<\/div>\n\t\t\t\t\t<\/div>\n\t\t\t\t<\/div>\n\t\t\t\t<\/div>\n\t\t","protected":false},"excerpt":{"rendered":"<p>T\u00e9cnico Procedimientos de descompresi\u00f3n Planifique inmersiones de descompresi\u00f3n seguras Descripci\u00f3n general del programa: El curso de Procedimientos de Descompresi\u00f3n de TDI examina la teor\u00eda, los m\u00e9todos y los procedimientos de la inmersi\u00f3n de descompresi\u00f3n planificada, a lo largo de 4 inmersiones. El programa est\u00e1 dise\u00f1ado como un curso independiente o puede impartirse junto con el [&hellip;]<\/p>\n","protected":false},"author":10,"featured_media":0,"parent":0,"menu_order":0,"comment_status":"closed","ping_status":"closed","template":"","meta":{"_acf_changed":false,"footnotes":""},"class_list":["post-24618","page","type-page","status-publish","hentry"],"acf":[],"yoast_head":"<!-- This site is optimized with the Yoast SEO plugin v27.5 - https:\/\/yoast.com\/product\/yoast-seo-wordpress\/ -->\n<title>Procedimientos de descompresi\u00f3n | Calero Diving Lanzarote<\/title>\n<meta name=\"robots\" content=\"index, follow, max-snippet:-1, max-image-preview:large, max-video-preview:-1\" \/>\n<link rel=\"canonical\" href=\"https:\/\/calerodiving.com\/es\/procedimientos-de-descompresion\/\" \/>\n<meta property=\"og:locale\" content=\"es_ES\" \/>\n<meta property=\"og:type\" content=\"article\" \/>\n<meta property=\"og:title\" content=\"Procedimientos de descompresi\u00f3n | Calero Diving Lanzarote\" \/>\n<meta property=\"og:description\" content=\"T\u00e9cnico Procedimientos de descompresi\u00f3n Planifique inmersiones de descompresi\u00f3n seguras Descripci\u00f3n general del programa: El curso de Procedimientos de Descompresi\u00f3n de TDI examina la teor\u00eda, los m\u00e9todos y los procedimientos de la inmersi\u00f3n de descompresi\u00f3n planificada, a lo largo de 4 inmersiones. El programa est\u00e1 dise\u00f1ado como un curso independiente o puede impartirse junto con el [&hellip;]\" \/>\n<meta property=\"og:url\" content=\"https:\/\/calerodiving.com\/es\/procedimientos-de-descompresion\/\" \/>\n<meta property=\"og:site_name\" content=\"Calero Diving Lanzarote\" \/>\n<meta property=\"article:publisher\" content=\"https:\/\/www.facebook.com\/calerodiving\/\" \/>\n<meta property=\"article:modified_time\" content=\"2025-08-27T07:50:05+00:00\" \/>\n<meta property=\"og:image\" content=\"https:\/\/calerodiving.com\/wp-content\/uploads\/2025\/07\/Decompression-Procedures-.png\" \/>\n\t<meta property=\"og:image:width\" content=\"700\" \/>\n\t<meta property=\"og:image:height\" content=\"445\" \/>\n\t<meta property=\"og:image:type\" content=\"image\/png\" \/>\n<meta name=\"twitter:card\" content=\"summary_large_image\" \/>\n<meta name=\"twitter:label1\" content=\"Tiempo de lectura\" \/>\n\t<meta name=\"twitter:data1\" content=\"1 minuto\" \/>\n<script type=\"application\/ld+json\" class=\"yoast-schema-graph\">{\"@context\":\"https:\\\/\\\/schema.org\",\"@graph\":[{\"@type\":\"WebPage\",\"@id\":\"https:\\\/\\\/calerodiving.com\\\/es\\\/procedimientos-de-descompresion\\\/\",\"url\":\"https:\\\/\\\/calerodiving.com\\\/es\\\/procedimientos-de-descompresion\\\/\",\"name\":\"Procedimientos de descompresi\u00f3n | Calero Diving Lanzarote\",\"isPartOf\":{\"@id\":\"https:\\\/\\\/calerodiving.com\\\/#website\"},\"primaryImageOfPage\":{\"@id\":\"https:\\\/\\\/calerodiving.com\\\/es\\\/procedimientos-de-descompresion\\\/#primaryimage\"},\"image\":{\"@id\":\"https:\\\/\\\/calerodiving.com\\\/es\\\/procedimientos-de-descompresion\\\/#primaryimage\"},\"thumbnailUrl\":\"https:\\\/\\\/calerodiving.com\\\/wp-content\\\/uploads\\\/2025\\\/07\\\/Decompression-Procedures-.png\",\"datePublished\":\"2025-08-27T07:50:01+00:00\",\"dateModified\":\"2025-08-27T07:50:05+00:00\",\"breadcrumb\":{\"@id\":\"https:\\\/\\\/calerodiving.com\\\/es\\\/procedimientos-de-descompresion\\\/#breadcrumb\"},\"inLanguage\":\"es\",\"potentialAction\":[{\"@type\":\"ReadAction\",\"target\":[\"https:\\\/\\\/calerodiving.com\\\/es\\\/procedimientos-de-descompresion\\\/\"]}]},{\"@type\":\"ImageObject\",\"inLanguage\":\"es\",\"@id\":\"https:\\\/\\\/calerodiving.com\\\/es\\\/procedimientos-de-descompresion\\\/#primaryimage\",\"url\":\"https:\\\/\\\/calerodiving.com\\\/wp-content\\\/uploads\\\/2025\\\/07\\\/Decompression-Procedures-.png\",\"contentUrl\":\"https:\\\/\\\/calerodiving.com\\\/wp-content\\\/uploads\\\/2025\\\/07\\\/Decompression-Procedures-.png\"},{\"@type\":\"BreadcrumbList\",\"@id\":\"https:\\\/\\\/calerodiving.com\\\/es\\\/procedimientos-de-descompresion\\\/#breadcrumb\",\"itemListElement\":[{\"@type\":\"ListItem\",\"position\":1,\"name\":\"Home\",\"item\":\"https:\\\/\\\/calerodiving.com\\\/es\\\/\"},{\"@type\":\"ListItem\",\"position\":2,\"name\":\"Procedimientos de descompresi\u00f3n\"}]},{\"@type\":\"WebSite\",\"@id\":\"https:\\\/\\\/calerodiving.com\\\/#website\",\"url\":\"https:\\\/\\\/calerodiving.com\\\/\",\"name\":\"Calero Diving Lanzarote\",\"description\":\"Diving Center Lanzarote\",\"publisher\":{\"@id\":\"https:\\\/\\\/calerodiving.com\\\/#organization\"},\"alternateName\":\"Calero Diving\",\"potentialAction\":[{\"@type\":\"SearchAction\",\"target\":{\"@type\":\"EntryPoint\",\"urlTemplate\":\"https:\\\/\\\/calerodiving.com\\\/?s={search_term_string}\"},\"query-input\":{\"@type\":\"PropertyValueSpecification\",\"valueRequired\":true,\"valueName\":\"search_term_string\"}}],\"inLanguage\":\"es\"},{\"@type\":\"Organization\",\"@id\":\"https:\\\/\\\/calerodiving.com\\\/#organization\",\"name\":\"Calero Diving Lanzarote\",\"alternateName\":\"Calero Diving\",\"url\":\"https:\\\/\\\/calerodiving.com\\\/\",\"logo\":{\"@type\":\"ImageObject\",\"inLanguage\":\"es\",\"@id\":\"https:\\\/\\\/calerodiving.com\\\/#\\\/schema\\\/logo\\\/image\\\/\",\"url\":\"https:\\\/\\\/calerodiving.com\\\/wp-content\\\/uploads\\\/2025\\\/05\\\/Grupo.png\",\"contentUrl\":\"https:\\\/\\\/calerodiving.com\\\/wp-content\\\/uploads\\\/2025\\\/05\\\/Grupo.png\",\"width\":499,\"height\":590,\"caption\":\"Calero Diving Lanzarote\"},\"image\":{\"@id\":\"https:\\\/\\\/calerodiving.com\\\/#\\\/schema\\\/logo\\\/image\\\/\"},\"sameAs\":[\"https:\\\/\\\/www.facebook.com\\\/calerodiving\\\/\",\"https:\\\/\\\/www.instagram.com\\\/calerodiving\\\/\"]}]}<\/script>\n<!-- \/ Yoast SEO plugin. -->","yoast_head_json":{"title":"Procedimientos de descompresi\u00f3n | Calero Diving Lanzarote","robots":{"index":"index","follow":"follow","max-snippet":"max-snippet:-1","max-image-preview":"max-image-preview:large","max-video-preview":"max-video-preview:-1"},"canonical":"https:\/\/calerodiving.com\/es\/procedimientos-de-descompresion\/","og_locale":"es_ES","og_type":"article","og_title":"Procedimientos de descompresi\u00f3n | Calero Diving Lanzarote","og_description":"T\u00e9cnico Procedimientos de descompresi\u00f3n Planifique inmersiones de descompresi\u00f3n seguras Descripci\u00f3n general del programa: El curso de Procedimientos de Descompresi\u00f3n de TDI examina la teor\u00eda, los m\u00e9todos y los procedimientos de la inmersi\u00f3n de descompresi\u00f3n planificada, a lo largo de 4 inmersiones. El programa est\u00e1 dise\u00f1ado como un curso independiente o puede impartirse junto con el [&hellip;]","og_url":"https:\/\/calerodiving.com\/es\/procedimientos-de-descompresion\/","og_site_name":"Calero Diving Lanzarote","article_publisher":"https:\/\/www.facebook.com\/calerodiving\/","article_modified_time":"2025-08-27T07:50:05+00:00","og_image":[{"width":700,"height":445,"url":"https:\/\/calerodiving.com\/wp-content\/uploads\/2025\/07\/Decompression-Procedures-.png","type":"image\/png"}],"twitter_card":"summary_large_image","twitter_misc":{"Tiempo de lectura":"1 minuto"},"schema":{"@context":"https:\/\/schema.org","@graph":[{"@type":"WebPage","@id":"https:\/\/calerodiving.com\/es\/procedimientos-de-descompresion\/","url":"https:\/\/calerodiving.com\/es\/procedimientos-de-descompresion\/","name":"Procedimientos de descompresi\u00f3n | Calero Diving Lanzarote","isPartOf":{"@id":"https:\/\/calerodiving.com\/#website"},"primaryImageOfPage":{"@id":"https:\/\/calerodiving.com\/es\/procedimientos-de-descompresion\/#primaryimage"},"image":{"@id":"https:\/\/calerodiving.com\/es\/procedimientos-de-descompresion\/#primaryimage"},"thumbnailUrl":"https:\/\/calerodiving.com\/wp-content\/uploads\/2025\/07\/Decompression-Procedures-.png","datePublished":"2025-08-27T07:50:01+00:00","dateModified":"2025-08-27T07:50:05+00:00","breadcrumb":{"@id":"https:\/\/calerodiving.com\/es\/procedimientos-de-descompresion\/#breadcrumb"},"inLanguage":"es","potentialAction":[{"@type":"ReadAction","target":["https:\/\/calerodiving.com\/es\/procedimientos-de-descompresion\/"]}]},{"@type":"ImageObject","inLanguage":"es","@id":"https:\/\/calerodiving.com\/es\/procedimientos-de-descompresion\/#primaryimage","url":"https:\/\/calerodiving.com\/wp-content\/uploads\/2025\/07\/Decompression-Procedures-.png","contentUrl":"https:\/\/calerodiving.com\/wp-content\/uploads\/2025\/07\/Decompression-Procedures-.png"},{"@type":"BreadcrumbList","@id":"https:\/\/calerodiving.com\/es\/procedimientos-de-descompresion\/#breadcrumb","itemListElement":[{"@type":"ListItem","position":1,"name":"Home","item":"https:\/\/calerodiving.com\/es\/"},{"@type":"ListItem","position":2,"name":"Procedimientos de descompresi\u00f3n"}]},{"@type":"WebSite","@id":"https:\/\/calerodiving.com\/#website","url":"https:\/\/calerodiving.com\/","name":"Calero Diving Lanzarote","description":"Diving Center Lanzarote","publisher":{"@id":"https:\/\/calerodiving.com\/#organization"},"alternateName":"Calero Diving","potentialAction":[{"@type":"SearchAction","target":{"@type":"EntryPoint","urlTemplate":"https:\/\/calerodiving.com\/?s={search_term_string}"},"query-input":{"@type":"PropertyValueSpecification","valueRequired":true,"valueName":"search_term_string"}}],"inLanguage":"es"},{"@type":"Organization","@id":"https:\/\/calerodiving.com\/#organization","name":"Calero Diving Lanzarote","alternateName":"Calero Diving","url":"https:\/\/calerodiving.com\/","logo":{"@type":"ImageObject","inLanguage":"es","@id":"https:\/\/calerodiving.com\/#\/schema\/logo\/image\/","url":"https:\/\/calerodiving.com\/wp-content\/uploads\/2025\/05\/Grupo.png","contentUrl":"https:\/\/calerodiving.com\/wp-content\/uploads\/2025\/05\/Grupo.png","width":499,"height":590,"caption":"Calero Diving Lanzarote"},"image":{"@id":"https:\/\/calerodiving.com\/#\/schema\/logo\/image\/"},"sameAs":["https:\/\/www.facebook.com\/calerodiving\/","https:\/\/www.instagram.com\/calerodiving\/"]}]}},"_links":{"self":[{"href":"https:\/\/calerodiving.com\/es\/wp-json\/wp\/v2\/pages\/24618","targetHints":{"allow":["GET"]}}],"collection":[{"href":"https:\/\/calerodiving.com\/es\/wp-json\/wp\/v2\/pages"}],"about":[{"href":"https:\/\/calerodiving.com\/es\/wp-json\/wp\/v2\/types\/page"}],"author":[{"embeddable":true,"href":"https:\/\/calerodiving.com\/es\/wp-json\/wp\/v2\/users\/10"}],"replies":[{"embeddable":true,"href":"https:\/\/calerodiving.com\/es\/wp-json\/wp\/v2\/comments?post=24618"}],"version-history":[{"count":1,"href":"https:\/\/calerodiving.com\/es\/wp-json\/wp\/v2\/pages\/24618\/revisions"}],"predecessor-version":[{"id":24620,"href":"https:\/\/calerodiving.com\/es\/wp-json\/wp\/v2\/pages\/24618\/revisions\/24620"}],"wp:attachment":[{"href":"https:\/\/calerodiving.com\/es\/wp-json\/wp\/v2\/media?parent=24618"}],"curies":[{"name":"wp","href":"https:\/\/api.w.org\/{rel}","templated":true}]}}