{"id":24602,"date":"2025-08-27T08:49:31","date_gmt":"2025-08-27T07:49:31","guid":{"rendered":"https:\/\/calerodiving.com\/buzo-avanzado-eanx\/"},"modified":"2025-08-27T08:49:32","modified_gmt":"2025-08-27T07:49:32","slug":"buzo-avanzado-eanx","status":"publish","type":"page","link":"https:\/\/calerodiving.com\/es\/buzo-avanzado-eanx\/","title":{"rendered":"Buzo avanzado EANx"},"content":{"rendered":"\t\t<div data-elementor-type=\"wp-page\" data-elementor-id=\"24602\" class=\"elementor elementor-24602 elementor-21227\" data-elementor-post-type=\"page\">\n\t\t\t\t<div class=\"elementor-element elementor-element-732c601 e-flex e-con-boxed e-con e-parent\" data-id=\"732c601\" data-element_type=\"container\" data-e-type=\"container\">\n\t\t\t\t\t<div class=\"e-con-inner\">\n\t\t<div class=\"elementor-element elementor-element-879ff96 e-con-full e-flex e-con e-child\" data-id=\"879ff96\" data-element_type=\"container\" data-e-type=\"container\">\n\t\t\t\t<div class=\"elementor-element elementor-element-6f5d493 elementor-widget elementor-widget-image\" data-id=\"6f5d493\" data-element_type=\"widget\" data-e-type=\"widget\" data-widget_type=\"image.default\">\n\t\t\t\t<div class=\"elementor-widget-container\">\n\t\t\t\t\t\t\t\t\t\t\t\t\t\t\t<img fetchpriority=\"high\" decoding=\"async\" width=\"700\" height=\"445\" src=\"https:\/\/calerodiving.com\/wp-content\/uploads\/2025\/07\/Logo-Iantd-Courses.png\" class=\"attachment-large size-large wp-image-20962\" alt=\"\" srcset=\"https:\/\/calerodiving.com\/wp-content\/uploads\/2025\/07\/Logo-Iantd-Courses.png 700w, https:\/\/calerodiving.com\/wp-content\/uploads\/2025\/07\/Logo-Iantd-Courses-300x191.png 300w\" sizes=\"(max-width: 700px) 100vw, 700px\" \/>\t\t\t\t\t\t\t\t\t\t\t\t\t\t\t<\/div>\n\t\t\t\t<\/div>\n\t\t\t\t<\/div>\n\t\t<div class=\"elementor-element elementor-element-3fda0fa e-con-full e-flex e-con e-child\" data-id=\"3fda0fa\" data-element_type=\"container\" data-e-type=\"container\">\n\t\t<div class=\"elementor-element elementor-element-ae47bbf e-con-full e-flex e-con e-child\" data-id=\"ae47bbf\" data-element_type=\"container\" data-e-type=\"container\">\n\t\t\t\t<div class=\"elementor-element elementor-element-0c32d3c elementor-widget elementor-widget-html\" data-id=\"0c32d3c\" data-element_type=\"widget\" data-e-type=\"widget\" data-widget_type=\"html.default\">\n\t\t\t\t<div class=\"elementor-widget-container\">\n\t\t\t\t\t<a href=\"https:\/\/calerodiving.com\/es\/?page_id=24527#iantd-open\" class=\"tag-button\">T\u00e9cnico<\/a>\n\t\t\t\t<\/div>\n\t\t\t\t<\/div>\n\t\t\t\t<div class=\"elementor-element elementor-element-37be02c elementor-widget elementor-widget-heading\" data-id=\"37be02c\" data-element_type=\"widget\" data-e-type=\"widget\" data-widget_type=\"heading.default\">\n\t\t\t\t<div class=\"elementor-widget-container\">\n\t\t\t\t\t<h2 class=\"elementor-heading-title elementor-size-default\">Buzo avanzado EANx<\/h2>\t\t\t\t<\/div>\n\t\t\t\t<\/div>\n\t\t\t\t<\/div>\n\t\t\t\t<\/div>\n\t\t\t\t\t<\/div>\n\t\t\t\t<\/div>\n\t\t<div class=\"elementor-element elementor-element-bd2a3d7 e-flex e-con-boxed e-con e-parent\" data-id=\"bd2a3d7\" data-element_type=\"container\" data-e-type=\"container\">\n\t\t\t\t\t<div class=\"e-con-inner\">\n\t\t<div class=\"elementor-element elementor-element-5d627ba e-con-full e-flex e-con e-child\" data-id=\"5d627ba\" data-element_type=\"container\" data-e-type=\"container\">\n\t\t<div class=\"elementor-element elementor-element-f60b7c2 e-con-full e-flex e-con e-child\" data-id=\"f60b7c2\" data-element_type=\"container\" data-e-type=\"container\">\n\t\t\t\t<div class=\"elementor-element elementor-element-61b2bd9 elementor-widget elementor-widget-heading\" data-id=\"61b2bd9\" data-element_type=\"widget\" data-e-type=\"widget\" data-widget_type=\"heading.default\">\n\t\t\t\t<div class=\"elementor-widget-container\">\n\t\t\t\t\t<h2 class=\"elementor-heading-title elementor-size-default\">Ampl\u00ede su tiempo de fondo m\u00e1s all\u00e1 del l\u00edmite de no descompresi\u00f3n\n<\/h2>\t\t\t\t<\/div>\n\t\t\t\t<\/div>\n\t\t\t\t<div class=\"elementor-element elementor-element-6b42a7f elementor-widget elementor-widget-text-editor\" data-id=\"6b42a7f\" data-element_type=\"widget\" data-e-type=\"widget\" data-widget_type=\"text-editor.default\">\n\t\t\t\t<div class=\"elementor-widget-container\">\n\t\t\t\t\t\t\t\t\t<div class=\"section-list\"><h3>Descripci\u00f3n general del programa:<\/h3><p>El curso IANTD Advanced EANx Diver est\u00e1 dise\u00f1ado para ampliar el conocimiento del buceador en el uso de Enriched Air Nitrox para el buceo recreativo. Adem\u00e1s, desarrolla las habilidades de buceo y proporciona una mayor comprensi\u00f3n del concepto de buceo EANx. El prop\u00f3sito de este programa es capacitar a los buceadores para realizar inmersiones hasta 40 metros y realizar paradas de descompresi\u00f3n sin l\u00edmite de tiempo, utilizando 1 mezcla de gas de descompresi\u00f3n.  <\/p><h3>Duraci\u00f3n:<\/h3><ul><li>2 d\u00edas<\/li><\/ul><h3>Incluye:<\/h3><ul><li style=\"list-style-type: none;\"><ul><li>1 sesi\u00f3n en aguas confinadas<\/li><li>Materiales digitales<\/li><\/ul><\/li><\/ul><ul><li>4 inmersiones de entrenamiento<\/li><li>Alquiler de equipo<\/li><li>Certificaci\u00f3n IANTD Advanced EANx Diver<\/li><\/ul><h3>No incluye:<\/h3><ul><li>Seguro de buceo<\/li><\/ul><h3>Requisitos:<\/h3><ul><li>M\u00ednimo 18 a\u00f1os<\/li><li>M\u00ednimo de 30 inmersiones registradas<\/li><li>Estar certificado como IANTD EANx Diver y Deep Diver o equivalente<\/li><li>Certificaci\u00f3n m\u00e9dica v\u00e1lida del \u00faltimo a\u00f1o (no se acepta la autocertificaci\u00f3n)<\/li><\/ul><h3>Otros cursos que pueden interesarte:<\/h3><ul><li><a href=\"https:\/\/calerodiving.com\/es\/buzo-tecnico\/\">Buceador t\u00e9cnico<\/a><\/li><\/ul><\/div>\t\t\t\t\t\t\t\t<\/div>\n\t\t\t\t<\/div>\n\t\t\t\t<\/div>\n\t\t\t\t<\/div>\n\t\t<div class=\"elementor-element elementor-element-2e8bca4 e-con-full e-flex e-con e-child\" data-id=\"2e8bca4\" data-element_type=\"container\" data-e-type=\"container\">\n\t\t<div class=\"elementor-element elementor-element-efd2195 e-con-full course-sidebar-box e-flex e-con e-child\" data-id=\"efd2195\" data-element_type=\"container\" data-e-type=\"container\" data-settings=\"{&quot;sticky&quot;:&quot;top&quot;,&quot;sticky_offset&quot;:110,&quot;sticky_effects_offset&quot;:130,&quot;sticky_parent&quot;:&quot;yes&quot;,&quot;sticky_on&quot;:[&quot;desktop&quot;,&quot;tablet&quot;,&quot;mobile&quot;],&quot;sticky_anchor_link_offset&quot;:0}\">\n\t\t\t\t<div class=\"elementor-element elementor-element-4a49d11 elementor-widget elementor-widget-text-editor\" data-id=\"4a49d11\" data-element_type=\"widget\" data-e-type=\"widget\" data-widget_type=\"text-editor.default\">\n\t\t\t\t<div class=\"elementor-widget-container\">\n\t\t\t\t\t\t\t\t\t<div class=\"courses-info\"><h6 class=\"no-margin\">Duraci\u00f3n:<\/h6><p class=\"no-margin\">Curso de 2 d\u00edas<\/p><\/div><div class=\"courses-info\"><h6 class=\"no-margin\">Precio:<\/h6><p class=\"no-margin\">Desde 550 \u20ac<\/p><\/div>\t\t\t\t\t\t\t\t<\/div>\n\t\t\t\t<\/div>\n\t\t\t\t<div class=\"elementor-element elementor-element-1888337 elementor-mobile-align-center elementor-widget elementor-widget-button\" data-id=\"1888337\" data-element_type=\"widget\" data-e-type=\"widget\" data-widget_type=\"button.default\">\n\t\t\t\t<div class=\"elementor-widget-container\">\n\t\t\t\t\t\t\t\t\t<div class=\"elementor-button-wrapper\">\n\t\t\t\t\t<a class=\"elementor-button elementor-button-link elementor-size-sm\" href=\"https:\/\/app.bukyapp.com\/front\/6213b2319a1bbf005fa0b870\/product\/6888c213f71dec2c3881d6a8?lang=en\" target=\"_blank\">\n\t\t\t\t\t\t<span class=\"elementor-button-content-wrapper\">\n\t\t\t\t\t\t\t\t\t<span class=\"elementor-button-text\">Comprar curso<\/span>\n\t\t\t\t\t<\/span>\n\t\t\t\t\t<\/a>\n\t\t\t\t<\/div>\n\t\t\t\t\t\t\t\t<\/div>\n\t\t\t\t<\/div>\n\t\t\t\t<\/div>\n\t\t\t\t<\/div>\n\t\t\t\t\t<\/div>\n\t\t\t\t<\/div>\n\t\t\t\t<\/div>\n\t\t","protected":false},"excerpt":{"rendered":"<p>T\u00e9cnico Buzo avanzado EANx Ampl\u00ede su tiempo de fondo m\u00e1s all\u00e1 del l\u00edmite de no descompresi\u00f3n Descripci\u00f3n general del programa: El curso IANTD Advanced EANx Diver est\u00e1 dise\u00f1ado para ampliar el conocimiento del buceador en el uso de Enriched Air Nitrox para el buceo recreativo. Adem\u00e1s, desarrolla las habilidades de buceo y proporciona una mayor [&hellip;]<\/p>\n","protected":false},"author":10,"featured_media":0,"parent":0,"menu_order":0,"comment_status":"closed","ping_status":"closed","template":"","meta":{"_acf_changed":false,"footnotes":""},"class_list":["post-24602","page","type-page","status-publish","hentry"],"acf":[],"yoast_head":"<!-- This site is optimized with the Yoast SEO plugin v27.5 - https:\/\/yoast.com\/product\/yoast-seo-wordpress\/ -->\n<title>Buzo avanzado EANx | Calero Diving Lanzarote<\/title>\n<meta name=\"robots\" content=\"index, follow, max-snippet:-1, max-image-preview:large, max-video-preview:-1\" \/>\n<link rel=\"canonical\" href=\"https:\/\/calerodiving.com\/es\/buzo-avanzado-eanx\/\" \/>\n<meta property=\"og:locale\" content=\"es_ES\" \/>\n<meta property=\"og:type\" content=\"article\" \/>\n<meta property=\"og:title\" content=\"Buzo avanzado EANx | Calero Diving Lanzarote\" \/>\n<meta property=\"og:description\" content=\"T\u00e9cnico Buzo avanzado EANx Ampl\u00ede su tiempo de fondo m\u00e1s all\u00e1 del l\u00edmite de no descompresi\u00f3n Descripci\u00f3n general del programa: El curso IANTD Advanced EANx Diver est\u00e1 dise\u00f1ado para ampliar el conocimiento del buceador en el uso de Enriched Air Nitrox para el buceo recreativo. Adem\u00e1s, desarrolla las habilidades de buceo y proporciona una mayor [&hellip;]\" \/>\n<meta property=\"og:url\" content=\"https:\/\/calerodiving.com\/es\/buzo-avanzado-eanx\/\" \/>\n<meta property=\"og:site_name\" content=\"Calero Diving Lanzarote\" \/>\n<meta property=\"article:publisher\" content=\"https:\/\/www.facebook.com\/calerodiving\/\" \/>\n<meta property=\"article:modified_time\" content=\"2025-08-27T07:49:32+00:00\" \/>\n<meta property=\"og:image\" content=\"https:\/\/calerodiving.com\/wp-content\/uploads\/2025\/07\/Logo-Iantd-Courses.png\" \/>\n\t<meta property=\"og:image:width\" content=\"700\" \/>\n\t<meta property=\"og:image:height\" content=\"445\" \/>\n\t<meta property=\"og:image:type\" content=\"image\/png\" \/>\n<meta name=\"twitter:card\" content=\"summary_large_image\" \/>\n<meta name=\"twitter:label1\" content=\"Tiempo de lectura\" \/>\n\t<meta name=\"twitter:data1\" content=\"1 minuto\" \/>\n<script type=\"application\/ld+json\" class=\"yoast-schema-graph\">{\"@context\":\"https:\\\/\\\/schema.org\",\"@graph\":[{\"@type\":\"WebPage\",\"@id\":\"https:\\\/\\\/calerodiving.com\\\/es\\\/buzo-avanzado-eanx\\\/\",\"url\":\"https:\\\/\\\/calerodiving.com\\\/es\\\/buzo-avanzado-eanx\\\/\",\"name\":\"Buzo avanzado EANx | Calero Diving Lanzarote\",\"isPartOf\":{\"@id\":\"https:\\\/\\\/calerodiving.com\\\/#website\"},\"primaryImageOfPage\":{\"@id\":\"https:\\\/\\\/calerodiving.com\\\/es\\\/buzo-avanzado-eanx\\\/#primaryimage\"},\"image\":{\"@id\":\"https:\\\/\\\/calerodiving.com\\\/es\\\/buzo-avanzado-eanx\\\/#primaryimage\"},\"thumbnailUrl\":\"https:\\\/\\\/calerodiving.com\\\/wp-content\\\/uploads\\\/2025\\\/07\\\/Logo-Iantd-Courses.png\",\"datePublished\":\"2025-08-27T07:49:31+00:00\",\"dateModified\":\"2025-08-27T07:49:32+00:00\",\"breadcrumb\":{\"@id\":\"https:\\\/\\\/calerodiving.com\\\/es\\\/buzo-avanzado-eanx\\\/#breadcrumb\"},\"inLanguage\":\"es\",\"potentialAction\":[{\"@type\":\"ReadAction\",\"target\":[\"https:\\\/\\\/calerodiving.com\\\/es\\\/buzo-avanzado-eanx\\\/\"]}]},{\"@type\":\"ImageObject\",\"inLanguage\":\"es\",\"@id\":\"https:\\\/\\\/calerodiving.com\\\/es\\\/buzo-avanzado-eanx\\\/#primaryimage\",\"url\":\"https:\\\/\\\/calerodiving.com\\\/wp-content\\\/uploads\\\/2025\\\/07\\\/Logo-Iantd-Courses.png\",\"contentUrl\":\"https:\\\/\\\/calerodiving.com\\\/wp-content\\\/uploads\\\/2025\\\/07\\\/Logo-Iantd-Courses.png\"},{\"@type\":\"BreadcrumbList\",\"@id\":\"https:\\\/\\\/calerodiving.com\\\/es\\\/buzo-avanzado-eanx\\\/#breadcrumb\",\"itemListElement\":[{\"@type\":\"ListItem\",\"position\":1,\"name\":\"Home\",\"item\":\"https:\\\/\\\/calerodiving.com\\\/es\\\/\"},{\"@type\":\"ListItem\",\"position\":2,\"name\":\"Buzo avanzado EANx\"}]},{\"@type\":\"WebSite\",\"@id\":\"https:\\\/\\\/calerodiving.com\\\/#website\",\"url\":\"https:\\\/\\\/calerodiving.com\\\/\",\"name\":\"Calero Diving Lanzarote\",\"description\":\"Diving Center Lanzarote\",\"publisher\":{\"@id\":\"https:\\\/\\\/calerodiving.com\\\/#organization\"},\"alternateName\":\"Calero Diving\",\"potentialAction\":[{\"@type\":\"SearchAction\",\"target\":{\"@type\":\"EntryPoint\",\"urlTemplate\":\"https:\\\/\\\/calerodiving.com\\\/?s={search_term_string}\"},\"query-input\":{\"@type\":\"PropertyValueSpecification\",\"valueRequired\":true,\"valueName\":\"search_term_string\"}}],\"inLanguage\":\"es\"},{\"@type\":\"Organization\",\"@id\":\"https:\\\/\\\/calerodiving.com\\\/#organization\",\"name\":\"Calero Diving Lanzarote\",\"alternateName\":\"Calero Diving\",\"url\":\"https:\\\/\\\/calerodiving.com\\\/\",\"logo\":{\"@type\":\"ImageObject\",\"inLanguage\":\"es\",\"@id\":\"https:\\\/\\\/calerodiving.com\\\/#\\\/schema\\\/logo\\\/image\\\/\",\"url\":\"https:\\\/\\\/calerodiving.com\\\/wp-content\\\/uploads\\\/2025\\\/05\\\/Grupo.png\",\"contentUrl\":\"https:\\\/\\\/calerodiving.com\\\/wp-content\\\/uploads\\\/2025\\\/05\\\/Grupo.png\",\"width\":499,\"height\":590,\"caption\":\"Calero Diving Lanzarote\"},\"image\":{\"@id\":\"https:\\\/\\\/calerodiving.com\\\/#\\\/schema\\\/logo\\\/image\\\/\"},\"sameAs\":[\"https:\\\/\\\/www.facebook.com\\\/calerodiving\\\/\",\"https:\\\/\\\/www.instagram.com\\\/calerodiving\\\/\"]}]}<\/script>\n<!-- \/ Yoast SEO plugin. -->","yoast_head_json":{"title":"Buzo avanzado EANx | Calero Diving Lanzarote","robots":{"index":"index","follow":"follow","max-snippet":"max-snippet:-1","max-image-preview":"max-image-preview:large","max-video-preview":"max-video-preview:-1"},"canonical":"https:\/\/calerodiving.com\/es\/buzo-avanzado-eanx\/","og_locale":"es_ES","og_type":"article","og_title":"Buzo avanzado EANx | Calero Diving Lanzarote","og_description":"T\u00e9cnico Buzo avanzado EANx Ampl\u00ede su tiempo de fondo m\u00e1s all\u00e1 del l\u00edmite de no descompresi\u00f3n Descripci\u00f3n general del programa: El curso IANTD Advanced EANx Diver est\u00e1 dise\u00f1ado para ampliar el conocimiento del buceador en el uso de Enriched Air Nitrox para el buceo recreativo. Adem\u00e1s, desarrolla las habilidades de buceo y proporciona una mayor [&hellip;]","og_url":"https:\/\/calerodiving.com\/es\/buzo-avanzado-eanx\/","og_site_name":"Calero Diving Lanzarote","article_publisher":"https:\/\/www.facebook.com\/calerodiving\/","article_modified_time":"2025-08-27T07:49:32+00:00","og_image":[{"width":700,"height":445,"url":"https:\/\/calerodiving.com\/wp-content\/uploads\/2025\/07\/Logo-Iantd-Courses.png","type":"image\/png"}],"twitter_card":"summary_large_image","twitter_misc":{"Tiempo de lectura":"1 minuto"},"schema":{"@context":"https:\/\/schema.org","@graph":[{"@type":"WebPage","@id":"https:\/\/calerodiving.com\/es\/buzo-avanzado-eanx\/","url":"https:\/\/calerodiving.com\/es\/buzo-avanzado-eanx\/","name":"Buzo avanzado EANx | Calero Diving Lanzarote","isPartOf":{"@id":"https:\/\/calerodiving.com\/#website"},"primaryImageOfPage":{"@id":"https:\/\/calerodiving.com\/es\/buzo-avanzado-eanx\/#primaryimage"},"image":{"@id":"https:\/\/calerodiving.com\/es\/buzo-avanzado-eanx\/#primaryimage"},"thumbnailUrl":"https:\/\/calerodiving.com\/wp-content\/uploads\/2025\/07\/Logo-Iantd-Courses.png","datePublished":"2025-08-27T07:49:31+00:00","dateModified":"2025-08-27T07:49:32+00:00","breadcrumb":{"@id":"https:\/\/calerodiving.com\/es\/buzo-avanzado-eanx\/#breadcrumb"},"inLanguage":"es","potentialAction":[{"@type":"ReadAction","target":["https:\/\/calerodiving.com\/es\/buzo-avanzado-eanx\/"]}]},{"@type":"ImageObject","inLanguage":"es","@id":"https:\/\/calerodiving.com\/es\/buzo-avanzado-eanx\/#primaryimage","url":"https:\/\/calerodiving.com\/wp-content\/uploads\/2025\/07\/Logo-Iantd-Courses.png","contentUrl":"https:\/\/calerodiving.com\/wp-content\/uploads\/2025\/07\/Logo-Iantd-Courses.png"},{"@type":"BreadcrumbList","@id":"https:\/\/calerodiving.com\/es\/buzo-avanzado-eanx\/#breadcrumb","itemListElement":[{"@type":"ListItem","position":1,"name":"Home","item":"https:\/\/calerodiving.com\/es\/"},{"@type":"ListItem","position":2,"name":"Buzo avanzado EANx"}]},{"@type":"WebSite","@id":"https:\/\/calerodiving.com\/#website","url":"https:\/\/calerodiving.com\/","name":"Calero Diving Lanzarote","description":"Diving Center Lanzarote","publisher":{"@id":"https:\/\/calerodiving.com\/#organization"},"alternateName":"Calero Diving","potentialAction":[{"@type":"SearchAction","target":{"@type":"EntryPoint","urlTemplate":"https:\/\/calerodiving.com\/?s={search_term_string}"},"query-input":{"@type":"PropertyValueSpecification","valueRequired":true,"valueName":"search_term_string"}}],"inLanguage":"es"},{"@type":"Organization","@id":"https:\/\/calerodiving.com\/#organization","name":"Calero Diving Lanzarote","alternateName":"Calero Diving","url":"https:\/\/calerodiving.com\/","logo":{"@type":"ImageObject","inLanguage":"es","@id":"https:\/\/calerodiving.com\/#\/schema\/logo\/image\/","url":"https:\/\/calerodiving.com\/wp-content\/uploads\/2025\/05\/Grupo.png","contentUrl":"https:\/\/calerodiving.com\/wp-content\/uploads\/2025\/05\/Grupo.png","width":499,"height":590,"caption":"Calero Diving Lanzarote"},"image":{"@id":"https:\/\/calerodiving.com\/#\/schema\/logo\/image\/"},"sameAs":["https:\/\/www.facebook.com\/calerodiving\/","https:\/\/www.instagram.com\/calerodiving\/"]}]}},"_links":{"self":[{"href":"https:\/\/calerodiving.com\/es\/wp-json\/wp\/v2\/pages\/24602","targetHints":{"allow":["GET"]}}],"collection":[{"href":"https:\/\/calerodiving.com\/es\/wp-json\/wp\/v2\/pages"}],"about":[{"href":"https:\/\/calerodiving.com\/es\/wp-json\/wp\/v2\/types\/page"}],"author":[{"embeddable":true,"href":"https:\/\/calerodiving.com\/es\/wp-json\/wp\/v2\/users\/10"}],"replies":[{"embeddable":true,"href":"https:\/\/calerodiving.com\/es\/wp-json\/wp\/v2\/comments?post=24602"}],"version-history":[{"count":1,"href":"https:\/\/calerodiving.com\/es\/wp-json\/wp\/v2\/pages\/24602\/revisions"}],"predecessor-version":[{"id":24604,"href":"https:\/\/calerodiving.com\/es\/wp-json\/wp\/v2\/pages\/24602\/revisions\/24604"}],"wp:attachment":[{"href":"https:\/\/calerodiving.com\/es\/wp-json\/wp\/v2\/media?parent=24602"}],"curies":[{"name":"wp","href":"https:\/\/api.w.org\/{rel}","templated":true}]}}