{"id":24594,"date":"2025-08-27T08:49:28","date_gmt":"2025-08-27T07:49:28","guid":{"rendered":"https:\/\/calerodiving.com\/buzo-avanzado-trimix\/"},"modified":"2025-08-27T08:49:32","modified_gmt":"2025-08-27T07:49:32","slug":"buzo-avanzado-trimix","status":"publish","type":"page","link":"https:\/\/calerodiving.com\/es\/buzo-avanzado-trimix\/","title":{"rendered":"Buzo avanzado trimix"},"content":{"rendered":"\t\t<div data-elementor-type=\"wp-page\" data-elementor-id=\"24594\" class=\"elementor elementor-24594 elementor-21214\" data-elementor-post-type=\"page\">\n\t\t\t\t<div class=\"elementor-element elementor-element-125fa3a e-flex e-con-boxed e-con e-parent\" data-id=\"125fa3a\" data-element_type=\"container\" data-e-type=\"container\">\n\t\t\t\t\t<div class=\"e-con-inner\">\n\t\t<div class=\"elementor-element elementor-element-84daf0b e-con-full e-flex e-con e-child\" data-id=\"84daf0b\" data-element_type=\"container\" data-e-type=\"container\">\n\t\t\t\t<div class=\"elementor-element elementor-element-d7533c8 elementor-widget elementor-widget-image\" data-id=\"d7533c8\" data-element_type=\"widget\" data-e-type=\"widget\" data-widget_type=\"image.default\">\n\t\t\t\t<div class=\"elementor-widget-container\">\n\t\t\t\t\t\t\t\t\t\t\t\t\t\t\t<img fetchpriority=\"high\" decoding=\"async\" width=\"700\" height=\"445\" src=\"https:\/\/calerodiving.com\/wp-content\/uploads\/2025\/07\/Advanced-Trimix-Diver-.png\" class=\"attachment-large size-large wp-image-20981\" alt=\"\" srcset=\"https:\/\/calerodiving.com\/wp-content\/uploads\/2025\/07\/Advanced-Trimix-Diver-.png 700w, https:\/\/calerodiving.com\/wp-content\/uploads\/2025\/07\/Advanced-Trimix-Diver--300x191.png 300w\" sizes=\"(max-width: 700px) 100vw, 700px\" \/>\t\t\t\t\t\t\t\t\t\t\t\t\t\t\t<\/div>\n\t\t\t\t<\/div>\n\t\t\t\t<\/div>\n\t\t<div class=\"elementor-element elementor-element-27fb28e e-con-full e-flex e-con e-child\" data-id=\"27fb28e\" data-element_type=\"container\" data-e-type=\"container\">\n\t\t<div class=\"elementor-element elementor-element-5cb92d5 e-con-full e-flex e-con e-child\" data-id=\"5cb92d5\" data-element_type=\"container\" data-e-type=\"container\">\n\t\t\t\t<div class=\"elementor-element elementor-element-32df248 elementor-widget elementor-widget-html\" data-id=\"32df248\" data-element_type=\"widget\" data-e-type=\"widget\" data-widget_type=\"html.default\">\n\t\t\t\t<div class=\"elementor-widget-container\">\n\t\t\t\t\t<a href=\"https:\/\/calerodiving.com\/es\/?page_id=24527#tdi-open\" class=\"tag-button\">T\u00e9cnico<\/a>\n\t\t\t\t<\/div>\n\t\t\t\t<\/div>\n\t\t\t\t<div class=\"elementor-element elementor-element-c5577b9 elementor-widget elementor-widget-heading\" data-id=\"c5577b9\" data-element_type=\"widget\" data-e-type=\"widget\" data-widget_type=\"heading.default\">\n\t\t\t\t<div class=\"elementor-widget-container\">\n\t\t\t\t\t<h2 class=\"elementor-heading-title elementor-size-default\">Buzo avanzado trimix\n<\/h2>\t\t\t\t<\/div>\n\t\t\t\t<\/div>\n\t\t\t\t<\/div>\n\t\t\t\t<\/div>\n\t\t\t\t\t<\/div>\n\t\t\t\t<\/div>\n\t\t<div class=\"elementor-element elementor-element-232a17f e-flex e-con-boxed e-con e-parent\" data-id=\"232a17f\" data-element_type=\"container\" data-e-type=\"container\">\n\t\t\t\t\t<div class=\"e-con-inner\">\n\t\t<div class=\"elementor-element elementor-element-7dc9fe8 e-con-full e-flex e-con e-child\" data-id=\"7dc9fe8\" data-element_type=\"container\" data-e-type=\"container\">\n\t\t<div class=\"elementor-element elementor-element-5e84080 e-con-full e-flex e-con e-child\" data-id=\"5e84080\" data-element_type=\"container\" data-e-type=\"container\">\n\t\t\t\t<div class=\"elementor-element elementor-element-41bcc0c elementor-widget elementor-widget-heading\" data-id=\"41bcc0c\" data-element_type=\"widget\" data-e-type=\"widget\" data-widget_type=\"heading.default\">\n\t\t\t\t<div class=\"elementor-widget-container\">\n\t\t\t\t\t<h2 class=\"elementor-heading-title elementor-size-default\">Planifique inmersiones de descompresi\u00f3n seguras utilizando mezclas de helio hasta 100 m.<\/h2>\t\t\t\t<\/div>\n\t\t\t\t<\/div>\n\t\t\t\t<div class=\"elementor-element elementor-element-6670e4f elementor-widget elementor-widget-text-editor\" data-id=\"6670e4f\" data-element_type=\"widget\" data-e-type=\"widget\" data-widget_type=\"text-editor.default\">\n\t\t\t\t<div class=\"elementor-widget-container\">\n\t\t\t\t\t\t\t\t\t<div class=\"section-list\">\n  <h3>Descripci\u00f3n general del programa:<\/h3>\n  <ul>\n    <li>El curso TDI Advanced Trimix proporciona la formaci\u00f3n necesaria para utilizar de forma competente y segura gases respirables que contengan helio para inmersiones que requieran descompresi\u00f3n escalonada, utilizando mezclas de Nitrox y\/u ox\u00edgeno durante la descompresi\u00f3n hasta una profundidad m\u00e1xima de 100 metros. El objetivo del curso es capacitar a los buceadores en los beneficios, los peligros y los procedimientos adecuados de la utilizaci\u00f3n de mezclas personalizadas de ox\u00edgeno\/helio\/nitr\u00f3geno como gases respirables. <\/li>\n  <\/ul>\n  <h3>Duraci\u00f3n:<\/h3>\n  <ul>\n    <li>5 d\u00edas<\/li>\n  <\/ul>\n  <h3>Incluye:<\/h3>\n  <ul>\n    <li>2 inmersiones de habilidad<\/li>\n    <li>4 inmersiones de entrenamiento<\/li>\n    <li>Materiales digitales<\/li>\n    <li>Certificaci\u00f3n TDI Advanced Trimix<\/li>\n  <\/ul>\n  <h3>No incluye:<\/h3>\n  <ul>\n    <li>Alquiler de equipo<\/li>\n    <li>Seguro de buceo<\/li>\n    <li>Suplemento de helio<\/li>\n  <\/ul>\n  <h3>Requisitos:<\/h3>\n  <ul>\n    <li>M\u00ednimo 18 a\u00f1os<\/li>\n    <li>M\u00ednimo de 100 inmersiones registradas (25 deben ser a m\u00e1s de 30 m)<\/li>\n    <li>Estar certificado como buceador de rango extendido o buceador Trimix o equivalente<\/li>\n    <li>Certificaci\u00f3n m\u00e9dica v\u00e1lida del \u00faltimo a\u00f1o (no se acepta la autocertificaci\u00f3n)<\/li>\n  <\/ul>\n  <h3>Otros cursos que pueden interesarte:<\/h3>\n  <ul>\n    <li><a href=\"https:\/\/calerodiving.com\/extended-range-3\/\">Buceador de rango extendido<\/a><\/li>\n    <li><a href=\"https:\/\/calerodiving.com\/es\/buceador-trimix\/\">Buceador Trimix<\/a><\/li>\n  <\/ul>\n<\/div>\n\t\t\t\t\t\t\t\t<\/div>\n\t\t\t\t<\/div>\n\t\t\t\t<\/div>\n\t\t\t\t<\/div>\n\t\t<div class=\"elementor-element elementor-element-b5e21d2 e-con-full e-flex e-con e-child\" data-id=\"b5e21d2\" data-element_type=\"container\" data-e-type=\"container\">\n\t\t<div class=\"elementor-element elementor-element-ecb4d67 e-con-full course-sidebar-box e-flex e-con e-child\" data-id=\"ecb4d67\" data-element_type=\"container\" data-e-type=\"container\" data-settings=\"{&quot;sticky&quot;:&quot;top&quot;,&quot;sticky_offset&quot;:110,&quot;sticky_effects_offset&quot;:130,&quot;sticky_parent&quot;:&quot;yes&quot;,&quot;sticky_on&quot;:[&quot;desktop&quot;,&quot;tablet&quot;,&quot;mobile&quot;],&quot;sticky_anchor_link_offset&quot;:0}\">\n\t\t\t\t<div class=\"elementor-element elementor-element-c258e33 elementor-widget elementor-widget-text-editor\" data-id=\"c258e33\" data-element_type=\"widget\" data-e-type=\"widget\" data-widget_type=\"text-editor.default\">\n\t\t\t\t<div class=\"elementor-widget-container\">\n\t\t\t\t\t\t\t\t\t<div class=\"courses-info\"><h6 class=\"no-margin\">Duraci\u00f3n:<\/h6><p class=\"no-margin\">Curso de 5 d\u00edas<\/p><\/div><div class=\"courses-info\"><h6 class=\"no-margin\">Precio:<\/h6><p class=\"no-margin\">Desde 2500 \u20ac<\/p><\/div>\t\t\t\t\t\t\t\t<\/div>\n\t\t\t\t<\/div>\n\t\t\t\t<div class=\"elementor-element elementor-element-98607f6 elementor-mobile-align-center elementor-widget elementor-widget-button\" data-id=\"98607f6\" data-element_type=\"widget\" data-e-type=\"widget\" data-widget_type=\"button.default\">\n\t\t\t\t<div class=\"elementor-widget-container\">\n\t\t\t\t\t\t\t\t\t<div class=\"elementor-button-wrapper\">\n\t\t\t\t\t<a class=\"elementor-button elementor-button-link elementor-size-sm\" href=\"https:\/\/bukyapp.com\/booking?mode=pack&#038;product=625eabbb639c1f2053f25b0a&#038;lang=es&#038;_gl=1*1l8v28a*_ga*ODU1MDM5OTIuMTc0MTE5MTcyMQ..*_ga_4WWMT2EY3C*czE3NTMyNjgzMDUkbzc1JGcxJHQxNzUzMjcwMTMxJGo1NSRsMCRoMA..\" target=\"_blank\">\n\t\t\t\t\t\t<span class=\"elementor-button-content-wrapper\">\n\t\t\t\t\t\t\t\t\t<span class=\"elementor-button-text\">Comprar curso<\/span>\n\t\t\t\t\t<\/span>\n\t\t\t\t\t<\/a>\n\t\t\t\t<\/div>\n\t\t\t\t\t\t\t\t<\/div>\n\t\t\t\t<\/div>\n\t\t\t\t<\/div>\n\t\t\t\t<\/div>\n\t\t\t\t\t<\/div>\n\t\t\t\t<\/div>\n\t\t\t\t<\/div>\n\t\t","protected":false},"excerpt":{"rendered":"<p>T\u00e9cnico Buzo avanzado trimix Planifique inmersiones de descompresi\u00f3n seguras utilizando mezclas de helio hasta 100 m. Descripci\u00f3n general del programa: El curso TDI Advanced Trimix proporciona la formaci\u00f3n necesaria para utilizar de forma competente y segura gases respirables que contengan helio para inmersiones que requieran descompresi\u00f3n escalonada, utilizando mezclas de Nitrox y\/u ox\u00edgeno durante la [&hellip;]<\/p>\n","protected":false},"author":10,"featured_media":0,"parent":0,"menu_order":0,"comment_status":"closed","ping_status":"closed","template":"","meta":{"_acf_changed":false,"footnotes":""},"class_list":["post-24594","page","type-page","status-publish","hentry"],"acf":[],"yoast_head":"<!-- This site is optimized with the Yoast SEO plugin v27.5 - https:\/\/yoast.com\/product\/yoast-seo-wordpress\/ -->\n<title>Buzo avanzado trimix | Calero Diving Lanzarote<\/title>\n<meta name=\"robots\" content=\"index, follow, max-snippet:-1, max-image-preview:large, max-video-preview:-1\" \/>\n<link rel=\"canonical\" href=\"https:\/\/calerodiving.com\/es\/buzo-avanzado-trimix\/\" \/>\n<meta property=\"og:locale\" content=\"es_ES\" \/>\n<meta property=\"og:type\" content=\"article\" \/>\n<meta property=\"og:title\" content=\"Buzo avanzado trimix | Calero Diving Lanzarote\" \/>\n<meta property=\"og:description\" content=\"T\u00e9cnico Buzo avanzado trimix Planifique inmersiones de descompresi\u00f3n seguras utilizando mezclas de helio hasta 100 m. Descripci\u00f3n general del programa: El curso TDI Advanced Trimix proporciona la formaci\u00f3n necesaria para utilizar de forma competente y segura gases respirables que contengan helio para inmersiones que requieran descompresi\u00f3n escalonada, utilizando mezclas de Nitrox y\/u ox\u00edgeno durante la [&hellip;]\" \/>\n<meta property=\"og:url\" content=\"https:\/\/calerodiving.com\/es\/buzo-avanzado-trimix\/\" \/>\n<meta property=\"og:site_name\" content=\"Calero Diving Lanzarote\" \/>\n<meta property=\"article:publisher\" content=\"https:\/\/www.facebook.com\/calerodiving\/\" \/>\n<meta property=\"article:modified_time\" content=\"2025-08-27T07:49:32+00:00\" \/>\n<meta property=\"og:image\" content=\"https:\/\/calerodiving.com\/wp-content\/uploads\/2025\/07\/Advanced-Trimix-Diver-.png\" \/>\n\t<meta property=\"og:image:width\" content=\"700\" \/>\n\t<meta property=\"og:image:height\" content=\"445\" \/>\n\t<meta property=\"og:image:type\" content=\"image\/png\" \/>\n<meta name=\"twitter:card\" content=\"summary_large_image\" \/>\n<meta name=\"twitter:label1\" content=\"Tiempo de lectura\" \/>\n\t<meta name=\"twitter:data1\" content=\"1 minuto\" \/>\n<script type=\"application\/ld+json\" class=\"yoast-schema-graph\">{\"@context\":\"https:\\\/\\\/schema.org\",\"@graph\":[{\"@type\":\"WebPage\",\"@id\":\"https:\\\/\\\/calerodiving.com\\\/es\\\/buzo-avanzado-trimix\\\/\",\"url\":\"https:\\\/\\\/calerodiving.com\\\/es\\\/buzo-avanzado-trimix\\\/\",\"name\":\"Buzo avanzado trimix | Calero Diving Lanzarote\",\"isPartOf\":{\"@id\":\"https:\\\/\\\/calerodiving.com\\\/#website\"},\"primaryImageOfPage\":{\"@id\":\"https:\\\/\\\/calerodiving.com\\\/es\\\/buzo-avanzado-trimix\\\/#primaryimage\"},\"image\":{\"@id\":\"https:\\\/\\\/calerodiving.com\\\/es\\\/buzo-avanzado-trimix\\\/#primaryimage\"},\"thumbnailUrl\":\"https:\\\/\\\/calerodiving.com\\\/wp-content\\\/uploads\\\/2025\\\/07\\\/Advanced-Trimix-Diver-.png\",\"datePublished\":\"2025-08-27T07:49:28+00:00\",\"dateModified\":\"2025-08-27T07:49:32+00:00\",\"breadcrumb\":{\"@id\":\"https:\\\/\\\/calerodiving.com\\\/es\\\/buzo-avanzado-trimix\\\/#breadcrumb\"},\"inLanguage\":\"es\",\"potentialAction\":[{\"@type\":\"ReadAction\",\"target\":[\"https:\\\/\\\/calerodiving.com\\\/es\\\/buzo-avanzado-trimix\\\/\"]}]},{\"@type\":\"ImageObject\",\"inLanguage\":\"es\",\"@id\":\"https:\\\/\\\/calerodiving.com\\\/es\\\/buzo-avanzado-trimix\\\/#primaryimage\",\"url\":\"https:\\\/\\\/calerodiving.com\\\/wp-content\\\/uploads\\\/2025\\\/07\\\/Advanced-Trimix-Diver-.png\",\"contentUrl\":\"https:\\\/\\\/calerodiving.com\\\/wp-content\\\/uploads\\\/2025\\\/07\\\/Advanced-Trimix-Diver-.png\"},{\"@type\":\"BreadcrumbList\",\"@id\":\"https:\\\/\\\/calerodiving.com\\\/es\\\/buzo-avanzado-trimix\\\/#breadcrumb\",\"itemListElement\":[{\"@type\":\"ListItem\",\"position\":1,\"name\":\"Home\",\"item\":\"https:\\\/\\\/calerodiving.com\\\/es\\\/\"},{\"@type\":\"ListItem\",\"position\":2,\"name\":\"Buzo avanzado trimix\"}]},{\"@type\":\"WebSite\",\"@id\":\"https:\\\/\\\/calerodiving.com\\\/#website\",\"url\":\"https:\\\/\\\/calerodiving.com\\\/\",\"name\":\"Calero Diving Lanzarote\",\"description\":\"Diving Center Lanzarote\",\"publisher\":{\"@id\":\"https:\\\/\\\/calerodiving.com\\\/#organization\"},\"alternateName\":\"Calero Diving\",\"potentialAction\":[{\"@type\":\"SearchAction\",\"target\":{\"@type\":\"EntryPoint\",\"urlTemplate\":\"https:\\\/\\\/calerodiving.com\\\/?s={search_term_string}\"},\"query-input\":{\"@type\":\"PropertyValueSpecification\",\"valueRequired\":true,\"valueName\":\"search_term_string\"}}],\"inLanguage\":\"es\"},{\"@type\":\"Organization\",\"@id\":\"https:\\\/\\\/calerodiving.com\\\/#organization\",\"name\":\"Calero Diving Lanzarote\",\"alternateName\":\"Calero Diving\",\"url\":\"https:\\\/\\\/calerodiving.com\\\/\",\"logo\":{\"@type\":\"ImageObject\",\"inLanguage\":\"es\",\"@id\":\"https:\\\/\\\/calerodiving.com\\\/#\\\/schema\\\/logo\\\/image\\\/\",\"url\":\"https:\\\/\\\/calerodiving.com\\\/wp-content\\\/uploads\\\/2025\\\/05\\\/Grupo.png\",\"contentUrl\":\"https:\\\/\\\/calerodiving.com\\\/wp-content\\\/uploads\\\/2025\\\/05\\\/Grupo.png\",\"width\":499,\"height\":590,\"caption\":\"Calero Diving Lanzarote\"},\"image\":{\"@id\":\"https:\\\/\\\/calerodiving.com\\\/#\\\/schema\\\/logo\\\/image\\\/\"},\"sameAs\":[\"https:\\\/\\\/www.facebook.com\\\/calerodiving\\\/\",\"https:\\\/\\\/www.instagram.com\\\/calerodiving\\\/\"]}]}<\/script>\n<!-- \/ Yoast SEO plugin. -->","yoast_head_json":{"title":"Buzo avanzado trimix | Calero Diving Lanzarote","robots":{"index":"index","follow":"follow","max-snippet":"max-snippet:-1","max-image-preview":"max-image-preview:large","max-video-preview":"max-video-preview:-1"},"canonical":"https:\/\/calerodiving.com\/es\/buzo-avanzado-trimix\/","og_locale":"es_ES","og_type":"article","og_title":"Buzo avanzado trimix | Calero Diving Lanzarote","og_description":"T\u00e9cnico Buzo avanzado trimix Planifique inmersiones de descompresi\u00f3n seguras utilizando mezclas de helio hasta 100 m. Descripci\u00f3n general del programa: El curso TDI Advanced Trimix proporciona la formaci\u00f3n necesaria para utilizar de forma competente y segura gases respirables que contengan helio para inmersiones que requieran descompresi\u00f3n escalonada, utilizando mezclas de Nitrox y\/u ox\u00edgeno durante la [&hellip;]","og_url":"https:\/\/calerodiving.com\/es\/buzo-avanzado-trimix\/","og_site_name":"Calero Diving Lanzarote","article_publisher":"https:\/\/www.facebook.com\/calerodiving\/","article_modified_time":"2025-08-27T07:49:32+00:00","og_image":[{"width":700,"height":445,"url":"https:\/\/calerodiving.com\/wp-content\/uploads\/2025\/07\/Advanced-Trimix-Diver-.png","type":"image\/png"}],"twitter_card":"summary_large_image","twitter_misc":{"Tiempo de lectura":"1 minuto"},"schema":{"@context":"https:\/\/schema.org","@graph":[{"@type":"WebPage","@id":"https:\/\/calerodiving.com\/es\/buzo-avanzado-trimix\/","url":"https:\/\/calerodiving.com\/es\/buzo-avanzado-trimix\/","name":"Buzo avanzado trimix | Calero Diving Lanzarote","isPartOf":{"@id":"https:\/\/calerodiving.com\/#website"},"primaryImageOfPage":{"@id":"https:\/\/calerodiving.com\/es\/buzo-avanzado-trimix\/#primaryimage"},"image":{"@id":"https:\/\/calerodiving.com\/es\/buzo-avanzado-trimix\/#primaryimage"},"thumbnailUrl":"https:\/\/calerodiving.com\/wp-content\/uploads\/2025\/07\/Advanced-Trimix-Diver-.png","datePublished":"2025-08-27T07:49:28+00:00","dateModified":"2025-08-27T07:49:32+00:00","breadcrumb":{"@id":"https:\/\/calerodiving.com\/es\/buzo-avanzado-trimix\/#breadcrumb"},"inLanguage":"es","potentialAction":[{"@type":"ReadAction","target":["https:\/\/calerodiving.com\/es\/buzo-avanzado-trimix\/"]}]},{"@type":"ImageObject","inLanguage":"es","@id":"https:\/\/calerodiving.com\/es\/buzo-avanzado-trimix\/#primaryimage","url":"https:\/\/calerodiving.com\/wp-content\/uploads\/2025\/07\/Advanced-Trimix-Diver-.png","contentUrl":"https:\/\/calerodiving.com\/wp-content\/uploads\/2025\/07\/Advanced-Trimix-Diver-.png"},{"@type":"BreadcrumbList","@id":"https:\/\/calerodiving.com\/es\/buzo-avanzado-trimix\/#breadcrumb","itemListElement":[{"@type":"ListItem","position":1,"name":"Home","item":"https:\/\/calerodiving.com\/es\/"},{"@type":"ListItem","position":2,"name":"Buzo avanzado trimix"}]},{"@type":"WebSite","@id":"https:\/\/calerodiving.com\/#website","url":"https:\/\/calerodiving.com\/","name":"Calero Diving Lanzarote","description":"Diving Center Lanzarote","publisher":{"@id":"https:\/\/calerodiving.com\/#organization"},"alternateName":"Calero Diving","potentialAction":[{"@type":"SearchAction","target":{"@type":"EntryPoint","urlTemplate":"https:\/\/calerodiving.com\/?s={search_term_string}"},"query-input":{"@type":"PropertyValueSpecification","valueRequired":true,"valueName":"search_term_string"}}],"inLanguage":"es"},{"@type":"Organization","@id":"https:\/\/calerodiving.com\/#organization","name":"Calero Diving Lanzarote","alternateName":"Calero Diving","url":"https:\/\/calerodiving.com\/","logo":{"@type":"ImageObject","inLanguage":"es","@id":"https:\/\/calerodiving.com\/#\/schema\/logo\/image\/","url":"https:\/\/calerodiving.com\/wp-content\/uploads\/2025\/05\/Grupo.png","contentUrl":"https:\/\/calerodiving.com\/wp-content\/uploads\/2025\/05\/Grupo.png","width":499,"height":590,"caption":"Calero Diving Lanzarote"},"image":{"@id":"https:\/\/calerodiving.com\/#\/schema\/logo\/image\/"},"sameAs":["https:\/\/www.facebook.com\/calerodiving\/","https:\/\/www.instagram.com\/calerodiving\/"]}]}},"_links":{"self":[{"href":"https:\/\/calerodiving.com\/es\/wp-json\/wp\/v2\/pages\/24594","targetHints":{"allow":["GET"]}}],"collection":[{"href":"https:\/\/calerodiving.com\/es\/wp-json\/wp\/v2\/pages"}],"about":[{"href":"https:\/\/calerodiving.com\/es\/wp-json\/wp\/v2\/types\/page"}],"author":[{"embeddable":true,"href":"https:\/\/calerodiving.com\/es\/wp-json\/wp\/v2\/users\/10"}],"replies":[{"embeddable":true,"href":"https:\/\/calerodiving.com\/es\/wp-json\/wp\/v2\/comments?post=24594"}],"version-history":[{"count":1,"href":"https:\/\/calerodiving.com\/es\/wp-json\/wp\/v2\/pages\/24594\/revisions"}],"predecessor-version":[{"id":24597,"href":"https:\/\/calerodiving.com\/es\/wp-json\/wp\/v2\/pages\/24594\/revisions\/24597"}],"wp:attachment":[{"href":"https:\/\/calerodiving.com\/es\/wp-json\/wp\/v2\/media?parent=24594"}],"curies":[{"name":"wp","href":"https:\/\/api.w.org\/{rel}","templated":true}]}}