{"id":24586,"date":"2025-08-27T08:49:25","date_gmt":"2025-08-27T07:49:25","guid":{"rendered":"https:\/\/calerodiving.com\/buceador-trimix-2\/"},"modified":"2025-08-27T08:49:31","modified_gmt":"2025-08-27T07:49:31","slug":"buceador-trimix-2","status":"publish","type":"page","link":"https:\/\/calerodiving.com\/es\/buceador-trimix-2\/","title":{"rendered":"Buceador Trimix"},"content":{"rendered":"\t\t<div data-elementor-type=\"wp-page\" data-elementor-id=\"24586\" class=\"elementor elementor-24586 elementor-21205\" data-elementor-post-type=\"page\">\n\t\t\t\t<div class=\"elementor-element elementor-element-c61c814 e-flex e-con-boxed e-con e-parent\" data-id=\"c61c814\" data-element_type=\"container\" data-e-type=\"container\">\n\t\t\t\t\t<div class=\"e-con-inner\">\n\t\t<div class=\"elementor-element elementor-element-eebf2c7 e-con-full e-flex e-con e-child\" data-id=\"eebf2c7\" data-element_type=\"container\" data-e-type=\"container\">\n\t\t\t\t<div class=\"elementor-element elementor-element-5bc4fce elementor-widget elementor-widget-image\" data-id=\"5bc4fce\" data-element_type=\"widget\" data-e-type=\"widget\" data-widget_type=\"image.default\">\n\t\t\t\t<div class=\"elementor-widget-container\">\n\t\t\t\t\t\t\t\t\t\t\t\t\t\t\t<img fetchpriority=\"high\" decoding=\"async\" width=\"700\" height=\"445\" src=\"https:\/\/calerodiving.com\/wp-content\/uploads\/2025\/07\/Trimix-Diver-.png\" class=\"attachment-large size-large wp-image-20980\" alt=\"\" srcset=\"https:\/\/calerodiving.com\/wp-content\/uploads\/2025\/07\/Trimix-Diver-.png 700w, https:\/\/calerodiving.com\/wp-content\/uploads\/2025\/07\/Trimix-Diver--300x191.png 300w\" sizes=\"(max-width: 700px) 100vw, 700px\" \/>\t\t\t\t\t\t\t\t\t\t\t\t\t\t\t<\/div>\n\t\t\t\t<\/div>\n\t\t\t\t<\/div>\n\t\t<div class=\"elementor-element elementor-element-d6d4ecc e-con-full e-flex e-con e-child\" data-id=\"d6d4ecc\" data-element_type=\"container\" data-e-type=\"container\">\n\t\t<div class=\"elementor-element elementor-element-296c8f4 e-con-full e-flex e-con e-child\" data-id=\"296c8f4\" data-element_type=\"container\" data-e-type=\"container\">\n\t\t\t\t<div class=\"elementor-element elementor-element-83bbe5d elementor-widget elementor-widget-html\" data-id=\"83bbe5d\" data-element_type=\"widget\" data-e-type=\"widget\" data-widget_type=\"html.default\">\n\t\t\t\t<div class=\"elementor-widget-container\">\n\t\t\t\t\t<a href=\"https:\/\/calerodiving.com\/es\/?page_id=24527#tdi-open\" class=\"tag-button\">T\u00e9cnico<\/a>\n\t\t\t\t<\/div>\n\t\t\t\t<\/div>\n\t\t\t\t<div class=\"elementor-element elementor-element-c01db0c elementor-widget elementor-widget-heading\" data-id=\"c01db0c\" data-element_type=\"widget\" data-e-type=\"widget\" data-widget_type=\"heading.default\">\n\t\t\t\t<div class=\"elementor-widget-container\">\n\t\t\t\t\t<h2 class=\"elementor-heading-title elementor-size-default\">Buceador Trimix\n<\/h2>\t\t\t\t<\/div>\n\t\t\t\t<\/div>\n\t\t\t\t<\/div>\n\t\t\t\t<\/div>\n\t\t\t\t\t<\/div>\n\t\t\t\t<\/div>\n\t\t<div class=\"elementor-element elementor-element-f599e9e e-flex e-con-boxed e-con e-parent\" data-id=\"f599e9e\" data-element_type=\"container\" data-e-type=\"container\">\n\t\t\t\t\t<div class=\"e-con-inner\">\n\t\t<div class=\"elementor-element elementor-element-286b043 e-con-full e-flex e-con e-child\" data-id=\"286b043\" data-element_type=\"container\" data-e-type=\"container\">\n\t\t<div class=\"elementor-element elementor-element-66f7457 e-con-full e-flex e-con e-child\" data-id=\"66f7457\" data-element_type=\"container\" data-e-type=\"container\">\n\t\t\t\t<div class=\"elementor-element elementor-element-6df5624 elementor-widget elementor-widget-heading\" data-id=\"6df5624\" data-element_type=\"widget\" data-e-type=\"widget\" data-widget_type=\"heading.default\">\n\t\t\t\t<div class=\"elementor-widget-container\">\n\t\t\t\t\t<h2 class=\"elementor-heading-title elementor-size-default\">Planifique inmersiones de descompresi\u00f3n seguras utilizando mezclas de helio hasta 60 m\n<\/h2>\t\t\t\t<\/div>\n\t\t\t\t<\/div>\n\t\t\t\t<div class=\"elementor-element elementor-element-2bd6664 elementor-widget elementor-widget-text-editor\" data-id=\"2bd6664\" data-element_type=\"widget\" data-e-type=\"widget\" data-widget_type=\"text-editor.default\">\n\t\t\t\t<div class=\"elementor-widget-container\">\n\t\t\t\t\t\t\t\t\t<div class=\"section-list\">\n  <h3>Descripci\u00f3n general del programa:<\/h3>\n  <ul>\n    <li>El curso TDI Trimix Diver proporciona la formaci\u00f3n necesaria para utilizar de forma competente y segura gases respirables que contengan helio para inmersiones que requieran descompresi\u00f3n escalonada, utilizando mezclas de Nitrox y\/u ox\u00edgeno durante la descompresi\u00f3n hasta una profundidad m\u00e1xima de 60 metros.<\/li>\n    <li>Este curso ahora viene con la opci\u00f3n de completar el programa Trimix 75, un curso completamente nuevo lanzado recientemente por TDI. Esto le brinda la oportunidad de bucear a una profundidad m\u00e1xima de 75 metros, utilizando gases con tan solo un 16% de ox\u00edgeno. La actualizaci\u00f3n tomar\u00e1 2 d\u00edas adicionales, con 2 inmersiones m\u00e1s.  <\/li>\n    <li>Si ya es un buceador TDI Trimix y desea actualizar a Trimix 75, ahora est\u00e1 disponible un curso de 2 d\u00edas, que incluye 2 inmersiones de descompresi\u00f3n.<\/li>\n  <\/ul>\n  <h3>Duraci\u00f3n:<\/h3>\n  <ul>\n    <li>Desde 5 d\u00edas<\/li>\n  <\/ul>\n  <h3>Incluye:<\/h3>\n  <ul>\n    <li>1 sesi\u00f3n en aguas confinadas<\/li>\n    <li>Materiales digitales<\/li>\n    <li>4 inmersiones de entrenamiento<\/li>\n    <li>Certificaci\u00f3n TDI Trimix Diver\/Trimix 75 Diver<\/li>\n  <\/ul>\n  <h3>No incluye:<\/h3>\n  <ul>\n    <li>Alquiler de equipo<\/li>\n    <li>Seguro de buceo<\/li>\n    <li>Suplemento de helio<\/li>\n  <\/ul>\n  <h3>Requisitos:<\/h3>\n  <ul>\n    <li>M\u00ednimo 18 a\u00f1os<\/li>\n    <li>M\u00ednimo de 100 inmersiones registradas (25 deben ser a m\u00e1s de 30 m)<\/li>\n    <li>Estar certificado como buceador Advanced Nitrox &amp; Decompression Procedures Diver o equivalente<\/li>\n    <li>Certificaci\u00f3n m\u00e9dica v\u00e1lida del \u00faltimo a\u00f1o (no se acepta la autocertificaci\u00f3n)<\/li>\n  <\/ul>\n  <h3>Otros cursos que pueden interesarte:<\/h3>\n  <ul>\n    <li><a href=\"https:\/\/calerodiving.com\/advanced-nitrox-2\/\">Nitrox avanzado<\/a><\/li>\n    <li><a href=\"https:\/\/calerodiving.com\/decompression-procedures-2\/\">Procedimientos de descompresi\u00f3n<\/a><\/li>\n    <li><a href=\"https:\/\/calerodiving.com\/advanced-trimix-diver-2\/\">Trimix avanzado<\/a><\/li>\n  <\/ul>\n<\/div>\n\t\t\t\t\t\t\t\t<\/div>\n\t\t\t\t<\/div>\n\t\t\t\t<\/div>\n\t\t\t\t<\/div>\n\t\t<div class=\"elementor-element elementor-element-77a7ec6 e-con-full e-flex e-con e-child\" data-id=\"77a7ec6\" data-element_type=\"container\" data-e-type=\"container\">\n\t\t<div class=\"elementor-element elementor-element-a0d497f e-con-full course-sidebar-box e-flex e-con e-child\" data-id=\"a0d497f\" data-element_type=\"container\" data-e-type=\"container\" data-settings=\"{&quot;sticky&quot;:&quot;top&quot;,&quot;sticky_offset&quot;:110,&quot;sticky_effects_offset&quot;:130,&quot;sticky_parent&quot;:&quot;yes&quot;,&quot;sticky_on&quot;:[&quot;desktop&quot;,&quot;tablet&quot;,&quot;mobile&quot;],&quot;sticky_anchor_link_offset&quot;:0}\">\n\t\t\t\t<div class=\"elementor-element elementor-element-9220388 elementor-widget elementor-widget-text-editor\" data-id=\"9220388\" data-element_type=\"widget\" data-e-type=\"widget\" data-widget_type=\"text-editor.default\">\n\t\t\t\t<div class=\"elementor-widget-container\">\n\t\t\t\t\t\t\t\t\t<div class=\"courses-info\">\n<h6 class=\"no-margin\">Duraci\u00f3n:<\/h6>\n<p class=\"no-margin\">Curso de 5 d\u00edas<\/p>\n<\/div>\n<div class=\"courses-info\">\n<h6 class=\"no-margin\">Precio:<\/h6>\n<p class=\"no-margin\">Desde 1850 \u20ac<\/p>\n<\/div>\t\t\t\t\t\t\t\t<\/div>\n\t\t\t\t<\/div>\n\t\t\t\t<div class=\"elementor-element elementor-element-b4e0a10 elementor-mobile-align-center elementor-widget elementor-widget-button\" data-id=\"b4e0a10\" data-element_type=\"widget\" data-e-type=\"widget\" data-widget_type=\"button.default\">\n\t\t\t\t<div class=\"elementor-widget-container\">\n\t\t\t\t\t\t\t\t\t<div class=\"elementor-button-wrapper\">\n\t\t\t\t\t<a class=\"elementor-button elementor-button-link elementor-size-sm\" href=\"https:\/\/bukyapp.com\/booking?mode=pack&#038;product=625eaa1a639c1f2053f25b03&#038;lang=es&#038;_gl=1*vowkk9*_ga*ODU1MDM5OTIuMTc0MTE5MTcyMQ..*_ga_4WWMT2EY3C*czE3NTMyNjgzMDUkbzc1JGcxJHQxNzUzMjY5NzgxJGozMCRsMCRoMA..\" target=\"_blank\">\n\t\t\t\t\t\t<span class=\"elementor-button-content-wrapper\">\n\t\t\t\t\t\t\t\t\t<span class=\"elementor-button-text\">Comprar curso<\/span>\n\t\t\t\t\t<\/span>\n\t\t\t\t\t<\/a>\n\t\t\t\t<\/div>\n\t\t\t\t\t\t\t\t<\/div>\n\t\t\t\t<\/div>\n\t\t\t\t<\/div>\n\t\t\t\t<\/div>\n\t\t\t\t\t<\/div>\n\t\t\t\t<\/div>\n\t\t\t\t<\/div>\n\t\t","protected":false},"excerpt":{"rendered":"<p>T\u00e9cnico Buceador Trimix Planifique inmersiones de descompresi\u00f3n seguras utilizando mezclas de helio hasta 60 m Descripci\u00f3n general del programa: El curso TDI Trimix Diver proporciona la formaci\u00f3n necesaria para utilizar de forma competente y segura gases respirables que contengan helio para inmersiones que requieran descompresi\u00f3n escalonada, utilizando mezclas de Nitrox y\/u ox\u00edgeno durante la descompresi\u00f3n [&hellip;]<\/p>\n","protected":false},"author":10,"featured_media":0,"parent":0,"menu_order":0,"comment_status":"closed","ping_status":"closed","template":"","meta":{"_acf_changed":false,"footnotes":""},"class_list":["post-24586","page","type-page","status-publish","hentry"],"acf":[],"yoast_head":"<!-- This site is optimized with the Yoast SEO plugin v27.5 - https:\/\/yoast.com\/product\/yoast-seo-wordpress\/ -->\n<title>Buceador Trimix | Calero Diving Lanzarote<\/title>\n<meta name=\"robots\" content=\"index, follow, max-snippet:-1, max-image-preview:large, max-video-preview:-1\" \/>\n<link rel=\"canonical\" href=\"https:\/\/calerodiving.com\/es\/buceador-trimix-2\/\" \/>\n<meta property=\"og:locale\" content=\"es_ES\" \/>\n<meta property=\"og:type\" content=\"article\" \/>\n<meta property=\"og:title\" content=\"Buceador Trimix | Calero Diving Lanzarote\" \/>\n<meta property=\"og:description\" content=\"T\u00e9cnico Buceador Trimix Planifique inmersiones de descompresi\u00f3n seguras utilizando mezclas de helio hasta 60 m Descripci\u00f3n general del programa: El curso TDI Trimix Diver proporciona la formaci\u00f3n necesaria para utilizar de forma competente y segura gases respirables que contengan helio para inmersiones que requieran descompresi\u00f3n escalonada, utilizando mezclas de Nitrox y\/u ox\u00edgeno durante la descompresi\u00f3n [&hellip;]\" \/>\n<meta property=\"og:url\" content=\"https:\/\/calerodiving.com\/es\/buceador-trimix-2\/\" \/>\n<meta property=\"og:site_name\" content=\"Calero Diving Lanzarote\" \/>\n<meta property=\"article:publisher\" content=\"https:\/\/www.facebook.com\/calerodiving\/\" \/>\n<meta property=\"article:modified_time\" content=\"2025-08-27T07:49:31+00:00\" \/>\n<meta property=\"og:image\" content=\"https:\/\/calerodiving.com\/wp-content\/uploads\/2025\/07\/Trimix-Diver-.png\" \/>\n\t<meta property=\"og:image:width\" content=\"700\" \/>\n\t<meta property=\"og:image:height\" content=\"445\" \/>\n\t<meta property=\"og:image:type\" content=\"image\/png\" \/>\n<meta name=\"twitter:card\" content=\"summary_large_image\" \/>\n<meta name=\"twitter:label1\" content=\"Tiempo de lectura\" \/>\n\t<meta name=\"twitter:data1\" content=\"1 minuto\" \/>\n<script type=\"application\/ld+json\" class=\"yoast-schema-graph\">{\"@context\":\"https:\\\/\\\/schema.org\",\"@graph\":[{\"@type\":\"WebPage\",\"@id\":\"https:\\\/\\\/calerodiving.com\\\/es\\\/buceador-trimix-2\\\/\",\"url\":\"https:\\\/\\\/calerodiving.com\\\/es\\\/buceador-trimix-2\\\/\",\"name\":\"Buceador Trimix | Calero Diving Lanzarote\",\"isPartOf\":{\"@id\":\"https:\\\/\\\/calerodiving.com\\\/#website\"},\"primaryImageOfPage\":{\"@id\":\"https:\\\/\\\/calerodiving.com\\\/es\\\/buceador-trimix-2\\\/#primaryimage\"},\"image\":{\"@id\":\"https:\\\/\\\/calerodiving.com\\\/es\\\/buceador-trimix-2\\\/#primaryimage\"},\"thumbnailUrl\":\"https:\\\/\\\/calerodiving.com\\\/wp-content\\\/uploads\\\/2025\\\/07\\\/Trimix-Diver-.png\",\"datePublished\":\"2025-08-27T07:49:25+00:00\",\"dateModified\":\"2025-08-27T07:49:31+00:00\",\"breadcrumb\":{\"@id\":\"https:\\\/\\\/calerodiving.com\\\/es\\\/buceador-trimix-2\\\/#breadcrumb\"},\"inLanguage\":\"es\",\"potentialAction\":[{\"@type\":\"ReadAction\",\"target\":[\"https:\\\/\\\/calerodiving.com\\\/es\\\/buceador-trimix-2\\\/\"]}]},{\"@type\":\"ImageObject\",\"inLanguage\":\"es\",\"@id\":\"https:\\\/\\\/calerodiving.com\\\/es\\\/buceador-trimix-2\\\/#primaryimage\",\"url\":\"https:\\\/\\\/calerodiving.com\\\/wp-content\\\/uploads\\\/2025\\\/07\\\/Trimix-Diver-.png\",\"contentUrl\":\"https:\\\/\\\/calerodiving.com\\\/wp-content\\\/uploads\\\/2025\\\/07\\\/Trimix-Diver-.png\"},{\"@type\":\"BreadcrumbList\",\"@id\":\"https:\\\/\\\/calerodiving.com\\\/es\\\/buceador-trimix-2\\\/#breadcrumb\",\"itemListElement\":[{\"@type\":\"ListItem\",\"position\":1,\"name\":\"Home\",\"item\":\"https:\\\/\\\/calerodiving.com\\\/es\\\/\"},{\"@type\":\"ListItem\",\"position\":2,\"name\":\"Buceador Trimix\"}]},{\"@type\":\"WebSite\",\"@id\":\"https:\\\/\\\/calerodiving.com\\\/#website\",\"url\":\"https:\\\/\\\/calerodiving.com\\\/\",\"name\":\"Calero Diving Lanzarote\",\"description\":\"Diving Center Lanzarote\",\"publisher\":{\"@id\":\"https:\\\/\\\/calerodiving.com\\\/#organization\"},\"alternateName\":\"Calero Diving\",\"potentialAction\":[{\"@type\":\"SearchAction\",\"target\":{\"@type\":\"EntryPoint\",\"urlTemplate\":\"https:\\\/\\\/calerodiving.com\\\/?s={search_term_string}\"},\"query-input\":{\"@type\":\"PropertyValueSpecification\",\"valueRequired\":true,\"valueName\":\"search_term_string\"}}],\"inLanguage\":\"es\"},{\"@type\":\"Organization\",\"@id\":\"https:\\\/\\\/calerodiving.com\\\/#organization\",\"name\":\"Calero Diving Lanzarote\",\"alternateName\":\"Calero Diving\",\"url\":\"https:\\\/\\\/calerodiving.com\\\/\",\"logo\":{\"@type\":\"ImageObject\",\"inLanguage\":\"es\",\"@id\":\"https:\\\/\\\/calerodiving.com\\\/#\\\/schema\\\/logo\\\/image\\\/\",\"url\":\"https:\\\/\\\/calerodiving.com\\\/wp-content\\\/uploads\\\/2025\\\/05\\\/Grupo.png\",\"contentUrl\":\"https:\\\/\\\/calerodiving.com\\\/wp-content\\\/uploads\\\/2025\\\/05\\\/Grupo.png\",\"width\":499,\"height\":590,\"caption\":\"Calero Diving Lanzarote\"},\"image\":{\"@id\":\"https:\\\/\\\/calerodiving.com\\\/#\\\/schema\\\/logo\\\/image\\\/\"},\"sameAs\":[\"https:\\\/\\\/www.facebook.com\\\/calerodiving\\\/\",\"https:\\\/\\\/www.instagram.com\\\/calerodiving\\\/\"]}]}<\/script>\n<!-- \/ Yoast SEO plugin. -->","yoast_head_json":{"title":"Buceador Trimix | Calero Diving Lanzarote","robots":{"index":"index","follow":"follow","max-snippet":"max-snippet:-1","max-image-preview":"max-image-preview:large","max-video-preview":"max-video-preview:-1"},"canonical":"https:\/\/calerodiving.com\/es\/buceador-trimix-2\/","og_locale":"es_ES","og_type":"article","og_title":"Buceador Trimix | Calero Diving Lanzarote","og_description":"T\u00e9cnico Buceador Trimix Planifique inmersiones de descompresi\u00f3n seguras utilizando mezclas de helio hasta 60 m Descripci\u00f3n general del programa: El curso TDI Trimix Diver proporciona la formaci\u00f3n necesaria para utilizar de forma competente y segura gases respirables que contengan helio para inmersiones que requieran descompresi\u00f3n escalonada, utilizando mezclas de Nitrox y\/u ox\u00edgeno durante la descompresi\u00f3n [&hellip;]","og_url":"https:\/\/calerodiving.com\/es\/buceador-trimix-2\/","og_site_name":"Calero Diving Lanzarote","article_publisher":"https:\/\/www.facebook.com\/calerodiving\/","article_modified_time":"2025-08-27T07:49:31+00:00","og_image":[{"width":700,"height":445,"url":"https:\/\/calerodiving.com\/wp-content\/uploads\/2025\/07\/Trimix-Diver-.png","type":"image\/png"}],"twitter_card":"summary_large_image","twitter_misc":{"Tiempo de lectura":"1 minuto"},"schema":{"@context":"https:\/\/schema.org","@graph":[{"@type":"WebPage","@id":"https:\/\/calerodiving.com\/es\/buceador-trimix-2\/","url":"https:\/\/calerodiving.com\/es\/buceador-trimix-2\/","name":"Buceador Trimix | Calero Diving Lanzarote","isPartOf":{"@id":"https:\/\/calerodiving.com\/#website"},"primaryImageOfPage":{"@id":"https:\/\/calerodiving.com\/es\/buceador-trimix-2\/#primaryimage"},"image":{"@id":"https:\/\/calerodiving.com\/es\/buceador-trimix-2\/#primaryimage"},"thumbnailUrl":"https:\/\/calerodiving.com\/wp-content\/uploads\/2025\/07\/Trimix-Diver-.png","datePublished":"2025-08-27T07:49:25+00:00","dateModified":"2025-08-27T07:49:31+00:00","breadcrumb":{"@id":"https:\/\/calerodiving.com\/es\/buceador-trimix-2\/#breadcrumb"},"inLanguage":"es","potentialAction":[{"@type":"ReadAction","target":["https:\/\/calerodiving.com\/es\/buceador-trimix-2\/"]}]},{"@type":"ImageObject","inLanguage":"es","@id":"https:\/\/calerodiving.com\/es\/buceador-trimix-2\/#primaryimage","url":"https:\/\/calerodiving.com\/wp-content\/uploads\/2025\/07\/Trimix-Diver-.png","contentUrl":"https:\/\/calerodiving.com\/wp-content\/uploads\/2025\/07\/Trimix-Diver-.png"},{"@type":"BreadcrumbList","@id":"https:\/\/calerodiving.com\/es\/buceador-trimix-2\/#breadcrumb","itemListElement":[{"@type":"ListItem","position":1,"name":"Home","item":"https:\/\/calerodiving.com\/es\/"},{"@type":"ListItem","position":2,"name":"Buceador Trimix"}]},{"@type":"WebSite","@id":"https:\/\/calerodiving.com\/#website","url":"https:\/\/calerodiving.com\/","name":"Calero Diving Lanzarote","description":"Diving Center Lanzarote","publisher":{"@id":"https:\/\/calerodiving.com\/#organization"},"alternateName":"Calero Diving","potentialAction":[{"@type":"SearchAction","target":{"@type":"EntryPoint","urlTemplate":"https:\/\/calerodiving.com\/?s={search_term_string}"},"query-input":{"@type":"PropertyValueSpecification","valueRequired":true,"valueName":"search_term_string"}}],"inLanguage":"es"},{"@type":"Organization","@id":"https:\/\/calerodiving.com\/#organization","name":"Calero Diving Lanzarote","alternateName":"Calero Diving","url":"https:\/\/calerodiving.com\/","logo":{"@type":"ImageObject","inLanguage":"es","@id":"https:\/\/calerodiving.com\/#\/schema\/logo\/image\/","url":"https:\/\/calerodiving.com\/wp-content\/uploads\/2025\/05\/Grupo.png","contentUrl":"https:\/\/calerodiving.com\/wp-content\/uploads\/2025\/05\/Grupo.png","width":499,"height":590,"caption":"Calero Diving Lanzarote"},"image":{"@id":"https:\/\/calerodiving.com\/#\/schema\/logo\/image\/"},"sameAs":["https:\/\/www.facebook.com\/calerodiving\/","https:\/\/www.instagram.com\/calerodiving\/"]}]}},"_links":{"self":[{"href":"https:\/\/calerodiving.com\/es\/wp-json\/wp\/v2\/pages\/24586","targetHints":{"allow":["GET"]}}],"collection":[{"href":"https:\/\/calerodiving.com\/es\/wp-json\/wp\/v2\/pages"}],"about":[{"href":"https:\/\/calerodiving.com\/es\/wp-json\/wp\/v2\/types\/page"}],"author":[{"embeddable":true,"href":"https:\/\/calerodiving.com\/es\/wp-json\/wp\/v2\/users\/10"}],"replies":[{"embeddable":true,"href":"https:\/\/calerodiving.com\/es\/wp-json\/wp\/v2\/comments?post=24586"}],"version-history":[{"count":1,"href":"https:\/\/calerodiving.com\/es\/wp-json\/wp\/v2\/pages\/24586\/revisions"}],"predecessor-version":[{"id":24588,"href":"https:\/\/calerodiving.com\/es\/wp-json\/wp\/v2\/pages\/24586\/revisions\/24588"}],"wp:attachment":[{"href":"https:\/\/calerodiving.com\/es\/wp-json\/wp\/v2\/media?parent=24586"}],"curies":[{"name":"wp","href":"https:\/\/api.w.org\/{rel}","templated":true}]}}