{"id":24584,"date":"2025-08-27T08:49:04","date_gmt":"2025-08-27T07:49:04","guid":{"rendered":"https:\/\/calerodiving.com\/curso-ccr\/"},"modified":"2025-08-27T08:49:05","modified_gmt":"2025-08-27T07:49:05","slug":"curso-ccr","status":"publish","type":"page","link":"https:\/\/calerodiving.com\/es\/curso-ccr\/","title":{"rendered":"Curso CCR"},"content":{"rendered":"\t\t<div data-elementor-type=\"wp-page\" data-elementor-id=\"24584\" class=\"elementor elementor-24584 elementor-21330\" data-elementor-post-type=\"page\">\n\t\t\t\t<div class=\"elementor-element elementor-element-c8ae5e3 e-flex e-con-boxed e-con e-parent\" data-id=\"c8ae5e3\" data-element_type=\"container\" data-e-type=\"container\">\n\t\t\t\t\t<div class=\"e-con-inner\">\n\t\t<div class=\"elementor-element elementor-element-de712da e-con-full e-flex e-con e-child\" data-id=\"de712da\" data-element_type=\"container\" data-e-type=\"container\">\n\t\t\t\t<div class=\"elementor-element elementor-element-9648bf0 elementor-widget elementor-widget-image\" data-id=\"9648bf0\" data-element_type=\"widget\" data-e-type=\"widget\" data-widget_type=\"image.default\">\n\t\t\t\t<div class=\"elementor-widget-container\">\n\t\t\t\t\t\t\t\t\t\t\t\t\t\t\t<img fetchpriority=\"high\" decoding=\"async\" width=\"700\" height=\"445\" src=\"https:\/\/calerodiving.com\/wp-content\/uploads\/2025\/07\/imgi_39_CCR_Diving_course_Rubicon_Diving_center_Lanzarote_card_f8b6a2f713.webp\" class=\"attachment-large size-large wp-image-20423\" alt=\"\" srcset=\"https:\/\/calerodiving.com\/wp-content\/uploads\/2025\/07\/imgi_39_CCR_Diving_course_Rubicon_Diving_center_Lanzarote_card_f8b6a2f713.webp 700w, https:\/\/calerodiving.com\/wp-content\/uploads\/2025\/07\/imgi_39_CCR_Diving_course_Rubicon_Diving_center_Lanzarote_card_f8b6a2f713-300x191.webp 300w\" sizes=\"(max-width: 700px) 100vw, 700px\" \/>\t\t\t\t\t\t\t\t\t\t\t\t\t\t\t<\/div>\n\t\t\t\t<\/div>\n\t\t\t\t<\/div>\n\t\t<div class=\"elementor-element elementor-element-82e1899 e-con-full e-flex e-con e-child\" data-id=\"82e1899\" data-element_type=\"container\" data-e-type=\"container\">\n\t\t<div class=\"elementor-element elementor-element-8f594d3 e-con-full e-flex e-con e-child\" data-id=\"8f594d3\" data-element_type=\"container\" data-e-type=\"container\">\n\t\t\t\t<div class=\"elementor-element elementor-element-65cf178 elementor-widget elementor-widget-html\" data-id=\"65cf178\" data-element_type=\"widget\" data-e-type=\"widget\" data-widget_type=\"html.default\">\n\t\t\t\t<div class=\"elementor-widget-container\">\n\t\t\t\t\t<a href=\"https:\/\/calerodiving.com\/es\/?page_id=24527#ssi-closed\" class=\"tag-button\">T\u00e9cnico<\/a>\n\t\t\t\t<\/div>\n\t\t\t\t<\/div>\n\t\t\t\t<div class=\"elementor-element elementor-element-bd7f982 elementor-widget elementor-widget-heading\" data-id=\"bd7f982\" data-element_type=\"widget\" data-e-type=\"widget\" data-widget_type=\"heading.default\">\n\t\t\t\t<div class=\"elementor-widget-container\">\n\t\t\t\t\t<h2 class=\"elementor-heading-title elementor-size-default\">Curso CCR<\/h2>\t\t\t\t<\/div>\n\t\t\t\t<\/div>\n\t\t\t\t<\/div>\n\t\t\t\t<\/div>\n\t\t\t\t\t<\/div>\n\t\t\t\t<\/div>\n\t\t<div class=\"elementor-element elementor-element-a5032af e-flex e-con-boxed e-con e-parent\" data-id=\"a5032af\" data-element_type=\"container\" data-e-type=\"container\">\n\t\t\t\t\t<div class=\"e-con-inner\">\n\t\t<div class=\"elementor-element elementor-element-1ae3f5b e-con-full e-flex e-con e-child\" data-id=\"1ae3f5b\" data-element_type=\"container\" data-e-type=\"container\">\n\t\t<div class=\"elementor-element elementor-element-4b9ab1e e-con-full e-flex e-con e-child\" data-id=\"4b9ab1e\" data-element_type=\"container\" data-e-type=\"container\">\n\t\t\t\t<div class=\"elementor-element elementor-element-bf5e71d elementor-widget elementor-widget-heading\" data-id=\"bf5e71d\" data-element_type=\"widget\" data-e-type=\"widget\" data-widget_type=\"heading.default\">\n\t\t\t\t<div class=\"elementor-widget-container\">\n\t\t\t\t\t<h2 class=\"elementor-heading-title elementor-size-default\">El primer paso para convertirte en buceador con rebreather<\/h2>\t\t\t\t<\/div>\n\t\t\t\t<\/div>\n\t\t\t\t<div class=\"elementor-element elementor-element-ce03c67 elementor-widget elementor-widget-text-editor\" data-id=\"ce03c67\" data-element_type=\"widget\" data-e-type=\"widget\" data-widget_type=\"text-editor.default\">\n\t\t\t\t<div class=\"elementor-widget-container\">\n\t\t\t\t\t\t\t\t\t<div class=\"section-list\">\n  <h3>Descripci\u00f3n general del programa:<\/h3>\n  <ul>\n    <li>El programa de buceo CCR de SSI te introduce en los conceptos de autosuficiencia y redundancia al bucear con un rebreather de circuito cerrado (CCR). Aprender\u00e1s todo lo necesario para realizar inmersiones sin descompresi\u00f3n hasta una profundidad m\u00e1xima de 30 metros utilizando las unidades de rebreather SF2, JJ, Poseidon, AP Inspiration, Prism 2 o rEvo. <\/li>\n    <li>En este curso, aprender\u00e1s la planificaci\u00f3n de inmersiones con rebreather, habilidades en el agua, t\u00e9cnicas de resoluci\u00f3n de problemas y gesti\u00f3n de escenarios de emergencia. Con esta completa introducci\u00f3n a la tecnolog\u00eda de rebreather, te sentir\u00e1s c\u00f3modo con las comprobaciones previas a la inmersi\u00f3n, la planificaci\u00f3n de la inmersi\u00f3n, el montaje de la unidad y c\u00f3mo hacer frente a posibles fallos. <\/li>\n  <\/ul>\n  <h3>Duraci\u00f3n:<\/h3>\n  <ul>\n    <li>5 d\u00edas<\/li>\n  <\/ul>\n  <h3>Incluye:<\/h3>\n  <ul>\n    <li>1 sesi\u00f3n en aguas confinadas<\/li>\n    <li>Materiales digitales<\/li>\n    <li>6 inmersiones de entrenamiento<\/li>\n    <li>Sofnolime<\/li>\n    <li>O<sub>2<\/sub><\/li>\n    <li>Tanques<\/li>\n    <li>Certificaci\u00f3n de buceo CCR de SSI<\/li>\n  <\/ul>\n  <h3>No incluye:<\/h3>\n  <ul>\n    <li>Alquiler de unidad CCR<\/li>\n    <li>Alquiler de equipo<\/li>\n    <li>Seguro de buceo<\/li>\n  <\/ul>\n  <h3>Requisitos:<\/h3>\n  <ul>\n    <li>M\u00ednimo 18 a\u00f1os<\/li>\n    <li>M\u00ednimo 24 inmersiones registradas<\/li>\n    <li>Tener certificaciones para SSI Deep Diving y Enriched Air Nitrox o equivalente<\/li>\n    <li>Certificaci\u00f3n m\u00e9dica v\u00e1lida del \u00faltimo a\u00f1o (no se acepta la autocertificaci\u00f3n)<\/li>\n  <\/ul>\n  <h3>Otros cursos que pueden interesarte:<\/h3>\n  <ul>\n    <li><a href=\"https:\/\/calerodiving.com\/es\/?page_id=24351\">Prueba el CCR<\/a><\/li>\n    <li><a href=\"https:\/\/calerodiving.com\/ccr-technical-extended-range-course\/\">CCR extended range <\/a><\/li>\n  <\/ul>\n<\/div>\n\t\t\t\t\t\t\t\t<\/div>\n\t\t\t\t<\/div>\n\t\t\t\t<\/div>\n\t\t\t\t<\/div>\n\t\t<div class=\"elementor-element elementor-element-8ff25bf e-con-full e-flex e-con e-child\" data-id=\"8ff25bf\" data-element_type=\"container\" data-e-type=\"container\">\n\t\t<div class=\"elementor-element elementor-element-4b030a1 e-con-full course-sidebar-box e-flex e-con e-child\" data-id=\"4b030a1\" data-element_type=\"container\" data-e-type=\"container\" data-settings=\"{&quot;sticky&quot;:&quot;top&quot;,&quot;sticky_offset&quot;:110,&quot;sticky_effects_offset&quot;:130,&quot;sticky_parent&quot;:&quot;yes&quot;,&quot;sticky_on&quot;:[&quot;desktop&quot;,&quot;tablet&quot;,&quot;mobile&quot;],&quot;sticky_anchor_link_offset&quot;:0}\">\n\t\t\t\t<div class=\"elementor-element elementor-element-3f4111f elementor-widget elementor-widget-text-editor\" data-id=\"3f4111f\" data-element_type=\"widget\" data-e-type=\"widget\" data-widget_type=\"text-editor.default\">\n\t\t\t\t<div class=\"elementor-widget-container\">\n\t\t\t\t\t\t\t\t\t<div class=\"courses-info\"><h6 class=\"no-margin\">Duraci\u00f3n:<\/h6><p class=\"no-margin\">Curso de 5 d\u00edas<\/p><\/div><div class=\"courses-info\"><h6 class=\"no-margin\">Precio:<\/h6><p class=\"no-margin\">Desde 1850 \u20ac<\/p><\/div>\t\t\t\t\t\t\t\t<\/div>\n\t\t\t\t<\/div>\n\t\t\t\t<div class=\"elementor-element elementor-element-9c6d25d elementor-mobile-align-center elementor-widget elementor-widget-button\" data-id=\"9c6d25d\" data-element_type=\"widget\" data-e-type=\"widget\" data-widget_type=\"button.default\">\n\t\t\t\t<div class=\"elementor-widget-container\">\n\t\t\t\t\t\t\t\t\t<div class=\"elementor-button-wrapper\">\n\t\t\t\t\t<a class=\"elementor-button elementor-button-link elementor-size-sm\" href=\"https:\/\/app.bukyapp.com\/front\/6213b2319a1bbf005fa0b870\/product\/6891fd22461c7fd4a123f9c6?lang=en\" target=\"_blank\">\n\t\t\t\t\t\t<span class=\"elementor-button-content-wrapper\">\n\t\t\t\t\t\t\t\t\t<span class=\"elementor-button-text\">Comprar curso<\/span>\n\t\t\t\t\t<\/span>\n\t\t\t\t\t<\/a>\n\t\t\t\t<\/div>\n\t\t\t\t\t\t\t\t<\/div>\n\t\t\t\t<\/div>\n\t\t\t\t<\/div>\n\t\t\t\t<\/div>\n\t\t\t\t\t<\/div>\n\t\t\t\t<\/div>\n\t\t\t\t<\/div>\n\t\t","protected":false},"excerpt":{"rendered":"<p>T\u00e9cnico Curso CCR El primer paso para convertirte en buceador con rebreather Descripci\u00f3n general del programa: El programa de buceo CCR de SSI te introduce en los conceptos de autosuficiencia y redundancia al bucear con un rebreather de circuito cerrado (CCR). Aprender\u00e1s todo lo necesario para realizar inmersiones sin descompresi\u00f3n hasta una profundidad m\u00e1xima de [&hellip;]<\/p>\n","protected":false},"author":10,"featured_media":0,"parent":0,"menu_order":0,"comment_status":"closed","ping_status":"closed","template":"","meta":{"_acf_changed":false,"footnotes":""},"class_list":["post-24584","page","type-page","status-publish","hentry"],"acf":[],"yoast_head":"<!-- This site is optimized with the Yoast SEO plugin v27.5 - https:\/\/yoast.com\/product\/yoast-seo-wordpress\/ -->\n<title>Curso CCR | Calero Diving Lanzarote<\/title>\n<meta name=\"robots\" content=\"index, follow, max-snippet:-1, max-image-preview:large, max-video-preview:-1\" \/>\n<link rel=\"canonical\" href=\"https:\/\/calerodiving.com\/es\/curso-ccr\/\" \/>\n<meta property=\"og:locale\" content=\"es_ES\" \/>\n<meta property=\"og:type\" content=\"article\" \/>\n<meta property=\"og:title\" content=\"Curso CCR | Calero Diving Lanzarote\" \/>\n<meta property=\"og:description\" content=\"T\u00e9cnico Curso CCR El primer paso para convertirte en buceador con rebreather Descripci\u00f3n general del programa: El programa de buceo CCR de SSI te introduce en los conceptos de autosuficiencia y redundancia al bucear con un rebreather de circuito cerrado (CCR). Aprender\u00e1s todo lo necesario para realizar inmersiones sin descompresi\u00f3n hasta una profundidad m\u00e1xima de [&hellip;]\" \/>\n<meta property=\"og:url\" content=\"https:\/\/calerodiving.com\/es\/curso-ccr\/\" \/>\n<meta property=\"og:site_name\" content=\"Calero Diving Lanzarote\" \/>\n<meta property=\"article:publisher\" content=\"https:\/\/www.facebook.com\/calerodiving\/\" \/>\n<meta property=\"article:modified_time\" content=\"2025-08-27T07:49:05+00:00\" \/>\n<meta property=\"og:image\" content=\"https:\/\/calerodiving.com\/wp-content\/uploads\/2025\/07\/imgi_39_CCR_Diving_course_Rubicon_Diving_center_Lanzarote_card_f8b6a2f713.webp\" \/>\n\t<meta property=\"og:image:width\" content=\"700\" \/>\n\t<meta property=\"og:image:height\" content=\"445\" \/>\n\t<meta property=\"og:image:type\" content=\"image\/webp\" \/>\n<meta name=\"twitter:card\" content=\"summary_large_image\" \/>\n<meta name=\"twitter:label1\" content=\"Tiempo de lectura\" \/>\n\t<meta name=\"twitter:data1\" content=\"1 minuto\" \/>\n<script type=\"application\/ld+json\" class=\"yoast-schema-graph\">{\"@context\":\"https:\\\/\\\/schema.org\",\"@graph\":[{\"@type\":\"WebPage\",\"@id\":\"https:\\\/\\\/calerodiving.com\\\/es\\\/curso-ccr\\\/\",\"url\":\"https:\\\/\\\/calerodiving.com\\\/es\\\/curso-ccr\\\/\",\"name\":\"Curso CCR | Calero Diving Lanzarote\",\"isPartOf\":{\"@id\":\"https:\\\/\\\/calerodiving.com\\\/#website\"},\"primaryImageOfPage\":{\"@id\":\"https:\\\/\\\/calerodiving.com\\\/es\\\/curso-ccr\\\/#primaryimage\"},\"image\":{\"@id\":\"https:\\\/\\\/calerodiving.com\\\/es\\\/curso-ccr\\\/#primaryimage\"},\"thumbnailUrl\":\"https:\\\/\\\/calerodiving.com\\\/wp-content\\\/uploads\\\/2025\\\/07\\\/imgi_39_CCR_Diving_course_Rubicon_Diving_center_Lanzarote_card_f8b6a2f713.webp\",\"datePublished\":\"2025-08-27T07:49:04+00:00\",\"dateModified\":\"2025-08-27T07:49:05+00:00\",\"breadcrumb\":{\"@id\":\"https:\\\/\\\/calerodiving.com\\\/es\\\/curso-ccr\\\/#breadcrumb\"},\"inLanguage\":\"es\",\"potentialAction\":[{\"@type\":\"ReadAction\",\"target\":[\"https:\\\/\\\/calerodiving.com\\\/es\\\/curso-ccr\\\/\"]}]},{\"@type\":\"ImageObject\",\"inLanguage\":\"es\",\"@id\":\"https:\\\/\\\/calerodiving.com\\\/es\\\/curso-ccr\\\/#primaryimage\",\"url\":\"https:\\\/\\\/calerodiving.com\\\/wp-content\\\/uploads\\\/2025\\\/07\\\/imgi_39_CCR_Diving_course_Rubicon_Diving_center_Lanzarote_card_f8b6a2f713.webp\",\"contentUrl\":\"https:\\\/\\\/calerodiving.com\\\/wp-content\\\/uploads\\\/2025\\\/07\\\/imgi_39_CCR_Diving_course_Rubicon_Diving_center_Lanzarote_card_f8b6a2f713.webp\"},{\"@type\":\"BreadcrumbList\",\"@id\":\"https:\\\/\\\/calerodiving.com\\\/es\\\/curso-ccr\\\/#breadcrumb\",\"itemListElement\":[{\"@type\":\"ListItem\",\"position\":1,\"name\":\"Home\",\"item\":\"https:\\\/\\\/calerodiving.com\\\/es\\\/\"},{\"@type\":\"ListItem\",\"position\":2,\"name\":\"Curso CCR\"}]},{\"@type\":\"WebSite\",\"@id\":\"https:\\\/\\\/calerodiving.com\\\/#website\",\"url\":\"https:\\\/\\\/calerodiving.com\\\/\",\"name\":\"Calero Diving Lanzarote\",\"description\":\"Diving Center Lanzarote\",\"publisher\":{\"@id\":\"https:\\\/\\\/calerodiving.com\\\/#organization\"},\"alternateName\":\"Calero Diving\",\"potentialAction\":[{\"@type\":\"SearchAction\",\"target\":{\"@type\":\"EntryPoint\",\"urlTemplate\":\"https:\\\/\\\/calerodiving.com\\\/?s={search_term_string}\"},\"query-input\":{\"@type\":\"PropertyValueSpecification\",\"valueRequired\":true,\"valueName\":\"search_term_string\"}}],\"inLanguage\":\"es\"},{\"@type\":\"Organization\",\"@id\":\"https:\\\/\\\/calerodiving.com\\\/#organization\",\"name\":\"Calero Diving Lanzarote\",\"alternateName\":\"Calero Diving\",\"url\":\"https:\\\/\\\/calerodiving.com\\\/\",\"logo\":{\"@type\":\"ImageObject\",\"inLanguage\":\"es\",\"@id\":\"https:\\\/\\\/calerodiving.com\\\/#\\\/schema\\\/logo\\\/image\\\/\",\"url\":\"https:\\\/\\\/calerodiving.com\\\/wp-content\\\/uploads\\\/2025\\\/05\\\/Grupo.png\",\"contentUrl\":\"https:\\\/\\\/calerodiving.com\\\/wp-content\\\/uploads\\\/2025\\\/05\\\/Grupo.png\",\"width\":499,\"height\":590,\"caption\":\"Calero Diving Lanzarote\"},\"image\":{\"@id\":\"https:\\\/\\\/calerodiving.com\\\/#\\\/schema\\\/logo\\\/image\\\/\"},\"sameAs\":[\"https:\\\/\\\/www.facebook.com\\\/calerodiving\\\/\",\"https:\\\/\\\/www.instagram.com\\\/calerodiving\\\/\"]}]}<\/script>\n<!-- \/ Yoast SEO plugin. -->","yoast_head_json":{"title":"Curso CCR | Calero Diving Lanzarote","robots":{"index":"index","follow":"follow","max-snippet":"max-snippet:-1","max-image-preview":"max-image-preview:large","max-video-preview":"max-video-preview:-1"},"canonical":"https:\/\/calerodiving.com\/es\/curso-ccr\/","og_locale":"es_ES","og_type":"article","og_title":"Curso CCR | Calero Diving Lanzarote","og_description":"T\u00e9cnico Curso CCR El primer paso para convertirte en buceador con rebreather Descripci\u00f3n general del programa: El programa de buceo CCR de SSI te introduce en los conceptos de autosuficiencia y redundancia al bucear con un rebreather de circuito cerrado (CCR). Aprender\u00e1s todo lo necesario para realizar inmersiones sin descompresi\u00f3n hasta una profundidad m\u00e1xima de [&hellip;]","og_url":"https:\/\/calerodiving.com\/es\/curso-ccr\/","og_site_name":"Calero Diving Lanzarote","article_publisher":"https:\/\/www.facebook.com\/calerodiving\/","article_modified_time":"2025-08-27T07:49:05+00:00","og_image":[{"width":700,"height":445,"url":"https:\/\/calerodiving.com\/wp-content\/uploads\/2025\/07\/imgi_39_CCR_Diving_course_Rubicon_Diving_center_Lanzarote_card_f8b6a2f713.webp","type":"image\/webp"}],"twitter_card":"summary_large_image","twitter_misc":{"Tiempo de lectura":"1 minuto"},"schema":{"@context":"https:\/\/schema.org","@graph":[{"@type":"WebPage","@id":"https:\/\/calerodiving.com\/es\/curso-ccr\/","url":"https:\/\/calerodiving.com\/es\/curso-ccr\/","name":"Curso CCR | Calero Diving Lanzarote","isPartOf":{"@id":"https:\/\/calerodiving.com\/#website"},"primaryImageOfPage":{"@id":"https:\/\/calerodiving.com\/es\/curso-ccr\/#primaryimage"},"image":{"@id":"https:\/\/calerodiving.com\/es\/curso-ccr\/#primaryimage"},"thumbnailUrl":"https:\/\/calerodiving.com\/wp-content\/uploads\/2025\/07\/imgi_39_CCR_Diving_course_Rubicon_Diving_center_Lanzarote_card_f8b6a2f713.webp","datePublished":"2025-08-27T07:49:04+00:00","dateModified":"2025-08-27T07:49:05+00:00","breadcrumb":{"@id":"https:\/\/calerodiving.com\/es\/curso-ccr\/#breadcrumb"},"inLanguage":"es","potentialAction":[{"@type":"ReadAction","target":["https:\/\/calerodiving.com\/es\/curso-ccr\/"]}]},{"@type":"ImageObject","inLanguage":"es","@id":"https:\/\/calerodiving.com\/es\/curso-ccr\/#primaryimage","url":"https:\/\/calerodiving.com\/wp-content\/uploads\/2025\/07\/imgi_39_CCR_Diving_course_Rubicon_Diving_center_Lanzarote_card_f8b6a2f713.webp","contentUrl":"https:\/\/calerodiving.com\/wp-content\/uploads\/2025\/07\/imgi_39_CCR_Diving_course_Rubicon_Diving_center_Lanzarote_card_f8b6a2f713.webp"},{"@type":"BreadcrumbList","@id":"https:\/\/calerodiving.com\/es\/curso-ccr\/#breadcrumb","itemListElement":[{"@type":"ListItem","position":1,"name":"Home","item":"https:\/\/calerodiving.com\/es\/"},{"@type":"ListItem","position":2,"name":"Curso CCR"}]},{"@type":"WebSite","@id":"https:\/\/calerodiving.com\/#website","url":"https:\/\/calerodiving.com\/","name":"Calero Diving Lanzarote","description":"Diving Center Lanzarote","publisher":{"@id":"https:\/\/calerodiving.com\/#organization"},"alternateName":"Calero Diving","potentialAction":[{"@type":"SearchAction","target":{"@type":"EntryPoint","urlTemplate":"https:\/\/calerodiving.com\/?s={search_term_string}"},"query-input":{"@type":"PropertyValueSpecification","valueRequired":true,"valueName":"search_term_string"}}],"inLanguage":"es"},{"@type":"Organization","@id":"https:\/\/calerodiving.com\/#organization","name":"Calero Diving Lanzarote","alternateName":"Calero Diving","url":"https:\/\/calerodiving.com\/","logo":{"@type":"ImageObject","inLanguage":"es","@id":"https:\/\/calerodiving.com\/#\/schema\/logo\/image\/","url":"https:\/\/calerodiving.com\/wp-content\/uploads\/2025\/05\/Grupo.png","contentUrl":"https:\/\/calerodiving.com\/wp-content\/uploads\/2025\/05\/Grupo.png","width":499,"height":590,"caption":"Calero Diving Lanzarote"},"image":{"@id":"https:\/\/calerodiving.com\/#\/schema\/logo\/image\/"},"sameAs":["https:\/\/www.facebook.com\/calerodiving\/","https:\/\/www.instagram.com\/calerodiving\/"]}]}},"_links":{"self":[{"href":"https:\/\/calerodiving.com\/es\/wp-json\/wp\/v2\/pages\/24584","targetHints":{"allow":["GET"]}}],"collection":[{"href":"https:\/\/calerodiving.com\/es\/wp-json\/wp\/v2\/pages"}],"about":[{"href":"https:\/\/calerodiving.com\/es\/wp-json\/wp\/v2\/types\/page"}],"author":[{"embeddable":true,"href":"https:\/\/calerodiving.com\/es\/wp-json\/wp\/v2\/users\/10"}],"replies":[{"embeddable":true,"href":"https:\/\/calerodiving.com\/es\/wp-json\/wp\/v2\/comments?post=24584"}],"version-history":[{"count":1,"href":"https:\/\/calerodiving.com\/es\/wp-json\/wp\/v2\/pages\/24584\/revisions"}],"predecessor-version":[{"id":24585,"href":"https:\/\/calerodiving.com\/es\/wp-json\/wp\/v2\/pages\/24584\/revisions\/24585"}],"wp:attachment":[{"href":"https:\/\/calerodiving.com\/es\/wp-json\/wp\/v2\/media?parent=24584"}],"curies":[{"name":"wp","href":"https:\/\/api.w.org\/{rel}","templated":true}]}}