{"id":24562,"date":"2025-08-27T08:48:31","date_gmt":"2025-08-27T07:48:31","guid":{"rendered":"https:\/\/calerodiving.com\/foto-y-video\/"},"modified":"2026-04-20T11:09:50","modified_gmt":"2026-04-20T10:09:50","slug":"foto-y-video","status":"publish","type":"page","link":"https:\/\/calerodiving.com\/es\/foto-y-video\/","title":{"rendered":"Foto y v\u00eddeo"},"content":{"rendered":"\t\t<div data-elementor-type=\"wp-page\" data-elementor-id=\"24562\" class=\"elementor elementor-24562 elementor-21496\" data-elementor-post-type=\"page\">\n\t\t\t\t<div class=\"elementor-element elementor-element-86dad62 e-flex e-con-boxed e-con e-parent\" data-id=\"86dad62\" data-element_type=\"container\" data-e-type=\"container\">\n\t\t\t\t\t<div class=\"e-con-inner\">\n\t\t<div class=\"elementor-element elementor-element-910812c e-con-full e-flex e-con e-child\" data-id=\"910812c\" data-element_type=\"container\" data-e-type=\"container\">\n\t\t\t\t<div class=\"elementor-element elementor-element-90c0510 elementor-widget elementor-widget-image\" data-id=\"90c0510\" data-element_type=\"widget\" data-e-type=\"widget\" data-widget_type=\"image.default\">\n\t\t\t\t<div class=\"elementor-widget-container\">\n\t\t\t\t\t\t\t\t\t\t\t\t\t\t\t<img fetchpriority=\"high\" decoding=\"async\" width=\"598\" height=\"380\" src=\"https:\/\/calerodiving.com\/wp-content\/uploads\/2017\/10\/photo-video.jpg\" class=\"attachment-large size-large wp-image-1612\" alt=\"\" srcset=\"https:\/\/calerodiving.com\/wp-content\/uploads\/2017\/10\/photo-video.jpg 598w, https:\/\/calerodiving.com\/wp-content\/uploads\/2017\/10\/photo-video-300x191.jpg 300w, https:\/\/calerodiving.com\/wp-content\/uploads\/2017\/10\/photo-video-450x286.jpg 450w\" sizes=\"(max-width: 598px) 100vw, 598px\" \/>\t\t\t\t\t\t\t\t\t\t\t\t\t\t\t<\/div>\n\t\t\t\t<\/div>\n\t\t\t\t<\/div>\n\t\t<div class=\"elementor-element elementor-element-895a071 e-con-full e-flex e-con e-child\" data-id=\"895a071\" data-element_type=\"container\" data-e-type=\"container\">\n\t\t<div class=\"elementor-element elementor-element-02a7bc3 e-con-full e-flex e-con e-child\" data-id=\"02a7bc3\" data-element_type=\"container\" data-e-type=\"container\">\n\t\t\t\t<div class=\"elementor-element elementor-element-ee22960 elementor-widget elementor-widget-html\" data-id=\"ee22960\" data-element_type=\"widget\" data-e-type=\"widget\" data-widget_type=\"html.default\">\n\t\t\t\t<div class=\"elementor-widget-container\">\n\t\t\t\t\t<a href=\"https:\/\/calerodiving.com\/es\/?page_id=24212#specialties\" class=\"tag-button\">Especialidades<\/a>\n\t\t\t\t<\/div>\n\t\t\t\t<\/div>\n\t\t\t\t<div class=\"elementor-element elementor-element-4bae604 elementor-widget elementor-widget-heading\" data-id=\"4bae604\" data-element_type=\"widget\" data-e-type=\"widget\" data-widget_type=\"heading.default\">\n\t\t\t\t<div class=\"elementor-widget-container\">\n\t\t\t\t\t<h2 class=\"elementor-heading-title elementor-size-default\">Foto y v\u00eddeo<\/h2>\t\t\t\t<\/div>\n\t\t\t\t<\/div>\n\t\t\t\t<\/div>\n\t\t\t\t<\/div>\n\t\t\t\t\t<\/div>\n\t\t\t\t<\/div>\n\t\t<div class=\"elementor-element elementor-element-7352a16 e-flex e-con-boxed e-con e-parent\" data-id=\"7352a16\" data-element_type=\"container\" data-e-type=\"container\">\n\t\t\t\t\t<div class=\"e-con-inner\">\n\t\t<div class=\"elementor-element elementor-element-90e9c6d e-con-full e-flex e-con e-child\" data-id=\"90e9c6d\" data-element_type=\"container\" data-e-type=\"container\">\n\t\t<div class=\"elementor-element elementor-element-2056078 e-con-full e-flex e-con e-child\" data-id=\"2056078\" data-element_type=\"container\" data-e-type=\"container\">\n\t\t\t\t<div class=\"elementor-element elementor-element-ecfb58b elementor-widget elementor-widget-heading\" data-id=\"ecfb58b\" data-element_type=\"widget\" data-e-type=\"widget\" data-widget_type=\"heading.default\">\n\t\t\t\t<div class=\"elementor-widget-container\">\n\t\t\t\t\t<h2 class=\"elementor-heading-title elementor-size-default\">Aprende las t\u00e9cnicas y habilidades necesarias para capturar fotos y v\u00eddeos de alta calidad<\/h2>\t\t\t\t<\/div>\n\t\t\t\t<\/div>\n\t\t\t\t<div class=\"elementor-element elementor-element-88a3968 elementor-widget elementor-widget-text-editor\" data-id=\"88a3968\" data-element_type=\"widget\" data-e-type=\"widget\" data-widget_type=\"text-editor.default\">\n\t\t\t\t<div class=\"elementor-widget-container\">\n\t\t\t\t\t\t\t\t\t<div class=\"section-list\">\n<h3>Resumen del programa:<\/h3>\nPara muchos buceadores, capturar el mundo submarino es una de las partes m\u00e1s gratificantes del buceo. Unas buenas im\u00e1genes submarinas te permiten revivir tus inmersiones y compartir la experiencia mucho despu\u00e9s de salir a la superficie.<br><br>\n\nLa especialidad SSI Photo &#038; Video te ense\u00f1a a utilizar c\u00e1maras subacu\u00e1ticas de forma m\u00e1s eficaz y te da la base necesaria para crear im\u00e1genes y v\u00eddeos submarinos m\u00e1s limpios, atractivos y de mayor calidad.<br><br>\n\nLa iluminaci\u00f3n, el encuadre, la aproximaci\u00f3n al sujeto y el control de la flotabilidad son esenciales si quieres mejorar la calidad de tu contenido submarino.<br><br>\n\nUna gran ventaja de este curso en Calero Diving es que est\u00e1 impartido por la fot\u00f3grafa submarina profesional Natasha Maksymenko, lo que te permite aprender directamente de alguien que trabaja profesionalmente detr\u00e1s de la c\u00e1mara.\n\n<h3>Est\u00e1ndares de formaci\u00f3n<\/h3>\n<ul>\n  <li>Duraci\u00f3n: 1\u20132 d\u00edas<\/li>\n  <li>Incluye: 2 inmersiones de formaci\u00f3n, materiales digitales y certificaci\u00f3n SSI Photo &#038; Video<\/li>\n<\/ul>\n\n<h3>Requisitos<\/h3>\n<ul>\n  <li>edad m\u00ednima de 10 a\u00f1os, certificaci\u00f3n SSI Open Water Diver o equivalente y se recomienda certificaci\u00f3n Perfect Buoyancy o equivalente<\/li>\n<\/ul>\n\n<h3>No incluido<\/h3>\n<ul>\n  <li>alquiler del equipo, seguro de buceo y alquiler de c\u00e1mara<\/li>\n<\/ul>\n\n<h3>Otros cursos que podr\u00edan interesarte<\/h3>\n<ul>\n  <li>Perfect Buoyancy<\/li>\n  <li>Enriched Air Nitrox<\/li>\n  <li>Independent Diving<\/li>\n<\/ul>\n<\/div>\t\t\t\t\t\t\t\t<\/div>\n\t\t\t\t<\/div>\n\t\t\t\t<\/div>\n\t\t\t\t<\/div>\n\t\t<div class=\"elementor-element elementor-element-fa3daf3 e-con-full e-flex e-con e-child\" data-id=\"fa3daf3\" data-element_type=\"container\" data-e-type=\"container\">\n\t\t<div class=\"elementor-element elementor-element-2492f8a e-con-full course-sidebar-box e-flex e-con e-child\" data-id=\"2492f8a\" data-element_type=\"container\" data-e-type=\"container\" data-settings=\"{&quot;sticky&quot;:&quot;top&quot;,&quot;sticky_offset&quot;:110,&quot;sticky_effects_offset&quot;:130,&quot;sticky_parent&quot;:&quot;yes&quot;,&quot;sticky_on&quot;:[&quot;desktop&quot;,&quot;tablet&quot;,&quot;mobile&quot;],&quot;sticky_anchor_link_offset&quot;:0}\">\n\t\t\t\t<div class=\"elementor-element elementor-element-4b8e7f2 elementor-widget elementor-widget-text-editor\" data-id=\"4b8e7f2\" data-element_type=\"widget\" data-e-type=\"widget\" data-widget_type=\"text-editor.default\">\n\t\t\t\t<div class=\"elementor-widget-container\">\n\t\t\t\t\t\t\t\t\t<div class=\"courses-info\"><h6 class=\"no-margin\">Duraci\u00f3n:<\/h6><p class=\"no-margin\">Curso de 1-2 d\u00edas<\/p><\/div><div class=\"courses-info\"><h6 class=\"no-margin\">Precio:<\/h6><p class=\"no-margin\">Desde 350 \u20ac<\/p><\/div>\t\t\t\t\t\t\t\t<\/div>\n\t\t\t\t<\/div>\n\t\t\t\t<div class=\"elementor-element elementor-element-0a6146c elementor-mobile-align-center elementor-widget elementor-widget-button\" data-id=\"0a6146c\" data-element_type=\"widget\" data-e-type=\"widget\" data-widget_type=\"button.default\">\n\t\t\t\t<div class=\"elementor-widget-container\">\n\t\t\t\t\t\t\t\t\t<div class=\"elementor-button-wrapper\">\n\t\t\t\t\t<a class=\"elementor-button elementor-button-link elementor-size-sm\" href=\"https:\/\/app.bukyapp.com\/front\/6213b2319a1bbf005fa0b870\/product\/622221174db01a005f511a0e?lang=en\" target=\"_blank\">\n\t\t\t\t\t\t<span class=\"elementor-button-content-wrapper\">\n\t\t\t\t\t\t\t\t\t<span class=\"elementor-button-text\">Reservar curso<\/span>\n\t\t\t\t\t<\/span>\n\t\t\t\t\t<\/a>\n\t\t\t\t<\/div>\n\t\t\t\t\t\t\t\t<\/div>\n\t\t\t\t<\/div>\n\t\t\t\t<\/div>\n\t\t\t\t<\/div>\n\t\t\t\t\t<\/div>\n\t\t\t\t<\/div>\n\t\t\t\t<\/div>\n\t\t","protected":false},"excerpt":{"rendered":"<p>Especialidades Foto y v\u00eddeo Aprende las t\u00e9cnicas y habilidades necesarias para capturar fotos y v\u00eddeos de alta calidad Resumen del programa: Para muchos buceadores, capturar el mundo submarino es una de las partes m\u00e1s gratificantes del buceo. Unas buenas im\u00e1genes submarinas te permiten revivir tus inmersiones y compartir la experiencia mucho despu\u00e9s de salir a [&hellip;]<\/p>\n","protected":false},"author":10,"featured_media":0,"parent":0,"menu_order":0,"comment_status":"closed","ping_status":"closed","template":"","meta":{"_acf_changed":false,"footnotes":""},"class_list":["post-24562","page","type-page","status-publish","hentry"],"acf":[],"yoast_head":"<!-- This site is optimized with the Yoast SEO plugin v27.5 - https:\/\/yoast.com\/product\/yoast-seo-wordpress\/ -->\n<title>Foto y v\u00eddeo | Calero Diving Lanzarote<\/title>\n<meta name=\"robots\" content=\"index, follow, max-snippet:-1, max-image-preview:large, max-video-preview:-1\" \/>\n<link rel=\"canonical\" href=\"https:\/\/calerodiving.com\/photo-video\/\" \/>\n<meta property=\"og:locale\" content=\"es_ES\" \/>\n<meta property=\"og:type\" content=\"article\" \/>\n<meta property=\"og:title\" content=\"Foto y v\u00eddeo | Calero Diving Lanzarote\" \/>\n<meta property=\"og:description\" content=\"Especialidades Foto y v\u00eddeo Aprende las t\u00e9cnicas y habilidades necesarias para capturar fotos y v\u00eddeos de alta calidad Resumen del programa: Para muchos buceadores, capturar el mundo submarino es una de las partes m\u00e1s gratificantes del buceo. Unas buenas im\u00e1genes submarinas te permiten revivir tus inmersiones y compartir la experiencia mucho despu\u00e9s de salir a [&hellip;]\" \/>\n<meta property=\"og:url\" content=\"https:\/\/calerodiving.com\/photo-video\/\" \/>\n<meta property=\"og:site_name\" content=\"Calero Diving Lanzarote\" \/>\n<meta property=\"article:publisher\" content=\"https:\/\/www.facebook.com\/calerodiving\/\" \/>\n<meta property=\"article:modified_time\" content=\"2026-04-20T10:09:50+00:00\" \/>\n<meta property=\"og:image\" content=\"https:\/\/calerodiving.com\/wp-content\/uploads\/2017\/10\/photo-video.jpg\" \/>\n\t<meta property=\"og:image:width\" content=\"598\" \/>\n\t<meta property=\"og:image:height\" content=\"380\" \/>\n\t<meta property=\"og:image:type\" content=\"image\/jpeg\" \/>\n<meta name=\"twitter:card\" content=\"summary_large_image\" \/>\n<meta name=\"twitter:label1\" content=\"Tiempo de lectura\" \/>\n\t<meta name=\"twitter:data1\" content=\"2 minutos\" \/>\n<script type=\"application\/ld+json\" class=\"yoast-schema-graph\">{\"@context\":\"https:\\\/\\\/schema.org\",\"@graph\":[{\"@type\":\"WebPage\",\"@id\":\"https:\\\/\\\/calerodiving.com\\\/photo-video\\\/\",\"url\":\"https:\\\/\\\/calerodiving.com\\\/photo-video\\\/\",\"name\":\"Foto y v\u00eddeo | Calero Diving Lanzarote\",\"isPartOf\":{\"@id\":\"https:\\\/\\\/calerodiving.com\\\/#website\"},\"primaryImageOfPage\":{\"@id\":\"https:\\\/\\\/calerodiving.com\\\/photo-video\\\/#primaryimage\"},\"image\":{\"@id\":\"https:\\\/\\\/calerodiving.com\\\/photo-video\\\/#primaryimage\"},\"thumbnailUrl\":\"https:\\\/\\\/calerodiving.com\\\/wp-content\\\/uploads\\\/2017\\\/10\\\/photo-video.jpg\",\"datePublished\":\"2025-08-27T07:48:31+00:00\",\"dateModified\":\"2026-04-20T10:09:50+00:00\",\"breadcrumb\":{\"@id\":\"https:\\\/\\\/calerodiving.com\\\/photo-video\\\/#breadcrumb\"},\"inLanguage\":\"es\",\"potentialAction\":[{\"@type\":\"ReadAction\",\"target\":[\"https:\\\/\\\/calerodiving.com\\\/photo-video\\\/\"]}]},{\"@type\":\"ImageObject\",\"inLanguage\":\"es\",\"@id\":\"https:\\\/\\\/calerodiving.com\\\/photo-video\\\/#primaryimage\",\"url\":\"https:\\\/\\\/calerodiving.com\\\/wp-content\\\/uploads\\\/2017\\\/10\\\/photo-video.jpg\",\"contentUrl\":\"https:\\\/\\\/calerodiving.com\\\/wp-content\\\/uploads\\\/2017\\\/10\\\/photo-video.jpg\"},{\"@type\":\"BreadcrumbList\",\"@id\":\"https:\\\/\\\/calerodiving.com\\\/photo-video\\\/#breadcrumb\",\"itemListElement\":[{\"@type\":\"ListItem\",\"position\":1,\"name\":\"Home\",\"item\":\"https:\\\/\\\/calerodiving.com\\\/es\\\/\"},{\"@type\":\"ListItem\",\"position\":2,\"name\":\"Foto y v\u00eddeo\"}]},{\"@type\":\"WebSite\",\"@id\":\"https:\\\/\\\/calerodiving.com\\\/#website\",\"url\":\"https:\\\/\\\/calerodiving.com\\\/\",\"name\":\"Calero Diving Lanzarote\",\"description\":\"Diving Center Lanzarote\",\"publisher\":{\"@id\":\"https:\\\/\\\/calerodiving.com\\\/#organization\"},\"alternateName\":\"Calero Diving\",\"potentialAction\":[{\"@type\":\"SearchAction\",\"target\":{\"@type\":\"EntryPoint\",\"urlTemplate\":\"https:\\\/\\\/calerodiving.com\\\/?s={search_term_string}\"},\"query-input\":{\"@type\":\"PropertyValueSpecification\",\"valueRequired\":true,\"valueName\":\"search_term_string\"}}],\"inLanguage\":\"es\"},{\"@type\":\"Organization\",\"@id\":\"https:\\\/\\\/calerodiving.com\\\/#organization\",\"name\":\"Calero Diving Lanzarote\",\"alternateName\":\"Calero Diving\",\"url\":\"https:\\\/\\\/calerodiving.com\\\/\",\"logo\":{\"@type\":\"ImageObject\",\"inLanguage\":\"es\",\"@id\":\"https:\\\/\\\/calerodiving.com\\\/#\\\/schema\\\/logo\\\/image\\\/\",\"url\":\"https:\\\/\\\/calerodiving.com\\\/wp-content\\\/uploads\\\/2025\\\/05\\\/Grupo.png\",\"contentUrl\":\"https:\\\/\\\/calerodiving.com\\\/wp-content\\\/uploads\\\/2025\\\/05\\\/Grupo.png\",\"width\":499,\"height\":590,\"caption\":\"Calero Diving Lanzarote\"},\"image\":{\"@id\":\"https:\\\/\\\/calerodiving.com\\\/#\\\/schema\\\/logo\\\/image\\\/\"},\"sameAs\":[\"https:\\\/\\\/www.facebook.com\\\/calerodiving\\\/\",\"https:\\\/\\\/www.instagram.com\\\/calerodiving\\\/\"]}]}<\/script>\n<!-- \/ Yoast SEO plugin. -->","yoast_head_json":{"title":"Foto y v\u00eddeo | Calero Diving Lanzarote","robots":{"index":"index","follow":"follow","max-snippet":"max-snippet:-1","max-image-preview":"max-image-preview:large","max-video-preview":"max-video-preview:-1"},"canonical":"https:\/\/calerodiving.com\/photo-video\/","og_locale":"es_ES","og_type":"article","og_title":"Foto y v\u00eddeo | Calero Diving Lanzarote","og_description":"Especialidades Foto y v\u00eddeo Aprende las t\u00e9cnicas y habilidades necesarias para capturar fotos y v\u00eddeos de alta calidad Resumen del programa: Para muchos buceadores, capturar el mundo submarino es una de las partes m\u00e1s gratificantes del buceo. Unas buenas im\u00e1genes submarinas te permiten revivir tus inmersiones y compartir la experiencia mucho despu\u00e9s de salir a [&hellip;]","og_url":"https:\/\/calerodiving.com\/photo-video\/","og_site_name":"Calero Diving Lanzarote","article_publisher":"https:\/\/www.facebook.com\/calerodiving\/","article_modified_time":"2026-04-20T10:09:50+00:00","og_image":[{"width":598,"height":380,"url":"https:\/\/calerodiving.com\/wp-content\/uploads\/2017\/10\/photo-video.jpg","type":"image\/jpeg"}],"twitter_card":"summary_large_image","twitter_misc":{"Tiempo de lectura":"2 minutos"},"schema":{"@context":"https:\/\/schema.org","@graph":[{"@type":"WebPage","@id":"https:\/\/calerodiving.com\/photo-video\/","url":"https:\/\/calerodiving.com\/photo-video\/","name":"Foto y v\u00eddeo | Calero Diving Lanzarote","isPartOf":{"@id":"https:\/\/calerodiving.com\/#website"},"primaryImageOfPage":{"@id":"https:\/\/calerodiving.com\/photo-video\/#primaryimage"},"image":{"@id":"https:\/\/calerodiving.com\/photo-video\/#primaryimage"},"thumbnailUrl":"https:\/\/calerodiving.com\/wp-content\/uploads\/2017\/10\/photo-video.jpg","datePublished":"2025-08-27T07:48:31+00:00","dateModified":"2026-04-20T10:09:50+00:00","breadcrumb":{"@id":"https:\/\/calerodiving.com\/photo-video\/#breadcrumb"},"inLanguage":"es","potentialAction":[{"@type":"ReadAction","target":["https:\/\/calerodiving.com\/photo-video\/"]}]},{"@type":"ImageObject","inLanguage":"es","@id":"https:\/\/calerodiving.com\/photo-video\/#primaryimage","url":"https:\/\/calerodiving.com\/wp-content\/uploads\/2017\/10\/photo-video.jpg","contentUrl":"https:\/\/calerodiving.com\/wp-content\/uploads\/2017\/10\/photo-video.jpg"},{"@type":"BreadcrumbList","@id":"https:\/\/calerodiving.com\/photo-video\/#breadcrumb","itemListElement":[{"@type":"ListItem","position":1,"name":"Home","item":"https:\/\/calerodiving.com\/es\/"},{"@type":"ListItem","position":2,"name":"Foto y v\u00eddeo"}]},{"@type":"WebSite","@id":"https:\/\/calerodiving.com\/#website","url":"https:\/\/calerodiving.com\/","name":"Calero Diving Lanzarote","description":"Diving Center Lanzarote","publisher":{"@id":"https:\/\/calerodiving.com\/#organization"},"alternateName":"Calero Diving","potentialAction":[{"@type":"SearchAction","target":{"@type":"EntryPoint","urlTemplate":"https:\/\/calerodiving.com\/?s={search_term_string}"},"query-input":{"@type":"PropertyValueSpecification","valueRequired":true,"valueName":"search_term_string"}}],"inLanguage":"es"},{"@type":"Organization","@id":"https:\/\/calerodiving.com\/#organization","name":"Calero Diving Lanzarote","alternateName":"Calero Diving","url":"https:\/\/calerodiving.com\/","logo":{"@type":"ImageObject","inLanguage":"es","@id":"https:\/\/calerodiving.com\/#\/schema\/logo\/image\/","url":"https:\/\/calerodiving.com\/wp-content\/uploads\/2025\/05\/Grupo.png","contentUrl":"https:\/\/calerodiving.com\/wp-content\/uploads\/2025\/05\/Grupo.png","width":499,"height":590,"caption":"Calero Diving Lanzarote"},"image":{"@id":"https:\/\/calerodiving.com\/#\/schema\/logo\/image\/"},"sameAs":["https:\/\/www.facebook.com\/calerodiving\/","https:\/\/www.instagram.com\/calerodiving\/"]}]}},"_links":{"self":[{"href":"https:\/\/calerodiving.com\/es\/wp-json\/wp\/v2\/pages\/24562","targetHints":{"allow":["GET"]}}],"collection":[{"href":"https:\/\/calerodiving.com\/es\/wp-json\/wp\/v2\/pages"}],"about":[{"href":"https:\/\/calerodiving.com\/es\/wp-json\/wp\/v2\/types\/page"}],"author":[{"embeddable":true,"href":"https:\/\/calerodiving.com\/es\/wp-json\/wp\/v2\/users\/10"}],"replies":[{"embeddable":true,"href":"https:\/\/calerodiving.com\/es\/wp-json\/wp\/v2\/comments?post=24562"}],"version-history":[{"count":7,"href":"https:\/\/calerodiving.com\/es\/wp-json\/wp\/v2\/pages\/24562\/revisions"}],"predecessor-version":[{"id":28008,"href":"https:\/\/calerodiving.com\/es\/wp-json\/wp\/v2\/pages\/24562\/revisions\/28008"}],"wp:attachment":[{"href":"https:\/\/calerodiving.com\/es\/wp-json\/wp\/v2\/media?parent=24562"}],"curies":[{"name":"wp","href":"https:\/\/api.w.org\/{rel}","templated":true}]}}