{"id":24551,"date":"2025-08-27T08:48:27","date_gmt":"2025-08-27T07:48:27","guid":{"rendered":"https:\/\/calerodiving.com\/estres-y-rescate-de-buceadores\/"},"modified":"2026-04-20T10:56:18","modified_gmt":"2026-04-20T09:56:18","slug":"estres-y-rescate-de-buceadores","status":"publish","type":"page","link":"https:\/\/calerodiving.com\/es\/estres-y-rescate-de-buceadores\/","title":{"rendered":"Estr\u00e9s y rescate de buceadores"},"content":{"rendered":"\t\t<div data-elementor-type=\"wp-page\" data-elementor-id=\"24551\" class=\"elementor elementor-24551 elementor-21508\" data-elementor-post-type=\"page\">\n\t\t\t\t<div class=\"elementor-element elementor-element-067e22e e-flex e-con-boxed e-con e-parent\" data-id=\"067e22e\" data-element_type=\"container\" data-e-type=\"container\">\n\t\t\t\t\t<div class=\"e-con-inner\">\n\t\t<div class=\"elementor-element elementor-element-326b9de e-con-full e-flex e-con e-child\" data-id=\"326b9de\" data-element_type=\"container\" data-e-type=\"container\">\n\t\t\t\t<div class=\"elementor-element elementor-element-daadfdd elementor-widget elementor-widget-image\" data-id=\"daadfdd\" data-element_type=\"widget\" data-e-type=\"widget\" data-widget_type=\"image.default\">\n\t\t\t\t<div class=\"elementor-widget-container\">\n\t\t\t\t\t\t\t\t\t\t\t\t\t\t\t<img fetchpriority=\"high\" decoding=\"async\" width=\"350\" height=\"222\" src=\"https:\/\/calerodiving.com\/wp-content\/uploads\/2017\/09\/diver-stress-rescue.jpg\" class=\"attachment-large size-large wp-image-201\" alt=\"\" srcset=\"https:\/\/calerodiving.com\/wp-content\/uploads\/2017\/09\/diver-stress-rescue.jpg 350w, https:\/\/calerodiving.com\/wp-content\/uploads\/2017\/09\/diver-stress-rescue-300x190.jpg 300w\" sizes=\"(max-width: 350px) 100vw, 350px\" \/>\t\t\t\t\t\t\t\t\t\t\t\t\t\t\t<\/div>\n\t\t\t\t<\/div>\n\t\t\t\t<\/div>\n\t\t<div class=\"elementor-element elementor-element-5214237 e-con-full e-flex e-con e-child\" data-id=\"5214237\" data-element_type=\"container\" data-e-type=\"container\">\n\t\t<div class=\"elementor-element elementor-element-3cb7c96 e-con-full e-flex e-con e-child\" data-id=\"3cb7c96\" data-element_type=\"container\" data-e-type=\"container\">\n\t\t\t\t<div class=\"elementor-element elementor-element-2c9d3c1 elementor-widget elementor-widget-html\" data-id=\"2c9d3c1\" data-element_type=\"widget\" data-e-type=\"widget\" data-widget_type=\"html.default\">\n\t\t\t\t<div class=\"elementor-widget-container\">\n\t\t\t\t\t<a href=\"https:\/\/calerodiving.com\/es\/?page_id=24212#specialties\" class=\"tag-button\">Especialidades<\/a>\n\t\t\t\t<\/div>\n\t\t\t\t<\/div>\n\t\t\t\t<div class=\"elementor-element elementor-element-ed90195 elementor-widget elementor-widget-heading\" data-id=\"ed90195\" data-element_type=\"widget\" data-e-type=\"widget\" data-widget_type=\"heading.default\">\n\t\t\t\t<div class=\"elementor-widget-container\">\n\t\t\t\t\t<h2 class=\"elementor-heading-title elementor-size-default\">Diver Stress and Rescue<\/h2>\t\t\t\t<\/div>\n\t\t\t\t<\/div>\n\t\t\t\t<\/div>\n\t\t\t\t<\/div>\n\t\t\t\t\t<\/div>\n\t\t\t\t<\/div>\n\t\t<div class=\"elementor-element elementor-element-2ba742e e-flex e-con-boxed e-con e-parent\" data-id=\"2ba742e\" data-element_type=\"container\" data-e-type=\"container\">\n\t\t\t\t\t<div class=\"e-con-inner\">\n\t\t<div class=\"elementor-element elementor-element-c6c118b e-con-full e-flex e-con e-child\" data-id=\"c6c118b\" data-element_type=\"container\" data-e-type=\"container\">\n\t\t<div class=\"elementor-element elementor-element-e67ed81 e-con-full e-flex e-con e-child\" data-id=\"e67ed81\" data-element_type=\"container\" data-e-type=\"container\">\n\t\t\t\t<div class=\"elementor-element elementor-element-1301206 elementor-widget elementor-widget-heading\" data-id=\"1301206\" data-element_type=\"widget\" data-e-type=\"widget\" data-widget_type=\"heading.default\">\n\t\t\t\t<div class=\"elementor-widget-container\">\n\t\t\t\t\t<h2 class=\"elementor-heading-title elementor-size-default\">Aprenda habilidades de rescate vitales<\/h2>\t\t\t\t<\/div>\n\t\t\t\t<\/div>\n\t\t\t\t<div class=\"elementor-element elementor-element-ed0d103 elementor-widget elementor-widget-text-editor\" data-id=\"ed0d103\" data-element_type=\"widget\" data-e-type=\"widget\" data-widget_type=\"text-editor.default\">\n\t\t\t\t<div class=\"elementor-widget-container\">\n\t\t\t\t\t\t\t\t\t<div class=\"section-list\">\n<h3>Resumen del programa:<\/h3>\nLa mayor\u00eda de los incidentes de buceo pueden evitarse mucho antes de convertirse en una emergencia real. Reconocer el estr\u00e9s a tiempo, mantener la atenci\u00f3n sobre el entorno y reaccionar con calma son algunas de las habilidades m\u00e1s valiosas que puede desarrollar un buceador.<br><br>\n\nLa especialidad SSI Diver Stress and Rescue te ense\u00f1a a reconocer el estr\u00e9s, evitar que los problemas se agraven y responder de forma m\u00e1s eficaz si surge una situaci\u00f3n para ti o para tu compa\u00f1ero de buceo.<br><br>\n\nEste curso se basa en la prevenci\u00f3n, la atenci\u00f3n y la actuaci\u00f3n controlada. Te ayuda a convertirte en un buceador mejor preparado, no solo en emergencias, sino tambi\u00e9n en el buceo del d\u00eda a d\u00eda.<br><br>\n\nEs una de las especialidades m\u00e1s valiosas para buceadores recreativos y tambi\u00e9n un requisito importante si quieres avanzar hacia formaci\u00f3n de nivel profesional como SSI Dive Guide.<br><br>\n\nPuede ser un curso exigente, pero tambi\u00e9n es uno de los m\u00e1s gratificantes, porque las habilidades que adquieres mejoran pr\u00e1cticamente todas las inmersiones que hagas despu\u00e9s.\n\n<h3>Est\u00e1ndares de formaci\u00f3n<\/h3>\n<ul>\n  <li>Duraci\u00f3n: 3\u20134 d\u00edas<\/li>\n  <li>Incluye: 3 sesiones en aguas confinadas, 3 inmersiones de formaci\u00f3n, materiales digitales y certificaci\u00f3n SSI Diver Stress and Rescue<\/li>\n<\/ul>\n\n<h3>Requisitos<\/h3>\n<ul>\n  <li>edad m\u00ednima de 12 a\u00f1os, certificaci\u00f3n SSI Open Water Diver o equivalente, adem\u00e1s de certificaci\u00f3n SSI React Right o equivalente (incluyendo Primeros Auxilios, RCP, O\u2082 y DEA)<\/li>\n<\/ul>\n\n<h3>No incluido<\/h3>\n<ul>\n  <li>alquiler del equipo<\/li>\n  <li>seguro de buceo<\/li>\n  <li>certificaci\u00f3n SSI React Right (si a\u00fan no se ha completado)<\/li>\n<\/ul>\n\n<h3>Otros cursos que podr\u00edan interesarte<\/h3>\n<ul>\n  <li>React Right<\/li>\n  <li>Divemaster<\/li>\n<\/ul>\n<\/div>\t\t\t\t\t\t\t\t<\/div>\n\t\t\t\t<\/div>\n\t\t\t\t<\/div>\n\t\t\t\t<\/div>\n\t\t<div class=\"elementor-element elementor-element-3933558 e-con-full e-flex e-con e-child\" data-id=\"3933558\" data-element_type=\"container\" data-e-type=\"container\">\n\t\t<div class=\"elementor-element elementor-element-ac2ea6f e-con-full course-sidebar-box e-flex e-con e-child\" data-id=\"ac2ea6f\" data-element_type=\"container\" data-e-type=\"container\" data-settings=\"{&quot;sticky&quot;:&quot;top&quot;,&quot;sticky_offset&quot;:110,&quot;sticky_effects_offset&quot;:130,&quot;sticky_parent&quot;:&quot;yes&quot;,&quot;sticky_on&quot;:[&quot;desktop&quot;,&quot;tablet&quot;,&quot;mobile&quot;],&quot;sticky_anchor_link_offset&quot;:0}\">\n\t\t\t\t<div class=\"elementor-element elementor-element-bb66485 elementor-widget elementor-widget-text-editor\" data-id=\"bb66485\" data-element_type=\"widget\" data-e-type=\"widget\" data-widget_type=\"text-editor.default\">\n\t\t\t\t<div class=\"elementor-widget-container\">\n\t\t\t\t\t\t\t\t\t<div class=\"courses-info\"><h6 class=\"no-margin\">Duraci\u00f3n:<\/h6><p class=\"no-margin\">Curso de 2-3 d\u00edas<\/p><\/div><div class=\"courses-info\"><h6 class=\"no-margin\">Precio:<\/h6><p class=\"no-margin\">Desde 450 \u20ac<\/p><\/div>\t\t\t\t\t\t\t\t<\/div>\n\t\t\t\t<\/div>\n\t\t\t\t<div class=\"elementor-element elementor-element-a2481d6 elementor-mobile-align-center elementor-widget elementor-widget-button\" data-id=\"a2481d6\" data-element_type=\"widget\" data-e-type=\"widget\" data-widget_type=\"button.default\">\n\t\t\t\t<div class=\"elementor-widget-container\">\n\t\t\t\t\t\t\t\t\t<div class=\"elementor-button-wrapper\">\n\t\t\t\t\t<a class=\"elementor-button elementor-button-link elementor-size-sm\" href=\"https:\/\/app.bukyapp.com\/front\/6213b2319a1bbf005fa0b870\/product\/622227aa4db01a005f511a1f?lang=en\" target=\"_blank\">\n\t\t\t\t\t\t<span class=\"elementor-button-content-wrapper\">\n\t\t\t\t\t\t\t\t\t<span class=\"elementor-button-text\">Comprar curso<\/span>\n\t\t\t\t\t<\/span>\n\t\t\t\t\t<\/a>\n\t\t\t\t<\/div>\n\t\t\t\t\t\t\t\t<\/div>\n\t\t\t\t<\/div>\n\t\t\t\t<\/div>\n\t\t\t\t<\/div>\n\t\t\t\t\t<\/div>\n\t\t\t\t<\/div>\n\t\t\t\t<\/div>\n\t\t","protected":false},"excerpt":{"rendered":"<p>Especialidades Diver Stress and Rescue Aprenda habilidades de rescate vitales Resumen del programa: La mayor\u00eda de los incidentes de buceo pueden evitarse mucho antes de convertirse en una emergencia real. Reconocer el estr\u00e9s a tiempo, mantener la atenci\u00f3n sobre el entorno y reaccionar con calma son algunas de las habilidades m\u00e1s valiosas que puede desarrollar [&hellip;]<\/p>\n","protected":false},"author":10,"featured_media":0,"parent":0,"menu_order":0,"comment_status":"closed","ping_status":"closed","template":"","meta":{"_acf_changed":false,"footnotes":""},"class_list":["post-24551","page","type-page","status-publish","hentry"],"acf":[],"yoast_head":"<!-- This site is optimized with the Yoast SEO plugin v27.5 - https:\/\/yoast.com\/product\/yoast-seo-wordpress\/ -->\n<title>Estr\u00e9s y rescate de buceadores | Calero Diving Lanzarote<\/title>\n<meta name=\"robots\" content=\"index, follow, max-snippet:-1, max-image-preview:large, max-video-preview:-1\" \/>\n<link rel=\"canonical\" href=\"https:\/\/calerodiving.com\/diver-stress-and-rescue\/\" \/>\n<meta property=\"og:locale\" content=\"es_ES\" \/>\n<meta property=\"og:type\" content=\"article\" \/>\n<meta property=\"og:title\" content=\"Estr\u00e9s y rescate de buceadores | Calero Diving Lanzarote\" \/>\n<meta property=\"og:description\" content=\"Especialidades Diver Stress and Rescue Aprenda habilidades de rescate vitales Resumen del programa: La mayor\u00eda de los incidentes de buceo pueden evitarse mucho antes de convertirse en una emergencia real. Reconocer el estr\u00e9s a tiempo, mantener la atenci\u00f3n sobre el entorno y reaccionar con calma son algunas de las habilidades m\u00e1s valiosas que puede desarrollar [&hellip;]\" \/>\n<meta property=\"og:url\" content=\"https:\/\/calerodiving.com\/diver-stress-and-rescue\/\" \/>\n<meta property=\"og:site_name\" content=\"Calero Diving Lanzarote\" \/>\n<meta property=\"article:publisher\" content=\"https:\/\/www.facebook.com\/calerodiving\/\" \/>\n<meta property=\"article:modified_time\" content=\"2026-04-20T09:56:18+00:00\" \/>\n<meta property=\"og:image\" content=\"https:\/\/calerodiving.com\/wp-content\/uploads\/2017\/09\/diver-stress-rescue.jpg\" \/>\n\t<meta property=\"og:image:width\" content=\"350\" \/>\n\t<meta property=\"og:image:height\" content=\"222\" \/>\n\t<meta property=\"og:image:type\" content=\"image\/jpeg\" \/>\n<meta name=\"twitter:card\" content=\"summary_large_image\" \/>\n<meta name=\"twitter:label1\" content=\"Tiempo de lectura\" \/>\n\t<meta name=\"twitter:data1\" content=\"2 minutos\" \/>\n<script type=\"application\/ld+json\" class=\"yoast-schema-graph\">{\"@context\":\"https:\\\/\\\/schema.org\",\"@graph\":[{\"@type\":\"WebPage\",\"@id\":\"https:\\\/\\\/calerodiving.com\\\/diver-stress-and-rescue\\\/\",\"url\":\"https:\\\/\\\/calerodiving.com\\\/diver-stress-and-rescue\\\/\",\"name\":\"Estr\u00e9s y rescate de buceadores | Calero Diving Lanzarote\",\"isPartOf\":{\"@id\":\"https:\\\/\\\/calerodiving.com\\\/#website\"},\"primaryImageOfPage\":{\"@id\":\"https:\\\/\\\/calerodiving.com\\\/diver-stress-and-rescue\\\/#primaryimage\"},\"image\":{\"@id\":\"https:\\\/\\\/calerodiving.com\\\/diver-stress-and-rescue\\\/#primaryimage\"},\"thumbnailUrl\":\"https:\\\/\\\/calerodiving.com\\\/wp-content\\\/uploads\\\/2017\\\/09\\\/diver-stress-rescue.jpg\",\"datePublished\":\"2025-08-27T07:48:27+00:00\",\"dateModified\":\"2026-04-20T09:56:18+00:00\",\"breadcrumb\":{\"@id\":\"https:\\\/\\\/calerodiving.com\\\/diver-stress-and-rescue\\\/#breadcrumb\"},\"inLanguage\":\"es\",\"potentialAction\":[{\"@type\":\"ReadAction\",\"target\":[\"https:\\\/\\\/calerodiving.com\\\/diver-stress-and-rescue\\\/\"]}]},{\"@type\":\"ImageObject\",\"inLanguage\":\"es\",\"@id\":\"https:\\\/\\\/calerodiving.com\\\/diver-stress-and-rescue\\\/#primaryimage\",\"url\":\"https:\\\/\\\/calerodiving.com\\\/wp-content\\\/uploads\\\/2017\\\/09\\\/diver-stress-rescue.jpg\",\"contentUrl\":\"https:\\\/\\\/calerodiving.com\\\/wp-content\\\/uploads\\\/2017\\\/09\\\/diver-stress-rescue.jpg\"},{\"@type\":\"BreadcrumbList\",\"@id\":\"https:\\\/\\\/calerodiving.com\\\/diver-stress-and-rescue\\\/#breadcrumb\",\"itemListElement\":[{\"@type\":\"ListItem\",\"position\":1,\"name\":\"Home\",\"item\":\"https:\\\/\\\/calerodiving.com\\\/es\\\/\"},{\"@type\":\"ListItem\",\"position\":2,\"name\":\"Estr\u00e9s y rescate de buceadores\"}]},{\"@type\":\"WebSite\",\"@id\":\"https:\\\/\\\/calerodiving.com\\\/#website\",\"url\":\"https:\\\/\\\/calerodiving.com\\\/\",\"name\":\"Calero Diving Lanzarote\",\"description\":\"Diving Center Lanzarote\",\"publisher\":{\"@id\":\"https:\\\/\\\/calerodiving.com\\\/#organization\"},\"alternateName\":\"Calero Diving\",\"potentialAction\":[{\"@type\":\"SearchAction\",\"target\":{\"@type\":\"EntryPoint\",\"urlTemplate\":\"https:\\\/\\\/calerodiving.com\\\/?s={search_term_string}\"},\"query-input\":{\"@type\":\"PropertyValueSpecification\",\"valueRequired\":true,\"valueName\":\"search_term_string\"}}],\"inLanguage\":\"es\"},{\"@type\":\"Organization\",\"@id\":\"https:\\\/\\\/calerodiving.com\\\/#organization\",\"name\":\"Calero Diving Lanzarote\",\"alternateName\":\"Calero Diving\",\"url\":\"https:\\\/\\\/calerodiving.com\\\/\",\"logo\":{\"@type\":\"ImageObject\",\"inLanguage\":\"es\",\"@id\":\"https:\\\/\\\/calerodiving.com\\\/#\\\/schema\\\/logo\\\/image\\\/\",\"url\":\"https:\\\/\\\/calerodiving.com\\\/wp-content\\\/uploads\\\/2025\\\/05\\\/Grupo.png\",\"contentUrl\":\"https:\\\/\\\/calerodiving.com\\\/wp-content\\\/uploads\\\/2025\\\/05\\\/Grupo.png\",\"width\":499,\"height\":590,\"caption\":\"Calero Diving Lanzarote\"},\"image\":{\"@id\":\"https:\\\/\\\/calerodiving.com\\\/#\\\/schema\\\/logo\\\/image\\\/\"},\"sameAs\":[\"https:\\\/\\\/www.facebook.com\\\/calerodiving\\\/\",\"https:\\\/\\\/www.instagram.com\\\/calerodiving\\\/\"]}]}<\/script>\n<!-- \/ Yoast SEO plugin. -->","yoast_head_json":{"title":"Estr\u00e9s y rescate de buceadores | Calero Diving Lanzarote","robots":{"index":"index","follow":"follow","max-snippet":"max-snippet:-1","max-image-preview":"max-image-preview:large","max-video-preview":"max-video-preview:-1"},"canonical":"https:\/\/calerodiving.com\/diver-stress-and-rescue\/","og_locale":"es_ES","og_type":"article","og_title":"Estr\u00e9s y rescate de buceadores | Calero Diving Lanzarote","og_description":"Especialidades Diver Stress and Rescue Aprenda habilidades de rescate vitales Resumen del programa: La mayor\u00eda de los incidentes de buceo pueden evitarse mucho antes de convertirse en una emergencia real. Reconocer el estr\u00e9s a tiempo, mantener la atenci\u00f3n sobre el entorno y reaccionar con calma son algunas de las habilidades m\u00e1s valiosas que puede desarrollar [&hellip;]","og_url":"https:\/\/calerodiving.com\/diver-stress-and-rescue\/","og_site_name":"Calero Diving Lanzarote","article_publisher":"https:\/\/www.facebook.com\/calerodiving\/","article_modified_time":"2026-04-20T09:56:18+00:00","og_image":[{"width":350,"height":222,"url":"https:\/\/calerodiving.com\/wp-content\/uploads\/2017\/09\/diver-stress-rescue.jpg","type":"image\/jpeg"}],"twitter_card":"summary_large_image","twitter_misc":{"Tiempo de lectura":"2 minutos"},"schema":{"@context":"https:\/\/schema.org","@graph":[{"@type":"WebPage","@id":"https:\/\/calerodiving.com\/diver-stress-and-rescue\/","url":"https:\/\/calerodiving.com\/diver-stress-and-rescue\/","name":"Estr\u00e9s y rescate de buceadores | Calero Diving Lanzarote","isPartOf":{"@id":"https:\/\/calerodiving.com\/#website"},"primaryImageOfPage":{"@id":"https:\/\/calerodiving.com\/diver-stress-and-rescue\/#primaryimage"},"image":{"@id":"https:\/\/calerodiving.com\/diver-stress-and-rescue\/#primaryimage"},"thumbnailUrl":"https:\/\/calerodiving.com\/wp-content\/uploads\/2017\/09\/diver-stress-rescue.jpg","datePublished":"2025-08-27T07:48:27+00:00","dateModified":"2026-04-20T09:56:18+00:00","breadcrumb":{"@id":"https:\/\/calerodiving.com\/diver-stress-and-rescue\/#breadcrumb"},"inLanguage":"es","potentialAction":[{"@type":"ReadAction","target":["https:\/\/calerodiving.com\/diver-stress-and-rescue\/"]}]},{"@type":"ImageObject","inLanguage":"es","@id":"https:\/\/calerodiving.com\/diver-stress-and-rescue\/#primaryimage","url":"https:\/\/calerodiving.com\/wp-content\/uploads\/2017\/09\/diver-stress-rescue.jpg","contentUrl":"https:\/\/calerodiving.com\/wp-content\/uploads\/2017\/09\/diver-stress-rescue.jpg"},{"@type":"BreadcrumbList","@id":"https:\/\/calerodiving.com\/diver-stress-and-rescue\/#breadcrumb","itemListElement":[{"@type":"ListItem","position":1,"name":"Home","item":"https:\/\/calerodiving.com\/es\/"},{"@type":"ListItem","position":2,"name":"Estr\u00e9s y rescate de buceadores"}]},{"@type":"WebSite","@id":"https:\/\/calerodiving.com\/#website","url":"https:\/\/calerodiving.com\/","name":"Calero Diving Lanzarote","description":"Diving Center Lanzarote","publisher":{"@id":"https:\/\/calerodiving.com\/#organization"},"alternateName":"Calero Diving","potentialAction":[{"@type":"SearchAction","target":{"@type":"EntryPoint","urlTemplate":"https:\/\/calerodiving.com\/?s={search_term_string}"},"query-input":{"@type":"PropertyValueSpecification","valueRequired":true,"valueName":"search_term_string"}}],"inLanguage":"es"},{"@type":"Organization","@id":"https:\/\/calerodiving.com\/#organization","name":"Calero Diving Lanzarote","alternateName":"Calero Diving","url":"https:\/\/calerodiving.com\/","logo":{"@type":"ImageObject","inLanguage":"es","@id":"https:\/\/calerodiving.com\/#\/schema\/logo\/image\/","url":"https:\/\/calerodiving.com\/wp-content\/uploads\/2025\/05\/Grupo.png","contentUrl":"https:\/\/calerodiving.com\/wp-content\/uploads\/2025\/05\/Grupo.png","width":499,"height":590,"caption":"Calero Diving Lanzarote"},"image":{"@id":"https:\/\/calerodiving.com\/#\/schema\/logo\/image\/"},"sameAs":["https:\/\/www.facebook.com\/calerodiving\/","https:\/\/www.instagram.com\/calerodiving\/"]}]}},"_links":{"self":[{"href":"https:\/\/calerodiving.com\/es\/wp-json\/wp\/v2\/pages\/24551","targetHints":{"allow":["GET"]}}],"collection":[{"href":"https:\/\/calerodiving.com\/es\/wp-json\/wp\/v2\/pages"}],"about":[{"href":"https:\/\/calerodiving.com\/es\/wp-json\/wp\/v2\/types\/page"}],"author":[{"embeddable":true,"href":"https:\/\/calerodiving.com\/es\/wp-json\/wp\/v2\/users\/10"}],"replies":[{"embeddable":true,"href":"https:\/\/calerodiving.com\/es\/wp-json\/wp\/v2\/comments?post=24551"}],"version-history":[{"count":4,"href":"https:\/\/calerodiving.com\/es\/wp-json\/wp\/v2\/pages\/24551\/revisions"}],"predecessor-version":[{"id":27951,"href":"https:\/\/calerodiving.com\/es\/wp-json\/wp\/v2\/pages\/24551\/revisions\/27951"}],"wp:attachment":[{"href":"https:\/\/calerodiving.com\/es\/wp-json\/wp\/v2\/media?parent=24551"}],"curies":[{"name":"wp","href":"https:\/\/api.w.org\/{rel}","templated":true}]}}