{"id":24513,"date":"2025-08-27T08:47:13","date_gmt":"2025-08-27T07:47:13","guid":{"rendered":"https:\/\/calerodiving.com\/crossover-de-profesional-de-buceo\/"},"modified":"2025-08-27T08:47:22","modified_gmt":"2025-08-27T07:47:22","slug":"crossover-de-profesional-de-buceo","status":"publish","type":"page","link":"https:\/\/calerodiving.com\/es\/crossover-de-profesional-de-buceo\/","title":{"rendered":"Crossover de profesional de buceo"},"content":{"rendered":"\t\t<div data-elementor-type=\"wp-page\" data-elementor-id=\"24513\" class=\"elementor elementor-24513 elementor-21668\" data-elementor-post-type=\"page\">\n\t\t\t\t<div class=\"elementor-element elementor-element-3837434 e-flex e-con-boxed e-con e-parent\" data-id=\"3837434\" data-element_type=\"container\" data-e-type=\"container\">\n\t\t\t\t\t<div class=\"e-con-inner\">\n\t\t<div class=\"elementor-element elementor-element-39edf96 e-con-full e-flex e-con e-child\" data-id=\"39edf96\" data-element_type=\"container\" data-e-type=\"container\">\n\t\t\t\t<div class=\"elementor-element elementor-element-0605660 elementor-widget elementor-widget-image\" data-id=\"0605660\" data-element_type=\"widget\" data-e-type=\"widget\" data-widget_type=\"image.default\">\n\t\t\t\t<div class=\"elementor-widget-container\">\n\t\t\t\t\t\t\t\t\t\t\t\t\t\t\t<img fetchpriority=\"high\" decoding=\"async\" width=\"700\" height=\"445\" src=\"https:\/\/calerodiving.com\/wp-content\/uploads\/2025\/07\/Dive-Professional-Crossover-course.webp\" class=\"attachment-large size-large wp-image-22339\" alt=\"\" srcset=\"https:\/\/calerodiving.com\/wp-content\/uploads\/2025\/07\/Dive-Professional-Crossover-course.webp 700w, https:\/\/calerodiving.com\/wp-content\/uploads\/2025\/07\/Dive-Professional-Crossover-course-300x191.webp 300w\" sizes=\"(max-width: 700px) 100vw, 700px\" \/>\t\t\t\t\t\t\t\t\t\t\t\t\t\t\t<\/div>\n\t\t\t\t<\/div>\n\t\t\t\t<\/div>\n\t\t<div class=\"elementor-element elementor-element-f38d3d9 e-con-full e-flex e-con e-child\" data-id=\"f38d3d9\" data-element_type=\"container\" data-e-type=\"container\">\n\t\t<div class=\"elementor-element elementor-element-89343cf e-con-full e-flex e-con e-child\" data-id=\"89343cf\" data-element_type=\"container\" data-e-type=\"container\">\n\t\t\t\t<div class=\"elementor-element elementor-element-1b5bdcc elementor-widget elementor-widget-html\" data-id=\"1b5bdcc\" data-element_type=\"widget\" data-e-type=\"widget\" data-widget_type=\"html.default\">\n\t\t\t\t<div class=\"elementor-widget-container\">\n\t\t\t\t\t<a href=\"https:\/\/calerodiving.com\/es\/?page_id=24244\" class=\"tag-button\">Profesional<\/a>\n\t\t\t\t<\/div>\n\t\t\t\t<\/div>\n\t\t\t\t<div class=\"elementor-element elementor-element-09506d3 elementor-widget elementor-widget-heading\" data-id=\"09506d3\" data-element_type=\"widget\" data-e-type=\"widget\" data-widget_type=\"heading.default\">\n\t\t\t\t<div class=\"elementor-widget-container\">\n\t\t\t\t\t<h2 class=\"elementor-heading-title elementor-size-default\">Crossover de profesional de buceo<\/h2>\t\t\t\t<\/div>\n\t\t\t\t<\/div>\n\t\t\t\t<\/div>\n\t\t\t\t<\/div>\n\t\t\t\t\t<\/div>\n\t\t\t\t<\/div>\n\t\t<div class=\"elementor-element elementor-element-f86afef e-flex e-con-boxed e-con e-parent\" data-id=\"f86afef\" data-element_type=\"container\" data-e-type=\"container\">\n\t\t\t\t\t<div class=\"e-con-inner\">\n\t\t<div class=\"elementor-element elementor-element-2a527cb e-con-full e-flex e-con e-child\" data-id=\"2a527cb\" data-element_type=\"container\" data-e-type=\"container\">\n\t\t<div class=\"elementor-element elementor-element-2a8399f e-con-full e-flex e-con e-child\" data-id=\"2a8399f\" data-element_type=\"container\" data-e-type=\"container\">\n\t\t\t\t<div class=\"elementor-element elementor-element-0aacba1 elementor-widget elementor-widget-heading\" data-id=\"0aacba1\" data-element_type=\"widget\" data-e-type=\"widget\" data-widget_type=\"heading.default\">\n\t\t\t\t<div class=\"elementor-widget-container\">\n\t\t\t\t\t<h2 class=\"elementor-heading-title elementor-size-default\">P\u00e1sate a SSI, la agencia de formaci\u00f3n l\u00edder mundial<\/h2>\t\t\t\t<\/div>\n\t\t\t\t<\/div>\n\t\t\t\t<div class=\"elementor-element elementor-element-a172b50 elementor-widget elementor-widget-text-editor\" data-id=\"a172b50\" data-element_type=\"widget\" data-e-type=\"widget\" data-widget_type=\"text-editor.default\">\n\t\t\t\t<div class=\"elementor-widget-container\">\n\t\t\t\t\t\t\t\t\t<div class=\"section-list\">\n<h3>Descripci\u00f3n general del programa:<\/h3>\n<p>El buceo es conocido por ser una de las profesiones con menos desempleo, adem\u00e1s de permitirte trabajar en casi cualquier lugar del mundo.<\/p>\n<p>\u00bfYa eres un profesional del buceo y est\u00e1s pensando en cambiar de agencia?<\/p>\n<p>SSI tiene m\u00e1s de 3000 centros de buceo repartidos en m\u00e1s de 100 pa\u00edses en todo el mundo y, en los \u00faltimos a\u00f1os, SSI se ha convertido en la agencia de referencia para centros de buceo e instructores gracias, entre otras cosas, al desarrollo de herramientas y manuales digitales, su filosof\u00eda de ense\u00f1anza, las ventajas para instructores y centros, las recompensas y el reconocimiento y su flexibilidad en la ense\u00f1anza.<\/p>\n<p>Durante el curso, aprender\u00e1 las diferencias entre SSI y otras agencias para aplicar la filosof\u00eda y el sistema de ense\u00f1anza en sus pr\u00f3ximos cursos, as\u00ed como el uso de las diferentes y \u00fatiles herramientas que la agencia tiene para ofrecer a sus profesionales.<\/p>\n<p>Un instructor de SSI Open Water puede impartir directamente los siguientes cursos: Open Water Diver, Enriched Air Nitrox (hasta el 40%), Diver Stress &amp; Rescue, Perfect Buoyancy, Dive Guide, adem\u00e1s de muchos otros cursos de nivel inicial.<\/p>\n<p>Si eres Divemaster, Assistant Instructor o Assistant Instructor Trainer o equivalente, tambi\u00e9n puedes hacer el Crossover a SSI. Cont\u00e1ctanos para obtener m\u00e1s informaci\u00f3n. <\/p>\n<h3>Duraci\u00f3n:<\/h3>\n<ul>\n<li>3 d\u00edas<\/li>\n<\/ul>\n<h3>Incluye:<\/h3>\n<ul>\n<li>Todos los materiales de formaci\u00f3n, incluidos los materiales de aprendizaje digitales y los materiales de formaci\u00f3n f\u00edsicos.<\/li>\n<li>Tasas de registro de SSI.<\/li>\n<li>Tarifas anuales de estado activo de SSI.<\/li>\n<li>20% de descuento en la adquisici\u00f3n de nuevos equipos.<\/li>\n<li>Camiseta de Calero Diving<\/li>\n<\/ul>\n<h3>No incluye:<\/h3>\n<ul>\n<li>Alquiler de equipo<\/li>\n<li>Seguro de buceo personal o profesional<\/li>\n<\/ul>\n<h3>Requisitos:<\/h3>\n<ul>\n<li>Certificaci\u00f3n de al menos SSI Divemaster o equivalente.<\/li>\n<li>Certificaci\u00f3n SSI React Right First o equivalente, con una antig\u00fcedad no superior a dos a\u00f1os.<\/li>\n<li>M\u00ednimo 18 a\u00f1os.<\/li>\n<li>Certificado m\u00e9dico hiperb\u00e1rico.<\/li>\n<li>Seguro de buceo profesional y personal.<\/li>\n<\/ul>\n<h3>Otros cursos que pueden interesarte:<\/h3>\n<ul>\n<li><a href=\"https:\/\/calerodiving.com\/es\/?page_id=24422\">Instructor asistente<\/a><\/li>\n<li><a href=\"https:\/\/calerodiving.com\/es\/?page_id=24449\">Instructor de aguas abiertas<\/a><\/li>\n<li><a href=\"https:\/\/calerodiving.com\/assistant-instructor-trainer\/\">Formador de instructores asistentes<\/a><\/li>\n<\/ul>\n<\/div>\t\t\t\t\t\t\t\t<\/div>\n\t\t\t\t<\/div>\n\t\t\t\t<\/div>\n\t\t\t\t<\/div>\n\t\t<div class=\"elementor-element elementor-element-5334a1f e-con-full e-flex e-con e-child\" data-id=\"5334a1f\" data-element_type=\"container\" data-e-type=\"container\">\n\t\t<div class=\"elementor-element elementor-element-74c7b50 e-con-full course-sidebar-box e-flex e-con e-child\" data-id=\"74c7b50\" data-element_type=\"container\" data-e-type=\"container\" data-settings=\"{&quot;sticky&quot;:&quot;top&quot;,&quot;sticky_offset&quot;:110,&quot;sticky_effects_offset&quot;:130,&quot;sticky_parent&quot;:&quot;yes&quot;,&quot;sticky_on&quot;:[&quot;desktop&quot;,&quot;tablet&quot;,&quot;mobile&quot;],&quot;sticky_anchor_link_offset&quot;:0}\">\n\t\t\t\t<div class=\"elementor-element elementor-element-032c544 elementor-widget elementor-widget-text-editor\" data-id=\"032c544\" data-element_type=\"widget\" data-e-type=\"widget\" data-widget_type=\"text-editor.default\">\n\t\t\t\t<div class=\"elementor-widget-container\">\n\t\t\t\t\t\t\t\t\t<div class=\"courses-info\"><h6 class=\"no-margin\">Duraci\u00f3n:<\/h6><p class=\"no-margin\">3 d\u00edas<\/p><\/div><div class=\"courses-info\"><h6 class=\"no-margin\">Precio:<\/h6><p class=\"no-margin\">Desde 990 \u20ac<\/p><\/div>\t\t\t\t\t\t\t\t<\/div>\n\t\t\t\t<\/div>\n\t\t\t\t<div class=\"elementor-element elementor-element-8374efe elementor-mobile-align-center elementor-widget elementor-widget-button\" data-id=\"8374efe\" data-element_type=\"widget\" data-e-type=\"widget\" data-widget_type=\"button.default\">\n\t\t\t\t<div class=\"elementor-widget-container\">\n\t\t\t\t\t\t\t\t\t<div class=\"elementor-button-wrapper\">\n\t\t\t\t\t<a class=\"elementor-button elementor-size-sm\" role=\"button\">\n\t\t\t\t\t\t<span class=\"elementor-button-content-wrapper\">\n\t\t\t\t\t\t\t\t\t<span class=\"elementor-button-text\">Contacto<\/span>\n\t\t\t\t\t<\/span>\n\t\t\t\t\t<\/a>\n\t\t\t\t<\/div>\n\t\t\t\t\t\t\t\t<\/div>\n\t\t\t\t<\/div>\n\t\t\t\t<\/div>\n\t\t\t\t<\/div>\n\t\t\t\t\t<\/div>\n\t\t\t\t<\/div>\n\t\t\t\t<\/div>\n\t\t","protected":false},"excerpt":{"rendered":"<p>Profesional Crossover de profesional de buceo P\u00e1sate a SSI, la agencia de formaci\u00f3n l\u00edder mundial Descripci\u00f3n general del programa: El buceo es conocido por ser una de las profesiones con menos desempleo, adem\u00e1s de permitirte trabajar en casi cualquier lugar del mundo. \u00bfYa eres un profesional del buceo y est\u00e1s pensando en cambiar de agencia? [&hellip;]<\/p>\n","protected":false},"author":10,"featured_media":0,"parent":0,"menu_order":0,"comment_status":"closed","ping_status":"closed","template":"","meta":{"_acf_changed":false,"footnotes":""},"class_list":["post-24513","page","type-page","status-publish","hentry"],"acf":[],"yoast_head":"<!-- This site is optimized with the Yoast SEO plugin v27.5 - https:\/\/yoast.com\/product\/yoast-seo-wordpress\/ -->\n<title>Crossover de profesional de buceo | Calero Diving Lanzarote<\/title>\n<meta name=\"robots\" content=\"index, follow, max-snippet:-1, max-image-preview:large, max-video-preview:-1\" \/>\n<link rel=\"canonical\" href=\"https:\/\/calerodiving.com\/es\/?page_id=24513\" \/>\n<meta property=\"og:locale\" content=\"es_ES\" \/>\n<meta property=\"og:type\" content=\"article\" \/>\n<meta property=\"og:title\" content=\"Crossover de profesional de buceo | Calero Diving Lanzarote\" \/>\n<meta property=\"og:description\" content=\"Profesional Crossover de profesional de buceo P\u00e1sate a SSI, la agencia de formaci\u00f3n l\u00edder mundial Descripci\u00f3n general del programa: El buceo es conocido por ser una de las profesiones con menos desempleo, adem\u00e1s de permitirte trabajar en casi cualquier lugar del mundo. \u00bfYa eres un profesional del buceo y est\u00e1s pensando en cambiar de agencia? [&hellip;]\" \/>\n<meta property=\"og:url\" content=\"https:\/\/calerodiving.com\/es\/?page_id=24513\" \/>\n<meta property=\"og:site_name\" content=\"Calero Diving Lanzarote\" \/>\n<meta property=\"article:publisher\" content=\"https:\/\/www.facebook.com\/calerodiving\/\" \/>\n<meta property=\"article:modified_time\" content=\"2025-08-27T07:47:22+00:00\" \/>\n<meta property=\"og:image\" content=\"https:\/\/calerodiving.com\/wp-content\/uploads\/2025\/07\/Dive-Professional-Crossover-course.webp\" \/>\n<meta name=\"twitter:card\" content=\"summary_large_image\" \/>\n<meta name=\"twitter:label1\" content=\"Tiempo de lectura\" \/>\n\t<meta name=\"twitter:data1\" content=\"2 minutos\" \/>\n<script type=\"application\/ld+json\" class=\"yoast-schema-graph\">{\"@context\":\"https:\\\/\\\/schema.org\",\"@graph\":[{\"@type\":\"WebPage\",\"@id\":\"https:\\\/\\\/calerodiving.com\\\/es\\\/?page_id=24513\",\"url\":\"https:\\\/\\\/calerodiving.com\\\/es\\\/?page_id=24513\",\"name\":\"Crossover de profesional de buceo | Calero Diving Lanzarote\",\"isPartOf\":{\"@id\":\"https:\\\/\\\/calerodiving.com\\\/#website\"},\"primaryImageOfPage\":{\"@id\":\"https:\\\/\\\/calerodiving.com\\\/es\\\/?page_id=24513#primaryimage\"},\"image\":{\"@id\":\"https:\\\/\\\/calerodiving.com\\\/es\\\/?page_id=24513#primaryimage\"},\"thumbnailUrl\":\"https:\\\/\\\/calerodiving.com\\\/wp-content\\\/uploads\\\/2025\\\/07\\\/Dive-Professional-Crossover-course.webp\",\"datePublished\":\"2025-08-27T07:47:13+00:00\",\"dateModified\":\"2025-08-27T07:47:22+00:00\",\"breadcrumb\":{\"@id\":\"https:\\\/\\\/calerodiving.com\\\/es\\\/?page_id=24513#breadcrumb\"},\"inLanguage\":\"es\",\"potentialAction\":[{\"@type\":\"ReadAction\",\"target\":[\"https:\\\/\\\/calerodiving.com\\\/es\\\/?page_id=24513\"]}]},{\"@type\":\"ImageObject\",\"inLanguage\":\"es\",\"@id\":\"https:\\\/\\\/calerodiving.com\\\/es\\\/?page_id=24513#primaryimage\",\"url\":\"https:\\\/\\\/calerodiving.com\\\/wp-content\\\/uploads\\\/2025\\\/07\\\/Dive-Professional-Crossover-course.webp\",\"contentUrl\":\"https:\\\/\\\/calerodiving.com\\\/wp-content\\\/uploads\\\/2025\\\/07\\\/Dive-Professional-Crossover-course.webp\"},{\"@type\":\"BreadcrumbList\",\"@id\":\"https:\\\/\\\/calerodiving.com\\\/es\\\/?page_id=24513#breadcrumb\",\"itemListElement\":[{\"@type\":\"ListItem\",\"position\":1,\"name\":\"Home\",\"item\":\"https:\\\/\\\/calerodiving.com\\\/es\\\/\"},{\"@type\":\"ListItem\",\"position\":2,\"name\":\"Crossover de profesional de buceo\"}]},{\"@type\":\"WebSite\",\"@id\":\"https:\\\/\\\/calerodiving.com\\\/#website\",\"url\":\"https:\\\/\\\/calerodiving.com\\\/\",\"name\":\"Calero Diving Lanzarote\",\"description\":\"Diving Center Lanzarote\",\"publisher\":{\"@id\":\"https:\\\/\\\/calerodiving.com\\\/#organization\"},\"alternateName\":\"Calero Diving\",\"potentialAction\":[{\"@type\":\"SearchAction\",\"target\":{\"@type\":\"EntryPoint\",\"urlTemplate\":\"https:\\\/\\\/calerodiving.com\\\/?s={search_term_string}\"},\"query-input\":{\"@type\":\"PropertyValueSpecification\",\"valueRequired\":true,\"valueName\":\"search_term_string\"}}],\"inLanguage\":\"es\"},{\"@type\":\"Organization\",\"@id\":\"https:\\\/\\\/calerodiving.com\\\/#organization\",\"name\":\"Calero Diving Lanzarote\",\"alternateName\":\"Calero Diving\",\"url\":\"https:\\\/\\\/calerodiving.com\\\/\",\"logo\":{\"@type\":\"ImageObject\",\"inLanguage\":\"es\",\"@id\":\"https:\\\/\\\/calerodiving.com\\\/#\\\/schema\\\/logo\\\/image\\\/\",\"url\":\"https:\\\/\\\/calerodiving.com\\\/wp-content\\\/uploads\\\/2025\\\/05\\\/Grupo.png\",\"contentUrl\":\"https:\\\/\\\/calerodiving.com\\\/wp-content\\\/uploads\\\/2025\\\/05\\\/Grupo.png\",\"width\":499,\"height\":590,\"caption\":\"Calero Diving Lanzarote\"},\"image\":{\"@id\":\"https:\\\/\\\/calerodiving.com\\\/#\\\/schema\\\/logo\\\/image\\\/\"},\"sameAs\":[\"https:\\\/\\\/www.facebook.com\\\/calerodiving\\\/\",\"https:\\\/\\\/www.instagram.com\\\/calerodiving\\\/\"]}]}<\/script>\n<!-- \/ Yoast SEO plugin. -->","yoast_head_json":{"title":"Crossover de profesional de buceo | Calero Diving Lanzarote","robots":{"index":"index","follow":"follow","max-snippet":"max-snippet:-1","max-image-preview":"max-image-preview:large","max-video-preview":"max-video-preview:-1"},"canonical":"https:\/\/calerodiving.com\/es\/?page_id=24513","og_locale":"es_ES","og_type":"article","og_title":"Crossover de profesional de buceo | Calero Diving Lanzarote","og_description":"Profesional Crossover de profesional de buceo P\u00e1sate a SSI, la agencia de formaci\u00f3n l\u00edder mundial Descripci\u00f3n general del programa: El buceo es conocido por ser una de las profesiones con menos desempleo, adem\u00e1s de permitirte trabajar en casi cualquier lugar del mundo. \u00bfYa eres un profesional del buceo y est\u00e1s pensando en cambiar de agencia? [&hellip;]","og_url":"https:\/\/calerodiving.com\/es\/?page_id=24513","og_site_name":"Calero Diving Lanzarote","article_publisher":"https:\/\/www.facebook.com\/calerodiving\/","article_modified_time":"2025-08-27T07:47:22+00:00","og_image":[{"url":"https:\/\/calerodiving.com\/wp-content\/uploads\/2025\/07\/Dive-Professional-Crossover-course.webp","type":"","width":"","height":""}],"twitter_card":"summary_large_image","twitter_misc":{"Tiempo de lectura":"2 minutos"},"schema":{"@context":"https:\/\/schema.org","@graph":[{"@type":"WebPage","@id":"https:\/\/calerodiving.com\/es\/?page_id=24513","url":"https:\/\/calerodiving.com\/es\/?page_id=24513","name":"Crossover de profesional de buceo | Calero Diving Lanzarote","isPartOf":{"@id":"https:\/\/calerodiving.com\/#website"},"primaryImageOfPage":{"@id":"https:\/\/calerodiving.com\/es\/?page_id=24513#primaryimage"},"image":{"@id":"https:\/\/calerodiving.com\/es\/?page_id=24513#primaryimage"},"thumbnailUrl":"https:\/\/calerodiving.com\/wp-content\/uploads\/2025\/07\/Dive-Professional-Crossover-course.webp","datePublished":"2025-08-27T07:47:13+00:00","dateModified":"2025-08-27T07:47:22+00:00","breadcrumb":{"@id":"https:\/\/calerodiving.com\/es\/?page_id=24513#breadcrumb"},"inLanguage":"es","potentialAction":[{"@type":"ReadAction","target":["https:\/\/calerodiving.com\/es\/?page_id=24513"]}]},{"@type":"ImageObject","inLanguage":"es","@id":"https:\/\/calerodiving.com\/es\/?page_id=24513#primaryimage","url":"https:\/\/calerodiving.com\/wp-content\/uploads\/2025\/07\/Dive-Professional-Crossover-course.webp","contentUrl":"https:\/\/calerodiving.com\/wp-content\/uploads\/2025\/07\/Dive-Professional-Crossover-course.webp"},{"@type":"BreadcrumbList","@id":"https:\/\/calerodiving.com\/es\/?page_id=24513#breadcrumb","itemListElement":[{"@type":"ListItem","position":1,"name":"Home","item":"https:\/\/calerodiving.com\/es\/"},{"@type":"ListItem","position":2,"name":"Crossover de profesional de buceo"}]},{"@type":"WebSite","@id":"https:\/\/calerodiving.com\/#website","url":"https:\/\/calerodiving.com\/","name":"Calero Diving Lanzarote","description":"Diving Center Lanzarote","publisher":{"@id":"https:\/\/calerodiving.com\/#organization"},"alternateName":"Calero Diving","potentialAction":[{"@type":"SearchAction","target":{"@type":"EntryPoint","urlTemplate":"https:\/\/calerodiving.com\/?s={search_term_string}"},"query-input":{"@type":"PropertyValueSpecification","valueRequired":true,"valueName":"search_term_string"}}],"inLanguage":"es"},{"@type":"Organization","@id":"https:\/\/calerodiving.com\/#organization","name":"Calero Diving Lanzarote","alternateName":"Calero Diving","url":"https:\/\/calerodiving.com\/","logo":{"@type":"ImageObject","inLanguage":"es","@id":"https:\/\/calerodiving.com\/#\/schema\/logo\/image\/","url":"https:\/\/calerodiving.com\/wp-content\/uploads\/2025\/05\/Grupo.png","contentUrl":"https:\/\/calerodiving.com\/wp-content\/uploads\/2025\/05\/Grupo.png","width":499,"height":590,"caption":"Calero Diving Lanzarote"},"image":{"@id":"https:\/\/calerodiving.com\/#\/schema\/logo\/image\/"},"sameAs":["https:\/\/www.facebook.com\/calerodiving\/","https:\/\/www.instagram.com\/calerodiving\/"]}]}},"_links":{"self":[{"href":"https:\/\/calerodiving.com\/es\/wp-json\/wp\/v2\/pages\/24513","targetHints":{"allow":["GET"]}}],"collection":[{"href":"https:\/\/calerodiving.com\/es\/wp-json\/wp\/v2\/pages"}],"about":[{"href":"https:\/\/calerodiving.com\/es\/wp-json\/wp\/v2\/types\/page"}],"author":[{"embeddable":true,"href":"https:\/\/calerodiving.com\/es\/wp-json\/wp\/v2\/users\/10"}],"replies":[{"embeddable":true,"href":"https:\/\/calerodiving.com\/es\/wp-json\/wp\/v2\/comments?post=24513"}],"version-history":[{"count":2,"href":"https:\/\/calerodiving.com\/es\/wp-json\/wp\/v2\/pages\/24513\/revisions"}],"predecessor-version":[{"id":24517,"href":"https:\/\/calerodiving.com\/es\/wp-json\/wp\/v2\/pages\/24513\/revisions\/24517"}],"wp:attachment":[{"href":"https:\/\/calerodiving.com\/es\/wp-json\/wp\/v2\/media?parent=24513"}],"curies":[{"name":"wp","href":"https:\/\/api.w.org\/{rel}","templated":true}]}}