{"id":24452,"date":"2025-08-27T08:46:00","date_gmt":"2025-08-27T07:46:00","guid":{"rendered":"https:\/\/calerodiving.com\/aire-enriquecido-nitrox\/"},"modified":"2026-04-20T11:17:14","modified_gmt":"2026-04-20T10:17:14","slug":"aire-enriquecido-nitrox","status":"publish","type":"page","link":"https:\/\/calerodiving.com\/es\/aire-enriquecido-nitrox\/","title":{"rendered":"Aire enriquecido nitrox"},"content":{"rendered":"\t\t<div data-elementor-type=\"wp-page\" data-elementor-id=\"24452\" class=\"elementor elementor-24452 elementor-21562\" data-elementor-post-type=\"page\">\n\t\t\t\t<div class=\"elementor-element elementor-element-df5c99d e-flex e-con-boxed e-con e-parent\" data-id=\"df5c99d\" data-element_type=\"container\" data-e-type=\"container\">\n\t\t\t\t\t<div class=\"e-con-inner\">\n\t\t<div class=\"elementor-element elementor-element-7450c3c e-con-full e-flex e-con e-child\" data-id=\"7450c3c\" data-element_type=\"container\" data-e-type=\"container\">\n\t\t\t\t<div class=\"elementor-element elementor-element-ae25540 elementor-widget elementor-widget-image\" data-id=\"ae25540\" data-element_type=\"widget\" data-e-type=\"widget\" data-widget_type=\"image.default\">\n\t\t\t\t<div class=\"elementor-widget-container\">\n\t\t\t\t\t\t\t\t\t\t\t\t\t\t\t<img fetchpriority=\"high\" decoding=\"async\" width=\"350\" height=\"222\" src=\"https:\/\/calerodiving.com\/wp-content\/uploads\/2017\/09\/enriches-air-nitrox.jpg\" class=\"attachment-large size-large wp-image-984\" alt=\"\" srcset=\"https:\/\/calerodiving.com\/wp-content\/uploads\/2017\/09\/enriches-air-nitrox.jpg 350w, https:\/\/calerodiving.com\/wp-content\/uploads\/2017\/09\/enriches-air-nitrox-300x190.jpg 300w\" sizes=\"(max-width: 350px) 100vw, 350px\" \/>\t\t\t\t\t\t\t\t\t\t\t\t\t\t\t<\/div>\n\t\t\t\t<\/div>\n\t\t\t\t<\/div>\n\t\t<div class=\"elementor-element elementor-element-9088689 e-con-full e-flex e-con e-child\" data-id=\"9088689\" data-element_type=\"container\" data-e-type=\"container\">\n\t\t<div class=\"elementor-element elementor-element-020d9c7 e-con-full e-flex e-con e-child\" data-id=\"020d9c7\" data-element_type=\"container\" data-e-type=\"container\">\n\t\t\t\t<div class=\"elementor-element elementor-element-7e1fcb5 elementor-widget elementor-widget-html\" data-id=\"7e1fcb5\" data-element_type=\"widget\" data-e-type=\"widget\" data-widget_type=\"html.default\">\n\t\t\t\t<div class=\"elementor-widget-container\">\n\t\t\t\t\t<a href=\"https:\/\/calerodiving.com\/es\/?page_id=24212#specialties\" class=\"tag-button\">Especialidades<\/a>\n\t\t\t\t<\/div>\n\t\t\t\t<\/div>\n\t\t\t\t<div class=\"elementor-element elementor-element-69faadb elementor-widget elementor-widget-heading\" data-id=\"69faadb\" data-element_type=\"widget\" data-e-type=\"widget\" data-widget_type=\"heading.default\">\n\t\t\t\t<div class=\"elementor-widget-container\">\n\t\t\t\t\t<h2 class=\"elementor-heading-title elementor-size-default\">Aire enriquecido nitrox<\/h2>\t\t\t\t<\/div>\n\t\t\t\t<\/div>\n\t\t\t\t<\/div>\n\t\t\t\t<\/div>\n\t\t\t\t\t<\/div>\n\t\t\t\t<\/div>\n\t\t<div class=\"elementor-element elementor-element-c3ec583 e-flex e-con-boxed e-con e-parent\" data-id=\"c3ec583\" data-element_type=\"container\" data-e-type=\"container\">\n\t\t\t\t\t<div class=\"e-con-inner\">\n\t\t<div class=\"elementor-element elementor-element-237b00a e-con-full e-flex e-con e-child\" data-id=\"237b00a\" data-element_type=\"container\" data-e-type=\"container\">\n\t\t<div class=\"elementor-element elementor-element-4dc9c55 e-con-full e-flex e-con e-child\" data-id=\"4dc9c55\" data-element_type=\"container\" data-e-type=\"container\">\n\t\t\t\t<div class=\"elementor-element elementor-element-5585007 elementor-widget elementor-widget-heading\" data-id=\"5585007\" data-element_type=\"widget\" data-e-type=\"widget\" data-widget_type=\"heading.default\">\n\t\t\t\t<div class=\"elementor-widget-container\">\n\t\t\t\t\t<h2 class=\"elementor-heading-title elementor-size-default\">Inmersiones m\u00e1s seguras, largas y frecuentes.<\/h2>\t\t\t\t<\/div>\n\t\t\t\t<\/div>\n\t\t\t\t<div class=\"elementor-element elementor-element-c97a71a elementor-widget elementor-widget-text-editor\" data-id=\"c97a71a\" data-element_type=\"widget\" data-e-type=\"widget\" data-widget_type=\"text-editor.default\">\n\t\t\t\t<div class=\"elementor-widget-container\">\n\t\t\t\t\t\t\t\t\t<div class=\"section-list\"><h3>Resumen del programa:<\/h3><p>Enriched Air Nitrox es una de las especialidades m\u00e1s pr\u00e1cticas y utilizadas en el buceo recreativo. Al aprender a usar correctamente un gas respirable enriquecido con ox\u00edgeno, podr\u00e1s tomar decisiones m\u00e1s informadas en la planificaci\u00f3n de tus inmersiones y sacar m\u00e1s partido a muchas de ellas.<br \/><br \/><\/p><p>Nitrox es especialmente \u00fatil para inmersiones repetitivas, viajes de buceo y para buceadores que quieren mejorar la eficiencia y el criterio en su planificaci\u00f3n. No se trata solo de permanecer m\u00e1s tiempo bajo el agua, sino de comprender mejor tu gas, tus l\u00edmites y c\u00f3mo bucear de forma m\u00e1s inteligente.<br \/><br \/><\/p><p>Durante el curso aprender\u00e1s los principios clave del Enriched Air Nitrox, incluyendo exposici\u00f3n al ox\u00edgeno, l\u00edmites de profundidad, an\u00e1lisis del gas y c\u00f3mo planificar inmersiones con Nitrox de forma segura y correcta.<br \/><br \/><\/p><p>Es una de las especialidades m\u00e1s inteligentes que puedes a\u00f1adir pronto en tu trayectoria como buceador, porque sus conocimientos se aplican a muchos otros cursos y a una amplia variedad de inmersiones recreativas.<\/p><h3>Est\u00e1ndares de formaci\u00f3n<\/h3><ul><li>Duraci\u00f3n: 1 d\u00eda<\/li><li>Incluye: materiales digitales, formaci\u00f3n en an\u00e1lisis de gases y certificaci\u00f3n SSI Enriched Air Nitrox<\/li><\/ul><h3>Requisitos<\/h3><ul><li>Edad m\u00ednima seg\u00fan los est\u00e1ndares SSI y certificaci\u00f3n SSI Open Water Diver o equivalente<\/li><\/ul><h3>No incluido<\/h3><ul><li>Alquiler del equipo y seguro de buceo<\/li><\/ul><h3>Otros cursos que podr\u00edan interesarte<\/h3><ul><li>Deep Diving<\/li><li>Night and Limited Visibility<\/li><li>Scooter \/ DPV Diving<\/li><\/ul><\/div>\t\t\t\t\t\t\t\t<\/div>\n\t\t\t\t<\/div>\n\t\t\t\t<\/div>\n\t\t\t\t<\/div>\n\t\t<div class=\"elementor-element elementor-element-49a21da e-con-full e-flex e-con e-child\" data-id=\"49a21da\" data-element_type=\"container\" data-e-type=\"container\">\n\t\t<div class=\"elementor-element elementor-element-f377e8e e-con-full course-sidebar-box e-flex e-con e-child\" data-id=\"f377e8e\" data-element_type=\"container\" data-e-type=\"container\" data-settings=\"{&quot;sticky&quot;:&quot;top&quot;,&quot;sticky_offset&quot;:110,&quot;sticky_effects_offset&quot;:130,&quot;sticky_parent&quot;:&quot;yes&quot;,&quot;sticky_on&quot;:[&quot;desktop&quot;,&quot;tablet&quot;,&quot;mobile&quot;],&quot;sticky_anchor_link_offset&quot;:0}\">\n\t\t\t\t<div class=\"elementor-element elementor-element-1596f55 elementor-widget elementor-widget-text-editor\" data-id=\"1596f55\" data-element_type=\"widget\" data-e-type=\"widget\" data-widget_type=\"text-editor.default\">\n\t\t\t\t<div class=\"elementor-widget-container\">\n\t\t\t\t\t\t\t\t\t<div class=\"courses-info\"><h6 class=\"no-margin\">Duraci\u00f3n:<\/h6><p class=\"no-margin\">1 d\u00eda<\/p><\/div><div class=\"courses-info\"><h6 class=\"no-margin\">Precio:<\/h6><p class=\"no-margin\">Desde 150 \u20ac<\/p><\/div>\t\t\t\t\t\t\t\t<\/div>\n\t\t\t\t<\/div>\n\t\t\t\t<div class=\"elementor-element elementor-element-be3f9ab elementor-mobile-align-center elementor-widget elementor-widget-button\" data-id=\"be3f9ab\" data-element_type=\"widget\" data-e-type=\"widget\" data-widget_type=\"button.default\">\n\t\t\t\t<div class=\"elementor-widget-container\">\n\t\t\t\t\t\t\t\t\t<div class=\"elementor-button-wrapper\">\n\t\t\t\t\t<a class=\"elementor-button elementor-button-link elementor-size-sm\" href=\"https:\/\/app.bukyapp.com\/front\/6213b2319a1bbf005fa0b870\/product\/622226b24db01a005f511a1c?lang=en\" target=\"_blank\">\n\t\t\t\t\t\t<span class=\"elementor-button-content-wrapper\">\n\t\t\t\t\t\t\t\t\t<span class=\"elementor-button-text\">Reservar curso<\/span>\n\t\t\t\t\t<\/span>\n\t\t\t\t\t<\/a>\n\t\t\t\t<\/div>\n\t\t\t\t\t\t\t\t<\/div>\n\t\t\t\t<\/div>\n\t\t\t\t<\/div>\n\t\t\t\t<\/div>\n\t\t\t\t\t<\/div>\n\t\t\t\t<\/div>\n\t\t\t\t<\/div>\n\t\t","protected":false},"excerpt":{"rendered":"<p>Especialidades Aire enriquecido nitrox Inmersiones m\u00e1s seguras, largas y frecuentes. Resumen del programa: Enriched Air Nitrox es una de las especialidades m\u00e1s pr\u00e1cticas y utilizadas en el buceo recreativo. Al aprender a usar correctamente un gas respirable enriquecido con ox\u00edgeno, podr\u00e1s tomar decisiones m\u00e1s informadas en la planificaci\u00f3n de tus inmersiones y sacar m\u00e1s partido [&hellip;]<\/p>\n","protected":false},"author":10,"featured_media":0,"parent":0,"menu_order":0,"comment_status":"closed","ping_status":"closed","template":"","meta":{"_acf_changed":false,"footnotes":""},"class_list":["post-24452","page","type-page","status-publish","hentry"],"acf":[],"yoast_head":"<!-- This site is optimized with the Yoast SEO plugin v27.5 - https:\/\/yoast.com\/product\/yoast-seo-wordpress\/ -->\n<title>Aire enriquecido nitrox | Calero Diving Lanzarote<\/title>\n<meta name=\"robots\" content=\"index, follow, max-snippet:-1, max-image-preview:large, max-video-preview:-1\" \/>\n<link rel=\"canonical\" href=\"https:\/\/calerodiving.com\/enriched-air-nitrox\/\" \/>\n<meta property=\"og:locale\" content=\"es_ES\" \/>\n<meta property=\"og:type\" content=\"article\" \/>\n<meta property=\"og:title\" content=\"Aire enriquecido nitrox | Calero Diving Lanzarote\" \/>\n<meta property=\"og:description\" content=\"Especialidades Aire enriquecido nitrox Inmersiones m\u00e1s seguras, largas y frecuentes. Resumen del programa: Enriched Air Nitrox es una de las especialidades m\u00e1s pr\u00e1cticas y utilizadas en el buceo recreativo. Al aprender a usar correctamente un gas respirable enriquecido con ox\u00edgeno, podr\u00e1s tomar decisiones m\u00e1s informadas en la planificaci\u00f3n de tus inmersiones y sacar m\u00e1s partido [&hellip;]\" \/>\n<meta property=\"og:url\" content=\"https:\/\/calerodiving.com\/enriched-air-nitrox\/\" \/>\n<meta property=\"og:site_name\" content=\"Calero Diving Lanzarote\" \/>\n<meta property=\"article:publisher\" content=\"https:\/\/www.facebook.com\/calerodiving\/\" \/>\n<meta property=\"article:modified_time\" content=\"2026-04-20T10:17:14+00:00\" \/>\n<meta property=\"og:image\" content=\"https:\/\/calerodiving.com\/wp-content\/uploads\/2017\/09\/enriches-air-nitrox.jpg\" \/>\n\t<meta property=\"og:image:width\" content=\"350\" \/>\n\t<meta property=\"og:image:height\" content=\"222\" \/>\n\t<meta property=\"og:image:type\" content=\"image\/jpeg\" \/>\n<meta name=\"twitter:card\" content=\"summary_large_image\" \/>\n<meta name=\"twitter:label1\" content=\"Tiempo de lectura\" \/>\n\t<meta name=\"twitter:data1\" content=\"2 minutos\" \/>\n<script type=\"application\/ld+json\" class=\"yoast-schema-graph\">{\"@context\":\"https:\\\/\\\/schema.org\",\"@graph\":[{\"@type\":\"WebPage\",\"@id\":\"https:\\\/\\\/calerodiving.com\\\/enriched-air-nitrox\\\/\",\"url\":\"https:\\\/\\\/calerodiving.com\\\/enriched-air-nitrox\\\/\",\"name\":\"Aire enriquecido nitrox | Calero Diving Lanzarote\",\"isPartOf\":{\"@id\":\"https:\\\/\\\/calerodiving.com\\\/#website\"},\"primaryImageOfPage\":{\"@id\":\"https:\\\/\\\/calerodiving.com\\\/enriched-air-nitrox\\\/#primaryimage\"},\"image\":{\"@id\":\"https:\\\/\\\/calerodiving.com\\\/enriched-air-nitrox\\\/#primaryimage\"},\"thumbnailUrl\":\"https:\\\/\\\/calerodiving.com\\\/wp-content\\\/uploads\\\/2017\\\/09\\\/enriches-air-nitrox.jpg\",\"datePublished\":\"2025-08-27T07:46:00+00:00\",\"dateModified\":\"2026-04-20T10:17:14+00:00\",\"breadcrumb\":{\"@id\":\"https:\\\/\\\/calerodiving.com\\\/enriched-air-nitrox\\\/#breadcrumb\"},\"inLanguage\":\"es\",\"potentialAction\":[{\"@type\":\"ReadAction\",\"target\":[\"https:\\\/\\\/calerodiving.com\\\/enriched-air-nitrox\\\/\"]}]},{\"@type\":\"ImageObject\",\"inLanguage\":\"es\",\"@id\":\"https:\\\/\\\/calerodiving.com\\\/enriched-air-nitrox\\\/#primaryimage\",\"url\":\"https:\\\/\\\/calerodiving.com\\\/wp-content\\\/uploads\\\/2017\\\/09\\\/enriches-air-nitrox.jpg\",\"contentUrl\":\"https:\\\/\\\/calerodiving.com\\\/wp-content\\\/uploads\\\/2017\\\/09\\\/enriches-air-nitrox.jpg\"},{\"@type\":\"BreadcrumbList\",\"@id\":\"https:\\\/\\\/calerodiving.com\\\/enriched-air-nitrox\\\/#breadcrumb\",\"itemListElement\":[{\"@type\":\"ListItem\",\"position\":1,\"name\":\"Home\",\"item\":\"https:\\\/\\\/calerodiving.com\\\/es\\\/\"},{\"@type\":\"ListItem\",\"position\":2,\"name\":\"Aire enriquecido nitrox\"}]},{\"@type\":\"WebSite\",\"@id\":\"https:\\\/\\\/calerodiving.com\\\/#website\",\"url\":\"https:\\\/\\\/calerodiving.com\\\/\",\"name\":\"Calero Diving Lanzarote\",\"description\":\"Diving Center Lanzarote\",\"publisher\":{\"@id\":\"https:\\\/\\\/calerodiving.com\\\/#organization\"},\"alternateName\":\"Calero Diving\",\"potentialAction\":[{\"@type\":\"SearchAction\",\"target\":{\"@type\":\"EntryPoint\",\"urlTemplate\":\"https:\\\/\\\/calerodiving.com\\\/?s={search_term_string}\"},\"query-input\":{\"@type\":\"PropertyValueSpecification\",\"valueRequired\":true,\"valueName\":\"search_term_string\"}}],\"inLanguage\":\"es\"},{\"@type\":\"Organization\",\"@id\":\"https:\\\/\\\/calerodiving.com\\\/#organization\",\"name\":\"Calero Diving Lanzarote\",\"alternateName\":\"Calero Diving\",\"url\":\"https:\\\/\\\/calerodiving.com\\\/\",\"logo\":{\"@type\":\"ImageObject\",\"inLanguage\":\"es\",\"@id\":\"https:\\\/\\\/calerodiving.com\\\/#\\\/schema\\\/logo\\\/image\\\/\",\"url\":\"https:\\\/\\\/calerodiving.com\\\/wp-content\\\/uploads\\\/2025\\\/05\\\/Grupo.png\",\"contentUrl\":\"https:\\\/\\\/calerodiving.com\\\/wp-content\\\/uploads\\\/2025\\\/05\\\/Grupo.png\",\"width\":499,\"height\":590,\"caption\":\"Calero Diving Lanzarote\"},\"image\":{\"@id\":\"https:\\\/\\\/calerodiving.com\\\/#\\\/schema\\\/logo\\\/image\\\/\"},\"sameAs\":[\"https:\\\/\\\/www.facebook.com\\\/calerodiving\\\/\",\"https:\\\/\\\/www.instagram.com\\\/calerodiving\\\/\"]}]}<\/script>\n<!-- \/ Yoast SEO plugin. -->","yoast_head_json":{"title":"Aire enriquecido nitrox | Calero Diving Lanzarote","robots":{"index":"index","follow":"follow","max-snippet":"max-snippet:-1","max-image-preview":"max-image-preview:large","max-video-preview":"max-video-preview:-1"},"canonical":"https:\/\/calerodiving.com\/enriched-air-nitrox\/","og_locale":"es_ES","og_type":"article","og_title":"Aire enriquecido nitrox | Calero Diving Lanzarote","og_description":"Especialidades Aire enriquecido nitrox Inmersiones m\u00e1s seguras, largas y frecuentes. Resumen del programa: Enriched Air Nitrox es una de las especialidades m\u00e1s pr\u00e1cticas y utilizadas en el buceo recreativo. Al aprender a usar correctamente un gas respirable enriquecido con ox\u00edgeno, podr\u00e1s tomar decisiones m\u00e1s informadas en la planificaci\u00f3n de tus inmersiones y sacar m\u00e1s partido [&hellip;]","og_url":"https:\/\/calerodiving.com\/enriched-air-nitrox\/","og_site_name":"Calero Diving Lanzarote","article_publisher":"https:\/\/www.facebook.com\/calerodiving\/","article_modified_time":"2026-04-20T10:17:14+00:00","og_image":[{"width":350,"height":222,"url":"https:\/\/calerodiving.com\/wp-content\/uploads\/2017\/09\/enriches-air-nitrox.jpg","type":"image\/jpeg"}],"twitter_card":"summary_large_image","twitter_misc":{"Tiempo de lectura":"2 minutos"},"schema":{"@context":"https:\/\/schema.org","@graph":[{"@type":"WebPage","@id":"https:\/\/calerodiving.com\/enriched-air-nitrox\/","url":"https:\/\/calerodiving.com\/enriched-air-nitrox\/","name":"Aire enriquecido nitrox | Calero Diving Lanzarote","isPartOf":{"@id":"https:\/\/calerodiving.com\/#website"},"primaryImageOfPage":{"@id":"https:\/\/calerodiving.com\/enriched-air-nitrox\/#primaryimage"},"image":{"@id":"https:\/\/calerodiving.com\/enriched-air-nitrox\/#primaryimage"},"thumbnailUrl":"https:\/\/calerodiving.com\/wp-content\/uploads\/2017\/09\/enriches-air-nitrox.jpg","datePublished":"2025-08-27T07:46:00+00:00","dateModified":"2026-04-20T10:17:14+00:00","breadcrumb":{"@id":"https:\/\/calerodiving.com\/enriched-air-nitrox\/#breadcrumb"},"inLanguage":"es","potentialAction":[{"@type":"ReadAction","target":["https:\/\/calerodiving.com\/enriched-air-nitrox\/"]}]},{"@type":"ImageObject","inLanguage":"es","@id":"https:\/\/calerodiving.com\/enriched-air-nitrox\/#primaryimage","url":"https:\/\/calerodiving.com\/wp-content\/uploads\/2017\/09\/enriches-air-nitrox.jpg","contentUrl":"https:\/\/calerodiving.com\/wp-content\/uploads\/2017\/09\/enriches-air-nitrox.jpg"},{"@type":"BreadcrumbList","@id":"https:\/\/calerodiving.com\/enriched-air-nitrox\/#breadcrumb","itemListElement":[{"@type":"ListItem","position":1,"name":"Home","item":"https:\/\/calerodiving.com\/es\/"},{"@type":"ListItem","position":2,"name":"Aire enriquecido nitrox"}]},{"@type":"WebSite","@id":"https:\/\/calerodiving.com\/#website","url":"https:\/\/calerodiving.com\/","name":"Calero Diving Lanzarote","description":"Diving Center Lanzarote","publisher":{"@id":"https:\/\/calerodiving.com\/#organization"},"alternateName":"Calero Diving","potentialAction":[{"@type":"SearchAction","target":{"@type":"EntryPoint","urlTemplate":"https:\/\/calerodiving.com\/?s={search_term_string}"},"query-input":{"@type":"PropertyValueSpecification","valueRequired":true,"valueName":"search_term_string"}}],"inLanguage":"es"},{"@type":"Organization","@id":"https:\/\/calerodiving.com\/#organization","name":"Calero Diving Lanzarote","alternateName":"Calero Diving","url":"https:\/\/calerodiving.com\/","logo":{"@type":"ImageObject","inLanguage":"es","@id":"https:\/\/calerodiving.com\/#\/schema\/logo\/image\/","url":"https:\/\/calerodiving.com\/wp-content\/uploads\/2025\/05\/Grupo.png","contentUrl":"https:\/\/calerodiving.com\/wp-content\/uploads\/2025\/05\/Grupo.png","width":499,"height":590,"caption":"Calero Diving Lanzarote"},"image":{"@id":"https:\/\/calerodiving.com\/#\/schema\/logo\/image\/"},"sameAs":["https:\/\/www.facebook.com\/calerodiving\/","https:\/\/www.instagram.com\/calerodiving\/"]}]}},"_links":{"self":[{"href":"https:\/\/calerodiving.com\/es\/wp-json\/wp\/v2\/pages\/24452","targetHints":{"allow":["GET"]}}],"collection":[{"href":"https:\/\/calerodiving.com\/es\/wp-json\/wp\/v2\/pages"}],"about":[{"href":"https:\/\/calerodiving.com\/es\/wp-json\/wp\/v2\/types\/page"}],"author":[{"embeddable":true,"href":"https:\/\/calerodiving.com\/es\/wp-json\/wp\/v2\/users\/10"}],"replies":[{"embeddable":true,"href":"https:\/\/calerodiving.com\/es\/wp-json\/wp\/v2\/comments?post=24452"}],"version-history":[{"count":5,"href":"https:\/\/calerodiving.com\/es\/wp-json\/wp\/v2\/pages\/24452\/revisions"}],"predecessor-version":[{"id":28023,"href":"https:\/\/calerodiving.com\/es\/wp-json\/wp\/v2\/pages\/24452\/revisions\/28023"}],"wp:attachment":[{"href":"https:\/\/calerodiving.com\/es\/wp-json\/wp\/v2\/media?parent=24452"}],"curies":[{"name":"wp","href":"https:\/\/api.w.org\/{rel}","templated":true}]}}