{"id":24449,"date":"2025-08-27T08:45:47","date_gmt":"2025-08-27T07:45:47","guid":{"rendered":"https:\/\/calerodiving.com\/instructor-de-aguas-abiertas\/"},"modified":"2025-08-27T08:45:47","modified_gmt":"2025-08-27T07:45:47","slug":"instructor-de-aguas-abiertas","status":"publish","type":"page","link":"https:\/\/calerodiving.com\/es\/instructor-de-aguas-abiertas\/","title":{"rendered":"Instructor de aguas abiertas"},"content":{"rendered":"\t\t<div data-elementor-type=\"wp-page\" data-elementor-id=\"24449\" class=\"elementor elementor-24449 elementor-21647\" data-elementor-post-type=\"page\">\n\t\t\t\t<div class=\"elementor-element elementor-element-7d25b86 e-flex e-con-boxed e-con e-parent\" data-id=\"7d25b86\" data-element_type=\"container\" data-e-type=\"container\">\n\t\t\t\t\t<div class=\"e-con-inner\">\n\t\t<div class=\"elementor-element elementor-element-c7539e1 e-con-full e-flex e-con e-child\" data-id=\"c7539e1\" data-element_type=\"container\" data-e-type=\"container\">\n\t\t\t\t<div class=\"elementor-element elementor-element-f0b0209 elementor-widget elementor-widget-image\" data-id=\"f0b0209\" data-element_type=\"widget\" data-e-type=\"widget\" data-widget_type=\"image.default\">\n\t\t\t\t<div class=\"elementor-widget-container\">\n\t\t\t\t\t\t\t\t\t\t\t\t\t\t\t<img fetchpriority=\"high\" decoding=\"async\" width=\"700\" height=\"445\" src=\"https:\/\/calerodiving.com\/wp-content\/uploads\/2025\/07\/OpenWater-Instructor-course.webp\" class=\"attachment-large size-large wp-image-22337\" alt=\"\" srcset=\"https:\/\/calerodiving.com\/wp-content\/uploads\/2025\/07\/OpenWater-Instructor-course.webp 700w, https:\/\/calerodiving.com\/wp-content\/uploads\/2025\/07\/OpenWater-Instructor-course-300x191.webp 300w\" sizes=\"(max-width: 700px) 100vw, 700px\" \/>\t\t\t\t\t\t\t\t\t\t\t\t\t\t\t<\/div>\n\t\t\t\t<\/div>\n\t\t\t\t<\/div>\n\t\t<div class=\"elementor-element elementor-element-1914ba5 e-con-full e-flex e-con e-child\" data-id=\"1914ba5\" data-element_type=\"container\" data-e-type=\"container\">\n\t\t<div class=\"elementor-element elementor-element-b120bab e-con-full e-flex e-con e-child\" data-id=\"b120bab\" data-element_type=\"container\" data-e-type=\"container\">\n\t\t\t\t<div class=\"elementor-element elementor-element-e2aabe9 elementor-widget elementor-widget-html\" data-id=\"e2aabe9\" data-element_type=\"widget\" data-e-type=\"widget\" data-widget_type=\"html.default\">\n\t\t\t\t<div class=\"elementor-widget-container\">\n\t\t\t\t\t<a href=\"https:\/\/calerodiving.com\/es\/?page_id=24244\" class=\"tag-button\">Profesional<\/a>\n\t\t\t\t<\/div>\n\t\t\t\t<\/div>\n\t\t\t\t<div class=\"elementor-element elementor-element-164a328 elementor-widget elementor-widget-heading\" data-id=\"164a328\" data-element_type=\"widget\" data-e-type=\"widget\" data-widget_type=\"heading.default\">\n\t\t\t\t<div class=\"elementor-widget-container\">\n\t\t\t\t\t<h2 class=\"elementor-heading-title elementor-size-default\">Instructor de aguas abiertas<\/h2>\t\t\t\t<\/div>\n\t\t\t\t<\/div>\n\t\t\t\t<\/div>\n\t\t\t\t<\/div>\n\t\t\t\t\t<\/div>\n\t\t\t\t<\/div>\n\t\t<div class=\"elementor-element elementor-element-21a1a67 e-flex e-con-boxed e-con e-parent\" data-id=\"21a1a67\" data-element_type=\"container\" data-e-type=\"container\">\n\t\t\t\t\t<div class=\"e-con-inner\">\n\t\t<div class=\"elementor-element elementor-element-e02fd79 e-con-full e-flex e-con e-child\" data-id=\"e02fd79\" data-element_type=\"container\" data-e-type=\"container\">\n\t\t<div class=\"elementor-element elementor-element-3e7291f e-con-full e-flex e-con e-child\" data-id=\"3e7291f\" data-element_type=\"container\" data-e-type=\"container\">\n\t\t\t\t<div class=\"elementor-element elementor-element-ca28922 elementor-widget elementor-widget-heading\" data-id=\"ca28922\" data-element_type=\"widget\" data-e-type=\"widget\" data-widget_type=\"heading.default\">\n\t\t\t\t<div class=\"elementor-widget-container\">\n\t\t\t\t\t<h2 class=\"elementor-heading-title elementor-size-default\">Avanza en tu carrera como instructor y gana experiencia<\/h2>\t\t\t\t<\/div>\n\t\t\t\t<\/div>\n\t\t\t\t<div class=\"elementor-element elementor-element-e72b622 elementor-widget elementor-widget-text-editor\" data-id=\"e72b622\" data-element_type=\"widget\" data-e-type=\"widget\" data-widget_type=\"text-editor.default\">\n\t\t\t\t<div class=\"elementor-widget-container\">\n\t\t\t\t\t\t\t\t\t<div class=\"section-list\"><h3>Descripci\u00f3n general del programa:<\/h3><ul><li><p>Este es el paso principal en la carrera de todo profesional del buceo. Ser Instructor de Aguas Abiertas de SSI ofrece la posibilidad de impartir y supervisar cursos para buceadores recreativos desde cero. Adem\u00e1s, una vez que seas instructor, puedes seguir form\u00e1ndote como Instructor Avanzado de Aguas Abiertas y ampliar a\u00fan m\u00e1s tus horizontes y tu versatilidad como profesional.  <\/p><p>Calero Diving es uno de los centros que m\u00e1s profesionales forma cada a\u00f1o a nivel nacional. Entre nuestro personal, contamos con dos Instructor Trainers, para que tu formaci\u00f3n como profesional del buceo sea la mejor. <\/p><p>El curso ITC (Instructor Training Course) tiene una duraci\u00f3n total de 10 d\u00edas y prepara a los candidatos para la evaluaci\u00f3n o examen, para instructores, que se lleva a cabo al final del curso.<\/p><p>Proporciona el conocimiento, la habilidad y la preparaci\u00f3n necesarios para organizar, formar e instruir adecuadamente a los buceadores certificados. Los est\u00e1ndares y la filosof\u00eda de SSI son, una vez m\u00e1s, un pilar b\u00e1sico en la metodolog\u00eda y el contenido del curso. <\/p><p>Aprender\u00e1s a realizar presentaciones acad\u00e9micas en el aula, demostraciones de habilidades en entornos de aguas confinadas y abiertas, y tendr\u00e1s simulaciones de ex\u00e1menes y mucho m\u00e1s. Todo ello bajo la supervisi\u00f3n y la gu\u00eda de tu Instructor Trainer. <\/p><p>Contamos con excelentes y completas instalaciones, que incluyen piscinas y aulas de \u00faltima generaci\u00f3n para el desarrollo de tu ITC. Tambi\u00e9n podemos ayudarte a gestionar tu estancia en la isla, en caso de que no tengas alojamiento. <\/p><p>Una vez certificado como Instructor de Aguas Abiertas de SSI, podr\u00e1s impartir el curso de Buceador de Aguas Abiertas de SSI y los cursos correspondientes, as\u00ed como los cursos de especialidad de Aire Enriquecido Nitrox, Estr\u00e9s y Rescate de Buceadores, Flotabilidad Perfecta y Gu\u00eda de Buceo, en cualquier centro de buceo SSI del mundo.<\/p><\/li><\/ul><h3>Duraci\u00f3n:<\/h3><ul><li>10 d\u00edas<\/li><\/ul><h3>Incluye:<\/h3><ul><li>Todos los materiales de formaci\u00f3n, incluidos los materiales de aprendizaje digitales, los kits de materiales de formaci\u00f3n f\u00edsica y las tasas de registro de SSI<\/li><li>Todas las inmersiones necesarias para alcanzar el m\u00ednimo requerido<\/li><li>Tasas anuales de estado activo de SSI<\/li><li>Tasas de evaluaci\u00f3n (IE)<\/li><li>20% de descuento en la adquisici\u00f3n de equipos nuevos<\/li><li>Camiseta de Calero Diving<\/li><li>Asesoramiento constante durante el curso por parte de tu Instructor Trainer<\/li><li>4 especialidades para ense\u00f1ar como instructor: Estr\u00e9s y Rescate de Buceadores, Flotabilidad Perfecta, Aire Enriquecido Nitrox y Gu\u00eda de Buceo<\/li><\/ul><h3>No incluye:<\/h3><ul><li>Seguro de buceo personal o profesional<\/li><li>Alquiler de equipo<\/li><\/ul><h3>Requisitos:<\/h3><ul><li>Certificaci\u00f3n SSI Divemaster o equivalente<\/li><li>Certificaci\u00f3n SSI React Right o equivalente, no superior a dos a\u00f1os<\/li><li>Un m\u00ednimo de 75 inmersiones registradas<\/li><li>M\u00ednimo 18 a\u00f1os<\/li><li>Certificado m\u00e9dico hiperb\u00e1rico<\/li><li>Seguro de buceo profesional y personal<\/li><\/ul><h3>Otros cursos que pueden interesarte:<\/h3><ul><li><a href=\"https:\/\/calerodiving.com\/es\/?page_id=24425\">Instructor de especialidad<\/a><\/li><\/ul><\/div>\t\t\t\t\t\t\t\t<\/div>\n\t\t\t\t<\/div>\n\t\t\t\t<\/div>\n\t\t\t\t<\/div>\n\t\t<div class=\"elementor-element elementor-element-d26d47f e-con-full e-flex e-con e-child\" data-id=\"d26d47f\" data-element_type=\"container\" data-e-type=\"container\">\n\t\t<div class=\"elementor-element elementor-element-4953fef e-con-full course-sidebar-box e-flex e-con e-child\" data-id=\"4953fef\" data-element_type=\"container\" data-e-type=\"container\" data-settings=\"{&quot;sticky&quot;:&quot;top&quot;,&quot;sticky_offset&quot;:110,&quot;sticky_effects_offset&quot;:130,&quot;sticky_parent&quot;:&quot;yes&quot;,&quot;sticky_on&quot;:[&quot;desktop&quot;,&quot;tablet&quot;,&quot;mobile&quot;],&quot;sticky_anchor_link_offset&quot;:0}\">\n\t\t\t\t<div class=\"elementor-element elementor-element-35e1c95 elementor-widget elementor-widget-text-editor\" data-id=\"35e1c95\" data-element_type=\"widget\" data-e-type=\"widget\" data-widget_type=\"text-editor.default\">\n\t\t\t\t<div class=\"elementor-widget-container\">\n\t\t\t\t\t\t\t\t\t<div class=\"courses-info\"><h6 class=\"no-margin\">Duraci\u00f3n:<\/h6><p class=\"no-margin\">Variable<\/p><\/div><div class=\"courses-info\"><h6 class=\"no-margin\">Precio:<\/h6><p class=\"no-margin\">Desde 2600 \u20ac<\/p><\/div>\t\t\t\t\t\t\t\t<\/div>\n\t\t\t\t<\/div>\n\t\t\t\t<div class=\"elementor-element elementor-element-93be4c3 elementor-mobile-align-center elementor-widget elementor-widget-button\" data-id=\"93be4c3\" data-element_type=\"widget\" data-e-type=\"widget\" data-widget_type=\"button.default\">\n\t\t\t\t<div class=\"elementor-widget-container\">\n\t\t\t\t\t\t\t\t\t<div class=\"elementor-button-wrapper\">\n\t\t\t\t\t<a class=\"elementor-button elementor-size-sm\" role=\"button\">\n\t\t\t\t\t\t<span class=\"elementor-button-content-wrapper\">\n\t\t\t\t\t\t\t\t\t<span class=\"elementor-button-text\">Contacto<\/span>\n\t\t\t\t\t<\/span>\n\t\t\t\t\t<\/a>\n\t\t\t\t<\/div>\n\t\t\t\t\t\t\t\t<\/div>\n\t\t\t\t<\/div>\n\t\t\t\t<\/div>\n\t\t\t\t<\/div>\n\t\t\t\t\t<\/div>\n\t\t\t\t<\/div>\n\t\t\t\t<\/div>\n\t\t","protected":false},"excerpt":{"rendered":"<p>Profesional Instructor de aguas abiertas Avanza en tu carrera como instructor y gana experiencia Descripci\u00f3n general del programa: Este es el paso principal en la carrera de todo profesional del buceo. Ser Instructor de Aguas Abiertas de SSI ofrece la posibilidad de impartir y supervisar cursos para buceadores recreativos desde cero. Adem\u00e1s, una vez que [&hellip;]<\/p>\n","protected":false},"author":10,"featured_media":0,"parent":0,"menu_order":0,"comment_status":"closed","ping_status":"closed","template":"","meta":{"_acf_changed":false,"footnotes":""},"class_list":["post-24449","page","type-page","status-publish","hentry"],"acf":[],"yoast_head":"<!-- This site is optimized with the Yoast SEO plugin v27.5 - https:\/\/yoast.com\/product\/yoast-seo-wordpress\/ -->\n<title>Instructor de aguas abiertas | Calero Diving Lanzarote<\/title>\n<meta name=\"robots\" content=\"index, follow, max-snippet:-1, max-image-preview:large, max-video-preview:-1\" \/>\n<link rel=\"canonical\" href=\"https:\/\/calerodiving.com\/es\/?page_id=24449\" \/>\n<meta property=\"og:locale\" content=\"es_ES\" \/>\n<meta property=\"og:type\" content=\"article\" \/>\n<meta property=\"og:title\" content=\"Instructor de aguas abiertas | Calero Diving Lanzarote\" \/>\n<meta property=\"og:description\" content=\"Profesional Instructor de aguas abiertas Avanza en tu carrera como instructor y gana experiencia Descripci\u00f3n general del programa: Este es el paso principal en la carrera de todo profesional del buceo. Ser Instructor de Aguas Abiertas de SSI ofrece la posibilidad de impartir y supervisar cursos para buceadores recreativos desde cero. Adem\u00e1s, una vez que [&hellip;]\" \/>\n<meta property=\"og:url\" content=\"https:\/\/calerodiving.com\/es\/?page_id=24449\" \/>\n<meta property=\"og:site_name\" content=\"Calero Diving Lanzarote\" \/>\n<meta property=\"article:publisher\" content=\"https:\/\/www.facebook.com\/calerodiving\/\" \/>\n<meta property=\"og:image\" content=\"https:\/\/calerodiving.com\/wp-content\/uploads\/2025\/07\/OpenWater-Instructor-course.webp\" \/>\n<meta name=\"twitter:card\" content=\"summary_large_image\" \/>\n<meta name=\"twitter:label1\" content=\"Tiempo de lectura\" \/>\n\t<meta name=\"twitter:data1\" content=\"2 minutos\" \/>\n<script type=\"application\/ld+json\" class=\"yoast-schema-graph\">{\"@context\":\"https:\\\/\\\/schema.org\",\"@graph\":[{\"@type\":\"WebPage\",\"@id\":\"https:\\\/\\\/calerodiving.com\\\/es\\\/?page_id=24449\",\"url\":\"https:\\\/\\\/calerodiving.com\\\/es\\\/?page_id=24449\",\"name\":\"Instructor de aguas abiertas | Calero Diving Lanzarote\",\"isPartOf\":{\"@id\":\"https:\\\/\\\/calerodiving.com\\\/#website\"},\"primaryImageOfPage\":{\"@id\":\"https:\\\/\\\/calerodiving.com\\\/es\\\/?page_id=24449#primaryimage\"},\"image\":{\"@id\":\"https:\\\/\\\/calerodiving.com\\\/es\\\/?page_id=24449#primaryimage\"},\"thumbnailUrl\":\"https:\\\/\\\/calerodiving.com\\\/wp-content\\\/uploads\\\/2025\\\/07\\\/OpenWater-Instructor-course.webp\",\"datePublished\":\"2025-08-27T07:45:47+00:00\",\"breadcrumb\":{\"@id\":\"https:\\\/\\\/calerodiving.com\\\/es\\\/?page_id=24449#breadcrumb\"},\"inLanguage\":\"es\",\"potentialAction\":[{\"@type\":\"ReadAction\",\"target\":[\"https:\\\/\\\/calerodiving.com\\\/es\\\/?page_id=24449\"]}]},{\"@type\":\"ImageObject\",\"inLanguage\":\"es\",\"@id\":\"https:\\\/\\\/calerodiving.com\\\/es\\\/?page_id=24449#primaryimage\",\"url\":\"https:\\\/\\\/calerodiving.com\\\/wp-content\\\/uploads\\\/2025\\\/07\\\/OpenWater-Instructor-course.webp\",\"contentUrl\":\"https:\\\/\\\/calerodiving.com\\\/wp-content\\\/uploads\\\/2025\\\/07\\\/OpenWater-Instructor-course.webp\"},{\"@type\":\"BreadcrumbList\",\"@id\":\"https:\\\/\\\/calerodiving.com\\\/es\\\/?page_id=24449#breadcrumb\",\"itemListElement\":[{\"@type\":\"ListItem\",\"position\":1,\"name\":\"Home\",\"item\":\"https:\\\/\\\/calerodiving.com\\\/es\\\/\"},{\"@type\":\"ListItem\",\"position\":2,\"name\":\"Instructor de aguas abiertas\"}]},{\"@type\":\"WebSite\",\"@id\":\"https:\\\/\\\/calerodiving.com\\\/#website\",\"url\":\"https:\\\/\\\/calerodiving.com\\\/\",\"name\":\"Calero Diving Lanzarote\",\"description\":\"Diving Center Lanzarote\",\"publisher\":{\"@id\":\"https:\\\/\\\/calerodiving.com\\\/#organization\"},\"alternateName\":\"Calero Diving\",\"potentialAction\":[{\"@type\":\"SearchAction\",\"target\":{\"@type\":\"EntryPoint\",\"urlTemplate\":\"https:\\\/\\\/calerodiving.com\\\/?s={search_term_string}\"},\"query-input\":{\"@type\":\"PropertyValueSpecification\",\"valueRequired\":true,\"valueName\":\"search_term_string\"}}],\"inLanguage\":\"es\"},{\"@type\":\"Organization\",\"@id\":\"https:\\\/\\\/calerodiving.com\\\/#organization\",\"name\":\"Calero Diving Lanzarote\",\"alternateName\":\"Calero Diving\",\"url\":\"https:\\\/\\\/calerodiving.com\\\/\",\"logo\":{\"@type\":\"ImageObject\",\"inLanguage\":\"es\",\"@id\":\"https:\\\/\\\/calerodiving.com\\\/#\\\/schema\\\/logo\\\/image\\\/\",\"url\":\"https:\\\/\\\/calerodiving.com\\\/wp-content\\\/uploads\\\/2025\\\/05\\\/Grupo.png\",\"contentUrl\":\"https:\\\/\\\/calerodiving.com\\\/wp-content\\\/uploads\\\/2025\\\/05\\\/Grupo.png\",\"width\":499,\"height\":590,\"caption\":\"Calero Diving Lanzarote\"},\"image\":{\"@id\":\"https:\\\/\\\/calerodiving.com\\\/#\\\/schema\\\/logo\\\/image\\\/\"},\"sameAs\":[\"https:\\\/\\\/www.facebook.com\\\/calerodiving\\\/\",\"https:\\\/\\\/www.instagram.com\\\/calerodiving\\\/\"]}]}<\/script>\n<!-- \/ Yoast SEO plugin. -->","yoast_head_json":{"title":"Instructor de aguas abiertas | Calero Diving Lanzarote","robots":{"index":"index","follow":"follow","max-snippet":"max-snippet:-1","max-image-preview":"max-image-preview:large","max-video-preview":"max-video-preview:-1"},"canonical":"https:\/\/calerodiving.com\/es\/?page_id=24449","og_locale":"es_ES","og_type":"article","og_title":"Instructor de aguas abiertas | Calero Diving Lanzarote","og_description":"Profesional Instructor de aguas abiertas Avanza en tu carrera como instructor y gana experiencia Descripci\u00f3n general del programa: Este es el paso principal en la carrera de todo profesional del buceo. Ser Instructor de Aguas Abiertas de SSI ofrece la posibilidad de impartir y supervisar cursos para buceadores recreativos desde cero. Adem\u00e1s, una vez que [&hellip;]","og_url":"https:\/\/calerodiving.com\/es\/?page_id=24449","og_site_name":"Calero Diving Lanzarote","article_publisher":"https:\/\/www.facebook.com\/calerodiving\/","og_image":[{"url":"https:\/\/calerodiving.com\/wp-content\/uploads\/2025\/07\/OpenWater-Instructor-course.webp","type":"","width":"","height":""}],"twitter_card":"summary_large_image","twitter_misc":{"Tiempo de lectura":"2 minutos"},"schema":{"@context":"https:\/\/schema.org","@graph":[{"@type":"WebPage","@id":"https:\/\/calerodiving.com\/es\/?page_id=24449","url":"https:\/\/calerodiving.com\/es\/?page_id=24449","name":"Instructor de aguas abiertas | Calero Diving Lanzarote","isPartOf":{"@id":"https:\/\/calerodiving.com\/#website"},"primaryImageOfPage":{"@id":"https:\/\/calerodiving.com\/es\/?page_id=24449#primaryimage"},"image":{"@id":"https:\/\/calerodiving.com\/es\/?page_id=24449#primaryimage"},"thumbnailUrl":"https:\/\/calerodiving.com\/wp-content\/uploads\/2025\/07\/OpenWater-Instructor-course.webp","datePublished":"2025-08-27T07:45:47+00:00","breadcrumb":{"@id":"https:\/\/calerodiving.com\/es\/?page_id=24449#breadcrumb"},"inLanguage":"es","potentialAction":[{"@type":"ReadAction","target":["https:\/\/calerodiving.com\/es\/?page_id=24449"]}]},{"@type":"ImageObject","inLanguage":"es","@id":"https:\/\/calerodiving.com\/es\/?page_id=24449#primaryimage","url":"https:\/\/calerodiving.com\/wp-content\/uploads\/2025\/07\/OpenWater-Instructor-course.webp","contentUrl":"https:\/\/calerodiving.com\/wp-content\/uploads\/2025\/07\/OpenWater-Instructor-course.webp"},{"@type":"BreadcrumbList","@id":"https:\/\/calerodiving.com\/es\/?page_id=24449#breadcrumb","itemListElement":[{"@type":"ListItem","position":1,"name":"Home","item":"https:\/\/calerodiving.com\/es\/"},{"@type":"ListItem","position":2,"name":"Instructor de aguas abiertas"}]},{"@type":"WebSite","@id":"https:\/\/calerodiving.com\/#website","url":"https:\/\/calerodiving.com\/","name":"Calero Diving Lanzarote","description":"Diving Center Lanzarote","publisher":{"@id":"https:\/\/calerodiving.com\/#organization"},"alternateName":"Calero Diving","potentialAction":[{"@type":"SearchAction","target":{"@type":"EntryPoint","urlTemplate":"https:\/\/calerodiving.com\/?s={search_term_string}"},"query-input":{"@type":"PropertyValueSpecification","valueRequired":true,"valueName":"search_term_string"}}],"inLanguage":"es"},{"@type":"Organization","@id":"https:\/\/calerodiving.com\/#organization","name":"Calero Diving Lanzarote","alternateName":"Calero Diving","url":"https:\/\/calerodiving.com\/","logo":{"@type":"ImageObject","inLanguage":"es","@id":"https:\/\/calerodiving.com\/#\/schema\/logo\/image\/","url":"https:\/\/calerodiving.com\/wp-content\/uploads\/2025\/05\/Grupo.png","contentUrl":"https:\/\/calerodiving.com\/wp-content\/uploads\/2025\/05\/Grupo.png","width":499,"height":590,"caption":"Calero Diving Lanzarote"},"image":{"@id":"https:\/\/calerodiving.com\/#\/schema\/logo\/image\/"},"sameAs":["https:\/\/www.facebook.com\/calerodiving\/","https:\/\/www.instagram.com\/calerodiving\/"]}]}},"_links":{"self":[{"href":"https:\/\/calerodiving.com\/es\/wp-json\/wp\/v2\/pages\/24449","targetHints":{"allow":["GET"]}}],"collection":[{"href":"https:\/\/calerodiving.com\/es\/wp-json\/wp\/v2\/pages"}],"about":[{"href":"https:\/\/calerodiving.com\/es\/wp-json\/wp\/v2\/types\/page"}],"author":[{"embeddable":true,"href":"https:\/\/calerodiving.com\/es\/wp-json\/wp\/v2\/users\/10"}],"replies":[{"embeddable":true,"href":"https:\/\/calerodiving.com\/es\/wp-json\/wp\/v2\/comments?post=24449"}],"version-history":[{"count":2,"href":"https:\/\/calerodiving.com\/es\/wp-json\/wp\/v2\/pages\/24449\/revisions"}],"predecessor-version":[{"id":24451,"href":"https:\/\/calerodiving.com\/es\/wp-json\/wp\/v2\/pages\/24449\/revisions\/24451"}],"wp:attachment":[{"href":"https:\/\/calerodiving.com\/es\/wp-json\/wp\/v2\/media?parent=24449"}],"curies":[{"name":"wp","href":"https:\/\/api.w.org\/{rel}","templated":true}]}}