{"id":24440,"date":"2025-08-27T08:45:43","date_gmt":"2025-08-27T07:45:43","guid":{"rendered":"https:\/\/calerodiving.com\/divemaster\/"},"modified":"2025-08-27T08:45:47","modified_gmt":"2025-08-27T07:45:47","slug":"divemaster","status":"publish","type":"page","link":"https:\/\/calerodiving.com\/es\/divemaster\/","title":{"rendered":"Divemaster"},"content":{"rendered":"\t\t<div data-elementor-type=\"wp-page\" data-elementor-id=\"24440\" class=\"elementor elementor-24440 elementor-21593\" data-elementor-post-type=\"page\">\n\t\t\t\t<div class=\"elementor-element elementor-element-fe46b58 e-flex e-con-boxed e-con e-parent\" data-id=\"fe46b58\" data-element_type=\"container\" data-e-type=\"container\">\n\t\t\t\t\t<div class=\"e-con-inner\">\n\t\t<div class=\"elementor-element elementor-element-601aaf2 e-con-full e-flex e-con e-child\" data-id=\"601aaf2\" data-element_type=\"container\" data-e-type=\"container\">\n\t\t\t\t<div class=\"elementor-element elementor-element-098eab2 elementor-widget elementor-widget-image\" data-id=\"098eab2\" data-element_type=\"widget\" data-e-type=\"widget\" data-widget_type=\"image.default\">\n\t\t\t\t<div class=\"elementor-widget-container\">\n\t\t\t\t\t\t\t\t\t\t\t\t\t\t\t<img fetchpriority=\"high\" decoding=\"async\" width=\"700\" height=\"445\" src=\"https:\/\/calerodiving.com\/wp-content\/uploads\/2025\/07\/Divemaster-course.webp\" class=\"attachment-large size-large wp-image-22331\" alt=\"\" srcset=\"https:\/\/calerodiving.com\/wp-content\/uploads\/2025\/07\/Divemaster-course.webp 700w, https:\/\/calerodiving.com\/wp-content\/uploads\/2025\/07\/Divemaster-course-300x191.webp 300w\" sizes=\"(max-width: 700px) 100vw, 700px\" \/>\t\t\t\t\t\t\t\t\t\t\t\t\t\t\t<\/div>\n\t\t\t\t<\/div>\n\t\t\t\t<\/div>\n\t\t<div class=\"elementor-element elementor-element-fa0b452 e-con-full e-flex e-con e-child\" data-id=\"fa0b452\" data-element_type=\"container\" data-e-type=\"container\">\n\t\t<div class=\"elementor-element elementor-element-69f7093 e-con-full e-flex e-con e-child\" data-id=\"69f7093\" data-element_type=\"container\" data-e-type=\"container\">\n\t\t\t\t<div class=\"elementor-element elementor-element-9f75b21 elementor-widget elementor-widget-html\" data-id=\"9f75b21\" data-element_type=\"widget\" data-e-type=\"widget\" data-widget_type=\"html.default\">\n\t\t\t\t<div class=\"elementor-widget-container\">\n\t\t\t\t\t<a href=\"https:\/\/calerodiving.com\/es\/?page_id=24244\" class=\"tag-button\">Profesional<\/a>\n\t\t\t\t<\/div>\n\t\t\t\t<\/div>\n\t\t\t\t<div class=\"elementor-element elementor-element-0c954df elementor-widget elementor-widget-heading\" data-id=\"0c954df\" data-element_type=\"widget\" data-e-type=\"widget\" data-widget_type=\"heading.default\">\n\t\t\t\t<div class=\"elementor-widget-container\">\n\t\t\t\t\t<h2 class=\"elementor-heading-title elementor-size-default\">Divemaster<\/h2>\t\t\t\t<\/div>\n\t\t\t\t<\/div>\n\t\t\t\t<\/div>\n\t\t\t\t<\/div>\n\t\t\t\t\t<\/div>\n\t\t\t\t<\/div>\n\t\t<div class=\"elementor-element elementor-element-5d314de e-flex e-con-boxed e-con e-parent\" data-id=\"5d314de\" data-element_type=\"container\" data-e-type=\"container\">\n\t\t\t\t\t<div class=\"e-con-inner\">\n\t\t<div class=\"elementor-element elementor-element-02c47ff e-con-full e-flex e-con e-child\" data-id=\"02c47ff\" data-element_type=\"container\" data-e-type=\"container\">\n\t\t<div class=\"elementor-element elementor-element-f09f315 e-con-full e-flex e-con e-child\" data-id=\"f09f315\" data-element_type=\"container\" data-e-type=\"container\">\n\t\t\t\t<div class=\"elementor-element elementor-element-09d27ff elementor-widget elementor-widget-heading\" data-id=\"09d27ff\" data-element_type=\"widget\" data-e-type=\"widget\" data-widget_type=\"heading.default\">\n\t\t\t\t<div class=\"elementor-widget-container\">\n\t\t\t\t\t<h2 class=\"elementor-heading-title elementor-size-default\">Convi\u00e9rtete en buceador profesional<\/h2>\t\t\t\t<\/div>\n\t\t\t\t<\/div>\n\t\t\t\t<div class=\"elementor-element elementor-element-d900da4 elementor-widget elementor-widget-text-editor\" data-id=\"d900da4\" data-element_type=\"widget\" data-e-type=\"widget\" data-widget_type=\"text-editor.default\">\n\t\t\t\t<div class=\"elementor-widget-container\">\n\t\t\t\t\t\t\t\t\t<div class=\"section-list\"><h3>Descripci\u00f3n general del programa:<\/h3><p>El curso de Divemaster es el primer paso en tu carrera como profesional del buceo y un requisito previo para convertirte en Instructor. Este curso te ense\u00f1a a guiar a grupos de buceadores ya certificados en una amplia variedad de entornos y condiciones.<br>El curso est\u00e1 dise\u00f1ado para proporcionar las habilidades y el conocimiento necesarios para gestionar de forma segura y sencilla a grupos de buceadores. <\/p><p>Las sesiones informativas, los protocolos de seguridad, la gesti\u00f3n y organizaci\u00f3n del buceo, las t\u00e9cnicas de comunicaci\u00f3n y liderazgo, y la identificaci\u00f3n de problemas y la provisi\u00f3n de soluciones son solo algunos de los aspectos que cubrir\u00e1 el curso.<\/p><p>El curso de especialidad de SSI Science of Diving forma la otra parte del programa de formaci\u00f3n de Divemaster. Este segmento te ense\u00f1a todo lo relacionado con la ciencia detr\u00e1s del buceo, para darte el conocimiento necesario para planificar y llevar a cabo actividades de buceo de forma segura. <\/p><p>Tendr\u00e1s dos opciones para la duraci\u00f3n del curso, ya sea 10 d\u00edas o de 4 a 6 semanas.<\/p><p>El curso de 10 d\u00edas es un programa de formaci\u00f3n intensivo que te llevar\u00e1 a trav\u00e9s de talleres y escenarios que te preparar\u00e1n para guiar con confianza a buceadores certificados. Este programa es ideal para aquellos buceadores con mucha experiencia o para aquellos que no necesariamente buscan hacer un cambio de carrera, pero buscan ganar confianza en su habilidad de buceo y llevarse a casa su nuevo conjunto de habilidades. <\/p><p>El programa de formaci\u00f3n de 4 a 6 semanas est\u00e1 dise\u00f1ado para aquellos buceadores que buscan mejorar sus habilidades de buceo y obtener una visi\u00f3n de la industria del buceo como un entorno de trabajo. Este programa se puede personalizar a tus necesidades individuales para asegurar que est\u00e9s completamente inmerso en el equipo de buceo y aprendas no solo las habilidades pr\u00e1cticas de buceo, sino tambi\u00e9n los procedimientos de planificaci\u00f3n y organizaci\u00f3n detr\u00e1s de las escenas de una operaci\u00f3n de buceo, incluyendo el uso de un compresor y c\u00f3mo realizar el mantenimiento b\u00e1sico del equipo. <\/p><p>Una vez certificado como SSI Dive Guide, con al menos 60 inmersiones registradas y completada la especialidad de SSI Science of Diving, recibir\u00e1s la certificaci\u00f3n de SSI Divemaster.<\/p><h3>Duraci\u00f3n:<\/h3><ul><li>10 d\u00edas<\/li><li>4-6 semanas<\/li><\/ul><h3>Incluye:<\/h3><ul><li>Materiales de aprendizaje digitales<\/li><li>Materiales de formaci\u00f3n f\u00edsica<\/li><li>Todo<\/li><\/ul><\/div>\t\t\t\t\t\t\t\t<\/div>\n\t\t\t\t<\/div>\n\t\t\t\t<\/div>\n\t\t\t\t<\/div>\n\t\t<div class=\"elementor-element elementor-element-93430c8 e-con-full e-flex e-con e-child\" data-id=\"93430c8\" data-element_type=\"container\" data-e-type=\"container\">\n\t\t<div class=\"elementor-element elementor-element-a0490bd e-con-full course-sidebar-box e-flex e-con e-child\" data-id=\"a0490bd\" data-element_type=\"container\" data-e-type=\"container\" data-settings=\"{&quot;sticky&quot;:&quot;top&quot;,&quot;sticky_offset&quot;:110,&quot;sticky_effects_offset&quot;:130,&quot;sticky_parent&quot;:&quot;yes&quot;,&quot;sticky_on&quot;:[&quot;desktop&quot;,&quot;tablet&quot;,&quot;mobile&quot;],&quot;sticky_anchor_link_offset&quot;:0}\">\n\t\t\t\t<div class=\"elementor-element elementor-element-88b3797 elementor-widget elementor-widget-text-editor\" data-id=\"88b3797\" data-element_type=\"widget\" data-e-type=\"widget\" data-widget_type=\"text-editor.default\">\n\t\t\t\t<div class=\"elementor-widget-container\">\n\t\t\t\t\t\t\t\t\t<div class=\"courses-info\">\n<h6 class=\"no-margin\">Duraci\u00f3n:<\/h6>\n<p class=\"no-margin\"><span style=\"font-size: 1rem;\">Curso de 10 d\u00edas<\/span><\/p>\n<\/div>\n<div class=\"courses-info\">\n<h6 class=\"no-margin\">Precio:<\/h6>\n<p class=\"no-margin\">Desde 950 \u20ac<\/p>\n<\/div>\t\t\t\t\t\t\t\t<\/div>\n\t\t\t\t<\/div>\n\t\t\t\t<div class=\"elementor-element elementor-element-814c695 elementor-mobile-align-center elementor-widget elementor-widget-button\" data-id=\"814c695\" data-element_type=\"widget\" data-e-type=\"widget\" data-widget_type=\"button.default\">\n\t\t\t\t<div class=\"elementor-widget-container\">\n\t\t\t\t\t\t\t\t\t<div class=\"elementor-button-wrapper\">\n\t\t\t\t\t<a class=\"elementor-button elementor-size-sm\" role=\"button\">\n\t\t\t\t\t\t<span class=\"elementor-button-content-wrapper\">\n\t\t\t\t\t\t\t\t\t<span class=\"elementor-button-text\">Contacto<\/span>\n\t\t\t\t\t<\/span>\n\t\t\t\t\t<\/a>\n\t\t\t\t<\/div>\n\t\t\t\t\t\t\t\t<\/div>\n\t\t\t\t<\/div>\n\t\t\t\t<\/div>\n\t\t\t\t<\/div>\n\t\t\t\t\t<\/div>\n\t\t\t\t<\/div>\n\t\t\t\t<\/div>\n\t\t","protected":false},"excerpt":{"rendered":"<p>Profesional Divemaster Convi\u00e9rtete en buceador profesional Descripci\u00f3n general del programa: El curso de Divemaster es el primer paso en tu carrera como profesional del buceo y un requisito previo para convertirte en Instructor. Este curso te ense\u00f1a a guiar a grupos de buceadores ya certificados en una amplia variedad de entornos y condiciones.El curso est\u00e1 [&hellip;]<\/p>\n","protected":false},"author":10,"featured_media":0,"parent":0,"menu_order":0,"comment_status":"closed","ping_status":"closed","template":"","meta":{"_acf_changed":false,"footnotes":""},"class_list":["post-24440","page","type-page","status-publish","hentry"],"acf":[],"yoast_head":"<!-- This site is optimized with the Yoast SEO plugin v27.5 - https:\/\/yoast.com\/product\/yoast-seo-wordpress\/ -->\n<title>Divemaster | Calero Diving Lanzarote<\/title>\n<meta name=\"robots\" content=\"index, follow, max-snippet:-1, max-image-preview:large, max-video-preview:-1\" \/>\n<link rel=\"canonical\" href=\"https:\/\/calerodiving.com\/es\/?page_id=24440\" \/>\n<meta property=\"og:locale\" content=\"es_ES\" \/>\n<meta property=\"og:type\" content=\"article\" \/>\n<meta property=\"og:title\" content=\"Divemaster | Calero Diving Lanzarote\" \/>\n<meta property=\"og:description\" content=\"Profesional Divemaster Convi\u00e9rtete en buceador profesional Descripci\u00f3n general del programa: El curso de Divemaster es el primer paso en tu carrera como profesional del buceo y un requisito previo para convertirte en Instructor. Este curso te ense\u00f1a a guiar a grupos de buceadores ya certificados en una amplia variedad de entornos y condiciones.El curso est\u00e1 [&hellip;]\" \/>\n<meta property=\"og:url\" content=\"https:\/\/calerodiving.com\/es\/?page_id=24440\" \/>\n<meta property=\"og:site_name\" content=\"Calero Diving Lanzarote\" \/>\n<meta property=\"article:publisher\" content=\"https:\/\/www.facebook.com\/calerodiving\/\" \/>\n<meta property=\"article:modified_time\" content=\"2025-08-27T07:45:47+00:00\" \/>\n<meta property=\"og:image\" content=\"https:\/\/calerodiving.com\/wp-content\/uploads\/2025\/07\/Divemaster-course.webp\" \/>\n<meta name=\"twitter:card\" content=\"summary_large_image\" \/>\n<meta name=\"twitter:label1\" content=\"Tiempo de lectura\" \/>\n\t<meta name=\"twitter:data1\" content=\"2 minutos\" \/>\n<script type=\"application\/ld+json\" class=\"yoast-schema-graph\">{\"@context\":\"https:\\\/\\\/schema.org\",\"@graph\":[{\"@type\":\"WebPage\",\"@id\":\"https:\\\/\\\/calerodiving.com\\\/es\\\/?page_id=24440\",\"url\":\"https:\\\/\\\/calerodiving.com\\\/es\\\/?page_id=24440\",\"name\":\"Divemaster | Calero Diving Lanzarote\",\"isPartOf\":{\"@id\":\"https:\\\/\\\/calerodiving.com\\\/#website\"},\"primaryImageOfPage\":{\"@id\":\"https:\\\/\\\/calerodiving.com\\\/es\\\/?page_id=24440#primaryimage\"},\"image\":{\"@id\":\"https:\\\/\\\/calerodiving.com\\\/es\\\/?page_id=24440#primaryimage\"},\"thumbnailUrl\":\"https:\\\/\\\/calerodiving.com\\\/wp-content\\\/uploads\\\/2025\\\/07\\\/Divemaster-course.webp\",\"datePublished\":\"2025-08-27T07:45:43+00:00\",\"dateModified\":\"2025-08-27T07:45:47+00:00\",\"breadcrumb\":{\"@id\":\"https:\\\/\\\/calerodiving.com\\\/es\\\/?page_id=24440#breadcrumb\"},\"inLanguage\":\"es\",\"potentialAction\":[{\"@type\":\"ReadAction\",\"target\":[\"https:\\\/\\\/calerodiving.com\\\/es\\\/?page_id=24440\"]}]},{\"@type\":\"ImageObject\",\"inLanguage\":\"es\",\"@id\":\"https:\\\/\\\/calerodiving.com\\\/es\\\/?page_id=24440#primaryimage\",\"url\":\"https:\\\/\\\/calerodiving.com\\\/wp-content\\\/uploads\\\/2025\\\/07\\\/Divemaster-course.webp\",\"contentUrl\":\"https:\\\/\\\/calerodiving.com\\\/wp-content\\\/uploads\\\/2025\\\/07\\\/Divemaster-course.webp\"},{\"@type\":\"BreadcrumbList\",\"@id\":\"https:\\\/\\\/calerodiving.com\\\/es\\\/?page_id=24440#breadcrumb\",\"itemListElement\":[{\"@type\":\"ListItem\",\"position\":1,\"name\":\"Home\",\"item\":\"https:\\\/\\\/calerodiving.com\\\/es\\\/\"},{\"@type\":\"ListItem\",\"position\":2,\"name\":\"Divemaster\"}]},{\"@type\":\"WebSite\",\"@id\":\"https:\\\/\\\/calerodiving.com\\\/#website\",\"url\":\"https:\\\/\\\/calerodiving.com\\\/\",\"name\":\"Calero Diving Lanzarote\",\"description\":\"Diving Center Lanzarote\",\"publisher\":{\"@id\":\"https:\\\/\\\/calerodiving.com\\\/#organization\"},\"alternateName\":\"Calero Diving\",\"potentialAction\":[{\"@type\":\"SearchAction\",\"target\":{\"@type\":\"EntryPoint\",\"urlTemplate\":\"https:\\\/\\\/calerodiving.com\\\/?s={search_term_string}\"},\"query-input\":{\"@type\":\"PropertyValueSpecification\",\"valueRequired\":true,\"valueName\":\"search_term_string\"}}],\"inLanguage\":\"es\"},{\"@type\":\"Organization\",\"@id\":\"https:\\\/\\\/calerodiving.com\\\/#organization\",\"name\":\"Calero Diving Lanzarote\",\"alternateName\":\"Calero Diving\",\"url\":\"https:\\\/\\\/calerodiving.com\\\/\",\"logo\":{\"@type\":\"ImageObject\",\"inLanguage\":\"es\",\"@id\":\"https:\\\/\\\/calerodiving.com\\\/#\\\/schema\\\/logo\\\/image\\\/\",\"url\":\"https:\\\/\\\/calerodiving.com\\\/wp-content\\\/uploads\\\/2025\\\/05\\\/Grupo.png\",\"contentUrl\":\"https:\\\/\\\/calerodiving.com\\\/wp-content\\\/uploads\\\/2025\\\/05\\\/Grupo.png\",\"width\":499,\"height\":590,\"caption\":\"Calero Diving Lanzarote\"},\"image\":{\"@id\":\"https:\\\/\\\/calerodiving.com\\\/#\\\/schema\\\/logo\\\/image\\\/\"},\"sameAs\":[\"https:\\\/\\\/www.facebook.com\\\/calerodiving\\\/\",\"https:\\\/\\\/www.instagram.com\\\/calerodiving\\\/\"]}]}<\/script>\n<!-- \/ Yoast SEO plugin. -->","yoast_head_json":{"title":"Divemaster | Calero Diving Lanzarote","robots":{"index":"index","follow":"follow","max-snippet":"max-snippet:-1","max-image-preview":"max-image-preview:large","max-video-preview":"max-video-preview:-1"},"canonical":"https:\/\/calerodiving.com\/es\/?page_id=24440","og_locale":"es_ES","og_type":"article","og_title":"Divemaster | Calero Diving Lanzarote","og_description":"Profesional Divemaster Convi\u00e9rtete en buceador profesional Descripci\u00f3n general del programa: El curso de Divemaster es el primer paso en tu carrera como profesional del buceo y un requisito previo para convertirte en Instructor. Este curso te ense\u00f1a a guiar a grupos de buceadores ya certificados en una amplia variedad de entornos y condiciones.El curso est\u00e1 [&hellip;]","og_url":"https:\/\/calerodiving.com\/es\/?page_id=24440","og_site_name":"Calero Diving Lanzarote","article_publisher":"https:\/\/www.facebook.com\/calerodiving\/","article_modified_time":"2025-08-27T07:45:47+00:00","og_image":[{"url":"https:\/\/calerodiving.com\/wp-content\/uploads\/2025\/07\/Divemaster-course.webp","type":"","width":"","height":""}],"twitter_card":"summary_large_image","twitter_misc":{"Tiempo de lectura":"2 minutos"},"schema":{"@context":"https:\/\/schema.org","@graph":[{"@type":"WebPage","@id":"https:\/\/calerodiving.com\/es\/?page_id=24440","url":"https:\/\/calerodiving.com\/es\/?page_id=24440","name":"Divemaster | Calero Diving Lanzarote","isPartOf":{"@id":"https:\/\/calerodiving.com\/#website"},"primaryImageOfPage":{"@id":"https:\/\/calerodiving.com\/es\/?page_id=24440#primaryimage"},"image":{"@id":"https:\/\/calerodiving.com\/es\/?page_id=24440#primaryimage"},"thumbnailUrl":"https:\/\/calerodiving.com\/wp-content\/uploads\/2025\/07\/Divemaster-course.webp","datePublished":"2025-08-27T07:45:43+00:00","dateModified":"2025-08-27T07:45:47+00:00","breadcrumb":{"@id":"https:\/\/calerodiving.com\/es\/?page_id=24440#breadcrumb"},"inLanguage":"es","potentialAction":[{"@type":"ReadAction","target":["https:\/\/calerodiving.com\/es\/?page_id=24440"]}]},{"@type":"ImageObject","inLanguage":"es","@id":"https:\/\/calerodiving.com\/es\/?page_id=24440#primaryimage","url":"https:\/\/calerodiving.com\/wp-content\/uploads\/2025\/07\/Divemaster-course.webp","contentUrl":"https:\/\/calerodiving.com\/wp-content\/uploads\/2025\/07\/Divemaster-course.webp"},{"@type":"BreadcrumbList","@id":"https:\/\/calerodiving.com\/es\/?page_id=24440#breadcrumb","itemListElement":[{"@type":"ListItem","position":1,"name":"Home","item":"https:\/\/calerodiving.com\/es\/"},{"@type":"ListItem","position":2,"name":"Divemaster"}]},{"@type":"WebSite","@id":"https:\/\/calerodiving.com\/#website","url":"https:\/\/calerodiving.com\/","name":"Calero Diving Lanzarote","description":"Diving Center Lanzarote","publisher":{"@id":"https:\/\/calerodiving.com\/#organization"},"alternateName":"Calero Diving","potentialAction":[{"@type":"SearchAction","target":{"@type":"EntryPoint","urlTemplate":"https:\/\/calerodiving.com\/?s={search_term_string}"},"query-input":{"@type":"PropertyValueSpecification","valueRequired":true,"valueName":"search_term_string"}}],"inLanguage":"es"},{"@type":"Organization","@id":"https:\/\/calerodiving.com\/#organization","name":"Calero Diving Lanzarote","alternateName":"Calero Diving","url":"https:\/\/calerodiving.com\/","logo":{"@type":"ImageObject","inLanguage":"es","@id":"https:\/\/calerodiving.com\/#\/schema\/logo\/image\/","url":"https:\/\/calerodiving.com\/wp-content\/uploads\/2025\/05\/Grupo.png","contentUrl":"https:\/\/calerodiving.com\/wp-content\/uploads\/2025\/05\/Grupo.png","width":499,"height":590,"caption":"Calero Diving Lanzarote"},"image":{"@id":"https:\/\/calerodiving.com\/#\/schema\/logo\/image\/"},"sameAs":["https:\/\/www.facebook.com\/calerodiving\/","https:\/\/www.instagram.com\/calerodiving\/"]}]}},"_links":{"self":[{"href":"https:\/\/calerodiving.com\/es\/wp-json\/wp\/v2\/pages\/24440","targetHints":{"allow":["GET"]}}],"collection":[{"href":"https:\/\/calerodiving.com\/es\/wp-json\/wp\/v2\/pages"}],"about":[{"href":"https:\/\/calerodiving.com\/es\/wp-json\/wp\/v2\/types\/page"}],"author":[{"embeddable":true,"href":"https:\/\/calerodiving.com\/es\/wp-json\/wp\/v2\/users\/10"}],"replies":[{"embeddable":true,"href":"https:\/\/calerodiving.com\/es\/wp-json\/wp\/v2\/comments?post=24440"}],"version-history":[{"count":2,"href":"https:\/\/calerodiving.com\/es\/wp-json\/wp\/v2\/pages\/24440\/revisions"}],"predecessor-version":[{"id":24442,"href":"https:\/\/calerodiving.com\/es\/wp-json\/wp\/v2\/pages\/24440\/revisions\/24442"}],"wp:attachment":[{"href":"https:\/\/calerodiving.com\/es\/wp-json\/wp\/v2\/media?parent=24440"}],"curies":[{"name":"wp","href":"https:\/\/api.w.org\/{rel}","templated":true}]}}