{"id":24425,"date":"2025-08-27T08:45:24","date_gmt":"2025-08-27T07:45:24","guid":{"rendered":"https:\/\/calerodiving.com\/instructor-de-especialidad\/"},"modified":"2025-08-27T08:45:27","modified_gmt":"2025-08-27T07:45:27","slug":"instructor-de-especialidad","status":"publish","type":"page","link":"https:\/\/calerodiving.com\/es\/instructor-de-especialidad\/","title":{"rendered":"Instructor de especialidad"},"content":{"rendered":"\t\t<div data-elementor-type=\"wp-page\" data-elementor-id=\"24425\" class=\"elementor elementor-24425 elementor-21632\" data-elementor-post-type=\"page\">\n\t\t\t\t<div class=\"elementor-element elementor-element-db82f28 e-flex e-con-boxed e-con e-parent\" data-id=\"db82f28\" data-element_type=\"container\" data-e-type=\"container\">\n\t\t\t\t\t<div class=\"e-con-inner\">\n\t\t<div class=\"elementor-element elementor-element-b8519fd e-con-full e-flex e-con e-child\" data-id=\"b8519fd\" data-element_type=\"container\" data-e-type=\"container\">\n\t\t\t\t<div class=\"elementor-element elementor-element-0c7e96d elementor-widget elementor-widget-image\" data-id=\"0c7e96d\" data-element_type=\"widget\" data-e-type=\"widget\" data-widget_type=\"image.default\">\n\t\t\t\t<div class=\"elementor-widget-container\">\n\t\t\t\t\t\t\t\t\t\t\t\t\t\t\t<img fetchpriority=\"high\" decoding=\"async\" width=\"700\" height=\"445\" src=\"https:\/\/calerodiving.com\/wp-content\/uploads\/2025\/07\/imgi_49_Diving_Courses_Rubicon_diving_Lanzarote_Specialty_Instructor_card_SSI_Diving_d9fd9ae58f.webp\" class=\"attachment-large size-large wp-image-20357\" alt=\"\" srcset=\"https:\/\/calerodiving.com\/wp-content\/uploads\/2025\/07\/imgi_49_Diving_Courses_Rubicon_diving_Lanzarote_Specialty_Instructor_card_SSI_Diving_d9fd9ae58f.webp 700w, https:\/\/calerodiving.com\/wp-content\/uploads\/2025\/07\/imgi_49_Diving_Courses_Rubicon_diving_Lanzarote_Specialty_Instructor_card_SSI_Diving_d9fd9ae58f-300x191.webp 300w\" sizes=\"(max-width: 700px) 100vw, 700px\" \/>\t\t\t\t\t\t\t\t\t\t\t\t\t\t\t<\/div>\n\t\t\t\t<\/div>\n\t\t\t\t<\/div>\n\t\t<div class=\"elementor-element elementor-element-b14be40 e-con-full e-flex e-con e-child\" data-id=\"b14be40\" data-element_type=\"container\" data-e-type=\"container\">\n\t\t<div class=\"elementor-element elementor-element-0b1b756 e-con-full e-flex e-con e-child\" data-id=\"0b1b756\" data-element_type=\"container\" data-e-type=\"container\">\n\t\t\t\t<div class=\"elementor-element elementor-element-410bdff elementor-widget elementor-widget-html\" data-id=\"410bdff\" data-element_type=\"widget\" data-e-type=\"widget\" data-widget_type=\"html.default\">\n\t\t\t\t<div class=\"elementor-widget-container\">\n\t\t\t\t\t<a href=\"https:\/\/calerodiving.com\/es\/?page_id=24244\" class=\"tag-button\">Profesional<\/a>\n\t\t\t\t<\/div>\n\t\t\t\t<\/div>\n\t\t\t\t<div class=\"elementor-element elementor-element-733c9e7 elementor-widget elementor-widget-heading\" data-id=\"733c9e7\" data-element_type=\"widget\" data-e-type=\"widget\" data-widget_type=\"heading.default\">\n\t\t\t\t<div class=\"elementor-widget-container\">\n\t\t\t\t\t<h2 class=\"elementor-heading-title elementor-size-default\">Instructor de especialidad\n<\/h2>\t\t\t\t<\/div>\n\t\t\t\t<\/div>\n\t\t\t\t<\/div>\n\t\t\t\t<\/div>\n\t\t\t\t\t<\/div>\n\t\t\t\t<\/div>\n\t\t<div class=\"elementor-element elementor-element-55b941c e-flex e-con-boxed e-con e-parent\" data-id=\"55b941c\" data-element_type=\"container\" data-e-type=\"container\">\n\t\t\t\t\t<div class=\"e-con-inner\">\n\t\t<div class=\"elementor-element elementor-element-8720e02 e-con-full e-flex e-con e-child\" data-id=\"8720e02\" data-element_type=\"container\" data-e-type=\"container\">\n\t\t<div class=\"elementor-element elementor-element-a8c718f e-con-full e-flex e-con e-child\" data-id=\"a8c718f\" data-element_type=\"container\" data-e-type=\"container\">\n\t\t\t\t<div class=\"elementor-element elementor-element-7784dcb elementor-widget elementor-widget-heading\" data-id=\"7784dcb\" data-element_type=\"widget\" data-e-type=\"widget\" data-widget_type=\"heading.default\">\n\t\t\t\t<div class=\"elementor-widget-container\">\n\t\t\t\t\t<h2 class=\"elementor-heading-title elementor-size-default\">Avanza en tu carrera como instructor y gana experiencia<\/h2>\t\t\t\t<\/div>\n\t\t\t\t<\/div>\n\t\t\t\t<div class=\"elementor-element elementor-element-05782db elementor-widget elementor-widget-text-editor\" data-id=\"05782db\" data-element_type=\"widget\" data-e-type=\"widget\" data-widget_type=\"text-editor.default\">\n\t\t\t\t<div class=\"elementor-widget-container\">\n\t\t\t\t\t\t\t\t\t<div class=\"section-list\"><h3>Descripci\u00f3n general del programa:<\/h3><ul><li><p>\u00bfYa eres instructor de SSI Open Water y sientes que est\u00e1s listo para empezar a ense\u00f1ar m\u00e1s?<\/p><p>Entonces puedes formarte como instructor para diferentes especialidades con el fin de ampliar tu abanico de posibilidades como profesional o especializarte en un \u00e1rea espec\u00edfica que te interese.<\/p><p>Desde buceo profundo, buceo con traje seco y buceo en pecios hasta navegaci\u00f3n, scooter\/DPV y buceo con descompresi\u00f3n, las posibilidades son infinitas.<\/p><p>Ser capaz de ense\u00f1ar diferentes especialidades har\u00e1 que tu carrera como instructor no solo sea m\u00e1s exitosa, sino mucho m\u00e1s enriquecedora y variada.<\/p><p>Algunas especialidades, como Instructor de Buceo con Descompresi\u00f3n, tienen requisitos m\u00e1s altos con respecto a las sesiones tanto pr\u00e1cticas como te\u00f3ricas, por lo que su precio puede variar.<\/p><p>Ponte en contacto con nosotros para obtener m\u00e1s informaci\u00f3n.<br>Si quieres formarte en m\u00e1s de una especialidad, puedes adquirir un paquete de 5 especialidades de instructor por solo 550<span style=\"background-color: unset;\">\u20ac<\/span><\/p><\/li><\/ul><h3>Duraci\u00f3n:<\/h3><ul><li>Variable<\/li><\/ul><h3>Incluye:<\/h3><ul><li>Todos los materiales de formaci\u00f3n, incluidos los materiales de aprendizaje digitales y los materiales de formaci\u00f3n f\u00edsicos<\/li><li>Tasas de registro de SSI<\/li><li>Tasas anuales de estado activo de SSI<\/li><li>20% de descuento en la adquisici\u00f3n de equipos nuevos<\/li><li>Camiseta de Calero Diving<\/li><\/ul><h3>No incluye:<\/h3><ul><li>Alquiler de equipo<\/li><li>Seguro de buceo personal o profesional.<\/li><\/ul><h3>Requisitos:<\/h3><ul><li>Cualificaci\u00f3n de Instructor de Aguas Abiertas o superior.<\/li><li>Certificaci\u00f3n SSI React Right o equivalente, con una antig\u00fcedad no superior a dos a\u00f1os.<\/li><li>M\u00ednimo 18 a\u00f1os<\/li><li>Certificado m\u00e9dico hiperb\u00e1rico.<\/li><li>Seguro de buceo profesional y personal.<\/li><\/ul><h3>Otros cursos que pueden interesarte:<\/h3><ul><li><a href=\"https:\/\/calerodiving.com\/assistant-instructor-trainer\/\">Formador de instructores asistentes<\/a><\/li><\/ul><\/div>\t\t\t\t\t\t\t\t<\/div>\n\t\t\t\t<\/div>\n\t\t\t\t<\/div>\n\t\t\t\t<\/div>\n\t\t<div class=\"elementor-element elementor-element-1f2ce6d e-con-full e-flex e-con e-child\" data-id=\"1f2ce6d\" data-element_type=\"container\" data-e-type=\"container\">\n\t\t<div class=\"elementor-element elementor-element-6f31e2e e-con-full course-sidebar-box e-flex e-con e-child\" data-id=\"6f31e2e\" data-element_type=\"container\" data-e-type=\"container\" data-settings=\"{&quot;sticky&quot;:&quot;top&quot;,&quot;sticky_offset&quot;:110,&quot;sticky_effects_offset&quot;:130,&quot;sticky_parent&quot;:&quot;yes&quot;,&quot;sticky_on&quot;:[&quot;desktop&quot;,&quot;tablet&quot;,&quot;mobile&quot;],&quot;sticky_anchor_link_offset&quot;:0}\">\n\t\t\t\t<div class=\"elementor-element elementor-element-cfed437 elementor-widget elementor-widget-text-editor\" data-id=\"cfed437\" data-element_type=\"widget\" data-e-type=\"widget\" data-widget_type=\"text-editor.default\">\n\t\t\t\t<div class=\"elementor-widget-container\">\n\t\t\t\t\t\t\t\t\t<div class=\"courses-info\"><h6 class=\"no-margin\">Duraci\u00f3n:<\/h6><p class=\"no-margin\">Variable<\/p><\/div><div class=\"courses-info\"><h6 class=\"no-margin\">Precio:<\/h6><p class=\"no-margin\">Desde 170 \u20ac<\/p><\/div>\t\t\t\t\t\t\t\t<\/div>\n\t\t\t\t<\/div>\n\t\t\t\t<div class=\"elementor-element elementor-element-4082e55 elementor-mobile-align-center elementor-widget elementor-widget-button\" data-id=\"4082e55\" data-element_type=\"widget\" data-e-type=\"widget\" data-widget_type=\"button.default\">\n\t\t\t\t<div class=\"elementor-widget-container\">\n\t\t\t\t\t\t\t\t\t<div class=\"elementor-button-wrapper\">\n\t\t\t\t\t<a class=\"elementor-button elementor-size-sm\" role=\"button\">\n\t\t\t\t\t\t<span class=\"elementor-button-content-wrapper\">\n\t\t\t\t\t\t\t\t\t<span class=\"elementor-button-text\">Contacto<\/span>\n\t\t\t\t\t<\/span>\n\t\t\t\t\t<\/a>\n\t\t\t\t<\/div>\n\t\t\t\t\t\t\t\t<\/div>\n\t\t\t\t<\/div>\n\t\t\t\t<\/div>\n\t\t\t\t<\/div>\n\t\t\t\t\t<\/div>\n\t\t\t\t<\/div>\n\t\t\t\t<\/div>\n\t\t","protected":false},"excerpt":{"rendered":"<p>Profesional Instructor de especialidad Avanza en tu carrera como instructor y gana experiencia Descripci\u00f3n general del programa: \u00bfYa eres instructor de SSI Open Water y sientes que est\u00e1s listo para empezar a ense\u00f1ar m\u00e1s? Entonces puedes formarte como instructor para diferentes especialidades con el fin de ampliar tu abanico de posibilidades como profesional o especializarte [&hellip;]<\/p>\n","protected":false},"author":10,"featured_media":0,"parent":0,"menu_order":0,"comment_status":"closed","ping_status":"closed","template":"","meta":{"_acf_changed":false,"footnotes":""},"class_list":["post-24425","page","type-page","status-publish","hentry"],"acf":[],"yoast_head":"<!-- This site is optimized with the Yoast SEO plugin v27.5 - https:\/\/yoast.com\/product\/yoast-seo-wordpress\/ -->\n<title>Instructor de especialidad | Calero Diving Lanzarote<\/title>\n<meta name=\"robots\" content=\"index, follow, max-snippet:-1, max-image-preview:large, max-video-preview:-1\" \/>\n<link rel=\"canonical\" href=\"https:\/\/calerodiving.com\/es\/?page_id=24425\" \/>\n<meta property=\"og:locale\" content=\"es_ES\" \/>\n<meta property=\"og:type\" content=\"article\" \/>\n<meta property=\"og:title\" content=\"Instructor de especialidad | Calero Diving Lanzarote\" \/>\n<meta property=\"og:description\" content=\"Profesional Instructor de especialidad Avanza en tu carrera como instructor y gana experiencia Descripci\u00f3n general del programa: \u00bfYa eres instructor de SSI Open Water y sientes que est\u00e1s listo para empezar a ense\u00f1ar m\u00e1s? Entonces puedes formarte como instructor para diferentes especialidades con el fin de ampliar tu abanico de posibilidades como profesional o especializarte [&hellip;]\" \/>\n<meta property=\"og:url\" content=\"https:\/\/calerodiving.com\/es\/?page_id=24425\" \/>\n<meta property=\"og:site_name\" content=\"Calero Diving Lanzarote\" \/>\n<meta property=\"article:publisher\" content=\"https:\/\/www.facebook.com\/calerodiving\/\" \/>\n<meta property=\"article:modified_time\" content=\"2025-08-27T07:45:27+00:00\" \/>\n<meta property=\"og:image\" content=\"https:\/\/calerodiving.com\/wp-content\/uploads\/2025\/07\/imgi_49_Diving_Courses_Rubicon_diving_Lanzarote_Specialty_Instructor_card_SSI_Diving_d9fd9ae58f.webp\" \/>\n<meta name=\"twitter:card\" content=\"summary_large_image\" \/>\n<meta name=\"twitter:label1\" content=\"Tiempo de lectura\" \/>\n\t<meta name=\"twitter:data1\" content=\"1 minuto\" \/>\n<script type=\"application\/ld+json\" class=\"yoast-schema-graph\">{\"@context\":\"https:\\\/\\\/schema.org\",\"@graph\":[{\"@type\":\"WebPage\",\"@id\":\"https:\\\/\\\/calerodiving.com\\\/es\\\/?page_id=24425\",\"url\":\"https:\\\/\\\/calerodiving.com\\\/es\\\/?page_id=24425\",\"name\":\"Instructor de especialidad | Calero Diving Lanzarote\",\"isPartOf\":{\"@id\":\"https:\\\/\\\/calerodiving.com\\\/#website\"},\"primaryImageOfPage\":{\"@id\":\"https:\\\/\\\/calerodiving.com\\\/es\\\/?page_id=24425#primaryimage\"},\"image\":{\"@id\":\"https:\\\/\\\/calerodiving.com\\\/es\\\/?page_id=24425#primaryimage\"},\"thumbnailUrl\":\"https:\\\/\\\/calerodiving.com\\\/wp-content\\\/uploads\\\/2025\\\/07\\\/imgi_49_Diving_Courses_Rubicon_diving_Lanzarote_Specialty_Instructor_card_SSI_Diving_d9fd9ae58f.webp\",\"datePublished\":\"2025-08-27T07:45:24+00:00\",\"dateModified\":\"2025-08-27T07:45:27+00:00\",\"breadcrumb\":{\"@id\":\"https:\\\/\\\/calerodiving.com\\\/es\\\/?page_id=24425#breadcrumb\"},\"inLanguage\":\"es\",\"potentialAction\":[{\"@type\":\"ReadAction\",\"target\":[\"https:\\\/\\\/calerodiving.com\\\/es\\\/?page_id=24425\"]}]},{\"@type\":\"ImageObject\",\"inLanguage\":\"es\",\"@id\":\"https:\\\/\\\/calerodiving.com\\\/es\\\/?page_id=24425#primaryimage\",\"url\":\"https:\\\/\\\/calerodiving.com\\\/wp-content\\\/uploads\\\/2025\\\/07\\\/imgi_49_Diving_Courses_Rubicon_diving_Lanzarote_Specialty_Instructor_card_SSI_Diving_d9fd9ae58f.webp\",\"contentUrl\":\"https:\\\/\\\/calerodiving.com\\\/wp-content\\\/uploads\\\/2025\\\/07\\\/imgi_49_Diving_Courses_Rubicon_diving_Lanzarote_Specialty_Instructor_card_SSI_Diving_d9fd9ae58f.webp\"},{\"@type\":\"BreadcrumbList\",\"@id\":\"https:\\\/\\\/calerodiving.com\\\/es\\\/?page_id=24425#breadcrumb\",\"itemListElement\":[{\"@type\":\"ListItem\",\"position\":1,\"name\":\"Home\",\"item\":\"https:\\\/\\\/calerodiving.com\\\/es\\\/\"},{\"@type\":\"ListItem\",\"position\":2,\"name\":\"Instructor de especialidad\"}]},{\"@type\":\"WebSite\",\"@id\":\"https:\\\/\\\/calerodiving.com\\\/#website\",\"url\":\"https:\\\/\\\/calerodiving.com\\\/\",\"name\":\"Calero Diving Lanzarote\",\"description\":\"Diving Center Lanzarote\",\"publisher\":{\"@id\":\"https:\\\/\\\/calerodiving.com\\\/#organization\"},\"alternateName\":\"Calero Diving\",\"potentialAction\":[{\"@type\":\"SearchAction\",\"target\":{\"@type\":\"EntryPoint\",\"urlTemplate\":\"https:\\\/\\\/calerodiving.com\\\/?s={search_term_string}\"},\"query-input\":{\"@type\":\"PropertyValueSpecification\",\"valueRequired\":true,\"valueName\":\"search_term_string\"}}],\"inLanguage\":\"es\"},{\"@type\":\"Organization\",\"@id\":\"https:\\\/\\\/calerodiving.com\\\/#organization\",\"name\":\"Calero Diving Lanzarote\",\"alternateName\":\"Calero Diving\",\"url\":\"https:\\\/\\\/calerodiving.com\\\/\",\"logo\":{\"@type\":\"ImageObject\",\"inLanguage\":\"es\",\"@id\":\"https:\\\/\\\/calerodiving.com\\\/#\\\/schema\\\/logo\\\/image\\\/\",\"url\":\"https:\\\/\\\/calerodiving.com\\\/wp-content\\\/uploads\\\/2025\\\/05\\\/Grupo.png\",\"contentUrl\":\"https:\\\/\\\/calerodiving.com\\\/wp-content\\\/uploads\\\/2025\\\/05\\\/Grupo.png\",\"width\":499,\"height\":590,\"caption\":\"Calero Diving Lanzarote\"},\"image\":{\"@id\":\"https:\\\/\\\/calerodiving.com\\\/#\\\/schema\\\/logo\\\/image\\\/\"},\"sameAs\":[\"https:\\\/\\\/www.facebook.com\\\/calerodiving\\\/\",\"https:\\\/\\\/www.instagram.com\\\/calerodiving\\\/\"]}]}<\/script>\n<!-- \/ Yoast SEO plugin. -->","yoast_head_json":{"title":"Instructor de especialidad | Calero Diving Lanzarote","robots":{"index":"index","follow":"follow","max-snippet":"max-snippet:-1","max-image-preview":"max-image-preview:large","max-video-preview":"max-video-preview:-1"},"canonical":"https:\/\/calerodiving.com\/es\/?page_id=24425","og_locale":"es_ES","og_type":"article","og_title":"Instructor de especialidad | Calero Diving Lanzarote","og_description":"Profesional Instructor de especialidad Avanza en tu carrera como instructor y gana experiencia Descripci\u00f3n general del programa: \u00bfYa eres instructor de SSI Open Water y sientes que est\u00e1s listo para empezar a ense\u00f1ar m\u00e1s? Entonces puedes formarte como instructor para diferentes especialidades con el fin de ampliar tu abanico de posibilidades como profesional o especializarte [&hellip;]","og_url":"https:\/\/calerodiving.com\/es\/?page_id=24425","og_site_name":"Calero Diving Lanzarote","article_publisher":"https:\/\/www.facebook.com\/calerodiving\/","article_modified_time":"2025-08-27T07:45:27+00:00","og_image":[{"url":"https:\/\/calerodiving.com\/wp-content\/uploads\/2025\/07\/imgi_49_Diving_Courses_Rubicon_diving_Lanzarote_Specialty_Instructor_card_SSI_Diving_d9fd9ae58f.webp","type":"","width":"","height":""}],"twitter_card":"summary_large_image","twitter_misc":{"Tiempo de lectura":"1 minuto"},"schema":{"@context":"https:\/\/schema.org","@graph":[{"@type":"WebPage","@id":"https:\/\/calerodiving.com\/es\/?page_id=24425","url":"https:\/\/calerodiving.com\/es\/?page_id=24425","name":"Instructor de especialidad | Calero Diving Lanzarote","isPartOf":{"@id":"https:\/\/calerodiving.com\/#website"},"primaryImageOfPage":{"@id":"https:\/\/calerodiving.com\/es\/?page_id=24425#primaryimage"},"image":{"@id":"https:\/\/calerodiving.com\/es\/?page_id=24425#primaryimage"},"thumbnailUrl":"https:\/\/calerodiving.com\/wp-content\/uploads\/2025\/07\/imgi_49_Diving_Courses_Rubicon_diving_Lanzarote_Specialty_Instructor_card_SSI_Diving_d9fd9ae58f.webp","datePublished":"2025-08-27T07:45:24+00:00","dateModified":"2025-08-27T07:45:27+00:00","breadcrumb":{"@id":"https:\/\/calerodiving.com\/es\/?page_id=24425#breadcrumb"},"inLanguage":"es","potentialAction":[{"@type":"ReadAction","target":["https:\/\/calerodiving.com\/es\/?page_id=24425"]}]},{"@type":"ImageObject","inLanguage":"es","@id":"https:\/\/calerodiving.com\/es\/?page_id=24425#primaryimage","url":"https:\/\/calerodiving.com\/wp-content\/uploads\/2025\/07\/imgi_49_Diving_Courses_Rubicon_diving_Lanzarote_Specialty_Instructor_card_SSI_Diving_d9fd9ae58f.webp","contentUrl":"https:\/\/calerodiving.com\/wp-content\/uploads\/2025\/07\/imgi_49_Diving_Courses_Rubicon_diving_Lanzarote_Specialty_Instructor_card_SSI_Diving_d9fd9ae58f.webp"},{"@type":"BreadcrumbList","@id":"https:\/\/calerodiving.com\/es\/?page_id=24425#breadcrumb","itemListElement":[{"@type":"ListItem","position":1,"name":"Home","item":"https:\/\/calerodiving.com\/es\/"},{"@type":"ListItem","position":2,"name":"Instructor de especialidad"}]},{"@type":"WebSite","@id":"https:\/\/calerodiving.com\/#website","url":"https:\/\/calerodiving.com\/","name":"Calero Diving Lanzarote","description":"Diving Center Lanzarote","publisher":{"@id":"https:\/\/calerodiving.com\/#organization"},"alternateName":"Calero Diving","potentialAction":[{"@type":"SearchAction","target":{"@type":"EntryPoint","urlTemplate":"https:\/\/calerodiving.com\/?s={search_term_string}"},"query-input":{"@type":"PropertyValueSpecification","valueRequired":true,"valueName":"search_term_string"}}],"inLanguage":"es"},{"@type":"Organization","@id":"https:\/\/calerodiving.com\/#organization","name":"Calero Diving Lanzarote","alternateName":"Calero Diving","url":"https:\/\/calerodiving.com\/","logo":{"@type":"ImageObject","inLanguage":"es","@id":"https:\/\/calerodiving.com\/#\/schema\/logo\/image\/","url":"https:\/\/calerodiving.com\/wp-content\/uploads\/2025\/05\/Grupo.png","contentUrl":"https:\/\/calerodiving.com\/wp-content\/uploads\/2025\/05\/Grupo.png","width":499,"height":590,"caption":"Calero Diving Lanzarote"},"image":{"@id":"https:\/\/calerodiving.com\/#\/schema\/logo\/image\/"},"sameAs":["https:\/\/www.facebook.com\/calerodiving\/","https:\/\/www.instagram.com\/calerodiving\/"]}]}},"_links":{"self":[{"href":"https:\/\/calerodiving.com\/es\/wp-json\/wp\/v2\/pages\/24425","targetHints":{"allow":["GET"]}}],"collection":[{"href":"https:\/\/calerodiving.com\/es\/wp-json\/wp\/v2\/pages"}],"about":[{"href":"https:\/\/calerodiving.com\/es\/wp-json\/wp\/v2\/types\/page"}],"author":[{"embeddable":true,"href":"https:\/\/calerodiving.com\/es\/wp-json\/wp\/v2\/users\/10"}],"replies":[{"embeddable":true,"href":"https:\/\/calerodiving.com\/es\/wp-json\/wp\/v2\/comments?post=24425"}],"version-history":[{"count":2,"href":"https:\/\/calerodiving.com\/es\/wp-json\/wp\/v2\/pages\/24425\/revisions"}],"predecessor-version":[{"id":24427,"href":"https:\/\/calerodiving.com\/es\/wp-json\/wp\/v2\/pages\/24425\/revisions\/24427"}],"wp:attachment":[{"href":"https:\/\/calerodiving.com\/es\/wp-json\/wp\/v2\/media?parent=24425"}],"curies":[{"name":"wp","href":"https:\/\/api.w.org\/{rel}","templated":true}]}}