{"id":24410,"date":"2025-08-27T08:44:51","date_gmt":"2025-08-27T07:44:51","guid":{"rendered":"https:\/\/calerodiving.com\/buceador-basico\/"},"modified":"2026-04-20T13:33:18","modified_gmt":"2026-04-20T12:33:18","slug":"buceador-basico","status":"publish","type":"page","link":"https:\/\/calerodiving.com\/es\/buceador-basico\/","title":{"rendered":"Buceador b\u00e1sico"},"content":{"rendered":"\t\t<div data-elementor-type=\"wp-page\" data-elementor-id=\"24410\" class=\"elementor elementor-24410 elementor-21698\" data-elementor-post-type=\"page\">\n\t\t\t\t<div class=\"elementor-element elementor-element-8576626 e-flex e-con-boxed e-con e-parent\" data-id=\"8576626\" data-element_type=\"container\" data-e-type=\"container\">\n\t\t\t\t\t<div class=\"e-con-inner\">\n\t\t<div class=\"elementor-element elementor-element-2df522f e-con-full e-flex e-con e-child\" data-id=\"2df522f\" data-element_type=\"container\" data-e-type=\"container\">\n\t\t\t\t<div class=\"elementor-element elementor-element-4bbd99c elementor-widget elementor-widget-image\" data-id=\"4bbd99c\" data-element_type=\"widget\" data-e-type=\"widget\" data-widget_type=\"image.default\">\n\t\t\t\t<div class=\"elementor-widget-container\">\n\t\t\t\t\t\t\t\t\t\t\t\t\t\t\t<img fetchpriority=\"high\" decoding=\"async\" width=\"800\" height=\"508\" src=\"https:\/\/calerodiving.com\/wp-content\/uploads\/2022\/02\/1000-1.jpeg\" class=\"attachment-large size-large wp-image-14898\" alt=\"Basic Diver\" srcset=\"https:\/\/calerodiving.com\/wp-content\/uploads\/2022\/02\/1000-1.jpeg 1000w, https:\/\/calerodiving.com\/wp-content\/uploads\/2022\/02\/1000-1-300x191.jpeg 300w, https:\/\/calerodiving.com\/wp-content\/uploads\/2022\/02\/1000-1-768x488.jpeg 768w, https:\/\/calerodiving.com\/wp-content\/uploads\/2022\/02\/1000-1-705x448.jpeg 705w\" sizes=\"(max-width: 800px) 100vw, 800px\" \/>\t\t\t\t\t\t\t\t\t\t\t\t\t\t\t<\/div>\n\t\t\t\t<\/div>\n\t\t\t\t<\/div>\n\t\t<div class=\"elementor-element elementor-element-502d166 e-con-full e-flex e-con e-child\" data-id=\"502d166\" data-element_type=\"container\" data-e-type=\"container\">\n\t\t<div class=\"elementor-element elementor-element-257dae7 e-con-full e-flex e-con e-child\" data-id=\"257dae7\" data-element_type=\"container\" data-e-type=\"container\">\n\t\t\t\t<div class=\"elementor-element elementor-element-fe51e91 elementor-widget elementor-widget-html\" data-id=\"fe51e91\" data-element_type=\"widget\" data-e-type=\"widget\" data-widget_type=\"html.default\">\n\t\t\t\t<div class=\"elementor-widget-container\">\n\t\t\t\t\t<a href=\"https:\/\/calerodiving.com\/es\/?page_id=24212#recreational\" class=\"tag-button\">recreativo<\/a>\n\t\t\t\t<\/div>\n\t\t\t\t<\/div>\n\t\t\t\t<div class=\"elementor-element elementor-element-b6c7a0d elementor-widget elementor-widget-heading\" data-id=\"b6c7a0d\" data-element_type=\"widget\" data-e-type=\"widget\" data-widget_type=\"heading.default\">\n\t\t\t\t<div class=\"elementor-widget-container\">\n\t\t\t\t\t<h2 class=\"elementor-heading-title elementor-size-default\">Basic Diver<\/h2>\t\t\t\t<\/div>\n\t\t\t\t<\/div>\n\t\t\t\t<\/div>\n\t\t\t\t<\/div>\n\t\t\t\t\t<\/div>\n\t\t\t\t<\/div>\n\t\t<div class=\"elementor-element elementor-element-7791f5c e-flex e-con-boxed e-con e-parent\" data-id=\"7791f5c\" data-element_type=\"container\" data-e-type=\"container\">\n\t\t\t\t\t<div class=\"e-con-inner\">\n\t\t<div class=\"elementor-element elementor-element-9467938 e-con-full e-flex e-con e-child\" data-id=\"9467938\" data-element_type=\"container\" data-e-type=\"container\">\n\t\t<div class=\"elementor-element elementor-element-880ed0d e-con-full e-flex e-con e-child\" data-id=\"880ed0d\" data-element_type=\"container\" data-e-type=\"container\">\n\t\t\t\t<div class=\"elementor-element elementor-element-63a89ef elementor-widget elementor-widget-heading\" data-id=\"63a89ef\" data-element_type=\"widget\" data-e-type=\"widget\" data-widget_type=\"heading.default\">\n\t\t\t\t<div class=\"elementor-widget-container\">\n\t\t\t\t\t<h2 class=\"elementor-heading-title elementor-size-default\">Tu primera experiencia de buceo con una certificaci\u00f3n temporal.<\/h2>\t\t\t\t<\/div>\n\t\t\t\t<\/div>\n\t\t\t\t<div class=\"elementor-element elementor-element-faf3442 elementor-widget elementor-widget-text-editor\" data-id=\"faf3442\" data-element_type=\"widget\" data-e-type=\"widget\" data-widget_type=\"text-editor.default\">\n\t\t\t\t<div class=\"elementor-widget-container\">\n\t\t\t\t\t\t\t\t\t<div class=\"section-list\">\n<h3>Resumen del programa:<\/h3>\n<p>El programa SSI Basic Diver es tu primer paso real en el buceo, combinando teor\u00eda, pr\u00e1ctica y dos inmersiones en una sola experiencia.<\/p>\n<p><span style=\"font-family: -apple-system, BlinkMacSystemFont, &quot;SF Pro Display&quot;, &quot;Helvetica Neue&quot;, sans-serif;\">Comenzar\u00e1s con una breve introducci\u00f3n a los conceptos b\u00e1sicos, seguida de una inmersi\u00f3n poco profunda donde practicar\u00e1s la respiraci\u00f3n, el movimiento y la flotabilidad.<\/span><\/p><p><span style=\"font-family: -apple-system, BlinkMacSystemFont, &quot;SF Pro Display&quot;, &quot;Helvetica Neue&quot;, sans-serif;\">Despu\u00e9s de una breve pausa, volver\u00e1s al agua para una segunda inmersi\u00f3n, donde podr\u00e1s relajarte y disfrutar de un recorrido guiado por uno de los puntos de buceo locales.<\/span><\/p><p><span style=\"font-family: -apple-system, BlinkMacSystemFont, &quot;SF Pro Display&quot;, &quot;Helvetica Neue&quot;, sans-serif;\">Al final de la experiencia recibir\u00e1s tu certificaci\u00f3n SSI Basic Diver en formato digital.<\/span><\/p><p><span style=\"font-family: -apple-system, BlinkMacSystemFont, &quot;SF Pro Display&quot;, &quot;Helvetica Neue&quot;, sans-serif;\">Esta certificaci\u00f3n es v\u00e1lida durante 6 meses y te permite bucear hasta 12 metros bajo la supervisi\u00f3n directa de un profesional.<\/span><\/p><p><span style=\"font-family: -apple-system, BlinkMacSystemFont, &quot;SF Pro Display&quot;, &quot;Helvetica Neue&quot;, sans-serif;\">Tambi\u00e9n se puede acreditar para el curso Open Water Diver y te da una ventaja si decides continuar tu formaci\u00f3n.<\/span><\/p>\n<h3>Duraci\u00f3n<\/h3>\n<ul>\n<li>Aprox. 4 horas<\/li>\n<\/ul>\n<h3>Incluye<\/h3>\n<ul>\n<li>Alquiler del equipo<\/li>\n<li>Materiales digitales<\/li>\n<li>Seguro de buceo<\/li>\n<li>Certificaci\u00f3n SSI Basic Diver<\/li>\n<\/ul>\n<h3>No incluido<\/h3>\n<ul>\n<li>Fotos submarinas (alquiler de c\u00e1mara disponible bajo petici\u00f3n)<\/li>\n<\/ul>\n<h3>Requisitos<\/h3>\n<ul>\n<li>Capacidad b\u00e1sica de nataci\u00f3n<\/li>\n<li>Edad m\u00ednima de 10 a\u00f1os<\/li>\n<\/ul>\n<\/div>\t\t\t\t\t\t\t\t<\/div>\n\t\t\t\t<\/div>\n\t\t\t\t<\/div>\n\t\t\t\t<\/div>\n\t\t<div class=\"elementor-element elementor-element-0e9dc12 e-con-full e-flex e-con e-child\" data-id=\"0e9dc12\" data-element_type=\"container\" data-e-type=\"container\">\n\t\t<div class=\"elementor-element elementor-element-15c061c e-con-full course-sidebar-box e-flex e-con e-child\" data-id=\"15c061c\" data-element_type=\"container\" data-e-type=\"container\" data-settings=\"{&quot;sticky&quot;:&quot;top&quot;,&quot;sticky_offset&quot;:110,&quot;sticky_effects_offset&quot;:130,&quot;sticky_parent&quot;:&quot;yes&quot;,&quot;sticky_on&quot;:[&quot;desktop&quot;,&quot;tablet&quot;,&quot;mobile&quot;],&quot;sticky_anchor_link_offset&quot;:0}\">\n\t\t\t\t<div class=\"elementor-element elementor-element-878e393 elementor-widget elementor-widget-text-editor\" data-id=\"878e393\" data-element_type=\"widget\" data-e-type=\"widget\" data-widget_type=\"text-editor.default\">\n\t\t\t\t<div class=\"elementor-widget-container\">\n\t\t\t\t\t\t\t\t\t<div class=\"courses-info\"><h6 class=\"no-margin\">Duraci\u00f3n:<\/h6><p class=\"no-margin\">Curso de 4 horas<\/p><\/div><div class=\"courses-info\"><h6 class=\"no-margin\">Precio:<\/h6><p class=\"no-margin\">Desde 175 \u20ac<\/p><\/div>\t\t\t\t\t\t\t\t<\/div>\n\t\t\t\t<\/div>\n\t\t\t\t<div class=\"elementor-element elementor-element-3fc9a35 elementor-mobile-align-center elementor-widget elementor-widget-button\" data-id=\"3fc9a35\" data-element_type=\"widget\" data-e-type=\"widget\" data-widget_type=\"button.default\">\n\t\t\t\t<div class=\"elementor-widget-container\">\n\t\t\t\t\t\t\t\t\t<div class=\"elementor-button-wrapper\">\n\t\t\t\t\t<a class=\"elementor-button elementor-button-link elementor-size-sm\" href=\"https:\/\/bukyapp.com\/booking?mode=pack&#038;product=621d3a524db01a005f510d0e&#038;lang=en&#038;_gl=1*1fpl0cs*_ga*ODU1MDM5OTIuMTc0MTE5MTcyMQ..*_ga_4WWMT2EY3C*czE3NTI0ODMwNDIkbzYzJGcxJHQxNzUyNDgzNTA5JGo1MyRsMCRoMA..\" target=\"_blank\">\n\t\t\t\t\t\t<span class=\"elementor-button-content-wrapper\">\n\t\t\t\t\t\t\t\t\t<span class=\"elementor-button-text\">Comprar curso<\/span>\n\t\t\t\t\t<\/span>\n\t\t\t\t\t<\/a>\n\t\t\t\t<\/div>\n\t\t\t\t\t\t\t\t<\/div>\n\t\t\t\t<\/div>\n\t\t\t\t<\/div>\n\t\t\t\t<\/div>\n\t\t\t\t\t<\/div>\n\t\t\t\t<\/div>\n\t\t\t\t<\/div>\n\t\t","protected":false},"excerpt":{"rendered":"<p>recreativo Basic Diver Tu primera experiencia de buceo con una certificaci\u00f3n temporal. Resumen del programa: El programa SSI Basic Diver es tu primer paso real en el buceo, combinando teor\u00eda, pr\u00e1ctica y dos inmersiones en una sola experiencia. Comenzar\u00e1s con una breve introducci\u00f3n a los conceptos b\u00e1sicos, seguida de una inmersi\u00f3n poco profunda donde practicar\u00e1s [&hellip;]<\/p>\n","protected":false},"author":10,"featured_media":0,"parent":0,"menu_order":0,"comment_status":"closed","ping_status":"closed","template":"","meta":{"_acf_changed":false,"footnotes":""},"class_list":["post-24410","page","type-page","status-publish","hentry"],"acf":[],"yoast_head":"<!-- This site is optimized with the Yoast SEO plugin v27.5 - https:\/\/yoast.com\/product\/yoast-seo-wordpress\/ -->\n<title>Buceador b\u00e1sico | Calero Diving Lanzarote<\/title>\n<meta name=\"robots\" content=\"index, follow, max-snippet:-1, max-image-preview:large, max-video-preview:-1\" \/>\n<link rel=\"canonical\" href=\"https:\/\/calerodiving.com\/basic-diver\/\" \/>\n<meta property=\"og:locale\" content=\"es_ES\" \/>\n<meta property=\"og:type\" content=\"article\" \/>\n<meta property=\"og:title\" content=\"Buceador b\u00e1sico | Calero Diving Lanzarote\" \/>\n<meta property=\"og:description\" content=\"recreativo Basic Diver Tu primera experiencia de buceo con una certificaci\u00f3n temporal. Resumen del programa: El programa SSI Basic Diver es tu primer paso real en el buceo, combinando teor\u00eda, pr\u00e1ctica y dos inmersiones en una sola experiencia. Comenzar\u00e1s con una breve introducci\u00f3n a los conceptos b\u00e1sicos, seguida de una inmersi\u00f3n poco profunda donde practicar\u00e1s [&hellip;]\" \/>\n<meta property=\"og:url\" content=\"https:\/\/calerodiving.com\/basic-diver\/\" \/>\n<meta property=\"og:site_name\" content=\"Calero Diving Lanzarote\" \/>\n<meta property=\"article:publisher\" content=\"https:\/\/www.facebook.com\/calerodiving\/\" \/>\n<meta property=\"article:modified_time\" content=\"2026-04-20T12:33:18+00:00\" \/>\n<meta property=\"og:image\" content=\"https:\/\/calerodiving.com\/wp-content\/uploads\/2022\/02\/1000-1.jpeg\" \/>\n\t<meta property=\"og:image:width\" content=\"1000\" \/>\n\t<meta property=\"og:image:height\" content=\"635\" \/>\n\t<meta property=\"og:image:type\" content=\"image\/jpeg\" \/>\n<meta name=\"twitter:card\" content=\"summary_large_image\" \/>\n<meta name=\"twitter:label1\" content=\"Tiempo de lectura\" \/>\n\t<meta name=\"twitter:data1\" content=\"2 minutos\" \/>\n<script type=\"application\/ld+json\" class=\"yoast-schema-graph\">{\"@context\":\"https:\\\/\\\/schema.org\",\"@graph\":[{\"@type\":\"WebPage\",\"@id\":\"https:\\\/\\\/calerodiving.com\\\/basic-diver\\\/\",\"url\":\"https:\\\/\\\/calerodiving.com\\\/basic-diver\\\/\",\"name\":\"Buceador b\u00e1sico | Calero Diving Lanzarote\",\"isPartOf\":{\"@id\":\"https:\\\/\\\/calerodiving.com\\\/#website\"},\"primaryImageOfPage\":{\"@id\":\"https:\\\/\\\/calerodiving.com\\\/basic-diver\\\/#primaryimage\"},\"image\":{\"@id\":\"https:\\\/\\\/calerodiving.com\\\/basic-diver\\\/#primaryimage\"},\"thumbnailUrl\":\"https:\\\/\\\/calerodiving.com\\\/wp-content\\\/uploads\\\/2022\\\/02\\\/1000-1.jpeg\",\"datePublished\":\"2025-08-27T07:44:51+00:00\",\"dateModified\":\"2026-04-20T12:33:18+00:00\",\"breadcrumb\":{\"@id\":\"https:\\\/\\\/calerodiving.com\\\/basic-diver\\\/#breadcrumb\"},\"inLanguage\":\"es\",\"potentialAction\":[{\"@type\":\"ReadAction\",\"target\":[\"https:\\\/\\\/calerodiving.com\\\/basic-diver\\\/\"]}]},{\"@type\":\"ImageObject\",\"inLanguage\":\"es\",\"@id\":\"https:\\\/\\\/calerodiving.com\\\/basic-diver\\\/#primaryimage\",\"url\":\"https:\\\/\\\/calerodiving.com\\\/wp-content\\\/uploads\\\/2022\\\/02\\\/1000-1.jpeg\",\"contentUrl\":\"https:\\\/\\\/calerodiving.com\\\/wp-content\\\/uploads\\\/2022\\\/02\\\/1000-1.jpeg\"},{\"@type\":\"BreadcrumbList\",\"@id\":\"https:\\\/\\\/calerodiving.com\\\/basic-diver\\\/#breadcrumb\",\"itemListElement\":[{\"@type\":\"ListItem\",\"position\":1,\"name\":\"Home\",\"item\":\"https:\\\/\\\/calerodiving.com\\\/es\\\/\"},{\"@type\":\"ListItem\",\"position\":2,\"name\":\"Buceador b\u00e1sico\"}]},{\"@type\":\"WebSite\",\"@id\":\"https:\\\/\\\/calerodiving.com\\\/#website\",\"url\":\"https:\\\/\\\/calerodiving.com\\\/\",\"name\":\"Calero Diving Lanzarote\",\"description\":\"Diving Center Lanzarote\",\"publisher\":{\"@id\":\"https:\\\/\\\/calerodiving.com\\\/#organization\"},\"alternateName\":\"Calero Diving\",\"potentialAction\":[{\"@type\":\"SearchAction\",\"target\":{\"@type\":\"EntryPoint\",\"urlTemplate\":\"https:\\\/\\\/calerodiving.com\\\/?s={search_term_string}\"},\"query-input\":{\"@type\":\"PropertyValueSpecification\",\"valueRequired\":true,\"valueName\":\"search_term_string\"}}],\"inLanguage\":\"es\"},{\"@type\":\"Organization\",\"@id\":\"https:\\\/\\\/calerodiving.com\\\/#organization\",\"name\":\"Calero Diving Lanzarote\",\"alternateName\":\"Calero Diving\",\"url\":\"https:\\\/\\\/calerodiving.com\\\/\",\"logo\":{\"@type\":\"ImageObject\",\"inLanguage\":\"es\",\"@id\":\"https:\\\/\\\/calerodiving.com\\\/#\\\/schema\\\/logo\\\/image\\\/\",\"url\":\"https:\\\/\\\/calerodiving.com\\\/wp-content\\\/uploads\\\/2025\\\/05\\\/Grupo.png\",\"contentUrl\":\"https:\\\/\\\/calerodiving.com\\\/wp-content\\\/uploads\\\/2025\\\/05\\\/Grupo.png\",\"width\":499,\"height\":590,\"caption\":\"Calero Diving Lanzarote\"},\"image\":{\"@id\":\"https:\\\/\\\/calerodiving.com\\\/#\\\/schema\\\/logo\\\/image\\\/\"},\"sameAs\":[\"https:\\\/\\\/www.facebook.com\\\/calerodiving\\\/\",\"https:\\\/\\\/www.instagram.com\\\/calerodiving\\\/\"]}]}<\/script>\n<!-- \/ Yoast SEO plugin. -->","yoast_head_json":{"title":"Buceador b\u00e1sico | Calero Diving Lanzarote","robots":{"index":"index","follow":"follow","max-snippet":"max-snippet:-1","max-image-preview":"max-image-preview:large","max-video-preview":"max-video-preview:-1"},"canonical":"https:\/\/calerodiving.com\/basic-diver\/","og_locale":"es_ES","og_type":"article","og_title":"Buceador b\u00e1sico | Calero Diving Lanzarote","og_description":"recreativo Basic Diver Tu primera experiencia de buceo con una certificaci\u00f3n temporal. Resumen del programa: El programa SSI Basic Diver es tu primer paso real en el buceo, combinando teor\u00eda, pr\u00e1ctica y dos inmersiones en una sola experiencia. Comenzar\u00e1s con una breve introducci\u00f3n a los conceptos b\u00e1sicos, seguida de una inmersi\u00f3n poco profunda donde practicar\u00e1s [&hellip;]","og_url":"https:\/\/calerodiving.com\/basic-diver\/","og_site_name":"Calero Diving Lanzarote","article_publisher":"https:\/\/www.facebook.com\/calerodiving\/","article_modified_time":"2026-04-20T12:33:18+00:00","og_image":[{"width":1000,"height":635,"url":"https:\/\/calerodiving.com\/wp-content\/uploads\/2022\/02\/1000-1.jpeg","type":"image\/jpeg"}],"twitter_card":"summary_large_image","twitter_misc":{"Tiempo de lectura":"2 minutos"},"schema":{"@context":"https:\/\/schema.org","@graph":[{"@type":"WebPage","@id":"https:\/\/calerodiving.com\/basic-diver\/","url":"https:\/\/calerodiving.com\/basic-diver\/","name":"Buceador b\u00e1sico | Calero Diving Lanzarote","isPartOf":{"@id":"https:\/\/calerodiving.com\/#website"},"primaryImageOfPage":{"@id":"https:\/\/calerodiving.com\/basic-diver\/#primaryimage"},"image":{"@id":"https:\/\/calerodiving.com\/basic-diver\/#primaryimage"},"thumbnailUrl":"https:\/\/calerodiving.com\/wp-content\/uploads\/2022\/02\/1000-1.jpeg","datePublished":"2025-08-27T07:44:51+00:00","dateModified":"2026-04-20T12:33:18+00:00","breadcrumb":{"@id":"https:\/\/calerodiving.com\/basic-diver\/#breadcrumb"},"inLanguage":"es","potentialAction":[{"@type":"ReadAction","target":["https:\/\/calerodiving.com\/basic-diver\/"]}]},{"@type":"ImageObject","inLanguage":"es","@id":"https:\/\/calerodiving.com\/basic-diver\/#primaryimage","url":"https:\/\/calerodiving.com\/wp-content\/uploads\/2022\/02\/1000-1.jpeg","contentUrl":"https:\/\/calerodiving.com\/wp-content\/uploads\/2022\/02\/1000-1.jpeg"},{"@type":"BreadcrumbList","@id":"https:\/\/calerodiving.com\/basic-diver\/#breadcrumb","itemListElement":[{"@type":"ListItem","position":1,"name":"Home","item":"https:\/\/calerodiving.com\/es\/"},{"@type":"ListItem","position":2,"name":"Buceador b\u00e1sico"}]},{"@type":"WebSite","@id":"https:\/\/calerodiving.com\/#website","url":"https:\/\/calerodiving.com\/","name":"Calero Diving Lanzarote","description":"Diving Center Lanzarote","publisher":{"@id":"https:\/\/calerodiving.com\/#organization"},"alternateName":"Calero Diving","potentialAction":[{"@type":"SearchAction","target":{"@type":"EntryPoint","urlTemplate":"https:\/\/calerodiving.com\/?s={search_term_string}"},"query-input":{"@type":"PropertyValueSpecification","valueRequired":true,"valueName":"search_term_string"}}],"inLanguage":"es"},{"@type":"Organization","@id":"https:\/\/calerodiving.com\/#organization","name":"Calero Diving Lanzarote","alternateName":"Calero Diving","url":"https:\/\/calerodiving.com\/","logo":{"@type":"ImageObject","inLanguage":"es","@id":"https:\/\/calerodiving.com\/#\/schema\/logo\/image\/","url":"https:\/\/calerodiving.com\/wp-content\/uploads\/2025\/05\/Grupo.png","contentUrl":"https:\/\/calerodiving.com\/wp-content\/uploads\/2025\/05\/Grupo.png","width":499,"height":590,"caption":"Calero Diving Lanzarote"},"image":{"@id":"https:\/\/calerodiving.com\/#\/schema\/logo\/image\/"},"sameAs":["https:\/\/www.facebook.com\/calerodiving\/","https:\/\/www.instagram.com\/calerodiving\/"]}]}},"_links":{"self":[{"href":"https:\/\/calerodiving.com\/es\/wp-json\/wp\/v2\/pages\/24410","targetHints":{"allow":["GET"]}}],"collection":[{"href":"https:\/\/calerodiving.com\/es\/wp-json\/wp\/v2\/pages"}],"about":[{"href":"https:\/\/calerodiving.com\/es\/wp-json\/wp\/v2\/types\/page"}],"author":[{"embeddable":true,"href":"https:\/\/calerodiving.com\/es\/wp-json\/wp\/v2\/users\/10"}],"replies":[{"embeddable":true,"href":"https:\/\/calerodiving.com\/es\/wp-json\/wp\/v2\/comments?post=24410"}],"version-history":[{"count":14,"href":"https:\/\/calerodiving.com\/es\/wp-json\/wp\/v2\/pages\/24410\/revisions"}],"predecessor-version":[{"id":28363,"href":"https:\/\/calerodiving.com\/es\/wp-json\/wp\/v2\/pages\/24410\/revisions\/28363"}],"wp:attachment":[{"href":"https:\/\/calerodiving.com\/es\/wp-json\/wp\/v2\/media?parent=24410"}],"curies":[{"name":"wp","href":"https:\/\/api.w.org\/{rel}","templated":true}]}}