{"id":24404,"date":"2025-08-27T08:44:38","date_gmt":"2025-08-27T07:44:38","guid":{"rendered":"https:\/\/calerodiving.com\/politica-de-privacidad\/"},"modified":"2026-02-17T14:56:57","modified_gmt":"2026-02-17T13:56:57","slug":"politica-de-privacidad","status":"publish","type":"page","link":"https:\/\/calerodiving.com\/es\/politica-de-privacidad\/","title":{"rendered":"Pol\u00edtica de privacidad"},"content":{"rendered":"\t\t<div data-elementor-type=\"wp-page\" data-elementor-id=\"24404\" class=\"elementor elementor-24404 elementor-22449\" data-elementor-post-type=\"page\">\n\t\t\t\t<div class=\"elementor-element elementor-element-4d787fb e-flex e-con-boxed e-con e-parent\" data-id=\"4d787fb\" data-element_type=\"container\" data-e-type=\"container\">\n\t\t\t\t\t<div class=\"e-con-inner\">\n\t\t\t\t<div class=\"elementor-element elementor-element-45962ab elementor-widget elementor-widget-heading\" data-id=\"45962ab\" data-element_type=\"widget\" data-e-type=\"widget\" data-widget_type=\"heading.default\">\n\t\t\t\t<div class=\"elementor-widget-container\">\n\t\t\t\t\t<h2 class=\"elementor-heading-title elementor-size-default\">Pol\u00edtica de privacidad<\/h2>\t\t\t\t<\/div>\n\t\t\t\t<\/div>\n\t\t<div class=\"elementor-element elementor-element-33297b2 e-con-full e-flex e-con e-child\" data-id=\"33297b2\" data-element_type=\"container\" data-e-type=\"container\">\n\t\t\t\t<div class=\"elementor-element elementor-element-be59fdb elementor-widget elementor-widget-text-editor\" data-id=\"be59fdb\" data-element_type=\"widget\" data-e-type=\"widget\" data-widget_type=\"text-editor.default\">\n\t\t\t\t<div class=\"elementor-widget-container\">\n\t\t\t\t\t\t\t\t\t<p>El uso de nuestro sitio web es posible sin proporcionar datos personales. Pueden aplicarse regulaciones diferentes al uso de servicios individuales en nuestro sitio web, que se explicar\u00e1n por separado a continuaci\u00f3n. Solo procesaremos sus datos personales (por ejemplo, nombre, direcci\u00f3n, direcci\u00f3n de correo electr\u00f3nico, n\u00famero de tel\u00e9fono, etc.) de acuerdo con las disposiciones de la ley alemana de protecci\u00f3n de datos. Los datos se consideran datos personales cuando se pueden asignar claramente a una persona f\u00edsica espec\u00edfica. La base legal para la protecci\u00f3n de datos se encuentra en la Ley Federal de Protecci\u00f3n de Datos (BDSG) y la Ley de Telemedia (TMG). Las siguientes regulaciones le informan sobre el tipo, alcance y prop\u00f3sito de la recopilaci\u00f3n, uso y procesamiento de datos personales por parte del proveedor.<\/p><p>Mariposa Diving S.L<br \/>CIF: B26578021<br \/>Plaza del Arte 11-14<br \/>35571 &#8211; Yaiza, Puerto Calero<br \/>Lanzarote<\/p><p>Cifrado SSL<br \/>Para proteger la seguridad de sus datos durante la transmisi\u00f3n, utilizamos tecnolog\u00eda de cifrado avanzada (SSL) a trav\u00e9s de HTTPS.<\/p><h2>Cookies<\/h2><p>Utilizamos cookies en nuestro sitio web para reconocer m\u00faltiples usos de nuestros servicios por el mismo usuario\/titular de acceso a Internet. Las cookies son peque\u00f1os archivos de texto que su navegador de Internet almacena en su ordenador. Se utilizan para optimizar nuestro sitio web y nuestros servicios. La mayor\u00eda de estos son las llamadas \u00abcookies de sesi\u00f3n\u00bb, que se eliminan despu\u00e9s de su visita.<br \/>Sin embargo, estas cookies a veces proporcionan informaci\u00f3n para el reconocimiento autom\u00e1tico. Este reconocimiento se basa en la direcci\u00f3n IP almacenada en las cookies. La informaci\u00f3n obtenida de esta manera se utiliza para optimizar nuestros servicios y brindarle un acceso m\u00e1s f\u00e1cil a nuestro sitio web.<br \/>Puede evitar la instalaci\u00f3n de cookies configurando su navegador en consecuencia; sin embargo, se\u00f1alamos que, en este caso, es posible que no pueda utilizar todas las funciones de nuestro sitio web.<\/p><h2>Datos del servidor<\/h2><p>Por razones t\u00e9cnicas, se registran los siguientes datos (los llamados archivos de registro del servidor) que su navegador de Internet nos transmite a nosotros o a nuestro proveedor de espacio web:<br \/>\u2013 Tipo de navegador y versi\u00f3n del navegador<br \/>\u2013 Sistema operativo utilizado<br \/>\u2013 Sitio web desde el que nos visita (URL de referencia)<br \/>\u2013 Sitio web que visita<br \/>\u2013 Fecha y hora de su acceso<br \/>\u2013 Su direcci\u00f3n de Protocolo de Internet (IP).<br \/>Estos datos an\u00f3nimos se almacenan por separado de cualquier informaci\u00f3n personal que pueda proporcionar y, por lo tanto, no permiten sacar conclusiones sobre una persona espec\u00edfica. Se eval\u00faa con fines estad\u00edsticos para optimizar nuestro sitio web y nuestras ofertas.<\/p><h2>Formulario de contacto<\/h2><p>Le ofrecemos la oportunidad de contactarnos por correo electr\u00f3nico y\/o a trav\u00e9s de un formulario de contacto. En este caso, la informaci\u00f3n proporcionada por el usuario se almacenar\u00e1 con el fin de procesar su contacto. No se realiza una transferencia a un tercero. Tampoco se comparan los datos recopilados con los datos que puedan ser recopilados por otros componentes de nuestro sitio web.<\/p><h2>Comentarios<\/h2><p>Le ofrecemos la oportunidad de dejar comentarios sobre contribuciones individuales en nuestro sitio. Esto guarda la direcci\u00f3n IP del autor\/suscriptor. Este almacenamiento se realiza por nuestra seguridad en caso de que el autor interfiera con esto al comentar sobre los derechos de terceros y\/o se venda contenido ilegal. Por lo tanto, no tenemos ning\u00fan inter\u00e9s personal en los datos almacenados del autor, especialmente porque podemos ser procesados por tales violaciones. No se permite la transferencia a terceros. Tampoco se comparan los datos recopilados con los datos que puedan ser recopilados por otros componentes de nuestro sitio.<\/p><h2>Uso de Google Analytics con funci\u00f3n de anonimizaci\u00f3n<\/h2><p>Utilizamos Google Analytics, un servicio de an\u00e1lisis web proporcionado por Google Inc., 1600 Amphitheatre Parkway, Mountain View, CA 94043 USA, en adelante \u00abGoogle\u00bb. Google Analytics utiliza las llamadas \u00abcookies\u00bb, archivos de texto que se almacenan en su ordenador y, por lo tanto, permiten un an\u00e1lisis de su uso del sitio web.<\/p><p>La informaci\u00f3n generada por estas cookies, como la hora, la ubicaci\u00f3n y la frecuencia de sus visitas al sitio web, incluida su direcci\u00f3n IP, se transmite a Google en los Estados Unidos y se almacena all\u00ed.<br \/>Utilizamos Google Analytics en nuestro sitio web con una funci\u00f3n de anonimizaci\u00f3n de IP. En este caso, su direcci\u00f3n IP ya ser\u00e1 acortada y, por lo tanto, anonimizada por Google dentro de los Estados miembros de la Uni\u00f3n Europea o en otros estados contratantes del Acuerdo sobre el Espacio Econ\u00f3mico Europeo.<br \/>Google utilizar\u00e1 esta informaci\u00f3n para evaluar su uso de nuestro sitio web, para compilar informes sobre la actividad del sitio web y para proporcionar otros servicios relacionados con la actividad del sitio web y el uso de Internet.<\/p>\t\t\t\t\t\t\t\t<\/div>\n\t\t\t\t<\/div>\n\t\t\t\t<\/div>\n\t\t\t\t\t<\/div>\n\t\t\t\t<\/div>\n\t\t\t\t<\/div>\n\t\t","protected":false},"excerpt":{"rendered":"<p>Pol\u00edtica de privacidad El uso de nuestro sitio web es posible sin proporcionar datos personales. Pueden aplicarse regulaciones diferentes al uso de servicios individuales en nuestro sitio web, que se explicar\u00e1n por separado a continuaci\u00f3n. Solo procesaremos sus datos personales (por ejemplo, nombre, direcci\u00f3n, direcci\u00f3n de correo electr\u00f3nico, n\u00famero de tel\u00e9fono, etc.) de acuerdo con [&hellip;]<\/p>\n","protected":false},"author":10,"featured_media":0,"parent":0,"menu_order":0,"comment_status":"closed","ping_status":"closed","template":"","meta":{"_acf_changed":false,"footnotes":""},"class_list":["post-24404","page","type-page","status-publish","hentry"],"acf":[],"yoast_head":"<!-- This site is optimized with the Yoast SEO plugin v27.5 - https:\/\/yoast.com\/product\/yoast-seo-wordpress\/ -->\n<title>Pol\u00edtica de privacidad | Calero Diving Lanzarote<\/title>\n<meta name=\"robots\" content=\"index, follow, max-snippet:-1, max-image-preview:large, max-video-preview:-1\" \/>\n<link rel=\"canonical\" href=\"https:\/\/calerodiving.com\/privacy-policy\/\" \/>\n<meta property=\"og:locale\" content=\"es_ES\" \/>\n<meta property=\"og:type\" content=\"article\" \/>\n<meta property=\"og:title\" content=\"Pol\u00edtica de privacidad | Calero Diving Lanzarote\" \/>\n<meta property=\"og:description\" content=\"Pol\u00edtica de privacidad El uso de nuestro sitio web es posible sin proporcionar datos personales. Pueden aplicarse regulaciones diferentes al uso de servicios individuales en nuestro sitio web, que se explicar\u00e1n por separado a continuaci\u00f3n. Solo procesaremos sus datos personales (por ejemplo, nombre, direcci\u00f3n, direcci\u00f3n de correo electr\u00f3nico, n\u00famero de tel\u00e9fono, etc.) de acuerdo con [&hellip;]\" \/>\n<meta property=\"og:url\" content=\"https:\/\/calerodiving.com\/privacy-policy\/\" \/>\n<meta property=\"og:site_name\" content=\"Calero Diving Lanzarote\" \/>\n<meta property=\"article:publisher\" content=\"https:\/\/www.facebook.com\/calerodiving\/\" \/>\n<meta property=\"article:modified_time\" content=\"2026-02-17T13:56:57+00:00\" \/>\n<meta property=\"og:image\" content=\"https:\/\/calerodiving.com\/wp-content\/uploads\/2025\/05\/Grupo.png\" \/>\n\t<meta property=\"og:image:width\" content=\"499\" \/>\n\t<meta property=\"og:image:height\" content=\"590\" \/>\n\t<meta property=\"og:image:type\" content=\"image\/png\" \/>\n<meta name=\"twitter:card\" content=\"summary_large_image\" \/>\n<meta name=\"twitter:label1\" content=\"Tiempo de lectura\" \/>\n\t<meta name=\"twitter:data1\" content=\"4 minutos\" \/>\n<script type=\"application\/ld+json\" class=\"yoast-schema-graph\">{\"@context\":\"https:\\\/\\\/schema.org\",\"@graph\":[{\"@type\":\"WebPage\",\"@id\":\"https:\\\/\\\/calerodiving.com\\\/privacy-policy\\\/\",\"url\":\"https:\\\/\\\/calerodiving.com\\\/privacy-policy\\\/\",\"name\":\"Pol\u00edtica de privacidad | Calero Diving Lanzarote\",\"isPartOf\":{\"@id\":\"https:\\\/\\\/calerodiving.com\\\/#website\"},\"datePublished\":\"2025-08-27T07:44:38+00:00\",\"dateModified\":\"2026-02-17T13:56:57+00:00\",\"breadcrumb\":{\"@id\":\"https:\\\/\\\/calerodiving.com\\\/privacy-policy\\\/#breadcrumb\"},\"inLanguage\":\"es\",\"potentialAction\":[{\"@type\":\"ReadAction\",\"target\":[\"https:\\\/\\\/calerodiving.com\\\/privacy-policy\\\/\"]}]},{\"@type\":\"BreadcrumbList\",\"@id\":\"https:\\\/\\\/calerodiving.com\\\/privacy-policy\\\/#breadcrumb\",\"itemListElement\":[{\"@type\":\"ListItem\",\"position\":1,\"name\":\"Home\",\"item\":\"https:\\\/\\\/calerodiving.com\\\/es\\\/\"},{\"@type\":\"ListItem\",\"position\":2,\"name\":\"Pol\u00edtica de privacidad\"}]},{\"@type\":\"WebSite\",\"@id\":\"https:\\\/\\\/calerodiving.com\\\/#website\",\"url\":\"https:\\\/\\\/calerodiving.com\\\/\",\"name\":\"Calero Diving Lanzarote\",\"description\":\"Diving Center Lanzarote\",\"publisher\":{\"@id\":\"https:\\\/\\\/calerodiving.com\\\/#organization\"},\"alternateName\":\"Calero Diving\",\"potentialAction\":[{\"@type\":\"SearchAction\",\"target\":{\"@type\":\"EntryPoint\",\"urlTemplate\":\"https:\\\/\\\/calerodiving.com\\\/?s={search_term_string}\"},\"query-input\":{\"@type\":\"PropertyValueSpecification\",\"valueRequired\":true,\"valueName\":\"search_term_string\"}}],\"inLanguage\":\"es\"},{\"@type\":\"Organization\",\"@id\":\"https:\\\/\\\/calerodiving.com\\\/#organization\",\"name\":\"Calero Diving Lanzarote\",\"alternateName\":\"Calero Diving\",\"url\":\"https:\\\/\\\/calerodiving.com\\\/\",\"logo\":{\"@type\":\"ImageObject\",\"inLanguage\":\"es\",\"@id\":\"https:\\\/\\\/calerodiving.com\\\/#\\\/schema\\\/logo\\\/image\\\/\",\"url\":\"https:\\\/\\\/calerodiving.com\\\/wp-content\\\/uploads\\\/2025\\\/05\\\/Grupo.png\",\"contentUrl\":\"https:\\\/\\\/calerodiving.com\\\/wp-content\\\/uploads\\\/2025\\\/05\\\/Grupo.png\",\"width\":499,\"height\":590,\"caption\":\"Calero Diving Lanzarote\"},\"image\":{\"@id\":\"https:\\\/\\\/calerodiving.com\\\/#\\\/schema\\\/logo\\\/image\\\/\"},\"sameAs\":[\"https:\\\/\\\/www.facebook.com\\\/calerodiving\\\/\",\"https:\\\/\\\/www.instagram.com\\\/calerodiving\\\/\"]}]}<\/script>\n<!-- \/ Yoast SEO plugin. -->","yoast_head_json":{"title":"Pol\u00edtica de privacidad | Calero Diving Lanzarote","robots":{"index":"index","follow":"follow","max-snippet":"max-snippet:-1","max-image-preview":"max-image-preview:large","max-video-preview":"max-video-preview:-1"},"canonical":"https:\/\/calerodiving.com\/privacy-policy\/","og_locale":"es_ES","og_type":"article","og_title":"Pol\u00edtica de privacidad | Calero Diving Lanzarote","og_description":"Pol\u00edtica de privacidad El uso de nuestro sitio web es posible sin proporcionar datos personales. Pueden aplicarse regulaciones diferentes al uso de servicios individuales en nuestro sitio web, que se explicar\u00e1n por separado a continuaci\u00f3n. Solo procesaremos sus datos personales (por ejemplo, nombre, direcci\u00f3n, direcci\u00f3n de correo electr\u00f3nico, n\u00famero de tel\u00e9fono, etc.) de acuerdo con [&hellip;]","og_url":"https:\/\/calerodiving.com\/privacy-policy\/","og_site_name":"Calero Diving Lanzarote","article_publisher":"https:\/\/www.facebook.com\/calerodiving\/","article_modified_time":"2026-02-17T13:56:57+00:00","og_image":[{"width":499,"height":590,"url":"https:\/\/calerodiving.com\/wp-content\/uploads\/2025\/05\/Grupo.png","type":"image\/png"}],"twitter_card":"summary_large_image","twitter_misc":{"Tiempo de lectura":"4 minutos"},"schema":{"@context":"https:\/\/schema.org","@graph":[{"@type":"WebPage","@id":"https:\/\/calerodiving.com\/privacy-policy\/","url":"https:\/\/calerodiving.com\/privacy-policy\/","name":"Pol\u00edtica de privacidad | Calero Diving Lanzarote","isPartOf":{"@id":"https:\/\/calerodiving.com\/#website"},"datePublished":"2025-08-27T07:44:38+00:00","dateModified":"2026-02-17T13:56:57+00:00","breadcrumb":{"@id":"https:\/\/calerodiving.com\/privacy-policy\/#breadcrumb"},"inLanguage":"es","potentialAction":[{"@type":"ReadAction","target":["https:\/\/calerodiving.com\/privacy-policy\/"]}]},{"@type":"BreadcrumbList","@id":"https:\/\/calerodiving.com\/privacy-policy\/#breadcrumb","itemListElement":[{"@type":"ListItem","position":1,"name":"Home","item":"https:\/\/calerodiving.com\/es\/"},{"@type":"ListItem","position":2,"name":"Pol\u00edtica de privacidad"}]},{"@type":"WebSite","@id":"https:\/\/calerodiving.com\/#website","url":"https:\/\/calerodiving.com\/","name":"Calero Diving Lanzarote","description":"Diving Center Lanzarote","publisher":{"@id":"https:\/\/calerodiving.com\/#organization"},"alternateName":"Calero Diving","potentialAction":[{"@type":"SearchAction","target":{"@type":"EntryPoint","urlTemplate":"https:\/\/calerodiving.com\/?s={search_term_string}"},"query-input":{"@type":"PropertyValueSpecification","valueRequired":true,"valueName":"search_term_string"}}],"inLanguage":"es"},{"@type":"Organization","@id":"https:\/\/calerodiving.com\/#organization","name":"Calero Diving Lanzarote","alternateName":"Calero Diving","url":"https:\/\/calerodiving.com\/","logo":{"@type":"ImageObject","inLanguage":"es","@id":"https:\/\/calerodiving.com\/#\/schema\/logo\/image\/","url":"https:\/\/calerodiving.com\/wp-content\/uploads\/2025\/05\/Grupo.png","contentUrl":"https:\/\/calerodiving.com\/wp-content\/uploads\/2025\/05\/Grupo.png","width":499,"height":590,"caption":"Calero Diving Lanzarote"},"image":{"@id":"https:\/\/calerodiving.com\/#\/schema\/logo\/image\/"},"sameAs":["https:\/\/www.facebook.com\/calerodiving\/","https:\/\/www.instagram.com\/calerodiving\/"]}]}},"_links":{"self":[{"href":"https:\/\/calerodiving.com\/es\/wp-json\/wp\/v2\/pages\/24404","targetHints":{"allow":["GET"]}}],"collection":[{"href":"https:\/\/calerodiving.com\/es\/wp-json\/wp\/v2\/pages"}],"about":[{"href":"https:\/\/calerodiving.com\/es\/wp-json\/wp\/v2\/types\/page"}],"author":[{"embeddable":true,"href":"https:\/\/calerodiving.com\/es\/wp-json\/wp\/v2\/users\/10"}],"replies":[{"embeddable":true,"href":"https:\/\/calerodiving.com\/es\/wp-json\/wp\/v2\/comments?post=24404"}],"version-history":[{"count":5,"href":"https:\/\/calerodiving.com\/es\/wp-json\/wp\/v2\/pages\/24404\/revisions"}],"predecessor-version":[{"id":26814,"href":"https:\/\/calerodiving.com\/es\/wp-json\/wp\/v2\/pages\/24404\/revisions\/26814"}],"wp:attachment":[{"href":"https:\/\/calerodiving.com\/es\/wp-json\/wp\/v2\/media?parent=24404"}],"curies":[{"name":"wp","href":"https:\/\/api.w.org\/{rel}","templated":true}]}}