{"id":24392,"date":"2025-08-27T08:43:53","date_gmt":"2025-08-27T07:43:53","guid":{"rendered":"https:\/\/calerodiving.com\/condiciones-generales-y-reservas\/"},"modified":"2026-02-17T14:56:13","modified_gmt":"2026-02-17T13:56:13","slug":"condiciones-generales-y-reservas","status":"publish","type":"page","link":"https:\/\/calerodiving.com\/es\/condiciones-generales-y-reservas\/","title":{"rendered":"Condiciones generales y reservas"},"content":{"rendered":"\t\t<div data-elementor-type=\"wp-page\" data-elementor-id=\"24392\" class=\"elementor elementor-24392 elementor-22461\" data-elementor-post-type=\"page\">\n\t\t\t\t<div class=\"elementor-element elementor-element-bd2a22b e-flex e-con-boxed e-con e-parent\" data-id=\"bd2a22b\" data-element_type=\"container\" data-e-type=\"container\">\n\t\t\t\t\t<div class=\"e-con-inner\">\n\t\t\t\t<div class=\"elementor-element elementor-element-4805f06 elementor-widget elementor-widget-heading\" data-id=\"4805f06\" data-element_type=\"widget\" data-e-type=\"widget\" data-widget_type=\"heading.default\">\n\t\t\t\t<div class=\"elementor-widget-container\">\n\t\t\t\t\t<h2 class=\"elementor-heading-title elementor-size-default\">CONDICIONES GENERALES Y RESERVAS<\/h2>\t\t\t\t<\/div>\n\t\t\t\t<\/div>\n\t\t\t\t<div class=\"elementor-element elementor-element-2cd8f98 elementor-widget elementor-widget-text-editor\" data-id=\"2cd8f98\" data-element_type=\"widget\" data-e-type=\"widget\" data-widget_type=\"text-editor.default\">\n\t\t\t\t<div class=\"elementor-widget-container\">\n\t\t\t\t\t\t\t\t\t<p>POL\u00cdTICA DE RESERVAS Y CANCELACIONES PARA ACTIVIDADES CONTRATADAS CON RUBICON DIVING<\/p><p>INFORMACI\u00d3N DE LA EMPRESA:<\/p><p>Mariposa Diving S.L<br \/>CIF: B26578021<br \/>Plaza del Arte 11-14<br \/>35571 &#8211; Yaiza, Puerto Calero<br \/>Lanzarote<\/p><p>RESERVA DE CURSOS Y BUCEO RECREATIVO:<\/p><p>Para las actividades en las que desee participar con Calero Diving, se recomienda reservar su plaza, aunque no es obligatorio. Si no reserva su plaza con antelaci\u00f3n, estar\u00e1 sujeto a disponibilidad. Si desea asegurar su plaza para cualquiera de nuestras actividades, requerimos un dep\u00f3sito del 50% al hacer la reserva. El 50% restante del total de su compra debe pagarse antes de comenzar la actividad reservada. El dep\u00f3sito del 50% no es reembolsable.<\/p><p>\u200b<br \/>SEGUROS Y EX\u00c1MENES M\u00c9DICOS:<\/p><p>Los buceadores deben tener un seguro m\u00e9dico que cubra la actividad que van a realizar y un certificado m\u00e9dico v\u00e1lido por un m\u00e1ximo de dos a\u00f1os. Si el buceador no tiene un seguro que cubra el buceo, ofrecemos la opci\u00f3n de adquirir un seguro de buceo o ampliarlo a una gama m\u00e1s amplia de actividades.<\/p><p>Es obligaci\u00f3n y responsabilidad de cada buceador poseer su certificaci\u00f3n de buceo correspondiente al nivel de buceo para la actividad que va a realizar. Si no tienen la certificaci\u00f3n adecuada, o el jefe de inmersi\u00f3n de la actividad considera que, por cualquier motivo, el cliente no est\u00e1 cualificado para realizar la actividad, Calero Diving denegar\u00e1 la admisi\u00f3n.<\/p><p>La informaci\u00f3n que el usuario proporcione a Calero Diving al registrarse ser\u00e1 tratada de acuerdo con las normas y obligaciones legales, as\u00ed como con las medidas de seguridad adecuadas para proteger la informaci\u00f3n de cualquier alteraci\u00f3n, p\u00e9rdida, uso o acceso no autorizado.<\/p><p>Puede darse de baja de nuestra base de datos en cualquier momento. Para ello, deber\u00e1 enviarnos un correo electr\u00f3nico explicando por qu\u00e9 desea eliminar su informaci\u00f3n de nuestra base de datos.<\/p><p>ALQUILER DE EQUIPO:<\/p><p>Para los servicios de buceo contratados, el cintur\u00f3n, los pesos y la botella de aire de 10, 12 o 15 litros est\u00e1n incluidos en el precio establecido. El resto del equipo de buceo no est\u00e1 incluido. Si desea alquilar todo o parte del equipo de buceo, se recomienda que lo reserve con antelaci\u00f3n a su llegada para garantizar la disponibilidad. Es responsabilidad del buceador devolver el equipo al centro de buceo en las mismas condiciones en que se entreg\u00f3. En caso de p\u00e9rdida, Calero Diving podr\u00e1 reclamar el pago de dicho equipo al cliente que lo alquila.<\/p><p>Tenga en cuenta que, para cualquier curso, introducci\u00f3n o paquete de d\u00eda de museo, el coste del alquiler del equipo est\u00e1 incluido en el precio del curso o actividad.<\/p><p>RESERVAS DE GRUPO Y CONDICIONES:<\/p><p>Se aplican condiciones especiales a los clubes de buceo y a los grupos de 10 buceadores. Ofrecemos barcos privados para grupos de un m\u00ednimo de 10 personas. Si, durante la inmersi\u00f3n programada, algunos de los buceadores del grupo deciden no participar en las inmersiones reservadas por razones ajenas al control de Calero Diving, la responsabilidad recaer\u00e1 en el grupo y no en Calero Diving. En estos casos, el pago de todas las inmersiones reservadas es obligatorio.<\/p><p>POL\u00cdTICA DE CANCELACI\u00d3N:<\/p><p>En el caso de que se reserve un curso de buceo y no pueda completarse por razones ajenas al control de la empresa, la tarifa del curso no podr\u00e1 cambiarse por inmersiones. En estos casos, si la parte te\u00f3rica del curso ha sido adquirida y\/o entregada, no podr\u00e1 cambiarse ni reembolsarse, ni podr\u00e1 utilizarse a cambio de inmersiones.<\/p><p>Cualquier cambio o cancelaci\u00f3n de una reserva debe presentarse por escrito y ser confirmado por Calero Diving. Se aplicar\u00e1n gastos de cancelaci\u00f3n seg\u00fan la fecha y las condiciones de la cancelaci\u00f3n de la reserva:<\/p><p>\u2022 Todo el dinero pagado por los servicios contratados con Calero Diving ser\u00e1 reembolsado en caso de cancelaci\u00f3n de la actividad por parte del centro de buceo, independientemente del motivo de la cancelaci\u00f3n.<br \/>\u2022 Todo el dinero pagado menos el 10% del total por gastos administrativos ser\u00e1 reembolsado en caso de cancelaci\u00f3n de la actividad por parte del buceador si la cancelaci\u00f3n se realiza dentro de los 5 d\u00edas anteriores a la actividad. Si la cancelaci\u00f3n se realiza 4 d\u00edas o menos antes de la actividad programada, no se emitir\u00e1 ning\u00fan reembolso. <br \/>\u2022 En caso de enfermedad, se reembolsar\u00e1 el 50% del importe pagado a la persona con la enfermedad solo si presenta documentos que acrediten su estado m\u00e9dico, ya sea temporal o permanente, que le impida bucear. Si no se presenta evidencia m\u00e9dica, el dep\u00f3sito no ser\u00e1 reembolsado. <br \/>\u2022 Si los servicios fueron contratados a trav\u00e9s de un tercero y la actividad contratada por esa persona no puede llevarse a cabo, no tendr\u00e1 derecho a indemnizaci\u00f3n.<\/p><p>Una vez que el cliente est\u00e1 a bordo de nuestra embarcaci\u00f3n, el dinero no ser\u00e1 reembolsado si la actividad es cancelada.<\/p>\t\t\t\t\t\t\t\t<\/div>\n\t\t\t\t<\/div>\n\t\t\t\t\t<\/div>\n\t\t\t\t<\/div>\n\t\t\t\t<\/div>\n\t\t","protected":false},"excerpt":{"rendered":"<p>CONDICIONES GENERALES Y RESERVAS POL\u00cdTICA DE RESERVAS Y CANCELACIONES PARA ACTIVIDADES CONTRATADAS CON RUBICON DIVING INFORMACI\u00d3N DE LA EMPRESA: Mariposa Diving S.LCIF: B26578021Plaza del Arte 11-1435571 &#8211; Yaiza, Puerto CaleroLanzarote RESERVA DE CURSOS Y BUCEO RECREATIVO: Para las actividades en las que desee participar con Calero Diving, se recomienda reservar su plaza, aunque no es [&hellip;]<\/p>\n","protected":false},"author":10,"featured_media":0,"parent":0,"menu_order":0,"comment_status":"closed","ping_status":"closed","template":"","meta":{"_acf_changed":false,"footnotes":""},"class_list":["post-24392","page","type-page","status-publish","hentry"],"acf":[],"yoast_head":"<!-- This site is optimized with the Yoast SEO plugin v27.5 - https:\/\/yoast.com\/product\/yoast-seo-wordpress\/ -->\n<title>Condiciones generales y reservas | Calero Diving Lanzarote<\/title>\n<meta name=\"robots\" content=\"index, follow, max-snippet:-1, max-image-preview:large, max-video-preview:-1\" \/>\n<link rel=\"canonical\" href=\"https:\/\/calerodiving.com\/general-conditions-and-reservations\/\" \/>\n<meta property=\"og:locale\" content=\"es_ES\" \/>\n<meta property=\"og:type\" content=\"article\" \/>\n<meta property=\"og:title\" content=\"Condiciones generales y reservas | Calero Diving Lanzarote\" \/>\n<meta property=\"og:description\" content=\"CONDICIONES GENERALES Y RESERVAS POL\u00cdTICA DE RESERVAS Y CANCELACIONES PARA ACTIVIDADES CONTRATADAS CON RUBICON DIVING INFORMACI\u00d3N DE LA EMPRESA: Mariposa Diving S.LCIF: B26578021Plaza del Arte 11-1435571 &#8211; Yaiza, Puerto CaleroLanzarote RESERVA DE CURSOS Y BUCEO RECREATIVO: Para las actividades en las que desee participar con Calero Diving, se recomienda reservar su plaza, aunque no es [&hellip;]\" \/>\n<meta property=\"og:url\" content=\"https:\/\/calerodiving.com\/general-conditions-and-reservations\/\" \/>\n<meta property=\"og:site_name\" content=\"Calero Diving Lanzarote\" \/>\n<meta property=\"article:publisher\" content=\"https:\/\/www.facebook.com\/calerodiving\/\" \/>\n<meta property=\"article:modified_time\" content=\"2026-02-17T13:56:13+00:00\" \/>\n<meta property=\"og:image\" content=\"https:\/\/calerodiving.com\/wp-content\/uploads\/2025\/05\/Grupo.png\" \/>\n\t<meta property=\"og:image:width\" content=\"499\" \/>\n\t<meta property=\"og:image:height\" content=\"590\" \/>\n\t<meta property=\"og:image:type\" content=\"image\/png\" \/>\n<meta name=\"twitter:card\" content=\"summary_large_image\" \/>\n<meta name=\"twitter:label1\" content=\"Tiempo de lectura\" \/>\n\t<meta name=\"twitter:data1\" content=\"4 minutos\" \/>\n<script type=\"application\/ld+json\" class=\"yoast-schema-graph\">{\"@context\":\"https:\\\/\\\/schema.org\",\"@graph\":[{\"@type\":\"WebPage\",\"@id\":\"https:\\\/\\\/calerodiving.com\\\/general-conditions-and-reservations\\\/\",\"url\":\"https:\\\/\\\/calerodiving.com\\\/general-conditions-and-reservations\\\/\",\"name\":\"Condiciones generales y reservas | Calero Diving Lanzarote\",\"isPartOf\":{\"@id\":\"https:\\\/\\\/calerodiving.com\\\/#website\"},\"datePublished\":\"2025-08-27T07:43:53+00:00\",\"dateModified\":\"2026-02-17T13:56:13+00:00\",\"breadcrumb\":{\"@id\":\"https:\\\/\\\/calerodiving.com\\\/general-conditions-and-reservations\\\/#breadcrumb\"},\"inLanguage\":\"es\",\"potentialAction\":[{\"@type\":\"ReadAction\",\"target\":[\"https:\\\/\\\/calerodiving.com\\\/general-conditions-and-reservations\\\/\"]}]},{\"@type\":\"BreadcrumbList\",\"@id\":\"https:\\\/\\\/calerodiving.com\\\/general-conditions-and-reservations\\\/#breadcrumb\",\"itemListElement\":[{\"@type\":\"ListItem\",\"position\":1,\"name\":\"Home\",\"item\":\"https:\\\/\\\/calerodiving.com\\\/es\\\/\"},{\"@type\":\"ListItem\",\"position\":2,\"name\":\"Condiciones generales y reservas\"}]},{\"@type\":\"WebSite\",\"@id\":\"https:\\\/\\\/calerodiving.com\\\/#website\",\"url\":\"https:\\\/\\\/calerodiving.com\\\/\",\"name\":\"Calero Diving Lanzarote\",\"description\":\"Diving Center Lanzarote\",\"publisher\":{\"@id\":\"https:\\\/\\\/calerodiving.com\\\/#organization\"},\"alternateName\":\"Calero Diving\",\"potentialAction\":[{\"@type\":\"SearchAction\",\"target\":{\"@type\":\"EntryPoint\",\"urlTemplate\":\"https:\\\/\\\/calerodiving.com\\\/?s={search_term_string}\"},\"query-input\":{\"@type\":\"PropertyValueSpecification\",\"valueRequired\":true,\"valueName\":\"search_term_string\"}}],\"inLanguage\":\"es\"},{\"@type\":\"Organization\",\"@id\":\"https:\\\/\\\/calerodiving.com\\\/#organization\",\"name\":\"Calero Diving Lanzarote\",\"alternateName\":\"Calero Diving\",\"url\":\"https:\\\/\\\/calerodiving.com\\\/\",\"logo\":{\"@type\":\"ImageObject\",\"inLanguage\":\"es\",\"@id\":\"https:\\\/\\\/calerodiving.com\\\/#\\\/schema\\\/logo\\\/image\\\/\",\"url\":\"https:\\\/\\\/calerodiving.com\\\/wp-content\\\/uploads\\\/2025\\\/05\\\/Grupo.png\",\"contentUrl\":\"https:\\\/\\\/calerodiving.com\\\/wp-content\\\/uploads\\\/2025\\\/05\\\/Grupo.png\",\"width\":499,\"height\":590,\"caption\":\"Calero Diving Lanzarote\"},\"image\":{\"@id\":\"https:\\\/\\\/calerodiving.com\\\/#\\\/schema\\\/logo\\\/image\\\/\"},\"sameAs\":[\"https:\\\/\\\/www.facebook.com\\\/calerodiving\\\/\",\"https:\\\/\\\/www.instagram.com\\\/calerodiving\\\/\"]}]}<\/script>\n<!-- \/ Yoast SEO plugin. -->","yoast_head_json":{"title":"Condiciones generales y reservas | Calero Diving Lanzarote","robots":{"index":"index","follow":"follow","max-snippet":"max-snippet:-1","max-image-preview":"max-image-preview:large","max-video-preview":"max-video-preview:-1"},"canonical":"https:\/\/calerodiving.com\/general-conditions-and-reservations\/","og_locale":"es_ES","og_type":"article","og_title":"Condiciones generales y reservas | Calero Diving Lanzarote","og_description":"CONDICIONES GENERALES Y RESERVAS POL\u00cdTICA DE RESERVAS Y CANCELACIONES PARA ACTIVIDADES CONTRATADAS CON RUBICON DIVING INFORMACI\u00d3N DE LA EMPRESA: Mariposa Diving S.LCIF: B26578021Plaza del Arte 11-1435571 &#8211; Yaiza, Puerto CaleroLanzarote RESERVA DE CURSOS Y BUCEO RECREATIVO: Para las actividades en las que desee participar con Calero Diving, se recomienda reservar su plaza, aunque no es [&hellip;]","og_url":"https:\/\/calerodiving.com\/general-conditions-and-reservations\/","og_site_name":"Calero Diving Lanzarote","article_publisher":"https:\/\/www.facebook.com\/calerodiving\/","article_modified_time":"2026-02-17T13:56:13+00:00","og_image":[{"width":499,"height":590,"url":"https:\/\/calerodiving.com\/wp-content\/uploads\/2025\/05\/Grupo.png","type":"image\/png"}],"twitter_card":"summary_large_image","twitter_misc":{"Tiempo de lectura":"4 minutos"},"schema":{"@context":"https:\/\/schema.org","@graph":[{"@type":"WebPage","@id":"https:\/\/calerodiving.com\/general-conditions-and-reservations\/","url":"https:\/\/calerodiving.com\/general-conditions-and-reservations\/","name":"Condiciones generales y reservas | Calero Diving Lanzarote","isPartOf":{"@id":"https:\/\/calerodiving.com\/#website"},"datePublished":"2025-08-27T07:43:53+00:00","dateModified":"2026-02-17T13:56:13+00:00","breadcrumb":{"@id":"https:\/\/calerodiving.com\/general-conditions-and-reservations\/#breadcrumb"},"inLanguage":"es","potentialAction":[{"@type":"ReadAction","target":["https:\/\/calerodiving.com\/general-conditions-and-reservations\/"]}]},{"@type":"BreadcrumbList","@id":"https:\/\/calerodiving.com\/general-conditions-and-reservations\/#breadcrumb","itemListElement":[{"@type":"ListItem","position":1,"name":"Home","item":"https:\/\/calerodiving.com\/es\/"},{"@type":"ListItem","position":2,"name":"Condiciones generales y reservas"}]},{"@type":"WebSite","@id":"https:\/\/calerodiving.com\/#website","url":"https:\/\/calerodiving.com\/","name":"Calero Diving Lanzarote","description":"Diving Center Lanzarote","publisher":{"@id":"https:\/\/calerodiving.com\/#organization"},"alternateName":"Calero Diving","potentialAction":[{"@type":"SearchAction","target":{"@type":"EntryPoint","urlTemplate":"https:\/\/calerodiving.com\/?s={search_term_string}"},"query-input":{"@type":"PropertyValueSpecification","valueRequired":true,"valueName":"search_term_string"}}],"inLanguage":"es"},{"@type":"Organization","@id":"https:\/\/calerodiving.com\/#organization","name":"Calero Diving Lanzarote","alternateName":"Calero Diving","url":"https:\/\/calerodiving.com\/","logo":{"@type":"ImageObject","inLanguage":"es","@id":"https:\/\/calerodiving.com\/#\/schema\/logo\/image\/","url":"https:\/\/calerodiving.com\/wp-content\/uploads\/2025\/05\/Grupo.png","contentUrl":"https:\/\/calerodiving.com\/wp-content\/uploads\/2025\/05\/Grupo.png","width":499,"height":590,"caption":"Calero Diving Lanzarote"},"image":{"@id":"https:\/\/calerodiving.com\/#\/schema\/logo\/image\/"},"sameAs":["https:\/\/www.facebook.com\/calerodiving\/","https:\/\/www.instagram.com\/calerodiving\/"]}]}},"_links":{"self":[{"href":"https:\/\/calerodiving.com\/es\/wp-json\/wp\/v2\/pages\/24392","targetHints":{"allow":["GET"]}}],"collection":[{"href":"https:\/\/calerodiving.com\/es\/wp-json\/wp\/v2\/pages"}],"about":[{"href":"https:\/\/calerodiving.com\/es\/wp-json\/wp\/v2\/types\/page"}],"author":[{"embeddable":true,"href":"https:\/\/calerodiving.com\/es\/wp-json\/wp\/v2\/users\/10"}],"replies":[{"embeddable":true,"href":"https:\/\/calerodiving.com\/es\/wp-json\/wp\/v2\/comments?post=24392"}],"version-history":[{"count":5,"href":"https:\/\/calerodiving.com\/es\/wp-json\/wp\/v2\/pages\/24392\/revisions"}],"predecessor-version":[{"id":26808,"href":"https:\/\/calerodiving.com\/es\/wp-json\/wp\/v2\/pages\/24392\/revisions\/26808"}],"wp:attachment":[{"href":"https:\/\/calerodiving.com\/es\/wp-json\/wp\/v2\/media?parent=24392"}],"curies":[{"name":"wp","href":"https:\/\/api.w.org\/{rel}","templated":true}]}}