{"id":24304,"date":"2025-08-27T08:42:03","date_gmt":"2025-08-27T07:42:03","guid":{"rendered":"https:\/\/calerodiving.com\/combo-estres-y-rescate-de-buceadores-react-right\/"},"modified":"2026-04-20T11:04:56","modified_gmt":"2026-04-20T10:04:56","slug":"combo-estres-y-rescate-de-buceadores-react-right","status":"publish","type":"page","link":"https:\/\/calerodiving.com\/es\/combo-estres-y-rescate-de-buceadores-react-right\/","title":{"rendered":"Combo estr\u00e9s y rescate de buceadores + react right"},"content":{"rendered":"\t\t<div data-elementor-type=\"wp-page\" data-elementor-id=\"24304\" class=\"elementor elementor-24304 elementor-23268\" data-elementor-post-type=\"page\">\n\t\t\t\t<div class=\"elementor-element elementor-element-fac2133 e-flex e-con-boxed e-con e-parent\" data-id=\"fac2133\" data-element_type=\"container\" data-e-type=\"container\">\n\t\t\t\t\t<div class=\"e-con-inner\">\n\t\t<div class=\"elementor-element elementor-element-fa6356c e-con-full e-flex e-con e-child\" data-id=\"fa6356c\" data-element_type=\"container\" data-e-type=\"container\">\n\t\t\t\t<div class=\"elementor-element elementor-element-8c6c791 elementor-widget elementor-widget-image\" data-id=\"8c6c791\" data-element_type=\"widget\" data-e-type=\"widget\" data-widget_type=\"image.default\">\n\t\t\t\t<div class=\"elementor-widget-container\">\n\t\t\t\t\t\t\t\t\t\t\t\t\t\t\t<img fetchpriority=\"high\" decoding=\"async\" width=\"800\" height=\"533\" src=\"https:\/\/calerodiving.com\/wp-content\/uploads\/2025\/06\/401002642_359009419825747_5638747193618793038_n-1030x686.jpg\" class=\"attachment-large size-large wp-image-19199\" alt=\"\" srcset=\"https:\/\/calerodiving.com\/wp-content\/uploads\/2025\/06\/401002642_359009419825747_5638747193618793038_n-1030x686.jpg 1030w, https:\/\/calerodiving.com\/wp-content\/uploads\/2025\/06\/401002642_359009419825747_5638747193618793038_n-300x200.jpg 300w, https:\/\/calerodiving.com\/wp-content\/uploads\/2025\/06\/401002642_359009419825747_5638747193618793038_n-768x512.jpg 768w, https:\/\/calerodiving.com\/wp-content\/uploads\/2025\/06\/401002642_359009419825747_5638747193618793038_n-1536x1024.jpg 1536w, https:\/\/calerodiving.com\/wp-content\/uploads\/2025\/06\/401002642_359009419825747_5638747193618793038_n.jpg 2048w\" sizes=\"(max-width: 800px) 100vw, 800px\" \/>\t\t\t\t\t\t\t\t\t\t\t\t\t\t\t<\/div>\n\t\t\t\t<\/div>\n\t\t\t\t<\/div>\n\t\t<div class=\"elementor-element elementor-element-87c84de e-con-full e-flex e-con e-child\" data-id=\"87c84de\" data-element_type=\"container\" data-e-type=\"container\">\n\t\t<div class=\"elementor-element elementor-element-a0b31f5 e-con-full e-flex e-con e-child\" data-id=\"a0b31f5\" data-element_type=\"container\" data-e-type=\"container\">\n\t\t\t\t<div class=\"elementor-element elementor-element-e0491d8 elementor-widget elementor-widget-html\" data-id=\"e0491d8\" data-element_type=\"widget\" data-e-type=\"widget\" data-widget_type=\"html.default\">\n\t\t\t\t<div class=\"elementor-widget-container\">\n\t\t\t\t\t<a href=\"https:\/\/calerodiving.com\/es\/?page_id=24212#specialties\" class=\"tag-button\">Especialidades<\/a>\n\t\t\t\t<\/div>\n\t\t\t\t<\/div>\n\t\t\t\t<div class=\"elementor-element elementor-element-0749148 elementor-widget elementor-widget-heading\" data-id=\"0749148\" data-element_type=\"widget\" data-e-type=\"widget\" data-widget_type=\"heading.default\">\n\t\t\t\t<div class=\"elementor-widget-container\">\n\t\t\t\t\t<h2 class=\"elementor-heading-title elementor-size-default\">Combo Diver Stress and Rescue + React Right<\/h2>\t\t\t\t<\/div>\n\t\t\t\t<\/div>\n\t\t\t\t<\/div>\n\t\t\t\t<\/div>\n\t\t\t\t\t<\/div>\n\t\t\t\t<\/div>\n\t\t<div class=\"elementor-element elementor-element-02808b5 e-flex e-con-boxed e-con e-parent\" data-id=\"02808b5\" data-element_type=\"container\" data-e-type=\"container\">\n\t\t\t\t\t<div class=\"e-con-inner\">\n\t\t<div class=\"elementor-element elementor-element-0a4b4f4 e-con-full e-flex e-con e-child\" data-id=\"0a4b4f4\" data-element_type=\"container\" data-e-type=\"container\">\n\t\t<div class=\"elementor-element elementor-element-e8e4afc e-con-full e-flex e-con e-child\" data-id=\"e8e4afc\" data-element_type=\"container\" data-e-type=\"container\">\n\t\t\t\t<div class=\"elementor-element elementor-element-8fd003d elementor-widget elementor-widget-text-editor\" data-id=\"8fd003d\" data-element_type=\"widget\" data-e-type=\"widget\" data-widget_type=\"text-editor.default\">\n\t\t\t\t<div class=\"elementor-widget-container\">\n\t\t\t\t\t\t\t\t\t<div class=\"section-list\">\n<h3>Resumen del programa:<\/h3>\nEste paquete completo combina React Right con Diver Stress and Rescue y te aporta tanto la base de respuesta ante emergencias como las habilidades de rescate en el agua que todo buceador serio deber\u00eda tener.<br><br>\n\nEste combo es uno de los paquetes de formaci\u00f3n m\u00e1s valiosos que puede realizar un buceador recreativo. Te ayuda a reconocer el estr\u00e9s a tiempo, prevenir incidentes antes de que se agraven y responder con m\u00e1s eficacia tanto dentro como fuera del agua.<br><br>\n\nReact Right te aporta habilidades pr\u00e1cticas de atenci\u00f3n en emergencias como evaluaci\u00f3n primaria, primeros auxilios, RCP, administraci\u00f3n de ox\u00edgeno y uso del DEA.<br><br>\n\nDiver Stress and Rescue se apoya despu\u00e9s en esa base y te ense\u00f1a a reconocer el estr\u00e9s en el buceador, evitar que los problemas se agraven y responder con mayor eficacia si surge una situaci\u00f3n para ti o para tu compa\u00f1ero.<br><br>\n\nJuntas, estas dos certificaciones te convierten en un buceador m\u00e1s preparado, m\u00e1s atento y m\u00e1s \u00fatil, y adem\u00e1s son un paso importante hacia formaci\u00f3n adicional como SSI Dive Guide y Divemaster.\n\n<h3>Est\u00e1ndares de formaci\u00f3n<\/h3>\n<ul>\n  <li>Duraci\u00f3n: 4\u20135 d\u00edas<\/li>\n  <li>Incluye: 1 d\u00eda de React Right, 3\u20134 d\u00edas de Diver Stress and Rescue, materiales digitales y certificaciones SSI React Right + SSI Diver Stress and Rescue<\/li>\n<\/ul>\n\n<h3>Requisitos<\/h3>\n<ul>\n  <li>edad m\u00ednima de 12 a\u00f1os y certificaci\u00f3n SSI Open Water Diver o equivalente<\/li>\n<\/ul>\n\n<h3>No incluido<\/h3>\n<ul>\n  <li>alquiler del equipo y seguro de buceo<\/li>\n<\/ul>\n\n<h3>Otros cursos que podr\u00edan interesarte<\/h3>\n<ul>\n  <li>Dive Guide<\/li>\n  <li>Divemaster<\/li>\n  <li>Independent Diving<\/li>\n<\/ul>\n<\/div>\t\t\t\t\t\t\t\t<\/div>\n\t\t\t\t<\/div>\n\t\t\t\t<\/div>\n\t\t\t\t<\/div>\n\t\t<div class=\"elementor-element elementor-element-904d205 e-con-full e-flex e-con e-child\" data-id=\"904d205\" data-element_type=\"container\" data-e-type=\"container\">\n\t\t<div class=\"elementor-element elementor-element-141f4e1 e-con-full course-sidebar-box e-flex e-con e-child\" data-id=\"141f4e1\" data-element_type=\"container\" data-e-type=\"container\" data-settings=\"{&quot;sticky&quot;:&quot;top&quot;,&quot;sticky_offset&quot;:110,&quot;sticky_effects_offset&quot;:130,&quot;sticky_parent&quot;:&quot;yes&quot;,&quot;sticky_on&quot;:[&quot;desktop&quot;,&quot;tablet&quot;,&quot;mobile&quot;],&quot;sticky_anchor_link_offset&quot;:0}\">\n\t\t\t\t<div class=\"elementor-element elementor-element-4244f58 elementor-widget elementor-widget-text-editor\" data-id=\"4244f58\" data-element_type=\"widget\" data-e-type=\"widget\" data-widget_type=\"text-editor.default\">\n\t\t\t\t<div class=\"elementor-widget-container\">\n\t\t\t\t\t\t\t\t\t<div class=\"courses-info\"><h6 class=\"no-margin\">Duraci\u00f3n:<\/h6><p class=\"no-margin\">Curso de 4 d\u00edas<\/p><\/div><div class=\"courses-info\"><h6 class=\"no-margin\">Precio:<\/h6><p class=\"no-margin\">Desde: 475 \u20ac<\/p><\/div>\t\t\t\t\t\t\t\t<\/div>\n\t\t\t\t<\/div>\n\t\t\t\t<div class=\"elementor-element elementor-element-5c3c1c1 elementor-mobile-align-center elementor-widget elementor-widget-button\" data-id=\"5c3c1c1\" data-element_type=\"widget\" data-e-type=\"widget\" data-widget_type=\"button.default\">\n\t\t\t\t<div class=\"elementor-widget-container\">\n\t\t\t\t\t\t\t\t\t<div class=\"elementor-button-wrapper\">\n\t\t\t\t\t<a class=\"elementor-button elementor-button-link elementor-size-sm\" href=\"https:\/\/app.bukyapp.com\/front\/6213b2319a1bbf005fa0b870\/product\/689c7f4f00fa4e8e657ea364?lang=en\" target=\"_blank\">\n\t\t\t\t\t\t<span class=\"elementor-button-content-wrapper\">\n\t\t\t\t\t\t\t\t\t<span class=\"elementor-button-text\">Reservar curso<\/span>\n\t\t\t\t\t<\/span>\n\t\t\t\t\t<\/a>\n\t\t\t\t<\/div>\n\t\t\t\t\t\t\t\t<\/div>\n\t\t\t\t<\/div>\n\t\t\t\t<\/div>\n\t\t\t\t<\/div>\n\t\t\t\t\t<\/div>\n\t\t\t\t<\/div>\n\t\t\t\t<\/div>\n\t\t","protected":false},"excerpt":{"rendered":"<p>Especialidades Combo Diver Stress and Rescue + React Right Resumen del programa: Este paquete completo combina React Right con Diver Stress and Rescue y te aporta tanto la base de respuesta ante emergencias como las habilidades de rescate en el agua que todo buceador serio deber\u00eda tener. Este combo es uno de los paquetes de [&hellip;]<\/p>\n","protected":false},"author":10,"featured_media":0,"parent":0,"menu_order":0,"comment_status":"closed","ping_status":"closed","template":"","meta":{"_acf_changed":false,"footnotes":""},"class_list":["post-24304","page","type-page","status-publish","hentry"],"acf":[],"yoast_head":"<!-- This site is optimized with the Yoast SEO plugin v27.5 - https:\/\/yoast.com\/product\/yoast-seo-wordpress\/ -->\n<title>Combo estr\u00e9s y rescate de buceadores + react right | Calero Diving Lanzarote<\/title>\n<meta name=\"robots\" content=\"index, follow, max-snippet:-1, max-image-preview:large, max-video-preview:-1\" \/>\n<link rel=\"canonical\" href=\"https:\/\/calerodiving.com\/combo-diver-stress-and-rescue-react-right\/\" \/>\n<meta property=\"og:locale\" content=\"es_ES\" \/>\n<meta property=\"og:type\" content=\"article\" \/>\n<meta property=\"og:title\" content=\"Combo estr\u00e9s y rescate de buceadores + react right | Calero Diving Lanzarote\" \/>\n<meta property=\"og:description\" content=\"Especialidades Combo Diver Stress and Rescue + React Right Resumen del programa: Este paquete completo combina React Right con Diver Stress and Rescue y te aporta tanto la base de respuesta ante emergencias como las habilidades de rescate en el agua que todo buceador serio deber\u00eda tener. Este combo es uno de los paquetes de [&hellip;]\" \/>\n<meta property=\"og:url\" content=\"https:\/\/calerodiving.com\/combo-diver-stress-and-rescue-react-right\/\" \/>\n<meta property=\"og:site_name\" content=\"Calero Diving Lanzarote\" \/>\n<meta property=\"article:publisher\" content=\"https:\/\/www.facebook.com\/calerodiving\/\" \/>\n<meta property=\"article:modified_time\" content=\"2026-04-20T10:04:56+00:00\" \/>\n<meta property=\"og:image\" content=\"https:\/\/calerodiving.com\/wp-content\/uploads\/2025\/06\/401002642_359009419825747_5638747193618793038_n.jpg\" \/>\n\t<meta property=\"og:image:width\" content=\"2048\" \/>\n\t<meta property=\"og:image:height\" content=\"1365\" \/>\n\t<meta property=\"og:image:type\" content=\"image\/jpeg\" \/>\n<meta name=\"twitter:card\" content=\"summary_large_image\" \/>\n<meta name=\"twitter:label1\" content=\"Tiempo de lectura\" \/>\n\t<meta name=\"twitter:data1\" content=\"2 minutos\" \/>\n<script type=\"application\/ld+json\" class=\"yoast-schema-graph\">{\"@context\":\"https:\\\/\\\/schema.org\",\"@graph\":[{\"@type\":\"WebPage\",\"@id\":\"https:\\\/\\\/calerodiving.com\\\/combo-diver-stress-and-rescue-react-right\\\/\",\"url\":\"https:\\\/\\\/calerodiving.com\\\/combo-diver-stress-and-rescue-react-right\\\/\",\"name\":\"Combo estr\u00e9s y rescate de buceadores + react right | Calero Diving Lanzarote\",\"isPartOf\":{\"@id\":\"https:\\\/\\\/calerodiving.com\\\/#website\"},\"primaryImageOfPage\":{\"@id\":\"https:\\\/\\\/calerodiving.com\\\/combo-diver-stress-and-rescue-react-right\\\/#primaryimage\"},\"image\":{\"@id\":\"https:\\\/\\\/calerodiving.com\\\/combo-diver-stress-and-rescue-react-right\\\/#primaryimage\"},\"thumbnailUrl\":\"https:\\\/\\\/calerodiving.com\\\/wp-content\\\/uploads\\\/2025\\\/06\\\/401002642_359009419825747_5638747193618793038_n-1030x686.jpg\",\"datePublished\":\"2025-08-27T07:42:03+00:00\",\"dateModified\":\"2026-04-20T10:04:56+00:00\",\"breadcrumb\":{\"@id\":\"https:\\\/\\\/calerodiving.com\\\/combo-diver-stress-and-rescue-react-right\\\/#breadcrumb\"},\"inLanguage\":\"es\",\"potentialAction\":[{\"@type\":\"ReadAction\",\"target\":[\"https:\\\/\\\/calerodiving.com\\\/combo-diver-stress-and-rescue-react-right\\\/\"]}]},{\"@type\":\"ImageObject\",\"inLanguage\":\"es\",\"@id\":\"https:\\\/\\\/calerodiving.com\\\/combo-diver-stress-and-rescue-react-right\\\/#primaryimage\",\"url\":\"https:\\\/\\\/calerodiving.com\\\/wp-content\\\/uploads\\\/2025\\\/06\\\/401002642_359009419825747_5638747193618793038_n-1030x686.jpg\",\"contentUrl\":\"https:\\\/\\\/calerodiving.com\\\/wp-content\\\/uploads\\\/2025\\\/06\\\/401002642_359009419825747_5638747193618793038_n-1030x686.jpg\"},{\"@type\":\"BreadcrumbList\",\"@id\":\"https:\\\/\\\/calerodiving.com\\\/combo-diver-stress-and-rescue-react-right\\\/#breadcrumb\",\"itemListElement\":[{\"@type\":\"ListItem\",\"position\":1,\"name\":\"Home\",\"item\":\"https:\\\/\\\/calerodiving.com\\\/es\\\/\"},{\"@type\":\"ListItem\",\"position\":2,\"name\":\"Combo estr\u00e9s y rescate de buceadores + react right\"}]},{\"@type\":\"WebSite\",\"@id\":\"https:\\\/\\\/calerodiving.com\\\/#website\",\"url\":\"https:\\\/\\\/calerodiving.com\\\/\",\"name\":\"Calero Diving Lanzarote\",\"description\":\"Diving Center Lanzarote\",\"publisher\":{\"@id\":\"https:\\\/\\\/calerodiving.com\\\/#organization\"},\"alternateName\":\"Calero Diving\",\"potentialAction\":[{\"@type\":\"SearchAction\",\"target\":{\"@type\":\"EntryPoint\",\"urlTemplate\":\"https:\\\/\\\/calerodiving.com\\\/?s={search_term_string}\"},\"query-input\":{\"@type\":\"PropertyValueSpecification\",\"valueRequired\":true,\"valueName\":\"search_term_string\"}}],\"inLanguage\":\"es\"},{\"@type\":\"Organization\",\"@id\":\"https:\\\/\\\/calerodiving.com\\\/#organization\",\"name\":\"Calero Diving Lanzarote\",\"alternateName\":\"Calero Diving\",\"url\":\"https:\\\/\\\/calerodiving.com\\\/\",\"logo\":{\"@type\":\"ImageObject\",\"inLanguage\":\"es\",\"@id\":\"https:\\\/\\\/calerodiving.com\\\/#\\\/schema\\\/logo\\\/image\\\/\",\"url\":\"https:\\\/\\\/calerodiving.com\\\/wp-content\\\/uploads\\\/2025\\\/05\\\/Grupo.png\",\"contentUrl\":\"https:\\\/\\\/calerodiving.com\\\/wp-content\\\/uploads\\\/2025\\\/05\\\/Grupo.png\",\"width\":499,\"height\":590,\"caption\":\"Calero Diving Lanzarote\"},\"image\":{\"@id\":\"https:\\\/\\\/calerodiving.com\\\/#\\\/schema\\\/logo\\\/image\\\/\"},\"sameAs\":[\"https:\\\/\\\/www.facebook.com\\\/calerodiving\\\/\",\"https:\\\/\\\/www.instagram.com\\\/calerodiving\\\/\"]}]}<\/script>\n<!-- \/ Yoast SEO plugin. -->","yoast_head_json":{"title":"Combo estr\u00e9s y rescate de buceadores + react right | Calero Diving Lanzarote","robots":{"index":"index","follow":"follow","max-snippet":"max-snippet:-1","max-image-preview":"max-image-preview:large","max-video-preview":"max-video-preview:-1"},"canonical":"https:\/\/calerodiving.com\/combo-diver-stress-and-rescue-react-right\/","og_locale":"es_ES","og_type":"article","og_title":"Combo estr\u00e9s y rescate de buceadores + react right | Calero Diving Lanzarote","og_description":"Especialidades Combo Diver Stress and Rescue + React Right Resumen del programa: Este paquete completo combina React Right con Diver Stress and Rescue y te aporta tanto la base de respuesta ante emergencias como las habilidades de rescate en el agua que todo buceador serio deber\u00eda tener. Este combo es uno de los paquetes de [&hellip;]","og_url":"https:\/\/calerodiving.com\/combo-diver-stress-and-rescue-react-right\/","og_site_name":"Calero Diving Lanzarote","article_publisher":"https:\/\/www.facebook.com\/calerodiving\/","article_modified_time":"2026-04-20T10:04:56+00:00","og_image":[{"width":2048,"height":1365,"url":"https:\/\/calerodiving.com\/wp-content\/uploads\/2025\/06\/401002642_359009419825747_5638747193618793038_n.jpg","type":"image\/jpeg"}],"twitter_card":"summary_large_image","twitter_misc":{"Tiempo de lectura":"2 minutos"},"schema":{"@context":"https:\/\/schema.org","@graph":[{"@type":"WebPage","@id":"https:\/\/calerodiving.com\/combo-diver-stress-and-rescue-react-right\/","url":"https:\/\/calerodiving.com\/combo-diver-stress-and-rescue-react-right\/","name":"Combo estr\u00e9s y rescate de buceadores + react right | Calero Diving Lanzarote","isPartOf":{"@id":"https:\/\/calerodiving.com\/#website"},"primaryImageOfPage":{"@id":"https:\/\/calerodiving.com\/combo-diver-stress-and-rescue-react-right\/#primaryimage"},"image":{"@id":"https:\/\/calerodiving.com\/combo-diver-stress-and-rescue-react-right\/#primaryimage"},"thumbnailUrl":"https:\/\/calerodiving.com\/wp-content\/uploads\/2025\/06\/401002642_359009419825747_5638747193618793038_n-1030x686.jpg","datePublished":"2025-08-27T07:42:03+00:00","dateModified":"2026-04-20T10:04:56+00:00","breadcrumb":{"@id":"https:\/\/calerodiving.com\/combo-diver-stress-and-rescue-react-right\/#breadcrumb"},"inLanguage":"es","potentialAction":[{"@type":"ReadAction","target":["https:\/\/calerodiving.com\/combo-diver-stress-and-rescue-react-right\/"]}]},{"@type":"ImageObject","inLanguage":"es","@id":"https:\/\/calerodiving.com\/combo-diver-stress-and-rescue-react-right\/#primaryimage","url":"https:\/\/calerodiving.com\/wp-content\/uploads\/2025\/06\/401002642_359009419825747_5638747193618793038_n-1030x686.jpg","contentUrl":"https:\/\/calerodiving.com\/wp-content\/uploads\/2025\/06\/401002642_359009419825747_5638747193618793038_n-1030x686.jpg"},{"@type":"BreadcrumbList","@id":"https:\/\/calerodiving.com\/combo-diver-stress-and-rescue-react-right\/#breadcrumb","itemListElement":[{"@type":"ListItem","position":1,"name":"Home","item":"https:\/\/calerodiving.com\/es\/"},{"@type":"ListItem","position":2,"name":"Combo estr\u00e9s y rescate de buceadores + react right"}]},{"@type":"WebSite","@id":"https:\/\/calerodiving.com\/#website","url":"https:\/\/calerodiving.com\/","name":"Calero Diving Lanzarote","description":"Diving Center Lanzarote","publisher":{"@id":"https:\/\/calerodiving.com\/#organization"},"alternateName":"Calero Diving","potentialAction":[{"@type":"SearchAction","target":{"@type":"EntryPoint","urlTemplate":"https:\/\/calerodiving.com\/?s={search_term_string}"},"query-input":{"@type":"PropertyValueSpecification","valueRequired":true,"valueName":"search_term_string"}}],"inLanguage":"es"},{"@type":"Organization","@id":"https:\/\/calerodiving.com\/#organization","name":"Calero Diving Lanzarote","alternateName":"Calero Diving","url":"https:\/\/calerodiving.com\/","logo":{"@type":"ImageObject","inLanguage":"es","@id":"https:\/\/calerodiving.com\/#\/schema\/logo\/image\/","url":"https:\/\/calerodiving.com\/wp-content\/uploads\/2025\/05\/Grupo.png","contentUrl":"https:\/\/calerodiving.com\/wp-content\/uploads\/2025\/05\/Grupo.png","width":499,"height":590,"caption":"Calero Diving Lanzarote"},"image":{"@id":"https:\/\/calerodiving.com\/#\/schema\/logo\/image\/"},"sameAs":["https:\/\/www.facebook.com\/calerodiving\/","https:\/\/www.instagram.com\/calerodiving\/"]}]}},"_links":{"self":[{"href":"https:\/\/calerodiving.com\/es\/wp-json\/wp\/v2\/pages\/24304","targetHints":{"allow":["GET"]}}],"collection":[{"href":"https:\/\/calerodiving.com\/es\/wp-json\/wp\/v2\/pages"}],"about":[{"href":"https:\/\/calerodiving.com\/es\/wp-json\/wp\/v2\/types\/page"}],"author":[{"embeddable":true,"href":"https:\/\/calerodiving.com\/es\/wp-json\/wp\/v2\/users\/10"}],"replies":[{"embeddable":true,"href":"https:\/\/calerodiving.com\/es\/wp-json\/wp\/v2\/comments?post=24304"}],"version-history":[{"count":5,"href":"https:\/\/calerodiving.com\/es\/wp-json\/wp\/v2\/pages\/24304\/revisions"}],"predecessor-version":[{"id":27984,"href":"https:\/\/calerodiving.com\/es\/wp-json\/wp\/v2\/pages\/24304\/revisions\/27984"}],"wp:attachment":[{"href":"https:\/\/calerodiving.com\/es\/wp-json\/wp\/v2\/media?parent=24304"}],"curies":[{"name":"wp","href":"https:\/\/api.w.org\/{rel}","templated":true}]}}