{"id":29306,"date":"2026-04-24T09:18:15","date_gmt":"2026-04-24T08:18:15","guid":{"rendered":"https:\/\/calerodiving.com\/partner-center\/"},"modified":"2026-04-24T09:21:22","modified_gmt":"2026-04-24T08:21:22","slug":"rubicon-diving-partner-center-2","status":"publish","type":"page","link":"https:\/\/calerodiving.com\/de\/rubicon-diving-partner-center-2\/","title":{"rendered":"Rubicon Diving Partner Center"},"content":{"rendered":"\t\t<div data-elementor-type=\"wp-page\" data-elementor-id=\"29306\" class=\"elementor elementor-29306 elementor-29298\" data-elementor-post-type=\"page\">\n\t\t\t\t<div class=\"elementor-element elementor-element-760b7cb e-flex e-con-boxed e-con e-parent\" data-id=\"760b7cb\" data-element_type=\"container\" data-e-type=\"container\">\n\t\t\t\t\t<div class=\"e-con-inner\">\n\t\t\t\t<div class=\"elementor-element elementor-element-d4bc2a8 elementor-widget elementor-widget-heading\" data-id=\"d4bc2a8\" data-element_type=\"widget\" data-e-type=\"widget\" data-widget_type=\"heading.default\">\n\t\t\t\t<div class=\"elementor-widget-container\">\n\t\t\t\t\t<h2 class=\"elementor-heading-title elementor-size-default\">Rubic\u00f3n Tauchen<br> Unser Partnerzentrum in Playa Blanca<\/h2>\t\t\t\t<\/div>\n\t\t\t\t<\/div>\n\t\t\t\t<div class=\"elementor-element elementor-element-fc2bff4 elementor-widget elementor-widget-image\" data-id=\"fc2bff4\" data-element_type=\"widget\" data-e-type=\"widget\" data-widget_type=\"image.default\">\n\t\t\t\t<div class=\"elementor-widget-container\">\n\t\t\t\t\t\t\t\t\t\t\t\t\t\t\t<img fetchpriority=\"high\" decoding=\"async\" width=\"800\" height=\"345\" src=\"https:\/\/calerodiving.com\/wp-content\/uploads\/2025\/07\/Logo-Rubicon-Diving-1030x444.webp\" class=\"attachment-large size-large wp-image-22370\" alt=\"\" srcset=\"https:\/\/calerodiving.com\/wp-content\/uploads\/2025\/07\/Logo-Rubicon-Diving-1030x444.webp 1030w, https:\/\/calerodiving.com\/wp-content\/uploads\/2025\/07\/Logo-Rubicon-Diving-300x129.webp 300w, https:\/\/calerodiving.com\/wp-content\/uploads\/2025\/07\/Logo-Rubicon-Diving-768x331.webp 768w, https:\/\/calerodiving.com\/wp-content\/uploads\/2025\/07\/Logo-Rubicon-Diving-1536x662.webp 1536w, https:\/\/calerodiving.com\/wp-content\/uploads\/2025\/07\/Logo-Rubicon-Diving-2048x883.webp 2048w\" sizes=\"(max-width: 800px) 100vw, 800px\" \/>\t\t\t\t\t\t\t\t\t\t\t\t\t\t\t<\/div>\n\t\t\t\t<\/div>\n\t\t\t\t<div class=\"elementor-element elementor-element-c4e1c6c elementor-widget__width-initial elementor-widget elementor-widget-text-editor\" data-id=\"c4e1c6c\" data-element_type=\"widget\" data-e-type=\"widget\" data-widget_type=\"text-editor.default\">\n\t\t\t\t<div class=\"elementor-widget-container\">\n\t\t\t\t\t\t\t\t\t<p data-start=\"1031\" data-end=\"1155\"><strong>Rubic\u00f3n Diving<\/strong> ist unser bew\u00e4hrtes <span data-start=\"1061\" data-end=\"1084\">Partner-Tauchcenter<\/span> in der Marina Rubic\u00f3n in Playa Blanca (S\u00fcd-Lanzarote). Dieses Center bietet alle Tauchg\u00e4nge in der Region <span data-start=\"1200\" data-end=\"1216\">Playa Blanca<\/span> an, die f\u00fcr ihre ruhigen Bedingungen, das kristallklare Wasser und die vulkanische Meereslandschaft voller Meereslebewesen bekannt ist. Sie k\u00f6nnen Tauchg\u00e4nge von <span data-start=\"1358\" data-end=\"1375\">Calero<\/span> <span data-start=\"1358\" data-end=\"1375\">Diving<\/span> und <span data-start=\"1380\" data-end=\"1398\">Rubic\u00f3n Diving<\/span> in Ihrem <span data-start=\"1407\" data-end=\"1431\">6er- oder 10er-Paket<\/span> kombinieren. Bitte kontaktieren Sie dazu unser Team, um die Verf\u00fcgbarkeit zu best\u00e4tigen.   <\/p><p data-start=\"1503\" data-end=\"1604\"><strong data-start=\"1503\" data-end=\"1517\">Wichtig:<\/strong> Transfers zwischen Tauchbasen sind <strong data-start=\"1553\" data-end=\"1569\">nicht inbegriffen<\/strong> und m\u00fcssen vom Taucher organisiert werden.<\/p>\t\t\t\t\t\t\t\t<\/div>\n\t\t\t\t<\/div>\n\t\t\t\t<div class=\"elementor-element elementor-element-4349ccf elementor-widget elementor-widget-ucaddon_underline_link_hover_effect\" data-id=\"4349ccf\" data-element_type=\"widget\" data-e-type=\"widget\" data-widget_type=\"ucaddon_underline_link_hover_effect.default\">\n\t\t\t\t<div class=\"elementor-widget-container\">\n\t\t\t\t\t\n<!-- start Underline Link Hover Effect -->\n\t\t<link id='font-awesome-css' href='https:\/\/calerodiving.com\/wp-content\/plugins\/unlimited-elements-for-elementor-premium\/assets_libraries\/font-awesome6\/fontawesome-all.min.css' type='text\/css' rel='stylesheet' >\n\t\t<link id='font-awesome-4-shim-css' href='https:\/\/calerodiving.com\/wp-content\/plugins\/unlimited-elements-for-elementor-premium\/assets_libraries\/font-awesome6\/fontawesome-v4-shims.min.css' type='text\/css' rel='stylesheet' >\n\n<style>\/* widget: Underline Link Hover Effect *\/\n\n#uc_underline_link_hover_effect_elementor_4349ccf{\n  display:flex;\n} \n\n#uc_underline_link_hover_effect_elementor_4349ccf a.ue-link{\n  display:flex;\n  position:relative;\n  align-items:center;\n  justify-content:center;\n  text-decoration:none;\n}\n\n#uc_underline_link_hover_effect_elementor_4349ccf a.ue-link:after{\n  content: \"\";\n    width:100%;\n    position:absolute;\n  bottom:0px;\n    left:0px;\n    display: block;\n  transition:1s;\n}\n\n#uc_underline_link_hover_effect_elementor_4349ccf a:hover:after{\n    width:0%;\n  }\n\n#uc_underline_link_hover_effect_elementor_4349ccf .ue-link-hover-effect-spacing{\n  transition:1s;\n}\n\n#uc_underline_link_hover_effect_elementor_4349ccf .ue-link-hover-effect-text{\n  padding:10px 0px;\n}\n\n#uc_underline_link_hover_effect_elementor_4349ccf .ue-link-hover-effect-icon{\n  line-height:1em;\n  transition:1s;\n}\n\n#uc_underline_link_hover_effect_elementor_4349ccf .ue-link-hover-effect-icon svg{\n  height:1em;\n  width:1em;\n}\n\n<\/style>\n\n<div id=\"uc_underline_link_hover_effect_elementor_4349ccf\" class=\"ue-link-wrap\">\n  <a class=\"ue-link\" href=\"http:\/\/rubicondiving.com\/\"  target='_blank'>\n    <div class=\"ue-link-hover-effect-text\">Gehen Sie zu rubicondiving.com<\/div>\n    <div class=\"ue-link-hover-effect-spacing\"><\/div>\n    <div class=\"ue-link-hover-effect-icon\"><i class='fas fa-arrow-right'><\/i><\/div>\n  <\/a>\n<\/div>\n<!-- end Underline Link Hover Effect -->\t\t\t\t<\/div>\n\t\t\t\t<\/div>\n\t\t\t\t<div class=\"elementor-element elementor-element-dc79c64 elementor-widget elementor-widget-text-editor\" data-id=\"dc79c64\" data-element_type=\"widget\" data-e-type=\"widget\" data-widget_type=\"text-editor.default\">\n\t\t\t\t<div class=\"elementor-widget-container\">\n\t\t\t\t\t\t\t\t\t<p>oder kontaktieren Sie uns unter <strong><a href=\"mailto:info@rubicondiving.com\">info@rubicondiving.com<\/a><\/strong><\/p>\t\t\t\t\t\t\t\t<\/div>\n\t\t\t\t<\/div>\n\t\t<div class=\"elementor-element elementor-element-5733337 e-con-full e-flex e-con e-child\" data-id=\"5733337\" data-element_type=\"container\" data-e-type=\"container\">\n\t\t\t\t<div class=\"elementor-element elementor-element-e3e262c elementor-widget elementor-widget-gallery\" data-id=\"e3e262c\" data-element_type=\"widget\" data-e-type=\"widget\" data-settings=\"{&quot;gallery_layout&quot;:&quot;masonry&quot;,&quot;columns&quot;:3,&quot;gap&quot;:{&quot;unit&quot;:&quot;px&quot;,&quot;size&quot;:4,&quot;sizes&quot;:[]},&quot;lazyload&quot;:&quot;yes&quot;,&quot;columns_tablet&quot;:2,&quot;columns_mobile&quot;:1,&quot;gap_tablet&quot;:{&quot;unit&quot;:&quot;px&quot;,&quot;size&quot;:10,&quot;sizes&quot;:[]},&quot;gap_mobile&quot;:{&quot;unit&quot;:&quot;px&quot;,&quot;size&quot;:10,&quot;sizes&quot;:[]},&quot;overlay_background&quot;:&quot;yes&quot;,&quot;content_hover_animation&quot;:&quot;fade-in&quot;}\" data-widget_type=\"gallery.default\">\n\t\t\t\t<div class=\"elementor-widget-container\">\n\t\t\t\t\t\t\t<div class=\"elementor-gallery__container\">\n\t\t\t\t\t\t\t<div class=\"e-gallery-item elementor-gallery-item elementor-animated-content\">\n\t\t\t\t\t<div class=\"e-gallery-image elementor-gallery-item__image\" data-thumbnail=\"https:\/\/calerodiving.com\/wp-content\/uploads\/2022\/06\/Diving-center-calero-diving-lanzarote-barco.jpg\" data-width=\"1440\" data-height=\"960\" aria-label=\"\" role=\"img\" ><\/div>\n\t\t\t\t\t\t\t\t\t\t\t<div class=\"elementor-gallery-item__overlay\"><\/div>\n\t\t\t\t\t\t\t\t\t\t\t\t\t\t<\/div>\n\t\t\t\t\t\t\t<div class=\"e-gallery-item elementor-gallery-item elementor-animated-content\">\n\t\t\t\t\t<div class=\"e-gallery-image elementor-gallery-item__image\" data-thumbnail=\"https:\/\/calerodiving.com\/wp-content\/uploads\/2025\/06\/447778863_1033476841914222_7491753805721587587_n.jpg\" data-width=\"2048\" data-height=\"1365\" aria-label=\"\" role=\"img\" ><\/div>\n\t\t\t\t\t\t\t\t\t\t\t<div class=\"elementor-gallery-item__overlay\"><\/div>\n\t\t\t\t\t\t\t\t\t\t\t\t\t\t<\/div>\n\t\t\t\t\t\t\t<div class=\"e-gallery-item elementor-gallery-item elementor-animated-content\">\n\t\t\t\t\t<div class=\"e-gallery-image elementor-gallery-item__image\" data-thumbnail=\"https:\/\/calerodiving.com\/wp-content\/uploads\/2025\/06\/448361580_1040275451234361_4492631530435597010_n.jpg\" data-width=\"1536\" data-height=\"2048\" aria-label=\"\" role=\"img\" ><\/div>\n\t\t\t\t\t\t\t\t\t\t\t<div class=\"elementor-gallery-item__overlay\"><\/div>\n\t\t\t\t\t\t\t\t\t\t\t\t\t\t<\/div>\n\t\t\t\t\t\t\t<div class=\"e-gallery-item elementor-gallery-item elementor-animated-content\">\n\t\t\t\t\t<div class=\"e-gallery-image elementor-gallery-item__image\" data-thumbnail=\"https:\/\/calerodiving.com\/wp-content\/uploads\/2025\/06\/448434150_1040275461234360_455049484486039267_n.jpg\" data-width=\"1536\" data-height=\"2048\" aria-label=\"\" role=\"img\" ><\/div>\n\t\t\t\t\t\t\t\t\t\t\t<div class=\"elementor-gallery-item__overlay\"><\/div>\n\t\t\t\t\t\t\t\t\t\t\t\t\t\t<\/div>\n\t\t\t\t\t\t\t<div class=\"e-gallery-item elementor-gallery-item elementor-animated-content\">\n\t\t\t\t\t<div class=\"e-gallery-image elementor-gallery-item__image\" data-thumbnail=\"https:\/\/calerodiving.com\/wp-content\/uploads\/2025\/06\/454312395_1078788504049722_2505542301566296853_n.jpg\" data-width=\"2048\" data-height=\"1365\" aria-label=\"\" role=\"img\" ><\/div>\n\t\t\t\t\t\t\t\t\t\t\t<div class=\"elementor-gallery-item__overlay\"><\/div>\n\t\t\t\t\t\t\t\t\t\t\t\t\t\t<\/div>\n\t\t\t\t\t\t\t<div class=\"e-gallery-item elementor-gallery-item elementor-animated-content\">\n\t\t\t\t\t<div class=\"e-gallery-image elementor-gallery-item__image\" data-thumbnail=\"https:\/\/calerodiving.com\/wp-content\/uploads\/2025\/06\/454382632_1078788777383028_5340610740363683114_n.jpg\" data-width=\"2048\" data-height=\"1365\" aria-label=\"\" role=\"img\" ><\/div>\n\t\t\t\t\t\t\t\t\t\t\t<div class=\"elementor-gallery-item__overlay\"><\/div>\n\t\t\t\t\t\t\t\t\t\t\t\t\t\t<\/div>\n\t\t\t\t\t\t\t<div class=\"e-gallery-item elementor-gallery-item elementor-animated-content\">\n\t\t\t\t\t<div class=\"e-gallery-image elementor-gallery-item__image\" data-thumbnail=\"https:\/\/calerodiving.com\/wp-content\/uploads\/2025\/06\/456102939_1088390996422806_4849091301860394121_n.jpg\" data-width=\"2048\" data-height=\"1365\" aria-label=\"\" role=\"img\" ><\/div>\n\t\t\t\t\t\t\t\t\t\t\t<div class=\"elementor-gallery-item__overlay\"><\/div>\n\t\t\t\t\t\t\t\t\t\t\t\t\t\t<\/div>\n\t\t\t\t\t<\/div>\n\t\t\t\t\t<\/div>\n\t\t\t\t<\/div>\n\t\t\t\t<\/div>\n\t\t\t\t\t<\/div>\n\t\t\t\t<\/div>\n\t\t\t\t<\/div>\n\t\t","protected":false},"excerpt":{"rendered":"<p>Plong\u00e9e Rubic\u00f3nNotre centre partenaire \u00e0 Playa Blanca Rubic\u00f3n Diving est notre centre de plong\u00e9e partenaire de confiance, situ\u00e9 \u00e0 Marina Rubic\u00f3n, \u00e0 Playa Blanca (sud de Lanzarote). Ce centre g\u00e8re toutes les plong\u00e9es de la r\u00e9gion de Playa Blanca , r\u00e9put\u00e9e pour ses eaux calmes, ses eaux cristallines et ses paysages volcaniques riches en vie [&hellip;]<\/p>\n","protected":false},"author":10,"featured_media":0,"parent":0,"menu_order":0,"comment_status":"closed","ping_status":"closed","template":"","meta":{"_acf_changed":false,"footnotes":""},"class_list":["post-29306","page","type-page","status-publish","hentry"],"acf":[],"yoast_head":"<!-- This site is optimized with the Yoast SEO plugin v27.5 - https:\/\/yoast.com\/product\/yoast-seo-wordpress\/ -->\n<title>Rubicon Diving Partner Center | Calero Diving Lanzarote<\/title>\n<meta name=\"robots\" content=\"index, follow, max-snippet:-1, max-image-preview:large, max-video-preview:-1\" \/>\n<link rel=\"canonical\" href=\"https:\/\/calerodiving.com\/de\/rubicon-diving-partner-center-2\/\" \/>\n<meta property=\"og:locale\" content=\"de_DE\" \/>\n<meta property=\"og:type\" content=\"article\" \/>\n<meta property=\"og:title\" content=\"Rubicon Diving Partner Center | Calero Diving Lanzarote\" \/>\n<meta property=\"og:description\" content=\"Plong\u00e9e Rubic\u00f3nNotre centre partenaire \u00e0 Playa Blanca Rubic\u00f3n Diving est notre centre de plong\u00e9e partenaire de confiance, situ\u00e9 \u00e0 Marina Rubic\u00f3n, \u00e0 Playa Blanca (sud de Lanzarote). Ce centre g\u00e8re toutes les plong\u00e9es de la r\u00e9gion de Playa Blanca , r\u00e9put\u00e9e pour ses eaux calmes, ses eaux cristallines et ses paysages volcaniques riches en vie [&hellip;]\" \/>\n<meta property=\"og:url\" content=\"https:\/\/calerodiving.com\/de\/rubicon-diving-partner-center-2\/\" \/>\n<meta property=\"og:site_name\" content=\"Calero Diving Lanzarote\" \/>\n<meta property=\"article:publisher\" content=\"https:\/\/www.facebook.com\/calerodiving\/\" \/>\n<meta property=\"article:modified_time\" content=\"2026-04-24T08:21:22+00:00\" \/>\n<meta property=\"og:image\" content=\"https:\/\/calerodiving.com\/wp-content\/uploads\/2025\/07\/Logo-Rubicon-Diving-1030x444.webp\" \/>\n<meta name=\"twitter:card\" content=\"summary_large_image\" \/>\n<meta name=\"twitter:label1\" content=\"Gesch\u00e4tzte Lesezeit\" \/>\n\t<meta name=\"twitter:data1\" content=\"1\u00a0Minute\" \/>\n<script type=\"application\/ld+json\" class=\"yoast-schema-graph\">{\"@context\":\"https:\\\/\\\/schema.org\",\"@graph\":[{\"@type\":\"WebPage\",\"@id\":\"https:\\\/\\\/calerodiving.com\\\/de\\\/rubicon-diving-partner-center-2\\\/\",\"url\":\"https:\\\/\\\/calerodiving.com\\\/de\\\/rubicon-diving-partner-center-2\\\/\",\"name\":\"Rubicon Diving Partner Center | Calero Diving Lanzarote\",\"isPartOf\":{\"@id\":\"https:\\\/\\\/calerodiving.com\\\/#website\"},\"primaryImageOfPage\":{\"@id\":\"https:\\\/\\\/calerodiving.com\\\/de\\\/rubicon-diving-partner-center-2\\\/#primaryimage\"},\"image\":{\"@id\":\"https:\\\/\\\/calerodiving.com\\\/de\\\/rubicon-diving-partner-center-2\\\/#primaryimage\"},\"thumbnailUrl\":\"https:\\\/\\\/calerodiving.com\\\/wp-content\\\/uploads\\\/2025\\\/07\\\/Logo-Rubicon-Diving-1030x444.webp\",\"datePublished\":\"2026-04-24T08:18:15+00:00\",\"dateModified\":\"2026-04-24T08:21:22+00:00\",\"breadcrumb\":{\"@id\":\"https:\\\/\\\/calerodiving.com\\\/de\\\/rubicon-diving-partner-center-2\\\/#breadcrumb\"},\"inLanguage\":\"de\",\"potentialAction\":[{\"@type\":\"ReadAction\",\"target\":[\"https:\\\/\\\/calerodiving.com\\\/de\\\/rubicon-diving-partner-center-2\\\/\"]}]},{\"@type\":\"ImageObject\",\"inLanguage\":\"de\",\"@id\":\"https:\\\/\\\/calerodiving.com\\\/de\\\/rubicon-diving-partner-center-2\\\/#primaryimage\",\"url\":\"https:\\\/\\\/calerodiving.com\\\/wp-content\\\/uploads\\\/2025\\\/07\\\/Logo-Rubicon-Diving-1030x444.webp\",\"contentUrl\":\"https:\\\/\\\/calerodiving.com\\\/wp-content\\\/uploads\\\/2025\\\/07\\\/Logo-Rubicon-Diving-1030x444.webp\"},{\"@type\":\"BreadcrumbList\",\"@id\":\"https:\\\/\\\/calerodiving.com\\\/de\\\/rubicon-diving-partner-center-2\\\/#breadcrumb\",\"itemListElement\":[{\"@type\":\"ListItem\",\"position\":1,\"name\":\"Home\",\"item\":\"https:\\\/\\\/calerodiving.com\\\/es\\\/\"},{\"@type\":\"ListItem\",\"position\":2,\"name\":\"Rubicon Diving Partner Center\"}]},{\"@type\":\"WebSite\",\"@id\":\"https:\\\/\\\/calerodiving.com\\\/#website\",\"url\":\"https:\\\/\\\/calerodiving.com\\\/\",\"name\":\"Calero Diving Lanzarote\",\"description\":\"Dive Center - Marina Puerto Calero Lanzarote\",\"publisher\":{\"@id\":\"https:\\\/\\\/calerodiving.com\\\/#organization\"},\"alternateName\":\"Calero Diving\",\"potentialAction\":[{\"@type\":\"SearchAction\",\"target\":{\"@type\":\"EntryPoint\",\"urlTemplate\":\"https:\\\/\\\/calerodiving.com\\\/?s={search_term_string}\"},\"query-input\":{\"@type\":\"PropertyValueSpecification\",\"valueRequired\":true,\"valueName\":\"search_term_string\"}}],\"inLanguage\":\"de\"},{\"@type\":\"Organization\",\"@id\":\"https:\\\/\\\/calerodiving.com\\\/#organization\",\"name\":\"Calero Diving Lanzarote\",\"alternateName\":\"Calero Diving\",\"url\":\"https:\\\/\\\/calerodiving.com\\\/\",\"logo\":{\"@type\":\"ImageObject\",\"inLanguage\":\"de\",\"@id\":\"https:\\\/\\\/calerodiving.com\\\/#\\\/schema\\\/logo\\\/image\\\/\",\"url\":\"https:\\\/\\\/calerodiving.com\\\/wp-content\\\/uploads\\\/2025\\\/05\\\/Grupo.png\",\"contentUrl\":\"https:\\\/\\\/calerodiving.com\\\/wp-content\\\/uploads\\\/2025\\\/05\\\/Grupo.png\",\"width\":499,\"height\":590,\"caption\":\"Calero Diving Lanzarote\"},\"image\":{\"@id\":\"https:\\\/\\\/calerodiving.com\\\/#\\\/schema\\\/logo\\\/image\\\/\"},\"sameAs\":[\"https:\\\/\\\/www.facebook.com\\\/calerodiving\\\/\",\"https:\\\/\\\/www.instagram.com\\\/calerodiving\\\/\"]}]}<\/script>\n<!-- \/ Yoast SEO plugin. -->","yoast_head_json":{"title":"Rubicon Diving Partner Center | Calero Diving Lanzarote","robots":{"index":"index","follow":"follow","max-snippet":"max-snippet:-1","max-image-preview":"max-image-preview:large","max-video-preview":"max-video-preview:-1"},"canonical":"https:\/\/calerodiving.com\/de\/rubicon-diving-partner-center-2\/","og_locale":"de_DE","og_type":"article","og_title":"Rubicon Diving Partner Center | Calero Diving Lanzarote","og_description":"Plong\u00e9e Rubic\u00f3nNotre centre partenaire \u00e0 Playa Blanca Rubic\u00f3n Diving est notre centre de plong\u00e9e partenaire de confiance, situ\u00e9 \u00e0 Marina Rubic\u00f3n, \u00e0 Playa Blanca (sud de Lanzarote). Ce centre g\u00e8re toutes les plong\u00e9es de la r\u00e9gion de Playa Blanca , r\u00e9put\u00e9e pour ses eaux calmes, ses eaux cristallines et ses paysages volcaniques riches en vie [&hellip;]","og_url":"https:\/\/calerodiving.com\/de\/rubicon-diving-partner-center-2\/","og_site_name":"Calero Diving Lanzarote","article_publisher":"https:\/\/www.facebook.com\/calerodiving\/","article_modified_time":"2026-04-24T08:21:22+00:00","og_image":[{"url":"https:\/\/calerodiving.com\/wp-content\/uploads\/2025\/07\/Logo-Rubicon-Diving-1030x444.webp","type":"","width":"","height":""}],"twitter_card":"summary_large_image","twitter_misc":{"Gesch\u00e4tzte Lesezeit":"1\u00a0Minute"},"schema":{"@context":"https:\/\/schema.org","@graph":[{"@type":"WebPage","@id":"https:\/\/calerodiving.com\/de\/rubicon-diving-partner-center-2\/","url":"https:\/\/calerodiving.com\/de\/rubicon-diving-partner-center-2\/","name":"Rubicon Diving Partner Center | Calero Diving Lanzarote","isPartOf":{"@id":"https:\/\/calerodiving.com\/#website"},"primaryImageOfPage":{"@id":"https:\/\/calerodiving.com\/de\/rubicon-diving-partner-center-2\/#primaryimage"},"image":{"@id":"https:\/\/calerodiving.com\/de\/rubicon-diving-partner-center-2\/#primaryimage"},"thumbnailUrl":"https:\/\/calerodiving.com\/wp-content\/uploads\/2025\/07\/Logo-Rubicon-Diving-1030x444.webp","datePublished":"2026-04-24T08:18:15+00:00","dateModified":"2026-04-24T08:21:22+00:00","breadcrumb":{"@id":"https:\/\/calerodiving.com\/de\/rubicon-diving-partner-center-2\/#breadcrumb"},"inLanguage":"de","potentialAction":[{"@type":"ReadAction","target":["https:\/\/calerodiving.com\/de\/rubicon-diving-partner-center-2\/"]}]},{"@type":"ImageObject","inLanguage":"de","@id":"https:\/\/calerodiving.com\/de\/rubicon-diving-partner-center-2\/#primaryimage","url":"https:\/\/calerodiving.com\/wp-content\/uploads\/2025\/07\/Logo-Rubicon-Diving-1030x444.webp","contentUrl":"https:\/\/calerodiving.com\/wp-content\/uploads\/2025\/07\/Logo-Rubicon-Diving-1030x444.webp"},{"@type":"BreadcrumbList","@id":"https:\/\/calerodiving.com\/de\/rubicon-diving-partner-center-2\/#breadcrumb","itemListElement":[{"@type":"ListItem","position":1,"name":"Home","item":"https:\/\/calerodiving.com\/es\/"},{"@type":"ListItem","position":2,"name":"Rubicon Diving Partner Center"}]},{"@type":"WebSite","@id":"https:\/\/calerodiving.com\/#website","url":"https:\/\/calerodiving.com\/","name":"Calero Diving Lanzarote","description":"Dive Center - Marina Puerto Calero Lanzarote","publisher":{"@id":"https:\/\/calerodiving.com\/#organization"},"alternateName":"Calero Diving","potentialAction":[{"@type":"SearchAction","target":{"@type":"EntryPoint","urlTemplate":"https:\/\/calerodiving.com\/?s={search_term_string}"},"query-input":{"@type":"PropertyValueSpecification","valueRequired":true,"valueName":"search_term_string"}}],"inLanguage":"de"},{"@type":"Organization","@id":"https:\/\/calerodiving.com\/#organization","name":"Calero Diving Lanzarote","alternateName":"Calero Diving","url":"https:\/\/calerodiving.com\/","logo":{"@type":"ImageObject","inLanguage":"de","@id":"https:\/\/calerodiving.com\/#\/schema\/logo\/image\/","url":"https:\/\/calerodiving.com\/wp-content\/uploads\/2025\/05\/Grupo.png","contentUrl":"https:\/\/calerodiving.com\/wp-content\/uploads\/2025\/05\/Grupo.png","width":499,"height":590,"caption":"Calero Diving Lanzarote"},"image":{"@id":"https:\/\/calerodiving.com\/#\/schema\/logo\/image\/"},"sameAs":["https:\/\/www.facebook.com\/calerodiving\/","https:\/\/www.instagram.com\/calerodiving\/"]}]}},"_links":{"self":[{"href":"https:\/\/calerodiving.com\/de\/wp-json\/wp\/v2\/pages\/29306","targetHints":{"allow":["GET"]}}],"collection":[{"href":"https:\/\/calerodiving.com\/de\/wp-json\/wp\/v2\/pages"}],"about":[{"href":"https:\/\/calerodiving.com\/de\/wp-json\/wp\/v2\/types\/page"}],"author":[{"embeddable":true,"href":"https:\/\/calerodiving.com\/de\/wp-json\/wp\/v2\/users\/10"}],"replies":[{"embeddable":true,"href":"https:\/\/calerodiving.com\/de\/wp-json\/wp\/v2\/comments?post=29306"}],"version-history":[{"count":5,"href":"https:\/\/calerodiving.com\/de\/wp-json\/wp\/v2\/pages\/29306\/revisions"}],"predecessor-version":[{"id":29313,"href":"https:\/\/calerodiving.com\/de\/wp-json\/wp\/v2\/pages\/29306\/revisions\/29313"}],"wp:attachment":[{"href":"https:\/\/calerodiving.com\/de\/wp-json\/wp\/v2\/media?parent=29306"}],"curies":[{"name":"wp","href":"https:\/\/api.w.org\/{rel}","templated":true}]}}