{"id":29205,"date":"2026-04-24T08:22:14","date_gmt":"2026-04-24T07:22:14","guid":{"rendered":"https:\/\/calerodiving.com\/advanced-wreck-diving\/"},"modified":"2026-04-24T08:33:55","modified_gmt":"2026-04-24T07:33:55","slug":"advanced-wreck-diving-2","status":"publish","type":"page","link":"https:\/\/calerodiving.com\/de\/advanced-wreck-diving-2\/","title":{"rendered":"Advanced Wreck Diving"},"content":{"rendered":"\t\t<div data-elementor-type=\"wp-page\" data-elementor-id=\"29205\" class=\"elementor elementor-29205 elementor-29162\" data-elementor-post-type=\"page\">\n\t\t\t\t<div class=\"elementor-element elementor-element-3be2401 e-flex e-con-boxed e-con e-parent\" data-id=\"3be2401\" data-element_type=\"container\" data-e-type=\"container\">\n\t\t\t\t\t<div class=\"e-con-inner\">\n\t\t<div class=\"elementor-element elementor-element-ac05a8d e-con-full e-flex e-con e-child\" data-id=\"ac05a8d\" data-element_type=\"container\" data-e-type=\"container\">\n\t\t\t\t<div class=\"elementor-element elementor-element-c13a6c9 elementor-widget elementor-widget-image\" data-id=\"c13a6c9\" data-element_type=\"widget\" data-e-type=\"widget\" data-widget_type=\"image.default\">\n\t\t\t\t<div class=\"elementor-widget-container\">\n\t\t\t\t\t\t\t\t\t\t\t\t\t\t\t<img fetchpriority=\"high\" decoding=\"async\" width=\"690\" height=\"438\" src=\"https:\/\/calerodiving.com\/wp-content\/uploads\/2026\/04\/Advanced-Wreck-Diving_lanzarote_calero.jpg\" class=\"attachment-large size-large wp-image-29165\" alt=\"\" srcset=\"https:\/\/calerodiving.com\/wp-content\/uploads\/2026\/04\/Advanced-Wreck-Diving_lanzarote_calero.jpg 690w, https:\/\/calerodiving.com\/wp-content\/uploads\/2026\/04\/Advanced-Wreck-Diving_lanzarote_calero-300x190.jpg 300w\" sizes=\"(max-width: 690px) 100vw, 690px\" \/>\t\t\t\t\t\t\t\t\t\t\t\t\t\t\t<\/div>\n\t\t\t\t<\/div>\n\t\t\t\t<\/div>\n\t\t<div class=\"elementor-element elementor-element-157b33f e-con-full e-flex e-con e-child\" data-id=\"157b33f\" data-element_type=\"container\" data-e-type=\"container\">\n\t\t<div class=\"elementor-element elementor-element-d6cc48f e-con-full e-flex e-con e-child\" data-id=\"d6cc48f\" data-element_type=\"container\" data-e-type=\"container\">\n\t\t\t\t<div class=\"elementor-element elementor-element-c9bd462 elementor-widget elementor-widget-html\" data-id=\"c9bd462\" data-element_type=\"widget\" data-e-type=\"widget\" data-widget_type=\"html.default\">\n\t\t\t\t<div class=\"elementor-widget-container\">\n\t\t\t\t\t<a href=\"https:\/\/calerodiving.com\/de\/sporttauchkurse\/#recreational\" class=\"tag-button\">Freizeit<\/a>\n\t\t\t\t<\/div>\n\t\t\t\t<\/div>\n\t\t\t\t<div class=\"elementor-element elementor-element-03d5541 elementor-widget elementor-widget-heading\" data-id=\"03d5541\" data-element_type=\"widget\" data-e-type=\"widget\" data-widget_type=\"heading.default\">\n\t\t\t\t<div class=\"elementor-widget-container\">\n\t\t\t\t\t<h2 class=\"elementor-heading-title elementor-size-default\">Advanced Wreck Diving<\/h2>\t\t\t\t<\/div>\n\t\t\t\t<\/div>\n\t\t\t\t<\/div>\n\t\t\t\t<\/div>\n\t\t\t\t\t<\/div>\n\t\t\t\t<\/div>\n\t\t<div class=\"elementor-element elementor-element-3755977 e-flex e-con-boxed e-con e-parent\" data-id=\"3755977\" data-element_type=\"container\" data-e-type=\"container\">\n\t\t\t\t\t<div class=\"e-con-inner\">\n\t\t<div class=\"elementor-element elementor-element-c22980e e-con-full e-flex e-con e-child\" data-id=\"c22980e\" data-element_type=\"container\" data-e-type=\"container\">\n\t\t<div class=\"elementor-element elementor-element-9fb93dc e-con-full e-flex e-con e-child\" data-id=\"9fb93dc\" data-element_type=\"container\" data-e-type=\"container\">\n\t\t\t\t<div class=\"elementor-element elementor-element-54f82d1 elementor-widget elementor-widget-heading\" data-id=\"54f82d1\" data-element_type=\"widget\" data-e-type=\"widget\" data-widget_type=\"heading.default\">\n\t\t\t\t<div class=\"elementor-widget-container\">\n\t\t\t\t\t<h2 class=\"elementor-heading-title elementor-size-default\">Erkunde Wracks mit Sicherheit und Kontrolle<\/h2>\t\t\t\t<\/div>\n\t\t\t\t<\/div>\n\t\t\t\t<div class=\"elementor-element elementor-element-b163460 elementor-widget elementor-widget-text-editor\" data-id=\"b163460\" data-element_type=\"widget\" data-e-type=\"widget\" data-widget_type=\"text-editor.default\">\n\t\t\t\t<div class=\"elementor-widget-container\">\n\t\t\t\t\t\t\t\t\t<div class=\"section-list\"><h3>Advanced Wreck Diving<\/h3><p>Gehe \u00fcber grundlegendes Wracktauchen hinaus und erkunde fortgeschrittenere Wrackumgebungen mit mehr Kontrolle und Sicherheit<\/p><p><span style=\"font-family: -apple-system, BlinkMacSystemFont, 'SF Pro Display', 'Helvetica Neue', sans-serif;\">Die SSI Advanced Wreck Diving Specialty richtet sich an Taucher, die bereits Freude am Wracktauchen haben und ein h\u00f6heres Ma\u00df an Sicherheit, Pr\u00e4zision und Aufmerksamkeit in anspruchsvolleren Wrackumgebungen entwickeln m\u00f6chten.<\/span><\/p><p><span style=\"font-family: -apple-system, BlinkMacSystemFont, 'SF Pro Display', 'Helvetica Neue', sans-serif;\">Wracks geh\u00f6ren zu den faszinierendsten Tauchpl\u00e4tzen im Meer, verlangen aber auch einen disziplinierteren Ansatz. Struktur, Tiefe, Orientierung, Sichtverh\u00e4ltnisse und Overhead-Aspekte machen fortgeschrittenes Wracktauchen zu einem Bereich, in dem Ausbildung, Kontrolle und Entscheidungsf\u00e4higkeit besonders wichtig sind.<\/span><\/p><h3>Entwickle mehr Sicherheit im Umgang mit komplexeren Wrackstrukturen<\/h3><p><span style=\"font-family: -apple-system, BlinkMacSystemFont, 'SF Pro Display', 'Helvetica Neue', sans-serif;\">Dieser Kurs ist ideal f\u00fcr Taucher, die \u00fcber das blo\u00dfe Erkunden der Au\u00dfenseite eines Wracks hinausgehen und die F\u00e4higkeiten entwickeln m\u00f6chten, um anspruchsvollere Wrackszenarien sicherer, kontrollierter und bewusster anzugehen.<\/span><\/p><p><span style=\"font-family: -apple-system, BlinkMacSystemFont, 'SF Pro Display', 'Helvetica Neue', sans-serif;\">\u00dcber mehrere Ausbildungstage hinweg verbesserst du dein Verst\u00e4ndnis f\u00fcr Leinenf\u00fchrung, Navigation, Teamkommunikation, Ausr\u00fcstungskonfiguration und daf\u00fcr, wie du dich mit mehr Sicherheit und Pr\u00e4zision an Wrackstrukturen bewegst.<\/span><\/p><h3>Was wirst du lernen?<\/h3><ul><li>wrackspezifischer Tauchgangsplanung<\/li><li>Gefahrenbewusstsein und Risikomanagement<\/li><li>Navigation an und in Wrackstrukturen<\/li><li>Leinenf\u00fchrung und Reel-Verfahren<\/li><li>Teampositionierung und Kommunikation<\/li><li>Tarierung, Wasserlage und Flossentechniken in Wrackumgebungen<\/li><li>sicherer Bewegung in Overhead-\u00e4hnlichen Umgebungen<\/li><li>verantwortungsvoller Entscheidungsfindung und pers\u00f6nlichen Grenzen<\/li><\/ul><h3>Wichtiger Hinweis<\/h3><p><span style=\"font-family: -apple-system, BlinkMacSystemFont, 'SF Pro Display', 'Helvetica Neue', sans-serif;\">Dieser Kurs dient dazu, deine Wracktauchf\u00e4higkeiten auf ein fortgeschritteneres Niveau zu bringen. Alle Trainingsinhalte sollten jedoch stets innerhalb der Standards und Grenzen der jeweiligen Zertifizierung bleiben.<\/span><\/p><h3>Kursinformationen<\/h3><ul><li>Dauer: 3\u20134 Tage<\/li><li>Inklusive: 1 Trockensession an Land, 4 Freiwassertauchg\u00e4nge, digitale Lernmaterialien und SSI Advanced Wreck Diving Zertifizierung<\/li><li>Voraussetzungen: Wreck Diving Zertifizierung oder gleichwertige Erfahrung sowie ein geeigneter Erfahrungsstand f\u00fcr fortgeschrittenes Training<\/li><li>Nicht inklusive: Tauchversicherung, Leihausr\u00fcstung und specialty-spezifische Ausr\u00fcstung, sofern nicht anders aufgef\u00fchrt<\/li><\/ul><h3>Weitere Kurse, die dich interessieren k\u00f6nnten<\/h3><ul><li>Perfect Buoyancy<\/li><li>Recreational Sidemount Diving<\/li><li>Independent Diving<\/li><li>Scooter \/ DPV Diving<\/li><\/ul><\/div>\t\t\t\t\t\t\t\t<\/div>\n\t\t\t\t<\/div>\n\t\t\t\t<\/div>\n\t\t\t\t<\/div>\n\t\t<div class=\"elementor-element elementor-element-7051abe e-con-full e-flex e-con e-child\" data-id=\"7051abe\" data-element_type=\"container\" data-e-type=\"container\">\n\t\t<div class=\"elementor-element elementor-element-5cd02d4 e-con-full course-sidebar-box e-flex e-con e-child\" data-id=\"5cd02d4\" data-element_type=\"container\" data-e-type=\"container\" data-settings=\"{&quot;sticky&quot;:&quot;top&quot;,&quot;sticky_offset&quot;:110,&quot;sticky_effects_offset&quot;:130,&quot;sticky_parent&quot;:&quot;yes&quot;,&quot;sticky_on&quot;:[&quot;desktop&quot;,&quot;tablet&quot;,&quot;mobile&quot;],&quot;sticky_anchor_link_offset&quot;:0}\">\n\t\t\t\t<div class=\"elementor-element elementor-element-c8ca203 elementor-widget elementor-widget-text-editor\" data-id=\"c8ca203\" data-element_type=\"widget\" data-e-type=\"widget\" data-widget_type=\"text-editor.default\">\n\t\t\t\t<div class=\"elementor-widget-container\">\n\t\t\t\t\t\t\t\t\t<div class=\"courses-info\"><h6 class=\"no-margin\">Dauer:<\/h6><p class=\"no-margin\">3\u20134 Tage<\/p><\/div><div class=\"courses-info\"><h6 class=\"no-margin\">Preis:<\/h6><p class=\"no-margin\">\u00c0 partir de \u20ac<\/p><\/div>\t\t\t\t\t\t\t\t<\/div>\n\t\t\t\t<\/div>\n\t\t\t\t<div class=\"elementor-element elementor-element-d2ab093 elementor-mobile-align-center elementor-widget elementor-widget-button\" data-id=\"d2ab093\" data-element_type=\"widget\" data-e-type=\"widget\" data-widget_type=\"button.default\">\n\t\t\t\t<div class=\"elementor-widget-container\">\n\t\t\t\t\t\t\t\t\t<div class=\"elementor-button-wrapper\">\n\t\t\t\t\t<a class=\"elementor-button elementor-button-link elementor-size-sm\" href=\"https:\/\/booking.calerodiving.com\/front\/6213b2319a1bbf005fa0b870\/product\/69eb1c50e8ef599459b7fc7a\" target=\"_blank\">\n\t\t\t\t\t\t<span class=\"elementor-button-content-wrapper\">\n\t\t\t\t\t\t\t\t\t<span class=\"elementor-button-text\">Jetzt buchen<\/span>\n\t\t\t\t\t<\/span>\n\t\t\t\t\t<\/a>\n\t\t\t\t<\/div>\n\t\t\t\t\t\t\t\t<\/div>\n\t\t\t\t<\/div>\n\t\t\t\t<\/div>\n\t\t\t\t<\/div>\n\t\t\t\t\t<\/div>\n\t\t\t\t<\/div>\n\t\t\t\t<\/div>\n\t\t","protected":false},"excerpt":{"rendered":"<p>Freizeit Advanced Wreck Diving Erkunde Wracks mit Sicherheit und Kontrolle Advanced Wreck Diving Gehe \u00fcber grundlegendes Wracktauchen hinaus und erkunde fortgeschrittenere Wrackumgebungen mit mehr Kontrolle und Sicherheit Die SSI Advanced Wreck Diving Specialty richtet sich an Taucher, die bereits Freude am Wracktauchen haben und ein h\u00f6heres Ma\u00df an Sicherheit, Pr\u00e4zision und Aufmerksamkeit in anspruchsvolleren Wrackumgebungen [&hellip;]<\/p>\n","protected":false},"author":10,"featured_media":0,"parent":0,"menu_order":0,"comment_status":"closed","ping_status":"closed","template":"","meta":{"_acf_changed":false,"footnotes":""},"class_list":["post-29205","page","type-page","status-publish","hentry"],"acf":[],"yoast_head":"<!-- This site is optimized with the Yoast SEO plugin v27.5 - https:\/\/yoast.com\/product\/yoast-seo-wordpress\/ -->\n<title>Advanced Wreck Diving | Calero Diving Lanzarote<\/title>\n<meta name=\"robots\" content=\"index, follow, max-snippet:-1, max-image-preview:large, max-video-preview:-1\" \/>\n<link rel=\"canonical\" href=\"https:\/\/calerodiving.com\/advanced-wreck-diving\/\" \/>\n<meta property=\"og:locale\" content=\"de_DE\" \/>\n<meta property=\"og:type\" content=\"article\" \/>\n<meta property=\"og:title\" content=\"Advanced Wreck Diving | Calero Diving Lanzarote\" \/>\n<meta property=\"og:description\" content=\"Freizeit Advanced Wreck Diving Erkunde Wracks mit Sicherheit und Kontrolle Advanced Wreck Diving Gehe \u00fcber grundlegendes Wracktauchen hinaus und erkunde fortgeschrittenere Wrackumgebungen mit mehr Kontrolle und Sicherheit Die SSI Advanced Wreck Diving Specialty richtet sich an Taucher, die bereits Freude am Wracktauchen haben und ein h\u00f6heres Ma\u00df an Sicherheit, Pr\u00e4zision und Aufmerksamkeit in anspruchsvolleren Wrackumgebungen [&hellip;]\" \/>\n<meta property=\"og:url\" content=\"https:\/\/calerodiving.com\/advanced-wreck-diving\/\" \/>\n<meta property=\"og:site_name\" content=\"Calero Diving Lanzarote\" \/>\n<meta property=\"article:publisher\" content=\"https:\/\/www.facebook.com\/calerodiving\/\" \/>\n<meta property=\"article:modified_time\" content=\"2026-04-24T07:33:55+00:00\" \/>\n<meta property=\"og:image\" content=\"https:\/\/calerodiving.com\/wp-content\/uploads\/2026\/04\/Advanced-Wreck-Diving_lanzarote_calero.jpg\" \/>\n\t<meta property=\"og:image:width\" content=\"690\" \/>\n\t<meta property=\"og:image:height\" content=\"438\" \/>\n\t<meta property=\"og:image:type\" content=\"image\/jpeg\" \/>\n<meta name=\"twitter:card\" content=\"summary_large_image\" \/>\n<meta name=\"twitter:label1\" content=\"Gesch\u00e4tzte Lesezeit\" \/>\n\t<meta name=\"twitter:data1\" content=\"2\u00a0Minuten\" \/>\n<script type=\"application\/ld+json\" class=\"yoast-schema-graph\">{\"@context\":\"https:\\\/\\\/schema.org\",\"@graph\":[{\"@type\":\"WebPage\",\"@id\":\"https:\\\/\\\/calerodiving.com\\\/advanced-wreck-diving\\\/\",\"url\":\"https:\\\/\\\/calerodiving.com\\\/advanced-wreck-diving\\\/\",\"name\":\"Advanced Wreck Diving | Calero Diving Lanzarote\",\"isPartOf\":{\"@id\":\"https:\\\/\\\/calerodiving.com\\\/#website\"},\"primaryImageOfPage\":{\"@id\":\"https:\\\/\\\/calerodiving.com\\\/advanced-wreck-diving\\\/#primaryimage\"},\"image\":{\"@id\":\"https:\\\/\\\/calerodiving.com\\\/advanced-wreck-diving\\\/#primaryimage\"},\"thumbnailUrl\":\"https:\\\/\\\/calerodiving.com\\\/wp-content\\\/uploads\\\/2026\\\/04\\\/Advanced-Wreck-Diving_lanzarote_calero.jpg\",\"datePublished\":\"2026-04-24T07:22:14+00:00\",\"dateModified\":\"2026-04-24T07:33:55+00:00\",\"breadcrumb\":{\"@id\":\"https:\\\/\\\/calerodiving.com\\\/advanced-wreck-diving\\\/#breadcrumb\"},\"inLanguage\":\"de\",\"potentialAction\":[{\"@type\":\"ReadAction\",\"target\":[\"https:\\\/\\\/calerodiving.com\\\/advanced-wreck-diving\\\/\"]}]},{\"@type\":\"ImageObject\",\"inLanguage\":\"de\",\"@id\":\"https:\\\/\\\/calerodiving.com\\\/advanced-wreck-diving\\\/#primaryimage\",\"url\":\"https:\\\/\\\/calerodiving.com\\\/wp-content\\\/uploads\\\/2026\\\/04\\\/Advanced-Wreck-Diving_lanzarote_calero.jpg\",\"contentUrl\":\"https:\\\/\\\/calerodiving.com\\\/wp-content\\\/uploads\\\/2026\\\/04\\\/Advanced-Wreck-Diving_lanzarote_calero.jpg\"},{\"@type\":\"BreadcrumbList\",\"@id\":\"https:\\\/\\\/calerodiving.com\\\/advanced-wreck-diving\\\/#breadcrumb\",\"itemListElement\":[{\"@type\":\"ListItem\",\"position\":1,\"name\":\"Home\",\"item\":\"https:\\\/\\\/calerodiving.com\\\/es\\\/\"},{\"@type\":\"ListItem\",\"position\":2,\"name\":\"Advanced Wreck Diving\"}]},{\"@type\":\"WebSite\",\"@id\":\"https:\\\/\\\/calerodiving.com\\\/#website\",\"url\":\"https:\\\/\\\/calerodiving.com\\\/\",\"name\":\"Calero Diving Lanzarote\",\"description\":\"Dive Center - Marina Puerto Calero Lanzarote\",\"publisher\":{\"@id\":\"https:\\\/\\\/calerodiving.com\\\/#organization\"},\"alternateName\":\"Calero Diving\",\"potentialAction\":[{\"@type\":\"SearchAction\",\"target\":{\"@type\":\"EntryPoint\",\"urlTemplate\":\"https:\\\/\\\/calerodiving.com\\\/?s={search_term_string}\"},\"query-input\":{\"@type\":\"PropertyValueSpecification\",\"valueRequired\":true,\"valueName\":\"search_term_string\"}}],\"inLanguage\":\"de\"},{\"@type\":\"Organization\",\"@id\":\"https:\\\/\\\/calerodiving.com\\\/#organization\",\"name\":\"Calero Diving Lanzarote\",\"alternateName\":\"Calero Diving\",\"url\":\"https:\\\/\\\/calerodiving.com\\\/\",\"logo\":{\"@type\":\"ImageObject\",\"inLanguage\":\"de\",\"@id\":\"https:\\\/\\\/calerodiving.com\\\/#\\\/schema\\\/logo\\\/image\\\/\",\"url\":\"https:\\\/\\\/calerodiving.com\\\/wp-content\\\/uploads\\\/2025\\\/05\\\/Grupo.png\",\"contentUrl\":\"https:\\\/\\\/calerodiving.com\\\/wp-content\\\/uploads\\\/2025\\\/05\\\/Grupo.png\",\"width\":499,\"height\":590,\"caption\":\"Calero Diving Lanzarote\"},\"image\":{\"@id\":\"https:\\\/\\\/calerodiving.com\\\/#\\\/schema\\\/logo\\\/image\\\/\"},\"sameAs\":[\"https:\\\/\\\/www.facebook.com\\\/calerodiving\\\/\",\"https:\\\/\\\/www.instagram.com\\\/calerodiving\\\/\"]}]}<\/script>\n<!-- \/ Yoast SEO plugin. -->","yoast_head_json":{"title":"Advanced Wreck Diving | Calero Diving Lanzarote","robots":{"index":"index","follow":"follow","max-snippet":"max-snippet:-1","max-image-preview":"max-image-preview:large","max-video-preview":"max-video-preview:-1"},"canonical":"https:\/\/calerodiving.com\/advanced-wreck-diving\/","og_locale":"de_DE","og_type":"article","og_title":"Advanced Wreck Diving | Calero Diving Lanzarote","og_description":"Freizeit Advanced Wreck Diving Erkunde Wracks mit Sicherheit und Kontrolle Advanced Wreck Diving Gehe \u00fcber grundlegendes Wracktauchen hinaus und erkunde fortgeschrittenere Wrackumgebungen mit mehr Kontrolle und Sicherheit Die SSI Advanced Wreck Diving Specialty richtet sich an Taucher, die bereits Freude am Wracktauchen haben und ein h\u00f6heres Ma\u00df an Sicherheit, Pr\u00e4zision und Aufmerksamkeit in anspruchsvolleren Wrackumgebungen [&hellip;]","og_url":"https:\/\/calerodiving.com\/advanced-wreck-diving\/","og_site_name":"Calero Diving Lanzarote","article_publisher":"https:\/\/www.facebook.com\/calerodiving\/","article_modified_time":"2026-04-24T07:33:55+00:00","og_image":[{"width":690,"height":438,"url":"https:\/\/calerodiving.com\/wp-content\/uploads\/2026\/04\/Advanced-Wreck-Diving_lanzarote_calero.jpg","type":"image\/jpeg"}],"twitter_card":"summary_large_image","twitter_misc":{"Gesch\u00e4tzte Lesezeit":"2\u00a0Minuten"},"schema":{"@context":"https:\/\/schema.org","@graph":[{"@type":"WebPage","@id":"https:\/\/calerodiving.com\/advanced-wreck-diving\/","url":"https:\/\/calerodiving.com\/advanced-wreck-diving\/","name":"Advanced Wreck Diving | Calero Diving Lanzarote","isPartOf":{"@id":"https:\/\/calerodiving.com\/#website"},"primaryImageOfPage":{"@id":"https:\/\/calerodiving.com\/advanced-wreck-diving\/#primaryimage"},"image":{"@id":"https:\/\/calerodiving.com\/advanced-wreck-diving\/#primaryimage"},"thumbnailUrl":"https:\/\/calerodiving.com\/wp-content\/uploads\/2026\/04\/Advanced-Wreck-Diving_lanzarote_calero.jpg","datePublished":"2026-04-24T07:22:14+00:00","dateModified":"2026-04-24T07:33:55+00:00","breadcrumb":{"@id":"https:\/\/calerodiving.com\/advanced-wreck-diving\/#breadcrumb"},"inLanguage":"de","potentialAction":[{"@type":"ReadAction","target":["https:\/\/calerodiving.com\/advanced-wreck-diving\/"]}]},{"@type":"ImageObject","inLanguage":"de","@id":"https:\/\/calerodiving.com\/advanced-wreck-diving\/#primaryimage","url":"https:\/\/calerodiving.com\/wp-content\/uploads\/2026\/04\/Advanced-Wreck-Diving_lanzarote_calero.jpg","contentUrl":"https:\/\/calerodiving.com\/wp-content\/uploads\/2026\/04\/Advanced-Wreck-Diving_lanzarote_calero.jpg"},{"@type":"BreadcrumbList","@id":"https:\/\/calerodiving.com\/advanced-wreck-diving\/#breadcrumb","itemListElement":[{"@type":"ListItem","position":1,"name":"Home","item":"https:\/\/calerodiving.com\/es\/"},{"@type":"ListItem","position":2,"name":"Advanced Wreck Diving"}]},{"@type":"WebSite","@id":"https:\/\/calerodiving.com\/#website","url":"https:\/\/calerodiving.com\/","name":"Calero Diving Lanzarote","description":"Dive Center - Marina Puerto Calero Lanzarote","publisher":{"@id":"https:\/\/calerodiving.com\/#organization"},"alternateName":"Calero Diving","potentialAction":[{"@type":"SearchAction","target":{"@type":"EntryPoint","urlTemplate":"https:\/\/calerodiving.com\/?s={search_term_string}"},"query-input":{"@type":"PropertyValueSpecification","valueRequired":true,"valueName":"search_term_string"}}],"inLanguage":"de"},{"@type":"Organization","@id":"https:\/\/calerodiving.com\/#organization","name":"Calero Diving Lanzarote","alternateName":"Calero Diving","url":"https:\/\/calerodiving.com\/","logo":{"@type":"ImageObject","inLanguage":"de","@id":"https:\/\/calerodiving.com\/#\/schema\/logo\/image\/","url":"https:\/\/calerodiving.com\/wp-content\/uploads\/2025\/05\/Grupo.png","contentUrl":"https:\/\/calerodiving.com\/wp-content\/uploads\/2025\/05\/Grupo.png","width":499,"height":590,"caption":"Calero Diving Lanzarote"},"image":{"@id":"https:\/\/calerodiving.com\/#\/schema\/logo\/image\/"},"sameAs":["https:\/\/www.facebook.com\/calerodiving\/","https:\/\/www.instagram.com\/calerodiving\/"]}]}},"_links":{"self":[{"href":"https:\/\/calerodiving.com\/de\/wp-json\/wp\/v2\/pages\/29205","targetHints":{"allow":["GET"]}}],"collection":[{"href":"https:\/\/calerodiving.com\/de\/wp-json\/wp\/v2\/pages"}],"about":[{"href":"https:\/\/calerodiving.com\/de\/wp-json\/wp\/v2\/types\/page"}],"author":[{"embeddable":true,"href":"https:\/\/calerodiving.com\/de\/wp-json\/wp\/v2\/users\/10"}],"replies":[{"embeddable":true,"href":"https:\/\/calerodiving.com\/de\/wp-json\/wp\/v2\/comments?post=29205"}],"version-history":[{"count":14,"href":"https:\/\/calerodiving.com\/de\/wp-json\/wp\/v2\/pages\/29205\/revisions"}],"predecessor-version":[{"id":29228,"href":"https:\/\/calerodiving.com\/de\/wp-json\/wp\/v2\/pages\/29205\/revisions\/29228"}],"wp:attachment":[{"href":"https:\/\/calerodiving.com\/de\/wp-json\/wp\/v2\/media?parent=29205"}],"curies":[{"name":"wp","href":"https:\/\/api.w.org\/{rel}","templated":true}]}}