{"id":27017,"date":"2026-03-06T14:00:22","date_gmt":"2026-03-06T13:00:22","guid":{"rendered":"https:\/\/calerodiving.com\/advanced-open-water-diver\/"},"modified":"2026-04-15T14:11:04","modified_gmt":"2026-04-15T13:11:04","slug":"fortgeschrittener-freiwassertaucher","status":"publish","type":"page","link":"https:\/\/calerodiving.com\/de\/fortgeschrittener-freiwassertaucher\/","title":{"rendered":"Advanced Open Water Diver"},"content":{"rendered":"\t\t<div data-elementor-type=\"wp-page\" data-elementor-id=\"27017\" class=\"elementor elementor-27017 elementor-26962\" data-elementor-post-type=\"page\">\n\t\t\t\t<div class=\"elementor-element elementor-element-1476940 e-flex e-con-boxed e-con e-parent\" data-id=\"1476940\" data-element_type=\"container\" data-e-type=\"container\">\n\t\t\t\t\t<div class=\"e-con-inner\">\n\t\t<div class=\"elementor-element elementor-element-7831da6 e-con-full e-flex e-con e-child\" data-id=\"7831da6\" data-element_type=\"container\" data-e-type=\"container\">\n\t\t\t\t<div class=\"elementor-element elementor-element-6002560 elementor-widget elementor-widget-image\" data-id=\"6002560\" data-element_type=\"widget\" data-e-type=\"widget\" data-widget_type=\"image.default\">\n\t\t\t\t<div class=\"elementor-widget-container\">\n\t\t\t\t\t\t\t\t\t\t\t\t\t\t\t<img fetchpriority=\"high\" decoding=\"async\" width=\"700\" height=\"445\" src=\"https:\/\/calerodiving.com\/wp-content\/uploads\/2026\/03\/Calero_Diving_Advanced_Open_Water_Diver_course_5871b12716.jpg\" class=\"attachment-large size-large wp-image-26911\" alt=\"\" srcset=\"https:\/\/calerodiving.com\/wp-content\/uploads\/2026\/03\/Calero_Diving_Advanced_Open_Water_Diver_course_5871b12716.jpg 700w, https:\/\/calerodiving.com\/wp-content\/uploads\/2026\/03\/Calero_Diving_Advanced_Open_Water_Diver_course_5871b12716-300x191.jpg 300w\" sizes=\"(max-width: 700px) 100vw, 700px\" \/>\t\t\t\t\t\t\t\t\t\t\t\t\t\t\t<\/div>\n\t\t\t\t<\/div>\n\t\t\t\t<\/div>\n\t\t<div class=\"elementor-element elementor-element-d438362 e-con-full e-flex e-con e-child\" data-id=\"d438362\" data-element_type=\"container\" data-e-type=\"container\">\n\t\t<div class=\"elementor-element elementor-element-87fa662 e-con-full e-flex e-con e-child\" data-id=\"87fa662\" data-element_type=\"container\" data-e-type=\"container\">\n\t\t\t\t<div class=\"elementor-element elementor-element-2d29312 elementor-widget elementor-widget-html\" data-id=\"2d29312\" data-element_type=\"widget\" data-e-type=\"widget\" data-widget_type=\"html.default\">\n\t\t\t\t<div class=\"elementor-widget-container\">\n\t\t\t\t\t<a href=\"https:\/\/calerodiving.com\/es\/cursos-de-buceo-recreativo\/#recreational\" class=\"tag-button\">recreativo<\/a>\n\t\t\t\t<\/div>\n\t\t\t\t<\/div>\n\t\t\t\t<div class=\"elementor-element elementor-element-2dbc1b0 elementor-widget elementor-widget-heading\" data-id=\"2dbc1b0\" data-element_type=\"widget\" data-e-type=\"widget\" data-widget_type=\"heading.default\">\n\t\t\t\t<div class=\"elementor-widget-container\">\n\t\t\t\t\t<h2 class=\"elementor-heading-title elementor-size-default\">SSI Advanced Open Water Diver\n<\/h2>\t\t\t\t<\/div>\n\t\t\t\t<\/div>\n\t\t\t\t<\/div>\n\t\t\t\t<\/div>\n\t\t\t\t\t<\/div>\n\t\t\t\t<\/div>\n\t\t<div class=\"elementor-element elementor-element-2c4c379 e-flex e-con-boxed e-con e-parent\" data-id=\"2c4c379\" data-element_type=\"container\" data-e-type=\"container\">\n\t\t\t\t\t<div class=\"e-con-inner\">\n\t\t<div class=\"elementor-element elementor-element-13544bf e-con-full e-flex e-con e-child\" data-id=\"13544bf\" data-element_type=\"container\" data-e-type=\"container\">\n\t\t<div class=\"elementor-element elementor-element-c6a9ffb e-con-full e-flex e-con e-child\" data-id=\"c6a9ffb\" data-element_type=\"container\" data-e-type=\"container\">\n\t\t\t\t<div class=\"elementor-element elementor-element-5a38ee5 elementor-widget elementor-widget-text-editor\" data-id=\"5a38ee5\" data-element_type=\"widget\" data-e-type=\"widget\" data-widget_type=\"text-editor.default\">\n\t\t\t\t<div class=\"elementor-widget-container\">\n\t\t\t\t\t\t\t\t\t<div class=\"section-list\">\n  <h3>Kurs\u00fcbersicht.<\/h3>\n\n  <p>Wenn du bereits deine Open Water Diver Zertifizierung hast, ist der SSI Advanced Open Water Diver Kurs der perfekte n\u00e4chste Schritt, um deine Ausbildung fortzusetzen und mehr echte Taucherfahrung zu sammeln.<\/p>\n\n  <p>Anstatt dich sofort f\u00fcr eine komplette Specialty zu entscheiden, kannst du in diesem Kurs 5 verschiedene Adventure Dives ausprobieren und herausfinden, welche Art des Tauchens dir am meisten Spa\u00df macht.<\/p>\n\n  <p>W\u00e4hrend des Kurses absolvierst du 5 Tauchg\u00e4nge unter direkter Aufsicht eines unserer Instructoren.<\/p>\n\n  <p>Zwei dieser Tauchg\u00e4nge \u2013 Deep Diving und Navigation \u2013 sind verpflichtend.<\/p>\n\n  <p>Die verbleibenden drei Tauchg\u00e4nge kannst du aus einer Auswahl an Adventure Dives w\u00e4hlen, die wir im Center anbieten, darunter folgende Optionen:<\/p>\n\n  <ul>\n    <li>Wracktauchen<\/li>\n    <li>Bootstauchen<\/li>\n    <li>Enriched Air Nitrox<\/li>\n    <li>Photo &amp; Video<\/li>\n    <li>Search &amp; Recovery<\/li>\n    <li>Wellen, Gezeiten &amp; Str\u00f6mungen<\/li>\n    <li>Fischbestimmung<\/li>\n    <li>Perfekte Tarierung<\/li>\n  <\/ul>\n\n  <p>Nach Abschluss des Kurses erh\u00f6hen sich deine empfohlenen Tiefengrenzen wie folgt:<\/p>\n\n  <p>Taucher \u00fcber 15 Jahre: 30 m<\/p>\n\n  <p>Kinder von 12\u201314 Jahren: 21 m<\/p>\n\n  <p>Dieser Kurs hilft dir dabei, mehr Sicherheit zu gewinnen, deine Taucherfahrung auszubauen und herauszufinden, welche Specialties du sp\u00e4ter weiterverfolgen m\u00f6chtest.<\/p>\n\n  <p>Der Advanced Open Water Diver Kurs ist eine der besten M\u00f6glichkeiten, schnell mehr Erfahrung zu sammeln und deine Tauchfertigkeiten unter professioneller Anleitung weiterzuentwickeln.<\/p>\n\n  <p>Jeder Adventure Dive, den du in diesem Kurs absolvierst, kann sp\u00e4ter auf die entsprechende vollst\u00e4ndige SSI Specialty angerechnet werden.<\/p>\n\n  <p>Wenn du zum Beispiel w\u00e4hrend dieses Kurses den Adventure Dive Deep Diving absolvierst, ben\u00f6tigst du sp\u00e4ter nur noch zwei weitere Tauchg\u00e4nge, um die vollst\u00e4ndige Deep Diving Specialty abzuschlie\u00dfen.<\/p>\n\n  <h3>Dauer<\/h3>\n  <ul>\n    <li>2 Tage<\/li>\n  <\/ul>\n\n  <h3>Inklusive<\/h3>\n  <ul>\n    <li>5 Ausbildungstauchg\u00e4nge<\/li>\n  <\/ul>\n\n  <h3>Voraussetzungen<\/h3>\n  <ul>\n    <li>Open Water Diver Zertifizierung<\/li>\n  <\/ul>\n\n  <h3>Nicht inklusive<\/h3>\n  <ul>\n    <li>Kameraverleih (bei Wahl von Photo &amp; Video)<\/li>\n    <li>Tauchversicherung<\/li>\n    <li>Leihausr\u00fcstung<\/li>\n  <\/ul>\n\n<h3>Weitere Kurse, die dich interessieren k\u00f6nnten<\/h3>\n<ul>\n  <li><a href=\"#\">SSI Advanced Specialty Diver<\/a><\/li>\n  <li><a href=\"#\">Deep Diving<\/a><\/li>\n  <li><a href=\"#\">Enriched Air Nitrox<\/a><\/li>\n  <li><a href=\"#\">Diver Stress and Rescue<\/a><\/li>\n<\/ul>\n\n<\/div>\t\t\t\t\t\t\t\t<\/div>\n\t\t\t\t<\/div>\n\t\t\t\t<\/div>\n\t\t\t\t<\/div>\n\t\t<div class=\"elementor-element elementor-element-c5cb778 e-con-full e-flex e-con e-child\" data-id=\"c5cb778\" data-element_type=\"container\" data-e-type=\"container\">\n\t\t<div class=\"elementor-element elementor-element-e114494 e-con-full course-sidebar-box e-flex e-con e-child\" data-id=\"e114494\" data-element_type=\"container\" data-e-type=\"container\" data-settings=\"{&quot;sticky&quot;:&quot;top&quot;,&quot;sticky_offset&quot;:110,&quot;sticky_effects_offset&quot;:130,&quot;sticky_parent&quot;:&quot;yes&quot;,&quot;sticky_on&quot;:[&quot;desktop&quot;,&quot;tablet&quot;,&quot;mobile&quot;],&quot;sticky_anchor_link_offset&quot;:0}\">\n\t\t\t\t<div class=\"elementor-element elementor-element-6afcb6d elementor-widget elementor-widget-text-editor\" data-id=\"6afcb6d\" data-element_type=\"widget\" data-e-type=\"widget\" data-widget_type=\"text-editor.default\">\n\t\t\t\t<div class=\"elementor-widget-container\">\n\t\t\t\t\t\t\t\t\t<div class=\"courses-info\"><h6 class=\"no-margin\">Dauer:<\/h6><p>2 d\u00edas<\/p><\/div><div class=\"courses-info\"><h6 class=\"no-margin\">Preis:<\/h6><p class=\"no-margin\">Aus 475 \u20ac<\/p><\/div>\t\t\t\t\t\t\t\t<\/div>\n\t\t\t\t<\/div>\n\t\t\t\t<div class=\"elementor-element elementor-element-59f5ac9 elementor-mobile-align-center elementor-widget elementor-widget-button\" data-id=\"59f5ac9\" data-element_type=\"widget\" data-e-type=\"widget\" data-widget_type=\"button.default\">\n\t\t\t\t<div class=\"elementor-widget-container\">\n\t\t\t\t\t\t\t\t\t<div class=\"elementor-button-wrapper\">\n\t\t\t\t\t<a class=\"elementor-button elementor-button-link elementor-size-sm\" href=\"https:\/\/bukyapp.com\/booking?mode=pack&#038;product=621d40ba4db01a005f510d15&#038;lang=en&#038;_gl=1*1nk4375*_ga*ODU1MDM5OTIuMTc0MTE5MTcyMQ..*_ga_4WWMT2EY3C*czE3NTI0ODMwNDIkbzYzJGcxJHQxNzUyNDgzNTA5JGo1MyRsMCRoMA..\" target=\"_blank\">\n\t\t\t\t\t\t<span class=\"elementor-button-content-wrapper\">\n\t\t\t\t\t\t\t\t\t<span class=\"elementor-button-text\">comprar curso<\/span>\n\t\t\t\t\t<\/span>\n\t\t\t\t\t<\/a>\n\t\t\t\t<\/div>\n\t\t\t\t\t\t\t\t<\/div>\n\t\t\t\t<\/div>\n\t\t\t\t<\/div>\n\t\t\t\t<\/div>\n\t\t\t\t\t<\/div>\n\t\t\t\t<\/div>\n\t\t\t\t<\/div>\n\t\t","protected":false},"excerpt":{"rendered":"<p>recreativo SSI Advanced Open Water Diver Kurs\u00fcbersicht. Wenn du bereits deine Open Water Diver Zertifizierung hast, ist der SSI Advanced Open Water Diver Kurs der perfekte n\u00e4chste Schritt, um deine Ausbildung fortzusetzen und mehr echte Taucherfahrung zu sammeln. Anstatt dich sofort f\u00fcr eine komplette Specialty zu entscheiden, kannst du in diesem Kurs 5 verschiedene Adventure [&hellip;]<\/p>\n","protected":false},"author":10,"featured_media":0,"parent":0,"menu_order":0,"comment_status":"closed","ping_status":"closed","template":"","meta":{"_acf_changed":false,"footnotes":""},"class_list":["post-27017","page","type-page","status-publish","hentry"],"acf":[],"yoast_head":"<!-- This site is optimized with the Yoast SEO plugin v27.5 - https:\/\/yoast.com\/product\/yoast-seo-wordpress\/ -->\n<title>Advanced Open Water Diver | Calero Diving Lanzarote<\/title>\n<meta name=\"robots\" content=\"index, follow, max-snippet:-1, max-image-preview:large, max-video-preview:-1\" \/>\n<link rel=\"canonical\" href=\"https:\/\/calerodiving.com\/advanced-open-water-diver\/\" \/>\n<meta property=\"og:locale\" content=\"de_DE\" \/>\n<meta property=\"og:type\" content=\"article\" \/>\n<meta property=\"og:title\" content=\"Advanced Open Water Diver | Calero Diving Lanzarote\" \/>\n<meta property=\"og:description\" content=\"recreativo SSI Advanced Open Water Diver Kurs\u00fcbersicht. Wenn du bereits deine Open Water Diver Zertifizierung hast, ist der SSI Advanced Open Water Diver Kurs der perfekte n\u00e4chste Schritt, um deine Ausbildung fortzusetzen und mehr echte Taucherfahrung zu sammeln. Anstatt dich sofort f\u00fcr eine komplette Specialty zu entscheiden, kannst du in diesem Kurs 5 verschiedene Adventure [&hellip;]\" \/>\n<meta property=\"og:url\" content=\"https:\/\/calerodiving.com\/advanced-open-water-diver\/\" \/>\n<meta property=\"og:site_name\" content=\"Calero Diving Lanzarote\" \/>\n<meta property=\"article:publisher\" content=\"https:\/\/www.facebook.com\/calerodiving\/\" \/>\n<meta property=\"article:modified_time\" content=\"2026-04-15T13:11:04+00:00\" \/>\n<meta property=\"og:image\" content=\"https:\/\/calerodiving.com\/wp-content\/uploads\/2026\/03\/Calero_Diving_Advanced_Open_Water_Diver_course_5871b12716.jpg\" \/>\n\t<meta property=\"og:image:width\" content=\"700\" \/>\n\t<meta property=\"og:image:height\" content=\"445\" \/>\n\t<meta property=\"og:image:type\" content=\"image\/jpeg\" \/>\n<meta name=\"twitter:card\" content=\"summary_large_image\" \/>\n<meta name=\"twitter:label1\" content=\"Gesch\u00e4tzte Lesezeit\" \/>\n\t<meta name=\"twitter:data1\" content=\"2\u00a0Minuten\" \/>\n<script type=\"application\/ld+json\" class=\"yoast-schema-graph\">{\"@context\":\"https:\\\/\\\/schema.org\",\"@graph\":[{\"@type\":\"WebPage\",\"@id\":\"https:\\\/\\\/calerodiving.com\\\/advanced-open-water-diver\\\/\",\"url\":\"https:\\\/\\\/calerodiving.com\\\/advanced-open-water-diver\\\/\",\"name\":\"Advanced Open Water Diver | Calero Diving Lanzarote\",\"isPartOf\":{\"@id\":\"https:\\\/\\\/calerodiving.com\\\/#website\"},\"primaryImageOfPage\":{\"@id\":\"https:\\\/\\\/calerodiving.com\\\/advanced-open-water-diver\\\/#primaryimage\"},\"image\":{\"@id\":\"https:\\\/\\\/calerodiving.com\\\/advanced-open-water-diver\\\/#primaryimage\"},\"thumbnailUrl\":\"https:\\\/\\\/calerodiving.com\\\/wp-content\\\/uploads\\\/2026\\\/03\\\/Calero_Diving_Advanced_Open_Water_Diver_course_5871b12716.jpg\",\"datePublished\":\"2026-03-06T13:00:22+00:00\",\"dateModified\":\"2026-04-15T13:11:04+00:00\",\"breadcrumb\":{\"@id\":\"https:\\\/\\\/calerodiving.com\\\/advanced-open-water-diver\\\/#breadcrumb\"},\"inLanguage\":\"de\",\"potentialAction\":[{\"@type\":\"ReadAction\",\"target\":[\"https:\\\/\\\/calerodiving.com\\\/advanced-open-water-diver\\\/\"]}]},{\"@type\":\"ImageObject\",\"inLanguage\":\"de\",\"@id\":\"https:\\\/\\\/calerodiving.com\\\/advanced-open-water-diver\\\/#primaryimage\",\"url\":\"https:\\\/\\\/calerodiving.com\\\/wp-content\\\/uploads\\\/2026\\\/03\\\/Calero_Diving_Advanced_Open_Water_Diver_course_5871b12716.jpg\",\"contentUrl\":\"https:\\\/\\\/calerodiving.com\\\/wp-content\\\/uploads\\\/2026\\\/03\\\/Calero_Diving_Advanced_Open_Water_Diver_course_5871b12716.jpg\"},{\"@type\":\"BreadcrumbList\",\"@id\":\"https:\\\/\\\/calerodiving.com\\\/advanced-open-water-diver\\\/#breadcrumb\",\"itemListElement\":[{\"@type\":\"ListItem\",\"position\":1,\"name\":\"Home\",\"item\":\"https:\\\/\\\/calerodiving.com\\\/es\\\/\"},{\"@type\":\"ListItem\",\"position\":2,\"name\":\"Advanced Open Water Diver\"}]},{\"@type\":\"WebSite\",\"@id\":\"https:\\\/\\\/calerodiving.com\\\/#website\",\"url\":\"https:\\\/\\\/calerodiving.com\\\/\",\"name\":\"Calero Diving Lanzarote\",\"description\":\"Dive Center - Marina Puerto Calero Lanzarote\",\"publisher\":{\"@id\":\"https:\\\/\\\/calerodiving.com\\\/#organization\"},\"alternateName\":\"Calero Diving\",\"potentialAction\":[{\"@type\":\"SearchAction\",\"target\":{\"@type\":\"EntryPoint\",\"urlTemplate\":\"https:\\\/\\\/calerodiving.com\\\/?s={search_term_string}\"},\"query-input\":{\"@type\":\"PropertyValueSpecification\",\"valueRequired\":true,\"valueName\":\"search_term_string\"}}],\"inLanguage\":\"de\"},{\"@type\":\"Organization\",\"@id\":\"https:\\\/\\\/calerodiving.com\\\/#organization\",\"name\":\"Calero Diving Lanzarote\",\"alternateName\":\"Calero Diving\",\"url\":\"https:\\\/\\\/calerodiving.com\\\/\",\"logo\":{\"@type\":\"ImageObject\",\"inLanguage\":\"de\",\"@id\":\"https:\\\/\\\/calerodiving.com\\\/#\\\/schema\\\/logo\\\/image\\\/\",\"url\":\"https:\\\/\\\/calerodiving.com\\\/wp-content\\\/uploads\\\/2025\\\/05\\\/Grupo.png\",\"contentUrl\":\"https:\\\/\\\/calerodiving.com\\\/wp-content\\\/uploads\\\/2025\\\/05\\\/Grupo.png\",\"width\":499,\"height\":590,\"caption\":\"Calero Diving Lanzarote\"},\"image\":{\"@id\":\"https:\\\/\\\/calerodiving.com\\\/#\\\/schema\\\/logo\\\/image\\\/\"},\"sameAs\":[\"https:\\\/\\\/www.facebook.com\\\/calerodiving\\\/\",\"https:\\\/\\\/www.instagram.com\\\/calerodiving\\\/\"]}]}<\/script>\n<!-- \/ Yoast SEO plugin. -->","yoast_head_json":{"title":"Advanced Open Water Diver | Calero Diving Lanzarote","robots":{"index":"index","follow":"follow","max-snippet":"max-snippet:-1","max-image-preview":"max-image-preview:large","max-video-preview":"max-video-preview:-1"},"canonical":"https:\/\/calerodiving.com\/advanced-open-water-diver\/","og_locale":"de_DE","og_type":"article","og_title":"Advanced Open Water Diver | Calero Diving Lanzarote","og_description":"recreativo SSI Advanced Open Water Diver Kurs\u00fcbersicht. Wenn du bereits deine Open Water Diver Zertifizierung hast, ist der SSI Advanced Open Water Diver Kurs der perfekte n\u00e4chste Schritt, um deine Ausbildung fortzusetzen und mehr echte Taucherfahrung zu sammeln. Anstatt dich sofort f\u00fcr eine komplette Specialty zu entscheiden, kannst du in diesem Kurs 5 verschiedene Adventure [&hellip;]","og_url":"https:\/\/calerodiving.com\/advanced-open-water-diver\/","og_site_name":"Calero Diving Lanzarote","article_publisher":"https:\/\/www.facebook.com\/calerodiving\/","article_modified_time":"2026-04-15T13:11:04+00:00","og_image":[{"width":700,"height":445,"url":"https:\/\/calerodiving.com\/wp-content\/uploads\/2026\/03\/Calero_Diving_Advanced_Open_Water_Diver_course_5871b12716.jpg","type":"image\/jpeg"}],"twitter_card":"summary_large_image","twitter_misc":{"Gesch\u00e4tzte Lesezeit":"2\u00a0Minuten"},"schema":{"@context":"https:\/\/schema.org","@graph":[{"@type":"WebPage","@id":"https:\/\/calerodiving.com\/advanced-open-water-diver\/","url":"https:\/\/calerodiving.com\/advanced-open-water-diver\/","name":"Advanced Open Water Diver | Calero Diving Lanzarote","isPartOf":{"@id":"https:\/\/calerodiving.com\/#website"},"primaryImageOfPage":{"@id":"https:\/\/calerodiving.com\/advanced-open-water-diver\/#primaryimage"},"image":{"@id":"https:\/\/calerodiving.com\/advanced-open-water-diver\/#primaryimage"},"thumbnailUrl":"https:\/\/calerodiving.com\/wp-content\/uploads\/2026\/03\/Calero_Diving_Advanced_Open_Water_Diver_course_5871b12716.jpg","datePublished":"2026-03-06T13:00:22+00:00","dateModified":"2026-04-15T13:11:04+00:00","breadcrumb":{"@id":"https:\/\/calerodiving.com\/advanced-open-water-diver\/#breadcrumb"},"inLanguage":"de","potentialAction":[{"@type":"ReadAction","target":["https:\/\/calerodiving.com\/advanced-open-water-diver\/"]}]},{"@type":"ImageObject","inLanguage":"de","@id":"https:\/\/calerodiving.com\/advanced-open-water-diver\/#primaryimage","url":"https:\/\/calerodiving.com\/wp-content\/uploads\/2026\/03\/Calero_Diving_Advanced_Open_Water_Diver_course_5871b12716.jpg","contentUrl":"https:\/\/calerodiving.com\/wp-content\/uploads\/2026\/03\/Calero_Diving_Advanced_Open_Water_Diver_course_5871b12716.jpg"},{"@type":"BreadcrumbList","@id":"https:\/\/calerodiving.com\/advanced-open-water-diver\/#breadcrumb","itemListElement":[{"@type":"ListItem","position":1,"name":"Home","item":"https:\/\/calerodiving.com\/es\/"},{"@type":"ListItem","position":2,"name":"Advanced Open Water Diver"}]},{"@type":"WebSite","@id":"https:\/\/calerodiving.com\/#website","url":"https:\/\/calerodiving.com\/","name":"Calero Diving Lanzarote","description":"Dive Center - Marina Puerto Calero Lanzarote","publisher":{"@id":"https:\/\/calerodiving.com\/#organization"},"alternateName":"Calero Diving","potentialAction":[{"@type":"SearchAction","target":{"@type":"EntryPoint","urlTemplate":"https:\/\/calerodiving.com\/?s={search_term_string}"},"query-input":{"@type":"PropertyValueSpecification","valueRequired":true,"valueName":"search_term_string"}}],"inLanguage":"de"},{"@type":"Organization","@id":"https:\/\/calerodiving.com\/#organization","name":"Calero Diving Lanzarote","alternateName":"Calero Diving","url":"https:\/\/calerodiving.com\/","logo":{"@type":"ImageObject","inLanguage":"de","@id":"https:\/\/calerodiving.com\/#\/schema\/logo\/image\/","url":"https:\/\/calerodiving.com\/wp-content\/uploads\/2025\/05\/Grupo.png","contentUrl":"https:\/\/calerodiving.com\/wp-content\/uploads\/2025\/05\/Grupo.png","width":499,"height":590,"caption":"Calero Diving Lanzarote"},"image":{"@id":"https:\/\/calerodiving.com\/#\/schema\/logo\/image\/"},"sameAs":["https:\/\/www.facebook.com\/calerodiving\/","https:\/\/www.instagram.com\/calerodiving\/"]}]}},"_links":{"self":[{"href":"https:\/\/calerodiving.com\/de\/wp-json\/wp\/v2\/pages\/27017","targetHints":{"allow":["GET"]}}],"collection":[{"href":"https:\/\/calerodiving.com\/de\/wp-json\/wp\/v2\/pages"}],"about":[{"href":"https:\/\/calerodiving.com\/de\/wp-json\/wp\/v2\/types\/page"}],"author":[{"embeddable":true,"href":"https:\/\/calerodiving.com\/de\/wp-json\/wp\/v2\/users\/10"}],"replies":[{"embeddable":true,"href":"https:\/\/calerodiving.com\/de\/wp-json\/wp\/v2\/comments?post=27017"}],"version-history":[{"count":14,"href":"https:\/\/calerodiving.com\/de\/wp-json\/wp\/v2\/pages\/27017\/revisions"}],"predecessor-version":[{"id":27334,"href":"https:\/\/calerodiving.com\/de\/wp-json\/wp\/v2\/pages\/27017\/revisions\/27334"}],"wp:attachment":[{"href":"https:\/\/calerodiving.com\/de\/wp-json\/wp\/v2\/media?parent=27017"}],"curies":[{"name":"wp","href":"https:\/\/api.w.org\/{rel}","templated":true}]}}