{"id":26989,"date":"2026-03-06T10:32:34","date_gmt":"2026-03-06T09:32:34","guid":{"rendered":"https:\/\/calerodiving.com\/advanced-specialty-diver\/"},"modified":"2026-04-20T12:57:46","modified_gmt":"2026-04-20T11:57:46","slug":"fortgeschrittener-spezialtaucher","status":"publish","type":"page","link":"https:\/\/calerodiving.com\/de\/fortgeschrittener-spezialtaucher\/","title":{"rendered":"Advanced Specialty Diver"},"content":{"rendered":"\t\t<div data-elementor-type=\"wp-page\" data-elementor-id=\"26989\" class=\"elementor elementor-26989 elementor-26940\" data-elementor-post-type=\"page\">\n\t\t\t\t<div class=\"elementor-element elementor-element-41443a6 e-flex e-con-boxed e-con e-parent\" data-id=\"41443a6\" data-element_type=\"container\" data-e-type=\"container\">\n\t\t\t\t\t<div class=\"e-con-inner\">\n\t\t<div class=\"elementor-element elementor-element-22e1e6d e-con-full e-flex e-con e-child\" data-id=\"22e1e6d\" data-element_type=\"container\" data-e-type=\"container\">\n\t\t\t\t<div class=\"elementor-element elementor-element-b9dc8d4 elementor-widget elementor-widget-image\" data-id=\"b9dc8d4\" data-element_type=\"widget\" data-e-type=\"widget\" data-widget_type=\"image.default\">\n\t\t\t\t<div class=\"elementor-widget-container\">\n\t\t\t\t\t\t\t\t\t\t\t\t\t\t\t<img fetchpriority=\"high\" decoding=\"async\" width=\"800\" height=\"534\" src=\"https:\/\/calerodiving.com\/wp-content\/uploads\/2026\/03\/advanced_specialty_diver-1030x687.png\" class=\"attachment-large size-large wp-image-26910\" alt=\"\" srcset=\"https:\/\/calerodiving.com\/wp-content\/uploads\/2026\/03\/advanced_specialty_diver-1030x687.png 1030w, https:\/\/calerodiving.com\/wp-content\/uploads\/2026\/03\/advanced_specialty_diver-300x200.png 300w, https:\/\/calerodiving.com\/wp-content\/uploads\/2026\/03\/advanced_specialty_diver-768x512.png 768w, https:\/\/calerodiving.com\/wp-content\/uploads\/2026\/03\/advanced_specialty_diver.png 1536w\" sizes=\"(max-width: 800px) 100vw, 800px\" \/>\t\t\t\t\t\t\t\t\t\t\t\t\t\t\t<\/div>\n\t\t\t\t<\/div>\n\t\t\t\t<\/div>\n\t\t<div class=\"elementor-element elementor-element-1f923b1 e-con-full e-flex e-con e-child\" data-id=\"1f923b1\" data-element_type=\"container\" data-e-type=\"container\">\n\t\t<div class=\"elementor-element elementor-element-21653f0 e-con-full e-flex e-con e-child\" data-id=\"21653f0\" data-element_type=\"container\" data-e-type=\"container\">\n\t\t\t\t<div class=\"elementor-element elementor-element-25c5903 elementor-widget elementor-widget-html\" data-id=\"25c5903\" data-element_type=\"widget\" data-e-type=\"widget\" data-widget_type=\"html.default\">\n\t\t\t\t<div class=\"elementor-widget-container\">\n\t\t\t\t\t<a href=\"https:\/\/calerodiving.com\/de\/sporttauchkurse\/#recreational\" class=\"tag-button\">Freizeit<\/a>\n\t\t\t\t<\/div>\n\t\t\t\t<\/div>\n\t\t\t\t<div class=\"elementor-element elementor-element-822fd8f elementor-widget elementor-widget-heading\" data-id=\"822fd8f\" data-element_type=\"widget\" data-e-type=\"widget\" data-widget_type=\"heading.default\">\n\t\t\t\t<div class=\"elementor-widget-container\">\n\t\t\t\t\t<h2 class=\"elementor-heading-title elementor-size-default\">SSI Advanced Specialty Diver<\/h2>\t\t\t\t<\/div>\n\t\t\t\t<\/div>\n\t\t\t\t<\/div>\n\t\t\t\t<\/div>\n\t\t\t\t\t<\/div>\n\t\t\t\t<\/div>\n\t\t<div class=\"elementor-element elementor-element-90a1711 e-flex e-con-boxed e-con e-parent\" data-id=\"90a1711\" data-element_type=\"container\" data-e-type=\"container\">\n\t\t\t\t\t<div class=\"e-con-inner\">\n\t\t<div class=\"elementor-element elementor-element-6d53f70 e-con-full e-flex e-con e-child\" data-id=\"6d53f70\" data-element_type=\"container\" data-e-type=\"container\">\n\t\t<div class=\"elementor-element elementor-element-b4d51a5 e-con-full e-flex e-con e-child\" data-id=\"b4d51a5\" data-element_type=\"container\" data-e-type=\"container\">\n\t\t\t\t<div class=\"elementor-element elementor-element-1c30e5c elementor-widget elementor-widget-text-editor\" data-id=\"1c30e5c\" data-element_type=\"widget\" data-e-type=\"widget\" data-widget_type=\"text-editor.default\">\n\t\t\t\t<div class=\"elementor-widget-container\">\n\t\t\t\t\t\t\t\t\t<div class=\"section-list\"><h3>Programm\u00fcbersicht:<\/h3><p>Um diese SSI-Zertifizierung zu erhalten, m\u00fcssen Sie 4 Spezialkurse absolvieren und mindestens 24 Freiwassertauchg\u00e4nge in Ihrem Logbuch eingetragen haben. Die Wahl der Spezialkurse kann je nach Ihren pers\u00f6nlichen Interessen oder zuk\u00fcnftigen Tauchzielen variieren, einige davon sind jedoch f\u00fcr jeden Taucher besonders empfehlenswert.<\/p><p>Bei Calero Diving bieten wir ein Paket mit 4 Spezialkursen f\u00fcr 650 \u20ac an, das aus den folgenden 5 vorgeschlagenen Optionen ausgew\u00e4hlt werden kann und an 3 aufeinanderfolgenden Tagen durchgef\u00fchrt wird:<\/p><ul><li>Nitrox<\/li><li>Tieftauchen<\/li><li>Perfekte Tarierung<\/li><li>Navigation<\/li><li>Wracktauchen<\/li><\/ul><p>Wenn Sie andere Spezialkurse w\u00e4hlen m\u00f6chten, haben Sie auch Optionen wie Stress &amp; Rescue, Video &amp; Foto oder Scooter Diving und viele weitere. Die vollst\u00e4ndige Liste k\u00f6nnen Sie hier einsehen. Wenn Sie Fragen dazu haben, welche SSI-Spezialkurse am besten zu Ihnen passen, kontaktieren Sie uns gerne.<\/p><p>Sobald Sie die 4 Spezialkurse abgeschlossen und 24 Tauchg\u00e4nge in Ihrem Logbuch eingetragen haben, erhalten Sie Ihre SSI Advanced Open Water Zertifizierung sowie die Zertifikate f\u00fcr die von Ihnen absolvierten Spezialkurse.<\/p><h3>Dauer<\/h3><ul><li>Variabel<\/li><\/ul><h3>Enth\u00e4lt<\/h3><ul><li>Bootstauchg\u00e4nge<\/li><li>Digitale Lernmaterialien<\/li><li>Trainingstauchg\u00e4nge mit einem spezialisierten Instructor<\/li><\/ul><h3>Anforderungen<\/h3><ul><li>Open Water Diver<\/li><\/ul><h3>Nicht enthalten<\/h3><ul><li>Kameraverleih (bei Teilnahme an der Spezialit\u00e4t Foto &amp; Video)<\/li><li>Tauchversicherung<\/li><li>Ausr\u00fcstungsverleih<\/li><\/ul><h3>Weitere Kurse, die Sie interessieren k\u00f6nnten<\/h3><ul><li><a href=\"https:\/\/calerodiving.com\/de\/ssi-open-water-diver\/\">Open Water Diver<\/a><\/li><\/ul><\/div>\t\t\t\t\t\t\t\t<\/div>\n\t\t\t\t<\/div>\n\t\t\t\t<\/div>\n\t\t\t\t<\/div>\n\t\t<div class=\"elementor-element elementor-element-c5c4b8b e-con-full e-flex e-con e-child\" data-id=\"c5c4b8b\" data-element_type=\"container\" data-e-type=\"container\">\n\t\t<div class=\"elementor-element elementor-element-e44af9b e-con-full course-sidebar-box e-flex e-con e-child\" data-id=\"e44af9b\" data-element_type=\"container\" data-e-type=\"container\" data-settings=\"{&quot;sticky&quot;:&quot;top&quot;,&quot;sticky_offset&quot;:110,&quot;sticky_effects_offset&quot;:130,&quot;sticky_parent&quot;:&quot;yes&quot;,&quot;sticky_on&quot;:[&quot;desktop&quot;,&quot;tablet&quot;,&quot;mobile&quot;],&quot;sticky_anchor_link_offset&quot;:0}\">\n\t\t\t\t<div class=\"elementor-element elementor-element-25882c1 elementor-widget elementor-widget-text-editor\" data-id=\"25882c1\" data-element_type=\"widget\" data-e-type=\"widget\" data-widget_type=\"text-editor.default\">\n\t\t\t\t<div class=\"elementor-widget-container\">\n\t\t\t\t\t\t\t\t\t<div class=\"courses-info\"><h6 class=\"no-margin\">Dauer:<\/h6><p class=\"no-margin\">Variabel<\/p><\/div><div class=\"courses-info\"><h6 class=\"no-margin\">Preis:<\/h6><p class=\"no-margin\">Aus 650 \u20ac<\/p><\/div>\t\t\t\t\t\t\t\t<\/div>\n\t\t\t\t<\/div>\n\t\t\t\t<div class=\"elementor-element elementor-element-2f34d81 elementor-mobile-align-center elementor-widget elementor-widget-button\" data-id=\"2f34d81\" data-element_type=\"widget\" data-e-type=\"widget\" data-widget_type=\"button.default\">\n\t\t\t\t<div class=\"elementor-widget-container\">\n\t\t\t\t\t\t\t\t\t<div class=\"elementor-button-wrapper\">\n\t\t\t\t\t<a class=\"elementor-button elementor-button-link elementor-size-sm\" href=\"https:\/\/booking.calerodiving.com\/front\/6213b2319a1bbf005fa0b870\/product\/69e613a647e7e7c75aef16df\" target=\"_blank\">\n\t\t\t\t\t\t<span class=\"elementor-button-content-wrapper\">\n\t\t\t\t\t\t\t\t\t<span class=\"elementor-button-text\">Kurs kaufen<\/span>\n\t\t\t\t\t<\/span>\n\t\t\t\t\t<\/a>\n\t\t\t\t<\/div>\n\t\t\t\t\t\t\t\t<\/div>\n\t\t\t\t<\/div>\n\t\t\t\t<\/div>\n\t\t\t\t<\/div>\n\t\t\t\t\t<\/div>\n\t\t\t\t<\/div>\n\t\t\t\t<\/div>\n\t\t","protected":false},"excerpt":{"rendered":"<p>Freizeit SSI Advanced Specialty Diver Programm\u00fcbersicht: Um diese SSI-Zertifizierung zu erhalten, m\u00fcssen Sie 4 Spezialkurse absolvieren und mindestens 24 Freiwassertauchg\u00e4nge in Ihrem Logbuch eingetragen haben. Die Wahl der Spezialkurse kann je nach Ihren pers\u00f6nlichen Interessen oder zuk\u00fcnftigen Tauchzielen variieren, einige davon sind jedoch f\u00fcr jeden Taucher besonders empfehlenswert. Bei Calero Diving bieten wir ein Paket [&hellip;]<\/p>\n","protected":false},"author":10,"featured_media":0,"parent":0,"menu_order":0,"comment_status":"closed","ping_status":"closed","template":"","meta":{"_acf_changed":false,"footnotes":""},"class_list":["post-26989","page","type-page","status-publish","hentry"],"acf":[],"yoast_head":"<!-- This site is optimized with the Yoast SEO plugin v27.5 - https:\/\/yoast.com\/product\/yoast-seo-wordpress\/ -->\n<title>Advanced Specialty Diver | Calero Diving Lanzarote<\/title>\n<meta name=\"robots\" content=\"index, follow, max-snippet:-1, max-image-preview:large, max-video-preview:-1\" \/>\n<link rel=\"canonical\" href=\"https:\/\/calerodiving.com\/advanced-specialty-diver\/\" \/>\n<meta property=\"og:locale\" content=\"de_DE\" \/>\n<meta property=\"og:type\" content=\"article\" \/>\n<meta property=\"og:title\" content=\"Advanced Specialty Diver | Calero Diving Lanzarote\" \/>\n<meta property=\"og:description\" content=\"Freizeit SSI Advanced Specialty Diver Programm\u00fcbersicht: Um diese SSI-Zertifizierung zu erhalten, m\u00fcssen Sie 4 Spezialkurse absolvieren und mindestens 24 Freiwassertauchg\u00e4nge in Ihrem Logbuch eingetragen haben. Die Wahl der Spezialkurse kann je nach Ihren pers\u00f6nlichen Interessen oder zuk\u00fcnftigen Tauchzielen variieren, einige davon sind jedoch f\u00fcr jeden Taucher besonders empfehlenswert. Bei Calero Diving bieten wir ein Paket [&hellip;]\" \/>\n<meta property=\"og:url\" content=\"https:\/\/calerodiving.com\/advanced-specialty-diver\/\" \/>\n<meta property=\"og:site_name\" content=\"Calero Diving Lanzarote\" \/>\n<meta property=\"article:publisher\" content=\"https:\/\/www.facebook.com\/calerodiving\/\" \/>\n<meta property=\"article:modified_time\" content=\"2026-04-20T11:57:46+00:00\" \/>\n<meta property=\"og:image\" content=\"https:\/\/calerodiving.com\/wp-content\/uploads\/2026\/03\/advanced_specialty_diver-1030x687.png\" \/>\n\t<meta property=\"og:image:width\" content=\"1030\" \/>\n\t<meta property=\"og:image:height\" content=\"687\" \/>\n\t<meta property=\"og:image:type\" content=\"image\/png\" \/>\n<meta name=\"twitter:card\" content=\"summary_large_image\" \/>\n<meta name=\"twitter:label1\" content=\"Gesch\u00e4tzte Lesezeit\" \/>\n\t<meta name=\"twitter:data1\" content=\"2\u00a0Minuten\" \/>\n<script type=\"application\/ld+json\" class=\"yoast-schema-graph\">{\"@context\":\"https:\\\/\\\/schema.org\",\"@graph\":[{\"@type\":\"WebPage\",\"@id\":\"https:\\\/\\\/calerodiving.com\\\/advanced-specialty-diver\\\/\",\"url\":\"https:\\\/\\\/calerodiving.com\\\/advanced-specialty-diver\\\/\",\"name\":\"Advanced Specialty Diver | Calero Diving Lanzarote\",\"isPartOf\":{\"@id\":\"https:\\\/\\\/calerodiving.com\\\/#website\"},\"primaryImageOfPage\":{\"@id\":\"https:\\\/\\\/calerodiving.com\\\/advanced-specialty-diver\\\/#primaryimage\"},\"image\":{\"@id\":\"https:\\\/\\\/calerodiving.com\\\/advanced-specialty-diver\\\/#primaryimage\"},\"thumbnailUrl\":\"https:\\\/\\\/calerodiving.com\\\/wp-content\\\/uploads\\\/2026\\\/03\\\/advanced_specialty_diver-1030x687.png\",\"datePublished\":\"2026-03-06T09:32:34+00:00\",\"dateModified\":\"2026-04-20T11:57:46+00:00\",\"breadcrumb\":{\"@id\":\"https:\\\/\\\/calerodiving.com\\\/advanced-specialty-diver\\\/#breadcrumb\"},\"inLanguage\":\"de\",\"potentialAction\":[{\"@type\":\"ReadAction\",\"target\":[\"https:\\\/\\\/calerodiving.com\\\/advanced-specialty-diver\\\/\"]}]},{\"@type\":\"ImageObject\",\"inLanguage\":\"de\",\"@id\":\"https:\\\/\\\/calerodiving.com\\\/advanced-specialty-diver\\\/#primaryimage\",\"url\":\"https:\\\/\\\/calerodiving.com\\\/wp-content\\\/uploads\\\/2026\\\/03\\\/advanced_specialty_diver-1030x687.png\",\"contentUrl\":\"https:\\\/\\\/calerodiving.com\\\/wp-content\\\/uploads\\\/2026\\\/03\\\/advanced_specialty_diver-1030x687.png\"},{\"@type\":\"BreadcrumbList\",\"@id\":\"https:\\\/\\\/calerodiving.com\\\/advanced-specialty-diver\\\/#breadcrumb\",\"itemListElement\":[{\"@type\":\"ListItem\",\"position\":1,\"name\":\"Home\",\"item\":\"https:\\\/\\\/calerodiving.com\\\/es\\\/\"},{\"@type\":\"ListItem\",\"position\":2,\"name\":\"Advanced Specialty Diver\"}]},{\"@type\":\"WebSite\",\"@id\":\"https:\\\/\\\/calerodiving.com\\\/#website\",\"url\":\"https:\\\/\\\/calerodiving.com\\\/\",\"name\":\"Calero Diving Lanzarote\",\"description\":\"Dive Center - Marina Puerto Calero Lanzarote\",\"publisher\":{\"@id\":\"https:\\\/\\\/calerodiving.com\\\/#organization\"},\"alternateName\":\"Calero Diving\",\"potentialAction\":[{\"@type\":\"SearchAction\",\"target\":{\"@type\":\"EntryPoint\",\"urlTemplate\":\"https:\\\/\\\/calerodiving.com\\\/?s={search_term_string}\"},\"query-input\":{\"@type\":\"PropertyValueSpecification\",\"valueRequired\":true,\"valueName\":\"search_term_string\"}}],\"inLanguage\":\"de\"},{\"@type\":\"Organization\",\"@id\":\"https:\\\/\\\/calerodiving.com\\\/#organization\",\"name\":\"Calero Diving Lanzarote\",\"alternateName\":\"Calero Diving\",\"url\":\"https:\\\/\\\/calerodiving.com\\\/\",\"logo\":{\"@type\":\"ImageObject\",\"inLanguage\":\"de\",\"@id\":\"https:\\\/\\\/calerodiving.com\\\/#\\\/schema\\\/logo\\\/image\\\/\",\"url\":\"https:\\\/\\\/calerodiving.com\\\/wp-content\\\/uploads\\\/2025\\\/05\\\/Grupo.png\",\"contentUrl\":\"https:\\\/\\\/calerodiving.com\\\/wp-content\\\/uploads\\\/2025\\\/05\\\/Grupo.png\",\"width\":499,\"height\":590,\"caption\":\"Calero Diving Lanzarote\"},\"image\":{\"@id\":\"https:\\\/\\\/calerodiving.com\\\/#\\\/schema\\\/logo\\\/image\\\/\"},\"sameAs\":[\"https:\\\/\\\/www.facebook.com\\\/calerodiving\\\/\",\"https:\\\/\\\/www.instagram.com\\\/calerodiving\\\/\"]}]}<\/script>\n<!-- \/ Yoast SEO plugin. -->","yoast_head_json":{"title":"Advanced Specialty Diver | Calero Diving Lanzarote","robots":{"index":"index","follow":"follow","max-snippet":"max-snippet:-1","max-image-preview":"max-image-preview:large","max-video-preview":"max-video-preview:-1"},"canonical":"https:\/\/calerodiving.com\/advanced-specialty-diver\/","og_locale":"de_DE","og_type":"article","og_title":"Advanced Specialty Diver | Calero Diving Lanzarote","og_description":"Freizeit SSI Advanced Specialty Diver Programm\u00fcbersicht: Um diese SSI-Zertifizierung zu erhalten, m\u00fcssen Sie 4 Spezialkurse absolvieren und mindestens 24 Freiwassertauchg\u00e4nge in Ihrem Logbuch eingetragen haben. Die Wahl der Spezialkurse kann je nach Ihren pers\u00f6nlichen Interessen oder zuk\u00fcnftigen Tauchzielen variieren, einige davon sind jedoch f\u00fcr jeden Taucher besonders empfehlenswert. Bei Calero Diving bieten wir ein Paket [&hellip;]","og_url":"https:\/\/calerodiving.com\/advanced-specialty-diver\/","og_site_name":"Calero Diving Lanzarote","article_publisher":"https:\/\/www.facebook.com\/calerodiving\/","article_modified_time":"2026-04-20T11:57:46+00:00","og_image":[{"width":1030,"height":687,"url":"https:\/\/calerodiving.com\/wp-content\/uploads\/2026\/03\/advanced_specialty_diver-1030x687.png","type":"image\/png"}],"twitter_card":"summary_large_image","twitter_misc":{"Gesch\u00e4tzte Lesezeit":"2\u00a0Minuten"},"schema":{"@context":"https:\/\/schema.org","@graph":[{"@type":"WebPage","@id":"https:\/\/calerodiving.com\/advanced-specialty-diver\/","url":"https:\/\/calerodiving.com\/advanced-specialty-diver\/","name":"Advanced Specialty Diver | Calero Diving Lanzarote","isPartOf":{"@id":"https:\/\/calerodiving.com\/#website"},"primaryImageOfPage":{"@id":"https:\/\/calerodiving.com\/advanced-specialty-diver\/#primaryimage"},"image":{"@id":"https:\/\/calerodiving.com\/advanced-specialty-diver\/#primaryimage"},"thumbnailUrl":"https:\/\/calerodiving.com\/wp-content\/uploads\/2026\/03\/advanced_specialty_diver-1030x687.png","datePublished":"2026-03-06T09:32:34+00:00","dateModified":"2026-04-20T11:57:46+00:00","breadcrumb":{"@id":"https:\/\/calerodiving.com\/advanced-specialty-diver\/#breadcrumb"},"inLanguage":"de","potentialAction":[{"@type":"ReadAction","target":["https:\/\/calerodiving.com\/advanced-specialty-diver\/"]}]},{"@type":"ImageObject","inLanguage":"de","@id":"https:\/\/calerodiving.com\/advanced-specialty-diver\/#primaryimage","url":"https:\/\/calerodiving.com\/wp-content\/uploads\/2026\/03\/advanced_specialty_diver-1030x687.png","contentUrl":"https:\/\/calerodiving.com\/wp-content\/uploads\/2026\/03\/advanced_specialty_diver-1030x687.png"},{"@type":"BreadcrumbList","@id":"https:\/\/calerodiving.com\/advanced-specialty-diver\/#breadcrumb","itemListElement":[{"@type":"ListItem","position":1,"name":"Home","item":"https:\/\/calerodiving.com\/es\/"},{"@type":"ListItem","position":2,"name":"Advanced Specialty Diver"}]},{"@type":"WebSite","@id":"https:\/\/calerodiving.com\/#website","url":"https:\/\/calerodiving.com\/","name":"Calero Diving Lanzarote","description":"Dive Center - Marina Puerto Calero Lanzarote","publisher":{"@id":"https:\/\/calerodiving.com\/#organization"},"alternateName":"Calero Diving","potentialAction":[{"@type":"SearchAction","target":{"@type":"EntryPoint","urlTemplate":"https:\/\/calerodiving.com\/?s={search_term_string}"},"query-input":{"@type":"PropertyValueSpecification","valueRequired":true,"valueName":"search_term_string"}}],"inLanguage":"de"},{"@type":"Organization","@id":"https:\/\/calerodiving.com\/#organization","name":"Calero Diving Lanzarote","alternateName":"Calero Diving","url":"https:\/\/calerodiving.com\/","logo":{"@type":"ImageObject","inLanguage":"de","@id":"https:\/\/calerodiving.com\/#\/schema\/logo\/image\/","url":"https:\/\/calerodiving.com\/wp-content\/uploads\/2025\/05\/Grupo.png","contentUrl":"https:\/\/calerodiving.com\/wp-content\/uploads\/2025\/05\/Grupo.png","width":499,"height":590,"caption":"Calero Diving Lanzarote"},"image":{"@id":"https:\/\/calerodiving.com\/#\/schema\/logo\/image\/"},"sameAs":["https:\/\/www.facebook.com\/calerodiving\/","https:\/\/www.instagram.com\/calerodiving\/"]}]}},"_links":{"self":[{"href":"https:\/\/calerodiving.com\/de\/wp-json\/wp\/v2\/pages\/26989","targetHints":{"allow":["GET"]}}],"collection":[{"href":"https:\/\/calerodiving.com\/de\/wp-json\/wp\/v2\/pages"}],"about":[{"href":"https:\/\/calerodiving.com\/de\/wp-json\/wp\/v2\/types\/page"}],"author":[{"embeddable":true,"href":"https:\/\/calerodiving.com\/de\/wp-json\/wp\/v2\/users\/10"}],"replies":[{"embeddable":true,"href":"https:\/\/calerodiving.com\/de\/wp-json\/wp\/v2\/comments?post=26989"}],"version-history":[{"count":24,"href":"https:\/\/calerodiving.com\/de\/wp-json\/wp\/v2\/pages\/26989\/revisions"}],"predecessor-version":[{"id":28293,"href":"https:\/\/calerodiving.com\/de\/wp-json\/wp\/v2\/pages\/26989\/revisions\/28293"}],"wp:attachment":[{"href":"https:\/\/calerodiving.com\/de\/wp-json\/wp\/v2\/media?parent=26989"}],"curies":[{"name":"wp","href":"https:\/\/api.w.org\/{rel}","templated":true}]}}