{"id":25054,"date":"2025-09-01T18:30:54","date_gmt":"2025-09-01T17:30:54","guid":{"rendered":"https:\/\/calerodiving.com\/tdi-erweiterter-bereich\/"},"modified":"2025-09-01T18:30:54","modified_gmt":"2025-09-01T17:30:54","slug":"tdi-erweiterter-bereich","status":"publish","type":"page","link":"https:\/\/calerodiving.com\/de\/tdi-erweiterter-bereich\/","title":{"rendered":"TDI Erweiterter Bereich"},"content":{"rendered":"\t\t<div data-elementor-type=\"wp-page\" data-elementor-id=\"25054\" class=\"elementor elementor-25054 elementor-21193\" data-elementor-post-type=\"page\">\n\t\t\t\t<div class=\"elementor-element elementor-element-fe32f6b e-flex e-con-boxed e-con e-parent\" data-id=\"fe32f6b\" data-element_type=\"container\" data-e-type=\"container\">\n\t\t\t\t\t<div class=\"e-con-inner\">\n\t\t<div class=\"elementor-element elementor-element-4485a37 e-con-full e-flex e-con e-child\" data-id=\"4485a37\" data-element_type=\"container\" data-e-type=\"container\">\n\t\t\t\t<div class=\"elementor-element elementor-element-abfa542 elementor-widget elementor-widget-image\" data-id=\"abfa542\" data-element_type=\"widget\" data-e-type=\"widget\" data-widget_type=\"image.default\">\n\t\t\t\t<div class=\"elementor-widget-container\">\n\t\t\t\t\t\t\t\t\t\t\t\t\t\t\t<img fetchpriority=\"high\" decoding=\"async\" width=\"700\" height=\"445\" src=\"https:\/\/calerodiving.com\/wp-content\/uploads\/2025\/07\/TDI-Extended-Range.png\" class=\"attachment-large size-large wp-image-20979\" alt=\"\" srcset=\"https:\/\/calerodiving.com\/wp-content\/uploads\/2025\/07\/TDI-Extended-Range.png 700w, https:\/\/calerodiving.com\/wp-content\/uploads\/2025\/07\/TDI-Extended-Range-300x191.png 300w\" sizes=\"(max-width: 700px) 100vw, 700px\" \/>\t\t\t\t\t\t\t\t\t\t\t\t\t\t\t<\/div>\n\t\t\t\t<\/div>\n\t\t\t\t<\/div>\n\t\t<div class=\"elementor-element elementor-element-79e1172 e-con-full e-flex e-con e-child\" data-id=\"79e1172\" data-element_type=\"container\" data-e-type=\"container\">\n\t\t<div class=\"elementor-element elementor-element-83b644a e-con-full e-flex e-con e-child\" data-id=\"83b644a\" data-element_type=\"container\" data-e-type=\"container\">\n\t\t\t\t<div class=\"elementor-element elementor-element-5997031 elementor-widget elementor-widget-html\" data-id=\"5997031\" data-element_type=\"widget\" data-e-type=\"widget\" data-widget_type=\"html.default\">\n\t\t\t\t<div class=\"elementor-widget-container\">\n\t\t\t\t\t<a href=\"https:\/\/calerodiving.com\/de\/offener-kreislauf\/#tdi-open\" class=\"tag-button\">technisch<\/a>\n\t\t\t\t<\/div>\n\t\t\t\t<\/div>\n\t\t\t\t<div class=\"elementor-element elementor-element-e32d833 elementor-widget elementor-widget-heading\" data-id=\"e32d833\" data-element_type=\"widget\" data-e-type=\"widget\" data-widget_type=\"heading.default\">\n\t\t\t\t<div class=\"elementor-widget-container\">\n\t\t\t\t\t<h2 class=\"elementor-heading-title elementor-size-default\">TDI Erweiterter Bereich<\/h2>\t\t\t\t<\/div>\n\t\t\t\t<\/div>\n\t\t\t\t<\/div>\n\t\t\t\t<\/div>\n\t\t\t\t\t<\/div>\n\t\t\t\t<\/div>\n\t\t<div class=\"elementor-element elementor-element-21b9321 e-flex e-con-boxed e-con e-parent\" data-id=\"21b9321\" data-element_type=\"container\" data-e-type=\"container\">\n\t\t\t\t\t<div class=\"e-con-inner\">\n\t\t<div class=\"elementor-element elementor-element-14ac85f e-con-full e-flex e-con e-child\" data-id=\"14ac85f\" data-element_type=\"container\" data-e-type=\"container\">\n\t\t<div class=\"elementor-element elementor-element-1a7d025 e-con-full e-flex e-con e-child\" data-id=\"1a7d025\" data-element_type=\"container\" data-e-type=\"container\">\n\t\t\t\t<div class=\"elementor-element elementor-element-cc66218 elementor-widget elementor-widget-heading\" data-id=\"cc66218\" data-element_type=\"widget\" data-e-type=\"widget\" data-widget_type=\"heading.default\">\n\t\t\t\t<div class=\"elementor-widget-container\">\n\t\t\t\t\t<h2 class=\"elementor-heading-title elementor-size-default\">Planen Sie sichere Dekompressionstauchg\u00e4nge bis 55 m<\/h2>\t\t\t\t<\/div>\n\t\t\t\t<\/div>\n\t\t\t\t<div class=\"elementor-element elementor-element-21fbbbe elementor-widget elementor-widget-text-editor\" data-id=\"21fbbbe\" data-element_type=\"widget\" data-e-type=\"widget\" data-widget_type=\"text-editor.default\">\n\t\t\t\t<div class=\"elementor-widget-container\">\n\t\t\t\t\t\t\t\t\t<div class=\"section-list\"><h3>Programm\u00fcbersicht:<\/h3><ul><li>Der TDI Extended Range Diver Kurs konzentriert sich auf die richtigen Techniken, Ausr\u00fcstungsanforderungen und Gefahren des Tieftauchens mit Luft (maximal 55 Meter), wobei Nitrox und Sauerstoff f\u00fcr eine beschleunigte Dekompression verwendet werden. Der Kurs legt gro\u00dfen Wert auf pers\u00f6nliche und Teamgrenzen, Abschaltverfahren, Gaswechsel, DSMB-Einsatz und Notfallplanung. <\/li><\/ul><h3>Dauer:<\/h3><ul><li>3 Tage<\/li><\/ul><h3>Inklusive:<\/h3><ul><li>4 Trainingstauchg\u00e4nge<\/li><li>Digitale Materialien<\/li><li>TDI Extended Range Diver Zertifizierung<\/li><\/ul><h3>Nicht inklusive:<\/h3><ul><li>Ausr\u00fcstungsverleih<\/li><li>Tauchversicherung<\/li><\/ul><h3>Voraussetzungen:<\/h3><ul><li>Mindestens 18 Jahre alt<\/li><li>Mindestens 100 geloggte Tauchg\u00e4nge (25 davon m\u00fcssen tiefer als 30 m sein)<\/li><li>Zertifizierung als Advanced Nitrox &amp; Decompression Procedures Taucher oder gleichwertig<\/li><li>G\u00fcltige medizinische Bescheinigung aus dem letzten Jahr (keine Selbstzertifizierung akzeptiert)<\/li><\/ul><h3>Weitere Kurse, die Sie interessieren k\u00f6nnten:<\/h3><ul><li><a href=\"https:\/\/calerodiving.com\/de\/fortgeschrittenes-nitrox\/\">Advanced Nitrox<\/a><\/li><li><a href=\"https:\/\/calerodiving.com\/de\/dekompressionsverfahren\/\">Dekompressionsverfahren<\/a><\/li><li><a href=\"https:\/\/calerodiving.com\/de\/tdi-erweiterter-bereich\/\">Extended Range<\/a><\/li><\/ul><\/div>\t\t\t\t\t\t\t\t<\/div>\n\t\t\t\t<\/div>\n\t\t\t\t<\/div>\n\t\t\t\t<\/div>\n\t\t<div class=\"elementor-element elementor-element-a68c629 e-con-full e-flex e-con e-child\" data-id=\"a68c629\" data-element_type=\"container\" data-e-type=\"container\">\n\t\t<div class=\"elementor-element elementor-element-3222916 e-con-full course-sidebar-box e-flex e-con e-child\" data-id=\"3222916\" data-element_type=\"container\" data-e-type=\"container\" data-settings=\"{&quot;sticky&quot;:&quot;top&quot;,&quot;sticky_offset&quot;:110,&quot;sticky_effects_offset&quot;:130,&quot;sticky_parent&quot;:&quot;yes&quot;,&quot;sticky_on&quot;:[&quot;desktop&quot;,&quot;tablet&quot;,&quot;mobile&quot;],&quot;sticky_anchor_link_offset&quot;:0}\">\n\t\t\t\t<div class=\"elementor-element elementor-element-6794c7e elementor-widget elementor-widget-text-editor\" data-id=\"6794c7e\" data-element_type=\"widget\" data-e-type=\"widget\" data-widget_type=\"text-editor.default\">\n\t\t\t\t<div class=\"elementor-widget-container\">\n\t\t\t\t\t\t\t\t\t<div class=\"courses-info\"><h6 class=\"no-margin\">Dauer:<\/h6><p class=\"no-margin\">3-Tages-Kurs<\/p><\/div><div class=\"courses-info\"><h6 class=\"no-margin\">Preis:<\/h6><p class=\"no-margin\">Ab 850 \u20ac<\/p><\/div>\t\t\t\t\t\t\t\t<\/div>\n\t\t\t\t<\/div>\n\t\t\t\t<div class=\"elementor-element elementor-element-2c6bc2f elementor-mobile-align-center elementor-widget elementor-widget-button\" data-id=\"2c6bc2f\" data-element_type=\"widget\" data-e-type=\"widget\" data-widget_type=\"button.default\">\n\t\t\t\t<div class=\"elementor-widget-container\">\n\t\t\t\t\t\t\t\t\t<div class=\"elementor-button-wrapper\">\n\t\t\t\t\t<a class=\"elementor-button elementor-button-link elementor-size-sm\" href=\"https:\/\/app.bukyapp.com\/front\/6213b2319a1bbf005fa0b870\/product\/625ea847639c1f2053f25afa?lang=en\" target=\"_blank\">\n\t\t\t\t\t\t<span class=\"elementor-button-content-wrapper\">\n\t\t\t\t\t\t\t\t\t<span class=\"elementor-button-text\">Kurs kaufen<\/span>\n\t\t\t\t\t<\/span>\n\t\t\t\t\t<\/a>\n\t\t\t\t<\/div>\n\t\t\t\t\t\t\t\t<\/div>\n\t\t\t\t<\/div>\n\t\t\t\t<\/div>\n\t\t\t\t<\/div>\n\t\t\t\t\t<\/div>\n\t\t\t\t<\/div>\n\t\t\t\t<\/div>\n\t\t","protected":false},"excerpt":{"rendered":"<p>technisch TDI Erweiterter Bereich Planen Sie sichere Dekompressionstauchg\u00e4nge bis 55 m Programm\u00fcbersicht: Der TDI Extended Range Diver Kurs konzentriert sich auf die richtigen Techniken, Ausr\u00fcstungsanforderungen und Gefahren des Tieftauchens mit Luft (maximal 55 Meter), wobei Nitrox und Sauerstoff f\u00fcr eine beschleunigte Dekompression verwendet werden. Der Kurs legt gro\u00dfen Wert auf pers\u00f6nliche und Teamgrenzen, Abschaltverfahren, Gaswechsel, [&hellip;]<\/p>\n","protected":false},"author":10,"featured_media":0,"parent":0,"menu_order":0,"comment_status":"closed","ping_status":"closed","template":"","meta":{"_acf_changed":false,"footnotes":""},"class_list":["post-25054","page","type-page","status-publish","hentry"],"acf":[],"yoast_head":"<!-- This site is optimized with the Yoast SEO plugin v27.5 - https:\/\/yoast.com\/product\/yoast-seo-wordpress\/ -->\n<title>TDI Erweiterter Bereich | Calero Diving Lanzarote<\/title>\n<meta name=\"robots\" content=\"index, follow, max-snippet:-1, max-image-preview:large, max-video-preview:-1\" \/>\n<link rel=\"canonical\" href=\"https:\/\/calerodiving.com\/de\/tdi-erweiterter-bereich\/\" \/>\n<meta property=\"og:locale\" content=\"de_DE\" \/>\n<meta property=\"og:type\" content=\"article\" \/>\n<meta property=\"og:title\" content=\"TDI Erweiterter Bereich | Calero Diving Lanzarote\" \/>\n<meta property=\"og:description\" content=\"technisch TDI Erweiterter Bereich Planen Sie sichere Dekompressionstauchg\u00e4nge bis 55 m Programm\u00fcbersicht: Der TDI Extended Range Diver Kurs konzentriert sich auf die richtigen Techniken, Ausr\u00fcstungsanforderungen und Gefahren des Tieftauchens mit Luft (maximal 55 Meter), wobei Nitrox und Sauerstoff f\u00fcr eine beschleunigte Dekompression verwendet werden. Der Kurs legt gro\u00dfen Wert auf pers\u00f6nliche und Teamgrenzen, Abschaltverfahren, Gaswechsel, [&hellip;]\" \/>\n<meta property=\"og:url\" content=\"https:\/\/calerodiving.com\/de\/tdi-erweiterter-bereich\/\" \/>\n<meta property=\"og:site_name\" content=\"Calero Diving Lanzarote\" \/>\n<meta property=\"article:publisher\" content=\"https:\/\/www.facebook.com\/calerodiving\/\" \/>\n<meta property=\"og:image\" content=\"https:\/\/calerodiving.com\/wp-content\/uploads\/2025\/07\/TDI-Extended-Range.png\" \/>\n\t<meta property=\"og:image:width\" content=\"700\" \/>\n\t<meta property=\"og:image:height\" content=\"445\" \/>\n\t<meta property=\"og:image:type\" content=\"image\/png\" \/>\n<meta name=\"twitter:card\" content=\"summary_large_image\" \/>\n<meta name=\"twitter:label1\" content=\"Gesch\u00e4tzte Lesezeit\" \/>\n\t<meta name=\"twitter:data1\" content=\"1\u00a0Minute\" \/>\n<script type=\"application\/ld+json\" class=\"yoast-schema-graph\">{\"@context\":\"https:\\\/\\\/schema.org\",\"@graph\":[{\"@type\":\"WebPage\",\"@id\":\"https:\\\/\\\/calerodiving.com\\\/de\\\/tdi-erweiterter-bereich\\\/\",\"url\":\"https:\\\/\\\/calerodiving.com\\\/de\\\/tdi-erweiterter-bereich\\\/\",\"name\":\"TDI Erweiterter Bereich | Calero Diving Lanzarote\",\"isPartOf\":{\"@id\":\"https:\\\/\\\/calerodiving.com\\\/#website\"},\"primaryImageOfPage\":{\"@id\":\"https:\\\/\\\/calerodiving.com\\\/de\\\/tdi-erweiterter-bereich\\\/#primaryimage\"},\"image\":{\"@id\":\"https:\\\/\\\/calerodiving.com\\\/de\\\/tdi-erweiterter-bereich\\\/#primaryimage\"},\"thumbnailUrl\":\"https:\\\/\\\/calerodiving.com\\\/wp-content\\\/uploads\\\/2025\\\/07\\\/TDI-Extended-Range.png\",\"datePublished\":\"2025-09-01T17:30:54+00:00\",\"breadcrumb\":{\"@id\":\"https:\\\/\\\/calerodiving.com\\\/de\\\/tdi-erweiterter-bereich\\\/#breadcrumb\"},\"inLanguage\":\"de\",\"potentialAction\":[{\"@type\":\"ReadAction\",\"target\":[\"https:\\\/\\\/calerodiving.com\\\/de\\\/tdi-erweiterter-bereich\\\/\"]}]},{\"@type\":\"ImageObject\",\"inLanguage\":\"de\",\"@id\":\"https:\\\/\\\/calerodiving.com\\\/de\\\/tdi-erweiterter-bereich\\\/#primaryimage\",\"url\":\"https:\\\/\\\/calerodiving.com\\\/wp-content\\\/uploads\\\/2025\\\/07\\\/TDI-Extended-Range.png\",\"contentUrl\":\"https:\\\/\\\/calerodiving.com\\\/wp-content\\\/uploads\\\/2025\\\/07\\\/TDI-Extended-Range.png\"},{\"@type\":\"BreadcrumbList\",\"@id\":\"https:\\\/\\\/calerodiving.com\\\/de\\\/tdi-erweiterter-bereich\\\/#breadcrumb\",\"itemListElement\":[{\"@type\":\"ListItem\",\"position\":1,\"name\":\"Home\",\"item\":\"https:\\\/\\\/calerodiving.com\\\/es\\\/\"},{\"@type\":\"ListItem\",\"position\":2,\"name\":\"TDI Erweiterter Bereich\"}]},{\"@type\":\"WebSite\",\"@id\":\"https:\\\/\\\/calerodiving.com\\\/#website\",\"url\":\"https:\\\/\\\/calerodiving.com\\\/\",\"name\":\"Calero Diving Lanzarote\",\"description\":\"Dive Center - Marina Puerto Calero Lanzarote\",\"publisher\":{\"@id\":\"https:\\\/\\\/calerodiving.com\\\/#organization\"},\"alternateName\":\"Calero Diving\",\"potentialAction\":[{\"@type\":\"SearchAction\",\"target\":{\"@type\":\"EntryPoint\",\"urlTemplate\":\"https:\\\/\\\/calerodiving.com\\\/?s={search_term_string}\"},\"query-input\":{\"@type\":\"PropertyValueSpecification\",\"valueRequired\":true,\"valueName\":\"search_term_string\"}}],\"inLanguage\":\"de\"},{\"@type\":\"Organization\",\"@id\":\"https:\\\/\\\/calerodiving.com\\\/#organization\",\"name\":\"Calero Diving Lanzarote\",\"alternateName\":\"Calero Diving\",\"url\":\"https:\\\/\\\/calerodiving.com\\\/\",\"logo\":{\"@type\":\"ImageObject\",\"inLanguage\":\"de\",\"@id\":\"https:\\\/\\\/calerodiving.com\\\/#\\\/schema\\\/logo\\\/image\\\/\",\"url\":\"https:\\\/\\\/calerodiving.com\\\/wp-content\\\/uploads\\\/2025\\\/05\\\/Grupo.png\",\"contentUrl\":\"https:\\\/\\\/calerodiving.com\\\/wp-content\\\/uploads\\\/2025\\\/05\\\/Grupo.png\",\"width\":499,\"height\":590,\"caption\":\"Calero Diving Lanzarote\"},\"image\":{\"@id\":\"https:\\\/\\\/calerodiving.com\\\/#\\\/schema\\\/logo\\\/image\\\/\"},\"sameAs\":[\"https:\\\/\\\/www.facebook.com\\\/calerodiving\\\/\",\"https:\\\/\\\/www.instagram.com\\\/calerodiving\\\/\"]}]}<\/script>\n<!-- \/ Yoast SEO plugin. -->","yoast_head_json":{"title":"TDI Erweiterter Bereich | Calero Diving Lanzarote","robots":{"index":"index","follow":"follow","max-snippet":"max-snippet:-1","max-image-preview":"max-image-preview:large","max-video-preview":"max-video-preview:-1"},"canonical":"https:\/\/calerodiving.com\/de\/tdi-erweiterter-bereich\/","og_locale":"de_DE","og_type":"article","og_title":"TDI Erweiterter Bereich | Calero Diving Lanzarote","og_description":"technisch TDI Erweiterter Bereich Planen Sie sichere Dekompressionstauchg\u00e4nge bis 55 m Programm\u00fcbersicht: Der TDI Extended Range Diver Kurs konzentriert sich auf die richtigen Techniken, Ausr\u00fcstungsanforderungen und Gefahren des Tieftauchens mit Luft (maximal 55 Meter), wobei Nitrox und Sauerstoff f\u00fcr eine beschleunigte Dekompression verwendet werden. Der Kurs legt gro\u00dfen Wert auf pers\u00f6nliche und Teamgrenzen, Abschaltverfahren, Gaswechsel, [&hellip;]","og_url":"https:\/\/calerodiving.com\/de\/tdi-erweiterter-bereich\/","og_site_name":"Calero Diving Lanzarote","article_publisher":"https:\/\/www.facebook.com\/calerodiving\/","og_image":[{"width":700,"height":445,"url":"https:\/\/calerodiving.com\/wp-content\/uploads\/2025\/07\/TDI-Extended-Range.png","type":"image\/png"}],"twitter_card":"summary_large_image","twitter_misc":{"Gesch\u00e4tzte Lesezeit":"1\u00a0Minute"},"schema":{"@context":"https:\/\/schema.org","@graph":[{"@type":"WebPage","@id":"https:\/\/calerodiving.com\/de\/tdi-erweiterter-bereich\/","url":"https:\/\/calerodiving.com\/de\/tdi-erweiterter-bereich\/","name":"TDI Erweiterter Bereich | Calero Diving Lanzarote","isPartOf":{"@id":"https:\/\/calerodiving.com\/#website"},"primaryImageOfPage":{"@id":"https:\/\/calerodiving.com\/de\/tdi-erweiterter-bereich\/#primaryimage"},"image":{"@id":"https:\/\/calerodiving.com\/de\/tdi-erweiterter-bereich\/#primaryimage"},"thumbnailUrl":"https:\/\/calerodiving.com\/wp-content\/uploads\/2025\/07\/TDI-Extended-Range.png","datePublished":"2025-09-01T17:30:54+00:00","breadcrumb":{"@id":"https:\/\/calerodiving.com\/de\/tdi-erweiterter-bereich\/#breadcrumb"},"inLanguage":"de","potentialAction":[{"@type":"ReadAction","target":["https:\/\/calerodiving.com\/de\/tdi-erweiterter-bereich\/"]}]},{"@type":"ImageObject","inLanguage":"de","@id":"https:\/\/calerodiving.com\/de\/tdi-erweiterter-bereich\/#primaryimage","url":"https:\/\/calerodiving.com\/wp-content\/uploads\/2025\/07\/TDI-Extended-Range.png","contentUrl":"https:\/\/calerodiving.com\/wp-content\/uploads\/2025\/07\/TDI-Extended-Range.png"},{"@type":"BreadcrumbList","@id":"https:\/\/calerodiving.com\/de\/tdi-erweiterter-bereich\/#breadcrumb","itemListElement":[{"@type":"ListItem","position":1,"name":"Home","item":"https:\/\/calerodiving.com\/es\/"},{"@type":"ListItem","position":2,"name":"TDI Erweiterter Bereich"}]},{"@type":"WebSite","@id":"https:\/\/calerodiving.com\/#website","url":"https:\/\/calerodiving.com\/","name":"Calero Diving Lanzarote","description":"Dive Center - Marina Puerto Calero Lanzarote","publisher":{"@id":"https:\/\/calerodiving.com\/#organization"},"alternateName":"Calero Diving","potentialAction":[{"@type":"SearchAction","target":{"@type":"EntryPoint","urlTemplate":"https:\/\/calerodiving.com\/?s={search_term_string}"},"query-input":{"@type":"PropertyValueSpecification","valueRequired":true,"valueName":"search_term_string"}}],"inLanguage":"de"},{"@type":"Organization","@id":"https:\/\/calerodiving.com\/#organization","name":"Calero Diving Lanzarote","alternateName":"Calero Diving","url":"https:\/\/calerodiving.com\/","logo":{"@type":"ImageObject","inLanguage":"de","@id":"https:\/\/calerodiving.com\/#\/schema\/logo\/image\/","url":"https:\/\/calerodiving.com\/wp-content\/uploads\/2025\/05\/Grupo.png","contentUrl":"https:\/\/calerodiving.com\/wp-content\/uploads\/2025\/05\/Grupo.png","width":499,"height":590,"caption":"Calero Diving Lanzarote"},"image":{"@id":"https:\/\/calerodiving.com\/#\/schema\/logo\/image\/"},"sameAs":["https:\/\/www.facebook.com\/calerodiving\/","https:\/\/www.instagram.com\/calerodiving\/"]}]}},"_links":{"self":[{"href":"https:\/\/calerodiving.com\/de\/wp-json\/wp\/v2\/pages\/25054","targetHints":{"allow":["GET"]}}],"collection":[{"href":"https:\/\/calerodiving.com\/de\/wp-json\/wp\/v2\/pages"}],"about":[{"href":"https:\/\/calerodiving.com\/de\/wp-json\/wp\/v2\/types\/page"}],"author":[{"embeddable":true,"href":"https:\/\/calerodiving.com\/de\/wp-json\/wp\/v2\/users\/10"}],"replies":[{"embeddable":true,"href":"https:\/\/calerodiving.com\/de\/wp-json\/wp\/v2\/comments?post=25054"}],"version-history":[{"count":1,"href":"https:\/\/calerodiving.com\/de\/wp-json\/wp\/v2\/pages\/25054\/revisions"}],"predecessor-version":[{"id":25055,"href":"https:\/\/calerodiving.com\/de\/wp-json\/wp\/v2\/pages\/25054\/revisions\/25055"}],"wp:attachment":[{"href":"https:\/\/calerodiving.com\/de\/wp-json\/wp\/v2\/media?parent=25054"}],"curies":[{"name":"wp","href":"https:\/\/api.w.org\/{rel}","templated":true}]}}