{"id":25013,"date":"2025-09-01T13:29:50","date_gmt":"2025-09-01T12:29:50","guid":{"rendered":"https:\/\/calerodiving.com\/ssi-advanced-adventurer-diver\/"},"modified":"2025-09-16T09:41:22","modified_gmt":"2025-09-16T08:41:22","slug":"ssi-advanced-adventurer-diver","status":"publish","type":"page","link":"https:\/\/calerodiving.com\/de\/ssi-advanced-adventurer-diver\/","title":{"rendered":"SSI Advanced Adventurer Diver"},"content":{"rendered":"\t\t<div data-elementor-type=\"wp-page\" data-elementor-id=\"25013\" class=\"elementor elementor-25013 elementor-20474\" data-elementor-post-type=\"page\">\n\t\t\t\t<div class=\"elementor-element elementor-element-b67b102 e-flex e-con-boxed e-con e-parent\" data-id=\"b67b102\" data-element_type=\"container\" data-e-type=\"container\">\n\t\t\t\t\t<div class=\"e-con-inner\">\n\t\t<div class=\"elementor-element elementor-element-3ada715 e-con-full e-flex e-con e-child\" data-id=\"3ada715\" data-element_type=\"container\" data-e-type=\"container\">\n\t\t\t\t<div class=\"elementor-element elementor-element-81beea1 elementor-widget elementor-widget-image\" data-id=\"81beea1\" data-element_type=\"widget\" data-e-type=\"widget\" data-widget_type=\"image.default\">\n\t\t\t\t<div class=\"elementor-widget-container\">\n\t\t\t\t\t\t\t\t\t\t\t\t\t\t\t<img fetchpriority=\"high\" decoding=\"async\" width=\"700\" height=\"445\" src=\"https:\/\/calerodiving.com\/wp-content\/uploads\/2025\/07\/Scuba_Diving_Advanced_adeventurer_calero.jpg\" class=\"attachment-large size-large wp-image-20064\" alt=\"\" srcset=\"https:\/\/calerodiving.com\/wp-content\/uploads\/2025\/07\/Scuba_Diving_Advanced_adeventurer_calero.jpg 700w, https:\/\/calerodiving.com\/wp-content\/uploads\/2025\/07\/Scuba_Diving_Advanced_adeventurer_calero-300x191.jpg 300w\" sizes=\"(max-width: 700px) 100vw, 700px\" \/>\t\t\t\t\t\t\t\t\t\t\t\t\t\t\t<\/div>\n\t\t\t\t<\/div>\n\t\t\t\t<\/div>\n\t\t<div class=\"elementor-element elementor-element-a481be3 e-con-full e-flex e-con e-child\" data-id=\"a481be3\" data-element_type=\"container\" data-e-type=\"container\">\n\t\t<div class=\"elementor-element elementor-element-0edde05 e-con-full e-flex e-con e-child\" data-id=\"0edde05\" data-element_type=\"container\" data-e-type=\"container\">\n\t\t\t\t<div class=\"elementor-element elementor-element-033f226 elementor-widget elementor-widget-html\" data-id=\"033f226\" data-element_type=\"widget\" data-e-type=\"widget\" data-widget_type=\"html.default\">\n\t\t\t\t<div class=\"elementor-widget-container\">\n\t\t\t\t\t<a href=\"https:\/\/calerodiving.com\/de\/sporttauchkurse\/#recreational\" class=\"tag-button\">Freizeit<\/a>\n\t\t\t\t<\/div>\n\t\t\t\t<\/div>\n\t\t\t\t<div class=\"elementor-element elementor-element-d57784e elementor-widget elementor-widget-heading\" data-id=\"d57784e\" data-element_type=\"widget\" data-e-type=\"widget\" data-widget_type=\"heading.default\">\n\t\t\t\t<div class=\"elementor-widget-container\">\n\t\t\t\t\t<h2 class=\"elementor-heading-title elementor-size-default\">SSI Advanced Adventurer<\/h2>\t\t\t\t<\/div>\n\t\t\t\t<\/div>\n\t\t\t\t<\/div>\n\t\t\t\t<\/div>\n\t\t\t\t\t<\/div>\n\t\t\t\t<\/div>\n\t\t<div class=\"elementor-element elementor-element-d2b8d54 e-flex e-con-boxed e-con e-parent\" data-id=\"d2b8d54\" data-element_type=\"container\" data-e-type=\"container\">\n\t\t\t\t\t<div class=\"e-con-inner\">\n\t\t<div class=\"elementor-element elementor-element-a8587db e-con-full e-flex e-con e-child\" data-id=\"a8587db\" data-element_type=\"container\" data-e-type=\"container\">\n\t\t<div class=\"elementor-element elementor-element-259388b e-con-full e-flex e-con e-child\" data-id=\"259388b\" data-element_type=\"container\" data-e-type=\"container\">\n\t\t\t\t<div class=\"elementor-element elementor-element-9e2a5a2 elementor-widget elementor-widget-heading\" data-id=\"9e2a5a2\" data-element_type=\"widget\" data-e-type=\"widget\" data-widget_type=\"heading.default\">\n\t\t\t\t<div class=\"elementor-widget-container\">\n\t\t\t\t\t<h2 class=\"elementor-heading-title elementor-size-default\">Ein Advanced Adventure Diver werden<\/h2>\t\t\t\t<\/div>\n\t\t\t\t<\/div>\n\t\t\t\t<div class=\"elementor-element elementor-element-89f3a86 elementor-widget elementor-widget-text-editor\" data-id=\"89f3a86\" data-element_type=\"widget\" data-e-type=\"widget\" data-widget_type=\"text-editor.default\">\n\t\t\t\t<div class=\"elementor-widget-container\">\n\t\t\t\t\t\t\t\t\t<div class=\"section-list\"><h3>Programm\u00fcbersicht:<\/h3><p>Wenn du bereits ein Open Water Diver-Zertifikat besitzt, kannst du deine Ausbildung mit einem Spezialkurs fortsetzen. Spezialkurse konzentrieren sich auf einen bestimmten Tauchbereich, der dich interessiert, zum Beispiel Tieftauchen. Nicht jeder Taucher wei\u00df jedoch genau, was ihm am meisten Spa\u00df macht. Deshalb hat SSI den Advanced Adventurer Kurs entwickelt, der dir einen Einblick in f\u00fcnf verschiedene Spezialkurse gibt.  <\/p><p>W\u00e4hrend dieses Kurses absolvieren Sie 5 Tauchg\u00e4nge unter der direkten Aufsicht eines unserer Tauchlehrer. Jeder dieser Tauchg\u00e4nge geh\u00f6rt zu einem anderen Spezialprogramm Ihrer Wahl. Sie erweitern Ihre Erfahrung als Taucher und k\u00f6nnen sich besser orientieren, wenn Sie den n\u00e4chsten Schritt machen.<br> Alle absolvierten Abenteuertauchg\u00e4nge k\u00f6nnen sp\u00e4ter f\u00fcr den Abschluss einer ganzen Spezialisierung verwendet werden.<br> Wenn Sie in Ihrem Advanced Adventurer-Kurs bereits einen Tieftauchgang absolviert haben, m\u00fcssen Sie nur noch zwei weitere Tauchg\u00e4nge absolvieren, um das Spezialprogramm \u201eDeep Diving\u201c abzuschlie\u00dfen und ein Deep Diver zu werden.  <\/p><h3>Dauer<\/h3><ul><li>2 Tage<\/li><\/ul><h3>Enth\u00e4lt<\/h3><ul><li>5 Tauchg\u00e4nge<\/li><li>Digitale Materialien<\/li><li>SSI Advanced Adventurer-Zertifizierung<\/li><\/ul><h3>Nicht enthalten<\/h3><ul><li>Ausr\u00fcstungsverleih<\/li><li>Tauchversicherung<\/li><li>Kameraverleih (bei Abschluss des Foto- und Videotauchgangs)<\/li><\/ul><h3>Anforderungen<\/h3><ul><li>SSI Open Water Diver oder gleichwertig<\/li><\/ul><h3>Weitere Kurse, die Sie interessieren k\u00f6nnten<\/h3><ul><li><a href=\"https:\/\/calerodiving.com\/de\/react-right\/\">Richtig reagieren<\/a><\/li><li><a href=\"https:\/\/calerodiving.com\/de\/nitrox\/\">Angereicherte Luft Nitrox<\/a><\/li><li><a href=\"https:\/\/calerodiving.com\/de\/tieftauchen\/\">Tieftauchen<\/a><\/li><\/ul><\/div>\t\t\t\t\t\t\t\t<\/div>\n\t\t\t\t<\/div>\n\t\t\t\t<\/div>\n\t\t\t\t<\/div>\n\t\t<div class=\"elementor-element elementor-element-8d9a213 e-con-full e-flex e-con e-child\" data-id=\"8d9a213\" data-element_type=\"container\" data-e-type=\"container\">\n\t\t<div class=\"elementor-element elementor-element-9d35613 e-con-full course-sidebar-box e-flex e-con e-child\" data-id=\"9d35613\" data-element_type=\"container\" data-e-type=\"container\" data-settings=\"{&quot;sticky&quot;:&quot;top&quot;,&quot;sticky_offset&quot;:110,&quot;sticky_effects_offset&quot;:130,&quot;sticky_parent&quot;:&quot;yes&quot;,&quot;sticky_on&quot;:[&quot;desktop&quot;,&quot;tablet&quot;,&quot;mobile&quot;],&quot;sticky_anchor_link_offset&quot;:0}\">\n\t\t\t\t<div class=\"elementor-element elementor-element-9fa2d79 elementor-widget elementor-widget-text-editor\" data-id=\"9fa2d79\" data-element_type=\"widget\" data-e-type=\"widget\" data-widget_type=\"text-editor.default\">\n\t\t\t\t<div class=\"elementor-widget-container\">\n\t\t\t\t\t\t\t\t\t<div class=\"courses-info\"><h6 class=\"no-margin\">Dauer:<\/h6><p class=\"no-margin\">2-t\u00e4giger Kurs<\/p><\/div><div class=\"courses-info\"><h6 class=\"no-margin\">Preis:<\/h6><p class=\"no-margin\">Ab 450 \u20ac<\/p><\/div>\t\t\t\t\t\t\t\t<\/div>\n\t\t\t\t<\/div>\n\t\t\t\t<div class=\"elementor-element elementor-element-5570c29 elementor-mobile-align-center elementor-widget elementor-widget-button\" data-id=\"5570c29\" data-element_type=\"widget\" data-e-type=\"widget\" data-widget_type=\"button.default\">\n\t\t\t\t<div class=\"elementor-widget-container\">\n\t\t\t\t\t\t\t\t\t<div class=\"elementor-button-wrapper\">\n\t\t\t\t\t<a class=\"elementor-button elementor-button-link elementor-size-sm\" href=\"https:\/\/booking.calerodiving.com\/front\/6213b2319a1bbf005fa0b870\/product\/621d66bf4db01a005f510d3c?lang=de&#038;_gl=1*14j695y*_ga*MjAwOTUxMjMxNy4xNzU3MjYzMjY0*_ga_4WWMT2EY3C*czE3NTgwMTAxNzQkbzIwJGcxJHQxNzU4MDExOTg1JGoxNCRsMCRoMA..\" target=\"_blank\">\n\t\t\t\t\t\t<span class=\"elementor-button-content-wrapper\">\n\t\t\t\t\t\t\t\t\t<span class=\"elementor-button-text\">Kurs kaufen<\/span>\n\t\t\t\t\t<\/span>\n\t\t\t\t\t<\/a>\n\t\t\t\t<\/div>\n\t\t\t\t\t\t\t\t<\/div>\n\t\t\t\t<\/div>\n\t\t\t\t<\/div>\n\t\t\t\t<\/div>\n\t\t\t\t\t<\/div>\n\t\t\t\t<\/div>\n\t\t\t\t<\/div>\n\t\t","protected":false},"excerpt":{"rendered":"<p>Freizeit SSI Advanced Adventurer Ein Advanced Adventure Diver werden Programm\u00fcbersicht: Wenn du bereits ein Open Water Diver-Zertifikat besitzt, kannst du deine Ausbildung mit einem Spezialkurs fortsetzen. Spezialkurse konzentrieren sich auf einen bestimmten Tauchbereich, der dich interessiert, zum Beispiel Tieftauchen. Nicht jeder Taucher wei\u00df jedoch genau, was ihm am meisten Spa\u00df macht. Deshalb hat SSI den [&hellip;]<\/p>\n","protected":false},"author":10,"featured_media":0,"parent":0,"menu_order":0,"comment_status":"closed","ping_status":"closed","template":"","meta":{"_acf_changed":false,"footnotes":""},"class_list":["post-25013","page","type-page","status-publish","hentry"],"acf":[],"yoast_head":"<!-- This site is optimized with the Yoast SEO plugin v27.5 - https:\/\/yoast.com\/product\/yoast-seo-wordpress\/ -->\n<title>SSI Advanced Adventurer Diver | Calero Diving Lanzarote<\/title>\n<meta name=\"robots\" content=\"index, follow, max-snippet:-1, max-image-preview:large, max-video-preview:-1\" \/>\n<link rel=\"canonical\" href=\"https:\/\/calerodiving.com\/ssi-advanced-adventurer-diver\/\" \/>\n<meta property=\"og:locale\" content=\"de_DE\" \/>\n<meta property=\"og:type\" content=\"article\" \/>\n<meta property=\"og:title\" content=\"SSI Advanced Adventurer Diver | Calero Diving Lanzarote\" \/>\n<meta property=\"og:description\" content=\"Freizeit SSI Advanced Adventurer Ein Advanced Adventure Diver werden Programm\u00fcbersicht: Wenn du bereits ein Open Water Diver-Zertifikat besitzt, kannst du deine Ausbildung mit einem Spezialkurs fortsetzen. Spezialkurse konzentrieren sich auf einen bestimmten Tauchbereich, der dich interessiert, zum Beispiel Tieftauchen. Nicht jeder Taucher wei\u00df jedoch genau, was ihm am meisten Spa\u00df macht. Deshalb hat SSI den [&hellip;]\" \/>\n<meta property=\"og:url\" content=\"https:\/\/calerodiving.com\/ssi-advanced-adventurer-diver\/\" \/>\n<meta property=\"og:site_name\" content=\"Calero Diving Lanzarote\" \/>\n<meta property=\"article:publisher\" content=\"https:\/\/www.facebook.com\/calerodiving\/\" \/>\n<meta property=\"article:modified_time\" content=\"2025-09-16T08:41:22+00:00\" \/>\n<meta property=\"og:image\" content=\"https:\/\/calerodiving.com\/wp-content\/uploads\/2025\/07\/Scuba_Diving_Advanced_adeventurer_calero.jpg\" \/>\n\t<meta property=\"og:image:width\" content=\"700\" \/>\n\t<meta property=\"og:image:height\" content=\"445\" \/>\n\t<meta property=\"og:image:type\" content=\"image\/jpeg\" \/>\n<meta name=\"twitter:card\" content=\"summary_large_image\" \/>\n<meta name=\"twitter:label1\" content=\"Gesch\u00e4tzte Lesezeit\" \/>\n\t<meta name=\"twitter:data1\" content=\"2\u00a0Minuten\" \/>\n<script type=\"application\/ld+json\" class=\"yoast-schema-graph\">{\"@context\":\"https:\\\/\\\/schema.org\",\"@graph\":[{\"@type\":\"WebPage\",\"@id\":\"https:\\\/\\\/calerodiving.com\\\/ssi-advanced-adventurer-diver\\\/\",\"url\":\"https:\\\/\\\/calerodiving.com\\\/ssi-advanced-adventurer-diver\\\/\",\"name\":\"SSI Advanced Adventurer Diver | Calero Diving Lanzarote\",\"isPartOf\":{\"@id\":\"https:\\\/\\\/calerodiving.com\\\/#website\"},\"primaryImageOfPage\":{\"@id\":\"https:\\\/\\\/calerodiving.com\\\/ssi-advanced-adventurer-diver\\\/#primaryimage\"},\"image\":{\"@id\":\"https:\\\/\\\/calerodiving.com\\\/ssi-advanced-adventurer-diver\\\/#primaryimage\"},\"thumbnailUrl\":\"https:\\\/\\\/calerodiving.com\\\/wp-content\\\/uploads\\\/2025\\\/07\\\/Scuba_Diving_Advanced_adeventurer_calero.jpg\",\"datePublished\":\"2025-09-01T12:29:50+00:00\",\"dateModified\":\"2025-09-16T08:41:22+00:00\",\"breadcrumb\":{\"@id\":\"https:\\\/\\\/calerodiving.com\\\/ssi-advanced-adventurer-diver\\\/#breadcrumb\"},\"inLanguage\":\"de\",\"potentialAction\":[{\"@type\":\"ReadAction\",\"target\":[\"https:\\\/\\\/calerodiving.com\\\/ssi-advanced-adventurer-diver\\\/\"]}]},{\"@type\":\"ImageObject\",\"inLanguage\":\"de\",\"@id\":\"https:\\\/\\\/calerodiving.com\\\/ssi-advanced-adventurer-diver\\\/#primaryimage\",\"url\":\"https:\\\/\\\/calerodiving.com\\\/wp-content\\\/uploads\\\/2025\\\/07\\\/Scuba_Diving_Advanced_adeventurer_calero.jpg\",\"contentUrl\":\"https:\\\/\\\/calerodiving.com\\\/wp-content\\\/uploads\\\/2025\\\/07\\\/Scuba_Diving_Advanced_adeventurer_calero.jpg\"},{\"@type\":\"BreadcrumbList\",\"@id\":\"https:\\\/\\\/calerodiving.com\\\/ssi-advanced-adventurer-diver\\\/#breadcrumb\",\"itemListElement\":[{\"@type\":\"ListItem\",\"position\":1,\"name\":\"Home\",\"item\":\"https:\\\/\\\/calerodiving.com\\\/es\\\/\"},{\"@type\":\"ListItem\",\"position\":2,\"name\":\"SSI Advanced Adventurer Diver\"}]},{\"@type\":\"WebSite\",\"@id\":\"https:\\\/\\\/calerodiving.com\\\/#website\",\"url\":\"https:\\\/\\\/calerodiving.com\\\/\",\"name\":\"Calero Diving Lanzarote\",\"description\":\"Dive Center - Marina Puerto Calero Lanzarote\",\"publisher\":{\"@id\":\"https:\\\/\\\/calerodiving.com\\\/#organization\"},\"alternateName\":\"Calero Diving\",\"potentialAction\":[{\"@type\":\"SearchAction\",\"target\":{\"@type\":\"EntryPoint\",\"urlTemplate\":\"https:\\\/\\\/calerodiving.com\\\/?s={search_term_string}\"},\"query-input\":{\"@type\":\"PropertyValueSpecification\",\"valueRequired\":true,\"valueName\":\"search_term_string\"}}],\"inLanguage\":\"de\"},{\"@type\":\"Organization\",\"@id\":\"https:\\\/\\\/calerodiving.com\\\/#organization\",\"name\":\"Calero Diving Lanzarote\",\"alternateName\":\"Calero Diving\",\"url\":\"https:\\\/\\\/calerodiving.com\\\/\",\"logo\":{\"@type\":\"ImageObject\",\"inLanguage\":\"de\",\"@id\":\"https:\\\/\\\/calerodiving.com\\\/#\\\/schema\\\/logo\\\/image\\\/\",\"url\":\"https:\\\/\\\/calerodiving.com\\\/wp-content\\\/uploads\\\/2025\\\/05\\\/Grupo.png\",\"contentUrl\":\"https:\\\/\\\/calerodiving.com\\\/wp-content\\\/uploads\\\/2025\\\/05\\\/Grupo.png\",\"width\":499,\"height\":590,\"caption\":\"Calero Diving Lanzarote\"},\"image\":{\"@id\":\"https:\\\/\\\/calerodiving.com\\\/#\\\/schema\\\/logo\\\/image\\\/\"},\"sameAs\":[\"https:\\\/\\\/www.facebook.com\\\/calerodiving\\\/\",\"https:\\\/\\\/www.instagram.com\\\/calerodiving\\\/\"]}]}<\/script>\n<!-- \/ Yoast SEO plugin. -->","yoast_head_json":{"title":"SSI Advanced Adventurer Diver | Calero Diving Lanzarote","robots":{"index":"index","follow":"follow","max-snippet":"max-snippet:-1","max-image-preview":"max-image-preview:large","max-video-preview":"max-video-preview:-1"},"canonical":"https:\/\/calerodiving.com\/ssi-advanced-adventurer-diver\/","og_locale":"de_DE","og_type":"article","og_title":"SSI Advanced Adventurer Diver | Calero Diving Lanzarote","og_description":"Freizeit SSI Advanced Adventurer Ein Advanced Adventure Diver werden Programm\u00fcbersicht: Wenn du bereits ein Open Water Diver-Zertifikat besitzt, kannst du deine Ausbildung mit einem Spezialkurs fortsetzen. Spezialkurse konzentrieren sich auf einen bestimmten Tauchbereich, der dich interessiert, zum Beispiel Tieftauchen. Nicht jeder Taucher wei\u00df jedoch genau, was ihm am meisten Spa\u00df macht. Deshalb hat SSI den [&hellip;]","og_url":"https:\/\/calerodiving.com\/ssi-advanced-adventurer-diver\/","og_site_name":"Calero Diving Lanzarote","article_publisher":"https:\/\/www.facebook.com\/calerodiving\/","article_modified_time":"2025-09-16T08:41:22+00:00","og_image":[{"width":700,"height":445,"url":"https:\/\/calerodiving.com\/wp-content\/uploads\/2025\/07\/Scuba_Diving_Advanced_adeventurer_calero.jpg","type":"image\/jpeg"}],"twitter_card":"summary_large_image","twitter_misc":{"Gesch\u00e4tzte Lesezeit":"2\u00a0Minuten"},"schema":{"@context":"https:\/\/schema.org","@graph":[{"@type":"WebPage","@id":"https:\/\/calerodiving.com\/ssi-advanced-adventurer-diver\/","url":"https:\/\/calerodiving.com\/ssi-advanced-adventurer-diver\/","name":"SSI Advanced Adventurer Diver | Calero Diving Lanzarote","isPartOf":{"@id":"https:\/\/calerodiving.com\/#website"},"primaryImageOfPage":{"@id":"https:\/\/calerodiving.com\/ssi-advanced-adventurer-diver\/#primaryimage"},"image":{"@id":"https:\/\/calerodiving.com\/ssi-advanced-adventurer-diver\/#primaryimage"},"thumbnailUrl":"https:\/\/calerodiving.com\/wp-content\/uploads\/2025\/07\/Scuba_Diving_Advanced_adeventurer_calero.jpg","datePublished":"2025-09-01T12:29:50+00:00","dateModified":"2025-09-16T08:41:22+00:00","breadcrumb":{"@id":"https:\/\/calerodiving.com\/ssi-advanced-adventurer-diver\/#breadcrumb"},"inLanguage":"de","potentialAction":[{"@type":"ReadAction","target":["https:\/\/calerodiving.com\/ssi-advanced-adventurer-diver\/"]}]},{"@type":"ImageObject","inLanguage":"de","@id":"https:\/\/calerodiving.com\/ssi-advanced-adventurer-diver\/#primaryimage","url":"https:\/\/calerodiving.com\/wp-content\/uploads\/2025\/07\/Scuba_Diving_Advanced_adeventurer_calero.jpg","contentUrl":"https:\/\/calerodiving.com\/wp-content\/uploads\/2025\/07\/Scuba_Diving_Advanced_adeventurer_calero.jpg"},{"@type":"BreadcrumbList","@id":"https:\/\/calerodiving.com\/ssi-advanced-adventurer-diver\/#breadcrumb","itemListElement":[{"@type":"ListItem","position":1,"name":"Home","item":"https:\/\/calerodiving.com\/es\/"},{"@type":"ListItem","position":2,"name":"SSI Advanced Adventurer Diver"}]},{"@type":"WebSite","@id":"https:\/\/calerodiving.com\/#website","url":"https:\/\/calerodiving.com\/","name":"Calero Diving Lanzarote","description":"Dive Center - Marina Puerto Calero Lanzarote","publisher":{"@id":"https:\/\/calerodiving.com\/#organization"},"alternateName":"Calero Diving","potentialAction":[{"@type":"SearchAction","target":{"@type":"EntryPoint","urlTemplate":"https:\/\/calerodiving.com\/?s={search_term_string}"},"query-input":{"@type":"PropertyValueSpecification","valueRequired":true,"valueName":"search_term_string"}}],"inLanguage":"de"},{"@type":"Organization","@id":"https:\/\/calerodiving.com\/#organization","name":"Calero Diving Lanzarote","alternateName":"Calero Diving","url":"https:\/\/calerodiving.com\/","logo":{"@type":"ImageObject","inLanguage":"de","@id":"https:\/\/calerodiving.com\/#\/schema\/logo\/image\/","url":"https:\/\/calerodiving.com\/wp-content\/uploads\/2025\/05\/Grupo.png","contentUrl":"https:\/\/calerodiving.com\/wp-content\/uploads\/2025\/05\/Grupo.png","width":499,"height":590,"caption":"Calero Diving Lanzarote"},"image":{"@id":"https:\/\/calerodiving.com\/#\/schema\/logo\/image\/"},"sameAs":["https:\/\/www.facebook.com\/calerodiving\/","https:\/\/www.instagram.com\/calerodiving\/"]}]}},"_links":{"self":[{"href":"https:\/\/calerodiving.com\/de\/wp-json\/wp\/v2\/pages\/25013","targetHints":{"allow":["GET"]}}],"collection":[{"href":"https:\/\/calerodiving.com\/de\/wp-json\/wp\/v2\/pages"}],"about":[{"href":"https:\/\/calerodiving.com\/de\/wp-json\/wp\/v2\/types\/page"}],"author":[{"embeddable":true,"href":"https:\/\/calerodiving.com\/de\/wp-json\/wp\/v2\/users\/10"}],"replies":[{"embeddable":true,"href":"https:\/\/calerodiving.com\/de\/wp-json\/wp\/v2\/comments?post=25013"}],"version-history":[{"count":4,"href":"https:\/\/calerodiving.com\/de\/wp-json\/wp\/v2\/pages\/25013\/revisions"}],"predecessor-version":[{"id":26489,"href":"https:\/\/calerodiving.com\/de\/wp-json\/wp\/v2\/pages\/25013\/revisions\/26489"}],"wp:attachment":[{"href":"https:\/\/calerodiving.com\/de\/wp-json\/wp\/v2\/media?parent=25013"}],"curies":[{"name":"wp","href":"https:\/\/api.w.org\/{rel}","templated":true}]}}