{"id":24999,"date":"2025-09-01T13:29:39","date_gmt":"2025-09-01T12:29:39","guid":{"rendered":"https:\/\/calerodiving.com\/spezialitaetenpaket\/"},"modified":"2026-04-20T12:38:09","modified_gmt":"2026-04-20T11:38:09","slug":"spezialitaetenpaket","status":"publish","type":"page","link":"https:\/\/calerodiving.com\/de\/spezialitaetenpaket\/","title":{"rendered":"Spezialit\u00e4tenpaket"},"content":{"rendered":"\t\t<div data-elementor-type=\"wp-page\" data-elementor-id=\"24999\" class=\"elementor elementor-24999 elementor-20505\" data-elementor-post-type=\"page\">\n\t\t\t\t<div class=\"elementor-element elementor-element-90cd139 e-flex e-con-boxed e-con e-parent\" data-id=\"90cd139\" data-element_type=\"container\" data-e-type=\"container\">\n\t\t\t\t\t<div class=\"e-con-inner\">\n\t\t<div class=\"elementor-element elementor-element-54a4fc0 e-con-full e-flex e-con e-child\" data-id=\"54a4fc0\" data-element_type=\"container\" data-e-type=\"container\">\n\t\t\t\t<div class=\"elementor-element elementor-element-258d91c elementor-widget elementor-widget-image\" data-id=\"258d91c\" data-element_type=\"widget\" data-e-type=\"widget\" data-widget_type=\"image.default\">\n\t\t\t\t<div class=\"elementor-widget-container\">\n\t\t\t\t\t\t\t\t\t\t\t\t\t\t\t<img fetchpriority=\"high\" decoding=\"async\" width=\"800\" height=\"534\" src=\"https:\/\/calerodiving.com\/wp-content\/uploads\/2025\/07\/image-1030x687.webp\" class=\"attachment-large size-large wp-image-20254\" alt=\"\" srcset=\"https:\/\/calerodiving.com\/wp-content\/uploads\/2025\/07\/image-1030x687.webp 1030w, https:\/\/calerodiving.com\/wp-content\/uploads\/2025\/07\/image-300x200.webp 300w, https:\/\/calerodiving.com\/wp-content\/uploads\/2025\/07\/image-768x512.webp 768w, https:\/\/calerodiving.com\/wp-content\/uploads\/2025\/07\/image.webp 1299w\" sizes=\"(max-width: 800px) 100vw, 800px\" \/>\t\t\t\t\t\t\t\t\t\t\t\t\t\t\t<\/div>\n\t\t\t\t<\/div>\n\t\t\t\t<\/div>\n\t\t<div class=\"elementor-element elementor-element-10042ac e-con-full e-flex e-con e-child\" data-id=\"10042ac\" data-element_type=\"container\" data-e-type=\"container\">\n\t\t<div class=\"elementor-element elementor-element-a0f5b72 e-con-full e-flex e-con e-child\" data-id=\"a0f5b72\" data-element_type=\"container\" data-e-type=\"container\">\n\t\t\t\t<div class=\"elementor-element elementor-element-ae75b43 elementor-widget elementor-widget-html\" data-id=\"ae75b43\" data-element_type=\"widget\" data-e-type=\"widget\" data-widget_type=\"html.default\">\n\t\t\t\t<div class=\"elementor-widget-container\">\n\t\t\t\t\t<a href=\"https:\/\/calerodiving.com\/de\/sporttauchkurse\/#specialties\" class=\"tag-button\">Spezialit\u00e4ten<\/a>\n\t\t\t\t<\/div>\n\t\t\t\t<\/div>\n\t\t\t\t<div class=\"elementor-element elementor-element-49f38a8 elementor-widget elementor-widget-heading\" data-id=\"49f38a8\" data-element_type=\"widget\" data-e-type=\"widget\" data-widget_type=\"heading.default\">\n\t\t\t\t<div class=\"elementor-widget-container\">\n\t\t\t\t\t<h2 class=\"elementor-heading-title elementor-size-default\">2er Set Spezialit\u00e4ten<\/h2>\t\t\t\t<\/div>\n\t\t\t\t<\/div>\n\t\t\t\t<\/div>\n\t\t\t\t<\/div>\n\t\t\t\t\t<\/div>\n\t\t\t\t<\/div>\n\t\t<div class=\"elementor-element elementor-element-1482169 e-flex e-con-boxed e-con e-parent\" data-id=\"1482169\" data-element_type=\"container\" data-e-type=\"container\">\n\t\t\t\t\t<div class=\"e-con-inner\">\n\t\t<div class=\"elementor-element elementor-element-9578932 e-con-full e-flex e-con e-child\" data-id=\"9578932\" data-element_type=\"container\" data-e-type=\"container\">\n\t\t<div class=\"elementor-element elementor-element-af03b85 e-con-full e-flex e-con e-child\" data-id=\"af03b85\" data-element_type=\"container\" data-e-type=\"container\">\n\t\t\t\t<div class=\"elementor-element elementor-element-177bba5 elementor-widget elementor-widget-heading\" data-id=\"177bba5\" data-element_type=\"widget\" data-e-type=\"widget\" data-widget_type=\"heading.default\">\n\t\t\t\t<div class=\"elementor-widget-container\">\n\t\t\t\t\t<h2 class=\"elementor-heading-title elementor-size-default\">Allgemeine Beschreibung:<\/h2>\t\t\t\t<\/div>\n\t\t\t\t<\/div>\n\t\t\t\t<div class=\"elementor-element elementor-element-46a057f elementor-widget elementor-widget-text-editor\" data-id=\"46a057f\" data-element_type=\"widget\" data-e-type=\"widget\" data-widget_type=\"text-editor.default\">\n\t\t\t\t<div class=\"elementor-widget-container\">\n\t\t\t\t\t\t\t\t\t<div class=\"section-list\"><h3>Kurs\u00fcbersicht:<\/h3><p>Dieses Paket ist ideal f\u00fcr zertifizierte Taucher, die ihre Ausbildung auf eine clevere und flexible Weise fortsetzen m\u00f6chten. Anstatt nur eine einzelne Specialty zu buchen, kannst du 2 SSI Specialties in einem Paket zu einem besseren Preis kombinieren.<\/p><p><span style=\"font-family: -apple-system, BlinkMacSystemFont, 'SF Pro Display', 'Helvetica Neue', sans-serif;\">Es ist die ideale Wahl, wenn du deine F\u00e4higkeiten verbessern, mehr Sicherheit unter Wasser gewinnen und deine Tauchzeit auf Lanzarote optimal nutzen m\u00f6chtest.<\/span><\/p><h3>W\u00e4hle die Specialties, die am besten zu dir passen<\/h3><p>Du kannst aus einer gro\u00dfen Auswahl an SSI Specialties w\u00e4hlen \u2013 je nach deinen Interessen, deinem Ausbildungsstand und der Art des Tauchens, die du als N\u00e4chstes erleben m\u00f6chtest.<\/p><p>Beliebte Kombinationen sind zum Beispiel:<\/p><ul><li>Deep Diving + Enriched Air Nitrox<\/li><li>Perfekte Tarierung + Navigation<\/li><li>Wracktauchen + Enriched Air Nitrox<\/li><li>Photo &amp; Video + Perfekte Tarierung<\/li><\/ul><p>\u2026und viele weitere Kombinationen sind m\u00f6glich.<\/p><h3>Warum dieses Paket w\u00e4hlen?<\/h3><ul><li>Besserer Preis als bei 2 einzeln gebuchten Specialties<\/li><li>Flexible Kombination passend zu deinen Zielen und deinem Erfahrungsstand<\/li><li>Schnellere Weiterentwicklung in deiner Tauchausbildung<\/li><li>Ein idealer Schritt in Richtung h\u00f6herer SSI Anerkennungsstufen<\/li><\/ul><h3>Entwickle dich als Taucher weiter<\/h3><p>Specialties zu absolvieren ist eine der besten M\u00f6glichkeiten, dich als Taucher weiterzuentwickeln. Du wirst sicherer, vielseitiger und besser auf unterschiedliche Unterwasserbedingungen und Tauchsituationen vorbereitet.<\/p><p><span style=\"font-family: -apple-system, BlinkMacSystemFont, 'SF Pro Display', 'Helvetica Neue', sans-serif;\">Wenn du dir nicht sicher bist, welche 2 Specialties am besten zu dir passen, helfen wir dir gerne dabei, die Kombination zu w\u00e4hlen, die am besten zu deinem Tauchlevel und deinen zuk\u00fcnftigen Zielen passt.<\/span><\/p><h3>Dauer<\/h3><ul><li>Abh\u00e4ngig von den gew\u00e4hlten Specialties<\/li><\/ul><h3>Inklusive<\/h3><ul><li>2 SSI Specialty-Programme<\/li><li>Digitale Lernmaterialien<\/li><li>SSI Zertifizierungen<\/li><\/ul><h3>Nicht inklusive<\/h3><ul><li>Tauchversicherung<\/li><li>Leihausr\u00fcstung (falls erforderlich)<\/li><li>Specialty-spezifische Zusatzleistungen, die nicht enthalten sind<\/li><\/ul><h3>Voraussetzungen<\/h3><ul><li>Das erforderliche Mindestzertifizierungsniveau h\u00e4ngt von den gew\u00e4hlten Specialties ab<\/li><\/ul><h3>Weitere Kurse, die dich interessieren k\u00f6nnten<\/h3><ul><li>Deep Diving<\/li><li>Enriched Air Nitrox<\/li><li>Diver Stress &amp; Rescue<\/li><\/ul><\/div>\t\t\t\t\t\t\t\t<\/div>\n\t\t\t\t<\/div>\n\t\t\t\t<\/div>\n\t\t\t\t<\/div>\n\t\t<div class=\"elementor-element elementor-element-a4a2793 e-con-full e-flex e-con e-child\" data-id=\"a4a2793\" data-element_type=\"container\" data-e-type=\"container\">\n\t\t<div class=\"elementor-element elementor-element-521cdd9 e-con-full course-sidebar-box e-flex e-con e-child\" data-id=\"521cdd9\" data-element_type=\"container\" data-e-type=\"container\" data-settings=\"{&quot;sticky&quot;:&quot;top&quot;,&quot;sticky_offset&quot;:110,&quot;sticky_effects_offset&quot;:130,&quot;sticky_parent&quot;:&quot;yes&quot;,&quot;sticky_on&quot;:[&quot;desktop&quot;,&quot;tablet&quot;,&quot;mobile&quot;],&quot;sticky_anchor_link_offset&quot;:0}\">\n\t\t\t\t<div class=\"elementor-element elementor-element-81ddace elementor-widget elementor-widget-text-editor\" data-id=\"81ddace\" data-element_type=\"widget\" data-e-type=\"widget\" data-widget_type=\"text-editor.default\">\n\t\t\t\t<div class=\"elementor-widget-container\">\n\t\t\t\t\t\t\t\t\t<div class=\"courses-info\"><h6 class=\"no-margin\">Dauer:<\/h6><p class=\"no-margin\">Abh\u00e4ngig von den gew\u00e4hlten<\/p><\/div><div class=\"courses-info\"><h6 class=\"no-margin\">Preis:<\/h6><p class=\"no-margin\">Ab: 650 \u20ac<\/p><\/div>\t\t\t\t\t\t\t\t<\/div>\n\t\t\t\t<\/div>\n\t\t\t\t<div class=\"elementor-element elementor-element-bba660d elementor-mobile-align-center elementor-widget elementor-widget-button\" data-id=\"bba660d\" data-element_type=\"widget\" data-e-type=\"widget\" data-widget_type=\"button.default\">\n\t\t\t\t<div class=\"elementor-widget-container\">\n\t\t\t\t\t\t\t\t\t<div class=\"elementor-button-wrapper\">\n\t\t\t\t\t<a class=\"elementor-button elementor-button-link elementor-size-sm\" href=\"https:\/\/booking.calerodiving.com\/front\/6213b2319a1bbf005fa0b870\/product\/679909b56a7ebab23e5768cf?lang=de&#038;_gl=1*v53450*_ga*MjAwOTUxMjMxNy4xNzU3MjYzMjY0*_ga_4WWMT2EY3C*czE3NTgwMTAxNzQkbzIwJGcxJHQxNzU4MDEzNjEyJGozOSRsMCRoMA..\">\n\t\t\t\t\t\t<span class=\"elementor-button-content-wrapper\">\n\t\t\t\t\t\t\t\t\t<span class=\"elementor-button-text\">Kurs buchen<\/span>\n\t\t\t\t\t<\/span>\n\t\t\t\t\t<\/a>\n\t\t\t\t<\/div>\n\t\t\t\t\t\t\t\t<\/div>\n\t\t\t\t<\/div>\n\t\t\t\t<\/div>\n\t\t\t\t<\/div>\n\t\t\t\t\t<\/div>\n\t\t\t\t<\/div>\n\t\t\t\t<\/div>\n\t\t","protected":false},"excerpt":{"rendered":"<p>Spezialit\u00e4ten 2er Set Spezialit\u00e4ten Allgemeine Beschreibung: Kurs\u00fcbersicht: Dieses Paket ist ideal f\u00fcr zertifizierte Taucher, die ihre Ausbildung auf eine clevere und flexible Weise fortsetzen m\u00f6chten. Anstatt nur eine einzelne Specialty zu buchen, kannst du 2 SSI Specialties in einem Paket zu einem besseren Preis kombinieren. Es ist die ideale Wahl, wenn du deine F\u00e4higkeiten verbessern, [&hellip;]<\/p>\n","protected":false},"author":10,"featured_media":0,"parent":0,"menu_order":0,"comment_status":"closed","ping_status":"closed","template":"","meta":{"_acf_changed":false,"footnotes":""},"class_list":["post-24999","page","type-page","status-publish","hentry"],"acf":[],"yoast_head":"<!-- This site is optimized with the Yoast SEO plugin v27.5 - https:\/\/yoast.com\/product\/yoast-seo-wordpress\/ -->\n<title>Spezialit\u00e4tenpaket | Calero Diving Lanzarote<\/title>\n<meta name=\"robots\" content=\"index, follow, max-snippet:-1, max-image-preview:large, max-video-preview:-1\" \/>\n<link rel=\"canonical\" href=\"https:\/\/calerodiving.com\/specialties-package\/\" \/>\n<meta property=\"og:locale\" content=\"de_DE\" \/>\n<meta property=\"og:type\" content=\"article\" \/>\n<meta property=\"og:title\" content=\"Spezialit\u00e4tenpaket | Calero Diving Lanzarote\" \/>\n<meta property=\"og:description\" content=\"Spezialit\u00e4ten 2er Set Spezialit\u00e4ten Allgemeine Beschreibung: Kurs\u00fcbersicht: Dieses Paket ist ideal f\u00fcr zertifizierte Taucher, die ihre Ausbildung auf eine clevere und flexible Weise fortsetzen m\u00f6chten. Anstatt nur eine einzelne Specialty zu buchen, kannst du 2 SSI Specialties in einem Paket zu einem besseren Preis kombinieren. Es ist die ideale Wahl, wenn du deine F\u00e4higkeiten verbessern, [&hellip;]\" \/>\n<meta property=\"og:url\" content=\"https:\/\/calerodiving.com\/specialties-package\/\" \/>\n<meta property=\"og:site_name\" content=\"Calero Diving Lanzarote\" \/>\n<meta property=\"article:publisher\" content=\"https:\/\/www.facebook.com\/calerodiving\/\" \/>\n<meta property=\"article:modified_time\" content=\"2026-04-20T11:38:09+00:00\" \/>\n<meta property=\"og:image\" content=\"https:\/\/calerodiving.com\/wp-content\/uploads\/2025\/07\/image.webp\" \/>\n\t<meta property=\"og:image:width\" content=\"1299\" \/>\n\t<meta property=\"og:image:height\" content=\"866\" \/>\n\t<meta property=\"og:image:type\" content=\"image\/webp\" \/>\n<meta name=\"twitter:card\" content=\"summary_large_image\" \/>\n<meta name=\"twitter:label1\" content=\"Gesch\u00e4tzte Lesezeit\" \/>\n\t<meta name=\"twitter:data1\" content=\"2\u00a0Minuten\" \/>\n<script type=\"application\/ld+json\" class=\"yoast-schema-graph\">{\"@context\":\"https:\\\/\\\/schema.org\",\"@graph\":[{\"@type\":\"WebPage\",\"@id\":\"https:\\\/\\\/calerodiving.com\\\/specialties-package\\\/\",\"url\":\"https:\\\/\\\/calerodiving.com\\\/specialties-package\\\/\",\"name\":\"Spezialit\u00e4tenpaket | Calero Diving Lanzarote\",\"isPartOf\":{\"@id\":\"https:\\\/\\\/calerodiving.com\\\/#website\"},\"primaryImageOfPage\":{\"@id\":\"https:\\\/\\\/calerodiving.com\\\/specialties-package\\\/#primaryimage\"},\"image\":{\"@id\":\"https:\\\/\\\/calerodiving.com\\\/specialties-package\\\/#primaryimage\"},\"thumbnailUrl\":\"https:\\\/\\\/calerodiving.com\\\/wp-content\\\/uploads\\\/2025\\\/07\\\/image-1030x687.webp\",\"datePublished\":\"2025-09-01T12:29:39+00:00\",\"dateModified\":\"2026-04-20T11:38:09+00:00\",\"breadcrumb\":{\"@id\":\"https:\\\/\\\/calerodiving.com\\\/specialties-package\\\/#breadcrumb\"},\"inLanguage\":\"de\",\"potentialAction\":[{\"@type\":\"ReadAction\",\"target\":[\"https:\\\/\\\/calerodiving.com\\\/specialties-package\\\/\"]}]},{\"@type\":\"ImageObject\",\"inLanguage\":\"de\",\"@id\":\"https:\\\/\\\/calerodiving.com\\\/specialties-package\\\/#primaryimage\",\"url\":\"https:\\\/\\\/calerodiving.com\\\/wp-content\\\/uploads\\\/2025\\\/07\\\/image-1030x687.webp\",\"contentUrl\":\"https:\\\/\\\/calerodiving.com\\\/wp-content\\\/uploads\\\/2025\\\/07\\\/image-1030x687.webp\"},{\"@type\":\"BreadcrumbList\",\"@id\":\"https:\\\/\\\/calerodiving.com\\\/specialties-package\\\/#breadcrumb\",\"itemListElement\":[{\"@type\":\"ListItem\",\"position\":1,\"name\":\"Home\",\"item\":\"https:\\\/\\\/calerodiving.com\\\/es\\\/\"},{\"@type\":\"ListItem\",\"position\":2,\"name\":\"Spezialit\u00e4tenpaket\"}]},{\"@type\":\"WebSite\",\"@id\":\"https:\\\/\\\/calerodiving.com\\\/#website\",\"url\":\"https:\\\/\\\/calerodiving.com\\\/\",\"name\":\"Calero Diving Lanzarote\",\"description\":\"Dive Center - Marina Puerto Calero Lanzarote\",\"publisher\":{\"@id\":\"https:\\\/\\\/calerodiving.com\\\/#organization\"},\"alternateName\":\"Calero Diving\",\"potentialAction\":[{\"@type\":\"SearchAction\",\"target\":{\"@type\":\"EntryPoint\",\"urlTemplate\":\"https:\\\/\\\/calerodiving.com\\\/?s={search_term_string}\"},\"query-input\":{\"@type\":\"PropertyValueSpecification\",\"valueRequired\":true,\"valueName\":\"search_term_string\"}}],\"inLanguage\":\"de\"},{\"@type\":\"Organization\",\"@id\":\"https:\\\/\\\/calerodiving.com\\\/#organization\",\"name\":\"Calero Diving Lanzarote\",\"alternateName\":\"Calero Diving\",\"url\":\"https:\\\/\\\/calerodiving.com\\\/\",\"logo\":{\"@type\":\"ImageObject\",\"inLanguage\":\"de\",\"@id\":\"https:\\\/\\\/calerodiving.com\\\/#\\\/schema\\\/logo\\\/image\\\/\",\"url\":\"https:\\\/\\\/calerodiving.com\\\/wp-content\\\/uploads\\\/2025\\\/05\\\/Grupo.png\",\"contentUrl\":\"https:\\\/\\\/calerodiving.com\\\/wp-content\\\/uploads\\\/2025\\\/05\\\/Grupo.png\",\"width\":499,\"height\":590,\"caption\":\"Calero Diving Lanzarote\"},\"image\":{\"@id\":\"https:\\\/\\\/calerodiving.com\\\/#\\\/schema\\\/logo\\\/image\\\/\"},\"sameAs\":[\"https:\\\/\\\/www.facebook.com\\\/calerodiving\\\/\",\"https:\\\/\\\/www.instagram.com\\\/calerodiving\\\/\"]}]}<\/script>\n<!-- \/ Yoast SEO plugin. -->","yoast_head_json":{"title":"Spezialit\u00e4tenpaket | Calero Diving Lanzarote","robots":{"index":"index","follow":"follow","max-snippet":"max-snippet:-1","max-image-preview":"max-image-preview:large","max-video-preview":"max-video-preview:-1"},"canonical":"https:\/\/calerodiving.com\/specialties-package\/","og_locale":"de_DE","og_type":"article","og_title":"Spezialit\u00e4tenpaket | Calero Diving Lanzarote","og_description":"Spezialit\u00e4ten 2er Set Spezialit\u00e4ten Allgemeine Beschreibung: Kurs\u00fcbersicht: Dieses Paket ist ideal f\u00fcr zertifizierte Taucher, die ihre Ausbildung auf eine clevere und flexible Weise fortsetzen m\u00f6chten. Anstatt nur eine einzelne Specialty zu buchen, kannst du 2 SSI Specialties in einem Paket zu einem besseren Preis kombinieren. Es ist die ideale Wahl, wenn du deine F\u00e4higkeiten verbessern, [&hellip;]","og_url":"https:\/\/calerodiving.com\/specialties-package\/","og_site_name":"Calero Diving Lanzarote","article_publisher":"https:\/\/www.facebook.com\/calerodiving\/","article_modified_time":"2026-04-20T11:38:09+00:00","og_image":[{"width":1299,"height":866,"url":"https:\/\/calerodiving.com\/wp-content\/uploads\/2025\/07\/image.webp","type":"image\/webp"}],"twitter_card":"summary_large_image","twitter_misc":{"Gesch\u00e4tzte Lesezeit":"2\u00a0Minuten"},"schema":{"@context":"https:\/\/schema.org","@graph":[{"@type":"WebPage","@id":"https:\/\/calerodiving.com\/specialties-package\/","url":"https:\/\/calerodiving.com\/specialties-package\/","name":"Spezialit\u00e4tenpaket | Calero Diving Lanzarote","isPartOf":{"@id":"https:\/\/calerodiving.com\/#website"},"primaryImageOfPage":{"@id":"https:\/\/calerodiving.com\/specialties-package\/#primaryimage"},"image":{"@id":"https:\/\/calerodiving.com\/specialties-package\/#primaryimage"},"thumbnailUrl":"https:\/\/calerodiving.com\/wp-content\/uploads\/2025\/07\/image-1030x687.webp","datePublished":"2025-09-01T12:29:39+00:00","dateModified":"2026-04-20T11:38:09+00:00","breadcrumb":{"@id":"https:\/\/calerodiving.com\/specialties-package\/#breadcrumb"},"inLanguage":"de","potentialAction":[{"@type":"ReadAction","target":["https:\/\/calerodiving.com\/specialties-package\/"]}]},{"@type":"ImageObject","inLanguage":"de","@id":"https:\/\/calerodiving.com\/specialties-package\/#primaryimage","url":"https:\/\/calerodiving.com\/wp-content\/uploads\/2025\/07\/image-1030x687.webp","contentUrl":"https:\/\/calerodiving.com\/wp-content\/uploads\/2025\/07\/image-1030x687.webp"},{"@type":"BreadcrumbList","@id":"https:\/\/calerodiving.com\/specialties-package\/#breadcrumb","itemListElement":[{"@type":"ListItem","position":1,"name":"Home","item":"https:\/\/calerodiving.com\/es\/"},{"@type":"ListItem","position":2,"name":"Spezialit\u00e4tenpaket"}]},{"@type":"WebSite","@id":"https:\/\/calerodiving.com\/#website","url":"https:\/\/calerodiving.com\/","name":"Calero Diving Lanzarote","description":"Dive Center - Marina Puerto Calero Lanzarote","publisher":{"@id":"https:\/\/calerodiving.com\/#organization"},"alternateName":"Calero Diving","potentialAction":[{"@type":"SearchAction","target":{"@type":"EntryPoint","urlTemplate":"https:\/\/calerodiving.com\/?s={search_term_string}"},"query-input":{"@type":"PropertyValueSpecification","valueRequired":true,"valueName":"search_term_string"}}],"inLanguage":"de"},{"@type":"Organization","@id":"https:\/\/calerodiving.com\/#organization","name":"Calero Diving Lanzarote","alternateName":"Calero Diving","url":"https:\/\/calerodiving.com\/","logo":{"@type":"ImageObject","inLanguage":"de","@id":"https:\/\/calerodiving.com\/#\/schema\/logo\/image\/","url":"https:\/\/calerodiving.com\/wp-content\/uploads\/2025\/05\/Grupo.png","contentUrl":"https:\/\/calerodiving.com\/wp-content\/uploads\/2025\/05\/Grupo.png","width":499,"height":590,"caption":"Calero Diving Lanzarote"},"image":{"@id":"https:\/\/calerodiving.com\/#\/schema\/logo\/image\/"},"sameAs":["https:\/\/www.facebook.com\/calerodiving\/","https:\/\/www.instagram.com\/calerodiving\/"]}]}},"_links":{"self":[{"href":"https:\/\/calerodiving.com\/de\/wp-json\/wp\/v2\/pages\/24999","targetHints":{"allow":["GET"]}}],"collection":[{"href":"https:\/\/calerodiving.com\/de\/wp-json\/wp\/v2\/pages"}],"about":[{"href":"https:\/\/calerodiving.com\/de\/wp-json\/wp\/v2\/types\/page"}],"author":[{"embeddable":true,"href":"https:\/\/calerodiving.com\/de\/wp-json\/wp\/v2\/users\/10"}],"replies":[{"embeddable":true,"href":"https:\/\/calerodiving.com\/de\/wp-json\/wp\/v2\/comments?post=24999"}],"version-history":[{"count":16,"href":"https:\/\/calerodiving.com\/de\/wp-json\/wp\/v2\/pages\/24999\/revisions"}],"predecessor-version":[{"id":28254,"href":"https:\/\/calerodiving.com\/de\/wp-json\/wp\/v2\/pages\/24999\/revisions\/28254"}],"wp:attachment":[{"href":"https:\/\/calerodiving.com\/de\/wp-json\/wp\/v2\/media?parent=24999"}],"curies":[{"name":"wp","href":"https:\/\/api.w.org\/{rel}","templated":true}]}}