{"id":24988,"date":"2025-09-01T13:29:35","date_gmt":"2025-09-01T12:29:35","guid":{"rendered":"https:\/\/calerodiving.com\/cuesta-del-faro\/"},"modified":"2026-04-20T14:06:52","modified_gmt":"2026-04-20T13:06:52","slug":"cuesta-del-faro","status":"publish","type":"page","link":"https:\/\/calerodiving.com\/de\/cuesta-del-faro\/","title":{"rendered":"Cuesta del Faro"},"content":{"rendered":"\t\t<div data-elementor-type=\"wp-page\" data-elementor-id=\"24988\" class=\"elementor elementor-24988 elementor-19791\" data-elementor-post-type=\"page\">\n\t\t\t\t<div class=\"elementor-element elementor-element-1151fa5 e-flex e-con-boxed e-con e-parent\" data-id=\"1151fa5\" data-element_type=\"container\" data-e-type=\"container\">\n\t\t\t\t\t<div class=\"e-con-inner\">\n\t\t<div class=\"elementor-element elementor-element-e955491 e-con-full e-flex e-con e-child\" data-id=\"e955491\" data-element_type=\"container\" data-e-type=\"container\">\n\t\t<div class=\"elementor-element elementor-element-428528b e-con-full e-flex e-con e-child\" data-id=\"428528b\" data-element_type=\"container\" data-e-type=\"container\">\n\t\t\t\t<div class=\"elementor-element elementor-element-4d08302 elementor-widget elementor-widget-heading\" data-id=\"4d08302\" data-element_type=\"widget\" data-e-type=\"widget\" data-widget_type=\"heading.default\">\n\t\t\t\t<div class=\"elementor-widget-container\">\n\t\t\t\t\t<h2 class=\"elementor-heading-title elementor-size-default\">Cuesta del Faro<\/h2>\t\t\t\t<\/div>\n\t\t\t\t<\/div>\n\t\t\t\t<\/div>\n\t\t\t\t<\/div>\n\t\t\t\t\t<\/div>\n\t\t\t\t<\/div>\n\t\t<div class=\"elementor-element elementor-element-58d2649 e-flex e-con-boxed e-con e-parent\" data-id=\"58d2649\" data-element_type=\"container\" data-e-type=\"container\">\n\t\t\t\t\t<div class=\"e-con-inner\">\n\t\t<div class=\"elementor-element elementor-element-c54d538 e-con-full e-flex e-con e-child\" data-id=\"c54d538\" data-element_type=\"container\" data-e-type=\"container\">\n\t\t<div class=\"elementor-element elementor-element-3b7fc14 e-con-full e-flex e-con e-child\" data-id=\"3b7fc14\" data-element_type=\"container\" data-e-type=\"container\">\n\t\t\t\t<div class=\"elementor-element elementor-element-f309fee elementor-widget elementor-widget-image\" data-id=\"f309fee\" data-element_type=\"widget\" data-e-type=\"widget\" data-widget_type=\"image.default\">\n\t\t\t\t<div class=\"elementor-widget-container\">\n\t\t\t\t\t\t\t\t\t\t\t\t\t\t\t<img fetchpriority=\"high\" decoding=\"async\" width=\"800\" height=\"1200\" src=\"https:\/\/calerodiving.com\/wp-content\/uploads\/2017\/10\/cuestadelfaro.jpg\" class=\"attachment-full size-full wp-image-4591\" alt=\"\" srcset=\"https:\/\/calerodiving.com\/wp-content\/uploads\/2017\/10\/cuestadelfaro.jpg 800w, https:\/\/calerodiving.com\/wp-content\/uploads\/2017\/10\/cuestadelfaro-200x300.jpg 200w, https:\/\/calerodiving.com\/wp-content\/uploads\/2017\/10\/cuestadelfaro-768x1152.jpg 768w, https:\/\/calerodiving.com\/wp-content\/uploads\/2017\/10\/cuestadelfaro-687x1030.jpg 687w, https:\/\/calerodiving.com\/wp-content\/uploads\/2017\/10\/cuestadelfaro-470x705.jpg 470w, https:\/\/calerodiving.com\/wp-content\/uploads\/2017\/10\/cuestadelfaro-450x675.jpg 450w\" sizes=\"(max-width: 800px) 100vw, 800px\" \/>\t\t\t\t\t\t\t\t\t\t\t\t\t\t\t<\/div>\n\t\t\t\t<\/div>\n\t\t\t\t<div class=\"elementor-element elementor-element-c993aa6 elementor-widget elementor-widget-text-editor\" data-id=\"c993aa6\" data-element_type=\"widget\" data-e-type=\"widget\" data-widget_type=\"text-editor.default\">\n\t\t\t\t<div class=\"elementor-widget-container\">\n\t\t\t\t\t\t\t\t\t<p data-start=\"2066\" data-end=\"2197\">Cuesta del Faro bedeutet w\u00f6rtlich \u201eder Hang des Leuchtturms\u201c \u2013 ein Name, der die Form dieses Tauchplatzes sehr treffend beschreibt.<\/p><p data-start=\"2199\" data-end=\"2313\">Der Leuchtturm von Playa Blanca steht an der Westspitze der Insel auf einer kleinen Halbinsel mit Blick aufs Meer.<\/p><p data-start=\"2315\" data-end=\"2440\">Von dort f\u00e4llt das vulkanische Gel\u00e4nde allm\u00e4hlich ins Wasser ab und pr\u00e4gt die Struktur des Tauchplatzes unter der Oberfl\u00e4che.<\/p><p data-start=\"2442\" data-end=\"2506\">Der \u00fcbliche Einstiegspunkt liegt in etwa 10 bis 12 Metern Tiefe.<\/p><p data-start=\"2508\" data-end=\"2605\">Von hier aus kann der Tauchgang bis auf etwa 30 Meter hinabf\u00fchren \u2013 bis an den Rand der Riffwand.<\/p><p data-start=\"2607\" data-end=\"2731\">Unterwegs fallen dir wahrscheinlich die kleinen vulkanischen Lavaformationen auf, die \u00fcber den Meeresboden verstreut liegen.<\/p><p data-start=\"2733\" data-end=\"2885\">Halte au\u00dferdem Ausschau nach den gro\u00dfen Mur\u00e4nen, die hier leben, sowie nach den T\u00e4lern und Vertiefungen, die diese felsige Unterwasserlandschaft pr\u00e4gen.<\/p><p data-start=\"2887\" data-end=\"3022\">Zus\u00e4tzlich befindet sich an diesem Tauchplatz auch ein kleines verlassenes Fischerwrack, das einen weiteren interessanten Punkt bietet.<\/p>\t\t\t\t\t\t\t\t<\/div>\n\t\t\t\t<\/div>\n\t\t\t\t<\/div>\n\t\t\t\t<\/div>\n\t\t<div class=\"elementor-element elementor-element-778a480 e-con-full e-flex e-con e-child\" data-id=\"778a480\" data-element_type=\"container\" data-e-type=\"container\">\n\t\t<div class=\"elementor-element elementor-element-018d10d e-con-full course-sidebar-box e-flex e-con e-child\" data-id=\"018d10d\" data-element_type=\"container\" data-e-type=\"container\" data-settings=\"{&quot;sticky&quot;:&quot;top&quot;,&quot;sticky_offset&quot;:110,&quot;sticky_effects_offset&quot;:130,&quot;sticky_parent&quot;:&quot;yes&quot;,&quot;sticky_on&quot;:[&quot;desktop&quot;,&quot;tablet&quot;,&quot;mobile&quot;],&quot;sticky_anchor_link_offset&quot;:0}\">\n\t\t\t\t<div class=\"elementor-element elementor-element-6b46923 elementor-widget elementor-widget-text-editor\" data-id=\"6b46923\" data-element_type=\"widget\" data-e-type=\"widget\" data-widget_type=\"text-editor.default\">\n\t\t\t\t<div class=\"elementor-widget-container\">\n\t\t\t\t\t\t\t\t\t<div class=\"courses-info\">\n<p style=\"margin: 0 0 10px;\"><span style=\"color: #ffffff;\"><strong>Art des Tauchgangs:<\/strong> Lavariff<\/span><\/p>\n<p style=\"margin: 0 0 10px;\"><span style=\"color: #ffffff;\"><strong>Maximale Tiefe:<\/strong> ca. 30 Meter<\/span><\/p>\n<p style=\"margin: 0 0 10px;\"><span style=\"color: #ffffff;\"><strong>Geeignet f\u00fcr:<\/strong> alle Erfahrungsstufen \u2013 abh\u00e4ngig vom Tauchprofil<\/span><\/p>\n<p style=\"margin: 0;\"><span style=\"color: #ffffff;\"><strong>Zu sehen:<\/strong> Lavaformationen, Riffwand, Mur\u00e4nen, felsige T\u00e4ler und ein kleines Wrack<\/span><\/p>\n<\/div>\t\t\t\t\t\t\t\t<\/div>\n\t\t\t\t<\/div>\n\t\t\t\t<div class=\"elementor-element elementor-element-d39e8ac elementor-widget elementor-widget-ucaddon_underline_link_hover_effect\" data-id=\"d39e8ac\" data-element_type=\"widget\" data-e-type=\"widget\" data-widget_type=\"ucaddon_underline_link_hover_effect.default\">\n\t\t\t\t<div class=\"elementor-widget-container\">\n\t\t\t\t\t\n<!-- start Underline Link Hover Effect -->\n\t\t<link id='font-awesome-css' href='https:\/\/calerodiving.com\/wp-content\/plugins\/unlimited-elements-for-elementor-premium\/assets_libraries\/font-awesome6\/fontawesome-all.min.css' type='text\/css' rel='stylesheet' >\n\t\t<link id='font-awesome-4-shim-css' href='https:\/\/calerodiving.com\/wp-content\/plugins\/unlimited-elements-for-elementor-premium\/assets_libraries\/font-awesome6\/fontawesome-v4-shims.min.css' type='text\/css' rel='stylesheet' >\n\n<style>\/* widget: Underline Link Hover Effect *\/\n\n#uc_underline_link_hover_effect_elementor_d39e8ac{\n  display:flex;\n} \n\n#uc_underline_link_hover_effect_elementor_d39e8ac a.ue-link{\n  display:flex;\n  position:relative;\n  align-items:center;\n  justify-content:center;\n  text-decoration:none;\n}\n\n#uc_underline_link_hover_effect_elementor_d39e8ac a.ue-link:after{\n  content: \"\";\n    width:100%;\n    position:absolute;\n  bottom:0px;\n    left:0px;\n    display: block;\n  transition:1s;\n}\n\n#uc_underline_link_hover_effect_elementor_d39e8ac a:hover:after{\n    width:0%;\n  }\n\n#uc_underline_link_hover_effect_elementor_d39e8ac .ue-link-hover-effect-spacing{\n  transition:1s;\n}\n\n#uc_underline_link_hover_effect_elementor_d39e8ac .ue-link-hover-effect-text{\n  padding:10px 0px;\n}\n\n#uc_underline_link_hover_effect_elementor_d39e8ac .ue-link-hover-effect-icon{\n  line-height:1em;\n  transition:1s;\n}\n\n#uc_underline_link_hover_effect_elementor_d39e8ac .ue-link-hover-effect-icon svg{\n  height:1em;\n  width:1em;\n}\n\n<\/style>\n\n<div id=\"uc_underline_link_hover_effect_elementor_d39e8ac\" class=\"ue-link-wrap\">\n  <a class=\"ue-link\" href=\"\" >\n    <div class=\"ue-link-hover-effect-text\">Kontaktieren Sie uns<\/div>\n    <div class=\"ue-link-hover-effect-spacing\"><\/div>\n    <div class=\"ue-link-hover-effect-icon\"><i class='fas fa-arrow-right'><\/i><\/div>\n  <\/a>\n<\/div>\n<!-- end Underline Link Hover Effect -->\t\t\t\t<\/div>\n\t\t\t\t<\/div>\n\t\t\t\t<\/div>\n\t\t\t\t<\/div>\n\t\t\t\t\t<\/div>\n\t\t\t\t<\/div>\n\t\t\t\t<\/div>\n\t\t","protected":false},"excerpt":{"rendered":"<p>Cuesta del Faro Cuesta del Faro bedeutet w\u00f6rtlich \u201eder Hang des Leuchtturms\u201c \u2013 ein Name, der die Form dieses Tauchplatzes sehr treffend beschreibt. Der Leuchtturm von Playa Blanca steht an der Westspitze der Insel auf einer kleinen Halbinsel mit Blick aufs Meer. Von dort f\u00e4llt das vulkanische Gel\u00e4nde allm\u00e4hlich ins Wasser ab und pr\u00e4gt die [&hellip;]<\/p>\n","protected":false},"author":10,"featured_media":0,"parent":0,"menu_order":0,"comment_status":"closed","ping_status":"closed","template":"","meta":{"_acf_changed":false,"footnotes":""},"class_list":["post-24988","page","type-page","status-publish","hentry"],"acf":[],"yoast_head":"<!-- This site is optimized with the Yoast SEO plugin v27.5 - https:\/\/yoast.com\/product\/yoast-seo-wordpress\/ -->\n<title>Cuesta del Faro | Calero Diving Lanzarote<\/title>\n<meta name=\"robots\" content=\"index, follow, max-snippet:-1, max-image-preview:large, max-video-preview:-1\" \/>\n<link rel=\"canonical\" href=\"https:\/\/calerodiving.com\/cuesta-del-faro\/\" \/>\n<meta property=\"og:locale\" content=\"de_DE\" \/>\n<meta property=\"og:type\" content=\"article\" \/>\n<meta property=\"og:title\" content=\"Cuesta del Faro | Calero Diving Lanzarote\" \/>\n<meta property=\"og:description\" content=\"Cuesta del Faro Cuesta del Faro bedeutet w\u00f6rtlich \u201eder Hang des Leuchtturms\u201c \u2013 ein Name, der die Form dieses Tauchplatzes sehr treffend beschreibt. Der Leuchtturm von Playa Blanca steht an der Westspitze der Insel auf einer kleinen Halbinsel mit Blick aufs Meer. Von dort f\u00e4llt das vulkanische Gel\u00e4nde allm\u00e4hlich ins Wasser ab und pr\u00e4gt die [&hellip;]\" \/>\n<meta property=\"og:url\" content=\"https:\/\/calerodiving.com\/cuesta-del-faro\/\" \/>\n<meta property=\"og:site_name\" content=\"Calero Diving Lanzarote\" \/>\n<meta property=\"article:publisher\" content=\"https:\/\/www.facebook.com\/calerodiving\/\" \/>\n<meta property=\"article:modified_time\" content=\"2026-04-20T13:06:52+00:00\" \/>\n<meta property=\"og:image\" content=\"https:\/\/calerodiving.com\/wp-content\/uploads\/2017\/10\/cuestadelfaro.jpg\" \/>\n\t<meta property=\"og:image:width\" content=\"800\" \/>\n\t<meta property=\"og:image:height\" content=\"1200\" \/>\n\t<meta property=\"og:image:type\" content=\"image\/jpeg\" \/>\n<meta name=\"twitter:card\" content=\"summary_large_image\" \/>\n<meta name=\"twitter:label1\" content=\"Gesch\u00e4tzte Lesezeit\" \/>\n\t<meta name=\"twitter:data1\" content=\"2\u00a0Minuten\" \/>\n<script type=\"application\/ld+json\" class=\"yoast-schema-graph\">{\"@context\":\"https:\\\/\\\/schema.org\",\"@graph\":[{\"@type\":\"WebPage\",\"@id\":\"https:\\\/\\\/calerodiving.com\\\/cuesta-del-faro\\\/\",\"url\":\"https:\\\/\\\/calerodiving.com\\\/cuesta-del-faro\\\/\",\"name\":\"Cuesta del Faro | Calero Diving Lanzarote\",\"isPartOf\":{\"@id\":\"https:\\\/\\\/calerodiving.com\\\/#website\"},\"primaryImageOfPage\":{\"@id\":\"https:\\\/\\\/calerodiving.com\\\/cuesta-del-faro\\\/#primaryimage\"},\"image\":{\"@id\":\"https:\\\/\\\/calerodiving.com\\\/cuesta-del-faro\\\/#primaryimage\"},\"thumbnailUrl\":\"https:\\\/\\\/calerodiving.com\\\/wp-content\\\/uploads\\\/2017\\\/10\\\/cuestadelfaro.jpg\",\"datePublished\":\"2025-09-01T12:29:35+00:00\",\"dateModified\":\"2026-04-20T13:06:52+00:00\",\"breadcrumb\":{\"@id\":\"https:\\\/\\\/calerodiving.com\\\/cuesta-del-faro\\\/#breadcrumb\"},\"inLanguage\":\"de\",\"potentialAction\":[{\"@type\":\"ReadAction\",\"target\":[\"https:\\\/\\\/calerodiving.com\\\/cuesta-del-faro\\\/\"]}]},{\"@type\":\"ImageObject\",\"inLanguage\":\"de\",\"@id\":\"https:\\\/\\\/calerodiving.com\\\/cuesta-del-faro\\\/#primaryimage\",\"url\":\"https:\\\/\\\/calerodiving.com\\\/wp-content\\\/uploads\\\/2017\\\/10\\\/cuestadelfaro.jpg\",\"contentUrl\":\"https:\\\/\\\/calerodiving.com\\\/wp-content\\\/uploads\\\/2017\\\/10\\\/cuestadelfaro.jpg\"},{\"@type\":\"BreadcrumbList\",\"@id\":\"https:\\\/\\\/calerodiving.com\\\/cuesta-del-faro\\\/#breadcrumb\",\"itemListElement\":[{\"@type\":\"ListItem\",\"position\":1,\"name\":\"Home\",\"item\":\"https:\\\/\\\/calerodiving.com\\\/es\\\/\"},{\"@type\":\"ListItem\",\"position\":2,\"name\":\"Cuesta del Faro\"}]},{\"@type\":\"WebSite\",\"@id\":\"https:\\\/\\\/calerodiving.com\\\/#website\",\"url\":\"https:\\\/\\\/calerodiving.com\\\/\",\"name\":\"Calero Diving Lanzarote\",\"description\":\"Dive Center - Marina Puerto Calero Lanzarote\",\"publisher\":{\"@id\":\"https:\\\/\\\/calerodiving.com\\\/#organization\"},\"alternateName\":\"Calero Diving\",\"potentialAction\":[{\"@type\":\"SearchAction\",\"target\":{\"@type\":\"EntryPoint\",\"urlTemplate\":\"https:\\\/\\\/calerodiving.com\\\/?s={search_term_string}\"},\"query-input\":{\"@type\":\"PropertyValueSpecification\",\"valueRequired\":true,\"valueName\":\"search_term_string\"}}],\"inLanguage\":\"de\"},{\"@type\":\"Organization\",\"@id\":\"https:\\\/\\\/calerodiving.com\\\/#organization\",\"name\":\"Calero Diving Lanzarote\",\"alternateName\":\"Calero Diving\",\"url\":\"https:\\\/\\\/calerodiving.com\\\/\",\"logo\":{\"@type\":\"ImageObject\",\"inLanguage\":\"de\",\"@id\":\"https:\\\/\\\/calerodiving.com\\\/#\\\/schema\\\/logo\\\/image\\\/\",\"url\":\"https:\\\/\\\/calerodiving.com\\\/wp-content\\\/uploads\\\/2025\\\/05\\\/Grupo.png\",\"contentUrl\":\"https:\\\/\\\/calerodiving.com\\\/wp-content\\\/uploads\\\/2025\\\/05\\\/Grupo.png\",\"width\":499,\"height\":590,\"caption\":\"Calero Diving Lanzarote\"},\"image\":{\"@id\":\"https:\\\/\\\/calerodiving.com\\\/#\\\/schema\\\/logo\\\/image\\\/\"},\"sameAs\":[\"https:\\\/\\\/www.facebook.com\\\/calerodiving\\\/\",\"https:\\\/\\\/www.instagram.com\\\/calerodiving\\\/\"]}]}<\/script>\n<!-- \/ Yoast SEO plugin. -->","yoast_head_json":{"title":"Cuesta del Faro | Calero Diving Lanzarote","robots":{"index":"index","follow":"follow","max-snippet":"max-snippet:-1","max-image-preview":"max-image-preview:large","max-video-preview":"max-video-preview:-1"},"canonical":"https:\/\/calerodiving.com\/cuesta-del-faro\/","og_locale":"de_DE","og_type":"article","og_title":"Cuesta del Faro | Calero Diving Lanzarote","og_description":"Cuesta del Faro Cuesta del Faro bedeutet w\u00f6rtlich \u201eder Hang des Leuchtturms\u201c \u2013 ein Name, der die Form dieses Tauchplatzes sehr treffend beschreibt. Der Leuchtturm von Playa Blanca steht an der Westspitze der Insel auf einer kleinen Halbinsel mit Blick aufs Meer. Von dort f\u00e4llt das vulkanische Gel\u00e4nde allm\u00e4hlich ins Wasser ab und pr\u00e4gt die [&hellip;]","og_url":"https:\/\/calerodiving.com\/cuesta-del-faro\/","og_site_name":"Calero Diving Lanzarote","article_publisher":"https:\/\/www.facebook.com\/calerodiving\/","article_modified_time":"2026-04-20T13:06:52+00:00","og_image":[{"width":800,"height":1200,"url":"https:\/\/calerodiving.com\/wp-content\/uploads\/2017\/10\/cuestadelfaro.jpg","type":"image\/jpeg"}],"twitter_card":"summary_large_image","twitter_misc":{"Gesch\u00e4tzte Lesezeit":"2\u00a0Minuten"},"schema":{"@context":"https:\/\/schema.org","@graph":[{"@type":"WebPage","@id":"https:\/\/calerodiving.com\/cuesta-del-faro\/","url":"https:\/\/calerodiving.com\/cuesta-del-faro\/","name":"Cuesta del Faro | Calero Diving Lanzarote","isPartOf":{"@id":"https:\/\/calerodiving.com\/#website"},"primaryImageOfPage":{"@id":"https:\/\/calerodiving.com\/cuesta-del-faro\/#primaryimage"},"image":{"@id":"https:\/\/calerodiving.com\/cuesta-del-faro\/#primaryimage"},"thumbnailUrl":"https:\/\/calerodiving.com\/wp-content\/uploads\/2017\/10\/cuestadelfaro.jpg","datePublished":"2025-09-01T12:29:35+00:00","dateModified":"2026-04-20T13:06:52+00:00","breadcrumb":{"@id":"https:\/\/calerodiving.com\/cuesta-del-faro\/#breadcrumb"},"inLanguage":"de","potentialAction":[{"@type":"ReadAction","target":["https:\/\/calerodiving.com\/cuesta-del-faro\/"]}]},{"@type":"ImageObject","inLanguage":"de","@id":"https:\/\/calerodiving.com\/cuesta-del-faro\/#primaryimage","url":"https:\/\/calerodiving.com\/wp-content\/uploads\/2017\/10\/cuestadelfaro.jpg","contentUrl":"https:\/\/calerodiving.com\/wp-content\/uploads\/2017\/10\/cuestadelfaro.jpg"},{"@type":"BreadcrumbList","@id":"https:\/\/calerodiving.com\/cuesta-del-faro\/#breadcrumb","itemListElement":[{"@type":"ListItem","position":1,"name":"Home","item":"https:\/\/calerodiving.com\/es\/"},{"@type":"ListItem","position":2,"name":"Cuesta del Faro"}]},{"@type":"WebSite","@id":"https:\/\/calerodiving.com\/#website","url":"https:\/\/calerodiving.com\/","name":"Calero Diving Lanzarote","description":"Dive Center - Marina Puerto Calero Lanzarote","publisher":{"@id":"https:\/\/calerodiving.com\/#organization"},"alternateName":"Calero Diving","potentialAction":[{"@type":"SearchAction","target":{"@type":"EntryPoint","urlTemplate":"https:\/\/calerodiving.com\/?s={search_term_string}"},"query-input":{"@type":"PropertyValueSpecification","valueRequired":true,"valueName":"search_term_string"}}],"inLanguage":"de"},{"@type":"Organization","@id":"https:\/\/calerodiving.com\/#organization","name":"Calero Diving Lanzarote","alternateName":"Calero Diving","url":"https:\/\/calerodiving.com\/","logo":{"@type":"ImageObject","inLanguage":"de","@id":"https:\/\/calerodiving.com\/#\/schema\/logo\/image\/","url":"https:\/\/calerodiving.com\/wp-content\/uploads\/2025\/05\/Grupo.png","contentUrl":"https:\/\/calerodiving.com\/wp-content\/uploads\/2025\/05\/Grupo.png","width":499,"height":590,"caption":"Calero Diving Lanzarote"},"image":{"@id":"https:\/\/calerodiving.com\/#\/schema\/logo\/image\/"},"sameAs":["https:\/\/www.facebook.com\/calerodiving\/","https:\/\/www.instagram.com\/calerodiving\/"]}]}},"_links":{"self":[{"href":"https:\/\/calerodiving.com\/de\/wp-json\/wp\/v2\/pages\/24988","targetHints":{"allow":["GET"]}}],"collection":[{"href":"https:\/\/calerodiving.com\/de\/wp-json\/wp\/v2\/pages"}],"about":[{"href":"https:\/\/calerodiving.com\/de\/wp-json\/wp\/v2\/types\/page"}],"author":[{"embeddable":true,"href":"https:\/\/calerodiving.com\/de\/wp-json\/wp\/v2\/users\/10"}],"replies":[{"embeddable":true,"href":"https:\/\/calerodiving.com\/de\/wp-json\/wp\/v2\/comments?post=24988"}],"version-history":[{"count":7,"href":"https:\/\/calerodiving.com\/de\/wp-json\/wp\/v2\/pages\/24988\/revisions"}],"predecessor-version":[{"id":28432,"href":"https:\/\/calerodiving.com\/de\/wp-json\/wp\/v2\/pages\/24988\/revisions\/28432"}],"wp:attachment":[{"href":"https:\/\/calerodiving.com\/de\/wp-json\/wp\/v2\/media?parent=24988"}],"curies":[{"name":"wp","href":"https:\/\/api.w.org\/{rel}","templated":true}]}}