{"id":24979,"date":"2025-09-01T13:29:32","date_gmt":"2025-09-01T12:29:32","guid":{"rendered":"https:\/\/calerodiving.com\/haifischpunkt\/"},"modified":"2026-04-20T14:30:44","modified_gmt":"2026-04-20T13:30:44","slug":"haifischpunkt","status":"publish","type":"page","link":"https:\/\/calerodiving.com\/de\/haifischpunkt\/","title":{"rendered":"Haifischpunkt"},"content":{"rendered":"\t\t<div data-elementor-type=\"wp-page\" data-elementor-id=\"24979\" class=\"elementor elementor-24979 elementor-19822\" data-elementor-post-type=\"page\">\n\t\t\t\t<div class=\"elementor-element elementor-element-8ad1d6a e-flex e-con-boxed e-con e-parent\" data-id=\"8ad1d6a\" data-element_type=\"container\" data-e-type=\"container\">\n\t\t\t\t\t<div class=\"e-con-inner\">\n\t\t<div class=\"elementor-element elementor-element-3b11a77 e-con-full e-flex e-con e-child\" data-id=\"3b11a77\" data-element_type=\"container\" data-e-type=\"container\">\n\t\t<div class=\"elementor-element elementor-element-5fe401d e-con-full e-flex e-con e-child\" data-id=\"5fe401d\" data-element_type=\"container\" data-e-type=\"container\">\n\t\t\t\t<div class=\"elementor-element elementor-element-a4f1b38 elementor-widget elementor-widget-heading\" data-id=\"a4f1b38\" data-element_type=\"widget\" data-e-type=\"widget\" data-widget_type=\"heading.default\">\n\t\t\t\t<div class=\"elementor-widget-container\">\n\t\t\t\t\t<h2 class=\"elementor-heading-title elementor-size-default\">Shark Point<\/h2>\t\t\t\t<\/div>\n\t\t\t\t<\/div>\n\t\t\t\t<\/div>\n\t\t\t\t<\/div>\n\t\t\t\t\t<\/div>\n\t\t\t\t<\/div>\n\t\t<div class=\"elementor-element elementor-element-df9880c e-flex e-con-boxed e-con e-parent\" data-id=\"df9880c\" data-element_type=\"container\" data-e-type=\"container\">\n\t\t\t\t\t<div class=\"e-con-inner\">\n\t\t<div class=\"elementor-element elementor-element-d8f86c3 e-con-full e-flex e-con e-child\" data-id=\"d8f86c3\" data-element_type=\"container\" data-e-type=\"container\">\n\t\t<div class=\"elementor-element elementor-element-a96fdf5 e-con-full e-flex e-con e-child\" data-id=\"a96fdf5\" data-element_type=\"container\" data-e-type=\"container\">\n\t\t\t\t<div class=\"elementor-element elementor-element-5e2aa65 elementor-widget elementor-widget-image\" data-id=\"5e2aa65\" data-element_type=\"widget\" data-e-type=\"widget\" data-widget_type=\"image.default\">\n\t\t\t\t<div class=\"elementor-widget-container\">\n\t\t\t\t\t\t\t\t\t\t\t\t\t\t\t<img fetchpriority=\"high\" decoding=\"async\" width=\"800\" height=\"564\" src=\"https:\/\/calerodiving.com\/wp-content\/uploads\/2025\/07\/shark-point-1030x726.jpeg\" class=\"attachment-large size-large wp-image-21987\" alt=\"\" srcset=\"https:\/\/calerodiving.com\/wp-content\/uploads\/2025\/07\/shark-point-1030x726.jpeg 1030w, https:\/\/calerodiving.com\/wp-content\/uploads\/2025\/07\/shark-point-300x211.jpeg 300w, https:\/\/calerodiving.com\/wp-content\/uploads\/2025\/07\/shark-point-768x541.jpeg 768w, https:\/\/calerodiving.com\/wp-content\/uploads\/2025\/07\/shark-point-1536x1082.jpeg 1536w, https:\/\/calerodiving.com\/wp-content\/uploads\/2025\/07\/shark-point.jpeg 2048w\" sizes=\"(max-width: 800px) 100vw, 800px\" \/>\t\t\t\t\t\t\t\t\t\t\t\t\t\t\t<\/div>\n\t\t\t\t<\/div>\n\t\t\t\t<div class=\"elementor-element elementor-element-ff15e61 elementor-widget elementor-widget-text-editor\" data-id=\"ff15e61\" data-element_type=\"widget\" data-e-type=\"widget\" data-widget_type=\"text-editor.default\">\n\t\t\t\t<div class=\"elementor-widget-container\">\n\t\t\t\t\t\t\t\t\t<p data-start=\"1544\" data-end=\"1732\">Shark Point ist ein eindrucksvoller und lohnender Tauchplatz, bekannt f\u00fcr seine vulkanische Riffstruktur, das offene Blauwasser-Gef\u00fchl und regelm\u00e4\u00dfige Begegnungen mit gr\u00f6\u00dferem Meeresleben.<\/p><p data-start=\"1734\" data-end=\"1916\">Der Tauchgang folgt einer markanten Riffstruktur, die sich nach und nach ins tiefere Blauwasser \u00f6ffnet und so eine spannende Mischung aus Topografie und pelagischem Potenzial bietet.<\/p><p data-start=\"1918\" data-end=\"2045\">Bei guter Sicht und passenden Bedingungen kannst du hier Rochen, gr\u00f6\u00dfere Fische und vorbeiziehende Blauwasser-Arten beobachten.<\/p><p data-start=\"2047\" data-end=\"2179\">F\u00fcr Taucher, die Tiefe, Struktur und die Chance auf gr\u00f6\u00dfere Meeresbewohner sch\u00e4tzen, ist Shark Point definitiv einen Tauchgang wert.<\/p>\t\t\t\t\t\t\t\t<\/div>\n\t\t\t\t<\/div>\n\t\t\t\t<\/div>\n\t\t\t\t<\/div>\n\t\t<div class=\"elementor-element elementor-element-fc015eb e-con-full e-flex e-con e-child\" data-id=\"fc015eb\" data-element_type=\"container\" data-e-type=\"container\">\n\t\t<div class=\"elementor-element elementor-element-eed03fd e-con-full course-sidebar-box e-flex e-con e-child\" data-id=\"eed03fd\" data-element_type=\"container\" data-e-type=\"container\" data-settings=\"{&quot;sticky&quot;:&quot;top&quot;,&quot;sticky_offset&quot;:110,&quot;sticky_effects_offset&quot;:130,&quot;sticky_parent&quot;:&quot;yes&quot;,&quot;sticky_on&quot;:[&quot;desktop&quot;,&quot;tablet&quot;,&quot;mobile&quot;],&quot;sticky_anchor_link_offset&quot;:0}\">\n\t\t\t\t<div class=\"elementor-element elementor-element-bd5f9f2 elementor-widget elementor-widget-image\" data-id=\"bd5f9f2\" data-element_type=\"widget\" data-e-type=\"widget\" data-widget_type=\"image.default\">\n\t\t\t\t<div class=\"elementor-widget-container\">\n\t\t\t\t\t\t\t\t\t\t\t\t\t\t\t<img decoding=\"async\" width=\"402\" height=\"410\" src=\"https:\/\/calerodiving.com\/wp-content\/uploads\/2025\/07\/Shark_point_QR.png\" class=\"attachment-large size-large wp-image-21822\" alt=\"\" srcset=\"https:\/\/calerodiving.com\/wp-content\/uploads\/2025\/07\/Shark_point_QR.png 402w, https:\/\/calerodiving.com\/wp-content\/uploads\/2025\/07\/Shark_point_QR-294x300.png 294w\" sizes=\"(max-width: 402px) 100vw, 402px\" \/>\t\t\t\t\t\t\t\t\t\t\t\t\t\t\t<\/div>\n\t\t\t\t<\/div>\n\t\t\t\t<div class=\"elementor-element elementor-element-60b612d elementor-widget elementor-widget-text-editor\" data-id=\"60b612d\" data-element_type=\"widget\" data-e-type=\"widget\" data-widget_type=\"text-editor.default\">\n\t\t\t\t<div class=\"elementor-widget-container\">\n\t\t\t\t\t\t\t\t\t<div class=\"courses-info\">\n\n<strong>Art des Tauchgangs:<\/strong> Lavariff\n\n<strong>Maximale Tiefe:<\/strong> 18 Metera<div class=\"courses-info\">\n<p style=\"margin: 0 0 10px;\"><span style=\"color: #ffffff;\"><strong>Art des Tauchgangs:<\/strong> Riffwand und Blauwasser-Tauchgang<\/span><\/p>\n<p style=\"margin: 0 0 10px;\"><span style=\"color: #ffffff;\"><strong>Maximale Tiefe:<\/strong> ca. [vor Ort best\u00e4tigen]<\/span><\/p>\n<p style=\"margin: 0 0 10px;\"><span style=\"color: #ffffff;\"><strong>Geeignet f\u00fcr:<\/strong> fortgeschrittene und erfahrene Sporttaucher<\/span><\/p>\n<p style=\"margin: 0;\"><span style=\"color: #ffffff;\"><strong>Zu sehen:<\/strong> Riffstruktur, Rochen, gr\u00f6\u00dfere Fische und Blauwasser-Meeresleben<\/span><\/p>\n<\/div>\n\n<strong>Geeignet f\u00fcr:<\/strong> alle Taucher,\n\n<strong>Was es zu sehen gibt:<\/strong> niedrige Lavaw\u00e4nde, Barrakudas und gro\u00dfe Schw\u00e4rme von Brassen und anderen Fischen\n\n<\/div>\t\t\t\t\t\t\t\t<\/div>\n\t\t\t\t<\/div>\n\t\t\t\t<div class=\"elementor-element elementor-element-456ced8 elementor-widget elementor-widget-ucaddon_underline_link_hover_effect\" data-id=\"456ced8\" data-element_type=\"widget\" data-e-type=\"widget\" data-widget_type=\"ucaddon_underline_link_hover_effect.default\">\n\t\t\t\t<div class=\"elementor-widget-container\">\n\t\t\t\t\t\n<!-- start Underline Link Hover Effect -->\n\t\t<link id='font-awesome-css' href='https:\/\/calerodiving.com\/wp-content\/plugins\/unlimited-elements-for-elementor-premium\/assets_libraries\/font-awesome6\/fontawesome-all.min.css' type='text\/css' rel='stylesheet' >\n\t\t<link id='font-awesome-4-shim-css' href='https:\/\/calerodiving.com\/wp-content\/plugins\/unlimited-elements-for-elementor-premium\/assets_libraries\/font-awesome6\/fontawesome-v4-shims.min.css' type='text\/css' rel='stylesheet' >\n\n<style>\/* widget: Underline Link Hover Effect *\/\n\n#uc_underline_link_hover_effect_elementor_456ced8{\n  display:flex;\n} \n\n#uc_underline_link_hover_effect_elementor_456ced8 a.ue-link{\n  display:flex;\n  position:relative;\n  align-items:center;\n  justify-content:center;\n  text-decoration:none;\n}\n\n#uc_underline_link_hover_effect_elementor_456ced8 a.ue-link:after{\n  content: \"\";\n    width:100%;\n    position:absolute;\n  bottom:0px;\n    left:0px;\n    display: block;\n  transition:1s;\n}\n\n#uc_underline_link_hover_effect_elementor_456ced8 a:hover:after{\n    width:0%;\n  }\n\n#uc_underline_link_hover_effect_elementor_456ced8 .ue-link-hover-effect-spacing{\n  transition:1s;\n}\n\n#uc_underline_link_hover_effect_elementor_456ced8 .ue-link-hover-effect-text{\n  padding:10px 0px;\n}\n\n#uc_underline_link_hover_effect_elementor_456ced8 .ue-link-hover-effect-icon{\n  line-height:1em;\n  transition:1s;\n}\n\n#uc_underline_link_hover_effect_elementor_456ced8 .ue-link-hover-effect-icon svg{\n  height:1em;\n  width:1em;\n}\n\n<\/style>\n\n<div id=\"uc_underline_link_hover_effect_elementor_456ced8\" class=\"ue-link-wrap\">\n  <a class=\"ue-link\" href=\"\" >\n    <div class=\"ue-link-hover-effect-text\">Kontaktieren Sie uns<\/div>\n    <div class=\"ue-link-hover-effect-spacing\"><\/div>\n    <div class=\"ue-link-hover-effect-icon\"><i class='fas fa-arrow-right'><\/i><\/div>\n  <\/a>\n<\/div>\n<!-- end Underline Link Hover Effect -->\t\t\t\t<\/div>\n\t\t\t\t<\/div>\n\t\t\t\t<\/div>\n\t\t\t\t<\/div>\n\t\t\t\t\t<\/div>\n\t\t\t\t<\/div>\n\t\t\t\t<\/div>\n\t\t","protected":false},"excerpt":{"rendered":"<p>Shark Point Shark Point ist ein eindrucksvoller und lohnender Tauchplatz, bekannt f\u00fcr seine vulkanische Riffstruktur, das offene Blauwasser-Gef\u00fchl und regelm\u00e4\u00dfige Begegnungen mit gr\u00f6\u00dferem Meeresleben. Der Tauchgang folgt einer markanten Riffstruktur, die sich nach und nach ins tiefere Blauwasser \u00f6ffnet und so eine spannende Mischung aus Topografie und pelagischem Potenzial bietet. Bei guter Sicht und passenden [&hellip;]<\/p>\n","protected":false},"author":10,"featured_media":0,"parent":0,"menu_order":0,"comment_status":"closed","ping_status":"closed","template":"","meta":{"_acf_changed":false,"footnotes":""},"class_list":["post-24979","page","type-page","status-publish","hentry"],"acf":[],"yoast_head":"<!-- This site is optimized with the Yoast SEO plugin v27.5 - https:\/\/yoast.com\/product\/yoast-seo-wordpress\/ -->\n<title>Haifischpunkt | Calero Diving Lanzarote<\/title>\n<meta name=\"robots\" content=\"index, follow, max-snippet:-1, max-image-preview:large, max-video-preview:-1\" \/>\n<link rel=\"canonical\" href=\"https:\/\/calerodiving.com\/shark-point\/\" \/>\n<meta property=\"og:locale\" content=\"de_DE\" \/>\n<meta property=\"og:type\" content=\"article\" \/>\n<meta property=\"og:title\" content=\"Haifischpunkt | Calero Diving Lanzarote\" \/>\n<meta property=\"og:description\" content=\"Shark Point Shark Point ist ein eindrucksvoller und lohnender Tauchplatz, bekannt f\u00fcr seine vulkanische Riffstruktur, das offene Blauwasser-Gef\u00fchl und regelm\u00e4\u00dfige Begegnungen mit gr\u00f6\u00dferem Meeresleben. Der Tauchgang folgt einer markanten Riffstruktur, die sich nach und nach ins tiefere Blauwasser \u00f6ffnet und so eine spannende Mischung aus Topografie und pelagischem Potenzial bietet. Bei guter Sicht und passenden [&hellip;]\" \/>\n<meta property=\"og:url\" content=\"https:\/\/calerodiving.com\/shark-point\/\" \/>\n<meta property=\"og:site_name\" content=\"Calero Diving Lanzarote\" \/>\n<meta property=\"article:publisher\" content=\"https:\/\/www.facebook.com\/calerodiving\/\" \/>\n<meta property=\"article:modified_time\" content=\"2026-04-20T13:30:44+00:00\" \/>\n<meta property=\"og:image\" content=\"https:\/\/calerodiving.com\/wp-content\/uploads\/2025\/07\/shark-point.jpeg\" \/>\n\t<meta property=\"og:image:width\" content=\"2048\" \/>\n\t<meta property=\"og:image:height\" content=\"1443\" \/>\n\t<meta property=\"og:image:type\" content=\"image\/jpeg\" \/>\n<meta name=\"twitter:card\" content=\"summary_large_image\" \/>\n<meta name=\"twitter:label1\" content=\"Gesch\u00e4tzte Lesezeit\" \/>\n\t<meta name=\"twitter:data1\" content=\"2\u00a0Minuten\" \/>\n<script type=\"application\/ld+json\" class=\"yoast-schema-graph\">{\"@context\":\"https:\\\/\\\/schema.org\",\"@graph\":[{\"@type\":\"WebPage\",\"@id\":\"https:\\\/\\\/calerodiving.com\\\/shark-point\\\/\",\"url\":\"https:\\\/\\\/calerodiving.com\\\/shark-point\\\/\",\"name\":\"Haifischpunkt | Calero Diving Lanzarote\",\"isPartOf\":{\"@id\":\"https:\\\/\\\/calerodiving.com\\\/#website\"},\"primaryImageOfPage\":{\"@id\":\"https:\\\/\\\/calerodiving.com\\\/shark-point\\\/#primaryimage\"},\"image\":{\"@id\":\"https:\\\/\\\/calerodiving.com\\\/shark-point\\\/#primaryimage\"},\"thumbnailUrl\":\"https:\\\/\\\/calerodiving.com\\\/wp-content\\\/uploads\\\/2025\\\/07\\\/shark-point-1030x726.jpeg\",\"datePublished\":\"2025-09-01T12:29:32+00:00\",\"dateModified\":\"2026-04-20T13:30:44+00:00\",\"breadcrumb\":{\"@id\":\"https:\\\/\\\/calerodiving.com\\\/shark-point\\\/#breadcrumb\"},\"inLanguage\":\"de\",\"potentialAction\":[{\"@type\":\"ReadAction\",\"target\":[\"https:\\\/\\\/calerodiving.com\\\/shark-point\\\/\"]}]},{\"@type\":\"ImageObject\",\"inLanguage\":\"de\",\"@id\":\"https:\\\/\\\/calerodiving.com\\\/shark-point\\\/#primaryimage\",\"url\":\"https:\\\/\\\/calerodiving.com\\\/wp-content\\\/uploads\\\/2025\\\/07\\\/shark-point-1030x726.jpeg\",\"contentUrl\":\"https:\\\/\\\/calerodiving.com\\\/wp-content\\\/uploads\\\/2025\\\/07\\\/shark-point-1030x726.jpeg\"},{\"@type\":\"BreadcrumbList\",\"@id\":\"https:\\\/\\\/calerodiving.com\\\/shark-point\\\/#breadcrumb\",\"itemListElement\":[{\"@type\":\"ListItem\",\"position\":1,\"name\":\"Home\",\"item\":\"https:\\\/\\\/calerodiving.com\\\/es\\\/\"},{\"@type\":\"ListItem\",\"position\":2,\"name\":\"Haifischpunkt\"}]},{\"@type\":\"WebSite\",\"@id\":\"https:\\\/\\\/calerodiving.com\\\/#website\",\"url\":\"https:\\\/\\\/calerodiving.com\\\/\",\"name\":\"Calero Diving Lanzarote\",\"description\":\"Dive Center - Marina Puerto Calero Lanzarote\",\"publisher\":{\"@id\":\"https:\\\/\\\/calerodiving.com\\\/#organization\"},\"alternateName\":\"Calero Diving\",\"potentialAction\":[{\"@type\":\"SearchAction\",\"target\":{\"@type\":\"EntryPoint\",\"urlTemplate\":\"https:\\\/\\\/calerodiving.com\\\/?s={search_term_string}\"},\"query-input\":{\"@type\":\"PropertyValueSpecification\",\"valueRequired\":true,\"valueName\":\"search_term_string\"}}],\"inLanguage\":\"de\"},{\"@type\":\"Organization\",\"@id\":\"https:\\\/\\\/calerodiving.com\\\/#organization\",\"name\":\"Calero Diving Lanzarote\",\"alternateName\":\"Calero Diving\",\"url\":\"https:\\\/\\\/calerodiving.com\\\/\",\"logo\":{\"@type\":\"ImageObject\",\"inLanguage\":\"de\",\"@id\":\"https:\\\/\\\/calerodiving.com\\\/#\\\/schema\\\/logo\\\/image\\\/\",\"url\":\"https:\\\/\\\/calerodiving.com\\\/wp-content\\\/uploads\\\/2025\\\/05\\\/Grupo.png\",\"contentUrl\":\"https:\\\/\\\/calerodiving.com\\\/wp-content\\\/uploads\\\/2025\\\/05\\\/Grupo.png\",\"width\":499,\"height\":590,\"caption\":\"Calero Diving Lanzarote\"},\"image\":{\"@id\":\"https:\\\/\\\/calerodiving.com\\\/#\\\/schema\\\/logo\\\/image\\\/\"},\"sameAs\":[\"https:\\\/\\\/www.facebook.com\\\/calerodiving\\\/\",\"https:\\\/\\\/www.instagram.com\\\/calerodiving\\\/\"]}]}<\/script>\n<!-- \/ Yoast SEO plugin. -->","yoast_head_json":{"title":"Haifischpunkt | Calero Diving Lanzarote","robots":{"index":"index","follow":"follow","max-snippet":"max-snippet:-1","max-image-preview":"max-image-preview:large","max-video-preview":"max-video-preview:-1"},"canonical":"https:\/\/calerodiving.com\/shark-point\/","og_locale":"de_DE","og_type":"article","og_title":"Haifischpunkt | Calero Diving Lanzarote","og_description":"Shark Point Shark Point ist ein eindrucksvoller und lohnender Tauchplatz, bekannt f\u00fcr seine vulkanische Riffstruktur, das offene Blauwasser-Gef\u00fchl und regelm\u00e4\u00dfige Begegnungen mit gr\u00f6\u00dferem Meeresleben. Der Tauchgang folgt einer markanten Riffstruktur, die sich nach und nach ins tiefere Blauwasser \u00f6ffnet und so eine spannende Mischung aus Topografie und pelagischem Potenzial bietet. Bei guter Sicht und passenden [&hellip;]","og_url":"https:\/\/calerodiving.com\/shark-point\/","og_site_name":"Calero Diving Lanzarote","article_publisher":"https:\/\/www.facebook.com\/calerodiving\/","article_modified_time":"2026-04-20T13:30:44+00:00","og_image":[{"width":2048,"height":1443,"url":"https:\/\/calerodiving.com\/wp-content\/uploads\/2025\/07\/shark-point.jpeg","type":"image\/jpeg"}],"twitter_card":"summary_large_image","twitter_misc":{"Gesch\u00e4tzte Lesezeit":"2\u00a0Minuten"},"schema":{"@context":"https:\/\/schema.org","@graph":[{"@type":"WebPage","@id":"https:\/\/calerodiving.com\/shark-point\/","url":"https:\/\/calerodiving.com\/shark-point\/","name":"Haifischpunkt | Calero Diving Lanzarote","isPartOf":{"@id":"https:\/\/calerodiving.com\/#website"},"primaryImageOfPage":{"@id":"https:\/\/calerodiving.com\/shark-point\/#primaryimage"},"image":{"@id":"https:\/\/calerodiving.com\/shark-point\/#primaryimage"},"thumbnailUrl":"https:\/\/calerodiving.com\/wp-content\/uploads\/2025\/07\/shark-point-1030x726.jpeg","datePublished":"2025-09-01T12:29:32+00:00","dateModified":"2026-04-20T13:30:44+00:00","breadcrumb":{"@id":"https:\/\/calerodiving.com\/shark-point\/#breadcrumb"},"inLanguage":"de","potentialAction":[{"@type":"ReadAction","target":["https:\/\/calerodiving.com\/shark-point\/"]}]},{"@type":"ImageObject","inLanguage":"de","@id":"https:\/\/calerodiving.com\/shark-point\/#primaryimage","url":"https:\/\/calerodiving.com\/wp-content\/uploads\/2025\/07\/shark-point-1030x726.jpeg","contentUrl":"https:\/\/calerodiving.com\/wp-content\/uploads\/2025\/07\/shark-point-1030x726.jpeg"},{"@type":"BreadcrumbList","@id":"https:\/\/calerodiving.com\/shark-point\/#breadcrumb","itemListElement":[{"@type":"ListItem","position":1,"name":"Home","item":"https:\/\/calerodiving.com\/es\/"},{"@type":"ListItem","position":2,"name":"Haifischpunkt"}]},{"@type":"WebSite","@id":"https:\/\/calerodiving.com\/#website","url":"https:\/\/calerodiving.com\/","name":"Calero Diving Lanzarote","description":"Dive Center - Marina Puerto Calero Lanzarote","publisher":{"@id":"https:\/\/calerodiving.com\/#organization"},"alternateName":"Calero Diving","potentialAction":[{"@type":"SearchAction","target":{"@type":"EntryPoint","urlTemplate":"https:\/\/calerodiving.com\/?s={search_term_string}"},"query-input":{"@type":"PropertyValueSpecification","valueRequired":true,"valueName":"search_term_string"}}],"inLanguage":"de"},{"@type":"Organization","@id":"https:\/\/calerodiving.com\/#organization","name":"Calero Diving Lanzarote","alternateName":"Calero Diving","url":"https:\/\/calerodiving.com\/","logo":{"@type":"ImageObject","inLanguage":"de","@id":"https:\/\/calerodiving.com\/#\/schema\/logo\/image\/","url":"https:\/\/calerodiving.com\/wp-content\/uploads\/2025\/05\/Grupo.png","contentUrl":"https:\/\/calerodiving.com\/wp-content\/uploads\/2025\/05\/Grupo.png","width":499,"height":590,"caption":"Calero Diving Lanzarote"},"image":{"@id":"https:\/\/calerodiving.com\/#\/schema\/logo\/image\/"},"sameAs":["https:\/\/www.facebook.com\/calerodiving\/","https:\/\/www.instagram.com\/calerodiving\/"]}]}},"_links":{"self":[{"href":"https:\/\/calerodiving.com\/de\/wp-json\/wp\/v2\/pages\/24979","targetHints":{"allow":["GET"]}}],"collection":[{"href":"https:\/\/calerodiving.com\/de\/wp-json\/wp\/v2\/pages"}],"about":[{"href":"https:\/\/calerodiving.com\/de\/wp-json\/wp\/v2\/types\/page"}],"author":[{"embeddable":true,"href":"https:\/\/calerodiving.com\/de\/wp-json\/wp\/v2\/users\/10"}],"replies":[{"embeddable":true,"href":"https:\/\/calerodiving.com\/de\/wp-json\/wp\/v2\/comments?post=24979"}],"version-history":[{"count":4,"href":"https:\/\/calerodiving.com\/de\/wp-json\/wp\/v2\/pages\/24979\/revisions"}],"predecessor-version":[{"id":28516,"href":"https:\/\/calerodiving.com\/de\/wp-json\/wp\/v2\/pages\/24979\/revisions\/28516"}],"wp:attachment":[{"href":"https:\/\/calerodiving.com\/de\/wp-json\/wp\/v2\/media?parent=24979"}],"curies":[{"name":"wp","href":"https:\/\/api.w.org\/{rel}","templated":true}]}}