{"id":24971,"date":"2025-09-01T13:29:29","date_gmt":"2025-09-01T12:29:29","guid":{"rendered":"https:\/\/calerodiving.com\/ssi-open-water-diver\/"},"modified":"2026-04-23T12:43:20","modified_gmt":"2026-04-23T11:43:20","slug":"ssi-open-water-diver","status":"publish","type":"page","link":"https:\/\/calerodiving.com\/de\/ssi-open-water-diver\/","title":{"rendered":"SSI Open Water Diver"},"content":{"rendered":"\t\t<div data-elementor-type=\"wp-page\" data-elementor-id=\"24971\" class=\"elementor elementor-24971 elementor-20462\" data-elementor-post-type=\"page\">\n\t\t\t\t<div class=\"elementor-element elementor-element-3cc49f5 e-flex e-con-boxed e-con e-parent\" data-id=\"3cc49f5\" data-element_type=\"container\" data-e-type=\"container\">\n\t\t\t\t\t<div class=\"e-con-inner\">\n\t\t<div class=\"elementor-element elementor-element-2f46037 e-con-full e-flex e-con e-child\" data-id=\"2f46037\" data-element_type=\"container\" data-e-type=\"container\">\n\t\t\t\t<div class=\"elementor-element elementor-element-6cef1cf elementor-widget elementor-widget-image\" data-id=\"6cef1cf\" data-element_type=\"widget\" data-e-type=\"widget\" data-widget_type=\"image.default\">\n\t\t\t\t<div class=\"elementor-widget-container\">\n\t\t\t\t\t\t\t\t\t\t\t\t\t\t\t<img fetchpriority=\"high\" decoding=\"async\" width=\"350\" height=\"222\" src=\"https:\/\/calerodiving.com\/wp-content\/uploads\/2017\/09\/open-water-diver-ok.jpg\" class=\"attachment-large size-large wp-image-171\" alt=\"\" srcset=\"https:\/\/calerodiving.com\/wp-content\/uploads\/2017\/09\/open-water-diver-ok.jpg 350w, https:\/\/calerodiving.com\/wp-content\/uploads\/2017\/09\/open-water-diver-ok-300x190.jpg 300w\" sizes=\"(max-width: 350px) 100vw, 350px\" \/>\t\t\t\t\t\t\t\t\t\t\t\t\t\t\t<\/div>\n\t\t\t\t<\/div>\n\t\t\t\t<\/div>\n\t\t<div class=\"elementor-element elementor-element-8d198b9 e-con-full e-flex e-con e-child\" data-id=\"8d198b9\" data-element_type=\"container\" data-e-type=\"container\">\n\t\t<div class=\"elementor-element elementor-element-954c04e e-con-full e-flex e-con e-child\" data-id=\"954c04e\" data-element_type=\"container\" data-e-type=\"container\">\n\t\t\t\t<div class=\"elementor-element elementor-element-bc3fc13 elementor-widget elementor-widget-html\" data-id=\"bc3fc13\" data-element_type=\"widget\" data-e-type=\"widget\" data-widget_type=\"html.default\">\n\t\t\t\t<div class=\"elementor-widget-container\">\n\t\t\t\t\t<a href=\"https:\/\/calerodiving.com\/de\/sporttauchkurse\/#recreational\" class=\"tag-button\">Freizeit<\/a>\n\t\t\t\t<\/div>\n\t\t\t\t<\/div>\n\t\t\t\t<div class=\"elementor-element elementor-element-f5b59b7 elementor-widget elementor-widget-heading\" data-id=\"f5b59b7\" data-element_type=\"widget\" data-e-type=\"widget\" data-widget_type=\"heading.default\">\n\t\t\t\t<div class=\"elementor-widget-container\">\n\t\t\t\t\t<h2 class=\"elementor-heading-title elementor-size-default\">SSI Open Water Diver<\/h2>\t\t\t\t<\/div>\n\t\t\t\t<\/div>\n\t\t\t\t<\/div>\n\t\t\t\t<\/div>\n\t\t\t\t\t<\/div>\n\t\t\t\t<\/div>\n\t\t<div class=\"elementor-element elementor-element-66621de e-flex e-con-boxed e-con e-parent\" data-id=\"66621de\" data-element_type=\"container\" data-e-type=\"container\">\n\t\t\t\t\t<div class=\"e-con-inner\">\n\t\t<div class=\"elementor-element elementor-element-c9835d9 e-con-full e-flex e-con e-child\" data-id=\"c9835d9\" data-element_type=\"container\" data-e-type=\"container\">\n\t\t<div class=\"elementor-element elementor-element-7f13dda e-con-full e-flex e-con e-child\" data-id=\"7f13dda\" data-element_type=\"container\" data-e-type=\"container\">\n\t\t\t\t<div class=\"elementor-element elementor-element-01cb7f6 elementor-widget elementor-widget-heading\" data-id=\"01cb7f6\" data-element_type=\"widget\" data-e-type=\"widget\" data-widget_type=\"heading.default\">\n\t\t\t\t<div class=\"elementor-widget-container\">\n\t\t\t\t\t<h2 class=\"elementor-heading-title elementor-size-default\">Werden Sie zertifizierter Taucher<\/h2>\t\t\t\t<\/div>\n\t\t\t\t<\/div>\n\t\t\t\t<div class=\"elementor-element elementor-element-3ceab48 elementor-widget elementor-widget-text-editor\" data-id=\"3ceab48\" data-element_type=\"widget\" data-e-type=\"widget\" data-widget_type=\"text-editor.default\">\n\t\t\t\t<div class=\"elementor-widget-container\">\n\t\t\t\t\t\t\t\t\t<div class=\"section-list\">\n<h3>Kurs\u00fcbersicht:<\/h3>\n<p>Der Open Water Diver Kurs ist dein Einstieg, um ein selbstst\u00e4ndiger Taucher zu werden.<\/p>\n<p><span style=\"font-family: -apple-system, BlinkMacSystemFont, 'SF Pro Display', 'Helvetica Neue', sans-serif;\">W\u00e4hrend der 3 Tage begleitet dich dein Instructor durch die Grundlagen des Tauchens \u2013 von Ausr\u00fcstung \u00fcber Sicherheits\u00fcbungen bis hin zu Unterwassertechniken.&nbsp;<\/span><span style=\"font-family: -apple-system, BlinkMacSystemFont, 'SF Pro Display', 'Helvetica Neue', sans-serif;\">Du absolvierst mindestens f\u00fcnf Einheiten im begrenzten Wasser und vier Freiwassertauchg\u00e4nge \u2013 Schritt f\u00fcr Schritt in einer sicheren und strukturierten Umgebung.<\/span><\/p>\n<p><span style=\"font-family: -apple-system, BlinkMacSystemFont, 'SF Pro Display', 'Helvetica Neue', sans-serif;\">Du wirst f\u00fcr Tauchg\u00e4nge bis maximal 18 Meter ausgebildet.<\/span><\/p>\n<p><span style=\"font-family: -apple-system, BlinkMacSystemFont, 'SF Pro Display', 'Helvetica Neue', sans-serif;\">Der Kurs beinhaltet Theorieeinheiten und eine Abschlusspr\u00fcfung, damit du dich sicher und gut vorbereitet f\u00fchlst.&nbsp;<\/span><span style=\"font-family: -apple-system, BlinkMacSystemFont, 'SF Pro Display', 'Helvetica Neue', sans-serif;\">F\u00fcr deine letzten Tauchg\u00e4nge gehst du mit dem Boot hinaus, um einige der besten Tauchpl\u00e4tze Lanzarotes zu entdecken und deine ersten echten Tauchg\u00e4nge zu genie\u00dfen.<\/span><\/p>\n<p><span style=\"font-family: -apple-system, BlinkMacSystemFont, 'SF Pro Display', 'Helvetica Neue', sans-serif;\">Am Ende des Kurses erh\u00e4ltst du deine weltweit anerkannte SSI Open Water Diver Zertifizierung, mit der du bis 18 Meter Tiefe tauchen kannst.&nbsp;<\/span><\/p><p><span style=\"font-family: -apple-system, BlinkMacSystemFont, 'SF Pro Display', 'Helvetica Neue', sans-serif;\">Du kannst die Theorie bereits vorab online beginnen, sodass du vorbereitet anreist und dich voll auf die Praxis konzentrieren kannst.&nbsp;<\/span><span style=\"font-family: -apple-system, BlinkMacSystemFont, &quot;SF Pro Display&quot;, &quot;Helvetica Neue&quot;, sans-serif;\">Deine Open Water Diver Zertifizierung l\u00e4uft nicht ab und ist der erste Schritt in deine weitere Tauchausbildung.<\/span><\/p>\n<h3>Dauer<\/h3>\n<ul>\n<li>3 Tage<\/li>\n<\/ul>\n<h3>Inklusive<\/h3>\n<ul>\n<li>Leihausr\u00fcstung<\/li>\n<li>Digitale Materialien<\/li>\n<li>Tauchversicherung<\/li>\n<li>SSI Open Water Diver Zertifizierung (weltweit anerkannt)<\/li>\n<\/ul>\n<h3>Voraussetzungen<\/h3>\n<ul>\n<li>Mindestalter von 10 Jahren<\/li>\n<li>200 Meter ohne Pause schwimmen k\u00f6nnen<\/li>\n<li>10 Minuten an der Oberfl\u00e4che bleiben k\u00f6nnen<\/li>\n<\/ul>\n<h3>Weitere Kurse, die dich interessieren k\u00f6nnten:<\/h3>\n<ul>\n<li>Scuba Diver<\/li>\n<li>Advanced Adventurer<\/li>\n<li>Tieftauchen<\/li>\n<li>Enriched Air Nitrox<\/li>\n<\/ul>\n<\/div>\t\t\t\t\t\t\t\t<\/div>\n\t\t\t\t<\/div>\n\t\t\t\t<\/div>\n\t\t\t\t<\/div>\n\t\t<div class=\"elementor-element elementor-element-f907538 e-con-full e-flex e-con e-child\" data-id=\"f907538\" data-element_type=\"container\" data-e-type=\"container\">\n\t\t<div class=\"elementor-element elementor-element-6753314 e-con-full course-sidebar-box e-flex e-con e-child\" data-id=\"6753314\" data-element_type=\"container\" data-e-type=\"container\" data-settings=\"{&quot;sticky&quot;:&quot;top&quot;,&quot;sticky_offset&quot;:110,&quot;sticky_effects_offset&quot;:130,&quot;sticky_parent&quot;:&quot;yes&quot;,&quot;sticky_on&quot;:[&quot;desktop&quot;,&quot;tablet&quot;,&quot;mobile&quot;],&quot;sticky_anchor_link_offset&quot;:0}\">\n\t\t\t\t<div class=\"elementor-element elementor-element-152f54f elementor-widget elementor-widget-text-editor\" data-id=\"152f54f\" data-element_type=\"widget\" data-e-type=\"widget\" data-widget_type=\"text-editor.default\">\n\t\t\t\t<div class=\"elementor-widget-container\">\n\t\t\t\t\t\t\t\t\t<div class=\"courses-info\"><h6 class=\"no-margin\">Dauer:<\/h6><p class=\"no-margin\">3 Tage<\/p><\/div><div class=\"courses-info\"><h6 class=\"no-margin\">Preis:<\/h6><p class=\"no-margin\">Ab 525 \u20ac<\/p><\/div>\t\t\t\t\t\t\t\t<\/div>\n\t\t\t\t<\/div>\n\t\t\t\t<div class=\"elementor-element elementor-element-25bf19a elementor-mobile-align-center elementor-widget elementor-widget-button\" data-id=\"25bf19a\" data-element_type=\"widget\" data-e-type=\"widget\" data-widget_type=\"button.default\">\n\t\t\t\t<div class=\"elementor-widget-container\">\n\t\t\t\t\t\t\t\t\t<div class=\"elementor-button-wrapper\">\n\t\t\t\t\t<a class=\"elementor-button elementor-button-link elementor-size-sm\" href=\"https:\/\/booking.calerodiving.com\/front\/6213b2319a1bbf005fa0b870\/product\/621d40ba4db01a005f510d15?lang=de&#038;_gl=1*4l6awi*_ga*MjAwOTUxMjMxNy4xNzU3MjYzMjY0*_ga_4WWMT2EY3C*czE3NTgwMTAxNzQkbzIwJGcxJHQxNzU4MDExNzY5JGo0MSRsMCRoMA..\" target=\"_blank\">\n\t\t\t\t\t\t<span class=\"elementor-button-content-wrapper\">\n\t\t\t\t\t\t\t\t\t<span class=\"elementor-button-text\">Kurs buchen<\/span>\n\t\t\t\t\t<\/span>\n\t\t\t\t\t<\/a>\n\t\t\t\t<\/div>\n\t\t\t\t\t\t\t\t<\/div>\n\t\t\t\t<\/div>\n\t\t\t\t<\/div>\n\t\t\t\t<\/div>\n\t\t\t\t\t<\/div>\n\t\t\t\t<\/div>\n\t\t\t\t<\/div>\n\t\t","protected":false},"excerpt":{"rendered":"<p>Freizeit SSI Open Water Diver Werden Sie zertifizierter Taucher Kurs\u00fcbersicht: Der Open Water Diver Kurs ist dein Einstieg, um ein selbstst\u00e4ndiger Taucher zu werden. W\u00e4hrend der 3 Tage begleitet dich dein Instructor durch die Grundlagen des Tauchens \u2013 von Ausr\u00fcstung \u00fcber Sicherheits\u00fcbungen bis hin zu Unterwassertechniken.&nbsp;Du absolvierst mindestens f\u00fcnf Einheiten im begrenzten Wasser und vier [&hellip;]<\/p>\n","protected":false},"author":10,"featured_media":0,"parent":0,"menu_order":0,"comment_status":"closed","ping_status":"closed","template":"","meta":{"_acf_changed":false,"footnotes":""},"class_list":["post-24971","page","type-page","status-publish","hentry"],"acf":[],"yoast_head":"<!-- This site is optimized with the Yoast SEO plugin v27.5 - https:\/\/yoast.com\/product\/yoast-seo-wordpress\/ -->\n<title>SSI Open Water Diver | Calero Diving Lanzarote<\/title>\n<meta name=\"robots\" content=\"index, follow, max-snippet:-1, max-image-preview:large, max-video-preview:-1\" \/>\n<link rel=\"canonical\" href=\"https:\/\/calerodiving.com\/ssi-open-water-diver\/\" \/>\n<meta property=\"og:locale\" content=\"de_DE\" \/>\n<meta property=\"og:type\" content=\"article\" \/>\n<meta property=\"og:title\" content=\"SSI Open Water Diver | Calero Diving Lanzarote\" \/>\n<meta property=\"og:description\" content=\"Freizeit SSI Open Water Diver Werden Sie zertifizierter Taucher Kurs\u00fcbersicht: Der Open Water Diver Kurs ist dein Einstieg, um ein selbstst\u00e4ndiger Taucher zu werden. W\u00e4hrend der 3 Tage begleitet dich dein Instructor durch die Grundlagen des Tauchens \u2013 von Ausr\u00fcstung \u00fcber Sicherheits\u00fcbungen bis hin zu Unterwassertechniken.&nbsp;Du absolvierst mindestens f\u00fcnf Einheiten im begrenzten Wasser und vier [&hellip;]\" \/>\n<meta property=\"og:url\" content=\"https:\/\/calerodiving.com\/ssi-open-water-diver\/\" \/>\n<meta property=\"og:site_name\" content=\"Calero Diving Lanzarote\" \/>\n<meta property=\"article:publisher\" content=\"https:\/\/www.facebook.com\/calerodiving\/\" \/>\n<meta property=\"article:modified_time\" content=\"2026-04-23T11:43:20+00:00\" \/>\n<meta property=\"og:image\" content=\"https:\/\/calerodiving.com\/wp-content\/uploads\/2017\/09\/open-water-diver-ok.jpg\" \/>\n\t<meta property=\"og:image:width\" content=\"350\" \/>\n\t<meta property=\"og:image:height\" content=\"222\" \/>\n\t<meta property=\"og:image:type\" content=\"image\/jpeg\" \/>\n<meta name=\"twitter:card\" content=\"summary_large_image\" \/>\n<meta name=\"twitter:label1\" content=\"Gesch\u00e4tzte Lesezeit\" \/>\n\t<meta name=\"twitter:data1\" content=\"2\u00a0Minuten\" \/>\n<script type=\"application\/ld+json\" class=\"yoast-schema-graph\">{\"@context\":\"https:\\\/\\\/schema.org\",\"@graph\":[{\"@type\":\"WebPage\",\"@id\":\"https:\\\/\\\/calerodiving.com\\\/ssi-open-water-diver\\\/\",\"url\":\"https:\\\/\\\/calerodiving.com\\\/ssi-open-water-diver\\\/\",\"name\":\"SSI Open Water Diver | Calero Diving Lanzarote\",\"isPartOf\":{\"@id\":\"https:\\\/\\\/calerodiving.com\\\/#website\"},\"primaryImageOfPage\":{\"@id\":\"https:\\\/\\\/calerodiving.com\\\/ssi-open-water-diver\\\/#primaryimage\"},\"image\":{\"@id\":\"https:\\\/\\\/calerodiving.com\\\/ssi-open-water-diver\\\/#primaryimage\"},\"thumbnailUrl\":\"https:\\\/\\\/calerodiving.com\\\/wp-content\\\/uploads\\\/2017\\\/09\\\/open-water-diver-ok.jpg\",\"datePublished\":\"2025-09-01T12:29:29+00:00\",\"dateModified\":\"2026-04-23T11:43:20+00:00\",\"breadcrumb\":{\"@id\":\"https:\\\/\\\/calerodiving.com\\\/ssi-open-water-diver\\\/#breadcrumb\"},\"inLanguage\":\"de\",\"potentialAction\":[{\"@type\":\"ReadAction\",\"target\":[\"https:\\\/\\\/calerodiving.com\\\/ssi-open-water-diver\\\/\"]}]},{\"@type\":\"ImageObject\",\"inLanguage\":\"de\",\"@id\":\"https:\\\/\\\/calerodiving.com\\\/ssi-open-water-diver\\\/#primaryimage\",\"url\":\"https:\\\/\\\/calerodiving.com\\\/wp-content\\\/uploads\\\/2017\\\/09\\\/open-water-diver-ok.jpg\",\"contentUrl\":\"https:\\\/\\\/calerodiving.com\\\/wp-content\\\/uploads\\\/2017\\\/09\\\/open-water-diver-ok.jpg\"},{\"@type\":\"BreadcrumbList\",\"@id\":\"https:\\\/\\\/calerodiving.com\\\/ssi-open-water-diver\\\/#breadcrumb\",\"itemListElement\":[{\"@type\":\"ListItem\",\"position\":1,\"name\":\"Home\",\"item\":\"https:\\\/\\\/calerodiving.com\\\/es\\\/\"},{\"@type\":\"ListItem\",\"position\":2,\"name\":\"SSI Open Water Diver\"}]},{\"@type\":\"WebSite\",\"@id\":\"https:\\\/\\\/calerodiving.com\\\/#website\",\"url\":\"https:\\\/\\\/calerodiving.com\\\/\",\"name\":\"Calero Diving Lanzarote\",\"description\":\"Dive Center - Marina Puerto Calero Lanzarote\",\"publisher\":{\"@id\":\"https:\\\/\\\/calerodiving.com\\\/#organization\"},\"alternateName\":\"Calero Diving\",\"potentialAction\":[{\"@type\":\"SearchAction\",\"target\":{\"@type\":\"EntryPoint\",\"urlTemplate\":\"https:\\\/\\\/calerodiving.com\\\/?s={search_term_string}\"},\"query-input\":{\"@type\":\"PropertyValueSpecification\",\"valueRequired\":true,\"valueName\":\"search_term_string\"}}],\"inLanguage\":\"de\"},{\"@type\":\"Organization\",\"@id\":\"https:\\\/\\\/calerodiving.com\\\/#organization\",\"name\":\"Calero Diving Lanzarote\",\"alternateName\":\"Calero Diving\",\"url\":\"https:\\\/\\\/calerodiving.com\\\/\",\"logo\":{\"@type\":\"ImageObject\",\"inLanguage\":\"de\",\"@id\":\"https:\\\/\\\/calerodiving.com\\\/#\\\/schema\\\/logo\\\/image\\\/\",\"url\":\"https:\\\/\\\/calerodiving.com\\\/wp-content\\\/uploads\\\/2025\\\/05\\\/Grupo.png\",\"contentUrl\":\"https:\\\/\\\/calerodiving.com\\\/wp-content\\\/uploads\\\/2025\\\/05\\\/Grupo.png\",\"width\":499,\"height\":590,\"caption\":\"Calero Diving Lanzarote\"},\"image\":{\"@id\":\"https:\\\/\\\/calerodiving.com\\\/#\\\/schema\\\/logo\\\/image\\\/\"},\"sameAs\":[\"https:\\\/\\\/www.facebook.com\\\/calerodiving\\\/\",\"https:\\\/\\\/www.instagram.com\\\/calerodiving\\\/\"]}]}<\/script>\n<!-- \/ Yoast SEO plugin. -->","yoast_head_json":{"title":"SSI Open Water Diver | Calero Diving Lanzarote","robots":{"index":"index","follow":"follow","max-snippet":"max-snippet:-1","max-image-preview":"max-image-preview:large","max-video-preview":"max-video-preview:-1"},"canonical":"https:\/\/calerodiving.com\/ssi-open-water-diver\/","og_locale":"de_DE","og_type":"article","og_title":"SSI Open Water Diver | Calero Diving Lanzarote","og_description":"Freizeit SSI Open Water Diver Werden Sie zertifizierter Taucher Kurs\u00fcbersicht: Der Open Water Diver Kurs ist dein Einstieg, um ein selbstst\u00e4ndiger Taucher zu werden. W\u00e4hrend der 3 Tage begleitet dich dein Instructor durch die Grundlagen des Tauchens \u2013 von Ausr\u00fcstung \u00fcber Sicherheits\u00fcbungen bis hin zu Unterwassertechniken.&nbsp;Du absolvierst mindestens f\u00fcnf Einheiten im begrenzten Wasser und vier [&hellip;]","og_url":"https:\/\/calerodiving.com\/ssi-open-water-diver\/","og_site_name":"Calero Diving Lanzarote","article_publisher":"https:\/\/www.facebook.com\/calerodiving\/","article_modified_time":"2026-04-23T11:43:20+00:00","og_image":[{"width":350,"height":222,"url":"https:\/\/calerodiving.com\/wp-content\/uploads\/2017\/09\/open-water-diver-ok.jpg","type":"image\/jpeg"}],"twitter_card":"summary_large_image","twitter_misc":{"Gesch\u00e4tzte Lesezeit":"2\u00a0Minuten"},"schema":{"@context":"https:\/\/schema.org","@graph":[{"@type":"WebPage","@id":"https:\/\/calerodiving.com\/ssi-open-water-diver\/","url":"https:\/\/calerodiving.com\/ssi-open-water-diver\/","name":"SSI Open Water Diver | Calero Diving Lanzarote","isPartOf":{"@id":"https:\/\/calerodiving.com\/#website"},"primaryImageOfPage":{"@id":"https:\/\/calerodiving.com\/ssi-open-water-diver\/#primaryimage"},"image":{"@id":"https:\/\/calerodiving.com\/ssi-open-water-diver\/#primaryimage"},"thumbnailUrl":"https:\/\/calerodiving.com\/wp-content\/uploads\/2017\/09\/open-water-diver-ok.jpg","datePublished":"2025-09-01T12:29:29+00:00","dateModified":"2026-04-23T11:43:20+00:00","breadcrumb":{"@id":"https:\/\/calerodiving.com\/ssi-open-water-diver\/#breadcrumb"},"inLanguage":"de","potentialAction":[{"@type":"ReadAction","target":["https:\/\/calerodiving.com\/ssi-open-water-diver\/"]}]},{"@type":"ImageObject","inLanguage":"de","@id":"https:\/\/calerodiving.com\/ssi-open-water-diver\/#primaryimage","url":"https:\/\/calerodiving.com\/wp-content\/uploads\/2017\/09\/open-water-diver-ok.jpg","contentUrl":"https:\/\/calerodiving.com\/wp-content\/uploads\/2017\/09\/open-water-diver-ok.jpg"},{"@type":"BreadcrumbList","@id":"https:\/\/calerodiving.com\/ssi-open-water-diver\/#breadcrumb","itemListElement":[{"@type":"ListItem","position":1,"name":"Home","item":"https:\/\/calerodiving.com\/es\/"},{"@type":"ListItem","position":2,"name":"SSI Open Water Diver"}]},{"@type":"WebSite","@id":"https:\/\/calerodiving.com\/#website","url":"https:\/\/calerodiving.com\/","name":"Calero Diving Lanzarote","description":"Dive Center - Marina Puerto Calero Lanzarote","publisher":{"@id":"https:\/\/calerodiving.com\/#organization"},"alternateName":"Calero Diving","potentialAction":[{"@type":"SearchAction","target":{"@type":"EntryPoint","urlTemplate":"https:\/\/calerodiving.com\/?s={search_term_string}"},"query-input":{"@type":"PropertyValueSpecification","valueRequired":true,"valueName":"search_term_string"}}],"inLanguage":"de"},{"@type":"Organization","@id":"https:\/\/calerodiving.com\/#organization","name":"Calero Diving Lanzarote","alternateName":"Calero Diving","url":"https:\/\/calerodiving.com\/","logo":{"@type":"ImageObject","inLanguage":"de","@id":"https:\/\/calerodiving.com\/#\/schema\/logo\/image\/","url":"https:\/\/calerodiving.com\/wp-content\/uploads\/2025\/05\/Grupo.png","contentUrl":"https:\/\/calerodiving.com\/wp-content\/uploads\/2025\/05\/Grupo.png","width":499,"height":590,"caption":"Calero Diving Lanzarote"},"image":{"@id":"https:\/\/calerodiving.com\/#\/schema\/logo\/image\/"},"sameAs":["https:\/\/www.facebook.com\/calerodiving\/","https:\/\/www.instagram.com\/calerodiving\/"]}]}},"_links":{"self":[{"href":"https:\/\/calerodiving.com\/de\/wp-json\/wp\/v2\/pages\/24971","targetHints":{"allow":["GET"]}}],"collection":[{"href":"https:\/\/calerodiving.com\/de\/wp-json\/wp\/v2\/pages"}],"about":[{"href":"https:\/\/calerodiving.com\/de\/wp-json\/wp\/v2\/types\/page"}],"author":[{"embeddable":true,"href":"https:\/\/calerodiving.com\/de\/wp-json\/wp\/v2\/users\/10"}],"replies":[{"embeddable":true,"href":"https:\/\/calerodiving.com\/de\/wp-json\/wp\/v2\/comments?post=24971"}],"version-history":[{"count":25,"href":"https:\/\/calerodiving.com\/de\/wp-json\/wp\/v2\/pages\/24971\/revisions"}],"predecessor-version":[{"id":28858,"href":"https:\/\/calerodiving.com\/de\/wp-json\/wp\/v2\/pages\/24971\/revisions\/28858"}],"wp:attachment":[{"href":"https:\/\/calerodiving.com\/de\/wp-json\/wp\/v2\/media?parent=24971"}],"curies":[{"name":"wp","href":"https:\/\/api.w.org\/{rel}","templated":true}]}}