{"id":24957,"date":"2025-09-01T13:29:25","date_gmt":"2025-09-01T12:29:25","guid":{"rendered":"https:\/\/calerodiving.com\/museo-atlantico\/"},"modified":"2026-04-20T14:23:31","modified_gmt":"2026-04-20T13:23:31","slug":"museo-atlantico","status":"publish","type":"page","link":"https:\/\/calerodiving.com\/de\/museo-atlantico\/","title":{"rendered":"Museo Atl\u00e1ntico"},"content":{"rendered":"\t\t<div data-elementor-type=\"wp-page\" data-elementor-id=\"24957\" class=\"elementor elementor-24957 elementor-19842\" data-elementor-post-type=\"page\">\n\t\t\t\t<div class=\"elementor-element elementor-element-a88e7bd e-flex e-con-boxed e-con e-parent\" data-id=\"a88e7bd\" data-element_type=\"container\" data-e-type=\"container\">\n\t\t\t\t\t<div class=\"e-con-inner\">\n\t\t<div class=\"elementor-element elementor-element-d9022d5 e-con-full e-flex e-con e-child\" data-id=\"d9022d5\" data-element_type=\"container\" data-e-type=\"container\">\n\t\t<div class=\"elementor-element elementor-element-fcda311 e-con-full e-flex e-con e-child\" data-id=\"fcda311\" data-element_type=\"container\" data-e-type=\"container\">\n\t\t\t\t<div class=\"elementor-element elementor-element-9e289b7 elementor-widget elementor-widget-heading\" data-id=\"9e289b7\" data-element_type=\"widget\" data-e-type=\"widget\" data-widget_type=\"heading.default\">\n\t\t\t\t<div class=\"elementor-widget-container\">\n\t\t\t\t\t<h2 class=\"elementor-heading-title elementor-size-default\">Museo Atlantico<\/h2>\t\t\t\t<\/div>\n\t\t\t\t<\/div>\n\t\t\t\t<\/div>\n\t\t\t\t<\/div>\n\t\t\t\t\t<\/div>\n\t\t\t\t<\/div>\n\t\t<div class=\"elementor-element elementor-element-c99acc5 e-flex e-con-boxed e-con e-parent\" data-id=\"c99acc5\" data-element_type=\"container\" data-e-type=\"container\">\n\t\t\t\t\t<div class=\"e-con-inner\">\n\t\t<div class=\"elementor-element elementor-element-b773880 e-con-full e-flex e-con e-child\" data-id=\"b773880\" data-element_type=\"container\" data-e-type=\"container\">\n\t\t<div class=\"elementor-element elementor-element-4203b07 e-con-full e-flex e-con e-child\" data-id=\"4203b07\" data-element_type=\"container\" data-e-type=\"container\">\n\t\t\t\t<div class=\"elementor-element elementor-element-d3a22a7 elementor-widget elementor-widget-image\" data-id=\"d3a22a7\" data-element_type=\"widget\" data-e-type=\"widget\" data-widget_type=\"image.default\">\n\t\t\t\t<div class=\"elementor-widget-container\">\n\t\t\t\t\t\t\t\t\t\t\t\t\t\t\t<img fetchpriority=\"high\" decoding=\"async\" width=\"1200\" height=\"800\" src=\"https:\/\/calerodiving.com\/wp-content\/uploads\/2017\/10\/museo-atlantico-03.jpg\" class=\"attachment-full size-full wp-image-3112\" alt=\"\" srcset=\"https:\/\/calerodiving.com\/wp-content\/uploads\/2017\/10\/museo-atlantico-03.jpg 1200w, https:\/\/calerodiving.com\/wp-content\/uploads\/2017\/10\/museo-atlantico-03-300x200.jpg 300w, https:\/\/calerodiving.com\/wp-content\/uploads\/2017\/10\/museo-atlantico-03-768x512.jpg 768w, https:\/\/calerodiving.com\/wp-content\/uploads\/2017\/10\/museo-atlantico-03-1030x687.jpg 1030w, https:\/\/calerodiving.com\/wp-content\/uploads\/2017\/10\/museo-atlantico-03-705x470.jpg 705w, https:\/\/calerodiving.com\/wp-content\/uploads\/2017\/10\/museo-atlantico-03-450x300.jpg 450w\" sizes=\"(max-width: 1200px) 100vw, 1200px\" \/>\t\t\t\t\t\t\t\t\t\t\t\t\t\t\t<\/div>\n\t\t\t\t<\/div>\n\t\t\t\t<div class=\"elementor-element elementor-element-85f1a87 elementor-widget elementor-widget-text-editor\" data-id=\"85f1a87\" data-element_type=\"widget\" data-e-type=\"widget\" data-widget_type=\"text-editor.default\">\n\t\t\t\t<div class=\"elementor-widget-container\">\n\t\t\t\t\t\t\t\t\t<p data-start=\"1320\" data-end=\"1428\">Das Museo Atl\u00e1ntico ist eines der au\u00dfergew\u00f6hnlichsten und eindrucksvollsten Taucherlebnisse in Playa Blanca.<\/p><p data-start=\"1430\" data-end=\"1626\">Das Museo Atl\u00e1ntico wurde vom britischen K\u00fcnstler Jason deCaires Taylor geschaffen und besteht aus \u00fcber 300 Unterwasserskulpturen, die Themen wie Migration, Klimawandel und Naturschutz aufgreifen.<\/p><p data-start=\"1628\" data-end=\"1741\">Als erstes Unterwasser-Skulpturenmuseum seiner Art in Europa ist es ein absolutes Muss f\u00fcr Taucher auf Lanzarote.<\/p><p data-start=\"1743\" data-end=\"1880\">Calero Diving organisiert an den meisten Wochentagen regelm\u00e4\u00dfige Ausfahrten zum Museo Atl\u00e1ntico \u2013 sowohl vormittags als auch nachmittags.<\/p>\t\t\t\t\t\t\t\t<\/div>\n\t\t\t\t<\/div>\n\t\t\t\t<\/div>\n\t\t\t\t<\/div>\n\t\t<div class=\"elementor-element elementor-element-9d8039c e-con-full e-flex e-con e-child\" data-id=\"9d8039c\" data-element_type=\"container\" data-e-type=\"container\">\n\t\t<div class=\"elementor-element elementor-element-6bf458e e-con-full course-sidebar-box e-flex e-con e-child\" data-id=\"6bf458e\" data-element_type=\"container\" data-e-type=\"container\" data-settings=\"{&quot;sticky&quot;:&quot;top&quot;,&quot;sticky_offset&quot;:110,&quot;sticky_effects_offset&quot;:130,&quot;sticky_parent&quot;:&quot;yes&quot;,&quot;sticky_on&quot;:[&quot;desktop&quot;,&quot;tablet&quot;,&quot;mobile&quot;],&quot;sticky_anchor_link_offset&quot;:0}\">\n\t\t\t\t<div class=\"elementor-element elementor-element-18230ba elementor-widget elementor-widget-image\" data-id=\"18230ba\" data-element_type=\"widget\" data-e-type=\"widget\" data-widget_type=\"image.default\">\n\t\t\t\t<div class=\"elementor-widget-container\">\n\t\t\t\t\t\t\t\t\t\t\t\t\t\t\t<img decoding=\"async\" width=\"412\" height=\"414\" src=\"https:\/\/calerodiving.com\/wp-content\/uploads\/2025\/07\/Museo_atlantico_QR.png\" class=\"attachment-large size-large wp-image-21830\" alt=\"\" srcset=\"https:\/\/calerodiving.com\/wp-content\/uploads\/2025\/07\/Museo_atlantico_QR.png 412w, https:\/\/calerodiving.com\/wp-content\/uploads\/2025\/07\/Museo_atlantico_QR-300x300.png 300w, https:\/\/calerodiving.com\/wp-content\/uploads\/2025\/07\/Museo_atlantico_QR-80x80.png 80w\" sizes=\"(max-width: 412px) 100vw, 412px\" \/>\t\t\t\t\t\t\t\t\t\t\t\t\t\t\t<\/div>\n\t\t\t\t<\/div>\n\t\t\t\t<div class=\"elementor-element elementor-element-5c0d0f6 elementor-widget elementor-widget-text-editor\" data-id=\"5c0d0f6\" data-element_type=\"widget\" data-e-type=\"widget\" data-widget_type=\"text-editor.default\">\n\t\t\t\t<div class=\"elementor-widget-container\">\n\t\t\t\t\t\t\t\t\t<div class=\"courses-info\">\n<p style=\"margin: 0 0 10px;\"><span style=\"color: #ffffff;\"><strong>Art des Tauchgangs:<\/strong> k\u00fcnstliches Riff und Unterwassermuseum<\/span><\/p>\n<p style=\"margin: 0 0 10px;\"><span style=\"color: #ffffff;\"><strong>Maximale Tiefe:<\/strong> ca. 16 Meter<\/span><\/p>\n<p style=\"margin: 0 0 10px;\"><span style=\"color: #ffffff;\"><strong>Geeignet f\u00fcr:<\/strong> alle Erfahrungsstufen<\/span><\/p>\n<p style=\"margin: 0;\"><span style=\"color: #ffffff;\"><strong>Zu sehen:<\/strong> Unterwasserskulpturen, Meeresleben und ein wirklich einzigartiges Taucherlebnis<\/span><\/p>\n<\/div>\t\t\t\t\t\t\t\t<\/div>\n\t\t\t\t<\/div>\n\t\t\t\t<div class=\"elementor-element elementor-element-0b0c51a elementor-widget elementor-widget-ucaddon_underline_link_hover_effect\" data-id=\"0b0c51a\" data-element_type=\"widget\" data-e-type=\"widget\" data-widget_type=\"ucaddon_underline_link_hover_effect.default\">\n\t\t\t\t<div class=\"elementor-widget-container\">\n\t\t\t\t\t\n<!-- start Underline Link Hover Effect -->\n\t\t<link id='font-awesome-css' href='https:\/\/calerodiving.com\/wp-content\/plugins\/unlimited-elements-for-elementor-premium\/assets_libraries\/font-awesome6\/fontawesome-all.min.css' type='text\/css' rel='stylesheet' >\n\t\t<link id='font-awesome-4-shim-css' href='https:\/\/calerodiving.com\/wp-content\/plugins\/unlimited-elements-for-elementor-premium\/assets_libraries\/font-awesome6\/fontawesome-v4-shims.min.css' type='text\/css' rel='stylesheet' >\n\n<style>\/* widget: Underline Link Hover Effect *\/\n\n#uc_underline_link_hover_effect_elementor_0b0c51a{\n  display:flex;\n} \n\n#uc_underline_link_hover_effect_elementor_0b0c51a a.ue-link{\n  display:flex;\n  position:relative;\n  align-items:center;\n  justify-content:center;\n  text-decoration:none;\n}\n\n#uc_underline_link_hover_effect_elementor_0b0c51a a.ue-link:after{\n  content: \"\";\n    width:100%;\n    position:absolute;\n  bottom:0px;\n    left:0px;\n    display: block;\n  transition:1s;\n}\n\n#uc_underline_link_hover_effect_elementor_0b0c51a a:hover:after{\n    width:0%;\n  }\n\n#uc_underline_link_hover_effect_elementor_0b0c51a .ue-link-hover-effect-spacing{\n  transition:1s;\n}\n\n#uc_underline_link_hover_effect_elementor_0b0c51a .ue-link-hover-effect-text{\n  padding:10px 0px;\n}\n\n#uc_underline_link_hover_effect_elementor_0b0c51a .ue-link-hover-effect-icon{\n  line-height:1em;\n  transition:1s;\n}\n\n#uc_underline_link_hover_effect_elementor_0b0c51a .ue-link-hover-effect-icon svg{\n  height:1em;\n  width:1em;\n}\n\n<\/style>\n\n<div id=\"uc_underline_link_hover_effect_elementor_0b0c51a\" class=\"ue-link-wrap\">\n  <a class=\"ue-link\" href=\"\" >\n    <div class=\"ue-link-hover-effect-text\">Kontaktieren Sie uns<\/div>\n    <div class=\"ue-link-hover-effect-spacing\"><\/div>\n    <div class=\"ue-link-hover-effect-icon\"><i class='fas fa-arrow-right'><\/i><\/div>\n  <\/a>\n<\/div>\n<!-- end Underline Link Hover Effect -->\t\t\t\t<\/div>\n\t\t\t\t<\/div>\n\t\t\t\t<\/div>\n\t\t\t\t<\/div>\n\t\t\t\t\t<\/div>\n\t\t\t\t<\/div>\n\t\t\t\t<\/div>\n\t\t","protected":false},"excerpt":{"rendered":"<p>Museo Atlantico Das Museo Atl\u00e1ntico ist eines der au\u00dfergew\u00f6hnlichsten und eindrucksvollsten Taucherlebnisse in Playa Blanca. Das Museo Atl\u00e1ntico wurde vom britischen K\u00fcnstler Jason deCaires Taylor geschaffen und besteht aus \u00fcber 300 Unterwasserskulpturen, die Themen wie Migration, Klimawandel und Naturschutz aufgreifen. Als erstes Unterwasser-Skulpturenmuseum seiner Art in Europa ist es ein absolutes Muss f\u00fcr Taucher auf [&hellip;]<\/p>\n","protected":false},"author":10,"featured_media":0,"parent":0,"menu_order":0,"comment_status":"closed","ping_status":"closed","template":"","meta":{"_acf_changed":false,"footnotes":""},"class_list":["post-24957","page","type-page","status-publish","hentry"],"acf":[],"yoast_head":"<!-- This site is optimized with the Yoast SEO plugin v27.5 - https:\/\/yoast.com\/product\/yoast-seo-wordpress\/ -->\n<title>Museo Atl\u00e1ntico | Calero Diving Lanzarote<\/title>\n<meta name=\"robots\" content=\"index, follow, max-snippet:-1, max-image-preview:large, max-video-preview:-1\" \/>\n<link rel=\"canonical\" href=\"https:\/\/calerodiving.com\/museo-atlantico-4\/\" \/>\n<meta property=\"og:locale\" content=\"de_DE\" \/>\n<meta property=\"og:type\" content=\"article\" \/>\n<meta property=\"og:title\" content=\"Museo Atl\u00e1ntico | Calero Diving Lanzarote\" \/>\n<meta property=\"og:description\" content=\"Museo Atlantico Das Museo Atl\u00e1ntico ist eines der au\u00dfergew\u00f6hnlichsten und eindrucksvollsten Taucherlebnisse in Playa Blanca. Das Museo Atl\u00e1ntico wurde vom britischen K\u00fcnstler Jason deCaires Taylor geschaffen und besteht aus \u00fcber 300 Unterwasserskulpturen, die Themen wie Migration, Klimawandel und Naturschutz aufgreifen. Als erstes Unterwasser-Skulpturenmuseum seiner Art in Europa ist es ein absolutes Muss f\u00fcr Taucher auf [&hellip;]\" \/>\n<meta property=\"og:url\" content=\"https:\/\/calerodiving.com\/museo-atlantico-4\/\" \/>\n<meta property=\"og:site_name\" content=\"Calero Diving Lanzarote\" \/>\n<meta property=\"article:publisher\" content=\"https:\/\/www.facebook.com\/calerodiving\/\" \/>\n<meta property=\"article:modified_time\" content=\"2026-04-20T13:23:31+00:00\" \/>\n<meta property=\"og:image\" content=\"https:\/\/calerodiving.com\/wp-content\/uploads\/2017\/10\/museo-atlantico-03.jpg\" \/>\n\t<meta property=\"og:image:width\" content=\"1200\" \/>\n\t<meta property=\"og:image:height\" content=\"800\" \/>\n\t<meta property=\"og:image:type\" content=\"image\/jpeg\" \/>\n<meta name=\"twitter:card\" content=\"summary_large_image\" \/>\n<meta name=\"twitter:label1\" content=\"Gesch\u00e4tzte Lesezeit\" \/>\n\t<meta name=\"twitter:data1\" content=\"2\u00a0Minuten\" \/>\n<script type=\"application\/ld+json\" class=\"yoast-schema-graph\">{\"@context\":\"https:\\\/\\\/schema.org\",\"@graph\":[{\"@type\":\"WebPage\",\"@id\":\"https:\\\/\\\/calerodiving.com\\\/museo-atlantico-4\\\/\",\"url\":\"https:\\\/\\\/calerodiving.com\\\/museo-atlantico-4\\\/\",\"name\":\"Museo Atl\u00e1ntico | Calero Diving Lanzarote\",\"isPartOf\":{\"@id\":\"https:\\\/\\\/calerodiving.com\\\/#website\"},\"primaryImageOfPage\":{\"@id\":\"https:\\\/\\\/calerodiving.com\\\/museo-atlantico-4\\\/#primaryimage\"},\"image\":{\"@id\":\"https:\\\/\\\/calerodiving.com\\\/museo-atlantico-4\\\/#primaryimage\"},\"thumbnailUrl\":\"https:\\\/\\\/calerodiving.com\\\/wp-content\\\/uploads\\\/2017\\\/10\\\/museo-atlantico-03.jpg\",\"datePublished\":\"2025-09-01T12:29:25+00:00\",\"dateModified\":\"2026-04-20T13:23:31+00:00\",\"breadcrumb\":{\"@id\":\"https:\\\/\\\/calerodiving.com\\\/museo-atlantico-4\\\/#breadcrumb\"},\"inLanguage\":\"de\",\"potentialAction\":[{\"@type\":\"ReadAction\",\"target\":[\"https:\\\/\\\/calerodiving.com\\\/museo-atlantico-4\\\/\"]}]},{\"@type\":\"ImageObject\",\"inLanguage\":\"de\",\"@id\":\"https:\\\/\\\/calerodiving.com\\\/museo-atlantico-4\\\/#primaryimage\",\"url\":\"https:\\\/\\\/calerodiving.com\\\/wp-content\\\/uploads\\\/2017\\\/10\\\/museo-atlantico-03.jpg\",\"contentUrl\":\"https:\\\/\\\/calerodiving.com\\\/wp-content\\\/uploads\\\/2017\\\/10\\\/museo-atlantico-03.jpg\"},{\"@type\":\"BreadcrumbList\",\"@id\":\"https:\\\/\\\/calerodiving.com\\\/museo-atlantico-4\\\/#breadcrumb\",\"itemListElement\":[{\"@type\":\"ListItem\",\"position\":1,\"name\":\"Home\",\"item\":\"https:\\\/\\\/calerodiving.com\\\/es\\\/\"},{\"@type\":\"ListItem\",\"position\":2,\"name\":\"Museo Atl\u00e1ntico\"}]},{\"@type\":\"WebSite\",\"@id\":\"https:\\\/\\\/calerodiving.com\\\/#website\",\"url\":\"https:\\\/\\\/calerodiving.com\\\/\",\"name\":\"Calero Diving Lanzarote\",\"description\":\"Dive Center - Marina Puerto Calero Lanzarote\",\"publisher\":{\"@id\":\"https:\\\/\\\/calerodiving.com\\\/#organization\"},\"alternateName\":\"Calero Diving\",\"potentialAction\":[{\"@type\":\"SearchAction\",\"target\":{\"@type\":\"EntryPoint\",\"urlTemplate\":\"https:\\\/\\\/calerodiving.com\\\/?s={search_term_string}\"},\"query-input\":{\"@type\":\"PropertyValueSpecification\",\"valueRequired\":true,\"valueName\":\"search_term_string\"}}],\"inLanguage\":\"de\"},{\"@type\":\"Organization\",\"@id\":\"https:\\\/\\\/calerodiving.com\\\/#organization\",\"name\":\"Calero Diving Lanzarote\",\"alternateName\":\"Calero Diving\",\"url\":\"https:\\\/\\\/calerodiving.com\\\/\",\"logo\":{\"@type\":\"ImageObject\",\"inLanguage\":\"de\",\"@id\":\"https:\\\/\\\/calerodiving.com\\\/#\\\/schema\\\/logo\\\/image\\\/\",\"url\":\"https:\\\/\\\/calerodiving.com\\\/wp-content\\\/uploads\\\/2025\\\/05\\\/Grupo.png\",\"contentUrl\":\"https:\\\/\\\/calerodiving.com\\\/wp-content\\\/uploads\\\/2025\\\/05\\\/Grupo.png\",\"width\":499,\"height\":590,\"caption\":\"Calero Diving Lanzarote\"},\"image\":{\"@id\":\"https:\\\/\\\/calerodiving.com\\\/#\\\/schema\\\/logo\\\/image\\\/\"},\"sameAs\":[\"https:\\\/\\\/www.facebook.com\\\/calerodiving\\\/\",\"https:\\\/\\\/www.instagram.com\\\/calerodiving\\\/\"]}]}<\/script>\n<!-- \/ Yoast SEO plugin. -->","yoast_head_json":{"title":"Museo Atl\u00e1ntico | Calero Diving Lanzarote","robots":{"index":"index","follow":"follow","max-snippet":"max-snippet:-1","max-image-preview":"max-image-preview:large","max-video-preview":"max-video-preview:-1"},"canonical":"https:\/\/calerodiving.com\/museo-atlantico-4\/","og_locale":"de_DE","og_type":"article","og_title":"Museo Atl\u00e1ntico | Calero Diving Lanzarote","og_description":"Museo Atlantico Das Museo Atl\u00e1ntico ist eines der au\u00dfergew\u00f6hnlichsten und eindrucksvollsten Taucherlebnisse in Playa Blanca. Das Museo Atl\u00e1ntico wurde vom britischen K\u00fcnstler Jason deCaires Taylor geschaffen und besteht aus \u00fcber 300 Unterwasserskulpturen, die Themen wie Migration, Klimawandel und Naturschutz aufgreifen. Als erstes Unterwasser-Skulpturenmuseum seiner Art in Europa ist es ein absolutes Muss f\u00fcr Taucher auf [&hellip;]","og_url":"https:\/\/calerodiving.com\/museo-atlantico-4\/","og_site_name":"Calero Diving Lanzarote","article_publisher":"https:\/\/www.facebook.com\/calerodiving\/","article_modified_time":"2026-04-20T13:23:31+00:00","og_image":[{"width":1200,"height":800,"url":"https:\/\/calerodiving.com\/wp-content\/uploads\/2017\/10\/museo-atlantico-03.jpg","type":"image\/jpeg"}],"twitter_card":"summary_large_image","twitter_misc":{"Gesch\u00e4tzte Lesezeit":"2\u00a0Minuten"},"schema":{"@context":"https:\/\/schema.org","@graph":[{"@type":"WebPage","@id":"https:\/\/calerodiving.com\/museo-atlantico-4\/","url":"https:\/\/calerodiving.com\/museo-atlantico-4\/","name":"Museo Atl\u00e1ntico | Calero Diving Lanzarote","isPartOf":{"@id":"https:\/\/calerodiving.com\/#website"},"primaryImageOfPage":{"@id":"https:\/\/calerodiving.com\/museo-atlantico-4\/#primaryimage"},"image":{"@id":"https:\/\/calerodiving.com\/museo-atlantico-4\/#primaryimage"},"thumbnailUrl":"https:\/\/calerodiving.com\/wp-content\/uploads\/2017\/10\/museo-atlantico-03.jpg","datePublished":"2025-09-01T12:29:25+00:00","dateModified":"2026-04-20T13:23:31+00:00","breadcrumb":{"@id":"https:\/\/calerodiving.com\/museo-atlantico-4\/#breadcrumb"},"inLanguage":"de","potentialAction":[{"@type":"ReadAction","target":["https:\/\/calerodiving.com\/museo-atlantico-4\/"]}]},{"@type":"ImageObject","inLanguage":"de","@id":"https:\/\/calerodiving.com\/museo-atlantico-4\/#primaryimage","url":"https:\/\/calerodiving.com\/wp-content\/uploads\/2017\/10\/museo-atlantico-03.jpg","contentUrl":"https:\/\/calerodiving.com\/wp-content\/uploads\/2017\/10\/museo-atlantico-03.jpg"},{"@type":"BreadcrumbList","@id":"https:\/\/calerodiving.com\/museo-atlantico-4\/#breadcrumb","itemListElement":[{"@type":"ListItem","position":1,"name":"Home","item":"https:\/\/calerodiving.com\/es\/"},{"@type":"ListItem","position":2,"name":"Museo Atl\u00e1ntico"}]},{"@type":"WebSite","@id":"https:\/\/calerodiving.com\/#website","url":"https:\/\/calerodiving.com\/","name":"Calero Diving Lanzarote","description":"Dive Center - Marina Puerto Calero Lanzarote","publisher":{"@id":"https:\/\/calerodiving.com\/#organization"},"alternateName":"Calero Diving","potentialAction":[{"@type":"SearchAction","target":{"@type":"EntryPoint","urlTemplate":"https:\/\/calerodiving.com\/?s={search_term_string}"},"query-input":{"@type":"PropertyValueSpecification","valueRequired":true,"valueName":"search_term_string"}}],"inLanguage":"de"},{"@type":"Organization","@id":"https:\/\/calerodiving.com\/#organization","name":"Calero Diving Lanzarote","alternateName":"Calero Diving","url":"https:\/\/calerodiving.com\/","logo":{"@type":"ImageObject","inLanguage":"de","@id":"https:\/\/calerodiving.com\/#\/schema\/logo\/image\/","url":"https:\/\/calerodiving.com\/wp-content\/uploads\/2025\/05\/Grupo.png","contentUrl":"https:\/\/calerodiving.com\/wp-content\/uploads\/2025\/05\/Grupo.png","width":499,"height":590,"caption":"Calero Diving Lanzarote"},"image":{"@id":"https:\/\/calerodiving.com\/#\/schema\/logo\/image\/"},"sameAs":["https:\/\/www.facebook.com\/calerodiving\/","https:\/\/www.instagram.com\/calerodiving\/"]}]}},"_links":{"self":[{"href":"https:\/\/calerodiving.com\/de\/wp-json\/wp\/v2\/pages\/24957","targetHints":{"allow":["GET"]}}],"collection":[{"href":"https:\/\/calerodiving.com\/de\/wp-json\/wp\/v2\/pages"}],"about":[{"href":"https:\/\/calerodiving.com\/de\/wp-json\/wp\/v2\/types\/page"}],"author":[{"embeddable":true,"href":"https:\/\/calerodiving.com\/de\/wp-json\/wp\/v2\/users\/10"}],"replies":[{"embeddable":true,"href":"https:\/\/calerodiving.com\/de\/wp-json\/wp\/v2\/comments?post=24957"}],"version-history":[{"count":4,"href":"https:\/\/calerodiving.com\/de\/wp-json\/wp\/v2\/pages\/24957\/revisions"}],"predecessor-version":[{"id":28492,"href":"https:\/\/calerodiving.com\/de\/wp-json\/wp\/v2\/pages\/24957\/revisions\/28492"}],"wp:attachment":[{"href":"https:\/\/calerodiving.com\/de\/wp-json\/wp\/v2\/media?parent=24957"}],"curies":[{"name":"wp","href":"https:\/\/api.w.org\/{rel}","templated":true}]}}