{"id":24940,"date":"2025-09-01T13:29:19","date_gmt":"2025-09-01T12:29:19","guid":{"rendered":"https:\/\/calerodiving.com\/las-lenguas\/"},"modified":"2026-04-20T14:16:57","modified_gmt":"2026-04-20T13:16:57","slug":"las-lenguas","status":"publish","type":"page","link":"https:\/\/calerodiving.com\/de\/las-lenguas\/","title":{"rendered":"Las Lenguas"},"content":{"rendered":"\t\t<div data-elementor-type=\"wp-page\" data-elementor-id=\"24940\" class=\"elementor elementor-24940 elementor-19860\" data-elementor-post-type=\"page\">\n\t\t\t\t<div class=\"elementor-element elementor-element-b350548 e-flex e-con-boxed e-con e-parent\" data-id=\"b350548\" data-element_type=\"container\" data-e-type=\"container\">\n\t\t\t\t\t<div class=\"e-con-inner\">\n\t\t<div class=\"elementor-element elementor-element-4fab5fd e-con-full e-flex e-con e-child\" data-id=\"4fab5fd\" data-element_type=\"container\" data-e-type=\"container\">\n\t\t<div class=\"elementor-element elementor-element-a1a458b e-con-full e-flex e-con e-child\" data-id=\"a1a458b\" data-element_type=\"container\" data-e-type=\"container\">\n\t\t\t\t<div class=\"elementor-element elementor-element-0571d5d elementor-widget elementor-widget-heading\" data-id=\"0571d5d\" data-element_type=\"widget\" data-e-type=\"widget\" data-widget_type=\"heading.default\">\n\t\t\t\t<div class=\"elementor-widget-container\">\n\t\t\t\t\t<h2 class=\"elementor-heading-title elementor-size-default\">Die Zungen<\/h2>\t\t\t\t<\/div>\n\t\t\t\t<\/div>\n\t\t\t\t<\/div>\n\t\t\t\t<\/div>\n\t\t\t\t\t<\/div>\n\t\t\t\t<\/div>\n\t\t<div class=\"elementor-element elementor-element-feb9f2e e-flex e-con-boxed e-con e-parent\" data-id=\"feb9f2e\" data-element_type=\"container\" data-e-type=\"container\">\n\t\t\t\t\t<div class=\"e-con-inner\">\n\t\t<div class=\"elementor-element elementor-element-bcb1299 e-con-full e-flex e-con e-child\" data-id=\"bcb1299\" data-element_type=\"container\" data-e-type=\"container\">\n\t\t<div class=\"elementor-element elementor-element-334588e e-con-full e-flex e-con e-child\" data-id=\"334588e\" data-element_type=\"container\" data-e-type=\"container\">\n\t\t\t\t<div class=\"elementor-element elementor-element-3d7c096 elementor-widget elementor-widget-image\" data-id=\"3d7c096\" data-element_type=\"widget\" data-e-type=\"widget\" data-widget_type=\"image.default\">\n\t\t\t\t<div class=\"elementor-widget-container\">\n\t\t\t\t\t\t\t\t\t\t\t\t\t\t\t<img fetchpriority=\"high\" decoding=\"async\" width=\"1200\" height=\"800\" src=\"https:\/\/calerodiving.com\/wp-content\/uploads\/2017\/10\/las-lenquas.jpg\" class=\"attachment-full size-full wp-image-4577\" alt=\"\" srcset=\"https:\/\/calerodiving.com\/wp-content\/uploads\/2017\/10\/las-lenquas.jpg 1200w, https:\/\/calerodiving.com\/wp-content\/uploads\/2017\/10\/las-lenquas-300x200.jpg 300w, https:\/\/calerodiving.com\/wp-content\/uploads\/2017\/10\/las-lenquas-768x512.jpg 768w, https:\/\/calerodiving.com\/wp-content\/uploads\/2017\/10\/las-lenquas-1030x687.jpg 1030w, https:\/\/calerodiving.com\/wp-content\/uploads\/2017\/10\/las-lenquas-705x470.jpg 705w, https:\/\/calerodiving.com\/wp-content\/uploads\/2017\/10\/las-lenquas-450x300.jpg 450w\" sizes=\"(max-width: 1200px) 100vw, 1200px\" \/>\t\t\t\t\t\t\t\t\t\t\t\t\t\t\t<\/div>\n\t\t\t\t<\/div>\n\t\t\t\t<div class=\"elementor-element elementor-element-fceb7fe elementor-widget elementor-widget-text-editor\" data-id=\"fceb7fe\" data-element_type=\"widget\" data-e-type=\"widget\" data-widget_type=\"text-editor.default\">\n\t\t\t\t<div class=\"elementor-widget-container\">\n\t\t\t\t\t\t\t\t\t\u00d6stlich von Twin Pipes liegt der Tauchplatz Las Lenguas \u2013 \u201eDie Zungen\u201c \u2013 benannt nach seiner markanten Riffstruktur.\n\nBei der Einweisung zu diesem Tauchplatz l\u00e4sst sich die Struktur am einfachsten mit einer ge\u00f6ffneten Hand erkl\u00e4ren.\n\nWenn du deine Finger spreizt, bekommst du ein ziemlich genaues Bild davon, wie Las Lenguas unter Wasser aufgebaut ist.\n\nMehrere kleinere Riffw\u00e4nde verzweigen sich vom Hauptriff, w\u00e4hrend sandige Kan\u00e4le dazwischen die charakteristische \u201efingerartige\u201c Form entstehen lassen, die dem Tauchplatz seinen Namen gibt.\n\nAm westlichen Ende von Las Lenguas befinden sich zwei besonders fotogene Highlights, die diesen Tauchplatz besonders machen.\n\nDas erste ist ein nat\u00fcrliches Fenster im \u00e4u\u00dferen Riff \u2013 ideal f\u00fcr eines der klassischen Unterwasserfotos.\n\nEtwas n\u00f6rdlich davon befindet sich ein kleiner nat\u00fcrlicher Bogen, durch den du hindurchtauchen und nach oben auftauchen kannst \u2013 ein weiteres tolles Fotomotiv.\t\t\t\t\t\t\t\t<\/div>\n\t\t\t\t<\/div>\n\t\t\t\t<\/div>\n\t\t\t\t<\/div>\n\t\t<div class=\"elementor-element elementor-element-ccecb21 e-con-full e-flex e-con e-child\" data-id=\"ccecb21\" data-element_type=\"container\" data-e-type=\"container\">\n\t\t<div class=\"elementor-element elementor-element-89a72d7 e-con-full course-sidebar-box e-flex e-con e-child\" data-id=\"89a72d7\" data-element_type=\"container\" data-e-type=\"container\" data-settings=\"{&quot;sticky&quot;:&quot;top&quot;,&quot;sticky_offset&quot;:110,&quot;sticky_effects_offset&quot;:130,&quot;sticky_parent&quot;:&quot;yes&quot;,&quot;sticky_on&quot;:[&quot;desktop&quot;,&quot;tablet&quot;,&quot;mobile&quot;],&quot;sticky_anchor_link_offset&quot;:0}\">\n\t\t\t\t<div class=\"elementor-element elementor-element-1fc19d1 elementor-widget elementor-widget-image\" data-id=\"1fc19d1\" data-element_type=\"widget\" data-e-type=\"widget\" data-widget_type=\"image.default\">\n\t\t\t\t<div class=\"elementor-widget-container\">\n\t\t\t\t\t\t\t\t\t\t\t\t\t\t\t<img decoding=\"async\" width=\"410\" height=\"412\" src=\"https:\/\/calerodiving.com\/wp-content\/uploads\/2025\/07\/las_lenguas_QR.png\" class=\"attachment-large size-large wp-image-21834\" alt=\"\" srcset=\"https:\/\/calerodiving.com\/wp-content\/uploads\/2025\/07\/las_lenguas_QR.png 410w, https:\/\/calerodiving.com\/wp-content\/uploads\/2025\/07\/las_lenguas_QR-300x300.png 300w, https:\/\/calerodiving.com\/wp-content\/uploads\/2025\/07\/las_lenguas_QR-80x80.png 80w\" sizes=\"(max-width: 410px) 100vw, 410px\" \/>\t\t\t\t\t\t\t\t\t\t\t\t\t\t\t<\/div>\n\t\t\t\t<\/div>\n\t\t\t\t<div class=\"elementor-element elementor-element-833f1f8 elementor-widget elementor-widget-text-editor\" data-id=\"833f1f8\" data-element_type=\"widget\" data-e-type=\"widget\" data-widget_type=\"text-editor.default\">\n\t\t\t\t<div class=\"elementor-widget-container\">\n\t\t\t\t\t\t\t\t\t<div class=\"courses-info\">\n<p style=\"margin: 0 0 10px;\"><span style=\"color: #ffffff;\"><strong>Art des Tauchgangs:<\/strong> Lavariff<\/span><\/p>\n<p style=\"margin: 0 0 10px;\"><span style=\"color: #ffffff;\"><strong>Maximale Tiefe:<\/strong> ca. 20 Meter<\/span><\/p>\n<p style=\"margin: 0 0 10px;\"><span style=\"color: #ffffff;\"><strong>Geeignet f\u00fcr:<\/strong> alle Erfahrungsstufen<\/span><\/p>\n<p style=\"margin: 0;\"><span style=\"color: #ffffff;\"><strong>Zu sehen:<\/strong> Lavaformationen, sandige Kan\u00e4le, nat\u00fcrliches Fenster, Bogen und tolle Fotom\u00f6glichkeiten<\/span><\/p>\n<\/div>\t\t\t\t\t\t\t\t<\/div>\n\t\t\t\t<\/div>\n\t\t\t\t<div class=\"elementor-element elementor-element-5c6152b elementor-widget elementor-widget-ucaddon_underline_link_hover_effect\" data-id=\"5c6152b\" data-element_type=\"widget\" data-e-type=\"widget\" data-widget_type=\"ucaddon_underline_link_hover_effect.default\">\n\t\t\t\t<div class=\"elementor-widget-container\">\n\t\t\t\t\t\n<!-- start Underline Link Hover Effect -->\n\t\t<link id='font-awesome-css' href='https:\/\/calerodiving.com\/wp-content\/plugins\/unlimited-elements-for-elementor-premium\/assets_libraries\/font-awesome6\/fontawesome-all.min.css' type='text\/css' rel='stylesheet' >\n\t\t<link id='font-awesome-4-shim-css' href='https:\/\/calerodiving.com\/wp-content\/plugins\/unlimited-elements-for-elementor-premium\/assets_libraries\/font-awesome6\/fontawesome-v4-shims.min.css' type='text\/css' rel='stylesheet' >\n\n<style>\/* widget: Underline Link Hover Effect *\/\n\n#uc_underline_link_hover_effect_elementor_5c6152b{\n  display:flex;\n} \n\n#uc_underline_link_hover_effect_elementor_5c6152b a.ue-link{\n  display:flex;\n  position:relative;\n  align-items:center;\n  justify-content:center;\n  text-decoration:none;\n}\n\n#uc_underline_link_hover_effect_elementor_5c6152b a.ue-link:after{\n  content: \"\";\n    width:100%;\n    position:absolute;\n  bottom:0px;\n    left:0px;\n    display: block;\n  transition:1s;\n}\n\n#uc_underline_link_hover_effect_elementor_5c6152b a:hover:after{\n    width:0%;\n  }\n\n#uc_underline_link_hover_effect_elementor_5c6152b .ue-link-hover-effect-spacing{\n  transition:1s;\n}\n\n#uc_underline_link_hover_effect_elementor_5c6152b .ue-link-hover-effect-text{\n  padding:10px 0px;\n}\n\n#uc_underline_link_hover_effect_elementor_5c6152b .ue-link-hover-effect-icon{\n  line-height:1em;\n  transition:1s;\n}\n\n#uc_underline_link_hover_effect_elementor_5c6152b .ue-link-hover-effect-icon svg{\n  height:1em;\n  width:1em;\n}\n\n<\/style>\n\n<div id=\"uc_underline_link_hover_effect_elementor_5c6152b\" class=\"ue-link-wrap\">\n  <a class=\"ue-link\" href=\"\" >\n    <div class=\"ue-link-hover-effect-text\">Kontaktieren Sie uns<\/div>\n    <div class=\"ue-link-hover-effect-spacing\"><\/div>\n    <div class=\"ue-link-hover-effect-icon\"><i class='fas fa-arrow-right'><\/i><\/div>\n  <\/a>\n<\/div>\n<!-- end Underline Link Hover Effect -->\t\t\t\t<\/div>\n\t\t\t\t<\/div>\n\t\t\t\t<\/div>\n\t\t\t\t<\/div>\n\t\t\t\t\t<\/div>\n\t\t\t\t<\/div>\n\t\t\t\t<\/div>\n\t\t","protected":false},"excerpt":{"rendered":"<p>Die Zungen \u00d6stlich von Twin Pipes liegt der Tauchplatz Las Lenguas \u2013 \u201eDie Zungen\u201c \u2013 benannt nach seiner markanten Riffstruktur. Bei der Einweisung zu diesem Tauchplatz l\u00e4sst sich die Struktur am einfachsten mit einer ge\u00f6ffneten Hand erkl\u00e4ren. Wenn du deine Finger spreizt, bekommst du ein ziemlich genaues Bild davon, wie Las Lenguas unter Wasser aufgebaut [&hellip;]<\/p>\n","protected":false},"author":10,"featured_media":0,"parent":0,"menu_order":0,"comment_status":"closed","ping_status":"closed","template":"","meta":{"_acf_changed":false,"footnotes":""},"class_list":["post-24940","page","type-page","status-publish","hentry"],"acf":[],"yoast_head":"<!-- This site is optimized with the Yoast SEO plugin v27.5 - https:\/\/yoast.com\/product\/yoast-seo-wordpress\/ -->\n<title>Las Lenguas | Calero Diving Lanzarote<\/title>\n<meta name=\"robots\" content=\"index, follow, max-snippet:-1, max-image-preview:large, max-video-preview:-1\" \/>\n<link rel=\"canonical\" href=\"https:\/\/calerodiving.com\/las-lenguas\/\" \/>\n<meta property=\"og:locale\" content=\"de_DE\" \/>\n<meta property=\"og:type\" content=\"article\" \/>\n<meta property=\"og:title\" content=\"Las Lenguas | Calero Diving Lanzarote\" \/>\n<meta property=\"og:description\" content=\"Die Zungen \u00d6stlich von Twin Pipes liegt der Tauchplatz Las Lenguas \u2013 \u201eDie Zungen\u201c \u2013 benannt nach seiner markanten Riffstruktur. Bei der Einweisung zu diesem Tauchplatz l\u00e4sst sich die Struktur am einfachsten mit einer ge\u00f6ffneten Hand erkl\u00e4ren. Wenn du deine Finger spreizt, bekommst du ein ziemlich genaues Bild davon, wie Las Lenguas unter Wasser aufgebaut [&hellip;]\" \/>\n<meta property=\"og:url\" content=\"https:\/\/calerodiving.com\/las-lenguas\/\" \/>\n<meta property=\"og:site_name\" content=\"Calero Diving Lanzarote\" \/>\n<meta property=\"article:publisher\" content=\"https:\/\/www.facebook.com\/calerodiving\/\" \/>\n<meta property=\"article:modified_time\" content=\"2026-04-20T13:16:57+00:00\" \/>\n<meta property=\"og:image\" content=\"https:\/\/calerodiving.com\/wp-content\/uploads\/2017\/10\/las-lenquas.jpg\" \/>\n\t<meta property=\"og:image:width\" content=\"1200\" \/>\n\t<meta property=\"og:image:height\" content=\"800\" \/>\n\t<meta property=\"og:image:type\" content=\"image\/jpeg\" \/>\n<meta name=\"twitter:card\" content=\"summary_large_image\" \/>\n<meta name=\"twitter:label1\" content=\"Gesch\u00e4tzte Lesezeit\" \/>\n\t<meta name=\"twitter:data1\" content=\"2\u00a0Minuten\" \/>\n<script type=\"application\/ld+json\" class=\"yoast-schema-graph\">{\"@context\":\"https:\\\/\\\/schema.org\",\"@graph\":[{\"@type\":\"WebPage\",\"@id\":\"https:\\\/\\\/calerodiving.com\\\/las-lenguas\\\/\",\"url\":\"https:\\\/\\\/calerodiving.com\\\/las-lenguas\\\/\",\"name\":\"Las Lenguas | Calero Diving Lanzarote\",\"isPartOf\":{\"@id\":\"https:\\\/\\\/calerodiving.com\\\/#website\"},\"primaryImageOfPage\":{\"@id\":\"https:\\\/\\\/calerodiving.com\\\/las-lenguas\\\/#primaryimage\"},\"image\":{\"@id\":\"https:\\\/\\\/calerodiving.com\\\/las-lenguas\\\/#primaryimage\"},\"thumbnailUrl\":\"https:\\\/\\\/calerodiving.com\\\/wp-content\\\/uploads\\\/2017\\\/10\\\/las-lenquas.jpg\",\"datePublished\":\"2025-09-01T12:29:19+00:00\",\"dateModified\":\"2026-04-20T13:16:57+00:00\",\"breadcrumb\":{\"@id\":\"https:\\\/\\\/calerodiving.com\\\/las-lenguas\\\/#breadcrumb\"},\"inLanguage\":\"de\",\"potentialAction\":[{\"@type\":\"ReadAction\",\"target\":[\"https:\\\/\\\/calerodiving.com\\\/las-lenguas\\\/\"]}]},{\"@type\":\"ImageObject\",\"inLanguage\":\"de\",\"@id\":\"https:\\\/\\\/calerodiving.com\\\/las-lenguas\\\/#primaryimage\",\"url\":\"https:\\\/\\\/calerodiving.com\\\/wp-content\\\/uploads\\\/2017\\\/10\\\/las-lenquas.jpg\",\"contentUrl\":\"https:\\\/\\\/calerodiving.com\\\/wp-content\\\/uploads\\\/2017\\\/10\\\/las-lenquas.jpg\"},{\"@type\":\"BreadcrumbList\",\"@id\":\"https:\\\/\\\/calerodiving.com\\\/las-lenguas\\\/#breadcrumb\",\"itemListElement\":[{\"@type\":\"ListItem\",\"position\":1,\"name\":\"Home\",\"item\":\"https:\\\/\\\/calerodiving.com\\\/es\\\/\"},{\"@type\":\"ListItem\",\"position\":2,\"name\":\"Las Lenguas\"}]},{\"@type\":\"WebSite\",\"@id\":\"https:\\\/\\\/calerodiving.com\\\/#website\",\"url\":\"https:\\\/\\\/calerodiving.com\\\/\",\"name\":\"Calero Diving Lanzarote\",\"description\":\"Dive Center - Marina Puerto Calero Lanzarote\",\"publisher\":{\"@id\":\"https:\\\/\\\/calerodiving.com\\\/#organization\"},\"alternateName\":\"Calero Diving\",\"potentialAction\":[{\"@type\":\"SearchAction\",\"target\":{\"@type\":\"EntryPoint\",\"urlTemplate\":\"https:\\\/\\\/calerodiving.com\\\/?s={search_term_string}\"},\"query-input\":{\"@type\":\"PropertyValueSpecification\",\"valueRequired\":true,\"valueName\":\"search_term_string\"}}],\"inLanguage\":\"de\"},{\"@type\":\"Organization\",\"@id\":\"https:\\\/\\\/calerodiving.com\\\/#organization\",\"name\":\"Calero Diving Lanzarote\",\"alternateName\":\"Calero Diving\",\"url\":\"https:\\\/\\\/calerodiving.com\\\/\",\"logo\":{\"@type\":\"ImageObject\",\"inLanguage\":\"de\",\"@id\":\"https:\\\/\\\/calerodiving.com\\\/#\\\/schema\\\/logo\\\/image\\\/\",\"url\":\"https:\\\/\\\/calerodiving.com\\\/wp-content\\\/uploads\\\/2025\\\/05\\\/Grupo.png\",\"contentUrl\":\"https:\\\/\\\/calerodiving.com\\\/wp-content\\\/uploads\\\/2025\\\/05\\\/Grupo.png\",\"width\":499,\"height\":590,\"caption\":\"Calero Diving Lanzarote\"},\"image\":{\"@id\":\"https:\\\/\\\/calerodiving.com\\\/#\\\/schema\\\/logo\\\/image\\\/\"},\"sameAs\":[\"https:\\\/\\\/www.facebook.com\\\/calerodiving\\\/\",\"https:\\\/\\\/www.instagram.com\\\/calerodiving\\\/\"]}]}<\/script>\n<!-- \/ Yoast SEO plugin. -->","yoast_head_json":{"title":"Las Lenguas | Calero Diving Lanzarote","robots":{"index":"index","follow":"follow","max-snippet":"max-snippet:-1","max-image-preview":"max-image-preview:large","max-video-preview":"max-video-preview:-1"},"canonical":"https:\/\/calerodiving.com\/las-lenguas\/","og_locale":"de_DE","og_type":"article","og_title":"Las Lenguas | Calero Diving Lanzarote","og_description":"Die Zungen \u00d6stlich von Twin Pipes liegt der Tauchplatz Las Lenguas \u2013 \u201eDie Zungen\u201c \u2013 benannt nach seiner markanten Riffstruktur. Bei der Einweisung zu diesem Tauchplatz l\u00e4sst sich die Struktur am einfachsten mit einer ge\u00f6ffneten Hand erkl\u00e4ren. Wenn du deine Finger spreizt, bekommst du ein ziemlich genaues Bild davon, wie Las Lenguas unter Wasser aufgebaut [&hellip;]","og_url":"https:\/\/calerodiving.com\/las-lenguas\/","og_site_name":"Calero Diving Lanzarote","article_publisher":"https:\/\/www.facebook.com\/calerodiving\/","article_modified_time":"2026-04-20T13:16:57+00:00","og_image":[{"width":1200,"height":800,"url":"https:\/\/calerodiving.com\/wp-content\/uploads\/2017\/10\/las-lenquas.jpg","type":"image\/jpeg"}],"twitter_card":"summary_large_image","twitter_misc":{"Gesch\u00e4tzte Lesezeit":"2\u00a0Minuten"},"schema":{"@context":"https:\/\/schema.org","@graph":[{"@type":"WebPage","@id":"https:\/\/calerodiving.com\/las-lenguas\/","url":"https:\/\/calerodiving.com\/las-lenguas\/","name":"Las Lenguas | Calero Diving Lanzarote","isPartOf":{"@id":"https:\/\/calerodiving.com\/#website"},"primaryImageOfPage":{"@id":"https:\/\/calerodiving.com\/las-lenguas\/#primaryimage"},"image":{"@id":"https:\/\/calerodiving.com\/las-lenguas\/#primaryimage"},"thumbnailUrl":"https:\/\/calerodiving.com\/wp-content\/uploads\/2017\/10\/las-lenquas.jpg","datePublished":"2025-09-01T12:29:19+00:00","dateModified":"2026-04-20T13:16:57+00:00","breadcrumb":{"@id":"https:\/\/calerodiving.com\/las-lenguas\/#breadcrumb"},"inLanguage":"de","potentialAction":[{"@type":"ReadAction","target":["https:\/\/calerodiving.com\/las-lenguas\/"]}]},{"@type":"ImageObject","inLanguage":"de","@id":"https:\/\/calerodiving.com\/las-lenguas\/#primaryimage","url":"https:\/\/calerodiving.com\/wp-content\/uploads\/2017\/10\/las-lenquas.jpg","contentUrl":"https:\/\/calerodiving.com\/wp-content\/uploads\/2017\/10\/las-lenquas.jpg"},{"@type":"BreadcrumbList","@id":"https:\/\/calerodiving.com\/las-lenguas\/#breadcrumb","itemListElement":[{"@type":"ListItem","position":1,"name":"Home","item":"https:\/\/calerodiving.com\/es\/"},{"@type":"ListItem","position":2,"name":"Las Lenguas"}]},{"@type":"WebSite","@id":"https:\/\/calerodiving.com\/#website","url":"https:\/\/calerodiving.com\/","name":"Calero Diving Lanzarote","description":"Dive Center - Marina Puerto Calero Lanzarote","publisher":{"@id":"https:\/\/calerodiving.com\/#organization"},"alternateName":"Calero Diving","potentialAction":[{"@type":"SearchAction","target":{"@type":"EntryPoint","urlTemplate":"https:\/\/calerodiving.com\/?s={search_term_string}"},"query-input":{"@type":"PropertyValueSpecification","valueRequired":true,"valueName":"search_term_string"}}],"inLanguage":"de"},{"@type":"Organization","@id":"https:\/\/calerodiving.com\/#organization","name":"Calero Diving Lanzarote","alternateName":"Calero Diving","url":"https:\/\/calerodiving.com\/","logo":{"@type":"ImageObject","inLanguage":"de","@id":"https:\/\/calerodiving.com\/#\/schema\/logo\/image\/","url":"https:\/\/calerodiving.com\/wp-content\/uploads\/2025\/05\/Grupo.png","contentUrl":"https:\/\/calerodiving.com\/wp-content\/uploads\/2025\/05\/Grupo.png","width":499,"height":590,"caption":"Calero Diving Lanzarote"},"image":{"@id":"https:\/\/calerodiving.com\/#\/schema\/logo\/image\/"},"sameAs":["https:\/\/www.facebook.com\/calerodiving\/","https:\/\/www.instagram.com\/calerodiving\/"]}]}},"_links":{"self":[{"href":"https:\/\/calerodiving.com\/de\/wp-json\/wp\/v2\/pages\/24940","targetHints":{"allow":["GET"]}}],"collection":[{"href":"https:\/\/calerodiving.com\/de\/wp-json\/wp\/v2\/pages"}],"about":[{"href":"https:\/\/calerodiving.com\/de\/wp-json\/wp\/v2\/types\/page"}],"author":[{"embeddable":true,"href":"https:\/\/calerodiving.com\/de\/wp-json\/wp\/v2\/users\/10"}],"replies":[{"embeddable":true,"href":"https:\/\/calerodiving.com\/de\/wp-json\/wp\/v2\/comments?post=24940"}],"version-history":[{"count":4,"href":"https:\/\/calerodiving.com\/de\/wp-json\/wp\/v2\/pages\/24940\/revisions"}],"predecessor-version":[{"id":28468,"href":"https:\/\/calerodiving.com\/de\/wp-json\/wp\/v2\/pages\/24940\/revisions\/28468"}],"wp:attachment":[{"href":"https:\/\/calerodiving.com\/de\/wp-json\/wp\/v2\/media?parent=24940"}],"curies":[{"name":"wp","href":"https:\/\/api.w.org\/{rel}","templated":true}]}}