{"id":24923,"date":"2025-09-01T13:29:16","date_gmt":"2025-09-01T12:29:16","guid":{"rendered":"https:\/\/calerodiving.com\/freizeit-sidemount-tauchen\/"},"modified":"2026-04-23T13:00:45","modified_gmt":"2026-04-23T12:00:45","slug":"freizeit-sidemount-tauchen","status":"publish","type":"page","link":"https:\/\/calerodiving.com\/de\/freizeit-sidemount-tauchen\/","title":{"rendered":"Freizeit-Sidemount-Tauchen"},"content":{"rendered":"\t\t<div data-elementor-type=\"wp-page\" data-elementor-id=\"24923\" class=\"elementor elementor-24923 elementor-20568\" data-elementor-post-type=\"page\">\n\t\t\t\t<div class=\"elementor-element elementor-element-8b431ec e-flex e-con-boxed e-con e-parent\" data-id=\"8b431ec\" data-element_type=\"container\" data-e-type=\"container\">\n\t\t\t\t\t<div class=\"e-con-inner\">\n\t\t<div class=\"elementor-element elementor-element-df9a090 e-con-full e-flex e-con e-child\" data-id=\"df9a090\" data-element_type=\"container\" data-e-type=\"container\">\n\t\t\t\t<div class=\"elementor-element elementor-element-b5a0a3c elementor-widget elementor-widget-image\" data-id=\"b5a0a3c\" data-element_type=\"widget\" data-e-type=\"widget\" data-widget_type=\"image.default\">\n\t\t\t\t<div class=\"elementor-widget-container\">\n\t\t\t\t\t\t\t\t\t\t\t\t\t\t\t<img fetchpriority=\"high\" decoding=\"async\" width=\"350\" height=\"222\" src=\"https:\/\/calerodiving.com\/wp-content\/uploads\/2017\/10\/recreational-sidemount.jpg\" class=\"attachment-large size-large wp-image-1948\" alt=\"\" srcset=\"https:\/\/calerodiving.com\/wp-content\/uploads\/2017\/10\/recreational-sidemount.jpg 350w, https:\/\/calerodiving.com\/wp-content\/uploads\/2017\/10\/recreational-sidemount-300x190.jpg 300w\" sizes=\"(max-width: 350px) 100vw, 350px\" \/>\t\t\t\t\t\t\t\t\t\t\t\t\t\t\t<\/div>\n\t\t\t\t<\/div>\n\t\t\t\t<\/div>\n\t\t<div class=\"elementor-element elementor-element-7ebefa2 e-con-full e-flex e-con e-child\" data-id=\"7ebefa2\" data-element_type=\"container\" data-e-type=\"container\">\n\t\t<div class=\"elementor-element elementor-element-fb96066 e-con-full e-flex e-con e-child\" data-id=\"fb96066\" data-element_type=\"container\" data-e-type=\"container\">\n\t\t\t\t<div class=\"elementor-element elementor-element-41deae7 elementor-widget elementor-widget-html\" data-id=\"41deae7\" data-element_type=\"widget\" data-e-type=\"widget\" data-widget_type=\"html.default\">\n\t\t\t\t<div class=\"elementor-widget-container\">\n\t\t\t\t\t<a href=\"https:\/\/calerodiving.com\/de\/sporttauchkurse\/#specialties\" class=\"tag-button\">Spezialit\u00e4ten<\/a>\n\t\t\t\t<\/div>\n\t\t\t\t<\/div>\n\t\t\t\t<div class=\"elementor-element elementor-element-9f7ff08 elementor-widget elementor-widget-heading\" data-id=\"9f7ff08\" data-element_type=\"widget\" data-e-type=\"widget\" data-widget_type=\"heading.default\">\n\t\t\t\t<div class=\"elementor-widget-container\">\n\t\t\t\t\t<h2 class=\"elementor-heading-title elementor-size-default\">Recreational Sidemount Diving<\/h2>\t\t\t\t<\/div>\n\t\t\t\t<\/div>\n\t\t\t\t<\/div>\n\t\t\t\t<\/div>\n\t\t\t\t\t<\/div>\n\t\t\t\t<\/div>\n\t\t<div class=\"elementor-element elementor-element-9cd2688 e-flex e-con-boxed e-con e-parent\" data-id=\"9cd2688\" data-element_type=\"container\" data-e-type=\"container\">\n\t\t\t\t\t<div class=\"e-con-inner\">\n\t\t<div class=\"elementor-element elementor-element-fc8d864 e-con-full e-flex e-con e-child\" data-id=\"fc8d864\" data-element_type=\"container\" data-e-type=\"container\">\n\t\t<div class=\"elementor-element elementor-element-1f41acf e-con-full e-flex e-con e-child\" data-id=\"1f41acf\" data-element_type=\"container\" data-e-type=\"container\">\n\t\t\t\t<div class=\"elementor-element elementor-element-c4fcc64 elementor-widget elementor-widget-heading\" data-id=\"c4fcc64\" data-element_type=\"widget\" data-e-type=\"widget\" data-widget_type=\"heading.default\">\n\t\t\t\t<div class=\"elementor-widget-container\">\n\t\t\t\t\t<h2 class=\"elementor-heading-title elementor-size-default\">Erfahren Sie, wie Sie die Sidemount-Konfiguration f\u00fcr einen komfortableren und sichereren Tauchgang nutzen<\/h2>\t\t\t\t<\/div>\n\t\t\t\t<\/div>\n\t\t\t\t<div class=\"elementor-element elementor-element-76e5e75 elementor-widget elementor-widget-text-editor\" data-id=\"76e5e75\" data-element_type=\"widget\" data-e-type=\"widget\" data-widget_type=\"text-editor.default\">\n\t\t\t\t<div class=\"elementor-widget-container\">\n\t\t\t\t\t\t\t\t\t<div class=\"section-list\">\n<h3>Kurs\u00fcbersicht:<\/h3>\n<p>Sidemount-Tauchen wird immer beliebter \u2013 dank mehr Komfort, Flexibilit\u00e4t und besserer Kontrolle unter Wasser.<\/p><p><span style=\"font-family: -apple-system, BlinkMacSystemFont, &quot;SF Pro Display&quot;, &quot;Helvetica Neue&quot;, sans-serif;\">Anstatt die Flaschen auf dem R\u00fccken zu tragen, befestigst du sie seitlich am K\u00f6rper. Das sorgt f\u00fcr bessere Balance, leichteren Zugriff auf deine Ausr\u00fcstung und eine nat\u00fcrlichere Wasserlage.<\/span><\/p><p><span style=\"font-family: -apple-system, BlinkMacSystemFont, &quot;SF Pro Display&quot;, &quot;Helvetica Neue&quot;, sans-serif;\">In diesem SSI Recreational Sidemount Diving Kurs lernst du, die Ausr\u00fcstung korrekt einzustellen und zu nutzen sowie deine Tarierung, Wasserlage und Kontrolle deutlich zu verbessern.<\/span><\/p><p><span style=\"font-family: -apple-system, BlinkMacSystemFont, &quot;SF Pro Display&quot;, &quot;Helvetica Neue&quot;, sans-serif;\">Am Ende f\u00fchlst du dich unter Wasser sicherer, entspannter und effizienter.<\/span><\/p>\n<h3>Dauer<\/h3>\n<ul>\n<li>3 Tage<\/li>\n<\/ul>\n<h3>Inklusive<\/h3>\n<ul>\n<li>1 Einheit im begrenzten Wasser<\/li>\n<li>3 Trainingstauchg\u00e4nge<\/li>\n<li>SSI Recreational Sidemount Diving Zertifizierung<\/li>\n<\/ul>\n<h3>Nicht enthalten<\/h3>\n<ul>\n<li>Tauchversicherung<\/li>\n<li>Leihausr\u00fcstung<\/li>\n<\/ul>\n<h3>Voraussetzungen<\/h3>\n<ul>\n<li>Mindestalter von 12 Jahren<\/li>\n<li>SSI Open Water Diver Zertifizierung oder gleichwertig<\/li>\n<\/ul>\n<h3>Weitere Kurse, die dich interessieren k\u00f6nnten:<\/h3>\n<ul>\n<li>Wracktauchen<\/li>\n<li>Trockentauchen<\/li>\n<li>Enriched Air Nitrox<\/li>\n<\/ul>\n<\/div>\t\t\t\t\t\t\t\t<\/div>\n\t\t\t\t<\/div>\n\t\t\t\t<\/div>\n\t\t\t\t<\/div>\n\t\t<div class=\"elementor-element elementor-element-f3acb88 e-con-full e-flex e-con e-child\" data-id=\"f3acb88\" data-element_type=\"container\" data-e-type=\"container\">\n\t\t<div class=\"elementor-element elementor-element-dbaefab e-con-full course-sidebar-box e-flex e-con e-child\" data-id=\"dbaefab\" data-element_type=\"container\" data-e-type=\"container\" data-settings=\"{&quot;sticky&quot;:&quot;top&quot;,&quot;sticky_offset&quot;:110,&quot;sticky_effects_offset&quot;:130,&quot;sticky_parent&quot;:&quot;yes&quot;,&quot;sticky_on&quot;:[&quot;desktop&quot;,&quot;tablet&quot;,&quot;mobile&quot;],&quot;sticky_anchor_link_offset&quot;:0}\">\n\t\t\t\t<div class=\"elementor-element elementor-element-92469fe elementor-widget elementor-widget-text-editor\" data-id=\"92469fe\" data-element_type=\"widget\" data-e-type=\"widget\" data-widget_type=\"text-editor.default\">\n\t\t\t\t<div class=\"elementor-widget-container\">\n\t\t\t\t\t\t\t\t\t<div class=\"courses-info\"><h6 class=\"no-margin\">Dauer:<\/h6><p class=\"no-margin\">3 Tage<\/p><\/div><div class=\"courses-info\"><h6 class=\"no-margin\">Preis:<\/h6><p class=\"no-margin\">Ab 400 \u20ac<\/p><\/div>\t\t\t\t\t\t\t\t<\/div>\n\t\t\t\t<\/div>\n\t\t\t\t<div class=\"elementor-element elementor-element-f533967 elementor-mobile-align-center elementor-widget elementor-widget-button\" data-id=\"f533967\" data-element_type=\"widget\" data-e-type=\"widget\" data-widget_type=\"button.default\">\n\t\t\t\t<div class=\"elementor-widget-container\">\n\t\t\t\t\t\t\t\t\t<div class=\"elementor-button-wrapper\">\n\t\t\t\t\t<a class=\"elementor-button elementor-button-link elementor-size-sm\" href=\"https:\/\/booking.calerodiving.com\/front\/6213b2319a1bbf005fa0b870\/product\/62223d894db01a005f511a8e?lang=de\" target=\"_blank\">\n\t\t\t\t\t\t<span class=\"elementor-button-content-wrapper\">\n\t\t\t\t\t\t\t\t\t<span class=\"elementor-button-text\">Kurs buchen<\/span>\n\t\t\t\t\t<\/span>\n\t\t\t\t\t<\/a>\n\t\t\t\t<\/div>\n\t\t\t\t\t\t\t\t<\/div>\n\t\t\t\t<\/div>\n\t\t\t\t<\/div>\n\t\t\t\t<\/div>\n\t\t\t\t\t<\/div>\n\t\t\t\t<\/div>\n\t\t\t\t<\/div>\n\t\t","protected":false},"excerpt":{"rendered":"<p>Spezialit\u00e4ten Recreational Sidemount Diving Erfahren Sie, wie Sie die Sidemount-Konfiguration f\u00fcr einen komfortableren und sichereren Tauchgang nutzen Kurs\u00fcbersicht: Sidemount-Tauchen wird immer beliebter \u2013 dank mehr Komfort, Flexibilit\u00e4t und besserer Kontrolle unter Wasser. Anstatt die Flaschen auf dem R\u00fccken zu tragen, befestigst du sie seitlich am K\u00f6rper. Das sorgt f\u00fcr bessere Balance, leichteren Zugriff auf deine [&hellip;]<\/p>\n","protected":false},"author":10,"featured_media":0,"parent":0,"menu_order":0,"comment_status":"closed","ping_status":"closed","template":"","meta":{"_acf_changed":false,"footnotes":""},"class_list":["post-24923","page","type-page","status-publish","hentry"],"acf":[],"yoast_head":"<!-- This site is optimized with the Yoast SEO plugin v27.5 - https:\/\/yoast.com\/product\/yoast-seo-wordpress\/ -->\n<title>Freizeit-Sidemount-Tauchen | Calero Diving Lanzarote<\/title>\n<meta name=\"robots\" content=\"index, follow, max-snippet:-1, max-image-preview:large, max-video-preview:-1\" \/>\n<link rel=\"canonical\" href=\"https:\/\/calerodiving.com\/recreational-sidemount-diving\/\" \/>\n<meta property=\"og:locale\" content=\"de_DE\" \/>\n<meta property=\"og:type\" content=\"article\" \/>\n<meta property=\"og:title\" content=\"Freizeit-Sidemount-Tauchen | Calero Diving Lanzarote\" \/>\n<meta property=\"og:description\" content=\"Spezialit\u00e4ten Recreational Sidemount Diving Erfahren Sie, wie Sie die Sidemount-Konfiguration f\u00fcr einen komfortableren und sichereren Tauchgang nutzen Kurs\u00fcbersicht: Sidemount-Tauchen wird immer beliebter \u2013 dank mehr Komfort, Flexibilit\u00e4t und besserer Kontrolle unter Wasser. Anstatt die Flaschen auf dem R\u00fccken zu tragen, befestigst du sie seitlich am K\u00f6rper. Das sorgt f\u00fcr bessere Balance, leichteren Zugriff auf deine [&hellip;]\" \/>\n<meta property=\"og:url\" content=\"https:\/\/calerodiving.com\/recreational-sidemount-diving\/\" \/>\n<meta property=\"og:site_name\" content=\"Calero Diving Lanzarote\" \/>\n<meta property=\"article:publisher\" content=\"https:\/\/www.facebook.com\/calerodiving\/\" \/>\n<meta property=\"article:modified_time\" content=\"2026-04-23T12:00:45+00:00\" \/>\n<meta property=\"og:image\" content=\"https:\/\/calerodiving.com\/wp-content\/uploads\/2017\/10\/recreational-sidemount.jpg\" \/>\n\t<meta property=\"og:image:width\" content=\"350\" \/>\n\t<meta property=\"og:image:height\" content=\"222\" \/>\n\t<meta property=\"og:image:type\" content=\"image\/jpeg\" \/>\n<meta name=\"twitter:card\" content=\"summary_large_image\" \/>\n<meta name=\"twitter:label1\" content=\"Gesch\u00e4tzte Lesezeit\" \/>\n\t<meta name=\"twitter:data1\" content=\"2\u00a0Minuten\" \/>\n<script type=\"application\/ld+json\" class=\"yoast-schema-graph\">{\"@context\":\"https:\\\/\\\/schema.org\",\"@graph\":[{\"@type\":\"WebPage\",\"@id\":\"https:\\\/\\\/calerodiving.com\\\/recreational-sidemount-diving\\\/\",\"url\":\"https:\\\/\\\/calerodiving.com\\\/recreational-sidemount-diving\\\/\",\"name\":\"Freizeit-Sidemount-Tauchen | Calero Diving Lanzarote\",\"isPartOf\":{\"@id\":\"https:\\\/\\\/calerodiving.com\\\/#website\"},\"primaryImageOfPage\":{\"@id\":\"https:\\\/\\\/calerodiving.com\\\/recreational-sidemount-diving\\\/#primaryimage\"},\"image\":{\"@id\":\"https:\\\/\\\/calerodiving.com\\\/recreational-sidemount-diving\\\/#primaryimage\"},\"thumbnailUrl\":\"https:\\\/\\\/calerodiving.com\\\/wp-content\\\/uploads\\\/2017\\\/10\\\/recreational-sidemount.jpg\",\"datePublished\":\"2025-09-01T12:29:16+00:00\",\"dateModified\":\"2026-04-23T12:00:45+00:00\",\"breadcrumb\":{\"@id\":\"https:\\\/\\\/calerodiving.com\\\/recreational-sidemount-diving\\\/#breadcrumb\"},\"inLanguage\":\"de\",\"potentialAction\":[{\"@type\":\"ReadAction\",\"target\":[\"https:\\\/\\\/calerodiving.com\\\/recreational-sidemount-diving\\\/\"]}]},{\"@type\":\"ImageObject\",\"inLanguage\":\"de\",\"@id\":\"https:\\\/\\\/calerodiving.com\\\/recreational-sidemount-diving\\\/#primaryimage\",\"url\":\"https:\\\/\\\/calerodiving.com\\\/wp-content\\\/uploads\\\/2017\\\/10\\\/recreational-sidemount.jpg\",\"contentUrl\":\"https:\\\/\\\/calerodiving.com\\\/wp-content\\\/uploads\\\/2017\\\/10\\\/recreational-sidemount.jpg\"},{\"@type\":\"BreadcrumbList\",\"@id\":\"https:\\\/\\\/calerodiving.com\\\/recreational-sidemount-diving\\\/#breadcrumb\",\"itemListElement\":[{\"@type\":\"ListItem\",\"position\":1,\"name\":\"Home\",\"item\":\"https:\\\/\\\/calerodiving.com\\\/es\\\/\"},{\"@type\":\"ListItem\",\"position\":2,\"name\":\"Freizeit-Sidemount-Tauchen\"}]},{\"@type\":\"WebSite\",\"@id\":\"https:\\\/\\\/calerodiving.com\\\/#website\",\"url\":\"https:\\\/\\\/calerodiving.com\\\/\",\"name\":\"Calero Diving Lanzarote\",\"description\":\"Dive Center - Marina Puerto Calero Lanzarote\",\"publisher\":{\"@id\":\"https:\\\/\\\/calerodiving.com\\\/#organization\"},\"alternateName\":\"Calero Diving\",\"potentialAction\":[{\"@type\":\"SearchAction\",\"target\":{\"@type\":\"EntryPoint\",\"urlTemplate\":\"https:\\\/\\\/calerodiving.com\\\/?s={search_term_string}\"},\"query-input\":{\"@type\":\"PropertyValueSpecification\",\"valueRequired\":true,\"valueName\":\"search_term_string\"}}],\"inLanguage\":\"de\"},{\"@type\":\"Organization\",\"@id\":\"https:\\\/\\\/calerodiving.com\\\/#organization\",\"name\":\"Calero Diving Lanzarote\",\"alternateName\":\"Calero Diving\",\"url\":\"https:\\\/\\\/calerodiving.com\\\/\",\"logo\":{\"@type\":\"ImageObject\",\"inLanguage\":\"de\",\"@id\":\"https:\\\/\\\/calerodiving.com\\\/#\\\/schema\\\/logo\\\/image\\\/\",\"url\":\"https:\\\/\\\/calerodiving.com\\\/wp-content\\\/uploads\\\/2025\\\/05\\\/Grupo.png\",\"contentUrl\":\"https:\\\/\\\/calerodiving.com\\\/wp-content\\\/uploads\\\/2025\\\/05\\\/Grupo.png\",\"width\":499,\"height\":590,\"caption\":\"Calero Diving Lanzarote\"},\"image\":{\"@id\":\"https:\\\/\\\/calerodiving.com\\\/#\\\/schema\\\/logo\\\/image\\\/\"},\"sameAs\":[\"https:\\\/\\\/www.facebook.com\\\/calerodiving\\\/\",\"https:\\\/\\\/www.instagram.com\\\/calerodiving\\\/\"]}]}<\/script>\n<!-- \/ Yoast SEO plugin. -->","yoast_head_json":{"title":"Freizeit-Sidemount-Tauchen | Calero Diving Lanzarote","robots":{"index":"index","follow":"follow","max-snippet":"max-snippet:-1","max-image-preview":"max-image-preview:large","max-video-preview":"max-video-preview:-1"},"canonical":"https:\/\/calerodiving.com\/recreational-sidemount-diving\/","og_locale":"de_DE","og_type":"article","og_title":"Freizeit-Sidemount-Tauchen | Calero Diving Lanzarote","og_description":"Spezialit\u00e4ten Recreational Sidemount Diving Erfahren Sie, wie Sie die Sidemount-Konfiguration f\u00fcr einen komfortableren und sichereren Tauchgang nutzen Kurs\u00fcbersicht: Sidemount-Tauchen wird immer beliebter \u2013 dank mehr Komfort, Flexibilit\u00e4t und besserer Kontrolle unter Wasser. Anstatt die Flaschen auf dem R\u00fccken zu tragen, befestigst du sie seitlich am K\u00f6rper. Das sorgt f\u00fcr bessere Balance, leichteren Zugriff auf deine [&hellip;]","og_url":"https:\/\/calerodiving.com\/recreational-sidemount-diving\/","og_site_name":"Calero Diving Lanzarote","article_publisher":"https:\/\/www.facebook.com\/calerodiving\/","article_modified_time":"2026-04-23T12:00:45+00:00","og_image":[{"width":350,"height":222,"url":"https:\/\/calerodiving.com\/wp-content\/uploads\/2017\/10\/recreational-sidemount.jpg","type":"image\/jpeg"}],"twitter_card":"summary_large_image","twitter_misc":{"Gesch\u00e4tzte Lesezeit":"2\u00a0Minuten"},"schema":{"@context":"https:\/\/schema.org","@graph":[{"@type":"WebPage","@id":"https:\/\/calerodiving.com\/recreational-sidemount-diving\/","url":"https:\/\/calerodiving.com\/recreational-sidemount-diving\/","name":"Freizeit-Sidemount-Tauchen | Calero Diving Lanzarote","isPartOf":{"@id":"https:\/\/calerodiving.com\/#website"},"primaryImageOfPage":{"@id":"https:\/\/calerodiving.com\/recreational-sidemount-diving\/#primaryimage"},"image":{"@id":"https:\/\/calerodiving.com\/recreational-sidemount-diving\/#primaryimage"},"thumbnailUrl":"https:\/\/calerodiving.com\/wp-content\/uploads\/2017\/10\/recreational-sidemount.jpg","datePublished":"2025-09-01T12:29:16+00:00","dateModified":"2026-04-23T12:00:45+00:00","breadcrumb":{"@id":"https:\/\/calerodiving.com\/recreational-sidemount-diving\/#breadcrumb"},"inLanguage":"de","potentialAction":[{"@type":"ReadAction","target":["https:\/\/calerodiving.com\/recreational-sidemount-diving\/"]}]},{"@type":"ImageObject","inLanguage":"de","@id":"https:\/\/calerodiving.com\/recreational-sidemount-diving\/#primaryimage","url":"https:\/\/calerodiving.com\/wp-content\/uploads\/2017\/10\/recreational-sidemount.jpg","contentUrl":"https:\/\/calerodiving.com\/wp-content\/uploads\/2017\/10\/recreational-sidemount.jpg"},{"@type":"BreadcrumbList","@id":"https:\/\/calerodiving.com\/recreational-sidemount-diving\/#breadcrumb","itemListElement":[{"@type":"ListItem","position":1,"name":"Home","item":"https:\/\/calerodiving.com\/es\/"},{"@type":"ListItem","position":2,"name":"Freizeit-Sidemount-Tauchen"}]},{"@type":"WebSite","@id":"https:\/\/calerodiving.com\/#website","url":"https:\/\/calerodiving.com\/","name":"Calero Diving Lanzarote","description":"Dive Center - Marina Puerto Calero Lanzarote","publisher":{"@id":"https:\/\/calerodiving.com\/#organization"},"alternateName":"Calero Diving","potentialAction":[{"@type":"SearchAction","target":{"@type":"EntryPoint","urlTemplate":"https:\/\/calerodiving.com\/?s={search_term_string}"},"query-input":{"@type":"PropertyValueSpecification","valueRequired":true,"valueName":"search_term_string"}}],"inLanguage":"de"},{"@type":"Organization","@id":"https:\/\/calerodiving.com\/#organization","name":"Calero Diving Lanzarote","alternateName":"Calero Diving","url":"https:\/\/calerodiving.com\/","logo":{"@type":"ImageObject","inLanguage":"de","@id":"https:\/\/calerodiving.com\/#\/schema\/logo\/image\/","url":"https:\/\/calerodiving.com\/wp-content\/uploads\/2025\/05\/Grupo.png","contentUrl":"https:\/\/calerodiving.com\/wp-content\/uploads\/2025\/05\/Grupo.png","width":499,"height":590,"caption":"Calero Diving Lanzarote"},"image":{"@id":"https:\/\/calerodiving.com\/#\/schema\/logo\/image\/"},"sameAs":["https:\/\/www.facebook.com\/calerodiving\/","https:\/\/www.instagram.com\/calerodiving\/"]}]}},"_links":{"self":[{"href":"https:\/\/calerodiving.com\/de\/wp-json\/wp\/v2\/pages\/24923","targetHints":{"allow":["GET"]}}],"collection":[{"href":"https:\/\/calerodiving.com\/de\/wp-json\/wp\/v2\/pages"}],"about":[{"href":"https:\/\/calerodiving.com\/de\/wp-json\/wp\/v2\/types\/page"}],"author":[{"embeddable":true,"href":"https:\/\/calerodiving.com\/de\/wp-json\/wp\/v2\/users\/10"}],"replies":[{"embeddable":true,"href":"https:\/\/calerodiving.com\/de\/wp-json\/wp\/v2\/comments?post=24923"}],"version-history":[{"count":13,"href":"https:\/\/calerodiving.com\/de\/wp-json\/wp\/v2\/pages\/24923\/revisions"}],"predecessor-version":[{"id":28903,"href":"https:\/\/calerodiving.com\/de\/wp-json\/wp\/v2\/pages\/24923\/revisions\/28903"}],"wp:attachment":[{"href":"https:\/\/calerodiving.com\/de\/wp-json\/wp\/v2\/media?parent=24923"}],"curies":[{"name":"wp","href":"https:\/\/api.w.org\/{rel}","templated":true}]}}